{"id":23332,"date":"2025-08-23T14:53:13","date_gmt":"2025-08-23T12:53:13","guid":{"rendered":"https:\/\/voyagedelabaleine.fr\/product\/boys-sweater-green-beige\/"},"modified":"2026-01-04T14:41:20","modified_gmt":"2026-01-04T13:41:20","slug":"boys-sweater-green-beige","status":"publish","type":"product","link":"https:\/\/voyagedelabaleine.fr\/en\/product\/boys-sweater-green-beige\/","title":{"rendered":"Boy&#8217;s Sweater &#8211; Green\/Beige"},"content":{"rendered":"<h3 data-start=\"223\" data-end=\"270\">A Gentle Companion for Little Adventurers<\/h3>\n<p data-start=\"272\" data-end=\"696\">Discover our <strong data-start=\"285\" data-end=\"322\">boys&#8217; knitted sweater<\/strong>, in a <strong data-start=\"333\" data-end=\"377\">delicate green and beige combination<\/strong>, designed to accompany your child&#8217;s every day with comfort and elegance. Its <strong data-start=\"463\" data-end=\"481\">round neckline<\/strong> and <strong data-start=\"489\" data-end=\"513\">shoulder buttons<\/strong> make it easy to put on, while adding a lovely refined detail. It quickly becomes an essential in your child&#8217;s wardrobe, for neat and soft everyday outfits.<\/p>\n<h3 data-start=\"698\" data-end=\"729\">Comfort, Warmth, and Freedom<\/h3>\n<p data-start=\"731\" data-end=\"1100\">Crafted from a <strong data-start=\"753\" data-end=\"785\">wool-blend knit<\/strong>, this sweater offers just the right amount of warmth to face cool days without ever hindering your child&#8217;s movements. Its supple and soft texture is pleasant on the skin, even for sensitive skin, while allowing your little explorer to play, run, and discover the world without constraint.<\/p>\n<h3 data-start=\"1102\" data-end=\"1143\">A Poetic Hue for Everyday<\/h3>\n<p data-start=\"1145\" data-end=\"1511\">The <strong data-start=\"1148\" data-end=\"1199\">green color, combined with a luminous beige<\/strong>, brings a touch of softness and poetry to your child&#8217;s wardrobe, while easily pairing with corduroy pants, jeans, or canvas shorts. An easy-to-match sweater, to create outfits that are both practical and elegant, in the timeless spirit of Voyage de la Baleine.<\/p>\n<h3 data-start=\"1513\" data-end=\"1536\">Practical and Durable<\/h3>\n<p data-start=\"1538\" data-end=\"1858\">The <strong data-start=\"1542\" data-end=\"1566\">shoulder buttons<\/strong>, discreet and functional, allow for easy and quick head passage, to dress your child with ease. Carefully crafted in Portugal, this sweater is designed to last and withstand repeated washes, while retaining its softness and the vibrancy of its colors, season after season.<\/p>\n<h3 data-start=\"1860\" data-end=\"1900\">A Companion for all Seasons<\/h3>\n<p data-start=\"1902\" data-end=\"2293\">Perfect in winter under a coat or in spring for cool mornings, this <strong data-start=\"1977\" data-end=\"2006\">green\/beige knitted sweater<\/strong> will quickly become an essential piece to accompany your child during family outings, school days, or playtime at home. Its comfortable fit, delicate shades, and soft knit make it a garment that combines practicality, warmth, and refinement.<\/p>\n<p data-start=\"2300\" data-end=\"2620\"><em>Offer him a sweater that will accompany him on all his adventures, while bringing a touch of timeless style, softness, and comfort to his days. <\/em><\/p>\n<p data-start=\"2300\" data-end=\"2620\">Made in Portugal.<\/p>\n","protected":false},"excerpt":{"rendered":"<ul>\n<li>Round neckline<\/li>\n<li>Fastened with a shoulder button placket<\/li>\n<li>Made in Portugal<br \/>\n<em>This sweater fits true to size. Choose your usual size.<\/em><\/li>\n<\/ul>\n","protected":false},"featured_media":20357,"comment_status":"open","ping_status":"closed","template":"","meta":{"ocean_post_layout":"","ocean_both_sidebars_style":"","ocean_both_sidebars_content_width":0,"ocean_both_sidebars_sidebars_width":0,"ocean_sidebar":"0","ocean_second_sidebar":"0","ocean_disable_margins":"enable","ocean_add_body_class":"","ocean_shortcode_before_top_bar":"","ocean_shortcode_after_top_bar":"","ocean_shortcode_before_header":"","ocean_shortcode_after_header":"","ocean_has_shortcode":"","ocean_shortcode_after_title":"","ocean_shortcode_before_footer_widgets":"","ocean_shortcode_after_footer_widgets":"","ocean_shortcode_before_footer_bottom":"","ocean_shortcode_after_footer_bottom":"","ocean_display_top_bar":"default","ocean_display_header":"default","ocean_header_style":"","ocean_center_header_left_menu":"0","ocean_custom_header_template":"0","ocean_custom_logo":0,"ocean_custom_retina_logo":0,"ocean_custom_logo_max_width":0,"ocean_custom_logo_tablet_max_width":0,"ocean_custom_logo_mobile_max_width":0,"ocean_custom_logo_max_height":0,"ocean_custom_logo_tablet_max_height":0,"ocean_custom_logo_mobile_max_height":0,"ocean_header_custom_menu":"0","ocean_menu_typo_font_family":"0","ocean_menu_typo_font_subset":"","ocean_menu_typo_font_size":0,"ocean_menu_typo_font_size_tablet":0,"ocean_menu_typo_font_size_mobile":0,"ocean_menu_typo_font_size_unit":"px","ocean_menu_typo_font_weight":"","ocean_menu_typo_font_weight_tablet":"","ocean_menu_typo_font_weight_mobile":"","ocean_menu_typo_transform":"","ocean_menu_typo_transform_tablet":"","ocean_menu_typo_transform_mobile":"","ocean_menu_typo_line_height":0,"ocean_menu_typo_line_height_tablet":0,"ocean_menu_typo_line_height_mobile":0,"ocean_menu_typo_line_height_unit":"","ocean_menu_typo_spacing":0,"ocean_menu_typo_spacing_tablet":0,"ocean_menu_typo_spacing_mobile":0,"ocean_menu_typo_spacing_unit":"","ocean_menu_link_color":"","ocean_menu_link_color_hover":"","ocean_menu_link_color_active":"","ocean_menu_link_background":"","ocean_menu_link_hover_background":"","ocean_menu_link_active_background":"","ocean_menu_social_links_bg":"","ocean_menu_social_hover_links_bg":"","ocean_menu_social_links_color":"","ocean_menu_social_hover_links_color":"","ocean_disable_title":"default","ocean_disable_heading":"default","ocean_post_title":"","ocean_post_subheading":"","ocean_post_title_style":"","ocean_post_title_background_color":"","ocean_post_title_background":0,"ocean_post_title_bg_image_position":"","ocean_post_title_bg_image_attachment":"","ocean_post_title_bg_image_repeat":"","ocean_post_title_bg_image_size":"","ocean_post_title_height":0,"ocean_post_title_bg_overlay":0.5,"ocean_post_title_bg_overlay_color":"","ocean_disable_breadcrumbs":"default","ocean_breadcrumbs_color":"","ocean_breadcrumbs_separator_color":"","ocean_breadcrumbs_links_color":"","ocean_breadcrumbs_links_hover_color":"","ocean_display_footer_widgets":"default","ocean_display_footer_bottom":"default","ocean_custom_footer_template":"0","osh_disable_topbar_sticky":"default","osh_disable_header_sticky":"default","osh_sticky_header_style":"default","osh_sticky_header_effect":"","osh_custom_sticky_logo":0,"osh_custom_retina_sticky_logo":0,"osh_custom_sticky_logo_height":0,"osh_background_color":"","osh_links_color":"","osh_links_hover_color":"","osh_links_active_color":"","osh_links_bg_color":"","osh_links_hover_bg_color":"","osh_links_active_bg_color":"","osh_menu_social_links_color":"","osh_menu_social_hover_links_color":""},"product_brand":[],"product_cat":[6633,6644,6668,6677,6718],"product_tag":[],"class_list":{"0":"post-23332","1":"product","2":"type-product","3":"status-publish","4":"has-post-thumbnail","6":"product_cat-baby-boy-sweater-vest-cardigan","7":"product_cat-baby-sweater-vest-cardigan","8":"product_cat-boy-sweater-vest-cardigan","9":"product_cat-child-sweater-vest-cardigan","10":"product_cat-clothing","12":"entry","13":"has-media","15":"first","16":"instock","17":"taxable","18":"shipping-taxable","19":"purchasable","20":"product-type-variable","21":"has-default-attributes","22":"col","23":"span_1_of_3","24":"owp-content-center","25":"owp-thumbs-layout-vertical","26":"owp-btn-big","27":"owp-tabs-layout-vertical","28":"circle-sale"},"yoast_head":"<!-- This site is optimized with the Yoast SEO plugin v27.1.1 - https:\/\/yoast.com\/product\/yoast-seo-wordpress\/ -->\n<title>Boy&#039;s Sweater - Green\/Beige - Voyage de la Baleine<\/title>\n<meta name=\"description\" content=\"Discover our knitted sweater for boys, in a delicate green and beige combination, designed to accompany your child through every day.\" \/>\n<meta name=\"robots\" content=\"index, follow, max-snippet:-1, max-image-preview:large, max-video-preview:-1\" \/>\n<link rel=\"canonical\" href=\"https:\/\/voyagedelabaleine.fr\/en\/product\/boys-sweater-green-beige\/\" \/>\n<meta property=\"og:locale\" content=\"en_US\" \/>\n<meta property=\"og:type\" content=\"article\" \/>\n<meta property=\"og:title\" content=\"Boy&#039;s Sweater - Green\/Beige - Voyage de la Baleine\" \/>\n<meta property=\"og:description\" content=\"Discover our knitted sweater for boys, in a delicate green and beige combination, designed to accompany your child through every day.\" \/>\n<meta property=\"og:url\" content=\"https:\/\/voyagedelabaleine.fr\/en\/product\/boys-sweater-green-beige\/\" \/>\n<meta property=\"og:site_name\" content=\"Voyage de la Baleine\" \/>\n<meta property=\"article:publisher\" content=\"https:\/\/www.facebook.com\/voyagedelabaleine\/\" \/>\n<meta property=\"article:modified_time\" content=\"2026-01-04T13:41:20+00:00\" \/>\n<meta property=\"og:image\" content=\"https:\/\/voyagedelabaleine.fr\/wp-content\/uploads\/2025\/07\/pull-garcon-bicolore-vert-beige.jpg\" \/>\n\t<meta property=\"og:image:width\" content=\"1000\" \/>\n\t<meta property=\"og:image:height\" content=\"1334\" \/>\n\t<meta property=\"og:image:type\" content=\"image\/jpeg\" \/>\n<meta name=\"twitter:card\" content=\"summary_large_image\" \/>\n<meta name=\"twitter:label1\" content=\"Est. reading time\" \/>\n\t<meta name=\"twitter:data1\" content=\"2 minutes\" \/>\n<script type=\"application\/ld+json\" class=\"yoast-schema-graph\">{\"@context\":\"https:\/\/schema.org\",\"@graph\":[{\"@type\":\"WebPage\",\"@id\":\"https:\/\/voyagedelabaleine.fr\/en\/product\/boys-sweater-green-beige\/\",\"url\":\"https:\/\/voyagedelabaleine.fr\/en\/product\/boys-sweater-green-beige\/\",\"name\":\"Boy's Sweater - Green\/Beige - Voyage de la Baleine\",\"isPartOf\":{\"@id\":\"https:\/\/voyagedelabaleine.fr\/en\/#website\"},\"primaryImageOfPage\":{\"@id\":\"https:\/\/voyagedelabaleine.fr\/en\/product\/boys-sweater-green-beige\/#primaryimage\"},\"image\":{\"@id\":\"https:\/\/voyagedelabaleine.fr\/en\/product\/boys-sweater-green-beige\/#primaryimage\"},\"thumbnailUrl\":\"https:\/\/voyagedelabaleine.fr\/wp-content\/uploads\/2025\/07\/pull-garcon-bicolore-vert-beige.jpg\",\"datePublished\":\"2025-08-23T12:53:13+00:00\",\"dateModified\":\"2026-01-04T13:41:20+00:00\",\"description\":\"Discover our knitted sweater for boys, in a delicate green and beige combination, designed to accompany your child through every day.\",\"breadcrumb\":{\"@id\":\"https:\/\/voyagedelabaleine.fr\/en\/product\/boys-sweater-green-beige\/#breadcrumb\"},\"inLanguage\":\"en-US\",\"potentialAction\":[{\"@type\":\"ReadAction\",\"target\":[\"https:\/\/voyagedelabaleine.fr\/en\/product\/boys-sweater-green-beige\/\"]}]},{\"@type\":\"ImageObject\",\"inLanguage\":\"en-US\",\"@id\":\"https:\/\/voyagedelabaleine.fr\/en\/product\/boys-sweater-green-beige\/#primaryimage\",\"url\":\"https:\/\/voyagedelabaleine.fr\/wp-content\/uploads\/2025\/07\/pull-garcon-bicolore-vert-beige.jpg\",\"contentUrl\":\"https:\/\/voyagedelabaleine.fr\/wp-content\/uploads\/2025\/07\/pull-garcon-bicolore-vert-beige.jpg\",\"width\":1000,\"height\":1334,\"caption\":\"Pull enfant gar\u00e7on bicolore vert et beige \u00e0 encolure ronde port\u00e9 par un enfant\"},{\"@type\":\"BreadcrumbList\",\"@id\":\"https:\/\/voyagedelabaleine.fr\/en\/product\/boys-sweater-green-beige\/#breadcrumb\",\"itemListElement\":[{\"@type\":\"ListItem\",\"position\":1,\"name\":\"Accueil\",\"item\":\"https:\/\/voyagedelabaleine.fr\/en\/timeless-refined-clothing-babies-children\/\"},{\"@type\":\"ListItem\",\"position\":2,\"name\":\"All collection\",\"item\":\"https:\/\/voyagedelabaleine.fr\/en\/shop\/\"},{\"@type\":\"ListItem\",\"position\":3,\"name\":\"Boy&#8217;s Sweater &#8211; Green\/Beige\"}]},{\"@type\":\"WebSite\",\"@id\":\"https:\/\/voyagedelabaleine.fr\/en\/#website\",\"url\":\"https:\/\/voyagedelabaleine.fr\/en\/\",\"name\":\"Voyage de la Baleine\",\"description\":\"V\u00eatements intemporels et raffin\u00e9s pour b\u00e9b\u00e9s et enfants\",\"publisher\":{\"@id\":\"https:\/\/voyagedelabaleine.fr\/en\/#organization\"},\"potentialAction\":[{\"@type\":\"SearchAction\",\"target\":{\"@type\":\"EntryPoint\",\"urlTemplate\":\"https:\/\/voyagedelabaleine.fr\/en\/?s={search_term_string}\"},\"query-input\":{\"@type\":\"PropertyValueSpecification\",\"valueRequired\":true,\"valueName\":\"search_term_string\"}}],\"inLanguage\":\"en-US\"},{\"@type\":\"Organization\",\"@id\":\"https:\/\/voyagedelabaleine.fr\/en\/#organization\",\"name\":\"Voyage de la Baleine\",\"url\":\"https:\/\/voyagedelabaleine.fr\/en\/\",\"logo\":{\"@type\":\"ImageObject\",\"inLanguage\":\"en-US\",\"@id\":\"https:\/\/voyagedelabaleine.fr\/en\/#\/schema\/logo\/image\/\",\"url\":\"https:\/\/voyagedelabaleine.fr\/wp-content\/uploads\/2025\/06\/logo.webp\",\"contentUrl\":\"https:\/\/voyagedelabaleine.fr\/wp-content\/uploads\/2025\/06\/logo.webp\",\"width\":153,\"height\":64,\"caption\":\"Voyage de la Baleine\"},\"image\":{\"@id\":\"https:\/\/voyagedelabaleine.fr\/en\/#\/schema\/logo\/image\/\"},\"sameAs\":[\"https:\/\/www.facebook.com\/voyagedelabaleine\/\",\"https:\/\/www.instagram.com\/voyagedelabaleine\/\",\"https:\/\/www.pinterest.fr\/Voyagedelabaleine\/\"]}]}<\/script>\n<!-- \/ Yoast SEO plugin. -->","yoast_head_json":{"title":"Boy's Sweater - Green\/Beige - Voyage de la Baleine","description":"Discover our knitted sweater for boys, in a delicate green and beige combination, designed to accompany your child through every day.","robots":{"index":"index","follow":"follow","max-snippet":"max-snippet:-1","max-image-preview":"max-image-preview:large","max-video-preview":"max-video-preview:-1"},"canonical":"https:\/\/voyagedelabaleine.fr\/en\/product\/boys-sweater-green-beige\/","og_locale":"en_US","og_type":"article","og_title":"Boy's Sweater - Green\/Beige - Voyage de la Baleine","og_description":"Discover our knitted sweater for boys, in a delicate green and beige combination, designed to accompany your child through every day.","og_url":"https:\/\/voyagedelabaleine.fr\/en\/product\/boys-sweater-green-beige\/","og_site_name":"Voyage de la Baleine","article_publisher":"https:\/\/www.facebook.com\/voyagedelabaleine\/","article_modified_time":"2026-01-04T13:41:20+00:00","og_image":[{"width":1000,"height":1334,"url":"https:\/\/voyagedelabaleine.fr\/wp-content\/uploads\/2025\/07\/pull-garcon-bicolore-vert-beige.jpg","type":"image\/jpeg"}],"twitter_card":"summary_large_image","twitter_misc":{"Est. reading time":"2 minutes"},"schema":{"@context":"https:\/\/schema.org","@graph":[{"@type":"WebPage","@id":"https:\/\/voyagedelabaleine.fr\/en\/product\/boys-sweater-green-beige\/","url":"https:\/\/voyagedelabaleine.fr\/en\/product\/boys-sweater-green-beige\/","name":"Boy's Sweater - Green\/Beige - Voyage de la Baleine","isPartOf":{"@id":"https:\/\/voyagedelabaleine.fr\/en\/#website"},"primaryImageOfPage":{"@id":"https:\/\/voyagedelabaleine.fr\/en\/product\/boys-sweater-green-beige\/#primaryimage"},"image":{"@id":"https:\/\/voyagedelabaleine.fr\/en\/product\/boys-sweater-green-beige\/#primaryimage"},"thumbnailUrl":"https:\/\/voyagedelabaleine.fr\/wp-content\/uploads\/2025\/07\/pull-garcon-bicolore-vert-beige.jpg","datePublished":"2025-08-23T12:53:13+00:00","dateModified":"2026-01-04T13:41:20+00:00","description":"Discover our knitted sweater for boys, in a delicate green and beige combination, designed to accompany your child through every day.","breadcrumb":{"@id":"https:\/\/voyagedelabaleine.fr\/en\/product\/boys-sweater-green-beige\/#breadcrumb"},"inLanguage":"en-US","potentialAction":[{"@type":"ReadAction","target":["https:\/\/voyagedelabaleine.fr\/en\/product\/boys-sweater-green-beige\/"]}]},{"@type":"ImageObject","inLanguage":"en-US","@id":"https:\/\/voyagedelabaleine.fr\/en\/product\/boys-sweater-green-beige\/#primaryimage","url":"https:\/\/voyagedelabaleine.fr\/wp-content\/uploads\/2025\/07\/pull-garcon-bicolore-vert-beige.jpg","contentUrl":"https:\/\/voyagedelabaleine.fr\/wp-content\/uploads\/2025\/07\/pull-garcon-bicolore-vert-beige.jpg","width":1000,"height":1334,"caption":"Pull enfant gar\u00e7on bicolore vert et beige \u00e0 encolure ronde port\u00e9 par un enfant"},{"@type":"BreadcrumbList","@id":"https:\/\/voyagedelabaleine.fr\/en\/product\/boys-sweater-green-beige\/#breadcrumb","itemListElement":[{"@type":"ListItem","position":1,"name":"Accueil","item":"https:\/\/voyagedelabaleine.fr\/en\/timeless-refined-clothing-babies-children\/"},{"@type":"ListItem","position":2,"name":"All collection","item":"https:\/\/voyagedelabaleine.fr\/en\/shop\/"},{"@type":"ListItem","position":3,"name":"Boy&#8217;s Sweater &#8211; Green\/Beige"}]},{"@type":"WebSite","@id":"https:\/\/voyagedelabaleine.fr\/en\/#website","url":"https:\/\/voyagedelabaleine.fr\/en\/","name":"Voyage de la Baleine","description":"V\u00eatements intemporels et raffin\u00e9s pour b\u00e9b\u00e9s et enfants","publisher":{"@id":"https:\/\/voyagedelabaleine.fr\/en\/#organization"},"potentialAction":[{"@type":"SearchAction","target":{"@type":"EntryPoint","urlTemplate":"https:\/\/voyagedelabaleine.fr\/en\/?s={search_term_string}"},"query-input":{"@type":"PropertyValueSpecification","valueRequired":true,"valueName":"search_term_string"}}],"inLanguage":"en-US"},{"@type":"Organization","@id":"https:\/\/voyagedelabaleine.fr\/en\/#organization","name":"Voyage de la Baleine","url":"https:\/\/voyagedelabaleine.fr\/en\/","logo":{"@type":"ImageObject","inLanguage":"en-US","@id":"https:\/\/voyagedelabaleine.fr\/en\/#\/schema\/logo\/image\/","url":"https:\/\/voyagedelabaleine.fr\/wp-content\/uploads\/2025\/06\/logo.webp","contentUrl":"https:\/\/voyagedelabaleine.fr\/wp-content\/uploads\/2025\/06\/logo.webp","width":153,"height":64,"caption":"Voyage de la Baleine"},"image":{"@id":"https:\/\/voyagedelabaleine.fr\/en\/#\/schema\/logo\/image\/"},"sameAs":["https:\/\/www.facebook.com\/voyagedelabaleine\/","https:\/\/www.instagram.com\/voyagedelabaleine\/","https:\/\/www.pinterest.fr\/Voyagedelabaleine\/"]}]}},"_links":{"self":[{"href":"https:\/\/voyagedelabaleine.fr\/en\/wp-json\/wp\/v2\/product\/23332","targetHints":{"allow":["GET"]}}],"collection":[{"href":"https:\/\/voyagedelabaleine.fr\/en\/wp-json\/wp\/v2\/product"}],"about":[{"href":"https:\/\/voyagedelabaleine.fr\/en\/wp-json\/wp\/v2\/types\/product"}],"replies":[{"embeddable":true,"href":"https:\/\/voyagedelabaleine.fr\/en\/wp-json\/wp\/v2\/comments?post=23332"}],"wp:featuredmedia":[{"embeddable":true,"href":"https:\/\/voyagedelabaleine.fr\/en\/wp-json\/wp\/v2\/media\/20357"}],"wp:attachment":[{"href":"https:\/\/voyagedelabaleine.fr\/en\/wp-json\/wp\/v2\/media?parent=23332"}],"wp:term":[{"taxonomy":"product_brand","embeddable":true,"href":"https:\/\/voyagedelabaleine.fr\/en\/wp-json\/wp\/v2\/product_brand?post=23332"},{"taxonomy":"product_cat","embeddable":true,"href":"https:\/\/voyagedelabaleine.fr\/en\/wp-json\/wp\/v2\/product_cat?post=23332"},{"taxonomy":"product_tag","embeddable":true,"href":"https:\/\/voyagedelabaleine.fr\/en\/wp-json\/wp\/v2\/product_tag?post=23332"}],"curies":[{"name":"wp","href":"https:\/\/api.w.org\/{rel}","templated":true}]}}