{"id":24474,"date":"2025-11-04T15:10:42","date_gmt":"2025-11-04T14:10:42","guid":{"rendered":"https:\/\/voyagedelabaleine.fr\/product\/tartan-baby-bloomer-blue\/"},"modified":"2025-11-04T15:10:42","modified_gmt":"2025-11-04T14:10:42","slug":"tartan-baby-bloomer-blue","status":"publish","type":"product","link":"https:\/\/voyagedelabaleine.fr\/en\/product\/tartan-baby-bloomer-blue\/","title":{"rendered":"Tartan baby bloomer &#8211; Blue"},"content":{"rendered":"<h3 data-start=\"229\" data-end=\"257\">A touch of retro childhood<\/h3>\n<p data-start=\"259\" data-end=\"631\">Our <strong data-start=\"262\" data-end=\"287\">blue tartan bloomer<\/strong> captures the spirit of a sweet and free childhood, with its timeless checks reminiscent of fireside stories, snacks at grandparents&#8217; houses, or garden explorations. This traditional pattern, revisited in delicate blue shades, adds a touch of character while remaining easy to match for everyday wear. <\/p>\n<h3 data-start=\"638\" data-end=\"669\">Effortless comfort<\/h3>\n<p data-start=\"671\" data-end=\"1065\">Thanks to its <strong data-start=\"682\" data-end=\"719\">elasticated waist and leg openings<\/strong>, this bloomer offers baby complete freedom of movement while ensuring a comfortable fit. It adapts to movements without ever constricting, allowing baby to discover the world, play, or rest in complete peace. Its generous cut provides room for a diaper while maintaining an elegant and childlike puffy silhouette.  <\/p>\n<h3 data-start=\"1072\" data-end=\"1113\">A year-round essential<\/h3>\n<p data-start=\"1115\" data-end=\"1529\">This tartan bloomer can be easily worn in all seasons: with wool tights and a soft cardigan during cooler months, or bare-legged with a <strong data-start=\"1271\" data-end=\"1285\">light bodysuit<\/strong> at the first signs of sun. It pairs perfectly with our <strong data-start=\"1355\" data-end=\"1417\">wool cardigans, cotton sweaters, and ruffled-collar bodysuits<\/strong> to effortlessly create varied outfits, suitable for walks as well as relaxing moments at home. <\/p>\n<h3 data-start=\"1536\" data-end=\"1575\">Voyage de la Baleine Authenticity<\/h3>\n<p data-start=\"1577\" data-end=\"1893\">At Voyage de la Baleine, each piece is designed to honor childhood with simplicity and refinement. This bloomer is a beautiful example: a garment that accompanies baby in their adventures while adding a touch of poetry to everyday life, true to our commitment to an elegant and sincere children&#8217;s wardrobe. <\/p>\n<p data-start=\"1900\" data-end=\"2050\"><em data-start=\"1900\" data-end=\"2050\">This tartan bloomer is a piece to keep and pass down, extending the sweetness of childhood in every little moment of daily life.<\/em><\/p>\n<p data-start=\"2052\" data-end=\"2071\">Made in Spain.<\/p>\n","protected":false},"excerpt":{"rendered":"<ul>\n<li>Elasticated waist and leg openings<\/li>\n<li>100% cotton<\/li>\n<li>Made in Spain<br \/>\n<em>This bloomer fits true to size. Choose your usual size.<\/em><\/li>\n<\/ul>\n","protected":false},"featured_media":22170,"comment_status":"open","ping_status":"closed","template":"","meta":{"ocean_post_layout":"","ocean_both_sidebars_style":"","ocean_both_sidebars_content_width":0,"ocean_both_sidebars_sidebars_width":0,"ocean_sidebar":"0","ocean_second_sidebar":"0","ocean_disable_margins":"enable","ocean_add_body_class":"","ocean_shortcode_before_top_bar":"","ocean_shortcode_after_top_bar":"","ocean_shortcode_before_header":"","ocean_shortcode_after_header":"","ocean_has_shortcode":"","ocean_shortcode_after_title":"","ocean_shortcode_before_footer_widgets":"","ocean_shortcode_after_footer_widgets":"","ocean_shortcode_before_footer_bottom":"","ocean_shortcode_after_footer_bottom":"","ocean_display_top_bar":"default","ocean_display_header":"default","ocean_header_style":"","ocean_center_header_left_menu":"0","ocean_custom_header_template":"0","ocean_custom_logo":0,"ocean_custom_retina_logo":0,"ocean_custom_logo_max_width":0,"ocean_custom_logo_tablet_max_width":0,"ocean_custom_logo_mobile_max_width":0,"ocean_custom_logo_max_height":0,"ocean_custom_logo_tablet_max_height":0,"ocean_custom_logo_mobile_max_height":0,"ocean_header_custom_menu":"0","ocean_menu_typo_font_family":"0","ocean_menu_typo_font_subset":"","ocean_menu_typo_font_size":0,"ocean_menu_typo_font_size_tablet":0,"ocean_menu_typo_font_size_mobile":0,"ocean_menu_typo_font_size_unit":"px","ocean_menu_typo_font_weight":"","ocean_menu_typo_font_weight_tablet":"","ocean_menu_typo_font_weight_mobile":"","ocean_menu_typo_transform":"","ocean_menu_typo_transform_tablet":"","ocean_menu_typo_transform_mobile":"","ocean_menu_typo_line_height":0,"ocean_menu_typo_line_height_tablet":0,"ocean_menu_typo_line_height_mobile":0,"ocean_menu_typo_line_height_unit":"","ocean_menu_typo_spacing":0,"ocean_menu_typo_spacing_tablet":0,"ocean_menu_typo_spacing_mobile":0,"ocean_menu_typo_spacing_unit":"","ocean_menu_link_color":"","ocean_menu_link_color_hover":"","ocean_menu_link_color_active":"","ocean_menu_link_background":"","ocean_menu_link_hover_background":"","ocean_menu_link_active_background":"","ocean_menu_social_links_bg":"","ocean_menu_social_hover_links_bg":"","ocean_menu_social_links_color":"","ocean_menu_social_hover_links_color":"","ocean_disable_title":"default","ocean_disable_heading":"default","ocean_post_title":"","ocean_post_subheading":"","ocean_post_title_style":"","ocean_post_title_background_color":"","ocean_post_title_background":0,"ocean_post_title_bg_image_position":"","ocean_post_title_bg_image_attachment":"","ocean_post_title_bg_image_repeat":"","ocean_post_title_bg_image_size":"","ocean_post_title_height":0,"ocean_post_title_bg_overlay":0.5,"ocean_post_title_bg_overlay_color":"","ocean_disable_breadcrumbs":"default","ocean_breadcrumbs_color":"","ocean_breadcrumbs_separator_color":"","ocean_breadcrumbs_links_color":"","ocean_breadcrumbs_links_hover_color":"","ocean_display_footer_widgets":"default","ocean_display_footer_bottom":"default","ocean_custom_footer_template":"0","osh_disable_topbar_sticky":"default","osh_disable_header_sticky":"default","osh_sticky_header_style":"default","osh_sticky_header_effect":"","osh_custom_sticky_logo":0,"osh_custom_retina_sticky_logo":0,"osh_custom_sticky_logo_height":0,"osh_background_color":"","osh_links_color":"","osh_links_hover_color":"","osh_links_active_color":"","osh_links_bg_color":"","osh_links_hover_bg_color":"","osh_links_active_bg_color":"","osh_menu_social_links_color":"","osh_menu_social_hover_links_color":""},"product_brand":[],"product_cat":[6640,6626,6613,6718,6711,6700,6689],"product_tag":[],"class_list":{"0":"post-24474","1":"product","2":"type-product","3":"status-publish","4":"has-post-thumbnail","6":"product_cat-baby-bloomer-shorts-trousers","7":"product_cat-baby-boy-bloomer-shorts-trousers","8":"product_cat-baby-girl-bloomer-shorts-trousers","9":"product_cat-clothing","10":"product_cat-newborn-bloomer-shorts-and-pants","11":"product_cat-newborn-boy-bloomers-shorts-pants","12":"product_cat-newborn-girl-bloomers-shorts-pants","14":"entry","15":"has-media","17":"first","18":"instock","19":"taxable","20":"shipping-taxable","21":"purchasable","22":"product-type-variable","23":"has-default-attributes","24":"col","25":"span_1_of_3","26":"owp-content-center","27":"owp-thumbs-layout-vertical","28":"owp-btn-big","29":"owp-tabs-layout-vertical","30":"circle-sale"},"yoast_head":"<!-- This site is optimized with the Yoast SEO plugin v27.1.1 - https:\/\/yoast.com\/product\/yoast-seo-wordpress\/ -->\n<title>Tartan baby bloomer - Blue - Voyage de la Baleine<\/title>\n<meta name=\"description\" content=\"Our blue tartan bloomer captures the spirit of a sweet and free childhood, with its timeless checks reminiscent of fireside stories.\" \/>\n<meta name=\"robots\" content=\"index, follow, max-snippet:-1, max-image-preview:large, max-video-preview:-1\" \/>\n<link rel=\"canonical\" href=\"https:\/\/voyagedelabaleine.fr\/en\/product\/tartan-baby-bloomer-blue\/\" \/>\n<meta property=\"og:locale\" content=\"en_US\" \/>\n<meta property=\"og:type\" content=\"article\" \/>\n<meta property=\"og:title\" content=\"Tartan baby bloomer - Blue - Voyage de la Baleine\" \/>\n<meta property=\"og:description\" content=\"Our blue tartan bloomer captures the spirit of a sweet and free childhood, with its timeless checks reminiscent of fireside stories.\" \/>\n<meta property=\"og:url\" content=\"https:\/\/voyagedelabaleine.fr\/en\/product\/tartan-baby-bloomer-blue\/\" \/>\n<meta property=\"og:site_name\" content=\"Voyage de la Baleine\" \/>\n<meta property=\"article:publisher\" content=\"https:\/\/www.facebook.com\/voyagedelabaleine\/\" \/>\n<meta property=\"og:image\" content=\"https:\/\/voyagedelabaleine.fr\/wp-content\/uploads\/2025\/11\/bloomer-bebe-ecossais-vert-2-scaled.jpg\" \/>\n\t<meta property=\"og:image:width\" content=\"1537\" \/>\n\t<meta property=\"og:image:height\" content=\"2048\" \/>\n\t<meta property=\"og:image:type\" content=\"image\/jpeg\" \/>\n<meta name=\"twitter:card\" content=\"summary_large_image\" \/>\n<meta name=\"twitter:label1\" content=\"Est. reading time\" \/>\n\t<meta name=\"twitter:data1\" content=\"1 minute\" \/>\n<script type=\"application\/ld+json\" class=\"yoast-schema-graph\">{\"@context\":\"https:\/\/schema.org\",\"@graph\":[{\"@type\":\"WebPage\",\"@id\":\"https:\/\/voyagedelabaleine.fr\/en\/product\/tartan-baby-bloomer-blue\/\",\"url\":\"https:\/\/voyagedelabaleine.fr\/en\/product\/tartan-baby-bloomer-blue\/\",\"name\":\"Tartan baby bloomer - Blue - Voyage de la Baleine\",\"isPartOf\":{\"@id\":\"https:\/\/voyagedelabaleine.fr\/en\/#website\"},\"primaryImageOfPage\":{\"@id\":\"https:\/\/voyagedelabaleine.fr\/en\/product\/tartan-baby-bloomer-blue\/#primaryimage\"},\"image\":{\"@id\":\"https:\/\/voyagedelabaleine.fr\/en\/product\/tartan-baby-bloomer-blue\/#primaryimage\"},\"thumbnailUrl\":\"https:\/\/voyagedelabaleine.fr\/wp-content\/uploads\/2025\/11\/bloomer-bebe-ecossais-vert-2-scaled.jpg\",\"datePublished\":\"2025-11-04T14:10:42+00:00\",\"description\":\"Our blue tartan bloomer captures the spirit of a sweet and free childhood, with its timeless checks reminiscent of fireside stories.\",\"breadcrumb\":{\"@id\":\"https:\/\/voyagedelabaleine.fr\/en\/product\/tartan-baby-bloomer-blue\/#breadcrumb\"},\"inLanguage\":\"en-US\",\"potentialAction\":[{\"@type\":\"ReadAction\",\"target\":[\"https:\/\/voyagedelabaleine.fr\/en\/product\/tartan-baby-bloomer-blue\/\"]}]},{\"@type\":\"ImageObject\",\"inLanguage\":\"en-US\",\"@id\":\"https:\/\/voyagedelabaleine.fr\/en\/product\/tartan-baby-bloomer-blue\/#primaryimage\",\"url\":\"https:\/\/voyagedelabaleine.fr\/wp-content\/uploads\/2025\/11\/bloomer-bebe-ecossais-vert-2-scaled.jpg\",\"contentUrl\":\"https:\/\/voyagedelabaleine.fr\/wp-content\/uploads\/2025\/11\/bloomer-bebe-ecossais-vert-2-scaled.jpg\",\"width\":1537,\"height\":2048,\"caption\":\"Bloomer b\u00e9b\u00e9 \u00e9cossais bleu marine\"},{\"@type\":\"BreadcrumbList\",\"@id\":\"https:\/\/voyagedelabaleine.fr\/en\/product\/tartan-baby-bloomer-blue\/#breadcrumb\",\"itemListElement\":[{\"@type\":\"ListItem\",\"position\":1,\"name\":\"Accueil\",\"item\":\"https:\/\/voyagedelabaleine.fr\/en\/timeless-refined-clothing-babies-children\/\"},{\"@type\":\"ListItem\",\"position\":2,\"name\":\"All collection\",\"item\":\"https:\/\/voyagedelabaleine.fr\/en\/shop\/\"},{\"@type\":\"ListItem\",\"position\":3,\"name\":\"Tartan baby bloomer &#8211; Blue\"}]},{\"@type\":\"WebSite\",\"@id\":\"https:\/\/voyagedelabaleine.fr\/en\/#website\",\"url\":\"https:\/\/voyagedelabaleine.fr\/en\/\",\"name\":\"Voyage de la Baleine\",\"description\":\"V\u00eatements intemporels et raffin\u00e9s pour b\u00e9b\u00e9s et enfants\",\"publisher\":{\"@id\":\"https:\/\/voyagedelabaleine.fr\/en\/#organization\"},\"potentialAction\":[{\"@type\":\"SearchAction\",\"target\":{\"@type\":\"EntryPoint\",\"urlTemplate\":\"https:\/\/voyagedelabaleine.fr\/en\/?s={search_term_string}\"},\"query-input\":{\"@type\":\"PropertyValueSpecification\",\"valueRequired\":true,\"valueName\":\"search_term_string\"}}],\"inLanguage\":\"en-US\"},{\"@type\":\"Organization\",\"@id\":\"https:\/\/voyagedelabaleine.fr\/en\/#organization\",\"name\":\"Voyage de la Baleine\",\"url\":\"https:\/\/voyagedelabaleine.fr\/en\/\",\"logo\":{\"@type\":\"ImageObject\",\"inLanguage\":\"en-US\",\"@id\":\"https:\/\/voyagedelabaleine.fr\/en\/#\/schema\/logo\/image\/\",\"url\":\"https:\/\/voyagedelabaleine.fr\/wp-content\/uploads\/2025\/06\/logo.webp\",\"contentUrl\":\"https:\/\/voyagedelabaleine.fr\/wp-content\/uploads\/2025\/06\/logo.webp\",\"width\":153,\"height\":64,\"caption\":\"Voyage de la Baleine\"},\"image\":{\"@id\":\"https:\/\/voyagedelabaleine.fr\/en\/#\/schema\/logo\/image\/\"},\"sameAs\":[\"https:\/\/www.facebook.com\/voyagedelabaleine\/\",\"https:\/\/www.instagram.com\/voyagedelabaleine\/\",\"https:\/\/www.pinterest.fr\/Voyagedelabaleine\/\"]}]}<\/script>\n<!-- \/ Yoast SEO plugin. -->","yoast_head_json":{"title":"Tartan baby bloomer - Blue - Voyage de la Baleine","description":"Our blue tartan bloomer captures the spirit of a sweet and free childhood, with its timeless checks reminiscent of fireside stories.","robots":{"index":"index","follow":"follow","max-snippet":"max-snippet:-1","max-image-preview":"max-image-preview:large","max-video-preview":"max-video-preview:-1"},"canonical":"https:\/\/voyagedelabaleine.fr\/en\/product\/tartan-baby-bloomer-blue\/","og_locale":"en_US","og_type":"article","og_title":"Tartan baby bloomer - Blue - Voyage de la Baleine","og_description":"Our blue tartan bloomer captures the spirit of a sweet and free childhood, with its timeless checks reminiscent of fireside stories.","og_url":"https:\/\/voyagedelabaleine.fr\/en\/product\/tartan-baby-bloomer-blue\/","og_site_name":"Voyage de la Baleine","article_publisher":"https:\/\/www.facebook.com\/voyagedelabaleine\/","og_image":[{"width":1537,"height":2048,"url":"https:\/\/voyagedelabaleine.fr\/wp-content\/uploads\/2025\/11\/bloomer-bebe-ecossais-vert-2-scaled.jpg","type":"image\/jpeg"}],"twitter_card":"summary_large_image","twitter_misc":{"Est. reading time":"1 minute"},"schema":{"@context":"https:\/\/schema.org","@graph":[{"@type":"WebPage","@id":"https:\/\/voyagedelabaleine.fr\/en\/product\/tartan-baby-bloomer-blue\/","url":"https:\/\/voyagedelabaleine.fr\/en\/product\/tartan-baby-bloomer-blue\/","name":"Tartan baby bloomer - Blue - Voyage de la Baleine","isPartOf":{"@id":"https:\/\/voyagedelabaleine.fr\/en\/#website"},"primaryImageOfPage":{"@id":"https:\/\/voyagedelabaleine.fr\/en\/product\/tartan-baby-bloomer-blue\/#primaryimage"},"image":{"@id":"https:\/\/voyagedelabaleine.fr\/en\/product\/tartan-baby-bloomer-blue\/#primaryimage"},"thumbnailUrl":"https:\/\/voyagedelabaleine.fr\/wp-content\/uploads\/2025\/11\/bloomer-bebe-ecossais-vert-2-scaled.jpg","datePublished":"2025-11-04T14:10:42+00:00","description":"Our blue tartan bloomer captures the spirit of a sweet and free childhood, with its timeless checks reminiscent of fireside stories.","breadcrumb":{"@id":"https:\/\/voyagedelabaleine.fr\/en\/product\/tartan-baby-bloomer-blue\/#breadcrumb"},"inLanguage":"en-US","potentialAction":[{"@type":"ReadAction","target":["https:\/\/voyagedelabaleine.fr\/en\/product\/tartan-baby-bloomer-blue\/"]}]},{"@type":"ImageObject","inLanguage":"en-US","@id":"https:\/\/voyagedelabaleine.fr\/en\/product\/tartan-baby-bloomer-blue\/#primaryimage","url":"https:\/\/voyagedelabaleine.fr\/wp-content\/uploads\/2025\/11\/bloomer-bebe-ecossais-vert-2-scaled.jpg","contentUrl":"https:\/\/voyagedelabaleine.fr\/wp-content\/uploads\/2025\/11\/bloomer-bebe-ecossais-vert-2-scaled.jpg","width":1537,"height":2048,"caption":"Bloomer b\u00e9b\u00e9 \u00e9cossais bleu marine"},{"@type":"BreadcrumbList","@id":"https:\/\/voyagedelabaleine.fr\/en\/product\/tartan-baby-bloomer-blue\/#breadcrumb","itemListElement":[{"@type":"ListItem","position":1,"name":"Accueil","item":"https:\/\/voyagedelabaleine.fr\/en\/timeless-refined-clothing-babies-children\/"},{"@type":"ListItem","position":2,"name":"All collection","item":"https:\/\/voyagedelabaleine.fr\/en\/shop\/"},{"@type":"ListItem","position":3,"name":"Tartan baby bloomer &#8211; Blue"}]},{"@type":"WebSite","@id":"https:\/\/voyagedelabaleine.fr\/en\/#website","url":"https:\/\/voyagedelabaleine.fr\/en\/","name":"Voyage de la Baleine","description":"V\u00eatements intemporels et raffin\u00e9s pour b\u00e9b\u00e9s et enfants","publisher":{"@id":"https:\/\/voyagedelabaleine.fr\/en\/#organization"},"potentialAction":[{"@type":"SearchAction","target":{"@type":"EntryPoint","urlTemplate":"https:\/\/voyagedelabaleine.fr\/en\/?s={search_term_string}"},"query-input":{"@type":"PropertyValueSpecification","valueRequired":true,"valueName":"search_term_string"}}],"inLanguage":"en-US"},{"@type":"Organization","@id":"https:\/\/voyagedelabaleine.fr\/en\/#organization","name":"Voyage de la Baleine","url":"https:\/\/voyagedelabaleine.fr\/en\/","logo":{"@type":"ImageObject","inLanguage":"en-US","@id":"https:\/\/voyagedelabaleine.fr\/en\/#\/schema\/logo\/image\/","url":"https:\/\/voyagedelabaleine.fr\/wp-content\/uploads\/2025\/06\/logo.webp","contentUrl":"https:\/\/voyagedelabaleine.fr\/wp-content\/uploads\/2025\/06\/logo.webp","width":153,"height":64,"caption":"Voyage de la Baleine"},"image":{"@id":"https:\/\/voyagedelabaleine.fr\/en\/#\/schema\/logo\/image\/"},"sameAs":["https:\/\/www.facebook.com\/voyagedelabaleine\/","https:\/\/www.instagram.com\/voyagedelabaleine\/","https:\/\/www.pinterest.fr\/Voyagedelabaleine\/"]}]}},"_links":{"self":[{"href":"https:\/\/voyagedelabaleine.fr\/en\/wp-json\/wp\/v2\/product\/24474","targetHints":{"allow":["GET"]}}],"collection":[{"href":"https:\/\/voyagedelabaleine.fr\/en\/wp-json\/wp\/v2\/product"}],"about":[{"href":"https:\/\/voyagedelabaleine.fr\/en\/wp-json\/wp\/v2\/types\/product"}],"replies":[{"embeddable":true,"href":"https:\/\/voyagedelabaleine.fr\/en\/wp-json\/wp\/v2\/comments?post=24474"}],"wp:featuredmedia":[{"embeddable":true,"href":"https:\/\/voyagedelabaleine.fr\/en\/wp-json\/wp\/v2\/media\/22170"}],"wp:attachment":[{"href":"https:\/\/voyagedelabaleine.fr\/en\/wp-json\/wp\/v2\/media?parent=24474"}],"wp:term":[{"taxonomy":"product_brand","embeddable":true,"href":"https:\/\/voyagedelabaleine.fr\/en\/wp-json\/wp\/v2\/product_brand?post=24474"},{"taxonomy":"product_cat","embeddable":true,"href":"https:\/\/voyagedelabaleine.fr\/en\/wp-json\/wp\/v2\/product_cat?post=24474"},{"taxonomy":"product_tag","embeddable":true,"href":"https:\/\/voyagedelabaleine.fr\/en\/wp-json\/wp\/v2\/product_tag?post=24474"}],"curies":[{"name":"wp","href":"https:\/\/api.w.org\/{rel}","templated":true}]}}