{"id":24502,"date":"2025-11-04T15:03:35","date_gmt":"2025-11-04T14:03:35","guid":{"rendered":"https:\/\/voyagedelabaleine.fr\/product\/green-wool-and-cotton-baby-romper\/"},"modified":"2025-11-04T15:03:35","modified_gmt":"2025-11-04T14:03:35","slug":"green-wool-and-cotton-baby-romper","status":"publish","type":"product","link":"https:\/\/voyagedelabaleine.fr\/en\/product\/green-wool-and-cotton-baby-romper\/","title":{"rendered":"Green wool and cotton baby romper"},"content":{"rendered":"<h3 data-start=\"113\" data-end=\"152\">A cocoon of softness for your baby<\/h3>\n<p data-start=\"154\" data-end=\"535\">Offer your child comfort and elegance with <strong data-start=\"206\" data-end=\"271\">our soft green wool and cotton baby romper<\/strong>. With its <strong data-start=\"281\" data-end=\"318\">wool and cotton blend material<\/strong>, this romper is specially designed to keep baby warm while respecting their delicate skin, thanks to its breathable and soft knit that gently accompanies your little one&#8217;s movements. <\/p>\n<h3 data-start=\"542\" data-end=\"578\">Carefully crafted details<\/h3>\n<p data-start=\"580\" data-end=\"974\">The <strong data-start=\"583\" data-end=\"610\">white topstitched round collar<\/strong> adds a touch of refinement and brightness to this green romper, while the <strong data-start=\"699\" data-end=\"741\">subtly integrated knitted diamonds<\/strong> add a timeless charm to this unique piece. Every detail has been thoughtfully designed to offer your baby a refined and poetic silhouette, true to the <strong data-start=\"900\" data-end=\"924\">Voyage de la Baleine<\/strong> universe, where elegance blends with the sweetness of childhood. <\/p>\n<h3 data-start=\"981\" data-end=\"1011\">Practical for everyday use<\/h3>\n<p data-start=\"1013\" data-end=\"1461\">Designed to make life easier for new parents, this romper features a <strong data-start=\"1096\" data-end=\"1126\">button placket at the back<\/strong> allowing for stress-free dressing, as well as <strong data-start=\"1177\" data-end=\"1207\">buttons along the legs<\/strong> to simplify changing and dressing your baby without disturbing them, even during sleep. This practical system allows you to keep your baby comfortably settled while ensuring quick and efficient changes, ideal for the first few months. <\/p>\n<h3 data-start=\"1468\" data-end=\"1512\">An outfit designed for early days<\/h3>\n<p data-start=\"1514\" data-end=\"1886\">With its integrated feet, this romper protects little feet while maintaining constant warmth, perfect for cool days, mild nights, and stroller outings. It is also easy to match with a hat or cardigan of the same shade, to create a complete and elegant outfit worthy of your baby&#8217;s first memories. <\/p>\n<h3 data-start=\"1893\" data-end=\"1927\">A refined birth gift<\/h3>\n<p data-start=\"1929\" data-end=\"2273\">This <strong data-start=\"1935\" data-end=\"1978\">green wool and cotton baby romper<\/strong> is also a <strong data-start=\"1997\" data-end=\"2038\">precious newborn gift idea<\/strong>, combining comfort, practicality, and aesthetics in one piece. It will delight new parents looking for an elegant outfit for their child, while offering baby a soft and enveloping piece for their first weeks. <\/p>\n<p data-start=\"2280\" data-end=\"2502\"><em data-start=\"2280\" data-end=\"2502\">This romper is more than just a garment: it reflects a serene childhood and a refined wardrobe, designed to accompany every precious moment in the poetic universe of Voyage de la Baleine.<\/em><\/p>\n<p data-start=\"2504\" data-end=\"2523\">Made in Spain.<\/p>\n","protected":false},"excerpt":{"rendered":"<ul>\n<li>Fastened with a button placket at the back<\/li>\n<li>Buttons along the legs<\/li>\n<li>Wool and cotton Blend<\/li>\n<li>Made in Spain<br \/>\n<em>This romper fits true to size. Choose your usual size.<\/em><\/li>\n<\/ul>\n","protected":false},"featured_media":22182,"comment_status":"open","ping_status":"closed","template":"","meta":{"ocean_post_layout":"","ocean_both_sidebars_style":"","ocean_both_sidebars_content_width":0,"ocean_both_sidebars_sidebars_width":0,"ocean_sidebar":"0","ocean_second_sidebar":"0","ocean_disable_margins":"enable","ocean_add_body_class":"","ocean_shortcode_before_top_bar":"","ocean_shortcode_after_top_bar":"","ocean_shortcode_before_header":"","ocean_shortcode_after_header":"","ocean_has_shortcode":"","ocean_shortcode_after_title":"","ocean_shortcode_before_footer_widgets":"","ocean_shortcode_after_footer_widgets":"","ocean_shortcode_before_footer_bottom":"","ocean_shortcode_after_footer_bottom":"","ocean_display_top_bar":"default","ocean_display_header":"default","ocean_header_style":"","ocean_center_header_left_menu":"0","ocean_custom_header_template":"0","ocean_custom_logo":0,"ocean_custom_retina_logo":0,"ocean_custom_logo_max_width":0,"ocean_custom_logo_tablet_max_width":0,"ocean_custom_logo_mobile_max_width":0,"ocean_custom_logo_max_height":0,"ocean_custom_logo_tablet_max_height":0,"ocean_custom_logo_mobile_max_height":0,"ocean_header_custom_menu":"0","ocean_menu_typo_font_family":"0","ocean_menu_typo_font_subset":"","ocean_menu_typo_font_size":0,"ocean_menu_typo_font_size_tablet":0,"ocean_menu_typo_font_size_mobile":0,"ocean_menu_typo_font_size_unit":"px","ocean_menu_typo_font_weight":"","ocean_menu_typo_font_weight_tablet":"","ocean_menu_typo_font_weight_mobile":"","ocean_menu_typo_transform":"","ocean_menu_typo_transform_tablet":"","ocean_menu_typo_transform_mobile":"","ocean_menu_typo_line_height":0,"ocean_menu_typo_line_height_tablet":0,"ocean_menu_typo_line_height_mobile":0,"ocean_menu_typo_line_height_unit":"","ocean_menu_typo_spacing":0,"ocean_menu_typo_spacing_tablet":0,"ocean_menu_typo_spacing_mobile":0,"ocean_menu_typo_spacing_unit":"","ocean_menu_link_color":"","ocean_menu_link_color_hover":"","ocean_menu_link_color_active":"","ocean_menu_link_background":"","ocean_menu_link_hover_background":"","ocean_menu_link_active_background":"","ocean_menu_social_links_bg":"","ocean_menu_social_hover_links_bg":"","ocean_menu_social_links_color":"","ocean_menu_social_hover_links_color":"","ocean_disable_title":"default","ocean_disable_heading":"default","ocean_post_title":"","ocean_post_subheading":"","ocean_post_title_style":"","ocean_post_title_background_color":"","ocean_post_title_background":0,"ocean_post_title_bg_image_position":"","ocean_post_title_bg_image_attachment":"","ocean_post_title_bg_image_repeat":"","ocean_post_title_bg_image_size":"","ocean_post_title_height":0,"ocean_post_title_bg_overlay":0.5,"ocean_post_title_bg_overlay_color":"","ocean_disable_breadcrumbs":"default","ocean_breadcrumbs_color":"","ocean_breadcrumbs_separator_color":"","ocean_breadcrumbs_links_color":"","ocean_breadcrumbs_links_hover_color":"","ocean_display_footer_widgets":"default","ocean_display_footer_bottom":"default","ocean_custom_footer_template":"0","osh_disable_topbar_sticky":"default","osh_disable_header_sticky":"default","osh_sticky_header_style":"default","osh_sticky_header_effect":"","osh_custom_sticky_logo":0,"osh_custom_retina_sticky_logo":0,"osh_custom_sticky_logo_height":0,"osh_background_color":"","osh_links_color":"","osh_links_hover_color":"","osh_links_active_color":"","osh_links_bg_color":"","osh_links_hover_bg_color":"","osh_links_active_bg_color":"","osh_menu_social_links_color":"","osh_menu_social_hover_links_color":""},"product_brand":[],"product_cat":[6631,6618,6642,6718,6705,6694,6713],"product_tag":[],"class_list":{"0":"post-24502","1":"product","2":"type-product","3":"status-publish","4":"has-post-thumbnail","6":"product_cat-baby-boy-outfits","7":"product_cat-baby-girl-outfits","8":"product_cat-baby-outfits","9":"product_cat-clothing","10":"product_cat-newborn-boy-outfits","11":"product_cat-newborn-girl-outfits","12":"product_cat-newborn-outfits","14":"entry","15":"has-media","17":"first","18":"instock","19":"taxable","20":"shipping-taxable","21":"purchasable","22":"product-type-variable","23":"has-default-attributes","24":"col","25":"span_1_of_3","26":"owp-content-center","27":"owp-thumbs-layout-vertical","28":"owp-btn-big","29":"owp-tabs-layout-vertical","30":"circle-sale"},"yoast_head":"<!-- This site is optimized with the Yoast SEO plugin v27.1.1 - https:\/\/yoast.com\/product\/yoast-seo-wordpress\/ -->\n<title>Green wool and cotton baby romper - Voyage de la Baleine<\/title>\n<meta name=\"description\" content=\"Offer your child comfort and elegance with our soft green wool and cotton baby romper. Made in Spain.\" \/>\n<meta name=\"robots\" content=\"index, follow, max-snippet:-1, max-image-preview:large, max-video-preview:-1\" \/>\n<link rel=\"canonical\" href=\"https:\/\/voyagedelabaleine.fr\/en\/product\/green-wool-and-cotton-baby-romper\/\" \/>\n<meta property=\"og:locale\" content=\"en_US\" \/>\n<meta property=\"og:type\" content=\"article\" \/>\n<meta property=\"og:title\" content=\"Green wool and cotton baby romper - Voyage de la Baleine\" \/>\n<meta property=\"og:description\" content=\"Offer your child comfort and elegance with our soft green wool and cotton baby romper. Made in Spain.\" \/>\n<meta property=\"og:url\" content=\"https:\/\/voyagedelabaleine.fr\/en\/product\/green-wool-and-cotton-baby-romper\/\" \/>\n<meta property=\"og:site_name\" content=\"Voyage de la Baleine\" \/>\n<meta property=\"article:publisher\" content=\"https:\/\/www.facebook.com\/voyagedelabaleine\/\" \/>\n<meta property=\"og:image\" content=\"https:\/\/voyagedelabaleine.fr\/wp-content\/uploads\/2025\/11\/ensemble-bebe-vert-pale.jpg\" \/>\n\t<meta property=\"og:image:width\" content=\"1500\" \/>\n\t<meta property=\"og:image:height\" content=\"1999\" \/>\n\t<meta property=\"og:image:type\" content=\"image\/jpeg\" \/>\n<meta name=\"twitter:card\" content=\"summary_large_image\" \/>\n<meta name=\"twitter:label1\" content=\"Est. reading time\" \/>\n\t<meta name=\"twitter:data1\" content=\"2 minutes\" \/>\n<script type=\"application\/ld+json\" class=\"yoast-schema-graph\">{\"@context\":\"https:\/\/schema.org\",\"@graph\":[{\"@type\":\"WebPage\",\"@id\":\"https:\/\/voyagedelabaleine.fr\/en\/product\/green-wool-and-cotton-baby-romper\/\",\"url\":\"https:\/\/voyagedelabaleine.fr\/en\/product\/green-wool-and-cotton-baby-romper\/\",\"name\":\"Green wool and cotton baby romper - Voyage de la Baleine\",\"isPartOf\":{\"@id\":\"https:\/\/voyagedelabaleine.fr\/en\/#website\"},\"primaryImageOfPage\":{\"@id\":\"https:\/\/voyagedelabaleine.fr\/en\/product\/green-wool-and-cotton-baby-romper\/#primaryimage\"},\"image\":{\"@id\":\"https:\/\/voyagedelabaleine.fr\/en\/product\/green-wool-and-cotton-baby-romper\/#primaryimage\"},\"thumbnailUrl\":\"https:\/\/voyagedelabaleine.fr\/wp-content\/uploads\/2025\/11\/ensemble-bebe-vert-pale.jpg\",\"datePublished\":\"2025-11-04T14:03:35+00:00\",\"description\":\"Offer your child comfort and elegance with our soft green wool and cotton baby romper. Made in Spain.\",\"breadcrumb\":{\"@id\":\"https:\/\/voyagedelabaleine.fr\/en\/product\/green-wool-and-cotton-baby-romper\/#breadcrumb\"},\"inLanguage\":\"en-US\",\"potentialAction\":[{\"@type\":\"ReadAction\",\"target\":[\"https:\/\/voyagedelabaleine.fr\/en\/product\/green-wool-and-cotton-baby-romper\/\"]}]},{\"@type\":\"ImageObject\",\"inLanguage\":\"en-US\",\"@id\":\"https:\/\/voyagedelabaleine.fr\/en\/product\/green-wool-and-cotton-baby-romper\/#primaryimage\",\"url\":\"https:\/\/voyagedelabaleine.fr\/wp-content\/uploads\/2025\/11\/ensemble-bebe-vert-pale.jpg\",\"contentUrl\":\"https:\/\/voyagedelabaleine.fr\/wp-content\/uploads\/2025\/11\/ensemble-bebe-vert-pale.jpg\",\"width\":1500,\"height\":1999,\"caption\":\"Combinaison b\u00e9b\u00e9 en laine et coton vert gris\u00e9\"},{\"@type\":\"BreadcrumbList\",\"@id\":\"https:\/\/voyagedelabaleine.fr\/en\/product\/green-wool-and-cotton-baby-romper\/#breadcrumb\",\"itemListElement\":[{\"@type\":\"ListItem\",\"position\":1,\"name\":\"Accueil\",\"item\":\"https:\/\/voyagedelabaleine.fr\/en\/timeless-refined-clothing-babies-children\/\"},{\"@type\":\"ListItem\",\"position\":2,\"name\":\"All collection\",\"item\":\"https:\/\/voyagedelabaleine.fr\/en\/shop\/\"},{\"@type\":\"ListItem\",\"position\":3,\"name\":\"Green wool and cotton baby romper\"}]},{\"@type\":\"WebSite\",\"@id\":\"https:\/\/voyagedelabaleine.fr\/en\/#website\",\"url\":\"https:\/\/voyagedelabaleine.fr\/en\/\",\"name\":\"Voyage de la Baleine\",\"description\":\"V\u00eatements intemporels et raffin\u00e9s pour b\u00e9b\u00e9s et enfants\",\"publisher\":{\"@id\":\"https:\/\/voyagedelabaleine.fr\/en\/#organization\"},\"potentialAction\":[{\"@type\":\"SearchAction\",\"target\":{\"@type\":\"EntryPoint\",\"urlTemplate\":\"https:\/\/voyagedelabaleine.fr\/en\/?s={search_term_string}\"},\"query-input\":{\"@type\":\"PropertyValueSpecification\",\"valueRequired\":true,\"valueName\":\"search_term_string\"}}],\"inLanguage\":\"en-US\"},{\"@type\":\"Organization\",\"@id\":\"https:\/\/voyagedelabaleine.fr\/en\/#organization\",\"name\":\"Voyage de la Baleine\",\"url\":\"https:\/\/voyagedelabaleine.fr\/en\/\",\"logo\":{\"@type\":\"ImageObject\",\"inLanguage\":\"en-US\",\"@id\":\"https:\/\/voyagedelabaleine.fr\/en\/#\/schema\/logo\/image\/\",\"url\":\"https:\/\/voyagedelabaleine.fr\/wp-content\/uploads\/2025\/06\/logo.webp\",\"contentUrl\":\"https:\/\/voyagedelabaleine.fr\/wp-content\/uploads\/2025\/06\/logo.webp\",\"width\":153,\"height\":64,\"caption\":\"Voyage de la Baleine\"},\"image\":{\"@id\":\"https:\/\/voyagedelabaleine.fr\/en\/#\/schema\/logo\/image\/\"},\"sameAs\":[\"https:\/\/www.facebook.com\/voyagedelabaleine\/\",\"https:\/\/www.instagram.com\/voyagedelabaleine\/\",\"https:\/\/www.pinterest.fr\/Voyagedelabaleine\/\"]}]}<\/script>\n<!-- \/ Yoast SEO plugin. -->","yoast_head_json":{"title":"Green wool and cotton baby romper - Voyage de la Baleine","description":"Offer your child comfort and elegance with our soft green wool and cotton baby romper. Made in Spain.","robots":{"index":"index","follow":"follow","max-snippet":"max-snippet:-1","max-image-preview":"max-image-preview:large","max-video-preview":"max-video-preview:-1"},"canonical":"https:\/\/voyagedelabaleine.fr\/en\/product\/green-wool-and-cotton-baby-romper\/","og_locale":"en_US","og_type":"article","og_title":"Green wool and cotton baby romper - Voyage de la Baleine","og_description":"Offer your child comfort and elegance with our soft green wool and cotton baby romper. Made in Spain.","og_url":"https:\/\/voyagedelabaleine.fr\/en\/product\/green-wool-and-cotton-baby-romper\/","og_site_name":"Voyage de la Baleine","article_publisher":"https:\/\/www.facebook.com\/voyagedelabaleine\/","og_image":[{"width":1500,"height":1999,"url":"https:\/\/voyagedelabaleine.fr\/wp-content\/uploads\/2025\/11\/ensemble-bebe-vert-pale.jpg","type":"image\/jpeg"}],"twitter_card":"summary_large_image","twitter_misc":{"Est. reading time":"2 minutes"},"schema":{"@context":"https:\/\/schema.org","@graph":[{"@type":"WebPage","@id":"https:\/\/voyagedelabaleine.fr\/en\/product\/green-wool-and-cotton-baby-romper\/","url":"https:\/\/voyagedelabaleine.fr\/en\/product\/green-wool-and-cotton-baby-romper\/","name":"Green wool and cotton baby romper - Voyage de la Baleine","isPartOf":{"@id":"https:\/\/voyagedelabaleine.fr\/en\/#website"},"primaryImageOfPage":{"@id":"https:\/\/voyagedelabaleine.fr\/en\/product\/green-wool-and-cotton-baby-romper\/#primaryimage"},"image":{"@id":"https:\/\/voyagedelabaleine.fr\/en\/product\/green-wool-and-cotton-baby-romper\/#primaryimage"},"thumbnailUrl":"https:\/\/voyagedelabaleine.fr\/wp-content\/uploads\/2025\/11\/ensemble-bebe-vert-pale.jpg","datePublished":"2025-11-04T14:03:35+00:00","description":"Offer your child comfort and elegance with our soft green wool and cotton baby romper. Made in Spain.","breadcrumb":{"@id":"https:\/\/voyagedelabaleine.fr\/en\/product\/green-wool-and-cotton-baby-romper\/#breadcrumb"},"inLanguage":"en-US","potentialAction":[{"@type":"ReadAction","target":["https:\/\/voyagedelabaleine.fr\/en\/product\/green-wool-and-cotton-baby-romper\/"]}]},{"@type":"ImageObject","inLanguage":"en-US","@id":"https:\/\/voyagedelabaleine.fr\/en\/product\/green-wool-and-cotton-baby-romper\/#primaryimage","url":"https:\/\/voyagedelabaleine.fr\/wp-content\/uploads\/2025\/11\/ensemble-bebe-vert-pale.jpg","contentUrl":"https:\/\/voyagedelabaleine.fr\/wp-content\/uploads\/2025\/11\/ensemble-bebe-vert-pale.jpg","width":1500,"height":1999,"caption":"Combinaison b\u00e9b\u00e9 en laine et coton vert gris\u00e9"},{"@type":"BreadcrumbList","@id":"https:\/\/voyagedelabaleine.fr\/en\/product\/green-wool-and-cotton-baby-romper\/#breadcrumb","itemListElement":[{"@type":"ListItem","position":1,"name":"Accueil","item":"https:\/\/voyagedelabaleine.fr\/en\/timeless-refined-clothing-babies-children\/"},{"@type":"ListItem","position":2,"name":"All collection","item":"https:\/\/voyagedelabaleine.fr\/en\/shop\/"},{"@type":"ListItem","position":3,"name":"Green wool and cotton baby romper"}]},{"@type":"WebSite","@id":"https:\/\/voyagedelabaleine.fr\/en\/#website","url":"https:\/\/voyagedelabaleine.fr\/en\/","name":"Voyage de la Baleine","description":"V\u00eatements intemporels et raffin\u00e9s pour b\u00e9b\u00e9s et enfants","publisher":{"@id":"https:\/\/voyagedelabaleine.fr\/en\/#organization"},"potentialAction":[{"@type":"SearchAction","target":{"@type":"EntryPoint","urlTemplate":"https:\/\/voyagedelabaleine.fr\/en\/?s={search_term_string}"},"query-input":{"@type":"PropertyValueSpecification","valueRequired":true,"valueName":"search_term_string"}}],"inLanguage":"en-US"},{"@type":"Organization","@id":"https:\/\/voyagedelabaleine.fr\/en\/#organization","name":"Voyage de la Baleine","url":"https:\/\/voyagedelabaleine.fr\/en\/","logo":{"@type":"ImageObject","inLanguage":"en-US","@id":"https:\/\/voyagedelabaleine.fr\/en\/#\/schema\/logo\/image\/","url":"https:\/\/voyagedelabaleine.fr\/wp-content\/uploads\/2025\/06\/logo.webp","contentUrl":"https:\/\/voyagedelabaleine.fr\/wp-content\/uploads\/2025\/06\/logo.webp","width":153,"height":64,"caption":"Voyage de la Baleine"},"image":{"@id":"https:\/\/voyagedelabaleine.fr\/en\/#\/schema\/logo\/image\/"},"sameAs":["https:\/\/www.facebook.com\/voyagedelabaleine\/","https:\/\/www.instagram.com\/voyagedelabaleine\/","https:\/\/www.pinterest.fr\/Voyagedelabaleine\/"]}]}},"_links":{"self":[{"href":"https:\/\/voyagedelabaleine.fr\/en\/wp-json\/wp\/v2\/product\/24502","targetHints":{"allow":["GET"]}}],"collection":[{"href":"https:\/\/voyagedelabaleine.fr\/en\/wp-json\/wp\/v2\/product"}],"about":[{"href":"https:\/\/voyagedelabaleine.fr\/en\/wp-json\/wp\/v2\/types\/product"}],"replies":[{"embeddable":true,"href":"https:\/\/voyagedelabaleine.fr\/en\/wp-json\/wp\/v2\/comments?post=24502"}],"wp:featuredmedia":[{"embeddable":true,"href":"https:\/\/voyagedelabaleine.fr\/en\/wp-json\/wp\/v2\/media\/22182"}],"wp:attachment":[{"href":"https:\/\/voyagedelabaleine.fr\/en\/wp-json\/wp\/v2\/media?parent=24502"}],"wp:term":[{"taxonomy":"product_brand","embeddable":true,"href":"https:\/\/voyagedelabaleine.fr\/en\/wp-json\/wp\/v2\/product_brand?post=24502"},{"taxonomy":"product_cat","embeddable":true,"href":"https:\/\/voyagedelabaleine.fr\/en\/wp-json\/wp\/v2\/product_cat?post=24502"},{"taxonomy":"product_tag","embeddable":true,"href":"https:\/\/voyagedelabaleine.fr\/en\/wp-json\/wp\/v2\/product_tag?post=24502"}],"curies":[{"name":"wp","href":"https:\/\/api.w.org\/{rel}","templated":true}]}}