{"id":24507,"date":"2025-10-31T15:41:50","date_gmt":"2025-10-31T14:41:50","guid":{"rendered":"https:\/\/voyagedelabaleine.fr\/product\/baby-tights-with-side-cable-knit-cream\/"},"modified":"2026-01-14T23:49:37","modified_gmt":"2026-01-14T22:49:37","slug":"baby-tights-with-side-cable-knit-cream","status":"publish","type":"product","link":"https:\/\/voyagedelabaleine.fr\/en\/product\/baby-tights-with-side-cable-knit-cream\/","title":{"rendered":"Baby tights with side cable knit &#8211; Cream"},"content":{"rendered":"<h3 data-start=\"223\" data-end=\"281\">A soft and refined essential for baby&#8217;s wardrobe<\/h3>\n<p data-start=\"283\" data-end=\"723\">Our <strong data-start=\"286\" data-end=\"332\">Cream baby tights with side cable knit<\/strong> are an essential piece for creating elegant and comfortable everyday outfits. Its luminous cream shade easily pairs with our entire children&#8217;s wardrobe, adding a touch of softness and light to every outfit. Whether worn with a collared dress, a floral romper, or velvet bloomers, they accompany baby while adding a delicately vintage touch.  <\/p>\n<h3 data-start=\"730\" data-end=\"760\">Side Cable Knit Detail<\/h3>\n<p data-start=\"762\" data-end=\"1174\">Its <strong data-start=\"766\" data-end=\"815\">discreet cable knit detail along the legs<\/strong> gives these tights a special charm while remaining easy to match. The side cable knit structures the leg and provides a refined effect reminiscent of old-world elegance, while perfectly fitting into a timeless, childlike style. This detail will make a difference in your family photos or during weekend strolls.  <\/p>\n<h3 data-start=\"1181\" data-end=\"1216\">Everyday comfort and warmth<\/h3>\n<p data-start=\"1218\" data-end=\"1665\">Crafted from a <strong data-start=\"1240\" data-end=\"1270\">soft and stretchy knit<\/strong>, these cream tights stay securely in place while offering optimal comfort. They perfectly cover baby&#8217;s legs, keeping them warm during cool autumn and winter days, without ever hindering their movements when playing, exploring, or falling asleep in your arms. Their elasticity allows for easy dressing, even when baby wiggles, making daily dressing more peaceful.  <\/p>\n<h3 data-start=\"1672\" data-end=\"1704\">Easy-to-match tights<\/h3>\n<p data-start=\"1706\" data-end=\"2071\">These cream cable knit tights pair well with our collared rompers, velvet bloomers, or floral print dresses, creating harmonious ensembles that exude simplicity and refinement. Their soft color is suitable for both everyday looks and more festive occasions, and they quickly become the perfect complement to your coordinated outfits. <\/p>\n<p data-start=\"2078\" data-end=\"2189\"><em data-start=\"2078\" data-end=\"2189\">Delicate and warm tights, designed to combine comfort, style, and practicality in the daily lives of little ones.<\/em><\/p>\n<p data-start=\"2191\" data-end=\"2215\">Made in Spain.<\/p>\n","protected":false},"excerpt":{"rendered":"<ul>\n<li>Cotton tights<\/li>\n<li>Side cable knit detail<\/li>\n<li>Oeko-Tex Standard 100 Cotton<\/li>\n<li>Made in Spain<\/li>\n<\/ul>\n","protected":false},"featured_media":22097,"comment_status":"open","ping_status":"closed","template":"","meta":{"ocean_post_layout":"","ocean_both_sidebars_style":"","ocean_both_sidebars_content_width":0,"ocean_both_sidebars_sidebars_width":0,"ocean_sidebar":"0","ocean_second_sidebar":"0","ocean_disable_margins":"enable","ocean_add_body_class":"","ocean_shortcode_before_top_bar":"","ocean_shortcode_after_top_bar":"","ocean_shortcode_before_header":"","ocean_shortcode_after_header":"","ocean_has_shortcode":"","ocean_shortcode_after_title":"","ocean_shortcode_before_footer_widgets":"","ocean_shortcode_after_footer_widgets":"","ocean_shortcode_before_footer_bottom":"","ocean_shortcode_after_footer_bottom":"","ocean_display_top_bar":"default","ocean_display_header":"default","ocean_header_style":"","ocean_center_header_left_menu":"0","ocean_custom_header_template":"0","ocean_custom_logo":0,"ocean_custom_retina_logo":0,"ocean_custom_logo_max_width":0,"ocean_custom_logo_tablet_max_width":0,"ocean_custom_logo_mobile_max_width":0,"ocean_custom_logo_max_height":0,"ocean_custom_logo_tablet_max_height":0,"ocean_custom_logo_mobile_max_height":0,"ocean_header_custom_menu":"0","ocean_menu_typo_font_family":"0","ocean_menu_typo_font_subset":"","ocean_menu_typo_font_size":0,"ocean_menu_typo_font_size_tablet":0,"ocean_menu_typo_font_size_mobile":0,"ocean_menu_typo_font_size_unit":"px","ocean_menu_typo_font_weight":"","ocean_menu_typo_font_weight_tablet":"","ocean_menu_typo_font_weight_mobile":"","ocean_menu_typo_transform":"","ocean_menu_typo_transform_tablet":"","ocean_menu_typo_transform_mobile":"","ocean_menu_typo_line_height":0,"ocean_menu_typo_line_height_tablet":0,"ocean_menu_typo_line_height_mobile":0,"ocean_menu_typo_line_height_unit":"","ocean_menu_typo_spacing":0,"ocean_menu_typo_spacing_tablet":0,"ocean_menu_typo_spacing_mobile":0,"ocean_menu_typo_spacing_unit":"","ocean_menu_link_color":"","ocean_menu_link_color_hover":"","ocean_menu_link_color_active":"","ocean_menu_link_background":"","ocean_menu_link_hover_background":"","ocean_menu_link_active_background":"","ocean_menu_social_links_bg":"","ocean_menu_social_hover_links_bg":"","ocean_menu_social_links_color":"","ocean_menu_social_hover_links_color":"","ocean_disable_title":"default","ocean_disable_heading":"default","ocean_post_title":"","ocean_post_subheading":"","ocean_post_title_style":"","ocean_post_title_background_color":"","ocean_post_title_background":0,"ocean_post_title_bg_image_position":"","ocean_post_title_bg_image_attachment":"","ocean_post_title_bg_image_repeat":"","ocean_post_title_bg_image_size":"","ocean_post_title_height":0,"ocean_post_title_bg_overlay":0.5,"ocean_post_title_bg_overlay_color":"","ocean_disable_breadcrumbs":"default","ocean_breadcrumbs_color":"","ocean_breadcrumbs_separator_color":"","ocean_breadcrumbs_links_color":"","ocean_breadcrumbs_links_hover_color":"","ocean_display_footer_widgets":"default","ocean_display_footer_bottom":"default","ocean_custom_footer_template":"0","osh_disable_topbar_sticky":"default","osh_disable_header_sticky":"default","osh_sticky_header_style":"default","osh_sticky_header_effect":"","osh_custom_sticky_logo":0,"osh_custom_retina_sticky_logo":0,"osh_custom_sticky_logo_height":0,"osh_background_color":"","osh_links_color":"","osh_links_hover_color":"","osh_links_active_color":"","osh_links_bg_color":"","osh_links_hover_bg_color":"","osh_links_active_bg_color":"","osh_menu_social_links_color":"","osh_menu_social_hover_links_color":""},"product_brand":[],"product_cat":[6647,6629,6616,6664,6650,6654,6703,6692,6684],"product_tag":[],"class_list":{"0":"post-24507","1":"product","2":"type-product","3":"status-publish","4":"has-post-thumbnail","6":"product_cat-baby-and-child-socks-tights","7":"product_cat-baby-boy-socks-tights","8":"product_cat-baby-girl-socks-tights","9":"product_cat-boy-socks-tights","10":"product_cat-child-socks-tights","11":"product_cat-girl-socks-tights","12":"product_cat-newborn-boy-socks-tights","13":"product_cat-newborn-girl-socks-tights","14":"product_cat-newborn-socks-tights","16":"entry","17":"has-media","19":"first","20":"instock","21":"taxable","22":"shipping-taxable","23":"purchasable","24":"product-type-variable","25":"has-default-attributes","26":"has-rating","27":"col","28":"span_1_of_3","29":"owp-content-center","30":"owp-thumbs-layout-vertical","31":"owp-btn-big","32":"owp-tabs-layout-vertical","33":"circle-sale"},"yoast_head":"<!-- This site is optimized with the Yoast SEO plugin v27.1.1 - https:\/\/yoast.com\/product\/yoast-seo-wordpress\/ -->\n<title>Baby tights with side cable knit - Cream - Voyage de la Baleine<\/title>\n<meta name=\"description\" content=\"Our Cream Baby Tights with Side Cable Knit are an essential piece for creating elegant and comfortable everyday outfits.\" \/>\n<meta name=\"robots\" content=\"index, follow, max-snippet:-1, max-image-preview:large, max-video-preview:-1\" \/>\n<link rel=\"canonical\" href=\"https:\/\/voyagedelabaleine.fr\/en\/product\/baby-tights-with-side-cable-knit-cream\/\" \/>\n<meta property=\"og:locale\" content=\"en_US\" \/>\n<meta property=\"og:type\" content=\"article\" \/>\n<meta property=\"og:title\" content=\"Baby tights with side cable knit - Cream - Voyage de la Baleine\" \/>\n<meta property=\"og:description\" content=\"Our Cream Baby Tights with Side Cable Knit are an essential piece for creating elegant and comfortable everyday outfits.\" \/>\n<meta property=\"og:url\" content=\"https:\/\/voyagedelabaleine.fr\/en\/product\/baby-tights-with-side-cable-knit-cream\/\" \/>\n<meta property=\"og:site_name\" content=\"Voyage de la Baleine\" \/>\n<meta property=\"article:publisher\" content=\"https:\/\/www.facebook.com\/voyagedelabaleine\/\" \/>\n<meta property=\"article:modified_time\" content=\"2026-01-14T22:49:37+00:00\" \/>\n<meta property=\"og:image\" content=\"https:\/\/voyagedelabaleine.fr\/wp-content\/uploads\/2025\/07\/collant-bebe-torsade-creme.jpg\" \/>\n\t<meta property=\"og:image:width\" content=\"900\" \/>\n\t<meta property=\"og:image:height\" content=\"1199\" \/>\n\t<meta property=\"og:image:type\" content=\"image\/jpeg\" \/>\n<meta name=\"twitter:card\" content=\"summary_large_image\" \/>\n<meta name=\"twitter:label1\" content=\"Est. reading time\" \/>\n\t<meta name=\"twitter:data1\" content=\"1 minute\" \/>\n<script type=\"application\/ld+json\" class=\"yoast-schema-graph\">{\"@context\":\"https:\/\/schema.org\",\"@graph\":[{\"@type\":\"WebPage\",\"@id\":\"https:\/\/voyagedelabaleine.fr\/en\/product\/baby-tights-with-side-cable-knit-cream\/\",\"url\":\"https:\/\/voyagedelabaleine.fr\/en\/product\/baby-tights-with-side-cable-knit-cream\/\",\"name\":\"Baby tights with side cable knit - Cream - Voyage de la Baleine\",\"isPartOf\":{\"@id\":\"https:\/\/voyagedelabaleine.fr\/en\/#website\"},\"primaryImageOfPage\":{\"@id\":\"https:\/\/voyagedelabaleine.fr\/en\/product\/baby-tights-with-side-cable-knit-cream\/#primaryimage\"},\"image\":{\"@id\":\"https:\/\/voyagedelabaleine.fr\/en\/product\/baby-tights-with-side-cable-knit-cream\/#primaryimage\"},\"thumbnailUrl\":\"https:\/\/voyagedelabaleine.fr\/wp-content\/uploads\/2025\/07\/collant-bebe-torsade-creme.jpg\",\"datePublished\":\"2025-10-31T14:41:50+00:00\",\"dateModified\":\"2026-01-14T22:49:37+00:00\",\"description\":\"Our Cream Baby Tights with Side Cable Knit are an essential piece for creating elegant and comfortable everyday outfits.\",\"breadcrumb\":{\"@id\":\"https:\/\/voyagedelabaleine.fr\/en\/product\/baby-tights-with-side-cable-knit-cream\/#breadcrumb\"},\"inLanguage\":\"en-US\",\"potentialAction\":[{\"@type\":\"ReadAction\",\"target\":[\"https:\/\/voyagedelabaleine.fr\/en\/product\/baby-tights-with-side-cable-knit-cream\/\"]}]},{\"@type\":\"ImageObject\",\"inLanguage\":\"en-US\",\"@id\":\"https:\/\/voyagedelabaleine.fr\/en\/product\/baby-tights-with-side-cable-knit-cream\/#primaryimage\",\"url\":\"https:\/\/voyagedelabaleine.fr\/wp-content\/uploads\/2025\/07\/collant-bebe-torsade-creme.jpg\",\"contentUrl\":\"https:\/\/voyagedelabaleine.fr\/wp-content\/uploads\/2025\/07\/collant-bebe-torsade-creme.jpg\",\"width\":900,\"height\":1199,\"caption\":\"Collant b\u00e9b\u00e9 cr\u00e8me avec torsade lat\u00e9rale textur\u00e9e\"},{\"@type\":\"BreadcrumbList\",\"@id\":\"https:\/\/voyagedelabaleine.fr\/en\/product\/baby-tights-with-side-cable-knit-cream\/#breadcrumb\",\"itemListElement\":[{\"@type\":\"ListItem\",\"position\":1,\"name\":\"Accueil\",\"item\":\"https:\/\/voyagedelabaleine.fr\/en\/timeless-refined-clothing-babies-children\/\"},{\"@type\":\"ListItem\",\"position\":2,\"name\":\"All collection\",\"item\":\"https:\/\/voyagedelabaleine.fr\/en\/shop\/\"},{\"@type\":\"ListItem\",\"position\":3,\"name\":\"Baby tights with side cable knit &#8211; Cream\"}]},{\"@type\":\"WebSite\",\"@id\":\"https:\/\/voyagedelabaleine.fr\/en\/#website\",\"url\":\"https:\/\/voyagedelabaleine.fr\/en\/\",\"name\":\"Voyage de la Baleine\",\"description\":\"V\u00eatements intemporels et raffin\u00e9s pour b\u00e9b\u00e9s et enfants\",\"publisher\":{\"@id\":\"https:\/\/voyagedelabaleine.fr\/en\/#organization\"},\"potentialAction\":[{\"@type\":\"SearchAction\",\"target\":{\"@type\":\"EntryPoint\",\"urlTemplate\":\"https:\/\/voyagedelabaleine.fr\/en\/?s={search_term_string}\"},\"query-input\":{\"@type\":\"PropertyValueSpecification\",\"valueRequired\":true,\"valueName\":\"search_term_string\"}}],\"inLanguage\":\"en-US\"},{\"@type\":\"Organization\",\"@id\":\"https:\/\/voyagedelabaleine.fr\/en\/#organization\",\"name\":\"Voyage de la Baleine\",\"url\":\"https:\/\/voyagedelabaleine.fr\/en\/\",\"logo\":{\"@type\":\"ImageObject\",\"inLanguage\":\"en-US\",\"@id\":\"https:\/\/voyagedelabaleine.fr\/en\/#\/schema\/logo\/image\/\",\"url\":\"https:\/\/voyagedelabaleine.fr\/wp-content\/uploads\/2025\/06\/logo.webp\",\"contentUrl\":\"https:\/\/voyagedelabaleine.fr\/wp-content\/uploads\/2025\/06\/logo.webp\",\"width\":153,\"height\":64,\"caption\":\"Voyage de la Baleine\"},\"image\":{\"@id\":\"https:\/\/voyagedelabaleine.fr\/en\/#\/schema\/logo\/image\/\"},\"sameAs\":[\"https:\/\/www.facebook.com\/voyagedelabaleine\/\",\"https:\/\/www.instagram.com\/voyagedelabaleine\/\",\"https:\/\/www.pinterest.fr\/Voyagedelabaleine\/\"]}]}<\/script>\n<!-- \/ Yoast SEO plugin. -->","yoast_head_json":{"title":"Baby tights with side cable knit - Cream - Voyage de la Baleine","description":"Our Cream Baby Tights with Side Cable Knit are an essential piece for creating elegant and comfortable everyday outfits.","robots":{"index":"index","follow":"follow","max-snippet":"max-snippet:-1","max-image-preview":"max-image-preview:large","max-video-preview":"max-video-preview:-1"},"canonical":"https:\/\/voyagedelabaleine.fr\/en\/product\/baby-tights-with-side-cable-knit-cream\/","og_locale":"en_US","og_type":"article","og_title":"Baby tights with side cable knit - Cream - Voyage de la Baleine","og_description":"Our Cream Baby Tights with Side Cable Knit are an essential piece for creating elegant and comfortable everyday outfits.","og_url":"https:\/\/voyagedelabaleine.fr\/en\/product\/baby-tights-with-side-cable-knit-cream\/","og_site_name":"Voyage de la Baleine","article_publisher":"https:\/\/www.facebook.com\/voyagedelabaleine\/","article_modified_time":"2026-01-14T22:49:37+00:00","og_image":[{"width":900,"height":1199,"url":"https:\/\/voyagedelabaleine.fr\/wp-content\/uploads\/2025\/07\/collant-bebe-torsade-creme.jpg","type":"image\/jpeg"}],"twitter_card":"summary_large_image","twitter_misc":{"Est. reading time":"1 minute"},"schema":{"@context":"https:\/\/schema.org","@graph":[{"@type":"WebPage","@id":"https:\/\/voyagedelabaleine.fr\/en\/product\/baby-tights-with-side-cable-knit-cream\/","url":"https:\/\/voyagedelabaleine.fr\/en\/product\/baby-tights-with-side-cable-knit-cream\/","name":"Baby tights with side cable knit - Cream - Voyage de la Baleine","isPartOf":{"@id":"https:\/\/voyagedelabaleine.fr\/en\/#website"},"primaryImageOfPage":{"@id":"https:\/\/voyagedelabaleine.fr\/en\/product\/baby-tights-with-side-cable-knit-cream\/#primaryimage"},"image":{"@id":"https:\/\/voyagedelabaleine.fr\/en\/product\/baby-tights-with-side-cable-knit-cream\/#primaryimage"},"thumbnailUrl":"https:\/\/voyagedelabaleine.fr\/wp-content\/uploads\/2025\/07\/collant-bebe-torsade-creme.jpg","datePublished":"2025-10-31T14:41:50+00:00","dateModified":"2026-01-14T22:49:37+00:00","description":"Our Cream Baby Tights with Side Cable Knit are an essential piece for creating elegant and comfortable everyday outfits.","breadcrumb":{"@id":"https:\/\/voyagedelabaleine.fr\/en\/product\/baby-tights-with-side-cable-knit-cream\/#breadcrumb"},"inLanguage":"en-US","potentialAction":[{"@type":"ReadAction","target":["https:\/\/voyagedelabaleine.fr\/en\/product\/baby-tights-with-side-cable-knit-cream\/"]}]},{"@type":"ImageObject","inLanguage":"en-US","@id":"https:\/\/voyagedelabaleine.fr\/en\/product\/baby-tights-with-side-cable-knit-cream\/#primaryimage","url":"https:\/\/voyagedelabaleine.fr\/wp-content\/uploads\/2025\/07\/collant-bebe-torsade-creme.jpg","contentUrl":"https:\/\/voyagedelabaleine.fr\/wp-content\/uploads\/2025\/07\/collant-bebe-torsade-creme.jpg","width":900,"height":1199,"caption":"Collant b\u00e9b\u00e9 cr\u00e8me avec torsade lat\u00e9rale textur\u00e9e"},{"@type":"BreadcrumbList","@id":"https:\/\/voyagedelabaleine.fr\/en\/product\/baby-tights-with-side-cable-knit-cream\/#breadcrumb","itemListElement":[{"@type":"ListItem","position":1,"name":"Accueil","item":"https:\/\/voyagedelabaleine.fr\/en\/timeless-refined-clothing-babies-children\/"},{"@type":"ListItem","position":2,"name":"All collection","item":"https:\/\/voyagedelabaleine.fr\/en\/shop\/"},{"@type":"ListItem","position":3,"name":"Baby tights with side cable knit &#8211; Cream"}]},{"@type":"WebSite","@id":"https:\/\/voyagedelabaleine.fr\/en\/#website","url":"https:\/\/voyagedelabaleine.fr\/en\/","name":"Voyage de la Baleine","description":"V\u00eatements intemporels et raffin\u00e9s pour b\u00e9b\u00e9s et enfants","publisher":{"@id":"https:\/\/voyagedelabaleine.fr\/en\/#organization"},"potentialAction":[{"@type":"SearchAction","target":{"@type":"EntryPoint","urlTemplate":"https:\/\/voyagedelabaleine.fr\/en\/?s={search_term_string}"},"query-input":{"@type":"PropertyValueSpecification","valueRequired":true,"valueName":"search_term_string"}}],"inLanguage":"en-US"},{"@type":"Organization","@id":"https:\/\/voyagedelabaleine.fr\/en\/#organization","name":"Voyage de la Baleine","url":"https:\/\/voyagedelabaleine.fr\/en\/","logo":{"@type":"ImageObject","inLanguage":"en-US","@id":"https:\/\/voyagedelabaleine.fr\/en\/#\/schema\/logo\/image\/","url":"https:\/\/voyagedelabaleine.fr\/wp-content\/uploads\/2025\/06\/logo.webp","contentUrl":"https:\/\/voyagedelabaleine.fr\/wp-content\/uploads\/2025\/06\/logo.webp","width":153,"height":64,"caption":"Voyage de la Baleine"},"image":{"@id":"https:\/\/voyagedelabaleine.fr\/en\/#\/schema\/logo\/image\/"},"sameAs":["https:\/\/www.facebook.com\/voyagedelabaleine\/","https:\/\/www.instagram.com\/voyagedelabaleine\/","https:\/\/www.pinterest.fr\/Voyagedelabaleine\/"]}]}},"_links":{"self":[{"href":"https:\/\/voyagedelabaleine.fr\/en\/wp-json\/wp\/v2\/product\/24507","targetHints":{"allow":["GET"]}}],"collection":[{"href":"https:\/\/voyagedelabaleine.fr\/en\/wp-json\/wp\/v2\/product"}],"about":[{"href":"https:\/\/voyagedelabaleine.fr\/en\/wp-json\/wp\/v2\/types\/product"}],"replies":[{"embeddable":true,"href":"https:\/\/voyagedelabaleine.fr\/en\/wp-json\/wp\/v2\/comments?post=24507"}],"wp:featuredmedia":[{"embeddable":true,"href":"https:\/\/voyagedelabaleine.fr\/en\/wp-json\/wp\/v2\/media\/22097"}],"wp:attachment":[{"href":"https:\/\/voyagedelabaleine.fr\/en\/wp-json\/wp\/v2\/media?parent=24507"}],"wp:term":[{"taxonomy":"product_brand","embeddable":true,"href":"https:\/\/voyagedelabaleine.fr\/en\/wp-json\/wp\/v2\/product_brand?post=24507"},{"taxonomy":"product_cat","embeddable":true,"href":"https:\/\/voyagedelabaleine.fr\/en\/wp-json\/wp\/v2\/product_cat?post=24507"},{"taxonomy":"product_tag","embeddable":true,"href":"https:\/\/voyagedelabaleine.fr\/en\/wp-json\/wp\/v2\/product_tag?post=24507"}],"curies":[{"name":"wp","href":"https:\/\/api.w.org\/{rel}","templated":true}]}}