{"id":24616,"date":"2025-10-07T17:43:40","date_gmt":"2025-10-07T15:43:40","guid":{"rendered":"https:\/\/voyagedelabaleine.fr\/product\/collared-baby-boy-sweater-taupe\/"},"modified":"2025-12-11T18:08:38","modified_gmt":"2025-12-11T17:08:38","slug":"collared-baby-boy-sweater-taupe","status":"publish","type":"product","link":"https:\/\/voyagedelabaleine.fr\/en\/product\/collared-baby-boy-sweater-taupe\/","title":{"rendered":"Collared baby boy sweater &#8211; Taupe"},"content":{"rendered":"<h3 data-start=\"228\" data-end=\"287\">Classic elegance for little boys&#8217; wardrobes<\/h3>\n<p data-start=\"289\" data-end=\"792\">Our <strong data-start=\"295\" data-end=\"327\">taupe collared baby boy sweater<\/strong> embodies the discreet and timeless elegance so cherished by the Voyage de la Baleine universe. With its <g id=\"gid_1\">refined shirt collar<\/g>, this sweater transforms every outing, every stroll, and every daily moment into an opportunity to combine comfort and style, even for the youngest ones. Its soft and warm taupe shade easily pairs with corduroy trousers, bloomers, or footed pants, creating an elegant and harmonious wardrobe from birth.  <\/p>\n<h3 data-start=\"799\" data-end=\"840\">A shirt collar that makes a difference<\/h3>\n<p data-start=\"842\" data-end=\"1197\">This <strong data-start=\"845\" data-end=\"875\">baby sweater with shirt collar<\/strong> adds a touch of sophistication to your child&#8217;s outfits while remaining practical to put on. The collar stays neatly in place even under a jacket or coat and effortlessly structures the look. It is ideal for special occasions as well as for everyday wear, creating a polished silhouette without restricting the baby.  <\/p>\n<h3 data-start=\"1204\" data-end=\"1239\">Everyday comfort and softness<\/h3>\n<p data-start=\"1241\" data-end=\"1662\">Crafted from a <strong data-start=\"1262\" data-end=\"1288\">wool and cotton blend<\/strong>, this sweater offers exceptional comfort and breathable warmth to baby, perfect for mid-season as well as cooler days. <strong data-start=\"1432\" data-end=\"1450\">Raglan sleeves<\/strong> ensure ease of movement, while <strong data-start=\"1511\" data-end=\"1542\">ribbed cuffs and hem<\/strong> provide optimal support without constricting, allowing them to stay warm while exploring the world with curiosity. <\/p>\n<h3 data-start=\"1669\" data-end=\"1708\">Details designed for parents<\/h3>\n<p data-start=\"1710\" data-end=\"2037\">The <strong data-start=\"1713\" data-end=\"1758\">three-button front closure<\/strong> makes dressing quick and practical, while adding an elegant aesthetic touch to this baby boy sweater. Easy to put on without bothering baby, it is a piece designed to simplify parents&#8217; daily lives while preserving the refined look you love to give your child. <\/p>\n<h3 data-start=\"2044\" data-end=\"2093\">A precious piece for baby&#8217;s wardrobe<\/h3>\n<p data-start=\"2095\" data-end=\"2540\">This <strong data-start=\"2098\" data-end=\"2117\">taupe baby sweater<\/strong> is a timeless piece, ideal for building a quality, durable, and elegant wardrobe. It pairs equally well with formal outfits as with more casual wear, ensuring a harmonious style in all circumstances. It is also an <strong data-start=\"2381\" data-end=\"2423\">excellent newborn gift idea<\/strong>, practical and refined, that will appeal to parents looking for easy-to-match and comfortable pieces for their child.  <\/p>\n<p data-start=\"2547\" data-end=\"2717\"><em data-start=\"2547\" data-end=\"2717\">At Voyage de la Baleine, each garment is designed to combine elegance, practicality, and comfort, creating a poetic wardrobe for your child&#8217;s early years.<\/em><\/p>\n<p data-start=\"2719\" data-end=\"2738\">Made in Spain.<\/p>\n","protected":false},"excerpt":{"rendered":"<ul>\n<li>Collared sweater<\/li>\n<li>85% cotton, 15% wool<\/li>\n<li>Three-button front closure<\/li>\n<li>Raglan sleeves<\/li>\n<li>Wool and cotton Blend<\/li>\n<li>Made in Spain<br \/>\n<em>This cardigan fits true to size. Choose your usual size.<\/em><\/li>\n<\/ul>\n","protected":false},"featured_media":19982,"comment_status":"open","ping_status":"closed","template":"","meta":{"ocean_post_layout":"","ocean_both_sidebars_style":"","ocean_both_sidebars_content_width":0,"ocean_both_sidebars_sidebars_width":0,"ocean_sidebar":"0","ocean_second_sidebar":"0","ocean_disable_margins":"enable","ocean_add_body_class":"","ocean_shortcode_before_top_bar":"","ocean_shortcode_after_top_bar":"","ocean_shortcode_before_header":"","ocean_shortcode_after_header":"","ocean_has_shortcode":"","ocean_shortcode_after_title":"","ocean_shortcode_before_footer_widgets":"","ocean_shortcode_after_footer_widgets":"","ocean_shortcode_before_footer_bottom":"","ocean_shortcode_after_footer_bottom":"","ocean_display_top_bar":"default","ocean_display_header":"default","ocean_header_style":"","ocean_center_header_left_menu":"0","ocean_custom_header_template":"0","ocean_custom_logo":0,"ocean_custom_retina_logo":0,"ocean_custom_logo_max_width":0,"ocean_custom_logo_tablet_max_width":0,"ocean_custom_logo_mobile_max_width":0,"ocean_custom_logo_max_height":0,"ocean_custom_logo_tablet_max_height":0,"ocean_custom_logo_mobile_max_height":0,"ocean_header_custom_menu":"0","ocean_menu_typo_font_family":"0","ocean_menu_typo_font_subset":"","ocean_menu_typo_font_size":0,"ocean_menu_typo_font_size_tablet":0,"ocean_menu_typo_font_size_mobile":0,"ocean_menu_typo_font_size_unit":"px","ocean_menu_typo_font_weight":"","ocean_menu_typo_font_weight_tablet":"","ocean_menu_typo_font_weight_mobile":"","ocean_menu_typo_transform":"","ocean_menu_typo_transform_tablet":"","ocean_menu_typo_transform_mobile":"","ocean_menu_typo_line_height":0,"ocean_menu_typo_line_height_tablet":0,"ocean_menu_typo_line_height_mobile":0,"ocean_menu_typo_line_height_unit":"","ocean_menu_typo_spacing":0,"ocean_menu_typo_spacing_tablet":0,"ocean_menu_typo_spacing_mobile":0,"ocean_menu_typo_spacing_unit":"","ocean_menu_link_color":"","ocean_menu_link_color_hover":"","ocean_menu_link_color_active":"","ocean_menu_link_background":"","ocean_menu_link_hover_background":"","ocean_menu_link_active_background":"","ocean_menu_social_links_bg":"","ocean_menu_social_hover_links_bg":"","ocean_menu_social_links_color":"","ocean_menu_social_hover_links_color":"","ocean_disable_title":"default","ocean_disable_heading":"default","ocean_post_title":"","ocean_post_subheading":"","ocean_post_title_style":"","ocean_post_title_background_color":"","ocean_post_title_background":0,"ocean_post_title_bg_image_position":"","ocean_post_title_bg_image_attachment":"","ocean_post_title_bg_image_repeat":"","ocean_post_title_bg_image_size":"","ocean_post_title_height":0,"ocean_post_title_bg_overlay":0.5,"ocean_post_title_bg_overlay_color":"","ocean_disable_breadcrumbs":"default","ocean_breadcrumbs_color":"","ocean_breadcrumbs_separator_color":"","ocean_breadcrumbs_links_color":"","ocean_breadcrumbs_links_hover_color":"","ocean_display_footer_widgets":"default","ocean_display_footer_bottom":"default","ocean_custom_footer_template":"0","osh_disable_topbar_sticky":"default","osh_disable_header_sticky":"default","osh_sticky_header_style":"default","osh_sticky_header_effect":"","osh_custom_sticky_logo":0,"osh_custom_retina_sticky_logo":0,"osh_custom_sticky_logo_height":0,"osh_background_color":"","osh_links_color":"","osh_links_hover_color":"","osh_links_active_color":"","osh_links_bg_color":"","osh_links_hover_bg_color":"","osh_links_active_bg_color":"","osh_menu_social_links_color":"","osh_menu_social_hover_links_color":""},"product_brand":[],"product_cat":[6633,6644,6668,6714,6677,6718,6706],"product_tag":[],"class_list":{"0":"post-24616","1":"product","2":"type-product","3":"status-publish","4":"has-post-thumbnail","6":"product_cat-baby-boy-sweater-vest-cardigan","7":"product_cat-baby-sweater-vest-cardigan","8":"product_cat-boy-sweater-vest-cardigan","9":"product_cat-chatgpt-a-dit-newborn-sweaters-cardigans-and-vests","10":"product_cat-child-sweater-vest-cardigan","11":"product_cat-clothing","12":"product_cat-newborn-boy-sweaters-cardigans-knitwear","14":"entry","15":"has-media","17":"first","18":"instock","19":"taxable","20":"shipping-taxable","21":"purchasable","22":"product-type-variable","23":"has-default-attributes","24":"col","25":"span_1_of_3","26":"owp-content-center","27":"owp-thumbs-layout-vertical","28":"owp-btn-big","29":"owp-tabs-layout-vertical","30":"circle-sale"},"yoast_head":"<!-- This site is optimized with the Yoast SEO plugin v27.1.1 - https:\/\/yoast.com\/product\/yoast-seo-wordpress\/ -->\n<title>Collared baby boy sweater - Taupe - Voyage de la Baleine<\/title>\n<meta name=\"description\" content=\"Our taupe collared baby boy sweater embodies the discreet and timeless elegance so cherished by the Voyage de la Baleine universe.\" \/>\n<meta name=\"robots\" content=\"index, follow, max-snippet:-1, max-image-preview:large, max-video-preview:-1\" \/>\n<link rel=\"canonical\" href=\"https:\/\/voyagedelabaleine.fr\/en\/product\/collared-baby-boy-sweater-taupe\/\" \/>\n<meta property=\"og:locale\" content=\"en_US\" \/>\n<meta property=\"og:type\" content=\"article\" \/>\n<meta property=\"og:title\" content=\"Collared baby boy sweater - Taupe - Voyage de la Baleine\" \/>\n<meta property=\"og:description\" content=\"Our taupe collared baby boy sweater embodies the discreet and timeless elegance so cherished by the Voyage de la Baleine universe.\" \/>\n<meta property=\"og:url\" content=\"https:\/\/voyagedelabaleine.fr\/en\/product\/collared-baby-boy-sweater-taupe\/\" \/>\n<meta property=\"og:site_name\" content=\"Voyage de la Baleine\" \/>\n<meta property=\"article:publisher\" content=\"https:\/\/www.facebook.com\/voyagedelabaleine\/\" \/>\n<meta property=\"article:modified_time\" content=\"2025-12-11T17:08:38+00:00\" \/>\n<meta property=\"og:image\" content=\"https:\/\/voyagedelabaleine.fr\/wp-content\/uploads\/2025\/07\/pull-col-bebe-garcon-taupe-1.jpg\" \/>\n\t<meta property=\"og:image:width\" content=\"1200\" \/>\n\t<meta property=\"og:image:height\" content=\"1600\" \/>\n\t<meta property=\"og:image:type\" content=\"image\/jpeg\" \/>\n<meta name=\"twitter:card\" content=\"summary_large_image\" \/>\n<meta name=\"twitter:label1\" content=\"Est. reading time\" \/>\n\t<meta name=\"twitter:data1\" content=\"2 minutes\" \/>\n<script type=\"application\/ld+json\" class=\"yoast-schema-graph\">{\"@context\":\"https:\/\/schema.org\",\"@graph\":[{\"@type\":\"WebPage\",\"@id\":\"https:\/\/voyagedelabaleine.fr\/en\/product\/collared-baby-boy-sweater-taupe\/\",\"url\":\"https:\/\/voyagedelabaleine.fr\/en\/product\/collared-baby-boy-sweater-taupe\/\",\"name\":\"Collared baby boy sweater - Taupe - Voyage de la Baleine\",\"isPartOf\":{\"@id\":\"https:\/\/voyagedelabaleine.fr\/en\/#website\"},\"primaryImageOfPage\":{\"@id\":\"https:\/\/voyagedelabaleine.fr\/en\/product\/collared-baby-boy-sweater-taupe\/#primaryimage\"},\"image\":{\"@id\":\"https:\/\/voyagedelabaleine.fr\/en\/product\/collared-baby-boy-sweater-taupe\/#primaryimage\"},\"thumbnailUrl\":\"https:\/\/voyagedelabaleine.fr\/wp-content\/uploads\/2025\/07\/pull-col-bebe-garcon-taupe-1.jpg\",\"datePublished\":\"2025-10-07T15:43:40+00:00\",\"dateModified\":\"2025-12-11T17:08:38+00:00\",\"description\":\"Our taupe collared baby boy sweater embodies the discreet and timeless elegance so cherished by the Voyage de la Baleine universe.\",\"breadcrumb\":{\"@id\":\"https:\/\/voyagedelabaleine.fr\/en\/product\/collared-baby-boy-sweater-taupe\/#breadcrumb\"},\"inLanguage\":\"en-US\",\"potentialAction\":[{\"@type\":\"ReadAction\",\"target\":[\"https:\/\/voyagedelabaleine.fr\/en\/product\/collared-baby-boy-sweater-taupe\/\"]}]},{\"@type\":\"ImageObject\",\"inLanguage\":\"en-US\",\"@id\":\"https:\/\/voyagedelabaleine.fr\/en\/product\/collared-baby-boy-sweater-taupe\/#primaryimage\",\"url\":\"https:\/\/voyagedelabaleine.fr\/wp-content\/uploads\/2025\/07\/pull-col-bebe-garcon-taupe-1.jpg\",\"contentUrl\":\"https:\/\/voyagedelabaleine.fr\/wp-content\/uploads\/2025\/07\/pull-col-bebe-garcon-taupe-1.jpg\",\"width\":1200,\"height\":1600,\"caption\":\"Pull \u00e0 col b\u00e9b\u00e9 gar\u00e7on taupe avec poche d\u00e9corative\"},{\"@type\":\"BreadcrumbList\",\"@id\":\"https:\/\/voyagedelabaleine.fr\/en\/product\/collared-baby-boy-sweater-taupe\/#breadcrumb\",\"itemListElement\":[{\"@type\":\"ListItem\",\"position\":1,\"name\":\"Accueil\",\"item\":\"https:\/\/voyagedelabaleine.fr\/en\/timeless-refined-clothing-babies-children\/\"},{\"@type\":\"ListItem\",\"position\":2,\"name\":\"All collection\",\"item\":\"https:\/\/voyagedelabaleine.fr\/en\/shop\/\"},{\"@type\":\"ListItem\",\"position\":3,\"name\":\"Collared baby boy sweater &#8211; Taupe\"}]},{\"@type\":\"WebSite\",\"@id\":\"https:\/\/voyagedelabaleine.fr\/en\/#website\",\"url\":\"https:\/\/voyagedelabaleine.fr\/en\/\",\"name\":\"Voyage de la Baleine\",\"description\":\"V\u00eatements intemporels et raffin\u00e9s pour b\u00e9b\u00e9s et enfants\",\"publisher\":{\"@id\":\"https:\/\/voyagedelabaleine.fr\/en\/#organization\"},\"potentialAction\":[{\"@type\":\"SearchAction\",\"target\":{\"@type\":\"EntryPoint\",\"urlTemplate\":\"https:\/\/voyagedelabaleine.fr\/en\/?s={search_term_string}\"},\"query-input\":{\"@type\":\"PropertyValueSpecification\",\"valueRequired\":true,\"valueName\":\"search_term_string\"}}],\"inLanguage\":\"en-US\"},{\"@type\":\"Organization\",\"@id\":\"https:\/\/voyagedelabaleine.fr\/en\/#organization\",\"name\":\"Voyage de la Baleine\",\"url\":\"https:\/\/voyagedelabaleine.fr\/en\/\",\"logo\":{\"@type\":\"ImageObject\",\"inLanguage\":\"en-US\",\"@id\":\"https:\/\/voyagedelabaleine.fr\/en\/#\/schema\/logo\/image\/\",\"url\":\"https:\/\/voyagedelabaleine.fr\/wp-content\/uploads\/2025\/06\/logo.webp\",\"contentUrl\":\"https:\/\/voyagedelabaleine.fr\/wp-content\/uploads\/2025\/06\/logo.webp\",\"width\":153,\"height\":64,\"caption\":\"Voyage de la Baleine\"},\"image\":{\"@id\":\"https:\/\/voyagedelabaleine.fr\/en\/#\/schema\/logo\/image\/\"},\"sameAs\":[\"https:\/\/www.facebook.com\/voyagedelabaleine\/\",\"https:\/\/www.instagram.com\/voyagedelabaleine\/\",\"https:\/\/www.pinterest.fr\/Voyagedelabaleine\/\"]}]}<\/script>\n<!-- \/ Yoast SEO plugin. -->","yoast_head_json":{"title":"Collared baby boy sweater - Taupe - Voyage de la Baleine","description":"Our taupe collared baby boy sweater embodies the discreet and timeless elegance so cherished by the Voyage de la Baleine universe.","robots":{"index":"index","follow":"follow","max-snippet":"max-snippet:-1","max-image-preview":"max-image-preview:large","max-video-preview":"max-video-preview:-1"},"canonical":"https:\/\/voyagedelabaleine.fr\/en\/product\/collared-baby-boy-sweater-taupe\/","og_locale":"en_US","og_type":"article","og_title":"Collared baby boy sweater - Taupe - Voyage de la Baleine","og_description":"Our taupe collared baby boy sweater embodies the discreet and timeless elegance so cherished by the Voyage de la Baleine universe.","og_url":"https:\/\/voyagedelabaleine.fr\/en\/product\/collared-baby-boy-sweater-taupe\/","og_site_name":"Voyage de la Baleine","article_publisher":"https:\/\/www.facebook.com\/voyagedelabaleine\/","article_modified_time":"2025-12-11T17:08:38+00:00","og_image":[{"width":1200,"height":1600,"url":"https:\/\/voyagedelabaleine.fr\/wp-content\/uploads\/2025\/07\/pull-col-bebe-garcon-taupe-1.jpg","type":"image\/jpeg"}],"twitter_card":"summary_large_image","twitter_misc":{"Est. reading time":"2 minutes"},"schema":{"@context":"https:\/\/schema.org","@graph":[{"@type":"WebPage","@id":"https:\/\/voyagedelabaleine.fr\/en\/product\/collared-baby-boy-sweater-taupe\/","url":"https:\/\/voyagedelabaleine.fr\/en\/product\/collared-baby-boy-sweater-taupe\/","name":"Collared baby boy sweater - Taupe - Voyage de la Baleine","isPartOf":{"@id":"https:\/\/voyagedelabaleine.fr\/en\/#website"},"primaryImageOfPage":{"@id":"https:\/\/voyagedelabaleine.fr\/en\/product\/collared-baby-boy-sweater-taupe\/#primaryimage"},"image":{"@id":"https:\/\/voyagedelabaleine.fr\/en\/product\/collared-baby-boy-sweater-taupe\/#primaryimage"},"thumbnailUrl":"https:\/\/voyagedelabaleine.fr\/wp-content\/uploads\/2025\/07\/pull-col-bebe-garcon-taupe-1.jpg","datePublished":"2025-10-07T15:43:40+00:00","dateModified":"2025-12-11T17:08:38+00:00","description":"Our taupe collared baby boy sweater embodies the discreet and timeless elegance so cherished by the Voyage de la Baleine universe.","breadcrumb":{"@id":"https:\/\/voyagedelabaleine.fr\/en\/product\/collared-baby-boy-sweater-taupe\/#breadcrumb"},"inLanguage":"en-US","potentialAction":[{"@type":"ReadAction","target":["https:\/\/voyagedelabaleine.fr\/en\/product\/collared-baby-boy-sweater-taupe\/"]}]},{"@type":"ImageObject","inLanguage":"en-US","@id":"https:\/\/voyagedelabaleine.fr\/en\/product\/collared-baby-boy-sweater-taupe\/#primaryimage","url":"https:\/\/voyagedelabaleine.fr\/wp-content\/uploads\/2025\/07\/pull-col-bebe-garcon-taupe-1.jpg","contentUrl":"https:\/\/voyagedelabaleine.fr\/wp-content\/uploads\/2025\/07\/pull-col-bebe-garcon-taupe-1.jpg","width":1200,"height":1600,"caption":"Pull \u00e0 col b\u00e9b\u00e9 gar\u00e7on taupe avec poche d\u00e9corative"},{"@type":"BreadcrumbList","@id":"https:\/\/voyagedelabaleine.fr\/en\/product\/collared-baby-boy-sweater-taupe\/#breadcrumb","itemListElement":[{"@type":"ListItem","position":1,"name":"Accueil","item":"https:\/\/voyagedelabaleine.fr\/en\/timeless-refined-clothing-babies-children\/"},{"@type":"ListItem","position":2,"name":"All collection","item":"https:\/\/voyagedelabaleine.fr\/en\/shop\/"},{"@type":"ListItem","position":3,"name":"Collared baby boy sweater &#8211; Taupe"}]},{"@type":"WebSite","@id":"https:\/\/voyagedelabaleine.fr\/en\/#website","url":"https:\/\/voyagedelabaleine.fr\/en\/","name":"Voyage de la Baleine","description":"V\u00eatements intemporels et raffin\u00e9s pour b\u00e9b\u00e9s et enfants","publisher":{"@id":"https:\/\/voyagedelabaleine.fr\/en\/#organization"},"potentialAction":[{"@type":"SearchAction","target":{"@type":"EntryPoint","urlTemplate":"https:\/\/voyagedelabaleine.fr\/en\/?s={search_term_string}"},"query-input":{"@type":"PropertyValueSpecification","valueRequired":true,"valueName":"search_term_string"}}],"inLanguage":"en-US"},{"@type":"Organization","@id":"https:\/\/voyagedelabaleine.fr\/en\/#organization","name":"Voyage de la Baleine","url":"https:\/\/voyagedelabaleine.fr\/en\/","logo":{"@type":"ImageObject","inLanguage":"en-US","@id":"https:\/\/voyagedelabaleine.fr\/en\/#\/schema\/logo\/image\/","url":"https:\/\/voyagedelabaleine.fr\/wp-content\/uploads\/2025\/06\/logo.webp","contentUrl":"https:\/\/voyagedelabaleine.fr\/wp-content\/uploads\/2025\/06\/logo.webp","width":153,"height":64,"caption":"Voyage de la Baleine"},"image":{"@id":"https:\/\/voyagedelabaleine.fr\/en\/#\/schema\/logo\/image\/"},"sameAs":["https:\/\/www.facebook.com\/voyagedelabaleine\/","https:\/\/www.instagram.com\/voyagedelabaleine\/","https:\/\/www.pinterest.fr\/Voyagedelabaleine\/"]}]}},"_links":{"self":[{"href":"https:\/\/voyagedelabaleine.fr\/en\/wp-json\/wp\/v2\/product\/24616","targetHints":{"allow":["GET"]}}],"collection":[{"href":"https:\/\/voyagedelabaleine.fr\/en\/wp-json\/wp\/v2\/product"}],"about":[{"href":"https:\/\/voyagedelabaleine.fr\/en\/wp-json\/wp\/v2\/types\/product"}],"replies":[{"embeddable":true,"href":"https:\/\/voyagedelabaleine.fr\/en\/wp-json\/wp\/v2\/comments?post=24616"}],"wp:featuredmedia":[{"embeddable":true,"href":"https:\/\/voyagedelabaleine.fr\/en\/wp-json\/wp\/v2\/media\/19982"}],"wp:attachment":[{"href":"https:\/\/voyagedelabaleine.fr\/en\/wp-json\/wp\/v2\/media?parent=24616"}],"wp:term":[{"taxonomy":"product_brand","embeddable":true,"href":"https:\/\/voyagedelabaleine.fr\/en\/wp-json\/wp\/v2\/product_brand?post=24616"},{"taxonomy":"product_cat","embeddable":true,"href":"https:\/\/voyagedelabaleine.fr\/en\/wp-json\/wp\/v2\/product_cat?post=24616"},{"taxonomy":"product_tag","embeddable":true,"href":"https:\/\/voyagedelabaleine.fr\/en\/wp-json\/wp\/v2\/product_tag?post=24616"}],"curies":[{"name":"wp","href":"https:\/\/api.w.org\/{rel}","templated":true}]}}