{"id":24667,"date":"2025-09-03T12:28:10","date_gmt":"2025-09-03T10:28:10","guid":{"rendered":"https:\/\/voyagedelabaleine.fr\/product\/baby-girl-plaid-romper-with-embroidered-collar-grey\/"},"modified":"2025-09-03T12:28:10","modified_gmt":"2025-09-03T10:28:10","slug":"baby-girl-plaid-romper-with-embroidered-collar-grey","status":"publish","type":"product","link":"https:\/\/voyagedelabaleine.fr\/en\/product\/baby-girl-plaid-romper-with-embroidered-collar-grey\/","title":{"rendered":"Baby girl plaid romper with embroidered collar &#8211; Grey"},"content":{"rendered":"<h3 data-start=\"90\" data-end=\"122\">Retro elegance for baby<\/h3>\n<p data-start=\"124\" data-end=\"502\">Our <strong data-start=\"130\" data-end=\"188\">grey plaid baby romper with embroidered collar<\/strong> embodies the timeless elegance we love to convey at Voyage de la Baleine. With its <strong data-start=\"285\" data-end=\"327\">long sleeves with gathered cuffs<\/strong> and refined fit, it offers a sophisticated style while remaining comfortable, perfect for accompanying baby in their daily discoveries or during precious family moments. <\/p>\n<h3 data-start=\"509\" data-end=\"548\">A delicately crafted embroidered Collar<\/h3>\n<p data-start=\"550\" data-end=\"899\">The large <strong data-start=\"560\" data-end=\"619\">ecru collar, embroidered with flowers and openwork details<\/strong>, catches the eye while adding a poetic touch. It gently frames baby&#8217;s face and brightens the entire outfit. This piece, with its old-world charm, pairs perfectly with wool tights or little knee-high socks for a harmonious silhouette.  <\/p>\n<h3 data-start=\"906\" data-end=\"945\">Practical and thoughtful finishes<\/h3>\n<p data-start=\"947\" data-end=\"1283\">Featuring a <strong data-start=\"959\" data-end=\"989\">button placket at the back<\/strong> and <strong data-start=\"996\" data-end=\"1031\">snaps at the crotch<\/strong>, this romper makes daily dressing and changing effortless. Crafted from <strong data-start=\"1115\" data-end=\"1134\">100% soft cotton<\/strong>, it respects baby&#8217;s delicate skin while ensuring excellent durability even after washing, making it an essential in every little one&#8217;s wardrobe. <\/p>\n<h3 data-start=\"1290\" data-end=\"1339\">A chic and easy-to-match plaid print<\/h3>\n<p data-start=\"1341\" data-end=\"1688\">The <strong data-start=\"1345\" data-end=\"1384\">elegant grey and beige plaid<\/strong> allows this romper to be paired with ecru, grey, or burgundy vests or cardigans to vary styles while maintaining a coordinated look. It is perfect for both everyday wear and family gatherings, offering a perfect balance between sophistication and comfort. <\/p>\n<h3 data-start=\"1645\" data-end=\"1681\">A Coordinated Duo for Siblings<\/h3>\n<p data-start=\"1683\" data-end=\"2012\">This baby girl romper was designed to perfectly match the <a href=\"https:\/\/voyagedelabaleine.fr\/product\/barboteuse-bebe-garcon-carreaux-gris\/\">Baby Boy Plaid Romper &#8211; Grey<\/a> from our collection, allowing for the elegant creation of coordinated sibling looks.<\/p>\n<p data-start=\"1695\" data-end=\"1834\"><em data-start=\"1695\" data-end=\"1834\">A refined garment that celebrates the precious simplicity of childhood, while enveloping baby in elegance and softness, day after day.<\/em><\/p>\n<p data-start=\"1836\" data-end=\"1855\">Made in Spain.<\/p>\n","protected":false},"excerpt":{"rendered":"<ul>\n<li>Fastened with a button placket at the back<\/li>\n<li>Snaps at the crotch<\/li>\n<li>100% cotton<\/li>\n<li>Made in Spain<br \/>\n<em>This romper runs slightly small. If you are between two sizes, choose the larger size.<\/em><\/li>\n<\/ul>\n","protected":false},"featured_media":19933,"comment_status":"open","ping_status":"closed","template":"","meta":{"ocean_post_layout":"","ocean_both_sidebars_style":"","ocean_both_sidebars_content_width":0,"ocean_both_sidebars_sidebars_width":0,"ocean_sidebar":"0","ocean_second_sidebar":"0","ocean_disable_margins":"enable","ocean_add_body_class":"","ocean_shortcode_before_top_bar":"","ocean_shortcode_after_top_bar":"","ocean_shortcode_before_header":"","ocean_shortcode_after_header":"","ocean_has_shortcode":"","ocean_shortcode_after_title":"","ocean_shortcode_before_footer_widgets":"","ocean_shortcode_after_footer_widgets":"","ocean_shortcode_before_footer_bottom":"","ocean_shortcode_after_footer_bottom":"","ocean_display_top_bar":"default","ocean_display_header":"default","ocean_header_style":"","ocean_center_header_left_menu":"0","ocean_custom_header_template":"0","ocean_custom_logo":0,"ocean_custom_retina_logo":0,"ocean_custom_logo_max_width":0,"ocean_custom_logo_tablet_max_width":0,"ocean_custom_logo_mobile_max_width":0,"ocean_custom_logo_max_height":0,"ocean_custom_logo_tablet_max_height":0,"ocean_custom_logo_mobile_max_height":0,"ocean_header_custom_menu":"0","ocean_menu_typo_font_family":"0","ocean_menu_typo_font_subset":"","ocean_menu_typo_font_size":0,"ocean_menu_typo_font_size_tablet":0,"ocean_menu_typo_font_size_mobile":0,"ocean_menu_typo_font_size_unit":"px","ocean_menu_typo_font_weight":"","ocean_menu_typo_font_weight_tablet":"","ocean_menu_typo_font_weight_mobile":"","ocean_menu_typo_transform":"","ocean_menu_typo_transform_tablet":"","ocean_menu_typo_transform_mobile":"","ocean_menu_typo_line_height":0,"ocean_menu_typo_line_height_tablet":0,"ocean_menu_typo_line_height_mobile":0,"ocean_menu_typo_line_height_unit":"","ocean_menu_typo_spacing":0,"ocean_menu_typo_spacing_tablet":0,"ocean_menu_typo_spacing_mobile":0,"ocean_menu_typo_spacing_unit":"","ocean_menu_link_color":"","ocean_menu_link_color_hover":"","ocean_menu_link_color_active":"","ocean_menu_link_background":"","ocean_menu_link_hover_background":"","ocean_menu_link_active_background":"","ocean_menu_social_links_bg":"","ocean_menu_social_hover_links_bg":"","ocean_menu_social_links_color":"","ocean_menu_social_hover_links_color":"","ocean_disable_title":"default","ocean_disable_heading":"default","ocean_post_title":"","ocean_post_subheading":"","ocean_post_title_style":"","ocean_post_title_background_color":"","ocean_post_title_background":0,"ocean_post_title_bg_image_position":"","ocean_post_title_bg_image_attachment":"","ocean_post_title_bg_image_repeat":"","ocean_post_title_bg_image_size":"","ocean_post_title_height":0,"ocean_post_title_bg_overlay":0.5,"ocean_post_title_bg_overlay_color":"","ocean_disable_breadcrumbs":"default","ocean_breadcrumbs_color":"","ocean_breadcrumbs_separator_color":"","ocean_breadcrumbs_links_color":"","ocean_breadcrumbs_links_hover_color":"","ocean_display_footer_widgets":"default","ocean_display_footer_bottom":"default","ocean_custom_footer_template":"0","osh_disable_topbar_sticky":"default","osh_disable_header_sticky":"default","osh_sticky_header_style":"default","osh_sticky_header_effect":"","osh_custom_sticky_logo":0,"osh_custom_retina_sticky_logo":0,"osh_custom_sticky_logo_height":0,"osh_background_color":"","osh_links_color":"","osh_links_hover_color":"","osh_links_active_color":"","osh_links_bg_color":"","osh_links_hover_bg_color":"","osh_links_active_bg_color":"","osh_menu_social_links_color":"","osh_menu_social_hover_links_color":""},"product_brand":[],"product_cat":[6612,6639,6718,6688,6710],"product_tag":[],"class_list":{"0":"post-24667","1":"product","2":"type-product","3":"status-publish","4":"has-post-thumbnail","6":"product_cat-baby-girl-romper-overall","7":"product_cat-baby-romper-overall","8":"product_cat-clothing","9":"product_cat-newborn-girl-rompers-overalls","10":"product_cat-newborn-rompers-and-overalls","12":"entry","13":"has-media","15":"first","16":"instock","17":"taxable","18":"shipping-taxable","19":"purchasable","20":"product-type-variable","21":"has-default-attributes","22":"col","23":"span_1_of_3","24":"owp-content-center","25":"owp-thumbs-layout-vertical","26":"owp-btn-big","27":"owp-tabs-layout-vertical","28":"circle-sale"},"yoast_head":"<!-- This site is optimized with the Yoast SEO plugin v27.1.1 - https:\/\/yoast.com\/product\/yoast-seo-wordpress\/ -->\n<title>Baby girl plaid romper with embroidered collar - Grey - Voyage de la Baleine<\/title>\n<meta name=\"description\" content=\"Our grey plaid baby romper with embroidered collar embodies the timeless elegance we love to convey at Voyage de la Baleine.\" \/>\n<meta name=\"robots\" content=\"index, follow, max-snippet:-1, max-image-preview:large, max-video-preview:-1\" \/>\n<link rel=\"canonical\" href=\"https:\/\/voyagedelabaleine.fr\/en\/product\/baby-girl-plaid-romper-with-embroidered-collar-grey\/\" \/>\n<meta property=\"og:locale\" content=\"en_US\" \/>\n<meta property=\"og:type\" content=\"article\" \/>\n<meta property=\"og:title\" content=\"Baby girl plaid romper with embroidered collar - Grey - Voyage de la Baleine\" \/>\n<meta property=\"og:description\" content=\"Our grey plaid baby romper with embroidered collar embodies the timeless elegance we love to convey at Voyage de la Baleine.\" \/>\n<meta property=\"og:url\" content=\"https:\/\/voyagedelabaleine.fr\/en\/product\/baby-girl-plaid-romper-with-embroidered-collar-grey\/\" \/>\n<meta property=\"og:site_name\" content=\"Voyage de la Baleine\" \/>\n<meta property=\"article:publisher\" content=\"https:\/\/www.facebook.com\/voyagedelabaleine\/\" \/>\n<meta property=\"og:image\" content=\"https:\/\/voyagedelabaleine.fr\/wp-content\/uploads\/2025\/07\/barboteuse-bebe-fille-carreaux-collerette-gris-1.jpg\" \/>\n\t<meta property=\"og:image:width\" content=\"834\" \/>\n\t<meta property=\"og:image:height\" content=\"1113\" \/>\n\t<meta property=\"og:image:type\" content=\"image\/jpeg\" \/>\n<meta name=\"twitter:card\" content=\"summary_large_image\" \/>\n<meta name=\"twitter:label1\" content=\"Est. reading time\" \/>\n\t<meta name=\"twitter:data1\" content=\"1 minute\" \/>\n<script type=\"application\/ld+json\" class=\"yoast-schema-graph\">{\"@context\":\"https:\/\/schema.org\",\"@graph\":[{\"@type\":\"WebPage\",\"@id\":\"https:\/\/voyagedelabaleine.fr\/en\/product\/baby-girl-plaid-romper-with-embroidered-collar-grey\/\",\"url\":\"https:\/\/voyagedelabaleine.fr\/en\/product\/baby-girl-plaid-romper-with-embroidered-collar-grey\/\",\"name\":\"Baby girl plaid romper with embroidered collar - Grey - Voyage de la Baleine\",\"isPartOf\":{\"@id\":\"https:\/\/voyagedelabaleine.fr\/en\/#website\"},\"primaryImageOfPage\":{\"@id\":\"https:\/\/voyagedelabaleine.fr\/en\/product\/baby-girl-plaid-romper-with-embroidered-collar-grey\/#primaryimage\"},\"image\":{\"@id\":\"https:\/\/voyagedelabaleine.fr\/en\/product\/baby-girl-plaid-romper-with-embroidered-collar-grey\/#primaryimage\"},\"thumbnailUrl\":\"https:\/\/voyagedelabaleine.fr\/wp-content\/uploads\/2025\/07\/barboteuse-bebe-fille-carreaux-collerette-gris-1.jpg\",\"datePublished\":\"2025-09-03T10:28:10+00:00\",\"description\":\"Our grey plaid baby romper with embroidered collar embodies the timeless elegance we love to convey at Voyage de la Baleine.\",\"breadcrumb\":{\"@id\":\"https:\/\/voyagedelabaleine.fr\/en\/product\/baby-girl-plaid-romper-with-embroidered-collar-grey\/#breadcrumb\"},\"inLanguage\":\"en-US\",\"potentialAction\":[{\"@type\":\"ReadAction\",\"target\":[\"https:\/\/voyagedelabaleine.fr\/en\/product\/baby-girl-plaid-romper-with-embroidered-collar-grey\/\"]}]},{\"@type\":\"ImageObject\",\"inLanguage\":\"en-US\",\"@id\":\"https:\/\/voyagedelabaleine.fr\/en\/product\/baby-girl-plaid-romper-with-embroidered-collar-grey\/#primaryimage\",\"url\":\"https:\/\/voyagedelabaleine.fr\/wp-content\/uploads\/2025\/07\/barboteuse-bebe-fille-carreaux-collerette-gris-1.jpg\",\"contentUrl\":\"https:\/\/voyagedelabaleine.fr\/wp-content\/uploads\/2025\/07\/barboteuse-bebe-fille-carreaux-collerette-gris-1.jpg\",\"width\":834,\"height\":1113,\"caption\":\"Barboteuse b\u00e9b\u00e9 fille grise \u00e0 carreaux beige et grande collerette blanche brod\u00e9e\"},{\"@type\":\"BreadcrumbList\",\"@id\":\"https:\/\/voyagedelabaleine.fr\/en\/product\/baby-girl-plaid-romper-with-embroidered-collar-grey\/#breadcrumb\",\"itemListElement\":[{\"@type\":\"ListItem\",\"position\":1,\"name\":\"Accueil\",\"item\":\"https:\/\/voyagedelabaleine.fr\/en\/timeless-refined-clothing-babies-children\/\"},{\"@type\":\"ListItem\",\"position\":2,\"name\":\"All collection\",\"item\":\"https:\/\/voyagedelabaleine.fr\/en\/shop\/\"},{\"@type\":\"ListItem\",\"position\":3,\"name\":\"Baby girl plaid romper with embroidered collar &#8211; Grey\"}]},{\"@type\":\"WebSite\",\"@id\":\"https:\/\/voyagedelabaleine.fr\/en\/#website\",\"url\":\"https:\/\/voyagedelabaleine.fr\/en\/\",\"name\":\"Voyage de la Baleine\",\"description\":\"V\u00eatements intemporels et raffin\u00e9s pour b\u00e9b\u00e9s et enfants\",\"publisher\":{\"@id\":\"https:\/\/voyagedelabaleine.fr\/en\/#organization\"},\"potentialAction\":[{\"@type\":\"SearchAction\",\"target\":{\"@type\":\"EntryPoint\",\"urlTemplate\":\"https:\/\/voyagedelabaleine.fr\/en\/?s={search_term_string}\"},\"query-input\":{\"@type\":\"PropertyValueSpecification\",\"valueRequired\":true,\"valueName\":\"search_term_string\"}}],\"inLanguage\":\"en-US\"},{\"@type\":\"Organization\",\"@id\":\"https:\/\/voyagedelabaleine.fr\/en\/#organization\",\"name\":\"Voyage de la Baleine\",\"url\":\"https:\/\/voyagedelabaleine.fr\/en\/\",\"logo\":{\"@type\":\"ImageObject\",\"inLanguage\":\"en-US\",\"@id\":\"https:\/\/voyagedelabaleine.fr\/en\/#\/schema\/logo\/image\/\",\"url\":\"https:\/\/voyagedelabaleine.fr\/wp-content\/uploads\/2025\/06\/logo.webp\",\"contentUrl\":\"https:\/\/voyagedelabaleine.fr\/wp-content\/uploads\/2025\/06\/logo.webp\",\"width\":153,\"height\":64,\"caption\":\"Voyage de la Baleine\"},\"image\":{\"@id\":\"https:\/\/voyagedelabaleine.fr\/en\/#\/schema\/logo\/image\/\"},\"sameAs\":[\"https:\/\/www.facebook.com\/voyagedelabaleine\/\",\"https:\/\/www.instagram.com\/voyagedelabaleine\/\",\"https:\/\/www.pinterest.fr\/Voyagedelabaleine\/\"]}]}<\/script>\n<!-- \/ Yoast SEO plugin. -->","yoast_head_json":{"title":"Baby girl plaid romper with embroidered collar - Grey - Voyage de la Baleine","description":"Our grey plaid baby romper with embroidered collar embodies the timeless elegance we love to convey at Voyage de la Baleine.","robots":{"index":"index","follow":"follow","max-snippet":"max-snippet:-1","max-image-preview":"max-image-preview:large","max-video-preview":"max-video-preview:-1"},"canonical":"https:\/\/voyagedelabaleine.fr\/en\/product\/baby-girl-plaid-romper-with-embroidered-collar-grey\/","og_locale":"en_US","og_type":"article","og_title":"Baby girl plaid romper with embroidered collar - Grey - Voyage de la Baleine","og_description":"Our grey plaid baby romper with embroidered collar embodies the timeless elegance we love to convey at Voyage de la Baleine.","og_url":"https:\/\/voyagedelabaleine.fr\/en\/product\/baby-girl-plaid-romper-with-embroidered-collar-grey\/","og_site_name":"Voyage de la Baleine","article_publisher":"https:\/\/www.facebook.com\/voyagedelabaleine\/","og_image":[{"width":834,"height":1113,"url":"https:\/\/voyagedelabaleine.fr\/wp-content\/uploads\/2025\/07\/barboteuse-bebe-fille-carreaux-collerette-gris-1.jpg","type":"image\/jpeg"}],"twitter_card":"summary_large_image","twitter_misc":{"Est. reading time":"1 minute"},"schema":{"@context":"https:\/\/schema.org","@graph":[{"@type":"WebPage","@id":"https:\/\/voyagedelabaleine.fr\/en\/product\/baby-girl-plaid-romper-with-embroidered-collar-grey\/","url":"https:\/\/voyagedelabaleine.fr\/en\/product\/baby-girl-plaid-romper-with-embroidered-collar-grey\/","name":"Baby girl plaid romper with embroidered collar - Grey - Voyage de la Baleine","isPartOf":{"@id":"https:\/\/voyagedelabaleine.fr\/en\/#website"},"primaryImageOfPage":{"@id":"https:\/\/voyagedelabaleine.fr\/en\/product\/baby-girl-plaid-romper-with-embroidered-collar-grey\/#primaryimage"},"image":{"@id":"https:\/\/voyagedelabaleine.fr\/en\/product\/baby-girl-plaid-romper-with-embroidered-collar-grey\/#primaryimage"},"thumbnailUrl":"https:\/\/voyagedelabaleine.fr\/wp-content\/uploads\/2025\/07\/barboteuse-bebe-fille-carreaux-collerette-gris-1.jpg","datePublished":"2025-09-03T10:28:10+00:00","description":"Our grey plaid baby romper with embroidered collar embodies the timeless elegance we love to convey at Voyage de la Baleine.","breadcrumb":{"@id":"https:\/\/voyagedelabaleine.fr\/en\/product\/baby-girl-plaid-romper-with-embroidered-collar-grey\/#breadcrumb"},"inLanguage":"en-US","potentialAction":[{"@type":"ReadAction","target":["https:\/\/voyagedelabaleine.fr\/en\/product\/baby-girl-plaid-romper-with-embroidered-collar-grey\/"]}]},{"@type":"ImageObject","inLanguage":"en-US","@id":"https:\/\/voyagedelabaleine.fr\/en\/product\/baby-girl-plaid-romper-with-embroidered-collar-grey\/#primaryimage","url":"https:\/\/voyagedelabaleine.fr\/wp-content\/uploads\/2025\/07\/barboteuse-bebe-fille-carreaux-collerette-gris-1.jpg","contentUrl":"https:\/\/voyagedelabaleine.fr\/wp-content\/uploads\/2025\/07\/barboteuse-bebe-fille-carreaux-collerette-gris-1.jpg","width":834,"height":1113,"caption":"Barboteuse b\u00e9b\u00e9 fille grise \u00e0 carreaux beige et grande collerette blanche brod\u00e9e"},{"@type":"BreadcrumbList","@id":"https:\/\/voyagedelabaleine.fr\/en\/product\/baby-girl-plaid-romper-with-embroidered-collar-grey\/#breadcrumb","itemListElement":[{"@type":"ListItem","position":1,"name":"Accueil","item":"https:\/\/voyagedelabaleine.fr\/en\/timeless-refined-clothing-babies-children\/"},{"@type":"ListItem","position":2,"name":"All collection","item":"https:\/\/voyagedelabaleine.fr\/en\/shop\/"},{"@type":"ListItem","position":3,"name":"Baby girl plaid romper with embroidered collar &#8211; Grey"}]},{"@type":"WebSite","@id":"https:\/\/voyagedelabaleine.fr\/en\/#website","url":"https:\/\/voyagedelabaleine.fr\/en\/","name":"Voyage de la Baleine","description":"V\u00eatements intemporels et raffin\u00e9s pour b\u00e9b\u00e9s et enfants","publisher":{"@id":"https:\/\/voyagedelabaleine.fr\/en\/#organization"},"potentialAction":[{"@type":"SearchAction","target":{"@type":"EntryPoint","urlTemplate":"https:\/\/voyagedelabaleine.fr\/en\/?s={search_term_string}"},"query-input":{"@type":"PropertyValueSpecification","valueRequired":true,"valueName":"search_term_string"}}],"inLanguage":"en-US"},{"@type":"Organization","@id":"https:\/\/voyagedelabaleine.fr\/en\/#organization","name":"Voyage de la Baleine","url":"https:\/\/voyagedelabaleine.fr\/en\/","logo":{"@type":"ImageObject","inLanguage":"en-US","@id":"https:\/\/voyagedelabaleine.fr\/en\/#\/schema\/logo\/image\/","url":"https:\/\/voyagedelabaleine.fr\/wp-content\/uploads\/2025\/06\/logo.webp","contentUrl":"https:\/\/voyagedelabaleine.fr\/wp-content\/uploads\/2025\/06\/logo.webp","width":153,"height":64,"caption":"Voyage de la Baleine"},"image":{"@id":"https:\/\/voyagedelabaleine.fr\/en\/#\/schema\/logo\/image\/"},"sameAs":["https:\/\/www.facebook.com\/voyagedelabaleine\/","https:\/\/www.instagram.com\/voyagedelabaleine\/","https:\/\/www.pinterest.fr\/Voyagedelabaleine\/"]}]}},"_links":{"self":[{"href":"https:\/\/voyagedelabaleine.fr\/en\/wp-json\/wp\/v2\/product\/24667","targetHints":{"allow":["GET"]}}],"collection":[{"href":"https:\/\/voyagedelabaleine.fr\/en\/wp-json\/wp\/v2\/product"}],"about":[{"href":"https:\/\/voyagedelabaleine.fr\/en\/wp-json\/wp\/v2\/types\/product"}],"replies":[{"embeddable":true,"href":"https:\/\/voyagedelabaleine.fr\/en\/wp-json\/wp\/v2\/comments?post=24667"}],"wp:featuredmedia":[{"embeddable":true,"href":"https:\/\/voyagedelabaleine.fr\/en\/wp-json\/wp\/v2\/media\/19933"}],"wp:attachment":[{"href":"https:\/\/voyagedelabaleine.fr\/en\/wp-json\/wp\/v2\/media?parent=24667"}],"wp:term":[{"taxonomy":"product_brand","embeddable":true,"href":"https:\/\/voyagedelabaleine.fr\/en\/wp-json\/wp\/v2\/product_brand?post=24667"},{"taxonomy":"product_cat","embeddable":true,"href":"https:\/\/voyagedelabaleine.fr\/en\/wp-json\/wp\/v2\/product_cat?post=24667"},{"taxonomy":"product_tag","embeddable":true,"href":"https:\/\/voyagedelabaleine.fr\/en\/wp-json\/wp\/v2\/product_tag?post=24667"}],"curies":[{"name":"wp","href":"https:\/\/api.w.org\/{rel}","templated":true}]}}