{"id":24806,"date":"2025-08-29T17:08:19","date_gmt":"2025-08-29T15:08:19","guid":{"rendered":"https:\/\/voyagedelabaleine.fr\/product\/unisex-baby-cardigan-grey\/"},"modified":"2026-01-14T23:34:44","modified_gmt":"2026-01-14T22:34:44","slug":"unisex-baby-cardigan-grey","status":"publish","type":"product","link":"https:\/\/voyagedelabaleine.fr\/en\/product\/unisex-baby-cardigan-grey\/","title":{"rendered":"Unisex Baby Cardigan &#8211; Grey"},"content":{"rendered":"<h3 data-start=\"135\" data-end=\"180\">A soft and refined baby cardigan containing merino wool<\/h3>\n<p data-start=\"182\" data-end=\"439\">Our<strong data-start=\"185\" data-end=\"210\"> grey unisex baby cardigan<\/strong> is a timeless piece, perfect for elegantly warming up your baby&#8217;s outfits. Its pale grey hue, enhanced with <strong data-start=\"336\" data-end=\"381\">sky blue and off-white winter patterns<\/strong>, adds a delicate and poetic touch to their wardrobe. <\/p>\n<h3 data-start=\"441\" data-end=\"479\">A warm merino wool knit<\/h3>\n<p data-start=\"481\" data-end=\"806\">Crafted from a <strong data-start=\"503\" data-end=\"549\">soft knit composed of 50% merino wool<\/strong>, this cardigan offers warmth, comfort, and breathability, keeping baby snug without ever weighing them down. Merino wool is renowned for its softness, lightness, and thermoregulating properties, ideal for the delicate skin of little ones. <\/p>\n<h3 data-start=\"808\" data-end=\"851\">Easy to put on, practical for everyday wear<\/h3>\n<p data-start=\"853\" data-end=\"1100\">This cardigan slips easily over a blouse, bodysuit, or romper thanks to its comfortable cut and practical front buttons. A piece designed to simplify dressing while adding an elegant touch to baby&#8217;s outfits. <\/p>\n<h3 data-start=\"1102\" data-end=\"1140\">Details that make a difference<\/h3>\n<p data-start=\"1142\" data-end=\"1397\">The <strong data-start=\"1146\" data-end=\"1191\">sky blue and off-white winter patterns<\/strong> bring a warm and childlike touch, perfect for the cold season. This cardigan is both chic and easy to match, pairing equally well with a casual outfit or a more dressed-up ensemble. <\/p>\n<h3 data-start=\"1399\" data-end=\"1444\">An essential for baby&#8217;s refined wardrobe<\/h3>\n<p data-start=\"1446\" data-end=\"1775\">At <strong data-start=\"1451\" data-end=\"1475\">Voyage de la Baleine<\/strong>, we select pieces designed to last and be passed down from generation to generation, combining comfort, quality, and timeless style. This <strong data-start=\"1622\" data-end=\"1664\">grey unisex merino wool baby cardigan<\/strong> perfectly embodies this philosophy, becoming a soft and indispensable part of baby&#8217;s wardrobe. <\/p>\n<p data-start=\"1782\" data-end=\"1947\"><em>Offer your baby warmth and elegance with this merino wool cardigan featuring winter patterns, for comfortable and tender winter days.<\/em><\/p>\n<p data-start=\"1782\" data-end=\"1947\">Made in Spain.<\/p>\n","protected":false},"excerpt":{"rendered":"<ul>\n<li>Round neckline<\/li>\n<li>Closed with a button placket<\/li>\n<li>50% merino wool, 50% acrylic<\/li>\n<li>Made in Spain<br \/>\n<em>This cardigan fits true to size. Choose your usual size.<\/em><\/li>\n<\/ul>\n","protected":false},"featured_media":23719,"comment_status":"open","ping_status":"closed","template":"","meta":{"ocean_post_layout":"","ocean_both_sidebars_style":"","ocean_both_sidebars_content_width":0,"ocean_both_sidebars_sidebars_width":0,"ocean_sidebar":"0","ocean_second_sidebar":"0","ocean_disable_margins":"enable","ocean_add_body_class":"","ocean_shortcode_before_top_bar":"","ocean_shortcode_after_top_bar":"","ocean_shortcode_before_header":"","ocean_shortcode_after_header":"","ocean_has_shortcode":"","ocean_shortcode_after_title":"","ocean_shortcode_before_footer_widgets":"","ocean_shortcode_after_footer_widgets":"","ocean_shortcode_before_footer_bottom":"","ocean_shortcode_after_footer_bottom":"","ocean_display_top_bar":"default","ocean_display_header":"default","ocean_header_style":"","ocean_center_header_left_menu":"0","ocean_custom_header_template":"0","ocean_custom_logo":0,"ocean_custom_retina_logo":0,"ocean_custom_logo_max_width":0,"ocean_custom_logo_tablet_max_width":0,"ocean_custom_logo_mobile_max_width":0,"ocean_custom_logo_max_height":0,"ocean_custom_logo_tablet_max_height":0,"ocean_custom_logo_mobile_max_height":0,"ocean_header_custom_menu":"0","ocean_menu_typo_font_family":"0","ocean_menu_typo_font_subset":"","ocean_menu_typo_font_size":0,"ocean_menu_typo_font_size_tablet":0,"ocean_menu_typo_font_size_mobile":0,"ocean_menu_typo_font_size_unit":"px","ocean_menu_typo_font_weight":"","ocean_menu_typo_font_weight_tablet":"","ocean_menu_typo_font_weight_mobile":"","ocean_menu_typo_transform":"","ocean_menu_typo_transform_tablet":"","ocean_menu_typo_transform_mobile":"","ocean_menu_typo_line_height":0,"ocean_menu_typo_line_height_tablet":0,"ocean_menu_typo_line_height_mobile":0,"ocean_menu_typo_line_height_unit":"","ocean_menu_typo_spacing":0,"ocean_menu_typo_spacing_tablet":0,"ocean_menu_typo_spacing_mobile":0,"ocean_menu_typo_spacing_unit":"","ocean_menu_link_color":"","ocean_menu_link_color_hover":"","ocean_menu_link_color_active":"","ocean_menu_link_background":"","ocean_menu_link_hover_background":"","ocean_menu_link_active_background":"","ocean_menu_social_links_bg":"","ocean_menu_social_hover_links_bg":"","ocean_menu_social_links_color":"","ocean_menu_social_hover_links_color":"","ocean_disable_title":"default","ocean_disable_heading":"default","ocean_post_title":"","ocean_post_subheading":"","ocean_post_title_style":"","ocean_post_title_background_color":"","ocean_post_title_background":0,"ocean_post_title_bg_image_position":"","ocean_post_title_bg_image_attachment":"","ocean_post_title_bg_image_repeat":"","ocean_post_title_bg_image_size":"","ocean_post_title_height":0,"ocean_post_title_bg_overlay":0.5,"ocean_post_title_bg_overlay_color":"","ocean_disable_breadcrumbs":"default","ocean_breadcrumbs_color":"","ocean_breadcrumbs_separator_color":"","ocean_breadcrumbs_links_color":"","ocean_breadcrumbs_links_hover_color":"","ocean_display_footer_widgets":"default","ocean_display_footer_bottom":"default","ocean_custom_footer_template":"0","osh_disable_topbar_sticky":"default","osh_disable_header_sticky":"default","osh_sticky_header_style":"default","osh_sticky_header_effect":"","osh_custom_sticky_logo":0,"osh_custom_retina_sticky_logo":0,"osh_custom_sticky_logo_height":0,"osh_background_color":"","osh_links_color":"","osh_links_hover_color":"","osh_links_active_color":"","osh_links_bg_color":"","osh_links_hover_bg_color":"","osh_links_active_bg_color":"","osh_menu_social_links_color":"","osh_menu_social_hover_links_color":""},"product_brand":[],"product_cat":[6633,6620,6644,6668,6714,6677,6718,6658,6706,6695],"product_tag":[],"class_list":{"0":"post-24806","1":"product","2":"type-product","3":"status-publish","4":"has-post-thumbnail","6":"product_cat-baby-boy-sweater-vest-cardigan","7":"product_cat-baby-girl-sweater-vest-cardigan","8":"product_cat-baby-sweater-vest-cardigan","9":"product_cat-boy-sweater-vest-cardigan","10":"product_cat-chatgpt-a-dit-newborn-sweaters-cardigans-and-vests","11":"product_cat-child-sweater-vest-cardigan","12":"product_cat-clothing","13":"product_cat-girl-sweater-vest-cardigan","14":"product_cat-newborn-boy-sweaters-cardigans-knitwear","15":"product_cat-newborn-girl-sweaters-cardigans-knitwear","17":"entry","18":"has-media","20":"first","21":"instock","22":"taxable","23":"shipping-taxable","24":"purchasable","25":"product-type-variable","26":"has-default-attributes","27":"has-rating","28":"col","29":"span_1_of_3","30":"owp-content-center","31":"owp-thumbs-layout-vertical","32":"owp-btn-big","33":"owp-tabs-layout-vertical","34":"circle-sale"},"yoast_head":"<!-- This site is optimized with the Yoast SEO plugin v27.1.1 - https:\/\/yoast.com\/product\/yoast-seo-wordpress\/ -->\n<title>Unisex Baby Cardigan - Grey - Voyage de la Baleine<\/title>\n<meta name=\"description\" content=\"Our grey unisex baby cardigan is a timeless piece, ideal for elegantly warming up your baby&#039;s outfits. Made in Spain.\" \/>\n<meta name=\"robots\" content=\"index, follow, max-snippet:-1, max-image-preview:large, max-video-preview:-1\" \/>\n<link rel=\"canonical\" href=\"https:\/\/voyagedelabaleine.fr\/en\/product\/unisex-baby-cardigan-grey\/\" \/>\n<meta property=\"og:locale\" content=\"en_US\" \/>\n<meta property=\"og:type\" content=\"article\" \/>\n<meta property=\"og:title\" content=\"Unisex Baby Cardigan - Grey - Voyage de la Baleine\" \/>\n<meta property=\"og:description\" content=\"Our grey unisex baby cardigan is a timeless piece, ideal for elegantly warming up your baby&#039;s outfits. Made in Spain.\" \/>\n<meta property=\"og:url\" content=\"https:\/\/voyagedelabaleine.fr\/en\/product\/unisex-baby-cardigan-grey\/\" \/>\n<meta property=\"og:site_name\" content=\"Voyage de la Baleine\" \/>\n<meta property=\"article:publisher\" content=\"https:\/\/www.facebook.com\/voyagedelabaleine\/\" \/>\n<meta property=\"article:modified_time\" content=\"2026-01-14T22:34:44+00:00\" \/>\n<meta property=\"og:image\" content=\"https:\/\/voyagedelabaleine.fr\/wp-content\/uploads\/2025\/08\/pull-enfant-laine-motif-hiver.jpg\" \/>\n\t<meta property=\"og:image:width\" content=\"1500\" \/>\n\t<meta property=\"og:image:height\" content=\"1999\" \/>\n\t<meta property=\"og:image:type\" content=\"image\/jpeg\" \/>\n<meta name=\"twitter:card\" content=\"summary_large_image\" \/>\n<meta name=\"twitter:label1\" content=\"Est. reading time\" \/>\n\t<meta name=\"twitter:data1\" content=\"1 minute\" \/>\n<script type=\"application\/ld+json\" class=\"yoast-schema-graph\">{\"@context\":\"https:\/\/schema.org\",\"@graph\":[{\"@type\":\"WebPage\",\"@id\":\"https:\/\/voyagedelabaleine.fr\/en\/product\/unisex-baby-cardigan-grey\/\",\"url\":\"https:\/\/voyagedelabaleine.fr\/en\/product\/unisex-baby-cardigan-grey\/\",\"name\":\"Unisex Baby Cardigan - Grey - Voyage de la Baleine\",\"isPartOf\":{\"@id\":\"https:\/\/voyagedelabaleine.fr\/en\/#website\"},\"primaryImageOfPage\":{\"@id\":\"https:\/\/voyagedelabaleine.fr\/en\/product\/unisex-baby-cardigan-grey\/#primaryimage\"},\"image\":{\"@id\":\"https:\/\/voyagedelabaleine.fr\/en\/product\/unisex-baby-cardigan-grey\/#primaryimage\"},\"thumbnailUrl\":\"https:\/\/voyagedelabaleine.fr\/wp-content\/uploads\/2025\/08\/pull-enfant-laine-motif-hiver.jpg\",\"datePublished\":\"2025-08-29T15:08:19+00:00\",\"dateModified\":\"2026-01-14T22:34:44+00:00\",\"description\":\"Our grey unisex baby cardigan is a timeless piece, ideal for elegantly warming up your baby's outfits. Made in Spain.\",\"breadcrumb\":{\"@id\":\"https:\/\/voyagedelabaleine.fr\/en\/product\/unisex-baby-cardigan-grey\/#breadcrumb\"},\"inLanguage\":\"en-US\",\"potentialAction\":[{\"@type\":\"ReadAction\",\"target\":[\"https:\/\/voyagedelabaleine.fr\/en\/product\/unisex-baby-cardigan-grey\/\"]}]},{\"@type\":\"ImageObject\",\"inLanguage\":\"en-US\",\"@id\":\"https:\/\/voyagedelabaleine.fr\/en\/product\/unisex-baby-cardigan-grey\/#primaryimage\",\"url\":\"https:\/\/voyagedelabaleine.fr\/wp-content\/uploads\/2025\/08\/pull-enfant-laine-motif-hiver.jpg\",\"contentUrl\":\"https:\/\/voyagedelabaleine.fr\/wp-content\/uploads\/2025\/08\/pull-enfant-laine-motif-hiver.jpg\",\"width\":1500,\"height\":1999,\"caption\":\"Gilet b\u00e9b\u00e9 mixte gris \u00e0 encolure ronde et motifs hivernaux port\u00e9 par une petite fille\"},{\"@type\":\"BreadcrumbList\",\"@id\":\"https:\/\/voyagedelabaleine.fr\/en\/product\/unisex-baby-cardigan-grey\/#breadcrumb\",\"itemListElement\":[{\"@type\":\"ListItem\",\"position\":1,\"name\":\"Accueil\",\"item\":\"https:\/\/voyagedelabaleine.fr\/en\/timeless-refined-clothing-babies-children\/\"},{\"@type\":\"ListItem\",\"position\":2,\"name\":\"All collection\",\"item\":\"https:\/\/voyagedelabaleine.fr\/en\/shop\/\"},{\"@type\":\"ListItem\",\"position\":3,\"name\":\"Unisex Baby Cardigan &#8211; Grey\"}]},{\"@type\":\"WebSite\",\"@id\":\"https:\/\/voyagedelabaleine.fr\/en\/#website\",\"url\":\"https:\/\/voyagedelabaleine.fr\/en\/\",\"name\":\"Voyage de la Baleine\",\"description\":\"V\u00eatements intemporels et raffin\u00e9s pour b\u00e9b\u00e9s et enfants\",\"publisher\":{\"@id\":\"https:\/\/voyagedelabaleine.fr\/en\/#organization\"},\"potentialAction\":[{\"@type\":\"SearchAction\",\"target\":{\"@type\":\"EntryPoint\",\"urlTemplate\":\"https:\/\/voyagedelabaleine.fr\/en\/?s={search_term_string}\"},\"query-input\":{\"@type\":\"PropertyValueSpecification\",\"valueRequired\":true,\"valueName\":\"search_term_string\"}}],\"inLanguage\":\"en-US\"},{\"@type\":\"Organization\",\"@id\":\"https:\/\/voyagedelabaleine.fr\/en\/#organization\",\"name\":\"Voyage de la Baleine\",\"url\":\"https:\/\/voyagedelabaleine.fr\/en\/\",\"logo\":{\"@type\":\"ImageObject\",\"inLanguage\":\"en-US\",\"@id\":\"https:\/\/voyagedelabaleine.fr\/en\/#\/schema\/logo\/image\/\",\"url\":\"https:\/\/voyagedelabaleine.fr\/wp-content\/uploads\/2025\/06\/logo.webp\",\"contentUrl\":\"https:\/\/voyagedelabaleine.fr\/wp-content\/uploads\/2025\/06\/logo.webp\",\"width\":153,\"height\":64,\"caption\":\"Voyage de la Baleine\"},\"image\":{\"@id\":\"https:\/\/voyagedelabaleine.fr\/en\/#\/schema\/logo\/image\/\"},\"sameAs\":[\"https:\/\/www.facebook.com\/voyagedelabaleine\/\",\"https:\/\/www.instagram.com\/voyagedelabaleine\/\",\"https:\/\/www.pinterest.fr\/Voyagedelabaleine\/\"]}]}<\/script>\n<!-- \/ Yoast SEO plugin. -->","yoast_head_json":{"title":"Unisex Baby Cardigan - Grey - Voyage de la Baleine","description":"Our grey unisex baby cardigan is a timeless piece, ideal for elegantly warming up your baby's outfits. Made in Spain.","robots":{"index":"index","follow":"follow","max-snippet":"max-snippet:-1","max-image-preview":"max-image-preview:large","max-video-preview":"max-video-preview:-1"},"canonical":"https:\/\/voyagedelabaleine.fr\/en\/product\/unisex-baby-cardigan-grey\/","og_locale":"en_US","og_type":"article","og_title":"Unisex Baby Cardigan - Grey - Voyage de la Baleine","og_description":"Our grey unisex baby cardigan is a timeless piece, ideal for elegantly warming up your baby's outfits. Made in Spain.","og_url":"https:\/\/voyagedelabaleine.fr\/en\/product\/unisex-baby-cardigan-grey\/","og_site_name":"Voyage de la Baleine","article_publisher":"https:\/\/www.facebook.com\/voyagedelabaleine\/","article_modified_time":"2026-01-14T22:34:44+00:00","og_image":[{"width":1500,"height":1999,"url":"https:\/\/voyagedelabaleine.fr\/wp-content\/uploads\/2025\/08\/pull-enfant-laine-motif-hiver.jpg","type":"image\/jpeg"}],"twitter_card":"summary_large_image","twitter_misc":{"Est. reading time":"1 minute"},"schema":{"@context":"https:\/\/schema.org","@graph":[{"@type":"WebPage","@id":"https:\/\/voyagedelabaleine.fr\/en\/product\/unisex-baby-cardigan-grey\/","url":"https:\/\/voyagedelabaleine.fr\/en\/product\/unisex-baby-cardigan-grey\/","name":"Unisex Baby Cardigan - Grey - Voyage de la Baleine","isPartOf":{"@id":"https:\/\/voyagedelabaleine.fr\/en\/#website"},"primaryImageOfPage":{"@id":"https:\/\/voyagedelabaleine.fr\/en\/product\/unisex-baby-cardigan-grey\/#primaryimage"},"image":{"@id":"https:\/\/voyagedelabaleine.fr\/en\/product\/unisex-baby-cardigan-grey\/#primaryimage"},"thumbnailUrl":"https:\/\/voyagedelabaleine.fr\/wp-content\/uploads\/2025\/08\/pull-enfant-laine-motif-hiver.jpg","datePublished":"2025-08-29T15:08:19+00:00","dateModified":"2026-01-14T22:34:44+00:00","description":"Our grey unisex baby cardigan is a timeless piece, ideal for elegantly warming up your baby's outfits. Made in Spain.","breadcrumb":{"@id":"https:\/\/voyagedelabaleine.fr\/en\/product\/unisex-baby-cardigan-grey\/#breadcrumb"},"inLanguage":"en-US","potentialAction":[{"@type":"ReadAction","target":["https:\/\/voyagedelabaleine.fr\/en\/product\/unisex-baby-cardigan-grey\/"]}]},{"@type":"ImageObject","inLanguage":"en-US","@id":"https:\/\/voyagedelabaleine.fr\/en\/product\/unisex-baby-cardigan-grey\/#primaryimage","url":"https:\/\/voyagedelabaleine.fr\/wp-content\/uploads\/2025\/08\/pull-enfant-laine-motif-hiver.jpg","contentUrl":"https:\/\/voyagedelabaleine.fr\/wp-content\/uploads\/2025\/08\/pull-enfant-laine-motif-hiver.jpg","width":1500,"height":1999,"caption":"Gilet b\u00e9b\u00e9 mixte gris \u00e0 encolure ronde et motifs hivernaux port\u00e9 par une petite fille"},{"@type":"BreadcrumbList","@id":"https:\/\/voyagedelabaleine.fr\/en\/product\/unisex-baby-cardigan-grey\/#breadcrumb","itemListElement":[{"@type":"ListItem","position":1,"name":"Accueil","item":"https:\/\/voyagedelabaleine.fr\/en\/timeless-refined-clothing-babies-children\/"},{"@type":"ListItem","position":2,"name":"All collection","item":"https:\/\/voyagedelabaleine.fr\/en\/shop\/"},{"@type":"ListItem","position":3,"name":"Unisex Baby Cardigan &#8211; Grey"}]},{"@type":"WebSite","@id":"https:\/\/voyagedelabaleine.fr\/en\/#website","url":"https:\/\/voyagedelabaleine.fr\/en\/","name":"Voyage de la Baleine","description":"V\u00eatements intemporels et raffin\u00e9s pour b\u00e9b\u00e9s et enfants","publisher":{"@id":"https:\/\/voyagedelabaleine.fr\/en\/#organization"},"potentialAction":[{"@type":"SearchAction","target":{"@type":"EntryPoint","urlTemplate":"https:\/\/voyagedelabaleine.fr\/en\/?s={search_term_string}"},"query-input":{"@type":"PropertyValueSpecification","valueRequired":true,"valueName":"search_term_string"}}],"inLanguage":"en-US"},{"@type":"Organization","@id":"https:\/\/voyagedelabaleine.fr\/en\/#organization","name":"Voyage de la Baleine","url":"https:\/\/voyagedelabaleine.fr\/en\/","logo":{"@type":"ImageObject","inLanguage":"en-US","@id":"https:\/\/voyagedelabaleine.fr\/en\/#\/schema\/logo\/image\/","url":"https:\/\/voyagedelabaleine.fr\/wp-content\/uploads\/2025\/06\/logo.webp","contentUrl":"https:\/\/voyagedelabaleine.fr\/wp-content\/uploads\/2025\/06\/logo.webp","width":153,"height":64,"caption":"Voyage de la Baleine"},"image":{"@id":"https:\/\/voyagedelabaleine.fr\/en\/#\/schema\/logo\/image\/"},"sameAs":["https:\/\/www.facebook.com\/voyagedelabaleine\/","https:\/\/www.instagram.com\/voyagedelabaleine\/","https:\/\/www.pinterest.fr\/Voyagedelabaleine\/"]}]}},"_links":{"self":[{"href":"https:\/\/voyagedelabaleine.fr\/en\/wp-json\/wp\/v2\/product\/24806","targetHints":{"allow":["GET"]}}],"collection":[{"href":"https:\/\/voyagedelabaleine.fr\/en\/wp-json\/wp\/v2\/product"}],"about":[{"href":"https:\/\/voyagedelabaleine.fr\/en\/wp-json\/wp\/v2\/types\/product"}],"replies":[{"embeddable":true,"href":"https:\/\/voyagedelabaleine.fr\/en\/wp-json\/wp\/v2\/comments?post=24806"}],"wp:featuredmedia":[{"embeddable":true,"href":"https:\/\/voyagedelabaleine.fr\/en\/wp-json\/wp\/v2\/media\/23719"}],"wp:attachment":[{"href":"https:\/\/voyagedelabaleine.fr\/en\/wp-json\/wp\/v2\/media?parent=24806"}],"wp:term":[{"taxonomy":"product_brand","embeddable":true,"href":"https:\/\/voyagedelabaleine.fr\/en\/wp-json\/wp\/v2\/product_brand?post=24806"},{"taxonomy":"product_cat","embeddable":true,"href":"https:\/\/voyagedelabaleine.fr\/en\/wp-json\/wp\/v2\/product_cat?post=24806"},{"taxonomy":"product_tag","embeddable":true,"href":"https:\/\/voyagedelabaleine.fr\/en\/wp-json\/wp\/v2\/product_tag?post=24806"}],"curies":[{"name":"wp","href":"https:\/\/api.w.org\/{rel}","templated":true}]}}