{"id":25172,"date":"2025-08-25T14:38:20","date_gmt":"2025-08-25T12:38:20","guid":{"rendered":"https:\/\/voyagedelabaleine.fr\/product\/girls-skirt-and-round-neck-shirt-set-grey-white\/"},"modified":"2025-08-25T14:38:20","modified_gmt":"2025-08-25T12:38:20","slug":"girls-skirt-and-round-neck-shirt-set-grey-white","status":"publish","type":"product","link":"https:\/\/voyagedelabaleine.fr\/en\/product\/girls-skirt-and-round-neck-shirt-set-grey-white\/","title":{"rendered":"Girl&#8217;s Skirt and Round-Neck Shirt Set &#8211; Grey\/White"},"content":{"rendered":"<h3 data-start=\"125\" data-end=\"160\">A Refined and Practical Set<\/h3>\n<p data-start=\"162\" data-end=\"602\">Discover our <strong data-start=\"178\" data-end=\"288\">girl&#8217;s set, featuring a grey\/green plaid ruffled skirt and a white cotton gauze shirt<\/strong>, designed to dress your child elegantly for everyday wear and special occasions. This set combines comfort, sophistication, and practicality, all while upholding the timeless aesthetic we champion, to offer your child an outfit that allows them to move freely while being beautifully dressed. <\/p>\n<h3 data-start=\"609\" data-end=\"648\">A Plaid Skirt with Retro Charm<\/h3>\n<p data-start=\"650\" data-end=\"1147\">The <strong data-start=\"653\" data-end=\"691\">elasticated waist ruffled skirt<\/strong> stands out with its grey plaid fabric delicately enhanced with touches of green, evoking a retro and timeless style. The ruffles add a lovely volume for a charming childlike silhouette, while ensuring optimal comfort thanks to its soft, stretchy waistband that perfectly adapts to your child&#8217;s body. Easy to put on and wear, it accompanies the movements of little explorers throughout the day.  <\/p>\n<h3 data-start=\"1154\" data-end=\"1198\">A Delicate Shirt with Refined Details<\/h3>\n<p data-start=\"1200\" data-end=\"1647\">The <strong data-start=\"1214\" data-end=\"1260\">soft and breathable white cotton gauze shirt<\/strong> is enhanced by a <strong data-start=\"1282\" data-end=\"1319\">round collar embroidered with leaf patterns<\/strong> that add a poetic and elegant touch. Its <strong data-start=\"1371\" data-end=\"1409\">green trim on the collar and cuffs<\/strong> subtly echoes the skirt&#8217;s plaid pattern for a perfectly coordinated set. The <strong data-start=\"1507\" data-end=\"1540\">wooden buttons on the front<\/strong> add a natural finish, creating an authentic and warm feel, while also making dressing easier.  <\/p>\n<h3 data-start=\"1654\" data-end=\"1704\">A Versatile Set for All Seasons<\/h3>\n<p data-start=\"1706\" data-end=\"2109\">Worn with tights and a cardigan on cooler days or simply with knee-high socks when it&#8217;s milder, this set accompanies your child through every season. Its neat appearance makes it an ideal outfit for family outings, ceremonies, or everyday moments when you wish to maintain an elegant look while ensuring your child&#8217;s comfort. <\/p>\n<p data-start=\"2116\" data-end=\"2222\"><em data-start=\"2116\" data-end=\"2222\">A Poetic and Practical Girl&#8217;s Set to Dress Your Child with Everyday Elegance and Comfort.<\/em><\/p>\n<p data-start=\"2224\" data-end=\"2248\" data-is-last-node=\"\" data-is-only-node=\"\">Made in Spain.<\/p>\n","protected":false},"excerpt":{"rendered":"<ul>\n<li>Elasticated Waist Skirt<\/li>\n<li>Embroidered Collar Shirt<\/li>\n<li>Skirt and Shirt: 100% cotton<\/li>\n<li>Made in Spain<br \/>\n<em>This set runs true to size. Choose your usual size.<\/em><\/li>\n<\/ul>\n","protected":false},"featured_media":25173,"comment_status":"open","ping_status":"closed","template":"","meta":{"ocean_post_layout":"","ocean_both_sidebars_style":"","ocean_both_sidebars_content_width":0,"ocean_both_sidebars_sidebars_width":0,"ocean_sidebar":"0","ocean_second_sidebar":"0","ocean_disable_margins":"enable","ocean_add_body_class":"","ocean_shortcode_before_top_bar":"","ocean_shortcode_after_top_bar":"","ocean_shortcode_before_header":"","ocean_shortcode_after_header":"","ocean_has_shortcode":"","ocean_shortcode_after_title":"","ocean_shortcode_before_footer_widgets":"","ocean_shortcode_after_footer_widgets":"","ocean_shortcode_before_footer_bottom":"","ocean_shortcode_after_footer_bottom":"","ocean_display_top_bar":"default","ocean_display_header":"default","ocean_header_style":"","ocean_center_header_left_menu":"0","ocean_custom_header_template":"0","ocean_custom_logo":0,"ocean_custom_retina_logo":0,"ocean_custom_logo_max_width":0,"ocean_custom_logo_tablet_max_width":0,"ocean_custom_logo_mobile_max_width":0,"ocean_custom_logo_max_height":0,"ocean_custom_logo_tablet_max_height":0,"ocean_custom_logo_mobile_max_height":0,"ocean_header_custom_menu":"0","ocean_menu_typo_font_family":"0","ocean_menu_typo_font_subset":"","ocean_menu_typo_font_size":0,"ocean_menu_typo_font_size_tablet":0,"ocean_menu_typo_font_size_mobile":0,"ocean_menu_typo_font_size_unit":"px","ocean_menu_typo_font_weight":"","ocean_menu_typo_font_weight_tablet":"","ocean_menu_typo_font_weight_mobile":"","ocean_menu_typo_transform":"","ocean_menu_typo_transform_tablet":"","ocean_menu_typo_transform_mobile":"","ocean_menu_typo_line_height":0,"ocean_menu_typo_line_height_tablet":0,"ocean_menu_typo_line_height_mobile":0,"ocean_menu_typo_line_height_unit":"","ocean_menu_typo_spacing":0,"ocean_menu_typo_spacing_tablet":0,"ocean_menu_typo_spacing_mobile":0,"ocean_menu_typo_spacing_unit":"","ocean_menu_link_color":"","ocean_menu_link_color_hover":"","ocean_menu_link_color_active":"","ocean_menu_link_background":"","ocean_menu_link_hover_background":"","ocean_menu_link_active_background":"","ocean_menu_social_links_bg":"","ocean_menu_social_hover_links_bg":"","ocean_menu_social_links_color":"","ocean_menu_social_hover_links_color":"","ocean_disable_title":"default","ocean_disable_heading":"default","ocean_post_title":"","ocean_post_subheading":"","ocean_post_title_style":"","ocean_post_title_background_color":"","ocean_post_title_background":0,"ocean_post_title_bg_image_position":"","ocean_post_title_bg_image_attachment":"","ocean_post_title_bg_image_repeat":"","ocean_post_title_bg_image_size":"","ocean_post_title_height":0,"ocean_post_title_bg_overlay":0.5,"ocean_post_title_bg_overlay_color":"","ocean_disable_breadcrumbs":"default","ocean_breadcrumbs_color":"","ocean_breadcrumbs_separator_color":"","ocean_breadcrumbs_links_color":"","ocean_breadcrumbs_links_hover_color":"","ocean_display_footer_widgets":"default","ocean_display_footer_bottom":"default","ocean_custom_footer_template":"0","osh_disable_topbar_sticky":"default","osh_disable_header_sticky":"default","osh_sticky_header_style":"default","osh_sticky_header_effect":"","osh_custom_sticky_logo":0,"osh_custom_retina_sticky_logo":0,"osh_custom_sticky_logo_height":0,"osh_background_color":"","osh_links_color":"","osh_links_hover_color":"","osh_links_active_color":"","osh_links_bg_color":"","osh_links_hover_bg_color":"","osh_links_active_bg_color":"","osh_menu_social_links_color":"","osh_menu_social_hover_links_color":""},"product_brand":[],"product_cat":[6718,6651,6678],"product_tag":[],"class_list":{"0":"post-25172","1":"product","2":"type-product","3":"status-publish","4":"has-post-thumbnail","6":"product_cat-clothing","7":"product_cat-girl","8":"product_cat-girl-dress","10":"entry","11":"has-media","13":"first","14":"instock","15":"taxable","16":"shipping-taxable","17":"purchasable","18":"product-type-variable","19":"has-default-attributes","20":"col","21":"span_1_of_3","22":"owp-content-center","23":"owp-thumbs-layout-vertical","24":"owp-btn-big","25":"owp-tabs-layout-vertical","26":"circle-sale"},"yoast_head":"<!-- This site is optimized with the Yoast SEO plugin v27.1.1 - https:\/\/yoast.com\/product\/yoast-seo-wordpress\/ -->\n<title>Girl&#039;s Skirt and Round-Neck Shirt Set - Grey\/White - Voyage de la Baleine<\/title>\n<meta name=\"description\" content=\"Discover our girl&#039;s set, featuring a grey\/green plaid ruffled skirt and a white cotton gauze shirt.\" \/>\n<meta name=\"robots\" content=\"index, follow, max-snippet:-1, max-image-preview:large, max-video-preview:-1\" \/>\n<link rel=\"canonical\" href=\"https:\/\/voyagedelabaleine.fr\/en\/product\/girls-skirt-and-round-neck-shirt-set-grey-white\/\" \/>\n<meta property=\"og:locale\" content=\"en_US\" \/>\n<meta property=\"og:type\" content=\"article\" \/>\n<meta property=\"og:title\" content=\"Girl&#039;s Skirt and Round-Neck Shirt Set - Grey\/White - Voyage de la Baleine\" \/>\n<meta property=\"og:description\" content=\"Discover our girl&#039;s set, featuring a grey\/green plaid ruffled skirt and a white cotton gauze shirt.\" \/>\n<meta property=\"og:url\" content=\"https:\/\/voyagedelabaleine.fr\/en\/product\/girls-skirt-and-round-neck-shirt-set-grey-white\/\" \/>\n<meta property=\"og:site_name\" content=\"Voyage de la Baleine\" \/>\n<meta property=\"article:publisher\" content=\"https:\/\/www.facebook.com\/voyagedelabaleine\/\" \/>\n<meta property=\"og:image\" content=\"https:\/\/voyagedelabaleine.fr\/wp-content\/uploads\/2025\/07\/ensemble-blouse-jupe.jpg\" \/>\n\t<meta property=\"og:image:width\" content=\"1000\" \/>\n\t<meta property=\"og:image:height\" content=\"1333\" \/>\n\t<meta property=\"og:image:type\" content=\"image\/jpeg\" \/>\n<meta name=\"twitter:card\" content=\"summary_large_image\" \/>\n<meta name=\"twitter:label1\" content=\"Est. reading time\" \/>\n\t<meta name=\"twitter:data1\" content=\"1 minute\" \/>\n<script type=\"application\/ld+json\" class=\"yoast-schema-graph\">{\"@context\":\"https:\/\/schema.org\",\"@graph\":[{\"@type\":\"WebPage\",\"@id\":\"https:\/\/voyagedelabaleine.fr\/en\/product\/girls-skirt-and-round-neck-shirt-set-grey-white\/\",\"url\":\"https:\/\/voyagedelabaleine.fr\/en\/product\/girls-skirt-and-round-neck-shirt-set-grey-white\/\",\"name\":\"Girl's Skirt and Round-Neck Shirt Set - Grey\/White - Voyage de la Baleine\",\"isPartOf\":{\"@id\":\"https:\/\/voyagedelabaleine.fr\/en\/#website\"},\"primaryImageOfPage\":{\"@id\":\"https:\/\/voyagedelabaleine.fr\/en\/product\/girls-skirt-and-round-neck-shirt-set-grey-white\/#primaryimage\"},\"image\":{\"@id\":\"https:\/\/voyagedelabaleine.fr\/en\/product\/girls-skirt-and-round-neck-shirt-set-grey-white\/#primaryimage\"},\"thumbnailUrl\":\"https:\/\/voyagedelabaleine.fr\/wp-content\/uploads\/2025\/07\/ensemble-blouse-jupe.jpg\",\"datePublished\":\"2025-08-25T12:38:20+00:00\",\"description\":\"Discover our girl's set, featuring a grey\/green plaid ruffled skirt and a white cotton gauze shirt.\",\"breadcrumb\":{\"@id\":\"https:\/\/voyagedelabaleine.fr\/en\/product\/girls-skirt-and-round-neck-shirt-set-grey-white\/#breadcrumb\"},\"inLanguage\":\"en-US\",\"potentialAction\":[{\"@type\":\"ReadAction\",\"target\":[\"https:\/\/voyagedelabaleine.fr\/en\/product\/girls-skirt-and-round-neck-shirt-set-grey-white\/\"]}]},{\"@type\":\"ImageObject\",\"inLanguage\":\"en-US\",\"@id\":\"https:\/\/voyagedelabaleine.fr\/en\/product\/girls-skirt-and-round-neck-shirt-set-grey-white\/#primaryimage\",\"url\":\"https:\/\/voyagedelabaleine.fr\/wp-content\/uploads\/2025\/07\/ensemble-blouse-jupe.jpg\",\"contentUrl\":\"https:\/\/voyagedelabaleine.fr\/wp-content\/uploads\/2025\/07\/ensemble-blouse-jupe.jpg\",\"width\":1000,\"height\":1333,\"caption\":\"Girl's Grey Plaid Skirt and White Embroidered Round-Neck Shirt Set Worn by a Child\"},{\"@type\":\"BreadcrumbList\",\"@id\":\"https:\/\/voyagedelabaleine.fr\/en\/product\/girls-skirt-and-round-neck-shirt-set-grey-white\/#breadcrumb\",\"itemListElement\":[{\"@type\":\"ListItem\",\"position\":1,\"name\":\"Accueil\",\"item\":\"https:\/\/voyagedelabaleine.fr\/en\/timeless-refined-clothing-babies-children\/\"},{\"@type\":\"ListItem\",\"position\":2,\"name\":\"All collection\",\"item\":\"https:\/\/voyagedelabaleine.fr\/en\/shop\/\"},{\"@type\":\"ListItem\",\"position\":3,\"name\":\"Girl&#8217;s Skirt and Round-Neck Shirt Set &#8211; Grey\/White\"}]},{\"@type\":\"WebSite\",\"@id\":\"https:\/\/voyagedelabaleine.fr\/en\/#website\",\"url\":\"https:\/\/voyagedelabaleine.fr\/en\/\",\"name\":\"Voyage de la Baleine\",\"description\":\"V\u00eatements intemporels et raffin\u00e9s pour b\u00e9b\u00e9s et enfants\",\"publisher\":{\"@id\":\"https:\/\/voyagedelabaleine.fr\/en\/#organization\"},\"potentialAction\":[{\"@type\":\"SearchAction\",\"target\":{\"@type\":\"EntryPoint\",\"urlTemplate\":\"https:\/\/voyagedelabaleine.fr\/en\/?s={search_term_string}\"},\"query-input\":{\"@type\":\"PropertyValueSpecification\",\"valueRequired\":true,\"valueName\":\"search_term_string\"}}],\"inLanguage\":\"en-US\"},{\"@type\":\"Organization\",\"@id\":\"https:\/\/voyagedelabaleine.fr\/en\/#organization\",\"name\":\"Voyage de la Baleine\",\"url\":\"https:\/\/voyagedelabaleine.fr\/en\/\",\"logo\":{\"@type\":\"ImageObject\",\"inLanguage\":\"en-US\",\"@id\":\"https:\/\/voyagedelabaleine.fr\/en\/#\/schema\/logo\/image\/\",\"url\":\"https:\/\/voyagedelabaleine.fr\/wp-content\/uploads\/2025\/06\/logo.webp\",\"contentUrl\":\"https:\/\/voyagedelabaleine.fr\/wp-content\/uploads\/2025\/06\/logo.webp\",\"width\":153,\"height\":64,\"caption\":\"Voyage de la Baleine\"},\"image\":{\"@id\":\"https:\/\/voyagedelabaleine.fr\/en\/#\/schema\/logo\/image\/\"},\"sameAs\":[\"https:\/\/www.facebook.com\/voyagedelabaleine\/\",\"https:\/\/www.instagram.com\/voyagedelabaleine\/\",\"https:\/\/www.pinterest.fr\/Voyagedelabaleine\/\"]}]}<\/script>\n<!-- \/ Yoast SEO plugin. -->","yoast_head_json":{"title":"Girl's Skirt and Round-Neck Shirt Set - Grey\/White - Voyage de la Baleine","description":"Discover our girl's set, featuring a grey\/green plaid ruffled skirt and a white cotton gauze shirt.","robots":{"index":"index","follow":"follow","max-snippet":"max-snippet:-1","max-image-preview":"max-image-preview:large","max-video-preview":"max-video-preview:-1"},"canonical":"https:\/\/voyagedelabaleine.fr\/en\/product\/girls-skirt-and-round-neck-shirt-set-grey-white\/","og_locale":"en_US","og_type":"article","og_title":"Girl's Skirt and Round-Neck Shirt Set - Grey\/White - Voyage de la Baleine","og_description":"Discover our girl's set, featuring a grey\/green plaid ruffled skirt and a white cotton gauze shirt.","og_url":"https:\/\/voyagedelabaleine.fr\/en\/product\/girls-skirt-and-round-neck-shirt-set-grey-white\/","og_site_name":"Voyage de la Baleine","article_publisher":"https:\/\/www.facebook.com\/voyagedelabaleine\/","og_image":[{"width":1000,"height":1333,"url":"https:\/\/voyagedelabaleine.fr\/wp-content\/uploads\/2025\/07\/ensemble-blouse-jupe.jpg","type":"image\/jpeg"}],"twitter_card":"summary_large_image","twitter_misc":{"Est. reading time":"1 minute"},"schema":{"@context":"https:\/\/schema.org","@graph":[{"@type":"WebPage","@id":"https:\/\/voyagedelabaleine.fr\/en\/product\/girls-skirt-and-round-neck-shirt-set-grey-white\/","url":"https:\/\/voyagedelabaleine.fr\/en\/product\/girls-skirt-and-round-neck-shirt-set-grey-white\/","name":"Girl's Skirt and Round-Neck Shirt Set - Grey\/White - Voyage de la Baleine","isPartOf":{"@id":"https:\/\/voyagedelabaleine.fr\/en\/#website"},"primaryImageOfPage":{"@id":"https:\/\/voyagedelabaleine.fr\/en\/product\/girls-skirt-and-round-neck-shirt-set-grey-white\/#primaryimage"},"image":{"@id":"https:\/\/voyagedelabaleine.fr\/en\/product\/girls-skirt-and-round-neck-shirt-set-grey-white\/#primaryimage"},"thumbnailUrl":"https:\/\/voyagedelabaleine.fr\/wp-content\/uploads\/2025\/07\/ensemble-blouse-jupe.jpg","datePublished":"2025-08-25T12:38:20+00:00","description":"Discover our girl's set, featuring a grey\/green plaid ruffled skirt and a white cotton gauze shirt.","breadcrumb":{"@id":"https:\/\/voyagedelabaleine.fr\/en\/product\/girls-skirt-and-round-neck-shirt-set-grey-white\/#breadcrumb"},"inLanguage":"en-US","potentialAction":[{"@type":"ReadAction","target":["https:\/\/voyagedelabaleine.fr\/en\/product\/girls-skirt-and-round-neck-shirt-set-grey-white\/"]}]},{"@type":"ImageObject","inLanguage":"en-US","@id":"https:\/\/voyagedelabaleine.fr\/en\/product\/girls-skirt-and-round-neck-shirt-set-grey-white\/#primaryimage","url":"https:\/\/voyagedelabaleine.fr\/wp-content\/uploads\/2025\/07\/ensemble-blouse-jupe.jpg","contentUrl":"https:\/\/voyagedelabaleine.fr\/wp-content\/uploads\/2025\/07\/ensemble-blouse-jupe.jpg","width":1000,"height":1333,"caption":"Girl's Grey Plaid Skirt and White Embroidered Round-Neck Shirt Set Worn by a Child"},{"@type":"BreadcrumbList","@id":"https:\/\/voyagedelabaleine.fr\/en\/product\/girls-skirt-and-round-neck-shirt-set-grey-white\/#breadcrumb","itemListElement":[{"@type":"ListItem","position":1,"name":"Accueil","item":"https:\/\/voyagedelabaleine.fr\/en\/timeless-refined-clothing-babies-children\/"},{"@type":"ListItem","position":2,"name":"All collection","item":"https:\/\/voyagedelabaleine.fr\/en\/shop\/"},{"@type":"ListItem","position":3,"name":"Girl&#8217;s Skirt and Round-Neck Shirt Set &#8211; Grey\/White"}]},{"@type":"WebSite","@id":"https:\/\/voyagedelabaleine.fr\/en\/#website","url":"https:\/\/voyagedelabaleine.fr\/en\/","name":"Voyage de la Baleine","description":"V\u00eatements intemporels et raffin\u00e9s pour b\u00e9b\u00e9s et enfants","publisher":{"@id":"https:\/\/voyagedelabaleine.fr\/en\/#organization"},"potentialAction":[{"@type":"SearchAction","target":{"@type":"EntryPoint","urlTemplate":"https:\/\/voyagedelabaleine.fr\/en\/?s={search_term_string}"},"query-input":{"@type":"PropertyValueSpecification","valueRequired":true,"valueName":"search_term_string"}}],"inLanguage":"en-US"},{"@type":"Organization","@id":"https:\/\/voyagedelabaleine.fr\/en\/#organization","name":"Voyage de la Baleine","url":"https:\/\/voyagedelabaleine.fr\/en\/","logo":{"@type":"ImageObject","inLanguage":"en-US","@id":"https:\/\/voyagedelabaleine.fr\/en\/#\/schema\/logo\/image\/","url":"https:\/\/voyagedelabaleine.fr\/wp-content\/uploads\/2025\/06\/logo.webp","contentUrl":"https:\/\/voyagedelabaleine.fr\/wp-content\/uploads\/2025\/06\/logo.webp","width":153,"height":64,"caption":"Voyage de la Baleine"},"image":{"@id":"https:\/\/voyagedelabaleine.fr\/en\/#\/schema\/logo\/image\/"},"sameAs":["https:\/\/www.facebook.com\/voyagedelabaleine\/","https:\/\/www.instagram.com\/voyagedelabaleine\/","https:\/\/www.pinterest.fr\/Voyagedelabaleine\/"]}]}},"_links":{"self":[{"href":"https:\/\/voyagedelabaleine.fr\/en\/wp-json\/wp\/v2\/product\/25172","targetHints":{"allow":["GET"]}}],"collection":[{"href":"https:\/\/voyagedelabaleine.fr\/en\/wp-json\/wp\/v2\/product"}],"about":[{"href":"https:\/\/voyagedelabaleine.fr\/en\/wp-json\/wp\/v2\/types\/product"}],"replies":[{"embeddable":true,"href":"https:\/\/voyagedelabaleine.fr\/en\/wp-json\/wp\/v2\/comments?post=25172"}],"wp:featuredmedia":[{"embeddable":true,"href":"https:\/\/voyagedelabaleine.fr\/en\/wp-json\/wp\/v2\/media\/25173"}],"wp:attachment":[{"href":"https:\/\/voyagedelabaleine.fr\/en\/wp-json\/wp\/v2\/media?parent=25172"}],"wp:term":[{"taxonomy":"product_brand","embeddable":true,"href":"https:\/\/voyagedelabaleine.fr\/en\/wp-json\/wp\/v2\/product_brand?post=25172"},{"taxonomy":"product_cat","embeddable":true,"href":"https:\/\/voyagedelabaleine.fr\/en\/wp-json\/wp\/v2\/product_cat?post=25172"},{"taxonomy":"product_tag","embeddable":true,"href":"https:\/\/voyagedelabaleine.fr\/en\/wp-json\/wp\/v2\/product_tag?post=25172"}],"curies":[{"name":"wp","href":"https:\/\/api.w.org\/{rel}","templated":true}]}}