{"id":25206,"date":"2025-08-24T18:48:38","date_gmt":"2025-08-24T16:48:38","guid":{"rendered":"https:\/\/voyagedelabaleine.fr\/product\/baby-overalls-style-romper-blue\/"},"modified":"2025-08-24T18:48:38","modified_gmt":"2025-08-24T16:48:38","slug":"baby-overalls-style-romper-blue","status":"publish","type":"product","link":"https:\/\/voyagedelabaleine.fr\/en\/product\/baby-overalls-style-romper-blue\/","title":{"rendered":"Baby Overalls-Style Romper &#8211; Blue"},"content":{"rendered":"<p data-start=\"160\" data-end=\"210\">A chic and comfortable one-piece look \u2728<\/p>\n<p data-start=\"212\" data-end=\"550\">Looking for a practical, refined, and charming outfit for your little one? Our <strong data-start=\"305\" data-end=\"346\">blue overalls-style baby romper<\/strong> is the ideal choice. This unique piece combines the elegance of a plaid shirt with the timeless appeal of soft cotton overalls, creating an outfit that is both practical, joyful, and adorable.  <\/p>\n<h3 data-start=\"552\" data-end=\"589\">An Ingenious Two-in-One Outfit<\/h3>\n<p data-start=\"590\" data-end=\"978\">This <strong data-start=\"596\" data-end=\"622\">unisex baby romper<\/strong> consists of <strong data-start=\"640\" data-end=\"665\">soft blue overalls<\/strong> with a <strong data-start=\"707\" data-end=\"735\">plaid-collar shirt<\/strong> sewn directly underneath. The two parts are inseparable: no need to search for a matching top in the morning, everything is already designed for you! A subtle touch of the plaid fabric is also featured at the bottom of the legs, for an elegant and harmonious finish.  <\/p>\n<h3 data-start=\"980\" data-end=\"1019\">Everyday comfort and practicality<\/h3>\n<p data-start=\"1020\" data-end=\"1288\">Crafted from soft cotton, this romper ensures perfect comfort all day long. The <strong data-start=\"1120\" data-end=\"1150\">button placket at the back<\/strong> allows for easy and quick dressing, stress-free. Thanks to its fluid cut, your baby can move, play, and explore with complete freedom.  <\/p>\n<h3 data-start=\"1290\" data-end=\"1325\">A Timeless and Joyful Style<\/h3>\n<p data-start=\"1326\" data-end=\"1640\">With its refined plaid collar and lovely blue color, this overalls-style baby romper is sure to delight. It&#8217;s perfect for both special occasions and everyday moments: a family stroll, a birthday party, or simply enjoying the sweetness of childhood. <\/p>\n<h3 data-start=\"1642\" data-end=\"1679\">Why You&#8217;ll Love It \u2764\ufe0f<\/h3>\n<ul data-start=\"1680\" data-end=\"1954\">\n<li data-start=\"1680\" data-end=\"1748\">\n<p data-start=\"1682\" data-end=\"1748\">A <strong data-start=\"1686\" data-end=\"1723\">complete one-piece outfit<\/strong>, practical and elegant.<\/p>\n<\/li>\n<li data-start=\"1749\" data-end=\"1820\">\n<p data-start=\"1751\" data-end=\"1820\">100% cotton, soft and breathable, ideal for baby&#8217;s delicate skin.<\/p>\n<\/li>\n<li data-start=\"1821\" data-end=\"1911\">\n<p data-start=\"1823\" data-end=\"1911\">A <strong data-start=\"1832\" data-end=\"1850\">chic and joyful style<\/strong> that evokes the world of childhood with a retro touch.<\/p>\n<\/li>\n<li data-start=\"1912\" data-end=\"1954\">\n<p data-start=\"1914\" data-end=\"1954\">Easy to put on and comfortable to wear.<\/p>\n<\/li>\n<\/ul>\n<p data-start=\"1956\" data-end=\"2078\"><em>A charming garment that will quickly become one of your essentials for dressing baby with style and simplicity.<\/em><\/p>\n<p data-start=\"2085\" data-end=\"2257\" data-is-last-node=\"\" data-is-only-node=\"\">Made in Portugal.<\/p>\n","protected":false},"excerpt":{"rendered":"<ul>\n<li>An Ingenious Two-in-One Outfit<\/li>\n<li>Fastened with a snap-button placket at the back<\/li>\n<li>Snaps at the crotch<\/li>\n<li>100% cotton<\/li>\n<li>Made in Portugal<br \/>\n<em>This romper fits true to size. Choose your usual size.<\/em><\/li>\n<\/ul>\n","protected":false},"featured_media":18882,"comment_status":"open","ping_status":"closed","template":"","meta":{"ocean_post_layout":"","ocean_both_sidebars_style":"","ocean_both_sidebars_content_width":0,"ocean_both_sidebars_sidebars_width":0,"ocean_sidebar":"0","ocean_second_sidebar":"0","ocean_disable_margins":"enable","ocean_add_body_class":"","ocean_shortcode_before_top_bar":"","ocean_shortcode_after_top_bar":"","ocean_shortcode_before_header":"","ocean_shortcode_after_header":"","ocean_has_shortcode":"","ocean_shortcode_after_title":"","ocean_shortcode_before_footer_widgets":"","ocean_shortcode_after_footer_widgets":"","ocean_shortcode_before_footer_bottom":"","ocean_shortcode_after_footer_bottom":"","ocean_display_top_bar":"default","ocean_display_header":"default","ocean_header_style":"","ocean_center_header_left_menu":"0","ocean_custom_header_template":"0","ocean_custom_logo":0,"ocean_custom_retina_logo":0,"ocean_custom_logo_max_width":0,"ocean_custom_logo_tablet_max_width":0,"ocean_custom_logo_mobile_max_width":0,"ocean_custom_logo_max_height":0,"ocean_custom_logo_tablet_max_height":0,"ocean_custom_logo_mobile_max_height":0,"ocean_header_custom_menu":"0","ocean_menu_typo_font_family":"0","ocean_menu_typo_font_subset":"","ocean_menu_typo_font_size":0,"ocean_menu_typo_font_size_tablet":0,"ocean_menu_typo_font_size_mobile":0,"ocean_menu_typo_font_size_unit":"px","ocean_menu_typo_font_weight":"","ocean_menu_typo_font_weight_tablet":"","ocean_menu_typo_font_weight_mobile":"","ocean_menu_typo_transform":"","ocean_menu_typo_transform_tablet":"","ocean_menu_typo_transform_mobile":"","ocean_menu_typo_line_height":0,"ocean_menu_typo_line_height_tablet":0,"ocean_menu_typo_line_height_mobile":0,"ocean_menu_typo_line_height_unit":"","ocean_menu_typo_spacing":0,"ocean_menu_typo_spacing_tablet":0,"ocean_menu_typo_spacing_mobile":0,"ocean_menu_typo_spacing_unit":"","ocean_menu_link_color":"","ocean_menu_link_color_hover":"","ocean_menu_link_color_active":"","ocean_menu_link_background":"","ocean_menu_link_hover_background":"","ocean_menu_link_active_background":"","ocean_menu_social_links_bg":"","ocean_menu_social_hover_links_bg":"","ocean_menu_social_links_color":"","ocean_menu_social_hover_links_color":"","ocean_disable_title":"default","ocean_disable_heading":"default","ocean_post_title":"","ocean_post_subheading":"","ocean_post_title_style":"","ocean_post_title_background_color":"","ocean_post_title_background":0,"ocean_post_title_bg_image_position":"","ocean_post_title_bg_image_attachment":"","ocean_post_title_bg_image_repeat":"","ocean_post_title_bg_image_size":"","ocean_post_title_height":0,"ocean_post_title_bg_overlay":0.5,"ocean_post_title_bg_overlay_color":"","ocean_disable_breadcrumbs":"default","ocean_breadcrumbs_color":"","ocean_breadcrumbs_separator_color":"","ocean_breadcrumbs_links_color":"","ocean_breadcrumbs_links_hover_color":"","ocean_display_footer_widgets":"default","ocean_display_footer_bottom":"default","ocean_custom_footer_template":"0","osh_disable_topbar_sticky":"default","osh_disable_header_sticky":"default","osh_sticky_header_style":"default","osh_sticky_header_effect":"","osh_custom_sticky_logo":0,"osh_custom_retina_sticky_logo":0,"osh_custom_sticky_logo_height":0,"osh_background_color":"","osh_links_color":"","osh_links_hover_color":"","osh_links_active_color":"","osh_links_bg_color":"","osh_links_hover_bg_color":"","osh_links_active_bg_color":"","osh_menu_social_links_color":"","osh_menu_social_hover_links_color":""},"product_brand":[],"product_cat":[6631,6625,6642,6639,6718,6705,6699,6713,6710],"product_tag":[],"class_list":{"0":"post-25206","1":"product","2":"type-product","3":"status-publish","4":"has-post-thumbnail","6":"product_cat-baby-boy-outfits","7":"product_cat-baby-boy-romper-overall","8":"product_cat-baby-outfits","9":"product_cat-baby-romper-overall","10":"product_cat-clothing","11":"product_cat-newborn-boy-outfits","12":"product_cat-newborn-boy-rompers-overalls","13":"product_cat-newborn-outfits","14":"product_cat-newborn-rompers-and-overalls","16":"entry","17":"has-media","19":"first","20":"instock","21":"taxable","22":"shipping-taxable","23":"purchasable","24":"product-type-variable","25":"has-default-attributes","26":"col","27":"span_1_of_3","28":"owp-content-center","29":"owp-thumbs-layout-vertical","30":"owp-btn-big","31":"owp-tabs-layout-vertical","32":"circle-sale"},"yoast_head":"<!-- This site is optimized with the Yoast SEO plugin v27.1.1 - https:\/\/yoast.com\/product\/yoast-seo-wordpress\/ -->\n<title>Baby Overalls-Style Romper - Blue - Voyage de la Baleine<\/title>\n<meta name=\"description\" content=\"This unique piece combines the elegance of a plaid shirt with the timeless appeal of soft cotton overalls. Made in Portugal.\" \/>\n<meta name=\"robots\" content=\"index, follow, max-snippet:-1, max-image-preview:large, max-video-preview:-1\" \/>\n<link rel=\"canonical\" href=\"https:\/\/voyagedelabaleine.fr\/en\/product\/baby-overalls-style-romper-blue\/\" \/>\n<meta property=\"og:locale\" content=\"en_US\" \/>\n<meta property=\"og:type\" content=\"article\" \/>\n<meta property=\"og:title\" content=\"Baby Overalls-Style Romper - Blue - Voyage de la Baleine\" \/>\n<meta property=\"og:description\" content=\"This unique piece combines the elegance of a plaid shirt with the timeless appeal of soft cotton overalls. Made in Portugal.\" \/>\n<meta property=\"og:url\" content=\"https:\/\/voyagedelabaleine.fr\/en\/product\/baby-overalls-style-romper-blue\/\" \/>\n<meta property=\"og:site_name\" content=\"Voyage de la Baleine\" \/>\n<meta property=\"article:publisher\" content=\"https:\/\/www.facebook.com\/voyagedelabaleine\/\" \/>\n<meta property=\"og:image\" content=\"https:\/\/voyagedelabaleine.fr\/wp-content\/uploads\/2025\/07\/4133065_864-fotor-20250701141659.jpg\" \/>\n\t<meta property=\"og:image:width\" content=\"1200\" \/>\n\t<meta property=\"og:image:height\" content=\"1599\" \/>\n\t<meta property=\"og:image:type\" content=\"image\/jpeg\" \/>\n<meta name=\"twitter:card\" content=\"summary_large_image\" \/>\n<meta name=\"twitter:label1\" content=\"Est. reading time\" \/>\n\t<meta name=\"twitter:data1\" content=\"1 minute\" \/>\n<script type=\"application\/ld+json\" class=\"yoast-schema-graph\">{\"@context\":\"https:\/\/schema.org\",\"@graph\":[{\"@type\":\"WebPage\",\"@id\":\"https:\/\/voyagedelabaleine.fr\/en\/product\/baby-overalls-style-romper-blue\/\",\"url\":\"https:\/\/voyagedelabaleine.fr\/en\/product\/baby-overalls-style-romper-blue\/\",\"name\":\"Baby Overalls-Style Romper - Blue - Voyage de la Baleine\",\"isPartOf\":{\"@id\":\"https:\/\/voyagedelabaleine.fr\/en\/#website\"},\"primaryImageOfPage\":{\"@id\":\"https:\/\/voyagedelabaleine.fr\/en\/product\/baby-overalls-style-romper-blue\/#primaryimage\"},\"image\":{\"@id\":\"https:\/\/voyagedelabaleine.fr\/en\/product\/baby-overalls-style-romper-blue\/#primaryimage\"},\"thumbnailUrl\":\"https:\/\/voyagedelabaleine.fr\/wp-content\/uploads\/2025\/07\/4133065_864-fotor-20250701141659.jpg\",\"datePublished\":\"2025-08-24T16:48:38+00:00\",\"description\":\"This unique piece combines the elegance of a plaid shirt with the timeless appeal of soft cotton overalls. Made in Portugal.\",\"breadcrumb\":{\"@id\":\"https:\/\/voyagedelabaleine.fr\/en\/product\/baby-overalls-style-romper-blue\/#breadcrumb\"},\"inLanguage\":\"en-US\",\"potentialAction\":[{\"@type\":\"ReadAction\",\"target\":[\"https:\/\/voyagedelabaleine.fr\/en\/product\/baby-overalls-style-romper-blue\/\"]}]},{\"@type\":\"ImageObject\",\"inLanguage\":\"en-US\",\"@id\":\"https:\/\/voyagedelabaleine.fr\/en\/product\/baby-overalls-style-romper-blue\/#primaryimage\",\"url\":\"https:\/\/voyagedelabaleine.fr\/wp-content\/uploads\/2025\/07\/4133065_864-fotor-20250701141659.jpg\",\"contentUrl\":\"https:\/\/voyagedelabaleine.fr\/wp-content\/uploads\/2025\/07\/4133065_864-fotor-20250701141659.jpg\",\"width\":1200,\"height\":1599,\"caption\":\"Combinaison b\u00e9b\u00e9 en coton effet salopette et chemise \u00e0 carreaux bleu ciel\"},{\"@type\":\"BreadcrumbList\",\"@id\":\"https:\/\/voyagedelabaleine.fr\/en\/product\/baby-overalls-style-romper-blue\/#breadcrumb\",\"itemListElement\":[{\"@type\":\"ListItem\",\"position\":1,\"name\":\"Accueil\",\"item\":\"https:\/\/voyagedelabaleine.fr\/en\/timeless-refined-clothing-babies-children\/\"},{\"@type\":\"ListItem\",\"position\":2,\"name\":\"All collection\",\"item\":\"https:\/\/voyagedelabaleine.fr\/en\/shop\/\"},{\"@type\":\"ListItem\",\"position\":3,\"name\":\"Baby Overalls-Style Romper &#8211; Blue\"}]},{\"@type\":\"WebSite\",\"@id\":\"https:\/\/voyagedelabaleine.fr\/en\/#website\",\"url\":\"https:\/\/voyagedelabaleine.fr\/en\/\",\"name\":\"Voyage de la Baleine\",\"description\":\"V\u00eatements intemporels et raffin\u00e9s pour b\u00e9b\u00e9s et enfants\",\"publisher\":{\"@id\":\"https:\/\/voyagedelabaleine.fr\/en\/#organization\"},\"potentialAction\":[{\"@type\":\"SearchAction\",\"target\":{\"@type\":\"EntryPoint\",\"urlTemplate\":\"https:\/\/voyagedelabaleine.fr\/en\/?s={search_term_string}\"},\"query-input\":{\"@type\":\"PropertyValueSpecification\",\"valueRequired\":true,\"valueName\":\"search_term_string\"}}],\"inLanguage\":\"en-US\"},{\"@type\":\"Organization\",\"@id\":\"https:\/\/voyagedelabaleine.fr\/en\/#organization\",\"name\":\"Voyage de la Baleine\",\"url\":\"https:\/\/voyagedelabaleine.fr\/en\/\",\"logo\":{\"@type\":\"ImageObject\",\"inLanguage\":\"en-US\",\"@id\":\"https:\/\/voyagedelabaleine.fr\/en\/#\/schema\/logo\/image\/\",\"url\":\"https:\/\/voyagedelabaleine.fr\/wp-content\/uploads\/2025\/06\/logo.webp\",\"contentUrl\":\"https:\/\/voyagedelabaleine.fr\/wp-content\/uploads\/2025\/06\/logo.webp\",\"width\":153,\"height\":64,\"caption\":\"Voyage de la Baleine\"},\"image\":{\"@id\":\"https:\/\/voyagedelabaleine.fr\/en\/#\/schema\/logo\/image\/\"},\"sameAs\":[\"https:\/\/www.facebook.com\/voyagedelabaleine\/\",\"https:\/\/www.instagram.com\/voyagedelabaleine\/\",\"https:\/\/www.pinterest.fr\/Voyagedelabaleine\/\"]}]}<\/script>\n<!-- \/ Yoast SEO plugin. -->","yoast_head_json":{"title":"Baby Overalls-Style Romper - Blue - Voyage de la Baleine","description":"This unique piece combines the elegance of a plaid shirt with the timeless appeal of soft cotton overalls. Made in Portugal.","robots":{"index":"index","follow":"follow","max-snippet":"max-snippet:-1","max-image-preview":"max-image-preview:large","max-video-preview":"max-video-preview:-1"},"canonical":"https:\/\/voyagedelabaleine.fr\/en\/product\/baby-overalls-style-romper-blue\/","og_locale":"en_US","og_type":"article","og_title":"Baby Overalls-Style Romper - Blue - Voyage de la Baleine","og_description":"This unique piece combines the elegance of a plaid shirt with the timeless appeal of soft cotton overalls. Made in Portugal.","og_url":"https:\/\/voyagedelabaleine.fr\/en\/product\/baby-overalls-style-romper-blue\/","og_site_name":"Voyage de la Baleine","article_publisher":"https:\/\/www.facebook.com\/voyagedelabaleine\/","og_image":[{"width":1200,"height":1599,"url":"https:\/\/voyagedelabaleine.fr\/wp-content\/uploads\/2025\/07\/4133065_864-fotor-20250701141659.jpg","type":"image\/jpeg"}],"twitter_card":"summary_large_image","twitter_misc":{"Est. reading time":"1 minute"},"schema":{"@context":"https:\/\/schema.org","@graph":[{"@type":"WebPage","@id":"https:\/\/voyagedelabaleine.fr\/en\/product\/baby-overalls-style-romper-blue\/","url":"https:\/\/voyagedelabaleine.fr\/en\/product\/baby-overalls-style-romper-blue\/","name":"Baby Overalls-Style Romper - Blue - Voyage de la Baleine","isPartOf":{"@id":"https:\/\/voyagedelabaleine.fr\/en\/#website"},"primaryImageOfPage":{"@id":"https:\/\/voyagedelabaleine.fr\/en\/product\/baby-overalls-style-romper-blue\/#primaryimage"},"image":{"@id":"https:\/\/voyagedelabaleine.fr\/en\/product\/baby-overalls-style-romper-blue\/#primaryimage"},"thumbnailUrl":"https:\/\/voyagedelabaleine.fr\/wp-content\/uploads\/2025\/07\/4133065_864-fotor-20250701141659.jpg","datePublished":"2025-08-24T16:48:38+00:00","description":"This unique piece combines the elegance of a plaid shirt with the timeless appeal of soft cotton overalls. Made in Portugal.","breadcrumb":{"@id":"https:\/\/voyagedelabaleine.fr\/en\/product\/baby-overalls-style-romper-blue\/#breadcrumb"},"inLanguage":"en-US","potentialAction":[{"@type":"ReadAction","target":["https:\/\/voyagedelabaleine.fr\/en\/product\/baby-overalls-style-romper-blue\/"]}]},{"@type":"ImageObject","inLanguage":"en-US","@id":"https:\/\/voyagedelabaleine.fr\/en\/product\/baby-overalls-style-romper-blue\/#primaryimage","url":"https:\/\/voyagedelabaleine.fr\/wp-content\/uploads\/2025\/07\/4133065_864-fotor-20250701141659.jpg","contentUrl":"https:\/\/voyagedelabaleine.fr\/wp-content\/uploads\/2025\/07\/4133065_864-fotor-20250701141659.jpg","width":1200,"height":1599,"caption":"Combinaison b\u00e9b\u00e9 en coton effet salopette et chemise \u00e0 carreaux bleu ciel"},{"@type":"BreadcrumbList","@id":"https:\/\/voyagedelabaleine.fr\/en\/product\/baby-overalls-style-romper-blue\/#breadcrumb","itemListElement":[{"@type":"ListItem","position":1,"name":"Accueil","item":"https:\/\/voyagedelabaleine.fr\/en\/timeless-refined-clothing-babies-children\/"},{"@type":"ListItem","position":2,"name":"All collection","item":"https:\/\/voyagedelabaleine.fr\/en\/shop\/"},{"@type":"ListItem","position":3,"name":"Baby Overalls-Style Romper &#8211; Blue"}]},{"@type":"WebSite","@id":"https:\/\/voyagedelabaleine.fr\/en\/#website","url":"https:\/\/voyagedelabaleine.fr\/en\/","name":"Voyage de la Baleine","description":"V\u00eatements intemporels et raffin\u00e9s pour b\u00e9b\u00e9s et enfants","publisher":{"@id":"https:\/\/voyagedelabaleine.fr\/en\/#organization"},"potentialAction":[{"@type":"SearchAction","target":{"@type":"EntryPoint","urlTemplate":"https:\/\/voyagedelabaleine.fr\/en\/?s={search_term_string}"},"query-input":{"@type":"PropertyValueSpecification","valueRequired":true,"valueName":"search_term_string"}}],"inLanguage":"en-US"},{"@type":"Organization","@id":"https:\/\/voyagedelabaleine.fr\/en\/#organization","name":"Voyage de la Baleine","url":"https:\/\/voyagedelabaleine.fr\/en\/","logo":{"@type":"ImageObject","inLanguage":"en-US","@id":"https:\/\/voyagedelabaleine.fr\/en\/#\/schema\/logo\/image\/","url":"https:\/\/voyagedelabaleine.fr\/wp-content\/uploads\/2025\/06\/logo.webp","contentUrl":"https:\/\/voyagedelabaleine.fr\/wp-content\/uploads\/2025\/06\/logo.webp","width":153,"height":64,"caption":"Voyage de la Baleine"},"image":{"@id":"https:\/\/voyagedelabaleine.fr\/en\/#\/schema\/logo\/image\/"},"sameAs":["https:\/\/www.facebook.com\/voyagedelabaleine\/","https:\/\/www.instagram.com\/voyagedelabaleine\/","https:\/\/www.pinterest.fr\/Voyagedelabaleine\/"]}]}},"_links":{"self":[{"href":"https:\/\/voyagedelabaleine.fr\/en\/wp-json\/wp\/v2\/product\/25206","targetHints":{"allow":["GET"]}}],"collection":[{"href":"https:\/\/voyagedelabaleine.fr\/en\/wp-json\/wp\/v2\/product"}],"about":[{"href":"https:\/\/voyagedelabaleine.fr\/en\/wp-json\/wp\/v2\/types\/product"}],"replies":[{"embeddable":true,"href":"https:\/\/voyagedelabaleine.fr\/en\/wp-json\/wp\/v2\/comments?post=25206"}],"wp:featuredmedia":[{"embeddable":true,"href":"https:\/\/voyagedelabaleine.fr\/en\/wp-json\/wp\/v2\/media\/18882"}],"wp:attachment":[{"href":"https:\/\/voyagedelabaleine.fr\/en\/wp-json\/wp\/v2\/media?parent=25206"}],"wp:term":[{"taxonomy":"product_brand","embeddable":true,"href":"https:\/\/voyagedelabaleine.fr\/en\/wp-json\/wp\/v2\/product_brand?post=25206"},{"taxonomy":"product_cat","embeddable":true,"href":"https:\/\/voyagedelabaleine.fr\/en\/wp-json\/wp\/v2\/product_cat?post=25206"},{"taxonomy":"product_tag","embeddable":true,"href":"https:\/\/voyagedelabaleine.fr\/en\/wp-json\/wp\/v2\/product_tag?post=25206"}],"curies":[{"name":"wp","href":"https:\/\/api.w.org\/{rel}","templated":true}]}}