{"id":25572,"date":"2025-08-23T11:10:14","date_gmt":"2025-08-23T09:10:14","guid":{"rendered":"https:\/\/voyagedelabaleine.fr\/product\/ecru-round-collar-wool-baby-romper\/"},"modified":"2025-08-23T11:10:14","modified_gmt":"2025-08-23T09:10:14","slug":"ecru-round-collar-wool-baby-romper","status":"publish","type":"product","link":"https:\/\/voyagedelabaleine.fr\/en\/product\/ecru-round-collar-wool-baby-romper\/","title":{"rendered":"Ecru Round Collar Wool Baby Romper"},"content":{"rendered":"<h3 data-start=\"163\" data-end=\"217\">A soft and elegant piece for the first months<\/h3>\n<p data-start=\"219\" data-end=\"564\"><strong data-start=\"219\" data-end=\"278\">Our ecru round collar wool baby romper<\/strong> is an essential piece for your baby&#8217;s first months, designed to offer softness, comfort, and elegance to your baby from birth. Its luminous and timeless ecru shade perfectly complements a refined wardrobe, true to the poetic world of Voyage de la Baleine. <\/p>\n<h3 data-start=\"566\" data-end=\"610\">Natural, soft, and breathable wool<\/h3>\n<p data-start=\"612\" data-end=\"989\">Crafted from <strong data-start=\"629\" data-end=\"644\">100% wool<\/strong>, this romper provides warmth and comfort while allowing your baby&#8217;s delicate skin to breathe, thanks to wool&#8217;s natural thermoregulating properties. Its soft material gently envelops your child during winter strolls or relaxing moments at home, ensuring optimal daily well-being. <\/p>\n<h3 data-start=\"991\" data-end=\"1039\">Refined details for a polished look<\/h3>\n<p data-start=\"1041\" data-end=\"1413\">This romper stands out with its <strong data-start=\"1080\" data-end=\"1098\">white round collar<\/strong>, which gently brightens your baby&#8217;s face, as well as its <strong data-start=\"1169\" data-end=\"1205\">intricate front details<\/strong>, delicately enhanced by <strong data-start=\"1234\" data-end=\"1271\">three decorative mother-of-pearl buttons<\/strong>. These finishes add a touch of discreet and timeless elegance, transforming this garment into a chic yet practical piece. <\/p>\n<h3 data-start=\"1415\" data-end=\"1466\">Practical opening for a peaceful daily routine<\/h3>\n<p data-start=\"1468\" data-end=\"1817\">Featuring a <strong data-start=\"1480\" data-end=\"1524\">button placket opening at the back<\/strong>, this romper makes dressing your baby easier, allowing you to put it on without disturbing them while ensuring a comfortable fit throughout the day. Footless, it also offers your baby great freedom of movement while remaining suitable for all seasons. <\/p>\n<h3 data-start=\"1819\" data-end=\"1860\">A lovely baby gift idea<\/h3>\n<p data-start=\"145\" data-end=\"642\"><strong data-start=\"145\" data-end=\"296\">Offering our ecru round collar wool baby romper as a birth gift means choosing a garment that is chic, refined, and functional.<\/strong> Its ecru color pairs perfectly with the matching <a href=\"https:\/\/voyagedelabaleine.fr\/product\/bonnet-naissance-laine-ecru\/\">Ecru Wool Newborn Hat<\/a>, also available in our online store, as well as with a cardigan to create a complete, poetic, and elegant outfit. This gift will delight new parents looking for quality pieces for their baby, in a timeless and authentic style, while offering unparalleled comfort to newborns. <\/p>\n<h3 data-start=\"2320\" data-end=\"2357\">Careful craftsmanship in Spain<\/h3>\n<p data-start=\"2359\" data-end=\"2672\"><strong data-start=\"2359\" data-end=\"2393\">Carefully made in Spain<\/strong>, this romper is crafted in a workshop selected for its expertise and commitment to quality. The delicate finishes ensure a durable garment that retains its softness wash after wash, respecting the comfort and sensitive skin of little ones. <\/p>\n<p data-start=\"2679\" data-end=\"2891\"><em>Our ecru round collar wool baby romper embodies the elegance and tenderness of childhood, dressing your baby with care and poetry from their very first moments, true to the spirit of Voyage de la Baleine.<\/em><\/p>\n<p data-start=\"2679\" data-end=\"2891\">Made in Spain.<\/p>\n","protected":false},"excerpt":{"rendered":"<ul>\n<li>One-piece romper with feet<\/li>\n<li>Closed with a button placket at the back<\/li>\n<li>Matches the <a href=\"https:\/\/voyagedelabaleine.fr\/product\/bonnet-naissance-laine-ecru\/\">Ecru Wool Newborn Hat<\/a><\/li>\n<li>100% soft wool<\/li>\n<li>Made in Spain<br \/>\n<em>This romper fits true to size. Choose your usual size.<\/em><\/li>\n<\/ul>\n","protected":false},"featured_media":20045,"comment_status":"open","ping_status":"closed","template":"","meta":{"ocean_post_layout":"","ocean_both_sidebars_style":"","ocean_both_sidebars_content_width":0,"ocean_both_sidebars_sidebars_width":0,"ocean_sidebar":"0","ocean_second_sidebar":"0","ocean_disable_margins":"enable","ocean_add_body_class":"","ocean_shortcode_before_top_bar":"","ocean_shortcode_after_top_bar":"","ocean_shortcode_before_header":"","ocean_shortcode_after_header":"","ocean_has_shortcode":"","ocean_shortcode_after_title":"","ocean_shortcode_before_footer_widgets":"","ocean_shortcode_after_footer_widgets":"","ocean_shortcode_before_footer_bottom":"","ocean_shortcode_after_footer_bottom":"","ocean_display_top_bar":"default","ocean_display_header":"default","ocean_header_style":"","ocean_center_header_left_menu":"0","ocean_custom_header_template":"0","ocean_custom_logo":0,"ocean_custom_retina_logo":0,"ocean_custom_logo_max_width":0,"ocean_custom_logo_tablet_max_width":0,"ocean_custom_logo_mobile_max_width":0,"ocean_custom_logo_max_height":0,"ocean_custom_logo_tablet_max_height":0,"ocean_custom_logo_mobile_max_height":0,"ocean_header_custom_menu":"0","ocean_menu_typo_font_family":"0","ocean_menu_typo_font_subset":"","ocean_menu_typo_font_size":0,"ocean_menu_typo_font_size_tablet":0,"ocean_menu_typo_font_size_mobile":0,"ocean_menu_typo_font_size_unit":"px","ocean_menu_typo_font_weight":"","ocean_menu_typo_font_weight_tablet":"","ocean_menu_typo_font_weight_mobile":"","ocean_menu_typo_transform":"","ocean_menu_typo_transform_tablet":"","ocean_menu_typo_transform_mobile":"","ocean_menu_typo_line_height":0,"ocean_menu_typo_line_height_tablet":0,"ocean_menu_typo_line_height_mobile":0,"ocean_menu_typo_line_height_unit":"","ocean_menu_typo_spacing":0,"ocean_menu_typo_spacing_tablet":0,"ocean_menu_typo_spacing_mobile":0,"ocean_menu_typo_spacing_unit":"","ocean_menu_link_color":"","ocean_menu_link_color_hover":"","ocean_menu_link_color_active":"","ocean_menu_link_background":"","ocean_menu_link_hover_background":"","ocean_menu_link_active_background":"","ocean_menu_social_links_bg":"","ocean_menu_social_hover_links_bg":"","ocean_menu_social_links_color":"","ocean_menu_social_hover_links_color":"","ocean_disable_title":"default","ocean_disable_heading":"default","ocean_post_title":"","ocean_post_subheading":"","ocean_post_title_style":"","ocean_post_title_background_color":"","ocean_post_title_background":0,"ocean_post_title_bg_image_position":"","ocean_post_title_bg_image_attachment":"","ocean_post_title_bg_image_repeat":"","ocean_post_title_bg_image_size":"","ocean_post_title_height":0,"ocean_post_title_bg_overlay":0.5,"ocean_post_title_bg_overlay_color":"","ocean_disable_breadcrumbs":"default","ocean_breadcrumbs_color":"","ocean_breadcrumbs_separator_color":"","ocean_breadcrumbs_links_color":"","ocean_breadcrumbs_links_hover_color":"","ocean_display_footer_widgets":"default","ocean_display_footer_bottom":"default","ocean_custom_footer_template":"0","osh_disable_topbar_sticky":"default","osh_disable_header_sticky":"default","osh_sticky_header_style":"default","osh_sticky_header_effect":"","osh_custom_sticky_logo":0,"osh_custom_retina_sticky_logo":0,"osh_custom_sticky_logo_height":0,"osh_background_color":"","osh_links_color":"","osh_links_hover_color":"","osh_links_active_color":"","osh_links_bg_color":"","osh_links_hover_bg_color":"","osh_links_active_bg_color":"","osh_menu_social_links_color":"","osh_menu_social_hover_links_color":""},"product_brand":[],"product_cat":[6631,6618,6642,6718,6705,6694,6713],"product_tag":[],"class_list":{"0":"post-25572","1":"product","2":"type-product","3":"status-publish","4":"has-post-thumbnail","6":"product_cat-baby-boy-outfits","7":"product_cat-baby-girl-outfits","8":"product_cat-baby-outfits","9":"product_cat-clothing","10":"product_cat-newborn-boy-outfits","11":"product_cat-newborn-girl-outfits","12":"product_cat-newborn-outfits","14":"entry","15":"has-media","17":"first","18":"instock","19":"taxable","20":"shipping-taxable","21":"purchasable","22":"product-type-variable","23":"has-default-attributes","24":"col","25":"span_1_of_3","26":"owp-content-center","27":"owp-thumbs-layout-vertical","28":"owp-btn-big","29":"owp-tabs-layout-vertical","30":"circle-sale"},"yoast_head":"<!-- This site is optimized with the Yoast SEO plugin v27.1.1 - https:\/\/yoast.com\/product\/yoast-seo-wordpress\/ -->\n<title>Ecru Round Collar Wool Baby Romper - Voyage de la Baleine<\/title>\n<meta name=\"description\" content=\"Our ecru round collar wool baby romper is an essential piece for your baby&#039;s first months. Made in Spain.\" \/>\n<meta name=\"robots\" content=\"index, follow, max-snippet:-1, max-image-preview:large, max-video-preview:-1\" \/>\n<link rel=\"canonical\" href=\"https:\/\/voyagedelabaleine.fr\/en\/product\/ecru-round-collar-wool-baby-romper\/\" \/>\n<meta property=\"og:locale\" content=\"en_US\" \/>\n<meta property=\"og:type\" content=\"article\" \/>\n<meta property=\"og:title\" content=\"Ecru Round Collar Wool Baby Romper - Voyage de la Baleine\" \/>\n<meta property=\"og:description\" content=\"Our ecru round collar wool baby romper is an essential piece for your baby&#039;s first months. Made in Spain.\" \/>\n<meta property=\"og:url\" content=\"https:\/\/voyagedelabaleine.fr\/en\/product\/ecru-round-collar-wool-baby-romper\/\" \/>\n<meta property=\"og:site_name\" content=\"Voyage de la Baleine\" \/>\n<meta property=\"article:publisher\" content=\"https:\/\/www.facebook.com\/voyagedelabaleine\/\" \/>\n<meta property=\"og:image\" content=\"https:\/\/voyagedelabaleine.fr\/wp-content\/uploads\/2025\/07\/combinaison-bebe-laine-col-ecru.jpg\" \/>\n\t<meta property=\"og:image:width\" content=\"1077\" \/>\n\t<meta property=\"og:image:height\" content=\"1436\" \/>\n\t<meta property=\"og:image:type\" content=\"image\/jpeg\" \/>\n<meta name=\"twitter:card\" content=\"summary_large_image\" \/>\n<meta name=\"twitter:label1\" content=\"Est. reading time\" \/>\n\t<meta name=\"twitter:data1\" content=\"2 minutes\" \/>\n<script type=\"application\/ld+json\" class=\"yoast-schema-graph\">{\"@context\":\"https:\/\/schema.org\",\"@graph\":[{\"@type\":\"WebPage\",\"@id\":\"https:\/\/voyagedelabaleine.fr\/en\/product\/ecru-round-collar-wool-baby-romper\/\",\"url\":\"https:\/\/voyagedelabaleine.fr\/en\/product\/ecru-round-collar-wool-baby-romper\/\",\"name\":\"Ecru Round Collar Wool Baby Romper - Voyage de la Baleine\",\"isPartOf\":{\"@id\":\"https:\/\/voyagedelabaleine.fr\/en\/#website\"},\"primaryImageOfPage\":{\"@id\":\"https:\/\/voyagedelabaleine.fr\/en\/product\/ecru-round-collar-wool-baby-romper\/#primaryimage\"},\"image\":{\"@id\":\"https:\/\/voyagedelabaleine.fr\/en\/product\/ecru-round-collar-wool-baby-romper\/#primaryimage\"},\"thumbnailUrl\":\"https:\/\/voyagedelabaleine.fr\/wp-content\/uploads\/2025\/07\/combinaison-bebe-laine-col-ecru.jpg\",\"datePublished\":\"2025-08-23T09:10:14+00:00\",\"description\":\"Our ecru round collar wool baby romper is an essential piece for your baby's first months. Made in Spain.\",\"breadcrumb\":{\"@id\":\"https:\/\/voyagedelabaleine.fr\/en\/product\/ecru-round-collar-wool-baby-romper\/#breadcrumb\"},\"inLanguage\":\"en-US\",\"potentialAction\":[{\"@type\":\"ReadAction\",\"target\":[\"https:\/\/voyagedelabaleine.fr\/en\/product\/ecru-round-collar-wool-baby-romper\/\"]}]},{\"@type\":\"ImageObject\",\"inLanguage\":\"en-US\",\"@id\":\"https:\/\/voyagedelabaleine.fr\/en\/product\/ecru-round-collar-wool-baby-romper\/#primaryimage\",\"url\":\"https:\/\/voyagedelabaleine.fr\/wp-content\/uploads\/2025\/07\/combinaison-bebe-laine-col-ecru.jpg\",\"contentUrl\":\"https:\/\/voyagedelabaleine.fr\/wp-content\/uploads\/2025\/07\/combinaison-bebe-laine-col-ecru.jpg\",\"width\":1077,\"height\":1436,\"caption\":\"Combinaison b\u00e9b\u00e9 \u00e0 pieds en laine blanche \u00e0 col rond et d\u00e9tails travaill\u00e9s sur le devant\"},{\"@type\":\"BreadcrumbList\",\"@id\":\"https:\/\/voyagedelabaleine.fr\/en\/product\/ecru-round-collar-wool-baby-romper\/#breadcrumb\",\"itemListElement\":[{\"@type\":\"ListItem\",\"position\":1,\"name\":\"Accueil\",\"item\":\"https:\/\/voyagedelabaleine.fr\/en\/timeless-refined-clothing-babies-children\/\"},{\"@type\":\"ListItem\",\"position\":2,\"name\":\"All collection\",\"item\":\"https:\/\/voyagedelabaleine.fr\/en\/shop\/\"},{\"@type\":\"ListItem\",\"position\":3,\"name\":\"Ecru Round Collar Wool Baby Romper\"}]},{\"@type\":\"WebSite\",\"@id\":\"https:\/\/voyagedelabaleine.fr\/en\/#website\",\"url\":\"https:\/\/voyagedelabaleine.fr\/en\/\",\"name\":\"Voyage de la Baleine\",\"description\":\"V\u00eatements intemporels et raffin\u00e9s pour b\u00e9b\u00e9s et enfants\",\"publisher\":{\"@id\":\"https:\/\/voyagedelabaleine.fr\/en\/#organization\"},\"potentialAction\":[{\"@type\":\"SearchAction\",\"target\":{\"@type\":\"EntryPoint\",\"urlTemplate\":\"https:\/\/voyagedelabaleine.fr\/en\/?s={search_term_string}\"},\"query-input\":{\"@type\":\"PropertyValueSpecification\",\"valueRequired\":true,\"valueName\":\"search_term_string\"}}],\"inLanguage\":\"en-US\"},{\"@type\":\"Organization\",\"@id\":\"https:\/\/voyagedelabaleine.fr\/en\/#organization\",\"name\":\"Voyage de la Baleine\",\"url\":\"https:\/\/voyagedelabaleine.fr\/en\/\",\"logo\":{\"@type\":\"ImageObject\",\"inLanguage\":\"en-US\",\"@id\":\"https:\/\/voyagedelabaleine.fr\/en\/#\/schema\/logo\/image\/\",\"url\":\"https:\/\/voyagedelabaleine.fr\/wp-content\/uploads\/2025\/06\/logo.webp\",\"contentUrl\":\"https:\/\/voyagedelabaleine.fr\/wp-content\/uploads\/2025\/06\/logo.webp\",\"width\":153,\"height\":64,\"caption\":\"Voyage de la Baleine\"},\"image\":{\"@id\":\"https:\/\/voyagedelabaleine.fr\/en\/#\/schema\/logo\/image\/\"},\"sameAs\":[\"https:\/\/www.facebook.com\/voyagedelabaleine\/\",\"https:\/\/www.instagram.com\/voyagedelabaleine\/\",\"https:\/\/www.pinterest.fr\/Voyagedelabaleine\/\"]}]}<\/script>\n<!-- \/ Yoast SEO plugin. -->","yoast_head_json":{"title":"Ecru Round Collar Wool Baby Romper - Voyage de la Baleine","description":"Our ecru round collar wool baby romper is an essential piece for your baby's first months. Made in Spain.","robots":{"index":"index","follow":"follow","max-snippet":"max-snippet:-1","max-image-preview":"max-image-preview:large","max-video-preview":"max-video-preview:-1"},"canonical":"https:\/\/voyagedelabaleine.fr\/en\/product\/ecru-round-collar-wool-baby-romper\/","og_locale":"en_US","og_type":"article","og_title":"Ecru Round Collar Wool Baby Romper - Voyage de la Baleine","og_description":"Our ecru round collar wool baby romper is an essential piece for your baby's first months. Made in Spain.","og_url":"https:\/\/voyagedelabaleine.fr\/en\/product\/ecru-round-collar-wool-baby-romper\/","og_site_name":"Voyage de la Baleine","article_publisher":"https:\/\/www.facebook.com\/voyagedelabaleine\/","og_image":[{"width":1077,"height":1436,"url":"https:\/\/voyagedelabaleine.fr\/wp-content\/uploads\/2025\/07\/combinaison-bebe-laine-col-ecru.jpg","type":"image\/jpeg"}],"twitter_card":"summary_large_image","twitter_misc":{"Est. reading time":"2 minutes"},"schema":{"@context":"https:\/\/schema.org","@graph":[{"@type":"WebPage","@id":"https:\/\/voyagedelabaleine.fr\/en\/product\/ecru-round-collar-wool-baby-romper\/","url":"https:\/\/voyagedelabaleine.fr\/en\/product\/ecru-round-collar-wool-baby-romper\/","name":"Ecru Round Collar Wool Baby Romper - Voyage de la Baleine","isPartOf":{"@id":"https:\/\/voyagedelabaleine.fr\/en\/#website"},"primaryImageOfPage":{"@id":"https:\/\/voyagedelabaleine.fr\/en\/product\/ecru-round-collar-wool-baby-romper\/#primaryimage"},"image":{"@id":"https:\/\/voyagedelabaleine.fr\/en\/product\/ecru-round-collar-wool-baby-romper\/#primaryimage"},"thumbnailUrl":"https:\/\/voyagedelabaleine.fr\/wp-content\/uploads\/2025\/07\/combinaison-bebe-laine-col-ecru.jpg","datePublished":"2025-08-23T09:10:14+00:00","description":"Our ecru round collar wool baby romper is an essential piece for your baby's first months. Made in Spain.","breadcrumb":{"@id":"https:\/\/voyagedelabaleine.fr\/en\/product\/ecru-round-collar-wool-baby-romper\/#breadcrumb"},"inLanguage":"en-US","potentialAction":[{"@type":"ReadAction","target":["https:\/\/voyagedelabaleine.fr\/en\/product\/ecru-round-collar-wool-baby-romper\/"]}]},{"@type":"ImageObject","inLanguage":"en-US","@id":"https:\/\/voyagedelabaleine.fr\/en\/product\/ecru-round-collar-wool-baby-romper\/#primaryimage","url":"https:\/\/voyagedelabaleine.fr\/wp-content\/uploads\/2025\/07\/combinaison-bebe-laine-col-ecru.jpg","contentUrl":"https:\/\/voyagedelabaleine.fr\/wp-content\/uploads\/2025\/07\/combinaison-bebe-laine-col-ecru.jpg","width":1077,"height":1436,"caption":"Combinaison b\u00e9b\u00e9 \u00e0 pieds en laine blanche \u00e0 col rond et d\u00e9tails travaill\u00e9s sur le devant"},{"@type":"BreadcrumbList","@id":"https:\/\/voyagedelabaleine.fr\/en\/product\/ecru-round-collar-wool-baby-romper\/#breadcrumb","itemListElement":[{"@type":"ListItem","position":1,"name":"Accueil","item":"https:\/\/voyagedelabaleine.fr\/en\/timeless-refined-clothing-babies-children\/"},{"@type":"ListItem","position":2,"name":"All collection","item":"https:\/\/voyagedelabaleine.fr\/en\/shop\/"},{"@type":"ListItem","position":3,"name":"Ecru Round Collar Wool Baby Romper"}]},{"@type":"WebSite","@id":"https:\/\/voyagedelabaleine.fr\/en\/#website","url":"https:\/\/voyagedelabaleine.fr\/en\/","name":"Voyage de la Baleine","description":"V\u00eatements intemporels et raffin\u00e9s pour b\u00e9b\u00e9s et enfants","publisher":{"@id":"https:\/\/voyagedelabaleine.fr\/en\/#organization"},"potentialAction":[{"@type":"SearchAction","target":{"@type":"EntryPoint","urlTemplate":"https:\/\/voyagedelabaleine.fr\/en\/?s={search_term_string}"},"query-input":{"@type":"PropertyValueSpecification","valueRequired":true,"valueName":"search_term_string"}}],"inLanguage":"en-US"},{"@type":"Organization","@id":"https:\/\/voyagedelabaleine.fr\/en\/#organization","name":"Voyage de la Baleine","url":"https:\/\/voyagedelabaleine.fr\/en\/","logo":{"@type":"ImageObject","inLanguage":"en-US","@id":"https:\/\/voyagedelabaleine.fr\/en\/#\/schema\/logo\/image\/","url":"https:\/\/voyagedelabaleine.fr\/wp-content\/uploads\/2025\/06\/logo.webp","contentUrl":"https:\/\/voyagedelabaleine.fr\/wp-content\/uploads\/2025\/06\/logo.webp","width":153,"height":64,"caption":"Voyage de la Baleine"},"image":{"@id":"https:\/\/voyagedelabaleine.fr\/en\/#\/schema\/logo\/image\/"},"sameAs":["https:\/\/www.facebook.com\/voyagedelabaleine\/","https:\/\/www.instagram.com\/voyagedelabaleine\/","https:\/\/www.pinterest.fr\/Voyagedelabaleine\/"]}]}},"_links":{"self":[{"href":"https:\/\/voyagedelabaleine.fr\/en\/wp-json\/wp\/v2\/product\/25572","targetHints":{"allow":["GET"]}}],"collection":[{"href":"https:\/\/voyagedelabaleine.fr\/en\/wp-json\/wp\/v2\/product"}],"about":[{"href":"https:\/\/voyagedelabaleine.fr\/en\/wp-json\/wp\/v2\/types\/product"}],"replies":[{"embeddable":true,"href":"https:\/\/voyagedelabaleine.fr\/en\/wp-json\/wp\/v2\/comments?post=25572"}],"wp:featuredmedia":[{"embeddable":true,"href":"https:\/\/voyagedelabaleine.fr\/en\/wp-json\/wp\/v2\/media\/20045"}],"wp:attachment":[{"href":"https:\/\/voyagedelabaleine.fr\/en\/wp-json\/wp\/v2\/media?parent=25572"}],"wp:term":[{"taxonomy":"product_brand","embeddable":true,"href":"https:\/\/voyagedelabaleine.fr\/en\/wp-json\/wp\/v2\/product_brand?post=25572"},{"taxonomy":"product_cat","embeddable":true,"href":"https:\/\/voyagedelabaleine.fr\/en\/wp-json\/wp\/v2\/product_cat?post=25572"},{"taxonomy":"product_tag","embeddable":true,"href":"https:\/\/voyagedelabaleine.fr\/en\/wp-json\/wp\/v2\/product_tag?post=25572"}],"curies":[{"name":"wp","href":"https:\/\/api.w.org\/{rel}","templated":true}]}}