{"id":25726,"date":"2025-02-12T12:56:46","date_gmt":"2025-02-12T11:56:46","guid":{"rendered":"https:\/\/voyagedelabaleine.fr\/product\/baby-boys-short-sleeved-mandarin-collar-shirt-white\/"},"modified":"2026-04-21T10:43:31","modified_gmt":"2026-04-21T08:43:31","slug":"baby-boys-short-sleeved-mandarin-collar-shirt-white","status":"publish","type":"product","link":"https:\/\/voyagedelabaleine.fr\/en\/product\/baby-boys-short-sleeved-mandarin-collar-shirt-white\/","title":{"rendered":"Baby Boy&#8217;s Short-Sleeved Mandarin Collar Shirt \u2013 White"},"content":{"rendered":"<p>Dress your little boy in an elegant and lightweight outfit with our <strong>baby boy&#8217;s short-sleeved mandarin collar shirt<\/strong>, crafted from white cotton gauze. This design combines simplicity and refinement to dress your child with style. Soft and breathable, cotton gauze is ideal for babies&#8217; sensitive skin, ensuring comfort and well-being throughout the day.  <\/p>\n<p>The clean design of this <strong>mandarin collar<\/strong> shirt adds a modern and timeless touch to your baby&#8217;s outfit. Its short sleeves and slightly loose fit allow for great freedom of movement, perfect for accompanying your child&#8217;s first discoveries. Its neutral and bright <strong>white<\/strong> color makes it a versatile basic that pairs with a wide variety of bottoms, such as shorts, bloomers, or lightweight trousers.  <\/p>\n<p>Easy to put on thanks to its <strong>practical button placket<\/strong>, this shirt is designed to simplify parents&#8217; daily lives while ensuring a neat look for your little boy. Whether for a baptism, a summer ceremony, or a casual outing, this shirt adapts to all occasions with elegance. <\/p>\n<p>Carefully crafted from cotton gauze, this shirt combines lightness and durability. The delicately textured fabric adds a touch of originality while offering excellent thermal regulation. <\/p>\n<p>Choose a garment that is both practical and refined with this <strong>baby boy&#8217;s short-sleeved mandarin collar shirt<\/strong>, perfect for completing your child&#8217;s wardrobe.<\/p>\n<p><em>An essential piece that combines tradition and modernity, for an irresistibly chic and comfortable style.<\/em><\/p>\n<p>Made in Spain.<\/p>\n","protected":false},"excerpt":{"rendered":"<ul>\n<li>Mandarin collar<\/li>\n<li>Short sleeves<\/li>\n<li>100% cotton (cotton gauze)<\/li>\n<li>Made in Spain<br \/>\n<em>This shirt runs slightly small. If you are between two sizes, choose the larger size.<\/em><\/li>\n<\/ul>\n","protected":false},"featured_media":16427,"comment_status":"open","ping_status":"closed","template":"","meta":{"ocean_post_layout":"","ocean_both_sidebars_style":"","ocean_both_sidebars_content_width":0,"ocean_both_sidebars_sidebars_width":0,"ocean_sidebar":"0","ocean_second_sidebar":"0","ocean_disable_margins":"enable","ocean_add_body_class":"","ocean_shortcode_before_top_bar":"","ocean_shortcode_after_top_bar":"","ocean_shortcode_before_header":"","ocean_shortcode_after_header":"","ocean_has_shortcode":"","ocean_shortcode_after_title":"","ocean_shortcode_before_footer_widgets":"","ocean_shortcode_after_footer_widgets":"","ocean_shortcode_before_footer_bottom":"","ocean_shortcode_after_footer_bottom":"","ocean_display_top_bar":"default","ocean_display_header":"default","ocean_header_style":"","ocean_center_header_left_menu":"0","ocean_custom_header_template":"0","ocean_custom_logo":0,"ocean_custom_retina_logo":0,"ocean_custom_logo_max_width":0,"ocean_custom_logo_tablet_max_width":0,"ocean_custom_logo_mobile_max_width":0,"ocean_custom_logo_max_height":0,"ocean_custom_logo_tablet_max_height":0,"ocean_custom_logo_mobile_max_height":0,"ocean_header_custom_menu":"0","ocean_menu_typo_font_family":"0","ocean_menu_typo_font_subset":"","ocean_menu_typo_font_size":0,"ocean_menu_typo_font_size_tablet":0,"ocean_menu_typo_font_size_mobile":0,"ocean_menu_typo_font_size_unit":"px","ocean_menu_typo_font_weight":"","ocean_menu_typo_font_weight_tablet":"","ocean_menu_typo_font_weight_mobile":"","ocean_menu_typo_transform":"","ocean_menu_typo_transform_tablet":"","ocean_menu_typo_transform_mobile":"","ocean_menu_typo_line_height":0,"ocean_menu_typo_line_height_tablet":0,"ocean_menu_typo_line_height_mobile":0,"ocean_menu_typo_line_height_unit":"","ocean_menu_typo_spacing":0,"ocean_menu_typo_spacing_tablet":0,"ocean_menu_typo_spacing_mobile":0,"ocean_menu_typo_spacing_unit":"","ocean_menu_link_color":"","ocean_menu_link_color_hover":"","ocean_menu_link_color_active":"","ocean_menu_link_background":"","ocean_menu_link_hover_background":"","ocean_menu_link_active_background":"","ocean_menu_social_links_bg":"","ocean_menu_social_hover_links_bg":"","ocean_menu_social_links_color":"","ocean_menu_social_hover_links_color":"","ocean_disable_title":"default","ocean_disable_heading":"default","ocean_post_title":"","ocean_post_subheading":"","ocean_post_title_style":"","ocean_post_title_background_color":"","ocean_post_title_background":0,"ocean_post_title_bg_image_position":"","ocean_post_title_bg_image_attachment":"","ocean_post_title_bg_image_repeat":"","ocean_post_title_bg_image_size":"","ocean_post_title_height":0,"ocean_post_title_bg_overlay":0.5,"ocean_post_title_bg_overlay_color":"","ocean_disable_breadcrumbs":"default","ocean_breadcrumbs_color":"","ocean_breadcrumbs_separator_color":"","ocean_breadcrumbs_links_color":"","ocean_breadcrumbs_links_hover_color":"","ocean_display_footer_widgets":"default","ocean_display_footer_bottom":"default","ocean_custom_footer_template":"0","osh_disable_topbar_sticky":"default","osh_disable_header_sticky":"default","osh_sticky_header_style":"default","osh_sticky_header_effect":"","osh_custom_sticky_logo":0,"osh_custom_retina_sticky_logo":0,"osh_custom_sticky_logo_height":0,"osh_background_color":"","osh_links_color":"","osh_links_hover_color":"","osh_links_active_color":"","osh_links_bg_color":"","osh_links_hover_bg_color":"","osh_links_active_bg_color":"","osh_menu_social_links_color":"","osh_menu_social_hover_links_color":""},"product_brand":[],"product_cat":[6641,6627,6663,6673,6718,6680,6712,6701],"product_tag":[],"class_list":{"0":"post-25726","1":"product","2":"type-product","3":"status-publish","4":"has-post-thumbnail","6":"product_cat-baby-blouse-shirt","7":"product_cat-baby-boy-blouse-shirt","8":"product_cat-boy-blouse-shirt","9":"product_cat-child-blouse-shirt","10":"product_cat-clothing","11":"product_cat-last-chance-final-sizes-available","12":"product_cat-newborn-blouse-shirt","13":"product_cat-newborn-boy-blouses-shirts","15":"entry","16":"has-media","18":"first","19":"instock","20":"taxable","21":"shipping-taxable","22":"purchasable","23":"product-type-variable","24":"has-default-attributes","25":"has-rating","26":"col","27":"span_1_of_3","28":"owp-content-center","29":"owp-thumbs-layout-vertical","30":"owp-btn-big","31":"owp-tabs-layout-vertical","32":"circle-sale"},"yoast_head":"<!-- This site is optimized with the Yoast SEO plugin v27.1.1 - https:\/\/yoast.com\/product\/yoast-seo-wordpress\/ -->\n<title>Baby Boy&#039;s Short-Sleeved Mandarin Collar Shirt \u2013 White - Voyage de la Baleine<\/title>\n<meta name=\"description\" content=\"Dress your little boy in an elegant and lightweight outfit with our baby boy&#039;s short-sleeved mandarin collar shirt, crafted from white cotton gauze.\" \/>\n<meta name=\"robots\" content=\"index, follow, max-snippet:-1, max-image-preview:large, max-video-preview:-1\" \/>\n<link rel=\"canonical\" href=\"https:\/\/voyagedelabaleine.fr\/en\/product\/baby-boys-short-sleeved-mandarin-collar-shirt-white\/\" \/>\n<meta property=\"og:locale\" content=\"en_US\" \/>\n<meta property=\"og:type\" content=\"article\" \/>\n<meta property=\"og:title\" content=\"Baby Boy&#039;s Short-Sleeved Mandarin Collar Shirt \u2013 White - Voyage de la Baleine\" \/>\n<meta property=\"og:description\" content=\"Dress your little boy in an elegant and lightweight outfit with our baby boy&#039;s short-sleeved mandarin collar shirt, crafted from white cotton gauze.\" \/>\n<meta property=\"og:url\" content=\"https:\/\/voyagedelabaleine.fr\/en\/product\/baby-boys-short-sleeved-mandarin-collar-shirt-white\/\" \/>\n<meta property=\"og:site_name\" content=\"Voyage de la Baleine\" \/>\n<meta property=\"article:publisher\" content=\"https:\/\/www.facebook.com\/voyagedelabaleine\/\" \/>\n<meta property=\"article:modified_time\" content=\"2026-04-21T08:43:31+00:00\" \/>\n<meta property=\"og:image\" content=\"https:\/\/voyagedelabaleine.fr\/wp-content\/uploads\/2025\/01\/chemise-bebe-manches-courtes-blanche.jpg\" \/>\n\t<meta property=\"og:image:width\" content=\"1182\" \/>\n\t<meta property=\"og:image:height\" content=\"1486\" \/>\n\t<meta property=\"og:image:type\" content=\"image\/jpeg\" \/>\n<meta name=\"twitter:card\" content=\"summary_large_image\" \/>\n<meta name=\"twitter:label1\" content=\"Est. reading time\" \/>\n\t<meta name=\"twitter:data1\" content=\"1 minute\" \/>\n<script type=\"application\/ld+json\" class=\"yoast-schema-graph\">{\"@context\":\"https:\/\/schema.org\",\"@graph\":[{\"@type\":\"WebPage\",\"@id\":\"https:\/\/voyagedelabaleine.fr\/en\/product\/baby-boys-short-sleeved-mandarin-collar-shirt-white\/\",\"url\":\"https:\/\/voyagedelabaleine.fr\/en\/product\/baby-boys-short-sleeved-mandarin-collar-shirt-white\/\",\"name\":\"Baby Boy's Short-Sleeved Mandarin Collar Shirt \u2013 White - Voyage de la Baleine\",\"isPartOf\":{\"@id\":\"https:\/\/voyagedelabaleine.fr\/en\/#website\"},\"primaryImageOfPage\":{\"@id\":\"https:\/\/voyagedelabaleine.fr\/en\/product\/baby-boys-short-sleeved-mandarin-collar-shirt-white\/#primaryimage\"},\"image\":{\"@id\":\"https:\/\/voyagedelabaleine.fr\/en\/product\/baby-boys-short-sleeved-mandarin-collar-shirt-white\/#primaryimage\"},\"thumbnailUrl\":\"https:\/\/voyagedelabaleine.fr\/wp-content\/uploads\/2025\/01\/chemise-bebe-manches-courtes-blanche.jpg\",\"datePublished\":\"2025-02-12T11:56:46+00:00\",\"dateModified\":\"2026-04-21T08:43:31+00:00\",\"description\":\"Dress your little boy in an elegant and lightweight outfit with our baby boy's short-sleeved mandarin collar shirt, crafted from white cotton gauze.\",\"breadcrumb\":{\"@id\":\"https:\/\/voyagedelabaleine.fr\/en\/product\/baby-boys-short-sleeved-mandarin-collar-shirt-white\/#breadcrumb\"},\"inLanguage\":\"en-US\",\"potentialAction\":[{\"@type\":\"ReadAction\",\"target\":[\"https:\/\/voyagedelabaleine.fr\/en\/product\/baby-boys-short-sleeved-mandarin-collar-shirt-white\/\"]}]},{\"@type\":\"ImageObject\",\"inLanguage\":\"en-US\",\"@id\":\"https:\/\/voyagedelabaleine.fr\/en\/product\/baby-boys-short-sleeved-mandarin-collar-shirt-white\/#primaryimage\",\"url\":\"https:\/\/voyagedelabaleine.fr\/wp-content\/uploads\/2025\/01\/chemise-bebe-manches-courtes-blanche.jpg\",\"contentUrl\":\"https:\/\/voyagedelabaleine.fr\/wp-content\/uploads\/2025\/01\/chemise-bebe-manches-courtes-blanche.jpg\",\"width\":1182,\"height\":1486,\"caption\":\"Chemise b\u00e9b\u00e9 gar\u00e7on blanche manches courtes \u00e0 col mao en gaze de coton\"},{\"@type\":\"BreadcrumbList\",\"@id\":\"https:\/\/voyagedelabaleine.fr\/en\/product\/baby-boys-short-sleeved-mandarin-collar-shirt-white\/#breadcrumb\",\"itemListElement\":[{\"@type\":\"ListItem\",\"position\":1,\"name\":\"Accueil\",\"item\":\"https:\/\/voyagedelabaleine.fr\/en\/timeless-refined-clothing-babies-children\/\"},{\"@type\":\"ListItem\",\"position\":2,\"name\":\"All collection\",\"item\":\"https:\/\/voyagedelabaleine.fr\/en\/shop\/\"},{\"@type\":\"ListItem\",\"position\":3,\"name\":\"Baby Boy&#8217;s Short-Sleeved Mandarin Collar Shirt \u2013 White\"}]},{\"@type\":\"WebSite\",\"@id\":\"https:\/\/voyagedelabaleine.fr\/en\/#website\",\"url\":\"https:\/\/voyagedelabaleine.fr\/en\/\",\"name\":\"Voyage de la Baleine\",\"description\":\"V\u00eatements intemporels et raffin\u00e9s pour b\u00e9b\u00e9s et enfants\",\"publisher\":{\"@id\":\"https:\/\/voyagedelabaleine.fr\/en\/#organization\"},\"potentialAction\":[{\"@type\":\"SearchAction\",\"target\":{\"@type\":\"EntryPoint\",\"urlTemplate\":\"https:\/\/voyagedelabaleine.fr\/en\/?s={search_term_string}\"},\"query-input\":{\"@type\":\"PropertyValueSpecification\",\"valueRequired\":true,\"valueName\":\"search_term_string\"}}],\"inLanguage\":\"en-US\"},{\"@type\":\"Organization\",\"@id\":\"https:\/\/voyagedelabaleine.fr\/en\/#organization\",\"name\":\"Voyage de la Baleine\",\"url\":\"https:\/\/voyagedelabaleine.fr\/en\/\",\"logo\":{\"@type\":\"ImageObject\",\"inLanguage\":\"en-US\",\"@id\":\"https:\/\/voyagedelabaleine.fr\/en\/#\/schema\/logo\/image\/\",\"url\":\"https:\/\/voyagedelabaleine.fr\/wp-content\/uploads\/2025\/06\/logo.webp\",\"contentUrl\":\"https:\/\/voyagedelabaleine.fr\/wp-content\/uploads\/2025\/06\/logo.webp\",\"width\":153,\"height\":64,\"caption\":\"Voyage de la Baleine\"},\"image\":{\"@id\":\"https:\/\/voyagedelabaleine.fr\/en\/#\/schema\/logo\/image\/\"},\"sameAs\":[\"https:\/\/www.facebook.com\/voyagedelabaleine\/\",\"https:\/\/www.instagram.com\/voyagedelabaleine\/\",\"https:\/\/www.pinterest.fr\/Voyagedelabaleine\/\"]}]}<\/script>\n<!-- \/ Yoast SEO plugin. -->","yoast_head_json":{"title":"Baby Boy's Short-Sleeved Mandarin Collar Shirt \u2013 White - Voyage de la Baleine","description":"Dress your little boy in an elegant and lightweight outfit with our baby boy's short-sleeved mandarin collar shirt, crafted from white cotton gauze.","robots":{"index":"index","follow":"follow","max-snippet":"max-snippet:-1","max-image-preview":"max-image-preview:large","max-video-preview":"max-video-preview:-1"},"canonical":"https:\/\/voyagedelabaleine.fr\/en\/product\/baby-boys-short-sleeved-mandarin-collar-shirt-white\/","og_locale":"en_US","og_type":"article","og_title":"Baby Boy's Short-Sleeved Mandarin Collar Shirt \u2013 White - Voyage de la Baleine","og_description":"Dress your little boy in an elegant and lightweight outfit with our baby boy's short-sleeved mandarin collar shirt, crafted from white cotton gauze.","og_url":"https:\/\/voyagedelabaleine.fr\/en\/product\/baby-boys-short-sleeved-mandarin-collar-shirt-white\/","og_site_name":"Voyage de la Baleine","article_publisher":"https:\/\/www.facebook.com\/voyagedelabaleine\/","article_modified_time":"2026-04-21T08:43:31+00:00","og_image":[{"width":1182,"height":1486,"url":"https:\/\/voyagedelabaleine.fr\/wp-content\/uploads\/2025\/01\/chemise-bebe-manches-courtes-blanche.jpg","type":"image\/jpeg"}],"twitter_card":"summary_large_image","twitter_misc":{"Est. reading time":"1 minute"},"schema":{"@context":"https:\/\/schema.org","@graph":[{"@type":"WebPage","@id":"https:\/\/voyagedelabaleine.fr\/en\/product\/baby-boys-short-sleeved-mandarin-collar-shirt-white\/","url":"https:\/\/voyagedelabaleine.fr\/en\/product\/baby-boys-short-sleeved-mandarin-collar-shirt-white\/","name":"Baby Boy's Short-Sleeved Mandarin Collar Shirt \u2013 White - Voyage de la Baleine","isPartOf":{"@id":"https:\/\/voyagedelabaleine.fr\/en\/#website"},"primaryImageOfPage":{"@id":"https:\/\/voyagedelabaleine.fr\/en\/product\/baby-boys-short-sleeved-mandarin-collar-shirt-white\/#primaryimage"},"image":{"@id":"https:\/\/voyagedelabaleine.fr\/en\/product\/baby-boys-short-sleeved-mandarin-collar-shirt-white\/#primaryimage"},"thumbnailUrl":"https:\/\/voyagedelabaleine.fr\/wp-content\/uploads\/2025\/01\/chemise-bebe-manches-courtes-blanche.jpg","datePublished":"2025-02-12T11:56:46+00:00","dateModified":"2026-04-21T08:43:31+00:00","description":"Dress your little boy in an elegant and lightweight outfit with our baby boy's short-sleeved mandarin collar shirt, crafted from white cotton gauze.","breadcrumb":{"@id":"https:\/\/voyagedelabaleine.fr\/en\/product\/baby-boys-short-sleeved-mandarin-collar-shirt-white\/#breadcrumb"},"inLanguage":"en-US","potentialAction":[{"@type":"ReadAction","target":["https:\/\/voyagedelabaleine.fr\/en\/product\/baby-boys-short-sleeved-mandarin-collar-shirt-white\/"]}]},{"@type":"ImageObject","inLanguage":"en-US","@id":"https:\/\/voyagedelabaleine.fr\/en\/product\/baby-boys-short-sleeved-mandarin-collar-shirt-white\/#primaryimage","url":"https:\/\/voyagedelabaleine.fr\/wp-content\/uploads\/2025\/01\/chemise-bebe-manches-courtes-blanche.jpg","contentUrl":"https:\/\/voyagedelabaleine.fr\/wp-content\/uploads\/2025\/01\/chemise-bebe-manches-courtes-blanche.jpg","width":1182,"height":1486,"caption":"Chemise b\u00e9b\u00e9 gar\u00e7on blanche manches courtes \u00e0 col mao en gaze de coton"},{"@type":"BreadcrumbList","@id":"https:\/\/voyagedelabaleine.fr\/en\/product\/baby-boys-short-sleeved-mandarin-collar-shirt-white\/#breadcrumb","itemListElement":[{"@type":"ListItem","position":1,"name":"Accueil","item":"https:\/\/voyagedelabaleine.fr\/en\/timeless-refined-clothing-babies-children\/"},{"@type":"ListItem","position":2,"name":"All collection","item":"https:\/\/voyagedelabaleine.fr\/en\/shop\/"},{"@type":"ListItem","position":3,"name":"Baby Boy&#8217;s Short-Sleeved Mandarin Collar Shirt \u2013 White"}]},{"@type":"WebSite","@id":"https:\/\/voyagedelabaleine.fr\/en\/#website","url":"https:\/\/voyagedelabaleine.fr\/en\/","name":"Voyage de la Baleine","description":"V\u00eatements intemporels et raffin\u00e9s pour b\u00e9b\u00e9s et enfants","publisher":{"@id":"https:\/\/voyagedelabaleine.fr\/en\/#organization"},"potentialAction":[{"@type":"SearchAction","target":{"@type":"EntryPoint","urlTemplate":"https:\/\/voyagedelabaleine.fr\/en\/?s={search_term_string}"},"query-input":{"@type":"PropertyValueSpecification","valueRequired":true,"valueName":"search_term_string"}}],"inLanguage":"en-US"},{"@type":"Organization","@id":"https:\/\/voyagedelabaleine.fr\/en\/#organization","name":"Voyage de la Baleine","url":"https:\/\/voyagedelabaleine.fr\/en\/","logo":{"@type":"ImageObject","inLanguage":"en-US","@id":"https:\/\/voyagedelabaleine.fr\/en\/#\/schema\/logo\/image\/","url":"https:\/\/voyagedelabaleine.fr\/wp-content\/uploads\/2025\/06\/logo.webp","contentUrl":"https:\/\/voyagedelabaleine.fr\/wp-content\/uploads\/2025\/06\/logo.webp","width":153,"height":64,"caption":"Voyage de la Baleine"},"image":{"@id":"https:\/\/voyagedelabaleine.fr\/en\/#\/schema\/logo\/image\/"},"sameAs":["https:\/\/www.facebook.com\/voyagedelabaleine\/","https:\/\/www.instagram.com\/voyagedelabaleine\/","https:\/\/www.pinterest.fr\/Voyagedelabaleine\/"]}]}},"_links":{"self":[{"href":"https:\/\/voyagedelabaleine.fr\/en\/wp-json\/wp\/v2\/product\/25726","targetHints":{"allow":["GET"]}}],"collection":[{"href":"https:\/\/voyagedelabaleine.fr\/en\/wp-json\/wp\/v2\/product"}],"about":[{"href":"https:\/\/voyagedelabaleine.fr\/en\/wp-json\/wp\/v2\/types\/product"}],"replies":[{"embeddable":true,"href":"https:\/\/voyagedelabaleine.fr\/en\/wp-json\/wp\/v2\/comments?post=25726"}],"wp:featuredmedia":[{"embeddable":true,"href":"https:\/\/voyagedelabaleine.fr\/en\/wp-json\/wp\/v2\/media\/16427"}],"wp:attachment":[{"href":"https:\/\/voyagedelabaleine.fr\/en\/wp-json\/wp\/v2\/media?parent=25726"}],"wp:term":[{"taxonomy":"product_brand","embeddable":true,"href":"https:\/\/voyagedelabaleine.fr\/en\/wp-json\/wp\/v2\/product_brand?post=25726"},{"taxonomy":"product_cat","embeddable":true,"href":"https:\/\/voyagedelabaleine.fr\/en\/wp-json\/wp\/v2\/product_cat?post=25726"},{"taxonomy":"product_tag","embeddable":true,"href":"https:\/\/voyagedelabaleine.fr\/en\/wp-json\/wp\/v2\/product_tag?post=25726"}],"curies":[{"name":"wp","href":"https:\/\/api.w.org\/{rel}","templated":true}]}}