{"id":26025,"date":"2025-01-30T16:30:26","date_gmt":"2025-01-30T15:30:26","guid":{"rendered":"https:\/\/voyagedelabaleine.fr\/product\/boys-short-sleeved-striped-mandarin-collar-shirt-sky-blue-white\/"},"modified":"2026-04-18T21:32:12","modified_gmt":"2026-04-18T19:32:12","slug":"boys-short-sleeved-striped-mandarin-collar-shirt-sky-blue-white","status":"publish","type":"product","link":"https:\/\/voyagedelabaleine.fr\/en\/product\/boys-short-sleeved-striped-mandarin-collar-shirt-sky-blue-white\/","title":{"rendered":"Boy&#8217;s Short-Sleeved Striped Mandarin Collar Shirt &#8211; Sky Blue\/White"},"content":{"rendered":"<p>Add a touch of freshness and sophistication to your little boy&#8217;s wardrobe with our <strong>sky blue and white striped short-sleeved Mandarin collar boy&#8217;s shirt<\/strong>. Made from a blend of <strong>cotton and linen<\/strong>, this lightweight and breathable shirt is ideal for sunny days. Its soft fabric ensures optimal comfort, while its meticulous finishes make it a piece as practical as it is elegant.  <\/p>\n<p>The <strong>timeless Mandarin collar<\/strong> lends a chic and modern look. The <strong>short sleeves with cuffs<\/strong> add a summery touch, while the red button placket subtly contrasts with the sky blue and white stripes for an original and refined touch. The three front buttons make dressing easy and provide an elegant finish to the shirt.  <\/p>\n<p>For a coordinated and sophisticated look, pair this shirt with our <a href=\"https:\/\/voyagedelabaleine.fr\/en\/product\/white-cotton-and-linen-boys-shorts\/\"><strong>white boy&#8217;s shorts<\/strong><\/a>, also made of cotton and linen. This light and comfortable duo is ideal for summer events such as weddings, baptisms, or family gatherings. The <strong>elasticated waist shorts<\/strong> ensure a perfect fit and great freedom of movement, while maintaining an impeccable style.  <\/p>\n<p>Practical and easy to care for, this <strong>sky blue and white striped short-sleeved Mandarin collar boy&#8217;s shirt<\/strong> is a <strong>versatile piece<\/strong> that also pairs well with trousers or Bermuda shorts. Offer your child a chic and timeless look with this striped shirt, perfect for the summer season! <\/p>\n<p><em>For matching family outfits, there is the <a href=\"https:\/\/voyagedelabaleine.fr\/en\/product\/traditional-unisex-baby-romper-blue-white\/\">traditional romper<\/a> as well as the <a href=\"https:\/\/voyagedelabaleine.fr\/en\/product\/baby-girl-striped-blouse-and-bloomer-set-blue-white\/\">blouse and bloomer set<\/a>, perfectly coordinated with this lovely shirt.<\/em><\/p>\n<p>Made in Spain.<\/p>\n","protected":false},"excerpt":{"rendered":"<ul>\n<li>Short sleeves with cuffs<\/li>\n<li>Mandarin collar<\/li>\n<li>60% cotton, 40% linen<\/li>\n<li>Pair with the <a href=\"https:\/\/voyagedelabaleine.fr\/en\/product\/white-cotton-and-linen-boys-shorts\/\">white boy&#8217;s shorts<\/a><\/li>\n<li>Made in Spain<br \/>\n<em>This shirt fits true to size. Choose your usual size.<\/em><\/li>\n<\/ul>\n","protected":false},"featured_media":23548,"comment_status":"open","ping_status":"closed","template":"","meta":{"ocean_post_layout":"","ocean_both_sidebars_style":"","ocean_both_sidebars_content_width":0,"ocean_both_sidebars_sidebars_width":0,"ocean_sidebar":"0","ocean_second_sidebar":"0","ocean_disable_margins":"enable","ocean_add_body_class":"","ocean_shortcode_before_top_bar":"","ocean_shortcode_after_top_bar":"","ocean_shortcode_before_header":"","ocean_shortcode_after_header":"","ocean_has_shortcode":"","ocean_shortcode_after_title":"","ocean_shortcode_before_footer_widgets":"","ocean_shortcode_after_footer_widgets":"","ocean_shortcode_before_footer_bottom":"","ocean_shortcode_after_footer_bottom":"","ocean_display_top_bar":"default","ocean_display_header":"default","ocean_header_style":"","ocean_center_header_left_menu":"0","ocean_custom_header_template":"0","ocean_custom_logo":0,"ocean_custom_retina_logo":0,"ocean_custom_logo_max_width":0,"ocean_custom_logo_tablet_max_width":0,"ocean_custom_logo_mobile_max_width":0,"ocean_custom_logo_max_height":0,"ocean_custom_logo_tablet_max_height":0,"ocean_custom_logo_mobile_max_height":0,"ocean_header_custom_menu":"0","ocean_menu_typo_font_family":"0","ocean_menu_typo_font_subset":"","ocean_menu_typo_font_size":0,"ocean_menu_typo_font_size_tablet":0,"ocean_menu_typo_font_size_mobile":0,"ocean_menu_typo_font_size_unit":"px","ocean_menu_typo_font_weight":"","ocean_menu_typo_font_weight_tablet":"","ocean_menu_typo_font_weight_mobile":"","ocean_menu_typo_transform":"","ocean_menu_typo_transform_tablet":"","ocean_menu_typo_transform_mobile":"","ocean_menu_typo_line_height":0,"ocean_menu_typo_line_height_tablet":0,"ocean_menu_typo_line_height_mobile":0,"ocean_menu_typo_line_height_unit":"","ocean_menu_typo_spacing":0,"ocean_menu_typo_spacing_tablet":0,"ocean_menu_typo_spacing_mobile":0,"ocean_menu_typo_spacing_unit":"","ocean_menu_link_color":"","ocean_menu_link_color_hover":"","ocean_menu_link_color_active":"","ocean_menu_link_background":"","ocean_menu_link_hover_background":"","ocean_menu_link_active_background":"","ocean_menu_social_links_bg":"","ocean_menu_social_hover_links_bg":"","ocean_menu_social_links_color":"","ocean_menu_social_hover_links_color":"","ocean_disable_title":"default","ocean_disable_heading":"default","ocean_post_title":"","ocean_post_subheading":"","ocean_post_title_style":"","ocean_post_title_background_color":"","ocean_post_title_background":0,"ocean_post_title_bg_image_position":"","ocean_post_title_bg_image_attachment":"","ocean_post_title_bg_image_repeat":"","ocean_post_title_bg_image_size":"","ocean_post_title_height":0,"ocean_post_title_bg_overlay":0.5,"ocean_post_title_bg_overlay_color":"","ocean_disable_breadcrumbs":"default","ocean_breadcrumbs_color":"","ocean_breadcrumbs_separator_color":"","ocean_breadcrumbs_links_color":"","ocean_breadcrumbs_links_hover_color":"","ocean_display_footer_widgets":"default","ocean_display_footer_bottom":"default","ocean_custom_footer_template":"0","osh_disable_topbar_sticky":"default","osh_disable_header_sticky":"default","osh_sticky_header_style":"default","osh_sticky_header_effect":"","osh_custom_sticky_logo":0,"osh_custom_retina_sticky_logo":0,"osh_custom_sticky_logo_height":0,"osh_background_color":"","osh_links_color":"","osh_links_hover_color":"","osh_links_active_color":"","osh_links_bg_color":"","osh_links_hover_bg_color":"","osh_links_active_bg_color":"","osh_menu_social_links_color":"","osh_menu_social_hover_links_color":""},"product_brand":[],"product_cat":[6663,6673,6718],"product_tag":[],"class_list":{"0":"post-26025","1":"product","2":"type-product","3":"status-publish","4":"has-post-thumbnail","6":"product_cat-boy-blouse-shirt","7":"product_cat-child-blouse-shirt","8":"product_cat-clothing","10":"entry","11":"has-media","13":"first","14":"instock","15":"taxable","16":"shipping-taxable","17":"purchasable","18":"product-type-variable","19":"has-default-attributes","20":"has-rating","21":"col","22":"span_1_of_3","23":"owp-content-center","24":"owp-thumbs-layout-vertical","25":"owp-btn-big","26":"owp-tabs-layout-vertical","27":"circle-sale"},"yoast_head":"<!-- This site is optimized with the Yoast SEO plugin v27.1.1 - https:\/\/yoast.com\/product\/yoast-seo-wordpress\/ -->\n<title>Boy&#039;s Short-Sleeved Striped Mandarin Collar Shirt - Sky Blue\/White<\/title>\n<meta name=\"description\" content=\"Add a fresh touch to your little boy&#039;s wardrobe with our sky blue and white striped short-sleeved Mandarin collar boy&#039;s shirt.\" \/>\n<meta name=\"robots\" content=\"index, follow, max-snippet:-1, max-image-preview:large, max-video-preview:-1\" \/>\n<link rel=\"canonical\" href=\"https:\/\/voyagedelabaleine.fr\/en\/product\/boys-short-sleeved-striped-mandarin-collar-shirt-sky-blue-white\/\" \/>\n<meta property=\"og:locale\" content=\"en_US\" \/>\n<meta property=\"og:type\" content=\"article\" \/>\n<meta property=\"og:title\" content=\"Boy&#039;s Short-Sleeved Striped Mandarin Collar Shirt - Sky Blue\/White\" \/>\n<meta property=\"og:description\" content=\"Add a fresh touch to your little boy&#039;s wardrobe with our sky blue and white striped short-sleeved Mandarin collar boy&#039;s shirt.\" \/>\n<meta property=\"og:url\" content=\"https:\/\/voyagedelabaleine.fr\/en\/product\/boys-short-sleeved-striped-mandarin-collar-shirt-sky-blue-white\/\" \/>\n<meta property=\"og:site_name\" content=\"Voyage de la Baleine\" \/>\n<meta property=\"article:publisher\" content=\"https:\/\/www.facebook.com\/voyagedelabaleine\/\" \/>\n<meta property=\"article:modified_time\" content=\"2026-04-18T19:32:12+00:00\" \/>\n<meta property=\"og:image\" content=\"https:\/\/voyagedelabaleine.fr\/wp-content\/uploads\/2025\/11\/chemise-col-mao-fotor-20251119123229.jpg\" \/>\n\t<meta property=\"og:image:width\" content=\"1500\" \/>\n\t<meta property=\"og:image:height\" content=\"1999\" \/>\n\t<meta property=\"og:image:type\" content=\"image\/jpeg\" \/>\n<meta name=\"twitter:card\" content=\"summary_large_image\" \/>\n<meta name=\"twitter:label1\" content=\"Est. reading time\" \/>\n\t<meta name=\"twitter:data1\" content=\"1 minute\" \/>\n<script type=\"application\/ld+json\" class=\"yoast-schema-graph\">{\"@context\":\"https:\/\/schema.org\",\"@graph\":[{\"@type\":\"WebPage\",\"@id\":\"https:\/\/voyagedelabaleine.fr\/en\/product\/boys-short-sleeved-striped-mandarin-collar-shirt-sky-blue-white\/\",\"url\":\"https:\/\/voyagedelabaleine.fr\/en\/product\/boys-short-sleeved-striped-mandarin-collar-shirt-sky-blue-white\/\",\"name\":\"Boy's Short-Sleeved Striped Mandarin Collar Shirt - Sky Blue\/White\",\"isPartOf\":{\"@id\":\"https:\/\/voyagedelabaleine.fr\/en\/#website\"},\"primaryImageOfPage\":{\"@id\":\"https:\/\/voyagedelabaleine.fr\/en\/product\/boys-short-sleeved-striped-mandarin-collar-shirt-sky-blue-white\/#primaryimage\"},\"image\":{\"@id\":\"https:\/\/voyagedelabaleine.fr\/en\/product\/boys-short-sleeved-striped-mandarin-collar-shirt-sky-blue-white\/#primaryimage\"},\"thumbnailUrl\":\"https:\/\/voyagedelabaleine.fr\/wp-content\/uploads\/2025\/11\/chemise-col-mao-fotor-20251119123229.jpg\",\"datePublished\":\"2025-01-30T15:30:26+00:00\",\"dateModified\":\"2026-04-18T19:32:12+00:00\",\"description\":\"Add a fresh touch to your little boy's wardrobe with our sky blue and white striped short-sleeved Mandarin collar boy's shirt.\",\"breadcrumb\":{\"@id\":\"https:\/\/voyagedelabaleine.fr\/en\/product\/boys-short-sleeved-striped-mandarin-collar-shirt-sky-blue-white\/#breadcrumb\"},\"inLanguage\":\"en-US\",\"potentialAction\":[{\"@type\":\"ReadAction\",\"target\":[\"https:\/\/voyagedelabaleine.fr\/en\/product\/boys-short-sleeved-striped-mandarin-collar-shirt-sky-blue-white\/\"]}]},{\"@type\":\"ImageObject\",\"inLanguage\":\"en-US\",\"@id\":\"https:\/\/voyagedelabaleine.fr\/en\/product\/boys-short-sleeved-striped-mandarin-collar-shirt-sky-blue-white\/#primaryimage\",\"url\":\"https:\/\/voyagedelabaleine.fr\/wp-content\/uploads\/2025\/11\/chemise-col-mao-fotor-20251119123229.jpg\",\"contentUrl\":\"https:\/\/voyagedelabaleine.fr\/wp-content\/uploads\/2025\/11\/chemise-col-mao-fotor-20251119123229.jpg\",\"width\":1500,\"height\":1999,\"caption\":\"Chemise gar\u00e7on manches courtes ray\u00e9e bleu et blanc port\u00e9e par un petit gar\u00e7on\"},{\"@type\":\"BreadcrumbList\",\"@id\":\"https:\/\/voyagedelabaleine.fr\/en\/product\/boys-short-sleeved-striped-mandarin-collar-shirt-sky-blue-white\/#breadcrumb\",\"itemListElement\":[{\"@type\":\"ListItem\",\"position\":1,\"name\":\"Accueil\",\"item\":\"https:\/\/voyagedelabaleine.fr\/en\/timeless-refined-clothing-babies-children\/\"},{\"@type\":\"ListItem\",\"position\":2,\"name\":\"All collection\",\"item\":\"https:\/\/voyagedelabaleine.fr\/en\/shop\/\"},{\"@type\":\"ListItem\",\"position\":3,\"name\":\"Boy&#8217;s Short-Sleeved Striped Mandarin Collar Shirt &#8211; Sky Blue\/White\"}]},{\"@type\":\"WebSite\",\"@id\":\"https:\/\/voyagedelabaleine.fr\/en\/#website\",\"url\":\"https:\/\/voyagedelabaleine.fr\/en\/\",\"name\":\"Voyage de la Baleine\",\"description\":\"V\u00eatements intemporels et raffin\u00e9s pour b\u00e9b\u00e9s et enfants\",\"publisher\":{\"@id\":\"https:\/\/voyagedelabaleine.fr\/en\/#organization\"},\"potentialAction\":[{\"@type\":\"SearchAction\",\"target\":{\"@type\":\"EntryPoint\",\"urlTemplate\":\"https:\/\/voyagedelabaleine.fr\/en\/?s={search_term_string}\"},\"query-input\":{\"@type\":\"PropertyValueSpecification\",\"valueRequired\":true,\"valueName\":\"search_term_string\"}}],\"inLanguage\":\"en-US\"},{\"@type\":\"Organization\",\"@id\":\"https:\/\/voyagedelabaleine.fr\/en\/#organization\",\"name\":\"Voyage de la Baleine\",\"url\":\"https:\/\/voyagedelabaleine.fr\/en\/\",\"logo\":{\"@type\":\"ImageObject\",\"inLanguage\":\"en-US\",\"@id\":\"https:\/\/voyagedelabaleine.fr\/en\/#\/schema\/logo\/image\/\",\"url\":\"https:\/\/voyagedelabaleine.fr\/wp-content\/uploads\/2025\/06\/logo.webp\",\"contentUrl\":\"https:\/\/voyagedelabaleine.fr\/wp-content\/uploads\/2025\/06\/logo.webp\",\"width\":153,\"height\":64,\"caption\":\"Voyage de la Baleine\"},\"image\":{\"@id\":\"https:\/\/voyagedelabaleine.fr\/en\/#\/schema\/logo\/image\/\"},\"sameAs\":[\"https:\/\/www.facebook.com\/voyagedelabaleine\/\",\"https:\/\/www.instagram.com\/voyagedelabaleine\/\",\"https:\/\/www.pinterest.fr\/Voyagedelabaleine\/\"]}]}<\/script>\n<!-- \/ Yoast SEO plugin. -->","yoast_head_json":{"title":"Boy's Short-Sleeved Striped Mandarin Collar Shirt - Sky Blue\/White","description":"Add a fresh touch to your little boy's wardrobe with our sky blue and white striped short-sleeved Mandarin collar boy's shirt.","robots":{"index":"index","follow":"follow","max-snippet":"max-snippet:-1","max-image-preview":"max-image-preview:large","max-video-preview":"max-video-preview:-1"},"canonical":"https:\/\/voyagedelabaleine.fr\/en\/product\/boys-short-sleeved-striped-mandarin-collar-shirt-sky-blue-white\/","og_locale":"en_US","og_type":"article","og_title":"Boy's Short-Sleeved Striped Mandarin Collar Shirt - Sky Blue\/White","og_description":"Add a fresh touch to your little boy's wardrobe with our sky blue and white striped short-sleeved Mandarin collar boy's shirt.","og_url":"https:\/\/voyagedelabaleine.fr\/en\/product\/boys-short-sleeved-striped-mandarin-collar-shirt-sky-blue-white\/","og_site_name":"Voyage de la Baleine","article_publisher":"https:\/\/www.facebook.com\/voyagedelabaleine\/","article_modified_time":"2026-04-18T19:32:12+00:00","og_image":[{"width":1500,"height":1999,"url":"https:\/\/voyagedelabaleine.fr\/wp-content\/uploads\/2025\/11\/chemise-col-mao-fotor-20251119123229.jpg","type":"image\/jpeg"}],"twitter_card":"summary_large_image","twitter_misc":{"Est. reading time":"1 minute"},"schema":{"@context":"https:\/\/schema.org","@graph":[{"@type":"WebPage","@id":"https:\/\/voyagedelabaleine.fr\/en\/product\/boys-short-sleeved-striped-mandarin-collar-shirt-sky-blue-white\/","url":"https:\/\/voyagedelabaleine.fr\/en\/product\/boys-short-sleeved-striped-mandarin-collar-shirt-sky-blue-white\/","name":"Boy's Short-Sleeved Striped Mandarin Collar Shirt - Sky Blue\/White","isPartOf":{"@id":"https:\/\/voyagedelabaleine.fr\/en\/#website"},"primaryImageOfPage":{"@id":"https:\/\/voyagedelabaleine.fr\/en\/product\/boys-short-sleeved-striped-mandarin-collar-shirt-sky-blue-white\/#primaryimage"},"image":{"@id":"https:\/\/voyagedelabaleine.fr\/en\/product\/boys-short-sleeved-striped-mandarin-collar-shirt-sky-blue-white\/#primaryimage"},"thumbnailUrl":"https:\/\/voyagedelabaleine.fr\/wp-content\/uploads\/2025\/11\/chemise-col-mao-fotor-20251119123229.jpg","datePublished":"2025-01-30T15:30:26+00:00","dateModified":"2026-04-18T19:32:12+00:00","description":"Add a fresh touch to your little boy's wardrobe with our sky blue and white striped short-sleeved Mandarin collar boy's shirt.","breadcrumb":{"@id":"https:\/\/voyagedelabaleine.fr\/en\/product\/boys-short-sleeved-striped-mandarin-collar-shirt-sky-blue-white\/#breadcrumb"},"inLanguage":"en-US","potentialAction":[{"@type":"ReadAction","target":["https:\/\/voyagedelabaleine.fr\/en\/product\/boys-short-sleeved-striped-mandarin-collar-shirt-sky-blue-white\/"]}]},{"@type":"ImageObject","inLanguage":"en-US","@id":"https:\/\/voyagedelabaleine.fr\/en\/product\/boys-short-sleeved-striped-mandarin-collar-shirt-sky-blue-white\/#primaryimage","url":"https:\/\/voyagedelabaleine.fr\/wp-content\/uploads\/2025\/11\/chemise-col-mao-fotor-20251119123229.jpg","contentUrl":"https:\/\/voyagedelabaleine.fr\/wp-content\/uploads\/2025\/11\/chemise-col-mao-fotor-20251119123229.jpg","width":1500,"height":1999,"caption":"Chemise gar\u00e7on manches courtes ray\u00e9e bleu et blanc port\u00e9e par un petit gar\u00e7on"},{"@type":"BreadcrumbList","@id":"https:\/\/voyagedelabaleine.fr\/en\/product\/boys-short-sleeved-striped-mandarin-collar-shirt-sky-blue-white\/#breadcrumb","itemListElement":[{"@type":"ListItem","position":1,"name":"Accueil","item":"https:\/\/voyagedelabaleine.fr\/en\/timeless-refined-clothing-babies-children\/"},{"@type":"ListItem","position":2,"name":"All collection","item":"https:\/\/voyagedelabaleine.fr\/en\/shop\/"},{"@type":"ListItem","position":3,"name":"Boy&#8217;s Short-Sleeved Striped Mandarin Collar Shirt &#8211; Sky Blue\/White"}]},{"@type":"WebSite","@id":"https:\/\/voyagedelabaleine.fr\/en\/#website","url":"https:\/\/voyagedelabaleine.fr\/en\/","name":"Voyage de la Baleine","description":"V\u00eatements intemporels et raffin\u00e9s pour b\u00e9b\u00e9s et enfants","publisher":{"@id":"https:\/\/voyagedelabaleine.fr\/en\/#organization"},"potentialAction":[{"@type":"SearchAction","target":{"@type":"EntryPoint","urlTemplate":"https:\/\/voyagedelabaleine.fr\/en\/?s={search_term_string}"},"query-input":{"@type":"PropertyValueSpecification","valueRequired":true,"valueName":"search_term_string"}}],"inLanguage":"en-US"},{"@type":"Organization","@id":"https:\/\/voyagedelabaleine.fr\/en\/#organization","name":"Voyage de la Baleine","url":"https:\/\/voyagedelabaleine.fr\/en\/","logo":{"@type":"ImageObject","inLanguage":"en-US","@id":"https:\/\/voyagedelabaleine.fr\/en\/#\/schema\/logo\/image\/","url":"https:\/\/voyagedelabaleine.fr\/wp-content\/uploads\/2025\/06\/logo.webp","contentUrl":"https:\/\/voyagedelabaleine.fr\/wp-content\/uploads\/2025\/06\/logo.webp","width":153,"height":64,"caption":"Voyage de la Baleine"},"image":{"@id":"https:\/\/voyagedelabaleine.fr\/en\/#\/schema\/logo\/image\/"},"sameAs":["https:\/\/www.facebook.com\/voyagedelabaleine\/","https:\/\/www.instagram.com\/voyagedelabaleine\/","https:\/\/www.pinterest.fr\/Voyagedelabaleine\/"]}]}},"_links":{"self":[{"href":"https:\/\/voyagedelabaleine.fr\/en\/wp-json\/wp\/v2\/product\/26025","targetHints":{"allow":["GET"]}}],"collection":[{"href":"https:\/\/voyagedelabaleine.fr\/en\/wp-json\/wp\/v2\/product"}],"about":[{"href":"https:\/\/voyagedelabaleine.fr\/en\/wp-json\/wp\/v2\/types\/product"}],"replies":[{"embeddable":true,"href":"https:\/\/voyagedelabaleine.fr\/en\/wp-json\/wp\/v2\/comments?post=26025"}],"wp:featuredmedia":[{"embeddable":true,"href":"https:\/\/voyagedelabaleine.fr\/en\/wp-json\/wp\/v2\/media\/23548"}],"wp:attachment":[{"href":"https:\/\/voyagedelabaleine.fr\/en\/wp-json\/wp\/v2\/media?parent=26025"}],"wp:term":[{"taxonomy":"product_brand","embeddable":true,"href":"https:\/\/voyagedelabaleine.fr\/en\/wp-json\/wp\/v2\/product_brand?post=26025"},{"taxonomy":"product_cat","embeddable":true,"href":"https:\/\/voyagedelabaleine.fr\/en\/wp-json\/wp\/v2\/product_cat?post=26025"},{"taxonomy":"product_tag","embeddable":true,"href":"https:\/\/voyagedelabaleine.fr\/en\/wp-json\/wp\/v2\/product_tag?post=26025"}],"curies":[{"name":"wp","href":"https:\/\/api.w.org\/{rel}","templated":true}]}}