{"id":26485,"date":"2024-09-05T10:45:47","date_gmt":"2024-09-05T08:45:47","guid":{"rendered":"https:\/\/voyagedelabaleine.fr\/product\/knitted-merino-wool-newborn-set-grey\/"},"modified":"2024-09-05T10:45:47","modified_gmt":"2024-09-05T08:45:47","slug":"knitted-merino-wool-newborn-set-grey","status":"publish","type":"product","link":"https:\/\/voyagedelabaleine.fr\/en\/product\/knitted-merino-wool-newborn-set-grey\/","title":{"rendered":"Knitted Merino Wool Newborn Set &#8211; Grey"},"content":{"rendered":"<p>Offer your newborn unparalleled softness with our <strong>grey merino wool baby set<\/strong>. This set, consisting of <strong>footed pants<\/strong> and a <strong>sweater<\/strong>, is designed to wrap your baby in cozy warmth, ideal for cool days. Merino wool, known for its thermoregulating and hypoallergenic properties, ensures optimal comfort and delicate protection for babies&#8217; sensitive skin.  <\/p>\n<p>The sweater, with its <strong>long sleeves<\/strong> and <strong>round neckline<\/strong>, is easy to put on. It perfectly matches the footed pants, which feature an elasticated waist for a comfortable and secure fit. This <strong>merino wool<\/strong> set is not only stylish but also functional, offering great freedom of movement for your baby.  <\/p>\n<p>For an even more adorable look, pair this set with a small <a href=\"https:\/\/voyagedelabaleine.fr\/en\/categorie-produit\/baby\/baby-bodysuit\/\">collared bodysuit<\/a> underneath. The contrast of textures and colors adds a touch of sophistication to your baby&#8217;s outfit, while maintaining pleasant warmth. This timeless style suits both <strong>baby boys<\/strong> and <strong>baby girls<\/strong>, making this set versatile and practical.  <\/p>\n<p>Our <strong>grey merino wool baby set<\/strong> is an ideal choice for newborns, guaranteeing a soft and comforting warmth from the very first days. Merino wool, known for its breathability and ability to regulate temperature, keeps your baby warm without overheating, ensuring maximum comfort in all circumstances. <\/p>\n<p><em>This baby set is also available in its feminine version in <a href=\"https:\/\/voyagedelabaleine.fr\/product\/ensemble-laine-merinos-rose\/\">pale pink.<\/a><\/em><\/p>\n<p>Made in Spain.<\/p>\n","protected":false},"excerpt":{"rendered":"<ul>\n<li>Sweater and Footed Pants Set<\/li>\n<li>Round neckline<\/li>\n<li>Made in Spain<br \/>\n<em>This set runs true to size. Choose your usual size.<\/em><\/li>\n<\/ul>\n","protected":false},"featured_media":16630,"comment_status":"open","ping_status":"closed","template":"","meta":{"ocean_post_layout":"","ocean_both_sidebars_style":"","ocean_both_sidebars_content_width":0,"ocean_both_sidebars_sidebars_width":0,"ocean_sidebar":"0","ocean_second_sidebar":"0","ocean_disable_margins":"enable","ocean_add_body_class":"","ocean_shortcode_before_top_bar":"","ocean_shortcode_after_top_bar":"","ocean_shortcode_before_header":"","ocean_shortcode_after_header":"","ocean_has_shortcode":"","ocean_shortcode_after_title":"","ocean_shortcode_before_footer_widgets":"","ocean_shortcode_after_footer_widgets":"","ocean_shortcode_before_footer_bottom":"","ocean_shortcode_after_footer_bottom":"","ocean_display_top_bar":"default","ocean_display_header":"default","ocean_header_style":"","ocean_center_header_left_menu":"0","ocean_custom_header_template":"0","ocean_custom_logo":0,"ocean_custom_retina_logo":0,"ocean_custom_logo_max_width":0,"ocean_custom_logo_tablet_max_width":0,"ocean_custom_logo_mobile_max_width":0,"ocean_custom_logo_max_height":0,"ocean_custom_logo_tablet_max_height":0,"ocean_custom_logo_mobile_max_height":0,"ocean_header_custom_menu":"0","ocean_menu_typo_font_family":"0","ocean_menu_typo_font_subset":"","ocean_menu_typo_font_size":0,"ocean_menu_typo_font_size_tablet":0,"ocean_menu_typo_font_size_mobile":0,"ocean_menu_typo_font_size_unit":"px","ocean_menu_typo_font_weight":"","ocean_menu_typo_font_weight_tablet":"","ocean_menu_typo_font_weight_mobile":"","ocean_menu_typo_transform":"","ocean_menu_typo_transform_tablet":"","ocean_menu_typo_transform_mobile":"","ocean_menu_typo_line_height":0,"ocean_menu_typo_line_height_tablet":0,"ocean_menu_typo_line_height_mobile":0,"ocean_menu_typo_line_height_unit":"","ocean_menu_typo_spacing":0,"ocean_menu_typo_spacing_tablet":0,"ocean_menu_typo_spacing_mobile":0,"ocean_menu_typo_spacing_unit":"","ocean_menu_link_color":"","ocean_menu_link_color_hover":"","ocean_menu_link_color_active":"","ocean_menu_link_background":"","ocean_menu_link_hover_background":"","ocean_menu_link_active_background":"","ocean_menu_social_links_bg":"","ocean_menu_social_hover_links_bg":"","ocean_menu_social_links_color":"","ocean_menu_social_hover_links_color":"","ocean_disable_title":"default","ocean_disable_heading":"default","ocean_post_title":"","ocean_post_subheading":"","ocean_post_title_style":"","ocean_post_title_background_color":"","ocean_post_title_background":0,"ocean_post_title_bg_image_position":"","ocean_post_title_bg_image_attachment":"","ocean_post_title_bg_image_repeat":"","ocean_post_title_bg_image_size":"","ocean_post_title_height":0,"ocean_post_title_bg_overlay":0.5,"ocean_post_title_bg_overlay_color":"","ocean_disable_breadcrumbs":"default","ocean_breadcrumbs_color":"","ocean_breadcrumbs_separator_color":"","ocean_breadcrumbs_links_color":"","ocean_breadcrumbs_links_hover_color":"","ocean_display_footer_widgets":"default","ocean_display_footer_bottom":"default","ocean_custom_footer_template":"0","osh_disable_topbar_sticky":"default","osh_disable_header_sticky":"default","osh_sticky_header_style":"default","osh_sticky_header_effect":"","osh_custom_sticky_logo":0,"osh_custom_retina_sticky_logo":0,"osh_custom_sticky_logo_height":0,"osh_background_color":"","osh_links_color":"","osh_links_hover_color":"","osh_links_active_color":"","osh_links_bg_color":"","osh_links_hover_bg_color":"","osh_links_active_bg_color":"","osh_menu_social_links_color":"","osh_menu_social_hover_links_color":""},"product_brand":[],"product_cat":[6640,6626,6631,6633,6613,6618,6620,6642,6644,6714,6718,6680,6711,6705,6706,6689,6694,6695,6713],"product_tag":[],"class_list":{"0":"post-26485","1":"product","2":"type-product","3":"status-publish","4":"has-post-thumbnail","6":"product_cat-baby-bloomer-shorts-trousers","7":"product_cat-baby-boy-bloomer-shorts-trousers","8":"product_cat-baby-boy-outfits","9":"product_cat-baby-boy-sweater-vest-cardigan","10":"product_cat-baby-girl-bloomer-shorts-trousers","11":"product_cat-baby-girl-outfits","12":"product_cat-baby-girl-sweater-vest-cardigan","13":"product_cat-baby-outfits","14":"product_cat-baby-sweater-vest-cardigan","15":"product_cat-chatgpt-a-dit-newborn-sweaters-cardigans-and-vests","16":"product_cat-clothing","17":"product_cat-last-chance-final-sizes-available","18":"product_cat-newborn-bloomer-shorts-and-pants","19":"product_cat-newborn-boy-outfits","20":"product_cat-newborn-boy-sweaters-cardigans-knitwear","21":"product_cat-newborn-girl-bloomers-shorts-pants","22":"product_cat-newborn-girl-outfits","23":"product_cat-newborn-girl-sweaters-cardigans-knitwear","24":"product_cat-newborn-outfits","26":"entry","27":"has-media","29":"first","30":"instock","31":"taxable","32":"shipping-taxable","33":"purchasable","34":"product-type-variable","35":"has-default-attributes","36":"col","37":"span_1_of_3","38":"owp-content-center","39":"owp-thumbs-layout-vertical","40":"owp-btn-big","41":"owp-tabs-layout-vertical","42":"circle-sale"},"yoast_head":"<!-- This site is optimized with the Yoast SEO plugin v27.1.1 - https:\/\/yoast.com\/product\/yoast-seo-wordpress\/ -->\n<title>Grey Merino Wool Baby Set<\/title>\n<meta name=\"description\" content=\"Grey merino wool baby set, consisting of pants and a sweater, to wrap your baby in cozy warmth. Made in Spain.\" \/>\n<meta name=\"robots\" content=\"index, follow, max-snippet:-1, max-image-preview:large, max-video-preview:-1\" \/>\n<link rel=\"canonical\" href=\"https:\/\/voyagedelabaleine.fr\/en\/product\/knitted-merino-wool-newborn-set-grey\/\" \/>\n<meta property=\"og:locale\" content=\"en_US\" \/>\n<meta property=\"og:type\" content=\"article\" \/>\n<meta property=\"og:title\" content=\"Grey Merino Wool Baby Set\" \/>\n<meta property=\"og:description\" content=\"Grey merino wool baby set, consisting of pants and a sweater, to wrap your baby in cozy warmth. Made in Spain.\" \/>\n<meta property=\"og:url\" content=\"https:\/\/voyagedelabaleine.fr\/en\/product\/knitted-merino-wool-newborn-set-grey\/\" \/>\n<meta property=\"og:site_name\" content=\"Voyage de la Baleine\" \/>\n<meta property=\"article:publisher\" content=\"https:\/\/www.facebook.com\/voyagedelabaleine\/\" \/>\n<meta property=\"og:image\" content=\"https:\/\/voyagedelabaleine.fr\/wp-content\/uploads\/2024\/09\/ensemble-naissance-laine-merinos-gris-2.jpg\" \/>\n\t<meta property=\"og:image:width\" content=\"1166\" \/>\n\t<meta property=\"og:image:height\" content=\"1553\" \/>\n\t<meta property=\"og:image:type\" content=\"image\/jpeg\" \/>\n<meta name=\"twitter:card\" content=\"summary_large_image\" \/>\n<meta name=\"twitter:label1\" content=\"Est. reading time\" \/>\n\t<meta name=\"twitter:data1\" content=\"1 minute\" \/>\n<script type=\"application\/ld+json\" class=\"yoast-schema-graph\">{\"@context\":\"https:\/\/schema.org\",\"@graph\":[{\"@type\":\"WebPage\",\"@id\":\"https:\/\/voyagedelabaleine.fr\/en\/product\/knitted-merino-wool-newborn-set-grey\/\",\"url\":\"https:\/\/voyagedelabaleine.fr\/en\/product\/knitted-merino-wool-newborn-set-grey\/\",\"name\":\"Grey Merino Wool Baby Set\",\"isPartOf\":{\"@id\":\"https:\/\/voyagedelabaleine.fr\/en\/#website\"},\"primaryImageOfPage\":{\"@id\":\"https:\/\/voyagedelabaleine.fr\/en\/product\/knitted-merino-wool-newborn-set-grey\/#primaryimage\"},\"image\":{\"@id\":\"https:\/\/voyagedelabaleine.fr\/en\/product\/knitted-merino-wool-newborn-set-grey\/#primaryimage\"},\"thumbnailUrl\":\"https:\/\/voyagedelabaleine.fr\/wp-content\/uploads\/2024\/09\/ensemble-naissance-laine-merinos-gris-2.jpg\",\"datePublished\":\"2024-09-05T08:45:47+00:00\",\"description\":\"Grey merino wool baby set, consisting of pants and a sweater, to wrap your baby in cozy warmth. Made in Spain.\",\"breadcrumb\":{\"@id\":\"https:\/\/voyagedelabaleine.fr\/en\/product\/knitted-merino-wool-newborn-set-grey\/#breadcrumb\"},\"inLanguage\":\"en-US\",\"potentialAction\":[{\"@type\":\"ReadAction\",\"target\":[\"https:\/\/voyagedelabaleine.fr\/en\/product\/knitted-merino-wool-newborn-set-grey\/\"]}]},{\"@type\":\"ImageObject\",\"inLanguage\":\"en-US\",\"@id\":\"https:\/\/voyagedelabaleine.fr\/en\/product\/knitted-merino-wool-newborn-set-grey\/#primaryimage\",\"url\":\"https:\/\/voyagedelabaleine.fr\/wp-content\/uploads\/2024\/09\/ensemble-naissance-laine-merinos-gris-2.jpg\",\"contentUrl\":\"https:\/\/voyagedelabaleine.fr\/wp-content\/uploads\/2024\/09\/ensemble-naissance-laine-merinos-gris-2.jpg\",\"width\":1166,\"height\":1553,\"caption\":\"Ensemble b\u00e9b\u00e9 gris tricot\u00e9 en laine m\u00e9rinos compos\u00e9 d'un pull et d'un pantalon \u00e0 pieds\"},{\"@type\":\"BreadcrumbList\",\"@id\":\"https:\/\/voyagedelabaleine.fr\/en\/product\/knitted-merino-wool-newborn-set-grey\/#breadcrumb\",\"itemListElement\":[{\"@type\":\"ListItem\",\"position\":1,\"name\":\"Accueil\",\"item\":\"https:\/\/voyagedelabaleine.fr\/en\/timeless-refined-clothing-babies-children\/\"},{\"@type\":\"ListItem\",\"position\":2,\"name\":\"All collection\",\"item\":\"https:\/\/voyagedelabaleine.fr\/en\/shop\/\"},{\"@type\":\"ListItem\",\"position\":3,\"name\":\"Knitted Merino Wool Newborn Set &#8211; Grey\"}]},{\"@type\":\"WebSite\",\"@id\":\"https:\/\/voyagedelabaleine.fr\/en\/#website\",\"url\":\"https:\/\/voyagedelabaleine.fr\/en\/\",\"name\":\"Voyage de la Baleine\",\"description\":\"V\u00eatements intemporels et raffin\u00e9s pour b\u00e9b\u00e9s et enfants\",\"publisher\":{\"@id\":\"https:\/\/voyagedelabaleine.fr\/en\/#organization\"},\"potentialAction\":[{\"@type\":\"SearchAction\",\"target\":{\"@type\":\"EntryPoint\",\"urlTemplate\":\"https:\/\/voyagedelabaleine.fr\/en\/?s={search_term_string}\"},\"query-input\":{\"@type\":\"PropertyValueSpecification\",\"valueRequired\":true,\"valueName\":\"search_term_string\"}}],\"inLanguage\":\"en-US\"},{\"@type\":\"Organization\",\"@id\":\"https:\/\/voyagedelabaleine.fr\/en\/#organization\",\"name\":\"Voyage de la Baleine\",\"url\":\"https:\/\/voyagedelabaleine.fr\/en\/\",\"logo\":{\"@type\":\"ImageObject\",\"inLanguage\":\"en-US\",\"@id\":\"https:\/\/voyagedelabaleine.fr\/en\/#\/schema\/logo\/image\/\",\"url\":\"https:\/\/voyagedelabaleine.fr\/wp-content\/uploads\/2025\/06\/logo.webp\",\"contentUrl\":\"https:\/\/voyagedelabaleine.fr\/wp-content\/uploads\/2025\/06\/logo.webp\",\"width\":153,\"height\":64,\"caption\":\"Voyage de la Baleine\"},\"image\":{\"@id\":\"https:\/\/voyagedelabaleine.fr\/en\/#\/schema\/logo\/image\/\"},\"sameAs\":[\"https:\/\/www.facebook.com\/voyagedelabaleine\/\",\"https:\/\/www.instagram.com\/voyagedelabaleine\/\",\"https:\/\/www.pinterest.fr\/Voyagedelabaleine\/\"]}]}<\/script>\n<!-- \/ Yoast SEO plugin. -->","yoast_head_json":{"title":"Grey Merino Wool Baby Set","description":"Grey merino wool baby set, consisting of pants and a sweater, to wrap your baby in cozy warmth. Made in Spain.","robots":{"index":"index","follow":"follow","max-snippet":"max-snippet:-1","max-image-preview":"max-image-preview:large","max-video-preview":"max-video-preview:-1"},"canonical":"https:\/\/voyagedelabaleine.fr\/en\/product\/knitted-merino-wool-newborn-set-grey\/","og_locale":"en_US","og_type":"article","og_title":"Grey Merino Wool Baby Set","og_description":"Grey merino wool baby set, consisting of pants and a sweater, to wrap your baby in cozy warmth. Made in Spain.","og_url":"https:\/\/voyagedelabaleine.fr\/en\/product\/knitted-merino-wool-newborn-set-grey\/","og_site_name":"Voyage de la Baleine","article_publisher":"https:\/\/www.facebook.com\/voyagedelabaleine\/","og_image":[{"width":1166,"height":1553,"url":"https:\/\/voyagedelabaleine.fr\/wp-content\/uploads\/2024\/09\/ensemble-naissance-laine-merinos-gris-2.jpg","type":"image\/jpeg"}],"twitter_card":"summary_large_image","twitter_misc":{"Est. reading time":"1 minute"},"schema":{"@context":"https:\/\/schema.org","@graph":[{"@type":"WebPage","@id":"https:\/\/voyagedelabaleine.fr\/en\/product\/knitted-merino-wool-newborn-set-grey\/","url":"https:\/\/voyagedelabaleine.fr\/en\/product\/knitted-merino-wool-newborn-set-grey\/","name":"Grey Merino Wool Baby Set","isPartOf":{"@id":"https:\/\/voyagedelabaleine.fr\/en\/#website"},"primaryImageOfPage":{"@id":"https:\/\/voyagedelabaleine.fr\/en\/product\/knitted-merino-wool-newborn-set-grey\/#primaryimage"},"image":{"@id":"https:\/\/voyagedelabaleine.fr\/en\/product\/knitted-merino-wool-newborn-set-grey\/#primaryimage"},"thumbnailUrl":"https:\/\/voyagedelabaleine.fr\/wp-content\/uploads\/2024\/09\/ensemble-naissance-laine-merinos-gris-2.jpg","datePublished":"2024-09-05T08:45:47+00:00","description":"Grey merino wool baby set, consisting of pants and a sweater, to wrap your baby in cozy warmth. Made in Spain.","breadcrumb":{"@id":"https:\/\/voyagedelabaleine.fr\/en\/product\/knitted-merino-wool-newborn-set-grey\/#breadcrumb"},"inLanguage":"en-US","potentialAction":[{"@type":"ReadAction","target":["https:\/\/voyagedelabaleine.fr\/en\/product\/knitted-merino-wool-newborn-set-grey\/"]}]},{"@type":"ImageObject","inLanguage":"en-US","@id":"https:\/\/voyagedelabaleine.fr\/en\/product\/knitted-merino-wool-newborn-set-grey\/#primaryimage","url":"https:\/\/voyagedelabaleine.fr\/wp-content\/uploads\/2024\/09\/ensemble-naissance-laine-merinos-gris-2.jpg","contentUrl":"https:\/\/voyagedelabaleine.fr\/wp-content\/uploads\/2024\/09\/ensemble-naissance-laine-merinos-gris-2.jpg","width":1166,"height":1553,"caption":"Ensemble b\u00e9b\u00e9 gris tricot\u00e9 en laine m\u00e9rinos compos\u00e9 d'un pull et d'un pantalon \u00e0 pieds"},{"@type":"BreadcrumbList","@id":"https:\/\/voyagedelabaleine.fr\/en\/product\/knitted-merino-wool-newborn-set-grey\/#breadcrumb","itemListElement":[{"@type":"ListItem","position":1,"name":"Accueil","item":"https:\/\/voyagedelabaleine.fr\/en\/timeless-refined-clothing-babies-children\/"},{"@type":"ListItem","position":2,"name":"All collection","item":"https:\/\/voyagedelabaleine.fr\/en\/shop\/"},{"@type":"ListItem","position":3,"name":"Knitted Merino Wool Newborn Set &#8211; Grey"}]},{"@type":"WebSite","@id":"https:\/\/voyagedelabaleine.fr\/en\/#website","url":"https:\/\/voyagedelabaleine.fr\/en\/","name":"Voyage de la Baleine","description":"V\u00eatements intemporels et raffin\u00e9s pour b\u00e9b\u00e9s et enfants","publisher":{"@id":"https:\/\/voyagedelabaleine.fr\/en\/#organization"},"potentialAction":[{"@type":"SearchAction","target":{"@type":"EntryPoint","urlTemplate":"https:\/\/voyagedelabaleine.fr\/en\/?s={search_term_string}"},"query-input":{"@type":"PropertyValueSpecification","valueRequired":true,"valueName":"search_term_string"}}],"inLanguage":"en-US"},{"@type":"Organization","@id":"https:\/\/voyagedelabaleine.fr\/en\/#organization","name":"Voyage de la Baleine","url":"https:\/\/voyagedelabaleine.fr\/en\/","logo":{"@type":"ImageObject","inLanguage":"en-US","@id":"https:\/\/voyagedelabaleine.fr\/en\/#\/schema\/logo\/image\/","url":"https:\/\/voyagedelabaleine.fr\/wp-content\/uploads\/2025\/06\/logo.webp","contentUrl":"https:\/\/voyagedelabaleine.fr\/wp-content\/uploads\/2025\/06\/logo.webp","width":153,"height":64,"caption":"Voyage de la Baleine"},"image":{"@id":"https:\/\/voyagedelabaleine.fr\/en\/#\/schema\/logo\/image\/"},"sameAs":["https:\/\/www.facebook.com\/voyagedelabaleine\/","https:\/\/www.instagram.com\/voyagedelabaleine\/","https:\/\/www.pinterest.fr\/Voyagedelabaleine\/"]}]}},"_links":{"self":[{"href":"https:\/\/voyagedelabaleine.fr\/en\/wp-json\/wp\/v2\/product\/26485","targetHints":{"allow":["GET"]}}],"collection":[{"href":"https:\/\/voyagedelabaleine.fr\/en\/wp-json\/wp\/v2\/product"}],"about":[{"href":"https:\/\/voyagedelabaleine.fr\/en\/wp-json\/wp\/v2\/types\/product"}],"replies":[{"embeddable":true,"href":"https:\/\/voyagedelabaleine.fr\/en\/wp-json\/wp\/v2\/comments?post=26485"}],"wp:featuredmedia":[{"embeddable":true,"href":"https:\/\/voyagedelabaleine.fr\/en\/wp-json\/wp\/v2\/media\/16630"}],"wp:attachment":[{"href":"https:\/\/voyagedelabaleine.fr\/en\/wp-json\/wp\/v2\/media?parent=26485"}],"wp:term":[{"taxonomy":"product_brand","embeddable":true,"href":"https:\/\/voyagedelabaleine.fr\/en\/wp-json\/wp\/v2\/product_brand?post=26485"},{"taxonomy":"product_cat","embeddable":true,"href":"https:\/\/voyagedelabaleine.fr\/en\/wp-json\/wp\/v2\/product_cat?post=26485"},{"taxonomy":"product_tag","embeddable":true,"href":"https:\/\/voyagedelabaleine.fr\/en\/wp-json\/wp\/v2\/product_tag?post=26485"}],"curies":[{"name":"wp","href":"https:\/\/api.w.org\/{rel}","templated":true}]}}