{"id":26800,"date":"2024-02-18T20:30:36","date_gmt":"2024-02-18T19:30:36","guid":{"rendered":"https:\/\/voyagedelabaleine.fr\/product\/striped-bloomer-swimsuit-blue-white\/"},"modified":"2026-01-15T09:11:05","modified_gmt":"2026-01-15T08:11:05","slug":"striped-bloomer-swimsuit-blue-white","status":"publish","type":"product","link":"https:\/\/voyagedelabaleine.fr\/en\/product\/striped-bloomer-swimsuit-blue-white\/","title":{"rendered":"Striped Bloomer Swimsuit &#8211; Blue\/White"},"content":{"rendered":"<p>Brighten your little adventurers&#8217; summer days with this <strong>sky blue and white striped bloomer swimsuit<\/strong>, designed for both girls and boys. With its classic nautical style and adorable details, this swimsuit perfectly combines <strong>elegance and comfort<\/strong>. The timeless and refreshing blue and white stripes are paired with cheerful lighthouse patterns to create a piece that is as playful as it is elegant, perfect for fun in the sun.  <\/p>\n<p>Carefully crafted in Spain, this <strong>children&#8217;s swimsuit<\/strong> stands out for its exceptional quality and meticulous design. The durable fabric ensures optimal freedom of movement, allowing your child to play and swim with complete peace of mind. Designed to resist salt and chlorinated water, it remains impeccable even after numerous swims, offering ideal durability for summer adventures.  <\/p>\n<p>The bloomer design adds a retro and charming touch, while ensuring a <strong>perfect fit<\/strong> for unparalleled comfort. This swimsuit is the ideal companion for beach days, afternoons at the pool, or lakeside getaways. Whimsical details, such as the <strong>lighthouse patterns<\/strong> and vibrant colors, add a distinctive touch that reflects the carefree joy of childhood.  <\/p>\n<p>Add this <strong>striped bloomer swimsuit<\/strong> to your little explorer&#8217;s wardrobe for a summer look that is both trendy and practical. Order today to give your child an outfit that combines style, quality, and comfort. This swimsuit will quickly become a must-have for memorable moments in the sun.  <\/p>\n<p><em>Also available in its <a href=\"https:\/\/voyagedelabaleine.fr\/en\/product\/boys-striped-swim-shorts-blue-white\/\">boy&#8217;s swimsuit<\/a> version.<\/em><\/p>\n<p>Made in Spain.<\/p>\n","protected":false},"excerpt":{"rendered":"<ul>\n<li>Bloomer Swimsuit<\/li>\n<li>Elasticated waist and leg openings<\/li>\n<li>Lighthouse Patterns<\/li>\n<li>Made in Spain<br \/>\n<em>This bloomer swimsuit runs slightly small. If you are between two sizes, please choose the larger size.<\/em><\/li>\n<\/ul>\n","protected":false},"featured_media":11429,"comment_status":"open","ping_status":"closed","template":"","meta":{"ocean_post_layout":"","ocean_both_sidebars_style":"","ocean_both_sidebars_content_width":0,"ocean_both_sidebars_sidebars_width":0,"ocean_sidebar":"0","ocean_second_sidebar":"0","ocean_disable_margins":"enable","ocean_add_body_class":"","ocean_shortcode_before_top_bar":"","ocean_shortcode_after_top_bar":"","ocean_shortcode_before_header":"","ocean_shortcode_after_header":"","ocean_has_shortcode":"","ocean_shortcode_after_title":"","ocean_shortcode_before_footer_widgets":"","ocean_shortcode_after_footer_widgets":"","ocean_shortcode_before_footer_bottom":"","ocean_shortcode_after_footer_bottom":"","ocean_display_top_bar":"default","ocean_display_header":"default","ocean_header_style":"","ocean_center_header_left_menu":"0","ocean_custom_header_template":"0","ocean_custom_logo":0,"ocean_custom_retina_logo":0,"ocean_custom_logo_max_width":0,"ocean_custom_logo_tablet_max_width":0,"ocean_custom_logo_mobile_max_width":0,"ocean_custom_logo_max_height":0,"ocean_custom_logo_tablet_max_height":0,"ocean_custom_logo_mobile_max_height":0,"ocean_header_custom_menu":"0","ocean_menu_typo_font_family":"0","ocean_menu_typo_font_subset":"","ocean_menu_typo_font_size":0,"ocean_menu_typo_font_size_tablet":0,"ocean_menu_typo_font_size_mobile":0,"ocean_menu_typo_font_size_unit":"px","ocean_menu_typo_font_weight":"","ocean_menu_typo_font_weight_tablet":"","ocean_menu_typo_font_weight_mobile":"","ocean_menu_typo_transform":"","ocean_menu_typo_transform_tablet":"","ocean_menu_typo_transform_mobile":"","ocean_menu_typo_line_height":0,"ocean_menu_typo_line_height_tablet":0,"ocean_menu_typo_line_height_mobile":0,"ocean_menu_typo_line_height_unit":"","ocean_menu_typo_spacing":0,"ocean_menu_typo_spacing_tablet":0,"ocean_menu_typo_spacing_mobile":0,"ocean_menu_typo_spacing_unit":"","ocean_menu_link_color":"","ocean_menu_link_color_hover":"","ocean_menu_link_color_active":"","ocean_menu_link_background":"","ocean_menu_link_hover_background":"","ocean_menu_link_active_background":"","ocean_menu_social_links_bg":"","ocean_menu_social_hover_links_bg":"","ocean_menu_social_links_color":"","ocean_menu_social_hover_links_color":"","ocean_disable_title":"default","ocean_disable_heading":"default","ocean_post_title":"","ocean_post_subheading":"","ocean_post_title_style":"","ocean_post_title_background_color":"","ocean_post_title_background":0,"ocean_post_title_bg_image_position":"","ocean_post_title_bg_image_attachment":"","ocean_post_title_bg_image_repeat":"","ocean_post_title_bg_image_size":"","ocean_post_title_height":0,"ocean_post_title_bg_overlay":0.5,"ocean_post_title_bg_overlay_color":"","ocean_disable_breadcrumbs":"default","ocean_breadcrumbs_color":"","ocean_breadcrumbs_separator_color":"","ocean_breadcrumbs_links_color":"","ocean_breadcrumbs_links_hover_color":"","ocean_display_footer_widgets":"default","ocean_display_footer_bottom":"default","ocean_custom_footer_template":"0","osh_disable_topbar_sticky":"default","osh_disable_header_sticky":"default","osh_sticky_header_style":"default","osh_sticky_header_effect":"","osh_custom_sticky_logo":0,"osh_custom_retina_sticky_logo":0,"osh_custom_sticky_logo_height":0,"osh_background_color":"","osh_links_color":"","osh_links_hover_color":"","osh_links_active_color":"","osh_links_bg_color":"","osh_links_hover_bg_color":"","osh_links_active_bg_color":"","osh_menu_social_links_color":"","osh_menu_social_hover_links_color":""},"product_brand":[],"product_cat":[6632,6619,6643,6718,6680],"product_tag":[],"class_list":{"0":"post-26800","1":"product","2":"type-product","3":"status-publish","4":"has-post-thumbnail","6":"product_cat-baby-boy-swimsuit","7":"product_cat-baby-girl-swimsuit","8":"product_cat-baby-swimsuit","9":"product_cat-clothing","10":"product_cat-last-chance-final-sizes-available","12":"entry","13":"has-media","15":"first","16":"instock","17":"taxable","18":"shipping-taxable","19":"purchasable","20":"product-type-variable","21":"has-default-attributes","22":"has-rating","23":"col","24":"span_1_of_3","25":"owp-content-center","26":"owp-thumbs-layout-vertical","27":"owp-btn-big","28":"owp-tabs-layout-vertical","29":"circle-sale"},"yoast_head":"<!-- This site is optimized with the Yoast SEO plugin v27.1.1 - https:\/\/yoast.com\/product\/yoast-seo-wordpress\/ -->\n<title>Sky Blue Striped Bloomer Swimsuit - Whale&#039;s Journey<\/title>\n<meta name=\"description\" content=\"An irresistible unisex striped bloomer swimsuit featuring lighthouse patterns. For an elegant and playful summer look. Made in Spain.\" \/>\n<meta name=\"robots\" content=\"index, follow, max-snippet:-1, max-image-preview:large, max-video-preview:-1\" \/>\n<link rel=\"canonical\" href=\"https:\/\/voyagedelabaleine.fr\/en\/product\/striped-bloomer-swimsuit-blue-white\/\" \/>\n<meta property=\"og:locale\" content=\"en_US\" \/>\n<meta property=\"og:type\" content=\"article\" \/>\n<meta property=\"og:title\" content=\"Sky Blue Striped Bloomer Swimsuit - Whale&#039;s Journey\" \/>\n<meta property=\"og:description\" content=\"An irresistible unisex striped bloomer swimsuit featuring lighthouse patterns. For an elegant and playful summer look. Made in Spain.\" \/>\n<meta property=\"og:url\" content=\"https:\/\/voyagedelabaleine.fr\/en\/product\/striped-bloomer-swimsuit-blue-white\/\" \/>\n<meta property=\"og:site_name\" content=\"Voyage de la Baleine\" \/>\n<meta property=\"article:publisher\" content=\"https:\/\/www.facebook.com\/voyagedelabaleine\/\" \/>\n<meta property=\"article:modified_time\" content=\"2026-01-15T08:11:05+00:00\" \/>\n<meta property=\"og:image\" content=\"https:\/\/voyagedelabaleine.fr\/wp-content\/uploads\/2024\/02\/maillot-bain-raye-bebe-fille-1.jpg\" \/>\n\t<meta property=\"og:image:width\" content=\"855\" \/>\n\t<meta property=\"og:image:height\" content=\"1140\" \/>\n\t<meta property=\"og:image:type\" content=\"image\/jpeg\" \/>\n<meta name=\"twitter:card\" content=\"summary_large_image\" \/>\n<meta name=\"twitter:label1\" content=\"Est. reading time\" \/>\n\t<meta name=\"twitter:data1\" content=\"1 minute\" \/>\n<script type=\"application\/ld+json\" class=\"yoast-schema-graph\">{\"@context\":\"https:\/\/schema.org\",\"@graph\":[{\"@type\":\"WebPage\",\"@id\":\"https:\/\/voyagedelabaleine.fr\/en\/product\/striped-bloomer-swimsuit-blue-white\/\",\"url\":\"https:\/\/voyagedelabaleine.fr\/en\/product\/striped-bloomer-swimsuit-blue-white\/\",\"name\":\"Sky Blue Striped Bloomer Swimsuit - Whale's Journey\",\"isPartOf\":{\"@id\":\"https:\/\/voyagedelabaleine.fr\/en\/#website\"},\"primaryImageOfPage\":{\"@id\":\"https:\/\/voyagedelabaleine.fr\/en\/product\/striped-bloomer-swimsuit-blue-white\/#primaryimage\"},\"image\":{\"@id\":\"https:\/\/voyagedelabaleine.fr\/en\/product\/striped-bloomer-swimsuit-blue-white\/#primaryimage\"},\"thumbnailUrl\":\"https:\/\/voyagedelabaleine.fr\/wp-content\/uploads\/2024\/02\/maillot-bain-raye-bebe-fille-1.jpg\",\"datePublished\":\"2024-02-18T19:30:36+00:00\",\"dateModified\":\"2026-01-15T08:11:05+00:00\",\"description\":\"An irresistible unisex striped bloomer swimsuit featuring lighthouse patterns. For an elegant and playful summer look. Made in Spain.\",\"breadcrumb\":{\"@id\":\"https:\/\/voyagedelabaleine.fr\/en\/product\/striped-bloomer-swimsuit-blue-white\/#breadcrumb\"},\"inLanguage\":\"en-US\",\"potentialAction\":[{\"@type\":\"ReadAction\",\"target\":[\"https:\/\/voyagedelabaleine.fr\/en\/product\/striped-bloomer-swimsuit-blue-white\/\"]}]},{\"@type\":\"ImageObject\",\"inLanguage\":\"en-US\",\"@id\":\"https:\/\/voyagedelabaleine.fr\/en\/product\/striped-bloomer-swimsuit-blue-white\/#primaryimage\",\"url\":\"https:\/\/voyagedelabaleine.fr\/wp-content\/uploads\/2024\/02\/maillot-bain-raye-bebe-fille-1.jpg\",\"contentUrl\":\"https:\/\/voyagedelabaleine.fr\/wp-content\/uploads\/2024\/02\/maillot-bain-raye-bebe-fille-1.jpg\",\"width\":855,\"height\":1140,\"caption\":\"Maillot de bain b\u00e9b\u00e9 fille ray\u00e9 bleu ciel et blanc avec des motifs de phare rouge et blanc\"},{\"@type\":\"BreadcrumbList\",\"@id\":\"https:\/\/voyagedelabaleine.fr\/en\/product\/striped-bloomer-swimsuit-blue-white\/#breadcrumb\",\"itemListElement\":[{\"@type\":\"ListItem\",\"position\":1,\"name\":\"Accueil\",\"item\":\"https:\/\/voyagedelabaleine.fr\/en\/timeless-refined-clothing-babies-children\/\"},{\"@type\":\"ListItem\",\"position\":2,\"name\":\"All collection\",\"item\":\"https:\/\/voyagedelabaleine.fr\/en\/shop\/\"},{\"@type\":\"ListItem\",\"position\":3,\"name\":\"Striped Bloomer Swimsuit &#8211; Blue\/White\"}]},{\"@type\":\"WebSite\",\"@id\":\"https:\/\/voyagedelabaleine.fr\/en\/#website\",\"url\":\"https:\/\/voyagedelabaleine.fr\/en\/\",\"name\":\"Voyage de la Baleine\",\"description\":\"V\u00eatements intemporels et raffin\u00e9s pour b\u00e9b\u00e9s et enfants\",\"publisher\":{\"@id\":\"https:\/\/voyagedelabaleine.fr\/en\/#organization\"},\"potentialAction\":[{\"@type\":\"SearchAction\",\"target\":{\"@type\":\"EntryPoint\",\"urlTemplate\":\"https:\/\/voyagedelabaleine.fr\/en\/?s={search_term_string}\"},\"query-input\":{\"@type\":\"PropertyValueSpecification\",\"valueRequired\":true,\"valueName\":\"search_term_string\"}}],\"inLanguage\":\"en-US\"},{\"@type\":\"Organization\",\"@id\":\"https:\/\/voyagedelabaleine.fr\/en\/#organization\",\"name\":\"Voyage de la Baleine\",\"url\":\"https:\/\/voyagedelabaleine.fr\/en\/\",\"logo\":{\"@type\":\"ImageObject\",\"inLanguage\":\"en-US\",\"@id\":\"https:\/\/voyagedelabaleine.fr\/en\/#\/schema\/logo\/image\/\",\"url\":\"https:\/\/voyagedelabaleine.fr\/wp-content\/uploads\/2025\/06\/logo.webp\",\"contentUrl\":\"https:\/\/voyagedelabaleine.fr\/wp-content\/uploads\/2025\/06\/logo.webp\",\"width\":153,\"height\":64,\"caption\":\"Voyage de la Baleine\"},\"image\":{\"@id\":\"https:\/\/voyagedelabaleine.fr\/en\/#\/schema\/logo\/image\/\"},\"sameAs\":[\"https:\/\/www.facebook.com\/voyagedelabaleine\/\",\"https:\/\/www.instagram.com\/voyagedelabaleine\/\",\"https:\/\/www.pinterest.fr\/Voyagedelabaleine\/\"]}]}<\/script>\n<!-- \/ Yoast SEO plugin. -->","yoast_head_json":{"title":"Sky Blue Striped Bloomer Swimsuit - Whale's Journey","description":"An irresistible unisex striped bloomer swimsuit featuring lighthouse patterns. For an elegant and playful summer look. Made in Spain.","robots":{"index":"index","follow":"follow","max-snippet":"max-snippet:-1","max-image-preview":"max-image-preview:large","max-video-preview":"max-video-preview:-1"},"canonical":"https:\/\/voyagedelabaleine.fr\/en\/product\/striped-bloomer-swimsuit-blue-white\/","og_locale":"en_US","og_type":"article","og_title":"Sky Blue Striped Bloomer Swimsuit - Whale's Journey","og_description":"An irresistible unisex striped bloomer swimsuit featuring lighthouse patterns. For an elegant and playful summer look. Made in Spain.","og_url":"https:\/\/voyagedelabaleine.fr\/en\/product\/striped-bloomer-swimsuit-blue-white\/","og_site_name":"Voyage de la Baleine","article_publisher":"https:\/\/www.facebook.com\/voyagedelabaleine\/","article_modified_time":"2026-01-15T08:11:05+00:00","og_image":[{"width":855,"height":1140,"url":"https:\/\/voyagedelabaleine.fr\/wp-content\/uploads\/2024\/02\/maillot-bain-raye-bebe-fille-1.jpg","type":"image\/jpeg"}],"twitter_card":"summary_large_image","twitter_misc":{"Est. reading time":"1 minute"},"schema":{"@context":"https:\/\/schema.org","@graph":[{"@type":"WebPage","@id":"https:\/\/voyagedelabaleine.fr\/en\/product\/striped-bloomer-swimsuit-blue-white\/","url":"https:\/\/voyagedelabaleine.fr\/en\/product\/striped-bloomer-swimsuit-blue-white\/","name":"Sky Blue Striped Bloomer Swimsuit - Whale's Journey","isPartOf":{"@id":"https:\/\/voyagedelabaleine.fr\/en\/#website"},"primaryImageOfPage":{"@id":"https:\/\/voyagedelabaleine.fr\/en\/product\/striped-bloomer-swimsuit-blue-white\/#primaryimage"},"image":{"@id":"https:\/\/voyagedelabaleine.fr\/en\/product\/striped-bloomer-swimsuit-blue-white\/#primaryimage"},"thumbnailUrl":"https:\/\/voyagedelabaleine.fr\/wp-content\/uploads\/2024\/02\/maillot-bain-raye-bebe-fille-1.jpg","datePublished":"2024-02-18T19:30:36+00:00","dateModified":"2026-01-15T08:11:05+00:00","description":"An irresistible unisex striped bloomer swimsuit featuring lighthouse patterns. For an elegant and playful summer look. Made in Spain.","breadcrumb":{"@id":"https:\/\/voyagedelabaleine.fr\/en\/product\/striped-bloomer-swimsuit-blue-white\/#breadcrumb"},"inLanguage":"en-US","potentialAction":[{"@type":"ReadAction","target":["https:\/\/voyagedelabaleine.fr\/en\/product\/striped-bloomer-swimsuit-blue-white\/"]}]},{"@type":"ImageObject","inLanguage":"en-US","@id":"https:\/\/voyagedelabaleine.fr\/en\/product\/striped-bloomer-swimsuit-blue-white\/#primaryimage","url":"https:\/\/voyagedelabaleine.fr\/wp-content\/uploads\/2024\/02\/maillot-bain-raye-bebe-fille-1.jpg","contentUrl":"https:\/\/voyagedelabaleine.fr\/wp-content\/uploads\/2024\/02\/maillot-bain-raye-bebe-fille-1.jpg","width":855,"height":1140,"caption":"Maillot de bain b\u00e9b\u00e9 fille ray\u00e9 bleu ciel et blanc avec des motifs de phare rouge et blanc"},{"@type":"BreadcrumbList","@id":"https:\/\/voyagedelabaleine.fr\/en\/product\/striped-bloomer-swimsuit-blue-white\/#breadcrumb","itemListElement":[{"@type":"ListItem","position":1,"name":"Accueil","item":"https:\/\/voyagedelabaleine.fr\/en\/timeless-refined-clothing-babies-children\/"},{"@type":"ListItem","position":2,"name":"All collection","item":"https:\/\/voyagedelabaleine.fr\/en\/shop\/"},{"@type":"ListItem","position":3,"name":"Striped Bloomer Swimsuit &#8211; Blue\/White"}]},{"@type":"WebSite","@id":"https:\/\/voyagedelabaleine.fr\/en\/#website","url":"https:\/\/voyagedelabaleine.fr\/en\/","name":"Voyage de la Baleine","description":"V\u00eatements intemporels et raffin\u00e9s pour b\u00e9b\u00e9s et enfants","publisher":{"@id":"https:\/\/voyagedelabaleine.fr\/en\/#organization"},"potentialAction":[{"@type":"SearchAction","target":{"@type":"EntryPoint","urlTemplate":"https:\/\/voyagedelabaleine.fr\/en\/?s={search_term_string}"},"query-input":{"@type":"PropertyValueSpecification","valueRequired":true,"valueName":"search_term_string"}}],"inLanguage":"en-US"},{"@type":"Organization","@id":"https:\/\/voyagedelabaleine.fr\/en\/#organization","name":"Voyage de la Baleine","url":"https:\/\/voyagedelabaleine.fr\/en\/","logo":{"@type":"ImageObject","inLanguage":"en-US","@id":"https:\/\/voyagedelabaleine.fr\/en\/#\/schema\/logo\/image\/","url":"https:\/\/voyagedelabaleine.fr\/wp-content\/uploads\/2025\/06\/logo.webp","contentUrl":"https:\/\/voyagedelabaleine.fr\/wp-content\/uploads\/2025\/06\/logo.webp","width":153,"height":64,"caption":"Voyage de la Baleine"},"image":{"@id":"https:\/\/voyagedelabaleine.fr\/en\/#\/schema\/logo\/image\/"},"sameAs":["https:\/\/www.facebook.com\/voyagedelabaleine\/","https:\/\/www.instagram.com\/voyagedelabaleine\/","https:\/\/www.pinterest.fr\/Voyagedelabaleine\/"]}]}},"_links":{"self":[{"href":"https:\/\/voyagedelabaleine.fr\/en\/wp-json\/wp\/v2\/product\/26800","targetHints":{"allow":["GET"]}}],"collection":[{"href":"https:\/\/voyagedelabaleine.fr\/en\/wp-json\/wp\/v2\/product"}],"about":[{"href":"https:\/\/voyagedelabaleine.fr\/en\/wp-json\/wp\/v2\/types\/product"}],"replies":[{"embeddable":true,"href":"https:\/\/voyagedelabaleine.fr\/en\/wp-json\/wp\/v2\/comments?post=26800"}],"wp:featuredmedia":[{"embeddable":true,"href":"https:\/\/voyagedelabaleine.fr\/en\/wp-json\/wp\/v2\/media\/11429"}],"wp:attachment":[{"href":"https:\/\/voyagedelabaleine.fr\/en\/wp-json\/wp\/v2\/media?parent=26800"}],"wp:term":[{"taxonomy":"product_brand","embeddable":true,"href":"https:\/\/voyagedelabaleine.fr\/en\/wp-json\/wp\/v2\/product_brand?post=26800"},{"taxonomy":"product_cat","embeddable":true,"href":"https:\/\/voyagedelabaleine.fr\/en\/wp-json\/wp\/v2\/product_cat?post=26800"},{"taxonomy":"product_tag","embeddable":true,"href":"https:\/\/voyagedelabaleine.fr\/en\/wp-json\/wp\/v2\/product_tag?post=26800"}],"curies":[{"name":"wp","href":"https:\/\/api.w.org\/{rel}","templated":true}]}}