{"id":27013,"date":"2023-10-06T11:02:08","date_gmt":"2023-10-06T09:02:08","guid":{"rendered":"https:\/\/voyagedelabaleine.fr\/product\/warm-cotton-knee-high-baby-socks-with-pom-poms-brown\/"},"modified":"2026-01-15T09:11:06","modified_gmt":"2026-01-15T08:11:06","slug":"warm-cotton-knee-high-baby-socks-with-pom-poms-brown","status":"publish","type":"product","link":"https:\/\/voyagedelabaleine.fr\/en\/product\/warm-cotton-knee-high-baby-socks-with-pom-poms-brown\/","title":{"rendered":"Warm Cotton Knee-High Baby Socks with Pom-Poms &#8211; Brown"},"content":{"rendered":"<div class=\"product-information tvproduct-special-desc\">\n<div class=\"product-actions hiddenForm360\">\n<form id=\"add-to-cart-or-refresh\" action=\"https:\/\/www.topbaby.es\/en\/cart\" method=\"post\">\n<div class=\"product-additional-info\">\n<div class=\"logomanusupp\">\n<div class=\"hookTopMove\">\n<div class=\"product-information tvproduct-special-desc\">\n<div class=\"product-actions hiddenForm360\">\n<div class=\"product-additional-info\">\n<div class=\"logomanusupp\">\n<div class=\"product-information tvproduct-special-desc\">\n<div class=\"product-actions hiddenForm360\">\n<div class=\"product-additional-info\">\n<div class=\"logomanusupp\">\n<div class=\"hookTopMove\">\n<p>Discover cozy comfort and playful elegance with our <strong>brown baby socks with pom-poms<\/strong>. Designed for autumn-winter, these socks are crafted from <strong>warm cotton<\/strong>, providing natural warmth while being <strong>soft<\/strong> for baby&#8217;s sensitive skin. The pom-poms add a playful and unique touch to every step, making these socks both fun and stylish. Their <strong>knee-high<\/strong> design offers extra protection against the cold, ensuring your baby stays comfortably warm all day.   <\/p>\n<p>Versatile and <strong>unisex<\/strong>, these socks pair perfectly with a bloomer or a <a href=\"https:\/\/voyagedelabaleine.fr\/en\/categorie-produit\/baby\/elegant-baby-clothing\/baby-romper-overall\/\">romper<\/a>, elegantly complementing any outfit for all occasions. Their neutral <strong>brown color<\/strong> allows for easy pairing with various garments, offering your baby a look that is both chic and practical. Easy to care for and durable, they retain their shape and softness wash after wash, ensuring remarkable longevity to accompany your baby in their daily explorations.  <\/p>\n<p>Give your little one an extra dose of <strong>comfort<\/strong> and <strong>style<\/strong> with our brown baby socks with pom-poms. Perfect for playtime at home or family outings, they are the ideal choice to keep your baby&#8217;s feet warm while adding a touch of whimsy to their wardrobe. <\/p>\n<p><em>Opt for quality and charm with these socks, promising both comfort and fun for your child, whatever the weather outside.<\/em><\/p>\n<p>Made in Spain.<\/p>\n<\/div>\n<\/div>\n<\/div>\n<\/div>\n<\/div>\n<\/div>\n<\/div>\n<\/div>\n<\/div>\n<\/div>\n<\/div>\n<\/div>\n<\/form>\n<\/div>\n<\/div>\n","protected":false},"excerpt":{"rendered":"<ul>\n<li>Ribbed Knee-High Socks<\/li>\n<li>Warm Cotton Socks<\/li>\n<li>Decorative Pom-Poms<\/li>\n<li>Made in Spain<\/li>\n<\/ul>\n","protected":false},"featured_media":11196,"comment_status":"open","ping_status":"closed","template":"","meta":{"ocean_post_layout":"","ocean_both_sidebars_style":"","ocean_both_sidebars_content_width":0,"ocean_both_sidebars_sidebars_width":0,"ocean_sidebar":"0","ocean_second_sidebar":"0","ocean_disable_margins":"enable","ocean_add_body_class":"","ocean_shortcode_before_top_bar":"","ocean_shortcode_after_top_bar":"","ocean_shortcode_before_header":"","ocean_shortcode_after_header":"","ocean_has_shortcode":"","ocean_shortcode_after_title":"","ocean_shortcode_before_footer_widgets":"","ocean_shortcode_after_footer_widgets":"","ocean_shortcode_before_footer_bottom":"","ocean_shortcode_after_footer_bottom":"","ocean_display_top_bar":"default","ocean_display_header":"default","ocean_header_style":"","ocean_center_header_left_menu":"0","ocean_custom_header_template":"0","ocean_custom_logo":0,"ocean_custom_retina_logo":0,"ocean_custom_logo_max_width":0,"ocean_custom_logo_tablet_max_width":0,"ocean_custom_logo_mobile_max_width":0,"ocean_custom_logo_max_height":0,"ocean_custom_logo_tablet_max_height":0,"ocean_custom_logo_mobile_max_height":0,"ocean_header_custom_menu":"0","ocean_menu_typo_font_family":"0","ocean_menu_typo_font_subset":"","ocean_menu_typo_font_size":0,"ocean_menu_typo_font_size_tablet":0,"ocean_menu_typo_font_size_mobile":0,"ocean_menu_typo_font_size_unit":"px","ocean_menu_typo_font_weight":"","ocean_menu_typo_font_weight_tablet":"","ocean_menu_typo_font_weight_mobile":"","ocean_menu_typo_transform":"","ocean_menu_typo_transform_tablet":"","ocean_menu_typo_transform_mobile":"","ocean_menu_typo_line_height":0,"ocean_menu_typo_line_height_tablet":0,"ocean_menu_typo_line_height_mobile":0,"ocean_menu_typo_line_height_unit":"","ocean_menu_typo_spacing":0,"ocean_menu_typo_spacing_tablet":0,"ocean_menu_typo_spacing_mobile":0,"ocean_menu_typo_spacing_unit":"","ocean_menu_link_color":"","ocean_menu_link_color_hover":"","ocean_menu_link_color_active":"","ocean_menu_link_background":"","ocean_menu_link_hover_background":"","ocean_menu_link_active_background":"","ocean_menu_social_links_bg":"","ocean_menu_social_hover_links_bg":"","ocean_menu_social_links_color":"","ocean_menu_social_hover_links_color":"","ocean_disable_title":"default","ocean_disable_heading":"default","ocean_post_title":"","ocean_post_subheading":"","ocean_post_title_style":"","ocean_post_title_background_color":"","ocean_post_title_background":0,"ocean_post_title_bg_image_position":"","ocean_post_title_bg_image_attachment":"","ocean_post_title_bg_image_repeat":"","ocean_post_title_bg_image_size":"","ocean_post_title_height":0,"ocean_post_title_bg_overlay":0.5,"ocean_post_title_bg_overlay_color":"","ocean_disable_breadcrumbs":"default","ocean_breadcrumbs_color":"","ocean_breadcrumbs_separator_color":"","ocean_breadcrumbs_links_color":"","ocean_breadcrumbs_links_hover_color":"","ocean_display_footer_widgets":"default","ocean_display_footer_bottom":"default","ocean_custom_footer_template":"0","osh_disable_topbar_sticky":"default","osh_disable_header_sticky":"default","osh_sticky_header_style":"default","osh_sticky_header_effect":"","osh_custom_sticky_logo":0,"osh_custom_retina_sticky_logo":0,"osh_custom_sticky_logo_height":0,"osh_background_color":"","osh_links_color":"","osh_links_hover_color":"","osh_links_active_color":"","osh_links_bg_color":"","osh_links_hover_bg_color":"","osh_links_active_bg_color":"","osh_menu_social_links_color":"","osh_menu_social_hover_links_color":""},"product_brand":[],"product_cat":[6647,6629,6616,6703,6692,6684],"product_tag":[6793],"class_list":{"0":"post-27013","1":"product","2":"type-product","3":"status-publish","4":"has-post-thumbnail","6":"product_cat-baby-and-child-socks-tights","7":"product_cat-baby-boy-socks-tights","8":"product_cat-baby-girl-socks-tights","9":"product_cat-newborn-boy-socks-tights","10":"product_cat-newborn-girl-socks-tights","11":"product_cat-newborn-socks-tights","12":"product_tag-socks","14":"entry","15":"has-media","17":"first","18":"instock","19":"taxable","20":"shipping-taxable","21":"purchasable","22":"product-type-variable","23":"has-default-attributes","24":"has-rating","25":"col","26":"span_1_of_3","27":"owp-content-center","28":"owp-thumbs-layout-vertical","29":"owp-btn-big","30":"owp-tabs-layout-vertical","31":"circle-sale"},"yoast_head":"<!-- This site is optimized with the Yoast SEO plugin v27.1.1 - https:\/\/yoast.com\/product\/yoast-seo-wordpress\/ -->\n<title>Brown Baby Socks with Pom-Poms - Whale&#039;s Journey<\/title>\n<meta name=\"description\" content=\"Brown baby socks with pom-poms, knee-high, with cute matching pom-poms. Comfortable and stylish. Made in Spain.\" \/>\n<meta name=\"robots\" content=\"index, follow, max-snippet:-1, max-image-preview:large, max-video-preview:-1\" \/>\n<link rel=\"canonical\" href=\"https:\/\/voyagedelabaleine.fr\/en\/product\/warm-cotton-knee-high-baby-socks-with-pom-poms-brown\/\" \/>\n<meta property=\"og:locale\" content=\"en_US\" \/>\n<meta property=\"og:type\" content=\"article\" \/>\n<meta property=\"og:title\" content=\"Brown Baby Socks with Pom-Poms - Whale&#039;s Journey\" \/>\n<meta property=\"og:description\" content=\"Brown baby socks with pom-poms, knee-high, with cute matching pom-poms. Comfortable and stylish. Made in Spain.\" \/>\n<meta property=\"og:url\" content=\"https:\/\/voyagedelabaleine.fr\/en\/product\/warm-cotton-knee-high-baby-socks-with-pom-poms-brown\/\" \/>\n<meta property=\"og:site_name\" content=\"Voyage de la Baleine\" \/>\n<meta property=\"article:publisher\" content=\"https:\/\/www.facebook.com\/voyagedelabaleine\/\" \/>\n<meta property=\"article:modified_time\" content=\"2026-01-15T08:11:06+00:00\" \/>\n<meta property=\"og:image\" content=\"https:\/\/voyagedelabaleine.fr\/wp-content\/uploads\/2023\/10\/chaussettes-bebe-marrons-pompon-1.jpg\" \/>\n\t<meta property=\"og:image:width\" content=\"855\" \/>\n\t<meta property=\"og:image:height\" content=\"1140\" \/>\n\t<meta property=\"og:image:type\" content=\"image\/jpeg\" \/>\n<meta name=\"twitter:card\" content=\"summary_large_image\" \/>\n<meta name=\"twitter:label1\" content=\"Est. reading time\" \/>\n\t<meta name=\"twitter:data1\" content=\"1 minute\" \/>\n<script type=\"application\/ld+json\" class=\"yoast-schema-graph\">{\"@context\":\"https:\/\/schema.org\",\"@graph\":[{\"@type\":\"WebPage\",\"@id\":\"https:\/\/voyagedelabaleine.fr\/en\/product\/warm-cotton-knee-high-baby-socks-with-pom-poms-brown\/\",\"url\":\"https:\/\/voyagedelabaleine.fr\/en\/product\/warm-cotton-knee-high-baby-socks-with-pom-poms-brown\/\",\"name\":\"Brown Baby Socks with Pom-Poms - Whale's Journey\",\"isPartOf\":{\"@id\":\"https:\/\/voyagedelabaleine.fr\/en\/#website\"},\"primaryImageOfPage\":{\"@id\":\"https:\/\/voyagedelabaleine.fr\/en\/product\/warm-cotton-knee-high-baby-socks-with-pom-poms-brown\/#primaryimage\"},\"image\":{\"@id\":\"https:\/\/voyagedelabaleine.fr\/en\/product\/warm-cotton-knee-high-baby-socks-with-pom-poms-brown\/#primaryimage\"},\"thumbnailUrl\":\"https:\/\/voyagedelabaleine.fr\/wp-content\/uploads\/2023\/10\/chaussettes-bebe-marrons-pompon-1.jpg\",\"datePublished\":\"2023-10-06T09:02:08+00:00\",\"dateModified\":\"2026-01-15T08:11:06+00:00\",\"description\":\"Brown baby socks with pom-poms, knee-high, with cute matching pom-poms. Comfortable and stylish. Made in Spain.\",\"breadcrumb\":{\"@id\":\"https:\/\/voyagedelabaleine.fr\/en\/product\/warm-cotton-knee-high-baby-socks-with-pom-poms-brown\/#breadcrumb\"},\"inLanguage\":\"en-US\",\"potentialAction\":[{\"@type\":\"ReadAction\",\"target\":[\"https:\/\/voyagedelabaleine.fr\/en\/product\/warm-cotton-knee-high-baby-socks-with-pom-poms-brown\/\"]}]},{\"@type\":\"ImageObject\",\"inLanguage\":\"en-US\",\"@id\":\"https:\/\/voyagedelabaleine.fr\/en\/product\/warm-cotton-knee-high-baby-socks-with-pom-poms-brown\/#primaryimage\",\"url\":\"https:\/\/voyagedelabaleine.fr\/wp-content\/uploads\/2023\/10\/chaussettes-bebe-marrons-pompon-1.jpg\",\"contentUrl\":\"https:\/\/voyagedelabaleine.fr\/wp-content\/uploads\/2023\/10\/chaussettes-bebe-marrons-pompon-1.jpg\",\"width\":855,\"height\":1140,\"caption\":\"Chaussettes b\u00e9b\u00e9 marrons hautes \u00e0 pompons en coton chaud\"},{\"@type\":\"BreadcrumbList\",\"@id\":\"https:\/\/voyagedelabaleine.fr\/en\/product\/warm-cotton-knee-high-baby-socks-with-pom-poms-brown\/#breadcrumb\",\"itemListElement\":[{\"@type\":\"ListItem\",\"position\":1,\"name\":\"Accueil\",\"item\":\"https:\/\/voyagedelabaleine.fr\/en\/timeless-refined-clothing-babies-children\/\"},{\"@type\":\"ListItem\",\"position\":2,\"name\":\"All collection\",\"item\":\"https:\/\/voyagedelabaleine.fr\/en\/shop\/\"},{\"@type\":\"ListItem\",\"position\":3,\"name\":\"Warm Cotton Knee-High Baby Socks with Pom-Poms &#8211; Brown\"}]},{\"@type\":\"WebSite\",\"@id\":\"https:\/\/voyagedelabaleine.fr\/en\/#website\",\"url\":\"https:\/\/voyagedelabaleine.fr\/en\/\",\"name\":\"Voyage de la Baleine\",\"description\":\"V\u00eatements intemporels et raffin\u00e9s pour b\u00e9b\u00e9s et enfants\",\"publisher\":{\"@id\":\"https:\/\/voyagedelabaleine.fr\/en\/#organization\"},\"potentialAction\":[{\"@type\":\"SearchAction\",\"target\":{\"@type\":\"EntryPoint\",\"urlTemplate\":\"https:\/\/voyagedelabaleine.fr\/en\/?s={search_term_string}\"},\"query-input\":{\"@type\":\"PropertyValueSpecification\",\"valueRequired\":true,\"valueName\":\"search_term_string\"}}],\"inLanguage\":\"en-US\"},{\"@type\":\"Organization\",\"@id\":\"https:\/\/voyagedelabaleine.fr\/en\/#organization\",\"name\":\"Voyage de la Baleine\",\"url\":\"https:\/\/voyagedelabaleine.fr\/en\/\",\"logo\":{\"@type\":\"ImageObject\",\"inLanguage\":\"en-US\",\"@id\":\"https:\/\/voyagedelabaleine.fr\/en\/#\/schema\/logo\/image\/\",\"url\":\"https:\/\/voyagedelabaleine.fr\/wp-content\/uploads\/2025\/06\/logo.webp\",\"contentUrl\":\"https:\/\/voyagedelabaleine.fr\/wp-content\/uploads\/2025\/06\/logo.webp\",\"width\":153,\"height\":64,\"caption\":\"Voyage de la Baleine\"},\"image\":{\"@id\":\"https:\/\/voyagedelabaleine.fr\/en\/#\/schema\/logo\/image\/\"},\"sameAs\":[\"https:\/\/www.facebook.com\/voyagedelabaleine\/\",\"https:\/\/www.instagram.com\/voyagedelabaleine\/\",\"https:\/\/www.pinterest.fr\/Voyagedelabaleine\/\"]}]}<\/script>\n<!-- \/ Yoast SEO plugin. -->","yoast_head_json":{"title":"Brown Baby Socks with Pom-Poms - Whale's Journey","description":"Brown baby socks with pom-poms, knee-high, with cute matching pom-poms. Comfortable and stylish. Made in Spain.","robots":{"index":"index","follow":"follow","max-snippet":"max-snippet:-1","max-image-preview":"max-image-preview:large","max-video-preview":"max-video-preview:-1"},"canonical":"https:\/\/voyagedelabaleine.fr\/en\/product\/warm-cotton-knee-high-baby-socks-with-pom-poms-brown\/","og_locale":"en_US","og_type":"article","og_title":"Brown Baby Socks with Pom-Poms - Whale's Journey","og_description":"Brown baby socks with pom-poms, knee-high, with cute matching pom-poms. Comfortable and stylish. Made in Spain.","og_url":"https:\/\/voyagedelabaleine.fr\/en\/product\/warm-cotton-knee-high-baby-socks-with-pom-poms-brown\/","og_site_name":"Voyage de la Baleine","article_publisher":"https:\/\/www.facebook.com\/voyagedelabaleine\/","article_modified_time":"2026-01-15T08:11:06+00:00","og_image":[{"width":855,"height":1140,"url":"https:\/\/voyagedelabaleine.fr\/wp-content\/uploads\/2023\/10\/chaussettes-bebe-marrons-pompon-1.jpg","type":"image\/jpeg"}],"twitter_card":"summary_large_image","twitter_misc":{"Est. reading time":"1 minute"},"schema":{"@context":"https:\/\/schema.org","@graph":[{"@type":"WebPage","@id":"https:\/\/voyagedelabaleine.fr\/en\/product\/warm-cotton-knee-high-baby-socks-with-pom-poms-brown\/","url":"https:\/\/voyagedelabaleine.fr\/en\/product\/warm-cotton-knee-high-baby-socks-with-pom-poms-brown\/","name":"Brown Baby Socks with Pom-Poms - Whale's Journey","isPartOf":{"@id":"https:\/\/voyagedelabaleine.fr\/en\/#website"},"primaryImageOfPage":{"@id":"https:\/\/voyagedelabaleine.fr\/en\/product\/warm-cotton-knee-high-baby-socks-with-pom-poms-brown\/#primaryimage"},"image":{"@id":"https:\/\/voyagedelabaleine.fr\/en\/product\/warm-cotton-knee-high-baby-socks-with-pom-poms-brown\/#primaryimage"},"thumbnailUrl":"https:\/\/voyagedelabaleine.fr\/wp-content\/uploads\/2023\/10\/chaussettes-bebe-marrons-pompon-1.jpg","datePublished":"2023-10-06T09:02:08+00:00","dateModified":"2026-01-15T08:11:06+00:00","description":"Brown baby socks with pom-poms, knee-high, with cute matching pom-poms. Comfortable and stylish. Made in Spain.","breadcrumb":{"@id":"https:\/\/voyagedelabaleine.fr\/en\/product\/warm-cotton-knee-high-baby-socks-with-pom-poms-brown\/#breadcrumb"},"inLanguage":"en-US","potentialAction":[{"@type":"ReadAction","target":["https:\/\/voyagedelabaleine.fr\/en\/product\/warm-cotton-knee-high-baby-socks-with-pom-poms-brown\/"]}]},{"@type":"ImageObject","inLanguage":"en-US","@id":"https:\/\/voyagedelabaleine.fr\/en\/product\/warm-cotton-knee-high-baby-socks-with-pom-poms-brown\/#primaryimage","url":"https:\/\/voyagedelabaleine.fr\/wp-content\/uploads\/2023\/10\/chaussettes-bebe-marrons-pompon-1.jpg","contentUrl":"https:\/\/voyagedelabaleine.fr\/wp-content\/uploads\/2023\/10\/chaussettes-bebe-marrons-pompon-1.jpg","width":855,"height":1140,"caption":"Chaussettes b\u00e9b\u00e9 marrons hautes \u00e0 pompons en coton chaud"},{"@type":"BreadcrumbList","@id":"https:\/\/voyagedelabaleine.fr\/en\/product\/warm-cotton-knee-high-baby-socks-with-pom-poms-brown\/#breadcrumb","itemListElement":[{"@type":"ListItem","position":1,"name":"Accueil","item":"https:\/\/voyagedelabaleine.fr\/en\/timeless-refined-clothing-babies-children\/"},{"@type":"ListItem","position":2,"name":"All collection","item":"https:\/\/voyagedelabaleine.fr\/en\/shop\/"},{"@type":"ListItem","position":3,"name":"Warm Cotton Knee-High Baby Socks with Pom-Poms &#8211; Brown"}]},{"@type":"WebSite","@id":"https:\/\/voyagedelabaleine.fr\/en\/#website","url":"https:\/\/voyagedelabaleine.fr\/en\/","name":"Voyage de la Baleine","description":"V\u00eatements intemporels et raffin\u00e9s pour b\u00e9b\u00e9s et enfants","publisher":{"@id":"https:\/\/voyagedelabaleine.fr\/en\/#organization"},"potentialAction":[{"@type":"SearchAction","target":{"@type":"EntryPoint","urlTemplate":"https:\/\/voyagedelabaleine.fr\/en\/?s={search_term_string}"},"query-input":{"@type":"PropertyValueSpecification","valueRequired":true,"valueName":"search_term_string"}}],"inLanguage":"en-US"},{"@type":"Organization","@id":"https:\/\/voyagedelabaleine.fr\/en\/#organization","name":"Voyage de la Baleine","url":"https:\/\/voyagedelabaleine.fr\/en\/","logo":{"@type":"ImageObject","inLanguage":"en-US","@id":"https:\/\/voyagedelabaleine.fr\/en\/#\/schema\/logo\/image\/","url":"https:\/\/voyagedelabaleine.fr\/wp-content\/uploads\/2025\/06\/logo.webp","contentUrl":"https:\/\/voyagedelabaleine.fr\/wp-content\/uploads\/2025\/06\/logo.webp","width":153,"height":64,"caption":"Voyage de la Baleine"},"image":{"@id":"https:\/\/voyagedelabaleine.fr\/en\/#\/schema\/logo\/image\/"},"sameAs":["https:\/\/www.facebook.com\/voyagedelabaleine\/","https:\/\/www.instagram.com\/voyagedelabaleine\/","https:\/\/www.pinterest.fr\/Voyagedelabaleine\/"]}]}},"_links":{"self":[{"href":"https:\/\/voyagedelabaleine.fr\/en\/wp-json\/wp\/v2\/product\/27013","targetHints":{"allow":["GET"]}}],"collection":[{"href":"https:\/\/voyagedelabaleine.fr\/en\/wp-json\/wp\/v2\/product"}],"about":[{"href":"https:\/\/voyagedelabaleine.fr\/en\/wp-json\/wp\/v2\/types\/product"}],"replies":[{"embeddable":true,"href":"https:\/\/voyagedelabaleine.fr\/en\/wp-json\/wp\/v2\/comments?post=27013"}],"wp:featuredmedia":[{"embeddable":true,"href":"https:\/\/voyagedelabaleine.fr\/en\/wp-json\/wp\/v2\/media\/11196"}],"wp:attachment":[{"href":"https:\/\/voyagedelabaleine.fr\/en\/wp-json\/wp\/v2\/media?parent=27013"}],"wp:term":[{"taxonomy":"product_brand","embeddable":true,"href":"https:\/\/voyagedelabaleine.fr\/en\/wp-json\/wp\/v2\/product_brand?post=27013"},{"taxonomy":"product_cat","embeddable":true,"href":"https:\/\/voyagedelabaleine.fr\/en\/wp-json\/wp\/v2\/product_cat?post=27013"},{"taxonomy":"product_tag","embeddable":true,"href":"https:\/\/voyagedelabaleine.fr\/en\/wp-json\/wp\/v2\/product_tag?post=27013"}],"curies":[{"name":"wp","href":"https:\/\/api.w.org\/{rel}","templated":true}]}}