{"id":27077,"date":"2023-10-06T00:27:38","date_gmt":"2023-10-05T22:27:38","guid":{"rendered":"https:\/\/voyagedelabaleine.fr\/product\/baby-girl-peter-pan-collar-bodysuit-white\/"},"modified":"2023-10-06T00:27:38","modified_gmt":"2023-10-05T22:27:38","slug":"baby-girl-peter-pan-collar-bodysuit-white","status":"publish","type":"product","link":"https:\/\/voyagedelabaleine.fr\/en\/product\/baby-girl-peter-pan-collar-bodysuit-white\/","title":{"rendered":"Baby girl Peter Pan collar bodysuit &#8211; White"},"content":{"rendered":"<p>Dress your little princess in a touch of timeless elegance with this <strong>baby girl Peter Pan collar bodysuit<\/strong> with <strong>long sleeves<\/strong>, in a <strong>radiant white<\/strong> shade. This feminine and classic bodysuit combines <strong>comfort<\/strong> and <strong>sophistication<\/strong> to offer your precious baby an outfit full of charm and refinement. <\/p>\n<p><strong>Carefully crafted in Spain<\/strong>, this garment embodies the perfect union of <strong>quality<\/strong> and timeless design. The <strong>Peter Pan collar<\/strong> adds a touch of <strong>retro charm<\/strong>, creating a chic and delicate aesthetic that suits all occasions. Whether for a formal event, a family outing, or a day at home, this bodysuit will bring a touch of elegance to every moment.  <\/p>\n<p>The <strong>long sleeves<\/strong> ensure <strong>gentle warmth<\/strong> and pleasant, offering your baby a comfortable dressing experience, even on cooler days. This bodysuit is designed to guarantee <strong>freedom of movement<\/strong> while keeping your little princess warm and comfortable. The <strong>timeless white shade<\/strong> of this bodysuit allows for a multitude of combinations with other <a href=\"https:\/\/voyagedelabaleine.fr\/en\/categorie-produit\/baby\/elegant-baby-clothing\/\">clothing<\/a> and <a href=\"https:\/\/voyagedelabaleine.fr\/en\/categorie-produit\/baby\/baby-accessories\/\">accessories<\/a>, bringing a touch of light and purity to her wardrobe.  <\/p>\n<p>This baby Peter Pan collar bodysuit is the ideal item to complete all your baby&#8217;s outfits. It is made from <strong>premium quality cotton<\/strong>, soft for your child&#8217;s sensitive skin, while being <strong>durable<\/strong> and easy to care for. The <strong>elegant design<\/strong> and <strong>impeccable quality<\/strong> make this bodysuit an essential in children&#8217;s fashion, which will withstand the tests of time and trends.  <\/p>\n<p>Choose this feminine and elegant bodysuit, designed with <strong>love in Spain<\/strong>, and offer your little princess a distinctive piece, combining <strong>elegance<\/strong> and <strong>well-being<\/strong>. This bodysuit will quickly become an essential in her wardrobe, bringing <strong>refinement<\/strong> and <strong>comfort<\/strong> to every outfit. <\/p>\n<p><em>This Peter Pan collar bodysuit is also available in <a href=\"https:\/\/voyagedelabaleine.fr\/en\/product\/baby-girl-bodysuit-with-peter-pan-collar-nude\/\">nude<\/a> and <a href=\"https:\/\/voyagedelabaleine.fr\/en\/product\/baby-girl-bodysuit-with-peter-pan-collar-red\/\">red<\/a>.<\/em><\/p>\n<p>Made in Spain.<\/p>\n","protected":false},"excerpt":{"rendered":"<ul>\n<li>Long Sleeves<\/li>\n<li>Peter Pan collar<\/li>\n<li>Fastened with a snap placket at the back<\/li>\n<li>Crotch Snap Fasteners<\/li>\n<li>100% cotton<\/li>\n<li>Made in Spain<br \/>\n<em>This bodysuit fits true to size. Choose your usual size.<\/em><\/li>\n<\/ul>\n","protected":false},"featured_media":16499,"comment_status":"open","ping_status":"closed","template":"","meta":{"ocean_post_layout":"","ocean_both_sidebars_style":"","ocean_both_sidebars_content_width":0,"ocean_both_sidebars_sidebars_width":0,"ocean_sidebar":"0","ocean_second_sidebar":"0","ocean_disable_margins":"enable","ocean_add_body_class":"","ocean_shortcode_before_top_bar":"","ocean_shortcode_after_top_bar":"","ocean_shortcode_before_header":"","ocean_shortcode_after_header":"","ocean_has_shortcode":"","ocean_shortcode_after_title":"","ocean_shortcode_before_footer_widgets":"","ocean_shortcode_after_footer_widgets":"","ocean_shortcode_before_footer_bottom":"","ocean_shortcode_after_footer_bottom":"","ocean_display_top_bar":"default","ocean_display_header":"default","ocean_header_style":"","ocean_center_header_left_menu":"0","ocean_custom_header_template":"0","ocean_custom_logo":0,"ocean_custom_retina_logo":0,"ocean_custom_logo_max_width":0,"ocean_custom_logo_tablet_max_width":0,"ocean_custom_logo_mobile_max_width":0,"ocean_custom_logo_max_height":0,"ocean_custom_logo_tablet_max_height":0,"ocean_custom_logo_mobile_max_height":0,"ocean_header_custom_menu":"0","ocean_menu_typo_font_family":"0","ocean_menu_typo_font_subset":"","ocean_menu_typo_font_size":0,"ocean_menu_typo_font_size_tablet":0,"ocean_menu_typo_font_size_mobile":0,"ocean_menu_typo_font_size_unit":"px","ocean_menu_typo_font_weight":"","ocean_menu_typo_font_weight_tablet":"","ocean_menu_typo_font_weight_mobile":"","ocean_menu_typo_transform":"","ocean_menu_typo_transform_tablet":"","ocean_menu_typo_transform_mobile":"","ocean_menu_typo_line_height":0,"ocean_menu_typo_line_height_tablet":0,"ocean_menu_typo_line_height_mobile":0,"ocean_menu_typo_line_height_unit":"","ocean_menu_typo_spacing":0,"ocean_menu_typo_spacing_tablet":0,"ocean_menu_typo_spacing_mobile":0,"ocean_menu_typo_spacing_unit":"","ocean_menu_link_color":"","ocean_menu_link_color_hover":"","ocean_menu_link_color_active":"","ocean_menu_link_background":"","ocean_menu_link_hover_background":"","ocean_menu_link_active_background":"","ocean_menu_social_links_bg":"","ocean_menu_social_hover_links_bg":"","ocean_menu_social_links_color":"","ocean_menu_social_hover_links_color":"","ocean_disable_title":"default","ocean_disable_heading":"default","ocean_post_title":"","ocean_post_subheading":"","ocean_post_title_style":"","ocean_post_title_background_color":"","ocean_post_title_background":0,"ocean_post_title_bg_image_position":"","ocean_post_title_bg_image_attachment":"","ocean_post_title_bg_image_repeat":"","ocean_post_title_bg_image_size":"","ocean_post_title_height":0,"ocean_post_title_bg_overlay":0.5,"ocean_post_title_bg_overlay_color":"","ocean_disable_breadcrumbs":"default","ocean_breadcrumbs_color":"","ocean_breadcrumbs_separator_color":"","ocean_breadcrumbs_links_color":"","ocean_breadcrumbs_links_hover_color":"","ocean_display_footer_widgets":"default","ocean_display_footer_bottom":"default","ocean_custom_footer_template":"0","osh_disable_topbar_sticky":"default","osh_disable_header_sticky":"default","osh_sticky_header_style":"default","osh_sticky_header_effect":"","osh_custom_sticky_logo":0,"osh_custom_retina_sticky_logo":0,"osh_custom_sticky_logo_height":0,"osh_background_color":"","osh_links_color":"","osh_links_hover_color":"","osh_links_active_color":"","osh_links_bg_color":"","osh_links_hover_bg_color":"","osh_links_active_bg_color":"","osh_menu_social_links_color":"","osh_menu_social_hover_links_color":""},"product_brand":[],"product_cat":[6609,6628,6615,6606,6683,6702,6691],"product_tag":[6795],"class_list":{"0":"post-27077","1":"product","2":"type-product","3":"status-publish","4":"has-post-thumbnail","6":"product_cat-baby-bodysuit","7":"product_cat-baby-boy-bodysuit","8":"product_cat-baby-girl-bodysuit","9":"product_cat-bodysuit","10":"product_cat-newborn-bodysuit","11":"product_cat-newborn-boy-bodysuits","12":"product_cat-newborn-girl-bodysuits","13":"product_tag-bodysuit","15":"entry","16":"has-media","18":"first","19":"instock","20":"taxable","21":"shipping-taxable","22":"purchasable","23":"product-type-variable","24":"has-default-attributes","25":"col","26":"span_1_of_3","27":"owp-content-center","28":"owp-thumbs-layout-vertical","29":"owp-btn-big","30":"owp-tabs-layout-vertical","31":"circle-sale"},"yoast_head":"<!-- This site is optimized with the Yoast SEO plugin v27.1.1 - https:\/\/yoast.com\/product\/yoast-seo-wordpress\/ -->\n<title>White cotton baby girl Peter Pan collar bodysuit<\/title>\n<meta name=\"description\" content=\"Baby girl Peter Pan collar long-sleeved bodysuit. A feminine and classic bodysuit that will provide complete comfort for your baby. Made in Spain.\" \/>\n<meta name=\"robots\" content=\"index, follow, max-snippet:-1, max-image-preview:large, max-video-preview:-1\" \/>\n<link rel=\"canonical\" href=\"https:\/\/voyagedelabaleine.fr\/en\/product\/baby-girl-peter-pan-collar-bodysuit-white\/\" \/>\n<meta property=\"og:locale\" content=\"en_US\" \/>\n<meta property=\"og:type\" content=\"article\" \/>\n<meta property=\"og:title\" content=\"White cotton baby girl Peter Pan collar bodysuit\" \/>\n<meta property=\"og:description\" content=\"Baby girl Peter Pan collar long-sleeved bodysuit. A feminine and classic bodysuit that will provide complete comfort for your baby. Made in Spain.\" \/>\n<meta property=\"og:url\" content=\"https:\/\/voyagedelabaleine.fr\/en\/product\/baby-girl-peter-pan-collar-bodysuit-white\/\" \/>\n<meta property=\"og:site_name\" content=\"Voyage de la Baleine\" \/>\n<meta property=\"article:publisher\" content=\"https:\/\/www.facebook.com\/voyagedelabaleine\/\" \/>\n<meta property=\"og:image\" content=\"https:\/\/voyagedelabaleine.fr\/wp-content\/uploads\/2025\/01\/body-col-claudine-blanc.jpg\" \/>\n\t<meta property=\"og:image:width\" content=\"1100\" \/>\n\t<meta property=\"og:image:height\" content=\"1466\" \/>\n\t<meta property=\"og:image:type\" content=\"image\/jpeg\" \/>\n<meta name=\"twitter:card\" content=\"summary_large_image\" \/>\n<meta name=\"twitter:label1\" content=\"Est. reading time\" \/>\n\t<meta name=\"twitter:data1\" content=\"1 minute\" \/>\n<script type=\"application\/ld+json\" class=\"yoast-schema-graph\">{\"@context\":\"https:\/\/schema.org\",\"@graph\":[{\"@type\":\"WebPage\",\"@id\":\"https:\/\/voyagedelabaleine.fr\/en\/product\/baby-girl-peter-pan-collar-bodysuit-white\/\",\"url\":\"https:\/\/voyagedelabaleine.fr\/en\/product\/baby-girl-peter-pan-collar-bodysuit-white\/\",\"name\":\"White cotton baby girl Peter Pan collar bodysuit\",\"isPartOf\":{\"@id\":\"https:\/\/voyagedelabaleine.fr\/en\/#website\"},\"primaryImageOfPage\":{\"@id\":\"https:\/\/voyagedelabaleine.fr\/en\/product\/baby-girl-peter-pan-collar-bodysuit-white\/#primaryimage\"},\"image\":{\"@id\":\"https:\/\/voyagedelabaleine.fr\/en\/product\/baby-girl-peter-pan-collar-bodysuit-white\/#primaryimage\"},\"thumbnailUrl\":\"https:\/\/voyagedelabaleine.fr\/wp-content\/uploads\/2025\/01\/body-col-claudine-blanc.jpg\",\"datePublished\":\"2023-10-05T22:27:38+00:00\",\"description\":\"Baby girl Peter Pan collar long-sleeved bodysuit. A feminine and classic bodysuit that will provide complete comfort for your baby. Made in Spain.\",\"breadcrumb\":{\"@id\":\"https:\/\/voyagedelabaleine.fr\/en\/product\/baby-girl-peter-pan-collar-bodysuit-white\/#breadcrumb\"},\"inLanguage\":\"en-US\",\"potentialAction\":[{\"@type\":\"ReadAction\",\"target\":[\"https:\/\/voyagedelabaleine.fr\/en\/product\/baby-girl-peter-pan-collar-bodysuit-white\/\"]}]},{\"@type\":\"ImageObject\",\"inLanguage\":\"en-US\",\"@id\":\"https:\/\/voyagedelabaleine.fr\/en\/product\/baby-girl-peter-pan-collar-bodysuit-white\/#primaryimage\",\"url\":\"https:\/\/voyagedelabaleine.fr\/wp-content\/uploads\/2025\/01\/body-col-claudine-blanc.jpg\",\"contentUrl\":\"https:\/\/voyagedelabaleine.fr\/wp-content\/uploads\/2025\/01\/body-col-claudine-blanc.jpg\",\"width\":1100,\"height\":1466,\"caption\":\"body b\u00e9b\u00e9 blanc manches longues \u00e0 col claudine\"},{\"@type\":\"BreadcrumbList\",\"@id\":\"https:\/\/voyagedelabaleine.fr\/en\/product\/baby-girl-peter-pan-collar-bodysuit-white\/#breadcrumb\",\"itemListElement\":[{\"@type\":\"ListItem\",\"position\":1,\"name\":\"Accueil\",\"item\":\"https:\/\/voyagedelabaleine.fr\/en\/timeless-refined-clothing-babies-children\/\"},{\"@type\":\"ListItem\",\"position\":2,\"name\":\"All collection\",\"item\":\"https:\/\/voyagedelabaleine.fr\/en\/shop\/\"},{\"@type\":\"ListItem\",\"position\":3,\"name\":\"Baby girl Peter Pan collar bodysuit &#8211; White\"}]},{\"@type\":\"WebSite\",\"@id\":\"https:\/\/voyagedelabaleine.fr\/en\/#website\",\"url\":\"https:\/\/voyagedelabaleine.fr\/en\/\",\"name\":\"Voyage de la Baleine\",\"description\":\"V\u00eatements intemporels et raffin\u00e9s pour b\u00e9b\u00e9s et enfants\",\"publisher\":{\"@id\":\"https:\/\/voyagedelabaleine.fr\/en\/#organization\"},\"potentialAction\":[{\"@type\":\"SearchAction\",\"target\":{\"@type\":\"EntryPoint\",\"urlTemplate\":\"https:\/\/voyagedelabaleine.fr\/en\/?s={search_term_string}\"},\"query-input\":{\"@type\":\"PropertyValueSpecification\",\"valueRequired\":true,\"valueName\":\"search_term_string\"}}],\"inLanguage\":\"en-US\"},{\"@type\":\"Organization\",\"@id\":\"https:\/\/voyagedelabaleine.fr\/en\/#organization\",\"name\":\"Voyage de la Baleine\",\"url\":\"https:\/\/voyagedelabaleine.fr\/en\/\",\"logo\":{\"@type\":\"ImageObject\",\"inLanguage\":\"en-US\",\"@id\":\"https:\/\/voyagedelabaleine.fr\/en\/#\/schema\/logo\/image\/\",\"url\":\"https:\/\/voyagedelabaleine.fr\/wp-content\/uploads\/2025\/06\/logo.webp\",\"contentUrl\":\"https:\/\/voyagedelabaleine.fr\/wp-content\/uploads\/2025\/06\/logo.webp\",\"width\":153,\"height\":64,\"caption\":\"Voyage de la Baleine\"},\"image\":{\"@id\":\"https:\/\/voyagedelabaleine.fr\/en\/#\/schema\/logo\/image\/\"},\"sameAs\":[\"https:\/\/www.facebook.com\/voyagedelabaleine\/\",\"https:\/\/www.instagram.com\/voyagedelabaleine\/\",\"https:\/\/www.pinterest.fr\/Voyagedelabaleine\/\"]}]}<\/script>\n<!-- \/ Yoast SEO plugin. -->","yoast_head_json":{"title":"White cotton baby girl Peter Pan collar bodysuit","description":"Baby girl Peter Pan collar long-sleeved bodysuit. A feminine and classic bodysuit that will provide complete comfort for your baby. Made in Spain.","robots":{"index":"index","follow":"follow","max-snippet":"max-snippet:-1","max-image-preview":"max-image-preview:large","max-video-preview":"max-video-preview:-1"},"canonical":"https:\/\/voyagedelabaleine.fr\/en\/product\/baby-girl-peter-pan-collar-bodysuit-white\/","og_locale":"en_US","og_type":"article","og_title":"White cotton baby girl Peter Pan collar bodysuit","og_description":"Baby girl Peter Pan collar long-sleeved bodysuit. A feminine and classic bodysuit that will provide complete comfort for your baby. Made in Spain.","og_url":"https:\/\/voyagedelabaleine.fr\/en\/product\/baby-girl-peter-pan-collar-bodysuit-white\/","og_site_name":"Voyage de la Baleine","article_publisher":"https:\/\/www.facebook.com\/voyagedelabaleine\/","og_image":[{"width":1100,"height":1466,"url":"https:\/\/voyagedelabaleine.fr\/wp-content\/uploads\/2025\/01\/body-col-claudine-blanc.jpg","type":"image\/jpeg"}],"twitter_card":"summary_large_image","twitter_misc":{"Est. reading time":"1 minute"},"schema":{"@context":"https:\/\/schema.org","@graph":[{"@type":"WebPage","@id":"https:\/\/voyagedelabaleine.fr\/en\/product\/baby-girl-peter-pan-collar-bodysuit-white\/","url":"https:\/\/voyagedelabaleine.fr\/en\/product\/baby-girl-peter-pan-collar-bodysuit-white\/","name":"White cotton baby girl Peter Pan collar bodysuit","isPartOf":{"@id":"https:\/\/voyagedelabaleine.fr\/en\/#website"},"primaryImageOfPage":{"@id":"https:\/\/voyagedelabaleine.fr\/en\/product\/baby-girl-peter-pan-collar-bodysuit-white\/#primaryimage"},"image":{"@id":"https:\/\/voyagedelabaleine.fr\/en\/product\/baby-girl-peter-pan-collar-bodysuit-white\/#primaryimage"},"thumbnailUrl":"https:\/\/voyagedelabaleine.fr\/wp-content\/uploads\/2025\/01\/body-col-claudine-blanc.jpg","datePublished":"2023-10-05T22:27:38+00:00","description":"Baby girl Peter Pan collar long-sleeved bodysuit. A feminine and classic bodysuit that will provide complete comfort for your baby. Made in Spain.","breadcrumb":{"@id":"https:\/\/voyagedelabaleine.fr\/en\/product\/baby-girl-peter-pan-collar-bodysuit-white\/#breadcrumb"},"inLanguage":"en-US","potentialAction":[{"@type":"ReadAction","target":["https:\/\/voyagedelabaleine.fr\/en\/product\/baby-girl-peter-pan-collar-bodysuit-white\/"]}]},{"@type":"ImageObject","inLanguage":"en-US","@id":"https:\/\/voyagedelabaleine.fr\/en\/product\/baby-girl-peter-pan-collar-bodysuit-white\/#primaryimage","url":"https:\/\/voyagedelabaleine.fr\/wp-content\/uploads\/2025\/01\/body-col-claudine-blanc.jpg","contentUrl":"https:\/\/voyagedelabaleine.fr\/wp-content\/uploads\/2025\/01\/body-col-claudine-blanc.jpg","width":1100,"height":1466,"caption":"body b\u00e9b\u00e9 blanc manches longues \u00e0 col claudine"},{"@type":"BreadcrumbList","@id":"https:\/\/voyagedelabaleine.fr\/en\/product\/baby-girl-peter-pan-collar-bodysuit-white\/#breadcrumb","itemListElement":[{"@type":"ListItem","position":1,"name":"Accueil","item":"https:\/\/voyagedelabaleine.fr\/en\/timeless-refined-clothing-babies-children\/"},{"@type":"ListItem","position":2,"name":"All collection","item":"https:\/\/voyagedelabaleine.fr\/en\/shop\/"},{"@type":"ListItem","position":3,"name":"Baby girl Peter Pan collar bodysuit &#8211; White"}]},{"@type":"WebSite","@id":"https:\/\/voyagedelabaleine.fr\/en\/#website","url":"https:\/\/voyagedelabaleine.fr\/en\/","name":"Voyage de la Baleine","description":"V\u00eatements intemporels et raffin\u00e9s pour b\u00e9b\u00e9s et enfants","publisher":{"@id":"https:\/\/voyagedelabaleine.fr\/en\/#organization"},"potentialAction":[{"@type":"SearchAction","target":{"@type":"EntryPoint","urlTemplate":"https:\/\/voyagedelabaleine.fr\/en\/?s={search_term_string}"},"query-input":{"@type":"PropertyValueSpecification","valueRequired":true,"valueName":"search_term_string"}}],"inLanguage":"en-US"},{"@type":"Organization","@id":"https:\/\/voyagedelabaleine.fr\/en\/#organization","name":"Voyage de la Baleine","url":"https:\/\/voyagedelabaleine.fr\/en\/","logo":{"@type":"ImageObject","inLanguage":"en-US","@id":"https:\/\/voyagedelabaleine.fr\/en\/#\/schema\/logo\/image\/","url":"https:\/\/voyagedelabaleine.fr\/wp-content\/uploads\/2025\/06\/logo.webp","contentUrl":"https:\/\/voyagedelabaleine.fr\/wp-content\/uploads\/2025\/06\/logo.webp","width":153,"height":64,"caption":"Voyage de la Baleine"},"image":{"@id":"https:\/\/voyagedelabaleine.fr\/en\/#\/schema\/logo\/image\/"},"sameAs":["https:\/\/www.facebook.com\/voyagedelabaleine\/","https:\/\/www.instagram.com\/voyagedelabaleine\/","https:\/\/www.pinterest.fr\/Voyagedelabaleine\/"]}]}},"_links":{"self":[{"href":"https:\/\/voyagedelabaleine.fr\/en\/wp-json\/wp\/v2\/product\/27077","targetHints":{"allow":["GET"]}}],"collection":[{"href":"https:\/\/voyagedelabaleine.fr\/en\/wp-json\/wp\/v2\/product"}],"about":[{"href":"https:\/\/voyagedelabaleine.fr\/en\/wp-json\/wp\/v2\/types\/product"}],"replies":[{"embeddable":true,"href":"https:\/\/voyagedelabaleine.fr\/en\/wp-json\/wp\/v2\/comments?post=27077"}],"wp:featuredmedia":[{"embeddable":true,"href":"https:\/\/voyagedelabaleine.fr\/en\/wp-json\/wp\/v2\/media\/16499"}],"wp:attachment":[{"href":"https:\/\/voyagedelabaleine.fr\/en\/wp-json\/wp\/v2\/media?parent=27077"}],"wp:term":[{"taxonomy":"product_brand","embeddable":true,"href":"https:\/\/voyagedelabaleine.fr\/en\/wp-json\/wp\/v2\/product_brand?post=27077"},{"taxonomy":"product_cat","embeddable":true,"href":"https:\/\/voyagedelabaleine.fr\/en\/wp-json\/wp\/v2\/product_cat?post=27077"},{"taxonomy":"product_tag","embeddable":true,"href":"https:\/\/voyagedelabaleine.fr\/en\/wp-json\/wp\/v2\/product_tag?post=27077"}],"curies":[{"name":"wp","href":"https:\/\/api.w.org\/{rel}","templated":true}]}}