{"id":27095,"date":"2023-10-06T00:21:50","date_gmt":"2023-10-05T22:21:50","guid":{"rendered":"https:\/\/voyagedelabaleine.fr\/product\/white-long-sleeved-baby-bodysuit-with-english-embroidered-collar\/"},"modified":"2026-01-15T09:10:38","modified_gmt":"2026-01-15T08:10:38","slug":"white-long-sleeved-baby-bodysuit-with-english-embroidered-collar","status":"publish","type":"product","link":"https:\/\/voyagedelabaleine.fr\/en\/product\/white-long-sleeved-baby-bodysuit-with-english-embroidered-collar\/","title":{"rendered":"White long-sleeved baby bodysuit with English embroidered collar"},"content":{"rendered":"<p>Give your baby a timeless piece with this <strong>white English embroidered baby bodysuit. This long-sleeved unisex bodysuit<\/strong> features an English embroidered collar and delicate finishes that reflect a refined and universal style. Carefully crafted from <strong>soft and breathable cotton<\/strong>, it ensures optimal comfort while adding discreet elegance to every outfit. <\/p>\n<p>The <strong>English embroidered collar<\/strong>, subtly crafted, lends this bodysuit a <strong>classic charm<\/strong> suitable for both baby boys and baby girls. The embroidery, delicately repeated at the cuffs, adds a harmonious and sophisticated touch, making this piece a perfect choice for parents seeking elegance and versatility. <\/p>\n<p>Made in Spain with unparalleled attention to detail, this bodysuit showcases artisanal craftsmanship and the use of <strong>high-quality materials<\/strong>. The natural softness of cotton ensures gentle contact with babies&#8217; sensitive skin, while the thoughtful design provides gentle warmth and lasting comfort, ideal for cooler days or for layering under an outfit. <\/p>\n<p>Practical and functional, this bodysuit features <strong>snap fasteners<\/strong> at the back and crotch, making dressing and changes easier. It looks particularly charming when worn under a <a href=\"https:\/\/voyagedelabaleine.fr\/en\/categorie-produit\/baby\/elegant-baby-clothing\/baby-sweater-vest-cardigan\/\">cardigan or sweater<\/a>, allowing the collar and cuff embroidery to peek out. <\/p>\n<p>Versatile and elegant, this <strong>white English embroidered baby bodysuit<\/strong> is an essential piece in your little one&#8217;s wardrobe, embodying the perfect blend of comfort, style, and practicality. Whether for daily wear or special occasions, it will enhance your baby&#8217;s look while providing unparalleled well-being. <\/p>\n<p><em>Opt for an exceptional piece where Spanish quality meets timeless design.<\/em><\/p>\n<p>Made in Spain.<\/p>\n","protected":false},"excerpt":{"rendered":"<ul>\n<li>English embroidery at the neck and cuffs<\/li>\n<li>Fastened with a snap placket at the back<\/li>\n<li>Crotch Snap Fasteners<\/li>\n<li>100% cotton<\/li>\n<li>Made in Spain<br \/>\n<em>This bodysuit fits true to size. Choose your usual size.<\/em><\/li>\n<\/ul>\n","protected":false},"featured_media":16523,"comment_status":"open","ping_status":"closed","template":"","meta":{"ocean_post_layout":"","ocean_both_sidebars_style":"","ocean_both_sidebars_content_width":0,"ocean_both_sidebars_sidebars_width":0,"ocean_sidebar":"0","ocean_second_sidebar":"0","ocean_disable_margins":"enable","ocean_add_body_class":"","ocean_shortcode_before_top_bar":"","ocean_shortcode_after_top_bar":"","ocean_shortcode_before_header":"","ocean_shortcode_after_header":"","ocean_has_shortcode":"","ocean_shortcode_after_title":"","ocean_shortcode_before_footer_widgets":"","ocean_shortcode_after_footer_widgets":"","ocean_shortcode_before_footer_bottom":"","ocean_shortcode_after_footer_bottom":"","ocean_display_top_bar":"default","ocean_display_header":"default","ocean_header_style":"","ocean_center_header_left_menu":"0","ocean_custom_header_template":"0","ocean_custom_logo":0,"ocean_custom_retina_logo":0,"ocean_custom_logo_max_width":0,"ocean_custom_logo_tablet_max_width":0,"ocean_custom_logo_mobile_max_width":0,"ocean_custom_logo_max_height":0,"ocean_custom_logo_tablet_max_height":0,"ocean_custom_logo_mobile_max_height":0,"ocean_header_custom_menu":"0","ocean_menu_typo_font_family":"0","ocean_menu_typo_font_subset":"","ocean_menu_typo_font_size":0,"ocean_menu_typo_font_size_tablet":0,"ocean_menu_typo_font_size_mobile":0,"ocean_menu_typo_font_size_unit":"px","ocean_menu_typo_font_weight":"","ocean_menu_typo_font_weight_tablet":"","ocean_menu_typo_font_weight_mobile":"","ocean_menu_typo_transform":"","ocean_menu_typo_transform_tablet":"","ocean_menu_typo_transform_mobile":"","ocean_menu_typo_line_height":0,"ocean_menu_typo_line_height_tablet":0,"ocean_menu_typo_line_height_mobile":0,"ocean_menu_typo_line_height_unit":"","ocean_menu_typo_spacing":0,"ocean_menu_typo_spacing_tablet":0,"ocean_menu_typo_spacing_mobile":0,"ocean_menu_typo_spacing_unit":"","ocean_menu_link_color":"","ocean_menu_link_color_hover":"","ocean_menu_link_color_active":"","ocean_menu_link_background":"","ocean_menu_link_hover_background":"","ocean_menu_link_active_background":"","ocean_menu_social_links_bg":"","ocean_menu_social_hover_links_bg":"","ocean_menu_social_links_color":"","ocean_menu_social_hover_links_color":"","ocean_disable_title":"default","ocean_disable_heading":"default","ocean_post_title":"","ocean_post_subheading":"","ocean_post_title_style":"","ocean_post_title_background_color":"","ocean_post_title_background":0,"ocean_post_title_bg_image_position":"","ocean_post_title_bg_image_attachment":"","ocean_post_title_bg_image_repeat":"","ocean_post_title_bg_image_size":"","ocean_post_title_height":0,"ocean_post_title_bg_overlay":0.5,"ocean_post_title_bg_overlay_color":"","ocean_disable_breadcrumbs":"default","ocean_breadcrumbs_color":"","ocean_breadcrumbs_separator_color":"","ocean_breadcrumbs_links_color":"","ocean_breadcrumbs_links_hover_color":"","ocean_display_footer_widgets":"default","ocean_display_footer_bottom":"default","ocean_custom_footer_template":"0","osh_disable_topbar_sticky":"default","osh_disable_header_sticky":"default","osh_sticky_header_style":"default","osh_sticky_header_effect":"","osh_custom_sticky_logo":0,"osh_custom_retina_sticky_logo":0,"osh_custom_sticky_logo_height":0,"osh_background_color":"","osh_links_color":"","osh_links_hover_color":"","osh_links_active_color":"","osh_links_bg_color":"","osh_links_hover_bg_color":"","osh_links_active_bg_color":"","osh_menu_social_links_color":"","osh_menu_social_hover_links_color":""},"product_brand":[],"product_cat":[6609,6628,6615,6606,6683,6702,6691],"product_tag":[6795],"class_list":{"0":"post-27095","1":"product","2":"type-product","3":"status-publish","4":"has-post-thumbnail","6":"product_cat-baby-bodysuit","7":"product_cat-baby-boy-bodysuit","8":"product_cat-baby-girl-bodysuit","9":"product_cat-bodysuit","10":"product_cat-newborn-bodysuit","11":"product_cat-newborn-boy-bodysuits","12":"product_cat-newborn-girl-bodysuits","13":"product_tag-bodysuit","15":"entry","16":"has-media","18":"first","19":"instock","20":"taxable","21":"shipping-taxable","22":"purchasable","23":"product-type-variable","24":"has-default-attributes","25":"has-rating","26":"col","27":"span_1_of_3","28":"owp-content-center","29":"owp-thumbs-layout-vertical","30":"owp-btn-big","31":"owp-tabs-layout-vertical","32":"circle-sale"},"yoast_head":"<!-- This site is optimized with the Yoast SEO plugin v27.1.1 - https:\/\/yoast.com\/product\/yoast-seo-wordpress\/ -->\n<title>White English embroidered baby bodysuit<\/title>\n<meta name=\"description\" content=\"A white English embroidered baby bodysuit, refined and chic, for subtle elegance. For baby girls or boys. Made in Spain. 100% cotton.\" \/>\n<meta name=\"robots\" content=\"index, follow, max-snippet:-1, max-image-preview:large, max-video-preview:-1\" \/>\n<link rel=\"canonical\" href=\"https:\/\/voyagedelabaleine.fr\/en\/product\/white-long-sleeved-baby-bodysuit-with-english-embroidered-collar\/\" \/>\n<meta property=\"og:locale\" content=\"en_US\" \/>\n<meta property=\"og:type\" content=\"article\" \/>\n<meta property=\"og:title\" content=\"White English embroidered baby bodysuit\" \/>\n<meta property=\"og:description\" content=\"A white English embroidered baby bodysuit, refined and chic, for subtle elegance. For baby girls or boys. Made in Spain. 100% cotton.\" \/>\n<meta property=\"og:url\" content=\"https:\/\/voyagedelabaleine.fr\/en\/product\/white-long-sleeved-baby-bodysuit-with-english-embroidered-collar\/\" \/>\n<meta property=\"og:site_name\" content=\"Voyage de la Baleine\" \/>\n<meta property=\"article:publisher\" content=\"https:\/\/www.facebook.com\/voyagedelabaleine\/\" \/>\n<meta property=\"article:modified_time\" content=\"2026-01-15T08:10:38+00:00\" \/>\n<meta property=\"og:image\" content=\"https:\/\/voyagedelabaleine.fr\/wp-content\/uploads\/2023\/10\/body-brode-anglaise-1.jpg\" \/>\n\t<meta property=\"og:image:width\" content=\"900\" \/>\n\t<meta property=\"og:image:height\" content=\"1200\" \/>\n\t<meta property=\"og:image:type\" content=\"image\/jpeg\" \/>\n<meta name=\"twitter:card\" content=\"summary_large_image\" \/>\n<meta name=\"twitter:label1\" content=\"Est. reading time\" \/>\n\t<meta name=\"twitter:data1\" content=\"1 minute\" \/>\n<script type=\"application\/ld+json\" class=\"yoast-schema-graph\">{\"@context\":\"https:\/\/schema.org\",\"@graph\":[{\"@type\":\"WebPage\",\"@id\":\"https:\/\/voyagedelabaleine.fr\/en\/product\/white-long-sleeved-baby-bodysuit-with-english-embroidered-collar\/\",\"url\":\"https:\/\/voyagedelabaleine.fr\/en\/product\/white-long-sleeved-baby-bodysuit-with-english-embroidered-collar\/\",\"name\":\"White English embroidered baby bodysuit\",\"isPartOf\":{\"@id\":\"https:\/\/voyagedelabaleine.fr\/en\/#website\"},\"primaryImageOfPage\":{\"@id\":\"https:\/\/voyagedelabaleine.fr\/en\/product\/white-long-sleeved-baby-bodysuit-with-english-embroidered-collar\/#primaryimage\"},\"image\":{\"@id\":\"https:\/\/voyagedelabaleine.fr\/en\/product\/white-long-sleeved-baby-bodysuit-with-english-embroidered-collar\/#primaryimage\"},\"thumbnailUrl\":\"https:\/\/voyagedelabaleine.fr\/wp-content\/uploads\/2023\/10\/body-brode-anglaise-1.jpg\",\"datePublished\":\"2023-10-05T22:21:50+00:00\",\"dateModified\":\"2026-01-15T08:10:38+00:00\",\"description\":\"A white English embroidered baby bodysuit, refined and chic, for subtle elegance. For baby girls or boys. Made in Spain. 100% cotton.\",\"breadcrumb\":{\"@id\":\"https:\/\/voyagedelabaleine.fr\/en\/product\/white-long-sleeved-baby-bodysuit-with-english-embroidered-collar\/#breadcrumb\"},\"inLanguage\":\"en-US\",\"potentialAction\":[{\"@type\":\"ReadAction\",\"target\":[\"https:\/\/voyagedelabaleine.fr\/en\/product\/white-long-sleeved-baby-bodysuit-with-english-embroidered-collar\/\"]}]},{\"@type\":\"ImageObject\",\"inLanguage\":\"en-US\",\"@id\":\"https:\/\/voyagedelabaleine.fr\/en\/product\/white-long-sleeved-baby-bodysuit-with-english-embroidered-collar\/#primaryimage\",\"url\":\"https:\/\/voyagedelabaleine.fr\/wp-content\/uploads\/2023\/10\/body-brode-anglaise-1.jpg\",\"contentUrl\":\"https:\/\/voyagedelabaleine.fr\/wp-content\/uploads\/2023\/10\/body-brode-anglaise-1.jpg\",\"width\":900,\"height\":1200,\"caption\":\"Body b\u00e9b\u00e9 blanc manches longues \u00e0 col brod\u00e9 \u00e0 l'anglaise\"},{\"@type\":\"BreadcrumbList\",\"@id\":\"https:\/\/voyagedelabaleine.fr\/en\/product\/white-long-sleeved-baby-bodysuit-with-english-embroidered-collar\/#breadcrumb\",\"itemListElement\":[{\"@type\":\"ListItem\",\"position\":1,\"name\":\"Accueil\",\"item\":\"https:\/\/voyagedelabaleine.fr\/en\/timeless-refined-clothing-babies-children\/\"},{\"@type\":\"ListItem\",\"position\":2,\"name\":\"All collection\",\"item\":\"https:\/\/voyagedelabaleine.fr\/en\/shop\/\"},{\"@type\":\"ListItem\",\"position\":3,\"name\":\"White long-sleeved baby bodysuit with English embroidered collar\"}]},{\"@type\":\"WebSite\",\"@id\":\"https:\/\/voyagedelabaleine.fr\/en\/#website\",\"url\":\"https:\/\/voyagedelabaleine.fr\/en\/\",\"name\":\"Voyage de la Baleine\",\"description\":\"V\u00eatements intemporels et raffin\u00e9s pour b\u00e9b\u00e9s et enfants\",\"publisher\":{\"@id\":\"https:\/\/voyagedelabaleine.fr\/en\/#organization\"},\"potentialAction\":[{\"@type\":\"SearchAction\",\"target\":{\"@type\":\"EntryPoint\",\"urlTemplate\":\"https:\/\/voyagedelabaleine.fr\/en\/?s={search_term_string}\"},\"query-input\":{\"@type\":\"PropertyValueSpecification\",\"valueRequired\":true,\"valueName\":\"search_term_string\"}}],\"inLanguage\":\"en-US\"},{\"@type\":\"Organization\",\"@id\":\"https:\/\/voyagedelabaleine.fr\/en\/#organization\",\"name\":\"Voyage de la Baleine\",\"url\":\"https:\/\/voyagedelabaleine.fr\/en\/\",\"logo\":{\"@type\":\"ImageObject\",\"inLanguage\":\"en-US\",\"@id\":\"https:\/\/voyagedelabaleine.fr\/en\/#\/schema\/logo\/image\/\",\"url\":\"https:\/\/voyagedelabaleine.fr\/wp-content\/uploads\/2025\/06\/logo.webp\",\"contentUrl\":\"https:\/\/voyagedelabaleine.fr\/wp-content\/uploads\/2025\/06\/logo.webp\",\"width\":153,\"height\":64,\"caption\":\"Voyage de la Baleine\"},\"image\":{\"@id\":\"https:\/\/voyagedelabaleine.fr\/en\/#\/schema\/logo\/image\/\"},\"sameAs\":[\"https:\/\/www.facebook.com\/voyagedelabaleine\/\",\"https:\/\/www.instagram.com\/voyagedelabaleine\/\",\"https:\/\/www.pinterest.fr\/Voyagedelabaleine\/\"]}]}<\/script>\n<!-- \/ Yoast SEO plugin. -->","yoast_head_json":{"title":"White English embroidered baby bodysuit","description":"A white English embroidered baby bodysuit, refined and chic, for subtle elegance. For baby girls or boys. Made in Spain. 100% cotton.","robots":{"index":"index","follow":"follow","max-snippet":"max-snippet:-1","max-image-preview":"max-image-preview:large","max-video-preview":"max-video-preview:-1"},"canonical":"https:\/\/voyagedelabaleine.fr\/en\/product\/white-long-sleeved-baby-bodysuit-with-english-embroidered-collar\/","og_locale":"en_US","og_type":"article","og_title":"White English embroidered baby bodysuit","og_description":"A white English embroidered baby bodysuit, refined and chic, for subtle elegance. For baby girls or boys. Made in Spain. 100% cotton.","og_url":"https:\/\/voyagedelabaleine.fr\/en\/product\/white-long-sleeved-baby-bodysuit-with-english-embroidered-collar\/","og_site_name":"Voyage de la Baleine","article_publisher":"https:\/\/www.facebook.com\/voyagedelabaleine\/","article_modified_time":"2026-01-15T08:10:38+00:00","og_image":[{"width":900,"height":1200,"url":"https:\/\/voyagedelabaleine.fr\/wp-content\/uploads\/2023\/10\/body-brode-anglaise-1.jpg","type":"image\/jpeg"}],"twitter_card":"summary_large_image","twitter_misc":{"Est. reading time":"1 minute"},"schema":{"@context":"https:\/\/schema.org","@graph":[{"@type":"WebPage","@id":"https:\/\/voyagedelabaleine.fr\/en\/product\/white-long-sleeved-baby-bodysuit-with-english-embroidered-collar\/","url":"https:\/\/voyagedelabaleine.fr\/en\/product\/white-long-sleeved-baby-bodysuit-with-english-embroidered-collar\/","name":"White English embroidered baby bodysuit","isPartOf":{"@id":"https:\/\/voyagedelabaleine.fr\/en\/#website"},"primaryImageOfPage":{"@id":"https:\/\/voyagedelabaleine.fr\/en\/product\/white-long-sleeved-baby-bodysuit-with-english-embroidered-collar\/#primaryimage"},"image":{"@id":"https:\/\/voyagedelabaleine.fr\/en\/product\/white-long-sleeved-baby-bodysuit-with-english-embroidered-collar\/#primaryimage"},"thumbnailUrl":"https:\/\/voyagedelabaleine.fr\/wp-content\/uploads\/2023\/10\/body-brode-anglaise-1.jpg","datePublished":"2023-10-05T22:21:50+00:00","dateModified":"2026-01-15T08:10:38+00:00","description":"A white English embroidered baby bodysuit, refined and chic, for subtle elegance. For baby girls or boys. Made in Spain. 100% cotton.","breadcrumb":{"@id":"https:\/\/voyagedelabaleine.fr\/en\/product\/white-long-sleeved-baby-bodysuit-with-english-embroidered-collar\/#breadcrumb"},"inLanguage":"en-US","potentialAction":[{"@type":"ReadAction","target":["https:\/\/voyagedelabaleine.fr\/en\/product\/white-long-sleeved-baby-bodysuit-with-english-embroidered-collar\/"]}]},{"@type":"ImageObject","inLanguage":"en-US","@id":"https:\/\/voyagedelabaleine.fr\/en\/product\/white-long-sleeved-baby-bodysuit-with-english-embroidered-collar\/#primaryimage","url":"https:\/\/voyagedelabaleine.fr\/wp-content\/uploads\/2023\/10\/body-brode-anglaise-1.jpg","contentUrl":"https:\/\/voyagedelabaleine.fr\/wp-content\/uploads\/2023\/10\/body-brode-anglaise-1.jpg","width":900,"height":1200,"caption":"Body b\u00e9b\u00e9 blanc manches longues \u00e0 col brod\u00e9 \u00e0 l'anglaise"},{"@type":"BreadcrumbList","@id":"https:\/\/voyagedelabaleine.fr\/en\/product\/white-long-sleeved-baby-bodysuit-with-english-embroidered-collar\/#breadcrumb","itemListElement":[{"@type":"ListItem","position":1,"name":"Accueil","item":"https:\/\/voyagedelabaleine.fr\/en\/timeless-refined-clothing-babies-children\/"},{"@type":"ListItem","position":2,"name":"All collection","item":"https:\/\/voyagedelabaleine.fr\/en\/shop\/"},{"@type":"ListItem","position":3,"name":"White long-sleeved baby bodysuit with English embroidered collar"}]},{"@type":"WebSite","@id":"https:\/\/voyagedelabaleine.fr\/en\/#website","url":"https:\/\/voyagedelabaleine.fr\/en\/","name":"Voyage de la Baleine","description":"V\u00eatements intemporels et raffin\u00e9s pour b\u00e9b\u00e9s et enfants","publisher":{"@id":"https:\/\/voyagedelabaleine.fr\/en\/#organization"},"potentialAction":[{"@type":"SearchAction","target":{"@type":"EntryPoint","urlTemplate":"https:\/\/voyagedelabaleine.fr\/en\/?s={search_term_string}"},"query-input":{"@type":"PropertyValueSpecification","valueRequired":true,"valueName":"search_term_string"}}],"inLanguage":"en-US"},{"@type":"Organization","@id":"https:\/\/voyagedelabaleine.fr\/en\/#organization","name":"Voyage de la Baleine","url":"https:\/\/voyagedelabaleine.fr\/en\/","logo":{"@type":"ImageObject","inLanguage":"en-US","@id":"https:\/\/voyagedelabaleine.fr\/en\/#\/schema\/logo\/image\/","url":"https:\/\/voyagedelabaleine.fr\/wp-content\/uploads\/2025\/06\/logo.webp","contentUrl":"https:\/\/voyagedelabaleine.fr\/wp-content\/uploads\/2025\/06\/logo.webp","width":153,"height":64,"caption":"Voyage de la Baleine"},"image":{"@id":"https:\/\/voyagedelabaleine.fr\/en\/#\/schema\/logo\/image\/"},"sameAs":["https:\/\/www.facebook.com\/voyagedelabaleine\/","https:\/\/www.instagram.com\/voyagedelabaleine\/","https:\/\/www.pinterest.fr\/Voyagedelabaleine\/"]}]}},"_links":{"self":[{"href":"https:\/\/voyagedelabaleine.fr\/en\/wp-json\/wp\/v2\/product\/27095","targetHints":{"allow":["GET"]}}],"collection":[{"href":"https:\/\/voyagedelabaleine.fr\/en\/wp-json\/wp\/v2\/product"}],"about":[{"href":"https:\/\/voyagedelabaleine.fr\/en\/wp-json\/wp\/v2\/types\/product"}],"replies":[{"embeddable":true,"href":"https:\/\/voyagedelabaleine.fr\/en\/wp-json\/wp\/v2\/comments?post=27095"}],"wp:featuredmedia":[{"embeddable":true,"href":"https:\/\/voyagedelabaleine.fr\/en\/wp-json\/wp\/v2\/media\/16523"}],"wp:attachment":[{"href":"https:\/\/voyagedelabaleine.fr\/en\/wp-json\/wp\/v2\/media?parent=27095"}],"wp:term":[{"taxonomy":"product_brand","embeddable":true,"href":"https:\/\/voyagedelabaleine.fr\/en\/wp-json\/wp\/v2\/product_brand?post=27095"},{"taxonomy":"product_cat","embeddable":true,"href":"https:\/\/voyagedelabaleine.fr\/en\/wp-json\/wp\/v2\/product_cat?post=27095"},{"taxonomy":"product_tag","embeddable":true,"href":"https:\/\/voyagedelabaleine.fr\/en\/wp-json\/wp\/v2\/product_tag?post=27095"}],"curies":[{"name":"wp","href":"https:\/\/api.w.org\/{rel}","templated":true}]}}