{"id":27105,"date":"2023-10-06T00:25:35","date_gmt":"2023-10-05T22:25:35","guid":{"rendered":"https:\/\/voyagedelabaleine.fr\/product\/white-long-sleeved-baby-bodysuit-with-pique-round-collar\/"},"modified":"2026-01-14T22:46:34","modified_gmt":"2026-01-14T21:46:34","slug":"white-long-sleeved-baby-bodysuit-with-pique-round-collar","status":"publish","type":"product","link":"https:\/\/voyagedelabaleine.fr\/en\/product\/white-long-sleeved-baby-bodysuit-with-pique-round-collar\/","title":{"rendered":"White long-sleeved baby bodysuit with piqu\u00e9 round collar"},"content":{"rendered":"<p>Embrace classic elegance with this <strong>unisex long-sleeved bodysuit<\/strong>, featuring a piqu\u00e9 round collar that adds a refined touch to your baby&#8217;s outfit. This timeless bodysuit, carefully designed in Spain, combines <strong>sophisticated style<\/strong> and <strong>unmatched practicality<\/strong>, making it a must-have for your little one&#8217;s wardrobe. <\/p>\n<p>The unisex design of this bodysuit makes it <strong>suitable for both baby boys and girls<\/strong>, offering ideal versatility for creating elegant everyday looks or for special occasions. The delicately crafted piqu\u00e9 round collar adds a chic and timeless dimension, allowing this bodysuit to pair harmoniously with overalls, <a href=\"https:\/\/voyagedelabaleine.fr\/en\/product\/unisex-tartan-baby-bloomer-burgundy\/\">bloomers<\/a>, or little dresses. <\/p>\n<p>Crafted from <strong>soft and breathable cotton<\/strong>, this bodysuit ensures optimal comfort for your baby&#8217;s sensitive skin. Practical snap fasteners at the back and crotch facilitate dressing and changing, making this garment an essential ally for parents seeking practicality. Its perfect fit allows freedom of movement while ensuring an impeccable hold.  <\/p>\n<p>Carefully crafted in Spain, this bodysuit reflects exceptional quality and artisanal craftsmanship passed down through generations. Every detail, from material selection to finishing, demonstrates particular attention to offering a durable and elegant product. <\/p>\n<p>For casual or dressed-up wear, this <strong>pique round-neck long-sleeved baby bodysuit<\/strong> is an essential, blending comfort, style, and practicality. Give your baby an elegant, functional piece for any occasion. <\/p>\n<p><em>Order our piqu\u00e9 round collar bodysuit and enrich your little one&#8217;s wardrobe with this timeless garment.<\/em><\/p>\n<p>Made in Spain.<\/p>\n","protected":false},"excerpt":{"rendered":"<ul>\n<li>Long Sleeves<\/li>\n<li>Piqu\u00e9 round collar<\/li>\n<li>Fastened with a snap placket at the back<\/li>\n<li>Crotch Snap Fasteners<\/li>\n<li>100% cotton<\/li>\n<li>Made in Spain<br \/>\n<em>This bodysuit fits true to size. Choose your usual size.<\/em><\/li>\n<\/ul>\n","protected":false},"featured_media":16521,"comment_status":"open","ping_status":"closed","template":"","meta":{"ocean_post_layout":"","ocean_both_sidebars_style":"","ocean_both_sidebars_content_width":0,"ocean_both_sidebars_sidebars_width":0,"ocean_sidebar":"0","ocean_second_sidebar":"0","ocean_disable_margins":"enable","ocean_add_body_class":"","ocean_shortcode_before_top_bar":"","ocean_shortcode_after_top_bar":"","ocean_shortcode_before_header":"","ocean_shortcode_after_header":"","ocean_has_shortcode":"","ocean_shortcode_after_title":"","ocean_shortcode_before_footer_widgets":"","ocean_shortcode_after_footer_widgets":"","ocean_shortcode_before_footer_bottom":"","ocean_shortcode_after_footer_bottom":"","ocean_display_top_bar":"default","ocean_display_header":"default","ocean_header_style":"","ocean_center_header_left_menu":"0","ocean_custom_header_template":"0","ocean_custom_logo":0,"ocean_custom_retina_logo":0,"ocean_custom_logo_max_width":0,"ocean_custom_logo_tablet_max_width":0,"ocean_custom_logo_mobile_max_width":0,"ocean_custom_logo_max_height":0,"ocean_custom_logo_tablet_max_height":0,"ocean_custom_logo_mobile_max_height":0,"ocean_header_custom_menu":"0","ocean_menu_typo_font_family":"0","ocean_menu_typo_font_subset":"","ocean_menu_typo_font_size":0,"ocean_menu_typo_font_size_tablet":0,"ocean_menu_typo_font_size_mobile":0,"ocean_menu_typo_font_size_unit":"px","ocean_menu_typo_font_weight":"","ocean_menu_typo_font_weight_tablet":"","ocean_menu_typo_font_weight_mobile":"","ocean_menu_typo_transform":"","ocean_menu_typo_transform_tablet":"","ocean_menu_typo_transform_mobile":"","ocean_menu_typo_line_height":0,"ocean_menu_typo_line_height_tablet":0,"ocean_menu_typo_line_height_mobile":0,"ocean_menu_typo_line_height_unit":"","ocean_menu_typo_spacing":0,"ocean_menu_typo_spacing_tablet":0,"ocean_menu_typo_spacing_mobile":0,"ocean_menu_typo_spacing_unit":"","ocean_menu_link_color":"","ocean_menu_link_color_hover":"","ocean_menu_link_color_active":"","ocean_menu_link_background":"","ocean_menu_link_hover_background":"","ocean_menu_link_active_background":"","ocean_menu_social_links_bg":"","ocean_menu_social_hover_links_bg":"","ocean_menu_social_links_color":"","ocean_menu_social_hover_links_color":"","ocean_disable_title":"default","ocean_disable_heading":"default","ocean_post_title":"","ocean_post_subheading":"","ocean_post_title_style":"","ocean_post_title_background_color":"","ocean_post_title_background":0,"ocean_post_title_bg_image_position":"","ocean_post_title_bg_image_attachment":"","ocean_post_title_bg_image_repeat":"","ocean_post_title_bg_image_size":"","ocean_post_title_height":0,"ocean_post_title_bg_overlay":0.5,"ocean_post_title_bg_overlay_color":"","ocean_disable_breadcrumbs":"default","ocean_breadcrumbs_color":"","ocean_breadcrumbs_separator_color":"","ocean_breadcrumbs_links_color":"","ocean_breadcrumbs_links_hover_color":"","ocean_display_footer_widgets":"default","ocean_display_footer_bottom":"default","ocean_custom_footer_template":"0","osh_disable_topbar_sticky":"default","osh_disable_header_sticky":"default","osh_sticky_header_style":"default","osh_sticky_header_effect":"","osh_custom_sticky_logo":0,"osh_custom_retina_sticky_logo":0,"osh_custom_sticky_logo_height":0,"osh_background_color":"","osh_links_color":"","osh_links_hover_color":"","osh_links_active_color":"","osh_links_bg_color":"","osh_links_hover_bg_color":"","osh_links_active_bg_color":"","osh_menu_social_links_color":"","osh_menu_social_hover_links_color":""},"product_brand":[],"product_cat":[6609,6628,6615,6606,6683,6702,6691],"product_tag":[6795],"class_list":{"0":"post-27105","1":"product","2":"type-product","3":"status-publish","4":"has-post-thumbnail","6":"product_cat-baby-bodysuit","7":"product_cat-baby-boy-bodysuit","8":"product_cat-baby-girl-bodysuit","9":"product_cat-bodysuit","10":"product_cat-newborn-bodysuit","11":"product_cat-newborn-boy-bodysuits","12":"product_cat-newborn-girl-bodysuits","13":"product_tag-bodysuit","15":"entry","16":"has-media","18":"first","19":"instock","20":"taxable","21":"shipping-taxable","22":"purchasable","23":"product-type-variable","24":"has-default-attributes","25":"has-rating","26":"col","27":"span_1_of_3","28":"owp-content-center","29":"owp-thumbs-layout-vertical","30":"owp-btn-big","31":"owp-tabs-layout-vertical","32":"circle-sale"},"yoast_head":"<!-- This site is optimized with the Yoast SEO plugin v27.1.1 - https:\/\/yoast.com\/product\/yoast-seo-wordpress\/ -->\n<title>White cotton baby bodysuit with piqu\u00e9 round collar<\/title>\n<meta name=\"description\" content=\"A classic and timeless baby bodysuit with piqu\u00e9 round collar, suitable for both boys and girls. Made in Spain. 100% cotton.\" \/>\n<meta name=\"robots\" content=\"index, follow, max-snippet:-1, max-image-preview:large, max-video-preview:-1\" \/>\n<link rel=\"canonical\" href=\"https:\/\/voyagedelabaleine.fr\/en\/product\/white-long-sleeved-baby-bodysuit-with-pique-round-collar\/\" \/>\n<meta property=\"og:locale\" content=\"en_US\" \/>\n<meta property=\"og:type\" content=\"article\" \/>\n<meta property=\"og:title\" content=\"White cotton baby bodysuit with piqu\u00e9 round collar\" \/>\n<meta property=\"og:description\" content=\"A classic and timeless baby bodysuit with piqu\u00e9 round collar, suitable for both boys and girls. Made in Spain. 100% cotton.\" \/>\n<meta property=\"og:url\" content=\"https:\/\/voyagedelabaleine.fr\/en\/product\/white-long-sleeved-baby-bodysuit-with-pique-round-collar\/\" \/>\n<meta property=\"og:site_name\" content=\"Voyage de la Baleine\" \/>\n<meta property=\"article:publisher\" content=\"https:\/\/www.facebook.com\/voyagedelabaleine\/\" \/>\n<meta property=\"article:modified_time\" content=\"2026-01-14T21:46:34+00:00\" \/>\n<meta property=\"og:image\" content=\"https:\/\/voyagedelabaleine.fr\/wp-content\/uploads\/2023\/10\/body-col-pique-1.jpg\" \/>\n\t<meta property=\"og:image:width\" content=\"900\" \/>\n\t<meta property=\"og:image:height\" content=\"1200\" \/>\n\t<meta property=\"og:image:type\" content=\"image\/jpeg\" \/>\n<meta name=\"twitter:card\" content=\"summary_large_image\" \/>\n<meta name=\"twitter:label1\" content=\"Est. reading time\" \/>\n\t<meta name=\"twitter:data1\" content=\"1 minute\" \/>\n<script type=\"application\/ld+json\" class=\"yoast-schema-graph\">{\"@context\":\"https:\/\/schema.org\",\"@graph\":[{\"@type\":\"WebPage\",\"@id\":\"https:\/\/voyagedelabaleine.fr\/en\/product\/white-long-sleeved-baby-bodysuit-with-pique-round-collar\/\",\"url\":\"https:\/\/voyagedelabaleine.fr\/en\/product\/white-long-sleeved-baby-bodysuit-with-pique-round-collar\/\",\"name\":\"White cotton baby bodysuit with piqu\u00e9 round collar\",\"isPartOf\":{\"@id\":\"https:\/\/voyagedelabaleine.fr\/en\/#website\"},\"primaryImageOfPage\":{\"@id\":\"https:\/\/voyagedelabaleine.fr\/en\/product\/white-long-sleeved-baby-bodysuit-with-pique-round-collar\/#primaryimage\"},\"image\":{\"@id\":\"https:\/\/voyagedelabaleine.fr\/en\/product\/white-long-sleeved-baby-bodysuit-with-pique-round-collar\/#primaryimage\"},\"thumbnailUrl\":\"https:\/\/voyagedelabaleine.fr\/wp-content\/uploads\/2023\/10\/body-col-pique-1.jpg\",\"datePublished\":\"2023-10-05T22:25:35+00:00\",\"dateModified\":\"2026-01-14T21:46:34+00:00\",\"description\":\"A classic and timeless baby bodysuit with piqu\u00e9 round collar, suitable for both boys and girls. Made in Spain. 100% cotton.\",\"breadcrumb\":{\"@id\":\"https:\/\/voyagedelabaleine.fr\/en\/product\/white-long-sleeved-baby-bodysuit-with-pique-round-collar\/#breadcrumb\"},\"inLanguage\":\"en-US\",\"potentialAction\":[{\"@type\":\"ReadAction\",\"target\":[\"https:\/\/voyagedelabaleine.fr\/en\/product\/white-long-sleeved-baby-bodysuit-with-pique-round-collar\/\"]}]},{\"@type\":\"ImageObject\",\"inLanguage\":\"en-US\",\"@id\":\"https:\/\/voyagedelabaleine.fr\/en\/product\/white-long-sleeved-baby-bodysuit-with-pique-round-collar\/#primaryimage\",\"url\":\"https:\/\/voyagedelabaleine.fr\/wp-content\/uploads\/2023\/10\/body-col-pique-1.jpg\",\"contentUrl\":\"https:\/\/voyagedelabaleine.fr\/wp-content\/uploads\/2023\/10\/body-col-pique-1.jpg\",\"width\":900,\"height\":1200,\"caption\":\"Body b\u00e9b\u00e9 manches longues \u00e0 col rond piqu\u00e9 blanc\"},{\"@type\":\"BreadcrumbList\",\"@id\":\"https:\/\/voyagedelabaleine.fr\/en\/product\/white-long-sleeved-baby-bodysuit-with-pique-round-collar\/#breadcrumb\",\"itemListElement\":[{\"@type\":\"ListItem\",\"position\":1,\"name\":\"Accueil\",\"item\":\"https:\/\/voyagedelabaleine.fr\/en\/timeless-refined-clothing-babies-children\/\"},{\"@type\":\"ListItem\",\"position\":2,\"name\":\"All collection\",\"item\":\"https:\/\/voyagedelabaleine.fr\/en\/shop\/\"},{\"@type\":\"ListItem\",\"position\":3,\"name\":\"White long-sleeved baby bodysuit with piqu\u00e9 round collar\"}]},{\"@type\":\"WebSite\",\"@id\":\"https:\/\/voyagedelabaleine.fr\/en\/#website\",\"url\":\"https:\/\/voyagedelabaleine.fr\/en\/\",\"name\":\"Voyage de la Baleine\",\"description\":\"V\u00eatements intemporels et raffin\u00e9s pour b\u00e9b\u00e9s et enfants\",\"publisher\":{\"@id\":\"https:\/\/voyagedelabaleine.fr\/en\/#organization\"},\"potentialAction\":[{\"@type\":\"SearchAction\",\"target\":{\"@type\":\"EntryPoint\",\"urlTemplate\":\"https:\/\/voyagedelabaleine.fr\/en\/?s={search_term_string}\"},\"query-input\":{\"@type\":\"PropertyValueSpecification\",\"valueRequired\":true,\"valueName\":\"search_term_string\"}}],\"inLanguage\":\"en-US\"},{\"@type\":\"Organization\",\"@id\":\"https:\/\/voyagedelabaleine.fr\/en\/#organization\",\"name\":\"Voyage de la Baleine\",\"url\":\"https:\/\/voyagedelabaleine.fr\/en\/\",\"logo\":{\"@type\":\"ImageObject\",\"inLanguage\":\"en-US\",\"@id\":\"https:\/\/voyagedelabaleine.fr\/en\/#\/schema\/logo\/image\/\",\"url\":\"https:\/\/voyagedelabaleine.fr\/wp-content\/uploads\/2025\/06\/logo.webp\",\"contentUrl\":\"https:\/\/voyagedelabaleine.fr\/wp-content\/uploads\/2025\/06\/logo.webp\",\"width\":153,\"height\":64,\"caption\":\"Voyage de la Baleine\"},\"image\":{\"@id\":\"https:\/\/voyagedelabaleine.fr\/en\/#\/schema\/logo\/image\/\"},\"sameAs\":[\"https:\/\/www.facebook.com\/voyagedelabaleine\/\",\"https:\/\/www.instagram.com\/voyagedelabaleine\/\",\"https:\/\/www.pinterest.fr\/Voyagedelabaleine\/\"]}]}<\/script>\n<!-- \/ Yoast SEO plugin. -->","yoast_head_json":{"title":"White cotton baby bodysuit with piqu\u00e9 round collar","description":"A classic and timeless baby bodysuit with piqu\u00e9 round collar, suitable for both boys and girls. Made in Spain. 100% cotton.","robots":{"index":"index","follow":"follow","max-snippet":"max-snippet:-1","max-image-preview":"max-image-preview:large","max-video-preview":"max-video-preview:-1"},"canonical":"https:\/\/voyagedelabaleine.fr\/en\/product\/white-long-sleeved-baby-bodysuit-with-pique-round-collar\/","og_locale":"en_US","og_type":"article","og_title":"White cotton baby bodysuit with piqu\u00e9 round collar","og_description":"A classic and timeless baby bodysuit with piqu\u00e9 round collar, suitable for both boys and girls. Made in Spain. 100% cotton.","og_url":"https:\/\/voyagedelabaleine.fr\/en\/product\/white-long-sleeved-baby-bodysuit-with-pique-round-collar\/","og_site_name":"Voyage de la Baleine","article_publisher":"https:\/\/www.facebook.com\/voyagedelabaleine\/","article_modified_time":"2026-01-14T21:46:34+00:00","og_image":[{"width":900,"height":1200,"url":"https:\/\/voyagedelabaleine.fr\/wp-content\/uploads\/2023\/10\/body-col-pique-1.jpg","type":"image\/jpeg"}],"twitter_card":"summary_large_image","twitter_misc":{"Est. reading time":"1 minute"},"schema":{"@context":"https:\/\/schema.org","@graph":[{"@type":"WebPage","@id":"https:\/\/voyagedelabaleine.fr\/en\/product\/white-long-sleeved-baby-bodysuit-with-pique-round-collar\/","url":"https:\/\/voyagedelabaleine.fr\/en\/product\/white-long-sleeved-baby-bodysuit-with-pique-round-collar\/","name":"White cotton baby bodysuit with piqu\u00e9 round collar","isPartOf":{"@id":"https:\/\/voyagedelabaleine.fr\/en\/#website"},"primaryImageOfPage":{"@id":"https:\/\/voyagedelabaleine.fr\/en\/product\/white-long-sleeved-baby-bodysuit-with-pique-round-collar\/#primaryimage"},"image":{"@id":"https:\/\/voyagedelabaleine.fr\/en\/product\/white-long-sleeved-baby-bodysuit-with-pique-round-collar\/#primaryimage"},"thumbnailUrl":"https:\/\/voyagedelabaleine.fr\/wp-content\/uploads\/2023\/10\/body-col-pique-1.jpg","datePublished":"2023-10-05T22:25:35+00:00","dateModified":"2026-01-14T21:46:34+00:00","description":"A classic and timeless baby bodysuit with piqu\u00e9 round collar, suitable for both boys and girls. Made in Spain. 100% cotton.","breadcrumb":{"@id":"https:\/\/voyagedelabaleine.fr\/en\/product\/white-long-sleeved-baby-bodysuit-with-pique-round-collar\/#breadcrumb"},"inLanguage":"en-US","potentialAction":[{"@type":"ReadAction","target":["https:\/\/voyagedelabaleine.fr\/en\/product\/white-long-sleeved-baby-bodysuit-with-pique-round-collar\/"]}]},{"@type":"ImageObject","inLanguage":"en-US","@id":"https:\/\/voyagedelabaleine.fr\/en\/product\/white-long-sleeved-baby-bodysuit-with-pique-round-collar\/#primaryimage","url":"https:\/\/voyagedelabaleine.fr\/wp-content\/uploads\/2023\/10\/body-col-pique-1.jpg","contentUrl":"https:\/\/voyagedelabaleine.fr\/wp-content\/uploads\/2023\/10\/body-col-pique-1.jpg","width":900,"height":1200,"caption":"Body b\u00e9b\u00e9 manches longues \u00e0 col rond piqu\u00e9 blanc"},{"@type":"BreadcrumbList","@id":"https:\/\/voyagedelabaleine.fr\/en\/product\/white-long-sleeved-baby-bodysuit-with-pique-round-collar\/#breadcrumb","itemListElement":[{"@type":"ListItem","position":1,"name":"Accueil","item":"https:\/\/voyagedelabaleine.fr\/en\/timeless-refined-clothing-babies-children\/"},{"@type":"ListItem","position":2,"name":"All collection","item":"https:\/\/voyagedelabaleine.fr\/en\/shop\/"},{"@type":"ListItem","position":3,"name":"White long-sleeved baby bodysuit with piqu\u00e9 round collar"}]},{"@type":"WebSite","@id":"https:\/\/voyagedelabaleine.fr\/en\/#website","url":"https:\/\/voyagedelabaleine.fr\/en\/","name":"Voyage de la Baleine","description":"V\u00eatements intemporels et raffin\u00e9s pour b\u00e9b\u00e9s et enfants","publisher":{"@id":"https:\/\/voyagedelabaleine.fr\/en\/#organization"},"potentialAction":[{"@type":"SearchAction","target":{"@type":"EntryPoint","urlTemplate":"https:\/\/voyagedelabaleine.fr\/en\/?s={search_term_string}"},"query-input":{"@type":"PropertyValueSpecification","valueRequired":true,"valueName":"search_term_string"}}],"inLanguage":"en-US"},{"@type":"Organization","@id":"https:\/\/voyagedelabaleine.fr\/en\/#organization","name":"Voyage de la Baleine","url":"https:\/\/voyagedelabaleine.fr\/en\/","logo":{"@type":"ImageObject","inLanguage":"en-US","@id":"https:\/\/voyagedelabaleine.fr\/en\/#\/schema\/logo\/image\/","url":"https:\/\/voyagedelabaleine.fr\/wp-content\/uploads\/2025\/06\/logo.webp","contentUrl":"https:\/\/voyagedelabaleine.fr\/wp-content\/uploads\/2025\/06\/logo.webp","width":153,"height":64,"caption":"Voyage de la Baleine"},"image":{"@id":"https:\/\/voyagedelabaleine.fr\/en\/#\/schema\/logo\/image\/"},"sameAs":["https:\/\/www.facebook.com\/voyagedelabaleine\/","https:\/\/www.instagram.com\/voyagedelabaleine\/","https:\/\/www.pinterest.fr\/Voyagedelabaleine\/"]}]}},"_links":{"self":[{"href":"https:\/\/voyagedelabaleine.fr\/en\/wp-json\/wp\/v2\/product\/27105","targetHints":{"allow":["GET"]}}],"collection":[{"href":"https:\/\/voyagedelabaleine.fr\/en\/wp-json\/wp\/v2\/product"}],"about":[{"href":"https:\/\/voyagedelabaleine.fr\/en\/wp-json\/wp\/v2\/types\/product"}],"replies":[{"embeddable":true,"href":"https:\/\/voyagedelabaleine.fr\/en\/wp-json\/wp\/v2\/comments?post=27105"}],"wp:featuredmedia":[{"embeddable":true,"href":"https:\/\/voyagedelabaleine.fr\/en\/wp-json\/wp\/v2\/media\/16521"}],"wp:attachment":[{"href":"https:\/\/voyagedelabaleine.fr\/en\/wp-json\/wp\/v2\/media?parent=27105"}],"wp:term":[{"taxonomy":"product_brand","embeddable":true,"href":"https:\/\/voyagedelabaleine.fr\/en\/wp-json\/wp\/v2\/product_brand?post=27105"},{"taxonomy":"product_cat","embeddable":true,"href":"https:\/\/voyagedelabaleine.fr\/en\/wp-json\/wp\/v2\/product_cat?post=27105"},{"taxonomy":"product_tag","embeddable":true,"href":"https:\/\/voyagedelabaleine.fr\/en\/wp-json\/wp\/v2\/product_tag?post=27105"}],"curies":[{"name":"wp","href":"https:\/\/api.w.org\/{rel}","templated":true}]}}