{"id":27466,"date":"2025-04-14T14:08:39","date_gmt":"2025-04-14T12:08:39","guid":{"rendered":"https:\/\/voyagedelabaleine.fr\/product\/baby-linen-and-cotton-blouse-and-bloomer-set-beige\/"},"modified":"2026-03-25T15:16:34","modified_gmt":"2026-03-25T14:16:34","slug":"baby-linen-and-cotton-blouse-and-bloomer-set-beige","status":"publish","type":"product","link":"https:\/\/voyagedelabaleine.fr\/en\/product\/baby-linen-and-cotton-blouse-and-bloomer-set-beige\/","title":{"rendered":"Baby Linen and Cotton Blouse and Bloomer Set &#8211; Beige"},"content":{"rendered":"<p>Our <strong>beige linen and cotton baby blouse and<\/strong> <strong>bloomer set<\/strong> is a must-have piece that brings comfort and lightness to your little one&#8217;s daily life. Designed to combine softness and practicality, this set is the perfect option for sunny days or for dressier occasions, thanks to its elegant and timeless design. <\/p>\n<p>The bloomer is designed to offer your baby complete freedom of movement. Its puffy cut and elasticated waist and thighs ensure optimal comfort, allowing baby to wriggle and explore without restriction. Its delicate beige shade easily pairs with other colors and fabrics, adding a touch of natural warmth to their outfit.  <\/p>\n<p>The combination of <strong>linen and cotton<\/strong> ensures maximum breathability, ideal for keeping baby cool during warm days. In addition to its lightness, this fabric is also very soft for the delicate skin of little ones, offering all-day comfort. <\/p>\n<p>The blouse&#8217;s clean design makes it a timeless and versatile garment. The delicately crafted round collar subtly frames your baby&#8217;s face, while the <strong>two decorative buttons on the front<\/strong> add a touch of charm. Practical to put on, this blouse features a discreet button placket closure at the back, ensuring optimal ease when dressing your child while maintaining an impeccable style.  <\/p>\n<p>Whether for a casual look or a more chic occasion, this <strong>baby blouse and<\/strong> <strong>bloomer set<\/strong> adapts to all styles. Offer your little angel a practical and stylish garment, ideal for every adventure of their daily life. This set will quickly become a wardrobe essential.  <\/p>\n<p><em>This model is also available as a straight-cut beige linen and cotton short version.<\/em><\/p>\n<p>Made in Spain.<\/p>\n","protected":false},"excerpt":{"rendered":"<ul>\n<li>Puffy-cut Bloomer<\/li>\n<li>Elasticated waist and leg openings<\/li>\n<li>Round-Neck Shirt<\/li>\n<li>Fastened with a button placket at the back<\/li>\n<li>55% linen, 45% cotton<\/li>\n<li>Made in Spain<br \/>\n<em>This set runs true to size. Choose your usual size.<\/em><\/li>\n<\/ul>\n","protected":false},"featured_media":18189,"comment_status":"open","ping_status":"closed","template":"","meta":{"ocean_post_layout":"","ocean_both_sidebars_style":"","ocean_both_sidebars_content_width":0,"ocean_both_sidebars_sidebars_width":0,"ocean_sidebar":"0","ocean_second_sidebar":"0","ocean_disable_margins":"enable","ocean_add_body_class":"","ocean_shortcode_before_top_bar":"","ocean_shortcode_after_top_bar":"","ocean_shortcode_before_header":"","ocean_shortcode_after_header":"","ocean_has_shortcode":"","ocean_shortcode_after_title":"","ocean_shortcode_before_footer_widgets":"","ocean_shortcode_after_footer_widgets":"","ocean_shortcode_before_footer_bottom":"","ocean_shortcode_after_footer_bottom":"","ocean_display_top_bar":"default","ocean_display_header":"default","ocean_header_style":"","ocean_center_header_left_menu":"0","ocean_custom_header_template":"0","ocean_custom_logo":0,"ocean_custom_retina_logo":0,"ocean_custom_logo_max_width":0,"ocean_custom_logo_tablet_max_width":0,"ocean_custom_logo_mobile_max_width":0,"ocean_custom_logo_max_height":0,"ocean_custom_logo_tablet_max_height":0,"ocean_custom_logo_mobile_max_height":0,"ocean_header_custom_menu":"0","ocean_menu_typo_font_family":"0","ocean_menu_typo_font_subset":"","ocean_menu_typo_font_size":0,"ocean_menu_typo_font_size_tablet":0,"ocean_menu_typo_font_size_mobile":0,"ocean_menu_typo_font_size_unit":"px","ocean_menu_typo_font_weight":"","ocean_menu_typo_font_weight_tablet":"","ocean_menu_typo_font_weight_mobile":"","ocean_menu_typo_transform":"","ocean_menu_typo_transform_tablet":"","ocean_menu_typo_transform_mobile":"","ocean_menu_typo_line_height":0,"ocean_menu_typo_line_height_tablet":0,"ocean_menu_typo_line_height_mobile":0,"ocean_menu_typo_line_height_unit":"","ocean_menu_typo_spacing":0,"ocean_menu_typo_spacing_tablet":0,"ocean_menu_typo_spacing_mobile":0,"ocean_menu_typo_spacing_unit":"","ocean_menu_link_color":"","ocean_menu_link_color_hover":"","ocean_menu_link_color_active":"","ocean_menu_link_background":"","ocean_menu_link_hover_background":"","ocean_menu_link_active_background":"","ocean_menu_social_links_bg":"","ocean_menu_social_hover_links_bg":"","ocean_menu_social_links_color":"","ocean_menu_social_hover_links_color":"","ocean_disable_title":"default","ocean_disable_heading":"default","ocean_post_title":"","ocean_post_subheading":"","ocean_post_title_style":"","ocean_post_title_background_color":"","ocean_post_title_background":0,"ocean_post_title_bg_image_position":"","ocean_post_title_bg_image_attachment":"","ocean_post_title_bg_image_repeat":"","ocean_post_title_bg_image_size":"","ocean_post_title_height":0,"ocean_post_title_bg_overlay":0.5,"ocean_post_title_bg_overlay_color":"","ocean_disable_breadcrumbs":"default","ocean_breadcrumbs_color":"","ocean_breadcrumbs_separator_color":"","ocean_breadcrumbs_links_color":"","ocean_breadcrumbs_links_hover_color":"","ocean_display_footer_widgets":"default","ocean_display_footer_bottom":"default","ocean_custom_footer_template":"0","osh_disable_topbar_sticky":"default","osh_disable_header_sticky":"default","osh_sticky_header_style":"default","osh_sticky_header_effect":"","osh_custom_sticky_logo":0,"osh_custom_retina_sticky_logo":0,"osh_custom_sticky_logo_height":0,"osh_background_color":"","osh_links_color":"","osh_links_hover_color":"","osh_links_active_color":"","osh_links_bg_color":"","osh_links_hover_bg_color":"","osh_links_active_bg_color":"","osh_menu_social_links_color":"","osh_menu_social_hover_links_color":""},"product_brand":[],"product_cat":[6640,6641,6626,6627,6631,6642,6718,6711,6712,6700,6701,6705,6713],"product_tag":[],"class_list":{"0":"post-27466","1":"product","2":"type-product","3":"status-publish","4":"has-post-thumbnail","6":"product_cat-baby-bloomer-shorts-trousers","7":"product_cat-baby-blouse-shirt","8":"product_cat-baby-boy-bloomer-shorts-trousers","9":"product_cat-baby-boy-blouse-shirt","10":"product_cat-baby-boy-outfits","11":"product_cat-baby-outfits","12":"product_cat-clothing","13":"product_cat-newborn-bloomer-shorts-and-pants","14":"product_cat-newborn-blouse-shirt","15":"product_cat-newborn-boy-bloomers-shorts-pants","16":"product_cat-newborn-boy-blouses-shirts","17":"product_cat-newborn-boy-outfits","18":"product_cat-newborn-outfits","20":"entry","21":"has-media","23":"first","24":"instock","25":"taxable","26":"shipping-taxable","27":"purchasable","28":"product-type-variable","29":"has-default-attributes","30":"has-rating","31":"col","32":"span_1_of_3","33":"owp-content-center","34":"owp-thumbs-layout-vertical","35":"owp-btn-big","36":"owp-tabs-layout-vertical","37":"circle-sale"},"yoast_head":"<!-- This site is optimized with the Yoast SEO plugin v27.1.1 - https:\/\/yoast.com\/product\/yoast-seo-wordpress\/ -->\n<title>Baby Linen and Cotton Blouse and Bloomer Set - Beige - Voyage de la Baleine<\/title>\n<meta name=\"description\" content=\"Our beige linen and cotton baby bloomer is a must-have, offering comfort and lightness for your little one&#039;s daily wear.\" \/>\n<meta name=\"robots\" content=\"index, follow, max-snippet:-1, max-image-preview:large, max-video-preview:-1\" \/>\n<link rel=\"canonical\" href=\"https:\/\/voyagedelabaleine.fr\/en\/product\/baby-linen-and-cotton-blouse-and-bloomer-set-beige\/\" \/>\n<meta property=\"og:locale\" content=\"en_US\" \/>\n<meta property=\"og:type\" content=\"article\" \/>\n<meta property=\"og:title\" content=\"Baby Linen and Cotton Blouse and Bloomer Set - Beige - Voyage de la Baleine\" \/>\n<meta property=\"og:description\" content=\"Our beige linen and cotton baby bloomer is a must-have, offering comfort and lightness for your little one&#039;s daily wear.\" \/>\n<meta property=\"og:url\" content=\"https:\/\/voyagedelabaleine.fr\/en\/product\/baby-linen-and-cotton-blouse-and-bloomer-set-beige\/\" \/>\n<meta property=\"og:site_name\" content=\"Voyage de la Baleine\" \/>\n<meta property=\"article:publisher\" content=\"https:\/\/www.facebook.com\/voyagedelabaleine\/\" \/>\n<meta property=\"article:modified_time\" content=\"2026-03-25T14:16:34+00:00\" \/>\n<meta property=\"og:image\" content=\"https:\/\/voyagedelabaleine.fr\/wp-content\/uploads\/2025\/04\/ensemble-blouse-bloomer-bebe-lin.jpg\" \/>\n\t<meta property=\"og:image:width\" content=\"1400\" \/>\n\t<meta property=\"og:image:height\" content=\"1866\" \/>\n\t<meta property=\"og:image:type\" content=\"image\/jpeg\" \/>\n<meta name=\"twitter:card\" content=\"summary_large_image\" \/>\n<meta name=\"twitter:label1\" content=\"Est. reading time\" \/>\n\t<meta name=\"twitter:data1\" content=\"1 minute\" \/>\n<script type=\"application\/ld+json\" class=\"yoast-schema-graph\">{\"@context\":\"https:\/\/schema.org\",\"@graph\":[{\"@type\":\"WebPage\",\"@id\":\"https:\/\/voyagedelabaleine.fr\/en\/product\/baby-linen-and-cotton-blouse-and-bloomer-set-beige\/\",\"url\":\"https:\/\/voyagedelabaleine.fr\/en\/product\/baby-linen-and-cotton-blouse-and-bloomer-set-beige\/\",\"name\":\"Baby Linen and Cotton Blouse and Bloomer Set - Beige - Voyage de la Baleine\",\"isPartOf\":{\"@id\":\"https:\/\/voyagedelabaleine.fr\/en\/#website\"},\"primaryImageOfPage\":{\"@id\":\"https:\/\/voyagedelabaleine.fr\/en\/product\/baby-linen-and-cotton-blouse-and-bloomer-set-beige\/#primaryimage\"},\"image\":{\"@id\":\"https:\/\/voyagedelabaleine.fr\/en\/product\/baby-linen-and-cotton-blouse-and-bloomer-set-beige\/#primaryimage\"},\"thumbnailUrl\":\"https:\/\/voyagedelabaleine.fr\/wp-content\/uploads\/2025\/04\/ensemble-blouse-bloomer-bebe-lin.jpg\",\"datePublished\":\"2025-04-14T12:08:39+00:00\",\"dateModified\":\"2026-03-25T14:16:34+00:00\",\"description\":\"Our beige linen and cotton baby bloomer is a must-have, offering comfort and lightness for your little one's daily wear.\",\"breadcrumb\":{\"@id\":\"https:\/\/voyagedelabaleine.fr\/en\/product\/baby-linen-and-cotton-blouse-and-bloomer-set-beige\/#breadcrumb\"},\"inLanguage\":\"en-US\",\"potentialAction\":[{\"@type\":\"ReadAction\",\"target\":[\"https:\/\/voyagedelabaleine.fr\/en\/product\/baby-linen-and-cotton-blouse-and-bloomer-set-beige\/\"]}]},{\"@type\":\"ImageObject\",\"inLanguage\":\"en-US\",\"@id\":\"https:\/\/voyagedelabaleine.fr\/en\/product\/baby-linen-and-cotton-blouse-and-bloomer-set-beige\/#primaryimage\",\"url\":\"https:\/\/voyagedelabaleine.fr\/wp-content\/uploads\/2025\/04\/ensemble-blouse-bloomer-bebe-lin.jpg\",\"contentUrl\":\"https:\/\/voyagedelabaleine.fr\/wp-content\/uploads\/2025\/04\/ensemble-blouse-bloomer-bebe-lin.jpg\",\"width\":1400,\"height\":1866,\"caption\":\"Ensemble blouse blanche \u00e0 col rond et bloomer b\u00e9b\u00e9 en lin et coton uni beige\"},{\"@type\":\"BreadcrumbList\",\"@id\":\"https:\/\/voyagedelabaleine.fr\/en\/product\/baby-linen-and-cotton-blouse-and-bloomer-set-beige\/#breadcrumb\",\"itemListElement\":[{\"@type\":\"ListItem\",\"position\":1,\"name\":\"Accueil\",\"item\":\"https:\/\/voyagedelabaleine.fr\/en\/timeless-refined-clothing-babies-children\/\"},{\"@type\":\"ListItem\",\"position\":2,\"name\":\"All collection\",\"item\":\"https:\/\/voyagedelabaleine.fr\/en\/shop\/\"},{\"@type\":\"ListItem\",\"position\":3,\"name\":\"Baby Linen and Cotton Blouse and Bloomer Set &#8211; Beige\"}]},{\"@type\":\"WebSite\",\"@id\":\"https:\/\/voyagedelabaleine.fr\/en\/#website\",\"url\":\"https:\/\/voyagedelabaleine.fr\/en\/\",\"name\":\"Voyage de la Baleine\",\"description\":\"V\u00eatements intemporels et raffin\u00e9s pour b\u00e9b\u00e9s et enfants\",\"publisher\":{\"@id\":\"https:\/\/voyagedelabaleine.fr\/en\/#organization\"},\"potentialAction\":[{\"@type\":\"SearchAction\",\"target\":{\"@type\":\"EntryPoint\",\"urlTemplate\":\"https:\/\/voyagedelabaleine.fr\/en\/?s={search_term_string}\"},\"query-input\":{\"@type\":\"PropertyValueSpecification\",\"valueRequired\":true,\"valueName\":\"search_term_string\"}}],\"inLanguage\":\"en-US\"},{\"@type\":\"Organization\",\"@id\":\"https:\/\/voyagedelabaleine.fr\/en\/#organization\",\"name\":\"Voyage de la Baleine\",\"url\":\"https:\/\/voyagedelabaleine.fr\/en\/\",\"logo\":{\"@type\":\"ImageObject\",\"inLanguage\":\"en-US\",\"@id\":\"https:\/\/voyagedelabaleine.fr\/en\/#\/schema\/logo\/image\/\",\"url\":\"https:\/\/voyagedelabaleine.fr\/wp-content\/uploads\/2025\/06\/logo.webp\",\"contentUrl\":\"https:\/\/voyagedelabaleine.fr\/wp-content\/uploads\/2025\/06\/logo.webp\",\"width\":153,\"height\":64,\"caption\":\"Voyage de la Baleine\"},\"image\":{\"@id\":\"https:\/\/voyagedelabaleine.fr\/en\/#\/schema\/logo\/image\/\"},\"sameAs\":[\"https:\/\/www.facebook.com\/voyagedelabaleine\/\",\"https:\/\/www.instagram.com\/voyagedelabaleine\/\",\"https:\/\/www.pinterest.fr\/Voyagedelabaleine\/\"]}]}<\/script>\n<!-- \/ Yoast SEO plugin. -->","yoast_head_json":{"title":"Baby Linen and Cotton Blouse and Bloomer Set - Beige - Voyage de la Baleine","description":"Our beige linen and cotton baby bloomer is a must-have, offering comfort and lightness for your little one's daily wear.","robots":{"index":"index","follow":"follow","max-snippet":"max-snippet:-1","max-image-preview":"max-image-preview:large","max-video-preview":"max-video-preview:-1"},"canonical":"https:\/\/voyagedelabaleine.fr\/en\/product\/baby-linen-and-cotton-blouse-and-bloomer-set-beige\/","og_locale":"en_US","og_type":"article","og_title":"Baby Linen and Cotton Blouse and Bloomer Set - Beige - Voyage de la Baleine","og_description":"Our beige linen and cotton baby bloomer is a must-have, offering comfort and lightness for your little one's daily wear.","og_url":"https:\/\/voyagedelabaleine.fr\/en\/product\/baby-linen-and-cotton-blouse-and-bloomer-set-beige\/","og_site_name":"Voyage de la Baleine","article_publisher":"https:\/\/www.facebook.com\/voyagedelabaleine\/","article_modified_time":"2026-03-25T14:16:34+00:00","og_image":[{"width":1400,"height":1866,"url":"https:\/\/voyagedelabaleine.fr\/wp-content\/uploads\/2025\/04\/ensemble-blouse-bloomer-bebe-lin.jpg","type":"image\/jpeg"}],"twitter_card":"summary_large_image","twitter_misc":{"Est. reading time":"1 minute"},"schema":{"@context":"https:\/\/schema.org","@graph":[{"@type":"WebPage","@id":"https:\/\/voyagedelabaleine.fr\/en\/product\/baby-linen-and-cotton-blouse-and-bloomer-set-beige\/","url":"https:\/\/voyagedelabaleine.fr\/en\/product\/baby-linen-and-cotton-blouse-and-bloomer-set-beige\/","name":"Baby Linen and Cotton Blouse and Bloomer Set - Beige - Voyage de la Baleine","isPartOf":{"@id":"https:\/\/voyagedelabaleine.fr\/en\/#website"},"primaryImageOfPage":{"@id":"https:\/\/voyagedelabaleine.fr\/en\/product\/baby-linen-and-cotton-blouse-and-bloomer-set-beige\/#primaryimage"},"image":{"@id":"https:\/\/voyagedelabaleine.fr\/en\/product\/baby-linen-and-cotton-blouse-and-bloomer-set-beige\/#primaryimage"},"thumbnailUrl":"https:\/\/voyagedelabaleine.fr\/wp-content\/uploads\/2025\/04\/ensemble-blouse-bloomer-bebe-lin.jpg","datePublished":"2025-04-14T12:08:39+00:00","dateModified":"2026-03-25T14:16:34+00:00","description":"Our beige linen and cotton baby bloomer is a must-have, offering comfort and lightness for your little one's daily wear.","breadcrumb":{"@id":"https:\/\/voyagedelabaleine.fr\/en\/product\/baby-linen-and-cotton-blouse-and-bloomer-set-beige\/#breadcrumb"},"inLanguage":"en-US","potentialAction":[{"@type":"ReadAction","target":["https:\/\/voyagedelabaleine.fr\/en\/product\/baby-linen-and-cotton-blouse-and-bloomer-set-beige\/"]}]},{"@type":"ImageObject","inLanguage":"en-US","@id":"https:\/\/voyagedelabaleine.fr\/en\/product\/baby-linen-and-cotton-blouse-and-bloomer-set-beige\/#primaryimage","url":"https:\/\/voyagedelabaleine.fr\/wp-content\/uploads\/2025\/04\/ensemble-blouse-bloomer-bebe-lin.jpg","contentUrl":"https:\/\/voyagedelabaleine.fr\/wp-content\/uploads\/2025\/04\/ensemble-blouse-bloomer-bebe-lin.jpg","width":1400,"height":1866,"caption":"Ensemble blouse blanche \u00e0 col rond et bloomer b\u00e9b\u00e9 en lin et coton uni beige"},{"@type":"BreadcrumbList","@id":"https:\/\/voyagedelabaleine.fr\/en\/product\/baby-linen-and-cotton-blouse-and-bloomer-set-beige\/#breadcrumb","itemListElement":[{"@type":"ListItem","position":1,"name":"Accueil","item":"https:\/\/voyagedelabaleine.fr\/en\/timeless-refined-clothing-babies-children\/"},{"@type":"ListItem","position":2,"name":"All collection","item":"https:\/\/voyagedelabaleine.fr\/en\/shop\/"},{"@type":"ListItem","position":3,"name":"Baby Linen and Cotton Blouse and Bloomer Set &#8211; Beige"}]},{"@type":"WebSite","@id":"https:\/\/voyagedelabaleine.fr\/en\/#website","url":"https:\/\/voyagedelabaleine.fr\/en\/","name":"Voyage de la Baleine","description":"V\u00eatements intemporels et raffin\u00e9s pour b\u00e9b\u00e9s et enfants","publisher":{"@id":"https:\/\/voyagedelabaleine.fr\/en\/#organization"},"potentialAction":[{"@type":"SearchAction","target":{"@type":"EntryPoint","urlTemplate":"https:\/\/voyagedelabaleine.fr\/en\/?s={search_term_string}"},"query-input":{"@type":"PropertyValueSpecification","valueRequired":true,"valueName":"search_term_string"}}],"inLanguage":"en-US"},{"@type":"Organization","@id":"https:\/\/voyagedelabaleine.fr\/en\/#organization","name":"Voyage de la Baleine","url":"https:\/\/voyagedelabaleine.fr\/en\/","logo":{"@type":"ImageObject","inLanguage":"en-US","@id":"https:\/\/voyagedelabaleine.fr\/en\/#\/schema\/logo\/image\/","url":"https:\/\/voyagedelabaleine.fr\/wp-content\/uploads\/2025\/06\/logo.webp","contentUrl":"https:\/\/voyagedelabaleine.fr\/wp-content\/uploads\/2025\/06\/logo.webp","width":153,"height":64,"caption":"Voyage de la Baleine"},"image":{"@id":"https:\/\/voyagedelabaleine.fr\/en\/#\/schema\/logo\/image\/"},"sameAs":["https:\/\/www.facebook.com\/voyagedelabaleine\/","https:\/\/www.instagram.com\/voyagedelabaleine\/","https:\/\/www.pinterest.fr\/Voyagedelabaleine\/"]}]}},"_links":{"self":[{"href":"https:\/\/voyagedelabaleine.fr\/en\/wp-json\/wp\/v2\/product\/27466","targetHints":{"allow":["GET"]}}],"collection":[{"href":"https:\/\/voyagedelabaleine.fr\/en\/wp-json\/wp\/v2\/product"}],"about":[{"href":"https:\/\/voyagedelabaleine.fr\/en\/wp-json\/wp\/v2\/types\/product"}],"replies":[{"embeddable":true,"href":"https:\/\/voyagedelabaleine.fr\/en\/wp-json\/wp\/v2\/comments?post=27466"}],"wp:featuredmedia":[{"embeddable":true,"href":"https:\/\/voyagedelabaleine.fr\/en\/wp-json\/wp\/v2\/media\/18189"}],"wp:attachment":[{"href":"https:\/\/voyagedelabaleine.fr\/en\/wp-json\/wp\/v2\/media?parent=27466"}],"wp:term":[{"taxonomy":"product_brand","embeddable":true,"href":"https:\/\/voyagedelabaleine.fr\/en\/wp-json\/wp\/v2\/product_brand?post=27466"},{"taxonomy":"product_cat","embeddable":true,"href":"https:\/\/voyagedelabaleine.fr\/en\/wp-json\/wp\/v2\/product_cat?post=27466"},{"taxonomy":"product_tag","embeddable":true,"href":"https:\/\/voyagedelabaleine.fr\/en\/wp-json\/wp\/v2\/product_tag?post=27466"}],"curies":[{"name":"wp","href":"https:\/\/api.w.org\/{rel}","templated":true}]}}