{"id":27671,"date":"2025-08-23T11:38:13","date_gmt":"2025-08-23T09:38:13","guid":{"rendered":"https:\/\/voyagedelabaleine.fr\/product\/newborn-wool-pom-pom-beanie-cream\/"},"modified":"2025-08-23T11:38:13","modified_gmt":"2025-08-23T09:38:13","slug":"newborn-wool-pom-pom-beanie-cream","status":"publish","type":"product","link":"https:\/\/voyagedelabaleine.fr\/en\/product\/newborn-wool-pom-pom-beanie-cream\/","title":{"rendered":"Newborn Wool Pom-Pom Beanie &#8211; Cream"},"content":{"rendered":"<h3 data-start=\"218\" data-end=\"293\">Cream Wool Newborn Beanie \u2013 A Refined Essential from Birth<\/h3>\n<p data-start=\"295\" data-end=\"787\">Our <strong data-start=\"301\" data-end=\"336\">cream wool newborn beanie<\/strong> is designed to envelop your little one&#8217;s head in <strong data-start=\"396\" data-end=\"431\">natural softness and warmth<\/strong> from their very first days. Crafted from <strong data-start=\"472\" data-end=\"497\">100% natural wool<\/strong>, this newborn beanie effectively protects newborns&#8217; heads and ears while allowing their delicate skin to breathe, thus ensuring optimal comfort without irritation or itching. Its elegant and timeless cream color easily complements all little outfits.  <\/p>\n<h3 data-start=\"794\" data-end=\"828\">A Delicate Matching Set<\/h3>\n<p data-start=\"830\" data-end=\"1326\">This <strong data-start=\"833\" data-end=\"859\">cream baby beanie<\/strong> perfectly matches our <a href=\"https:\/\/voyagedelabaleine.fr\/en\/product\/baby-wool-knit-top-and-garter-stitch-footed-pants-set-cream\/\">Cream Knitted Wool Sweater and Footed Pants Baby Set<\/a>, creating a <strong data-start=\"980\" data-end=\"1013\">harmonious and refined outfit<\/strong>, true to the world of <strong data-start=\"1037\" data-end=\"1061\">Voyage de la Baleine<\/strong>. The beanie and set form a cocoon of softness that will accompany your baby daily, whether for their first outings, family moments, or naps in the stroller. A simple and elegant style that highlights the tenderness of childhood.  <\/p>\n<h3 data-start=\"1333\" data-end=\"1368\">Everyday softness and comfort<\/h3>\n<p data-start=\"1370\" data-end=\"1815\">With its snug fit, this beanie stays securely in place without being tight, effectively protecting your baby from the cold while ensuring great freedom of movement. Its <strong data-start=\"1542\" data-end=\"1557\">soft wool<\/strong> provides ideal thermal insulation for stroller walks or naps in your arms, allowing your baby to stay warm without overheating. This cream beanie stands out for its lightness and flexibility, making it practical to take anywhere.  <\/p>\n<h3 data-start=\"1822\" data-end=\"1867\">A Cherished Newborn Gift Idea<\/h3>\n<p data-start=\"1869\" data-end=\"2336\">This <strong data-start=\"1872\" data-end=\"1907\">cream wool newborn beanie<\/strong> makes a chic and useful <strong data-start=\"1922\" data-end=\"1953\">newborn gift idea<\/strong> for new parents seeking a gift that is both functional and elegant. Its timeless style and cream hue easily complement your baby&#8217;s wardrobe, making this beanie a cherished item to keep in a childhood memory box. Offered alone or with the matching set, it embodies the discreet elegance of <strong data-start=\"2311\" data-end=\"2335\">Voyage de la Baleine<\/strong>.  <\/p>\n<p data-start=\"2338\" data-end=\"2519\"><em data-start=\"2338\" data-end=\"2519\">To offer this newborn beanie is to offer a first gesture of tenderness, a comforting and refined cocoon that accompanies your baby from their very first moments with softness and delicacy.<\/em><\/p>\n<p data-start=\"2521\" data-end=\"2541\">Made in Spain.<\/p>\n","protected":false},"excerpt":{"rendered":"<ul>\n<li>Matches the <a href=\"https:\/\/voyagedelabaleine.fr\/en\/product\/baby-wool-knit-top-and-garter-stitch-footed-pants-set-cream\/\">Cream Knitted Wool Sweater and Footed Pants Baby Set<\/a><\/li>\n<li>100% soft wool<\/li>\n<li>Made in Spain<br \/>\n<em>This hat fits true to size. Choose your usual size<\/em><\/li>\n<\/ul>\n","protected":false},"featured_media":20040,"comment_status":"open","ping_status":"closed","template":"","meta":{"ocean_post_layout":"","ocean_both_sidebars_style":"","ocean_both_sidebars_content_width":0,"ocean_both_sidebars_sidebars_width":0,"ocean_sidebar":"0","ocean_second_sidebar":"0","ocean_disable_margins":"enable","ocean_add_body_class":"","ocean_shortcode_before_top_bar":"","ocean_shortcode_after_top_bar":"","ocean_shortcode_before_header":"","ocean_shortcode_after_header":"","ocean_has_shortcode":"","ocean_shortcode_after_title":"","ocean_shortcode_before_footer_widgets":"","ocean_shortcode_after_footer_widgets":"","ocean_shortcode_before_footer_bottom":"","ocean_shortcode_after_footer_bottom":"","ocean_display_top_bar":"default","ocean_display_header":"default","ocean_header_style":"","ocean_center_header_left_menu":"0","ocean_custom_header_template":"0","ocean_custom_logo":0,"ocean_custom_retina_logo":0,"ocean_custom_logo_max_width":0,"ocean_custom_logo_tablet_max_width":0,"ocean_custom_logo_mobile_max_width":0,"ocean_custom_logo_max_height":0,"ocean_custom_logo_tablet_max_height":0,"ocean_custom_logo_mobile_max_height":0,"ocean_header_custom_menu":"0","ocean_menu_typo_font_family":"0","ocean_menu_typo_font_subset":"","ocean_menu_typo_font_size":0,"ocean_menu_typo_font_size_tablet":0,"ocean_menu_typo_font_size_mobile":0,"ocean_menu_typo_font_size_unit":"px","ocean_menu_typo_font_weight":"","ocean_menu_typo_font_weight_tablet":"","ocean_menu_typo_font_weight_mobile":"","ocean_menu_typo_transform":"","ocean_menu_typo_transform_tablet":"","ocean_menu_typo_transform_mobile":"","ocean_menu_typo_line_height":0,"ocean_menu_typo_line_height_tablet":0,"ocean_menu_typo_line_height_mobile":0,"ocean_menu_typo_line_height_unit":"","ocean_menu_typo_spacing":0,"ocean_menu_typo_spacing_tablet":0,"ocean_menu_typo_spacing_mobile":0,"ocean_menu_typo_spacing_unit":"","ocean_menu_link_color":"","ocean_menu_link_color_hover":"","ocean_menu_link_color_active":"","ocean_menu_link_background":"","ocean_menu_link_hover_background":"","ocean_menu_link_active_background":"","ocean_menu_social_links_bg":"","ocean_menu_social_hover_links_bg":"","ocean_menu_social_links_color":"","ocean_menu_social_hover_links_color":"","ocean_disable_title":"default","ocean_disable_heading":"default","ocean_post_title":"","ocean_post_subheading":"","ocean_post_title_style":"","ocean_post_title_background_color":"","ocean_post_title_background":0,"ocean_post_title_bg_image_position":"","ocean_post_title_bg_image_attachment":"","ocean_post_title_bg_image_repeat":"","ocean_post_title_bg_image_size":"","ocean_post_title_height":0,"ocean_post_title_bg_overlay":0.5,"ocean_post_title_bg_overlay_color":"","ocean_disable_breadcrumbs":"default","ocean_breadcrumbs_color":"","ocean_breadcrumbs_separator_color":"","ocean_breadcrumbs_links_color":"","ocean_breadcrumbs_links_hover_color":"","ocean_display_footer_widgets":"default","ocean_display_footer_bottom":"default","ocean_custom_footer_template":"0","osh_disable_topbar_sticky":"default","osh_disable_header_sticky":"default","osh_sticky_header_style":"default","osh_sticky_header_effect":"","osh_custom_sticky_logo":0,"osh_custom_retina_sticky_logo":0,"osh_custom_sticky_logo_height":0,"osh_background_color":"","osh_links_color":"","osh_links_hover_color":"","osh_links_active_color":"","osh_links_bg_color":"","osh_links_hover_bg_color":"","osh_links_active_bg_color":"","osh_menu_social_links_color":"","osh_menu_social_hover_links_color":""},"product_brand":[],"product_cat":[6608,6624,6611,6682,6698,6687],"product_tag":[],"class_list":{"0":"post-27671","1":"product","2":"type-product","3":"status-publish","4":"has-post-thumbnail","6":"product_cat-baby-accessories","7":"product_cat-baby-boy-accessories","8":"product_cat-baby-girl-accessories","9":"product_cat-newborn-accessories","10":"product_cat-newborn-boy-accessories","11":"product_cat-newborn-girl-accessories","13":"entry","14":"has-media","16":"first","17":"instock","18":"taxable","19":"shipping-taxable","20":"purchasable","21":"product-type-variable","22":"has-default-attributes","23":"col","24":"span_1_of_3","25":"owp-content-center","26":"owp-thumbs-layout-vertical","27":"owp-btn-big","28":"owp-tabs-layout-vertical","29":"circle-sale"},"yoast_head":"<!-- This site is optimized with the Yoast SEO plugin v27.1.1 - https:\/\/yoast.com\/product\/yoast-seo-wordpress\/ -->\n<title>Newborn Wool Pom-Pom Beanie - Cream - Voyage de la Baleine<\/title>\n<meta name=\"description\" content=\"Our cream wool newborn beanie is designed to envelop your little one&#039;s head in natural softness and warmth from their very first days.\" \/>\n<meta name=\"robots\" content=\"index, follow, max-snippet:-1, max-image-preview:large, max-video-preview:-1\" \/>\n<link rel=\"canonical\" href=\"https:\/\/voyagedelabaleine.fr\/en\/product\/newborn-wool-pom-pom-beanie-cream\/\" \/>\n<meta property=\"og:locale\" content=\"en_US\" \/>\n<meta property=\"og:type\" content=\"article\" \/>\n<meta property=\"og:title\" content=\"Newborn Wool Pom-Pom Beanie - Cream - Voyage de la Baleine\" \/>\n<meta property=\"og:description\" content=\"Our cream wool newborn beanie is designed to envelop your little one&#039;s head in natural softness and warmth from their very first days.\" \/>\n<meta property=\"og:url\" content=\"https:\/\/voyagedelabaleine.fr\/en\/product\/newborn-wool-pom-pom-beanie-cream\/\" \/>\n<meta property=\"og:site_name\" content=\"Voyage de la Baleine\" \/>\n<meta property=\"article:publisher\" content=\"https:\/\/www.facebook.com\/voyagedelabaleine\/\" \/>\n<meta property=\"og:image\" content=\"https:\/\/voyagedelabaleine.fr\/wp-content\/uploads\/2025\/07\/bonnet-naissance-laine-pompon-creme.jpg\" \/>\n\t<meta property=\"og:image:width\" content=\"1290\" \/>\n\t<meta property=\"og:image:height\" content=\"1570\" \/>\n\t<meta property=\"og:image:type\" content=\"image\/jpeg\" \/>\n<meta name=\"twitter:card\" content=\"summary_large_image\" \/>\n<meta name=\"twitter:label1\" content=\"Est. reading time\" \/>\n\t<meta name=\"twitter:data1\" content=\"2 minutes\" \/>\n<script type=\"application\/ld+json\" class=\"yoast-schema-graph\">{\"@context\":\"https:\/\/schema.org\",\"@graph\":[{\"@type\":\"WebPage\",\"@id\":\"https:\/\/voyagedelabaleine.fr\/en\/product\/newborn-wool-pom-pom-beanie-cream\/\",\"url\":\"https:\/\/voyagedelabaleine.fr\/en\/product\/newborn-wool-pom-pom-beanie-cream\/\",\"name\":\"Newborn Wool Pom-Pom Beanie - Cream - Voyage de la Baleine\",\"isPartOf\":{\"@id\":\"https:\/\/voyagedelabaleine.fr\/en\/#website\"},\"primaryImageOfPage\":{\"@id\":\"https:\/\/voyagedelabaleine.fr\/en\/product\/newborn-wool-pom-pom-beanie-cream\/#primaryimage\"},\"image\":{\"@id\":\"https:\/\/voyagedelabaleine.fr\/en\/product\/newborn-wool-pom-pom-beanie-cream\/#primaryimage\"},\"thumbnailUrl\":\"https:\/\/voyagedelabaleine.fr\/wp-content\/uploads\/2025\/07\/bonnet-naissance-laine-pompon-creme.jpg\",\"datePublished\":\"2025-08-23T09:38:13+00:00\",\"description\":\"Our cream wool newborn beanie is designed to envelop your little one's head in natural softness and warmth from their very first days.\",\"breadcrumb\":{\"@id\":\"https:\/\/voyagedelabaleine.fr\/en\/product\/newborn-wool-pom-pom-beanie-cream\/#breadcrumb\"},\"inLanguage\":\"en-US\",\"potentialAction\":[{\"@type\":\"ReadAction\",\"target\":[\"https:\/\/voyagedelabaleine.fr\/en\/product\/newborn-wool-pom-pom-beanie-cream\/\"]}]},{\"@type\":\"ImageObject\",\"inLanguage\":\"en-US\",\"@id\":\"https:\/\/voyagedelabaleine.fr\/en\/product\/newborn-wool-pom-pom-beanie-cream\/#primaryimage\",\"url\":\"https:\/\/voyagedelabaleine.fr\/wp-content\/uploads\/2025\/07\/bonnet-naissance-laine-pompon-creme.jpg\",\"contentUrl\":\"https:\/\/voyagedelabaleine.fr\/wp-content\/uploads\/2025\/07\/bonnet-naissance-laine-pompon-creme.jpg\",\"width\":1290,\"height\":1570,\"caption\":\"D\u00e9tail du bonnet de naissance blanc \u00e0 pompon en laine\"},{\"@type\":\"BreadcrumbList\",\"@id\":\"https:\/\/voyagedelabaleine.fr\/en\/product\/newborn-wool-pom-pom-beanie-cream\/#breadcrumb\",\"itemListElement\":[{\"@type\":\"ListItem\",\"position\":1,\"name\":\"Accueil\",\"item\":\"https:\/\/voyagedelabaleine.fr\/en\/timeless-refined-clothing-babies-children\/\"},{\"@type\":\"ListItem\",\"position\":2,\"name\":\"All collection\",\"item\":\"https:\/\/voyagedelabaleine.fr\/en\/shop\/\"},{\"@type\":\"ListItem\",\"position\":3,\"name\":\"Newborn Wool Pom-Pom Beanie &#8211; Cream\"}]},{\"@type\":\"WebSite\",\"@id\":\"https:\/\/voyagedelabaleine.fr\/en\/#website\",\"url\":\"https:\/\/voyagedelabaleine.fr\/en\/\",\"name\":\"Voyage de la Baleine\",\"description\":\"V\u00eatements intemporels et raffin\u00e9s pour b\u00e9b\u00e9s et enfants\",\"publisher\":{\"@id\":\"https:\/\/voyagedelabaleine.fr\/en\/#organization\"},\"potentialAction\":[{\"@type\":\"SearchAction\",\"target\":{\"@type\":\"EntryPoint\",\"urlTemplate\":\"https:\/\/voyagedelabaleine.fr\/en\/?s={search_term_string}\"},\"query-input\":{\"@type\":\"PropertyValueSpecification\",\"valueRequired\":true,\"valueName\":\"search_term_string\"}}],\"inLanguage\":\"en-US\"},{\"@type\":\"Organization\",\"@id\":\"https:\/\/voyagedelabaleine.fr\/en\/#organization\",\"name\":\"Voyage de la Baleine\",\"url\":\"https:\/\/voyagedelabaleine.fr\/en\/\",\"logo\":{\"@type\":\"ImageObject\",\"inLanguage\":\"en-US\",\"@id\":\"https:\/\/voyagedelabaleine.fr\/en\/#\/schema\/logo\/image\/\",\"url\":\"https:\/\/voyagedelabaleine.fr\/wp-content\/uploads\/2025\/06\/logo.webp\",\"contentUrl\":\"https:\/\/voyagedelabaleine.fr\/wp-content\/uploads\/2025\/06\/logo.webp\",\"width\":153,\"height\":64,\"caption\":\"Voyage de la Baleine\"},\"image\":{\"@id\":\"https:\/\/voyagedelabaleine.fr\/en\/#\/schema\/logo\/image\/\"},\"sameAs\":[\"https:\/\/www.facebook.com\/voyagedelabaleine\/\",\"https:\/\/www.instagram.com\/voyagedelabaleine\/\",\"https:\/\/www.pinterest.fr\/Voyagedelabaleine\/\"]}]}<\/script>\n<!-- \/ Yoast SEO plugin. -->","yoast_head_json":{"title":"Newborn Wool Pom-Pom Beanie - Cream - Voyage de la Baleine","description":"Our cream wool newborn beanie is designed to envelop your little one's head in natural softness and warmth from their very first days.","robots":{"index":"index","follow":"follow","max-snippet":"max-snippet:-1","max-image-preview":"max-image-preview:large","max-video-preview":"max-video-preview:-1"},"canonical":"https:\/\/voyagedelabaleine.fr\/en\/product\/newborn-wool-pom-pom-beanie-cream\/","og_locale":"en_US","og_type":"article","og_title":"Newborn Wool Pom-Pom Beanie - Cream - Voyage de la Baleine","og_description":"Our cream wool newborn beanie is designed to envelop your little one's head in natural softness and warmth from their very first days.","og_url":"https:\/\/voyagedelabaleine.fr\/en\/product\/newborn-wool-pom-pom-beanie-cream\/","og_site_name":"Voyage de la Baleine","article_publisher":"https:\/\/www.facebook.com\/voyagedelabaleine\/","og_image":[{"width":1290,"height":1570,"url":"https:\/\/voyagedelabaleine.fr\/wp-content\/uploads\/2025\/07\/bonnet-naissance-laine-pompon-creme.jpg","type":"image\/jpeg"}],"twitter_card":"summary_large_image","twitter_misc":{"Est. reading time":"2 minutes"},"schema":{"@context":"https:\/\/schema.org","@graph":[{"@type":"WebPage","@id":"https:\/\/voyagedelabaleine.fr\/en\/product\/newborn-wool-pom-pom-beanie-cream\/","url":"https:\/\/voyagedelabaleine.fr\/en\/product\/newborn-wool-pom-pom-beanie-cream\/","name":"Newborn Wool Pom-Pom Beanie - Cream - Voyage de la Baleine","isPartOf":{"@id":"https:\/\/voyagedelabaleine.fr\/en\/#website"},"primaryImageOfPage":{"@id":"https:\/\/voyagedelabaleine.fr\/en\/product\/newborn-wool-pom-pom-beanie-cream\/#primaryimage"},"image":{"@id":"https:\/\/voyagedelabaleine.fr\/en\/product\/newborn-wool-pom-pom-beanie-cream\/#primaryimage"},"thumbnailUrl":"https:\/\/voyagedelabaleine.fr\/wp-content\/uploads\/2025\/07\/bonnet-naissance-laine-pompon-creme.jpg","datePublished":"2025-08-23T09:38:13+00:00","description":"Our cream wool newborn beanie is designed to envelop your little one's head in natural softness and warmth from their very first days.","breadcrumb":{"@id":"https:\/\/voyagedelabaleine.fr\/en\/product\/newborn-wool-pom-pom-beanie-cream\/#breadcrumb"},"inLanguage":"en-US","potentialAction":[{"@type":"ReadAction","target":["https:\/\/voyagedelabaleine.fr\/en\/product\/newborn-wool-pom-pom-beanie-cream\/"]}]},{"@type":"ImageObject","inLanguage":"en-US","@id":"https:\/\/voyagedelabaleine.fr\/en\/product\/newborn-wool-pom-pom-beanie-cream\/#primaryimage","url":"https:\/\/voyagedelabaleine.fr\/wp-content\/uploads\/2025\/07\/bonnet-naissance-laine-pompon-creme.jpg","contentUrl":"https:\/\/voyagedelabaleine.fr\/wp-content\/uploads\/2025\/07\/bonnet-naissance-laine-pompon-creme.jpg","width":1290,"height":1570,"caption":"D\u00e9tail du bonnet de naissance blanc \u00e0 pompon en laine"},{"@type":"BreadcrumbList","@id":"https:\/\/voyagedelabaleine.fr\/en\/product\/newborn-wool-pom-pom-beanie-cream\/#breadcrumb","itemListElement":[{"@type":"ListItem","position":1,"name":"Accueil","item":"https:\/\/voyagedelabaleine.fr\/en\/timeless-refined-clothing-babies-children\/"},{"@type":"ListItem","position":2,"name":"All collection","item":"https:\/\/voyagedelabaleine.fr\/en\/shop\/"},{"@type":"ListItem","position":3,"name":"Newborn Wool Pom-Pom Beanie &#8211; Cream"}]},{"@type":"WebSite","@id":"https:\/\/voyagedelabaleine.fr\/en\/#website","url":"https:\/\/voyagedelabaleine.fr\/en\/","name":"Voyage de la Baleine","description":"V\u00eatements intemporels et raffin\u00e9s pour b\u00e9b\u00e9s et enfants","publisher":{"@id":"https:\/\/voyagedelabaleine.fr\/en\/#organization"},"potentialAction":[{"@type":"SearchAction","target":{"@type":"EntryPoint","urlTemplate":"https:\/\/voyagedelabaleine.fr\/en\/?s={search_term_string}"},"query-input":{"@type":"PropertyValueSpecification","valueRequired":true,"valueName":"search_term_string"}}],"inLanguage":"en-US"},{"@type":"Organization","@id":"https:\/\/voyagedelabaleine.fr\/en\/#organization","name":"Voyage de la Baleine","url":"https:\/\/voyagedelabaleine.fr\/en\/","logo":{"@type":"ImageObject","inLanguage":"en-US","@id":"https:\/\/voyagedelabaleine.fr\/en\/#\/schema\/logo\/image\/","url":"https:\/\/voyagedelabaleine.fr\/wp-content\/uploads\/2025\/06\/logo.webp","contentUrl":"https:\/\/voyagedelabaleine.fr\/wp-content\/uploads\/2025\/06\/logo.webp","width":153,"height":64,"caption":"Voyage de la Baleine"},"image":{"@id":"https:\/\/voyagedelabaleine.fr\/en\/#\/schema\/logo\/image\/"},"sameAs":["https:\/\/www.facebook.com\/voyagedelabaleine\/","https:\/\/www.instagram.com\/voyagedelabaleine\/","https:\/\/www.pinterest.fr\/Voyagedelabaleine\/"]}]}},"_links":{"self":[{"href":"https:\/\/voyagedelabaleine.fr\/en\/wp-json\/wp\/v2\/product\/27671","targetHints":{"allow":["GET"]}}],"collection":[{"href":"https:\/\/voyagedelabaleine.fr\/en\/wp-json\/wp\/v2\/product"}],"about":[{"href":"https:\/\/voyagedelabaleine.fr\/en\/wp-json\/wp\/v2\/types\/product"}],"replies":[{"embeddable":true,"href":"https:\/\/voyagedelabaleine.fr\/en\/wp-json\/wp\/v2\/comments?post=27671"}],"wp:featuredmedia":[{"embeddable":true,"href":"https:\/\/voyagedelabaleine.fr\/en\/wp-json\/wp\/v2\/media\/20040"}],"wp:attachment":[{"href":"https:\/\/voyagedelabaleine.fr\/en\/wp-json\/wp\/v2\/media?parent=27671"}],"wp:term":[{"taxonomy":"product_brand","embeddable":true,"href":"https:\/\/voyagedelabaleine.fr\/en\/wp-json\/wp\/v2\/product_brand?post=27671"},{"taxonomy":"product_cat","embeddable":true,"href":"https:\/\/voyagedelabaleine.fr\/en\/wp-json\/wp\/v2\/product_cat?post=27671"},{"taxonomy":"product_tag","embeddable":true,"href":"https:\/\/voyagedelabaleine.fr\/en\/wp-json\/wp\/v2\/product_tag?post=27671"}],"curies":[{"name":"wp","href":"https:\/\/api.w.org\/{rel}","templated":true}]}}