{"id":27705,"date":"2025-08-23T12:20:43","date_gmt":"2025-08-23T10:20:43","guid":{"rendered":"https:\/\/voyagedelabaleine.fr\/product\/baby-girl-embroidered-collar-bodysuit-white\/"},"modified":"2026-01-24T21:53:14","modified_gmt":"2026-01-24T20:53:14","slug":"baby-girl-embroidered-collar-bodysuit-white","status":"publish","type":"product","link":"https:\/\/voyagedelabaleine.fr\/en\/product\/baby-girl-embroidered-collar-bodysuit-white\/","title":{"rendered":"Baby Girl Embroidered Collar Bodysuit \u2013 White"},"content":{"rendered":"<h3 data-start=\"212\" data-end=\"262\">A refined essential for baby&#8217;s wardrobe.<\/h3>\n<p data-start=\"264\" data-end=\"545\">Our <strong data-start=\"267\" data-end=\"304\">white embroidered collar baby girl bodysuit<\/strong> is a timeless piece, perfect for dressing your child with simplicity and elegance from their first months. Its bright white shade easily pairs with all outfits, while adding a touch of freshness to everyday wear. <\/p>\n<h3 data-start=\"547\" data-end=\"590\">A delicate and feminine floral embroidered collar.<\/h3>\n<p data-start=\"592\" data-end=\"893\">The <strong data-start=\"595\" data-end=\"641\">collar embroidered with small pink-toned flowers<\/strong>, accented with a delicate pink trim, adds a poetic and discreet touch that makes all the difference. This delicate detail enhances your baby&#8217;s outfit even under a sweater or cardigan, allowing a pretty collar to show through, effortlessly elevating the ensemble. <\/p>\n<h3 data-start=\"895\" data-end=\"924\">Absolute Comfort and Softness<\/h3>\n<p data-start=\"926\" data-end=\"1240\">Crafted from <strong data-start=\"942\" data-end=\"966\">100% cotton jersey<\/strong>, this bodysuit is exceptionally soft on your baby&#8217;s sensitive skin while remaining breathable. Its flexible fabric offers great freedom of movement, allowing your child to move at their own pace, in complete serenity, whether sleeping, playing, or going for a stroll. <\/p>\n<h3 data-start=\"1242\" data-end=\"1271\">Practical for Parents<\/h3>\n<p data-start=\"1273\" data-end=\"1581\">Featuring <strong data-start=\"1281\" data-end=\"1316\">snap fasteners at the back and crotch<\/strong>, this bodysuit makes daily changing easier, without needing to fully remove your baby&#8217;s outfit. An essential that combines practicality and elegance, indispensable in a newborn&#8217;s layette to simplify your days while maintaining a refined style. <\/p>\n<h3 data-start=\"1583\" data-end=\"1640\">Made in Portugal, with Respect for Craftsmanship<\/h3>\n<p data-start=\"1642\" data-end=\"2003\">This <strong data-start=\"1645\" data-end=\"1665\">embroidered collar bodysuit<\/strong> is <strong data-start=\"1670\" data-end=\"1694\">made in Portugal<\/strong> in workshops specializing in children&#8217;s textiles, with particular attention paid to the finishes. It reflects <strong data-start=\"1846\" data-end=\"1870\">Voyage de la Baleine<\/strong>&#8216;s commitment to offering quality, comfortable, and durable clothing, designed to gently accompany your baby through their first months. <\/p>\n<h3 data-start=\"2005\" data-end=\"2044\">A Basic That Enhances Every Outfit<\/h3>\n<p data-start=\"2046\" data-end=\"2376\">This bodysuit can be worn alone for an elegant and refined outfit or under bloomers, overalls, or velvet trousers to create a sophisticated ensemble. It perfectly embodies the spirit of <strong data-start=\"2230\" data-end=\"2254\">Voyage de la Baleine<\/strong>: dressing babies as babies, with simple, poetic, and quality pieces that fully embrace childhood. <\/p>\n<p data-start=\"2383\" data-end=\"2521\"><em>Offer your baby a delicate and soft bodysuit, designed to enhance their daily life while providing comfort and elegance at every moment.<\/em><\/p>\n<p data-start=\"2383\" data-end=\"2521\">Made in Portugal.<\/p>\n","protected":false},"excerpt":{"rendered":"<ul>\n<li>Long Sleeves<\/li>\n<li>Floral Embroidered Collar<\/li>\n<li>Fastened with a snap placket at the back<\/li>\n<li>Snaps at crotch<\/li>\n<li>100% cotton jersey<\/li>\n<li>Made in Portugal<br \/>\n<em>This bodysuit fits true to size. Choose your usual size.<\/em><\/li>\n<\/ul>\n","protected":false},"featured_media":19805,"comment_status":"open","ping_status":"closed","template":"","meta":{"ocean_post_layout":"","ocean_both_sidebars_style":"","ocean_both_sidebars_content_width":0,"ocean_both_sidebars_sidebars_width":0,"ocean_sidebar":"0","ocean_second_sidebar":"0","ocean_disable_margins":"enable","ocean_add_body_class":"","ocean_shortcode_before_top_bar":"","ocean_shortcode_after_top_bar":"","ocean_shortcode_before_header":"","ocean_shortcode_after_header":"","ocean_has_shortcode":"","ocean_shortcode_after_title":"","ocean_shortcode_before_footer_widgets":"","ocean_shortcode_after_footer_widgets":"","ocean_shortcode_before_footer_bottom":"","ocean_shortcode_after_footer_bottom":"","ocean_display_top_bar":"default","ocean_display_header":"default","ocean_header_style":"","ocean_center_header_left_menu":"0","ocean_custom_header_template":"0","ocean_custom_logo":0,"ocean_custom_retina_logo":0,"ocean_custom_logo_max_width":0,"ocean_custom_logo_tablet_max_width":0,"ocean_custom_logo_mobile_max_width":0,"ocean_custom_logo_max_height":0,"ocean_custom_logo_tablet_max_height":0,"ocean_custom_logo_mobile_max_height":0,"ocean_header_custom_menu":"0","ocean_menu_typo_font_family":"0","ocean_menu_typo_font_subset":"","ocean_menu_typo_font_size":0,"ocean_menu_typo_font_size_tablet":0,"ocean_menu_typo_font_size_mobile":0,"ocean_menu_typo_font_size_unit":"px","ocean_menu_typo_font_weight":"","ocean_menu_typo_font_weight_tablet":"","ocean_menu_typo_font_weight_mobile":"","ocean_menu_typo_transform":"","ocean_menu_typo_transform_tablet":"","ocean_menu_typo_transform_mobile":"","ocean_menu_typo_line_height":0,"ocean_menu_typo_line_height_tablet":0,"ocean_menu_typo_line_height_mobile":0,"ocean_menu_typo_line_height_unit":"","ocean_menu_typo_spacing":0,"ocean_menu_typo_spacing_tablet":0,"ocean_menu_typo_spacing_mobile":0,"ocean_menu_typo_spacing_unit":"","ocean_menu_link_color":"","ocean_menu_link_color_hover":"","ocean_menu_link_color_active":"","ocean_menu_link_background":"","ocean_menu_link_hover_background":"","ocean_menu_link_active_background":"","ocean_menu_social_links_bg":"","ocean_menu_social_hover_links_bg":"","ocean_menu_social_links_color":"","ocean_menu_social_hover_links_color":"","ocean_disable_title":"default","ocean_disable_heading":"default","ocean_post_title":"","ocean_post_subheading":"","ocean_post_title_style":"","ocean_post_title_background_color":"","ocean_post_title_background":0,"ocean_post_title_bg_image_position":"","ocean_post_title_bg_image_attachment":"","ocean_post_title_bg_image_repeat":"","ocean_post_title_bg_image_size":"","ocean_post_title_height":0,"ocean_post_title_bg_overlay":0.5,"ocean_post_title_bg_overlay_color":"","ocean_disable_breadcrumbs":"default","ocean_breadcrumbs_color":"","ocean_breadcrumbs_separator_color":"","ocean_breadcrumbs_links_color":"","ocean_breadcrumbs_links_hover_color":"","ocean_display_footer_widgets":"default","ocean_display_footer_bottom":"default","ocean_custom_footer_template":"0","osh_disable_topbar_sticky":"default","osh_disable_header_sticky":"default","osh_sticky_header_style":"default","osh_sticky_header_effect":"","osh_custom_sticky_logo":0,"osh_custom_retina_sticky_logo":0,"osh_custom_sticky_logo_height":0,"osh_background_color":"","osh_links_color":"","osh_links_hover_color":"","osh_links_active_color":"","osh_links_bg_color":"","osh_links_hover_bg_color":"","osh_links_active_bg_color":"","osh_menu_social_links_color":"","osh_menu_social_hover_links_color":""},"product_brand":[],"product_cat":[6609,6615,6606,6683,6691],"product_tag":[],"class_list":{"0":"post-27705","1":"product","2":"type-product","3":"status-publish","4":"has-post-thumbnail","6":"product_cat-baby-bodysuit","7":"product_cat-baby-girl-bodysuit","8":"product_cat-bodysuit","9":"product_cat-newborn-bodysuit","10":"product_cat-newborn-girl-bodysuits","12":"entry","13":"has-media","15":"first","16":"instock","17":"taxable","18":"shipping-taxable","19":"purchasable","20":"product-type-variable","21":"has-default-attributes","22":"has-rating","23":"col","24":"span_1_of_3","25":"owp-content-center","26":"owp-thumbs-layout-vertical","27":"owp-btn-big","28":"owp-tabs-layout-vertical","29":"circle-sale"},"yoast_head":"<!-- This site is optimized with the Yoast SEO plugin v27.1.1 - https:\/\/yoast.com\/product\/yoast-seo-wordpress\/ -->\n<title>Baby Girl Embroidered Collar Bodysuit \u2013 White - Voyage de la Baleine<\/title>\n<meta name=\"description\" content=\"Our white embroidered collar baby girl bodysuit is a timeless piece, perfect for dressing your child with simplicity and elegance from their first months.\" \/>\n<meta name=\"robots\" content=\"index, follow, max-snippet:-1, max-image-preview:large, max-video-preview:-1\" \/>\n<link rel=\"canonical\" href=\"https:\/\/voyagedelabaleine.fr\/en\/product\/baby-girl-embroidered-collar-bodysuit-white\/\" \/>\n<meta property=\"og:locale\" content=\"en_US\" \/>\n<meta property=\"og:type\" content=\"article\" \/>\n<meta property=\"og:title\" content=\"Baby Girl Embroidered Collar Bodysuit \u2013 White - Voyage de la Baleine\" \/>\n<meta property=\"og:description\" content=\"Our white embroidered collar baby girl bodysuit is a timeless piece, perfect for dressing your child with simplicity and elegance from their first months.\" \/>\n<meta property=\"og:url\" content=\"https:\/\/voyagedelabaleine.fr\/en\/product\/baby-girl-embroidered-collar-bodysuit-white\/\" \/>\n<meta property=\"og:site_name\" content=\"Voyage de la Baleine\" \/>\n<meta property=\"article:publisher\" content=\"https:\/\/www.facebook.com\/voyagedelabaleine\/\" \/>\n<meta property=\"article:modified_time\" content=\"2026-01-24T20:53:14+00:00\" \/>\n<meta property=\"og:image\" content=\"https:\/\/voyagedelabaleine.fr\/wp-content\/uploads\/2025\/07\/body-bebe-fille-col-brode-fleurs.jpg\" \/>\n\t<meta property=\"og:image:width\" content=\"1100\" \/>\n\t<meta property=\"og:image:height\" content=\"1466\" \/>\n\t<meta property=\"og:image:type\" content=\"image\/jpeg\" \/>\n<meta name=\"twitter:card\" content=\"summary_large_image\" \/>\n<meta name=\"twitter:label1\" content=\"Est. reading time\" \/>\n\t<meta name=\"twitter:data1\" content=\"2 minutes\" \/>\n<script type=\"application\/ld+json\" class=\"yoast-schema-graph\">{\"@context\":\"https:\/\/schema.org\",\"@graph\":[{\"@type\":\"WebPage\",\"@id\":\"https:\/\/voyagedelabaleine.fr\/en\/product\/baby-girl-embroidered-collar-bodysuit-white\/\",\"url\":\"https:\/\/voyagedelabaleine.fr\/en\/product\/baby-girl-embroidered-collar-bodysuit-white\/\",\"name\":\"Baby Girl Embroidered Collar Bodysuit \u2013 White - Voyage de la Baleine\",\"isPartOf\":{\"@id\":\"https:\/\/voyagedelabaleine.fr\/en\/#website\"},\"primaryImageOfPage\":{\"@id\":\"https:\/\/voyagedelabaleine.fr\/en\/product\/baby-girl-embroidered-collar-bodysuit-white\/#primaryimage\"},\"image\":{\"@id\":\"https:\/\/voyagedelabaleine.fr\/en\/product\/baby-girl-embroidered-collar-bodysuit-white\/#primaryimage\"},\"thumbnailUrl\":\"https:\/\/voyagedelabaleine.fr\/wp-content\/uploads\/2025\/07\/body-bebe-fille-col-brode-fleurs.jpg\",\"datePublished\":\"2025-08-23T10:20:43+00:00\",\"dateModified\":\"2026-01-24T20:53:14+00:00\",\"description\":\"Our white embroidered collar baby girl bodysuit is a timeless piece, perfect for dressing your child with simplicity and elegance from their first months.\",\"breadcrumb\":{\"@id\":\"https:\/\/voyagedelabaleine.fr\/en\/product\/baby-girl-embroidered-collar-bodysuit-white\/#breadcrumb\"},\"inLanguage\":\"en-US\",\"potentialAction\":[{\"@type\":\"ReadAction\",\"target\":[\"https:\/\/voyagedelabaleine.fr\/en\/product\/baby-girl-embroidered-collar-bodysuit-white\/\"]}]},{\"@type\":\"ImageObject\",\"inLanguage\":\"en-US\",\"@id\":\"https:\/\/voyagedelabaleine.fr\/en\/product\/baby-girl-embroidered-collar-bodysuit-white\/#primaryimage\",\"url\":\"https:\/\/voyagedelabaleine.fr\/wp-content\/uploads\/2025\/07\/body-bebe-fille-col-brode-fleurs.jpg\",\"contentUrl\":\"https:\/\/voyagedelabaleine.fr\/wp-content\/uploads\/2025\/07\/body-bebe-fille-col-brode-fleurs.jpg\",\"width\":1100,\"height\":1466,\"caption\":\"Body b\u00e9b\u00e9 fille manches longues \u00e0 col brod\u00e9 de fleurs et liser\u00e9 fantaisie rouge\"},{\"@type\":\"BreadcrumbList\",\"@id\":\"https:\/\/voyagedelabaleine.fr\/en\/product\/baby-girl-embroidered-collar-bodysuit-white\/#breadcrumb\",\"itemListElement\":[{\"@type\":\"ListItem\",\"position\":1,\"name\":\"Accueil\",\"item\":\"https:\/\/voyagedelabaleine.fr\/en\/timeless-refined-clothing-babies-children\/\"},{\"@type\":\"ListItem\",\"position\":2,\"name\":\"All collection\",\"item\":\"https:\/\/voyagedelabaleine.fr\/en\/shop\/\"},{\"@type\":\"ListItem\",\"position\":3,\"name\":\"Baby Girl Embroidered Collar Bodysuit \u2013 White\"}]},{\"@type\":\"WebSite\",\"@id\":\"https:\/\/voyagedelabaleine.fr\/en\/#website\",\"url\":\"https:\/\/voyagedelabaleine.fr\/en\/\",\"name\":\"Voyage de la Baleine\",\"description\":\"V\u00eatements intemporels et raffin\u00e9s pour b\u00e9b\u00e9s et enfants\",\"publisher\":{\"@id\":\"https:\/\/voyagedelabaleine.fr\/en\/#organization\"},\"potentialAction\":[{\"@type\":\"SearchAction\",\"target\":{\"@type\":\"EntryPoint\",\"urlTemplate\":\"https:\/\/voyagedelabaleine.fr\/en\/?s={search_term_string}\"},\"query-input\":{\"@type\":\"PropertyValueSpecification\",\"valueRequired\":true,\"valueName\":\"search_term_string\"}}],\"inLanguage\":\"en-US\"},{\"@type\":\"Organization\",\"@id\":\"https:\/\/voyagedelabaleine.fr\/en\/#organization\",\"name\":\"Voyage de la Baleine\",\"url\":\"https:\/\/voyagedelabaleine.fr\/en\/\",\"logo\":{\"@type\":\"ImageObject\",\"inLanguage\":\"en-US\",\"@id\":\"https:\/\/voyagedelabaleine.fr\/en\/#\/schema\/logo\/image\/\",\"url\":\"https:\/\/voyagedelabaleine.fr\/wp-content\/uploads\/2025\/06\/logo.webp\",\"contentUrl\":\"https:\/\/voyagedelabaleine.fr\/wp-content\/uploads\/2025\/06\/logo.webp\",\"width\":153,\"height\":64,\"caption\":\"Voyage de la Baleine\"},\"image\":{\"@id\":\"https:\/\/voyagedelabaleine.fr\/en\/#\/schema\/logo\/image\/\"},\"sameAs\":[\"https:\/\/www.facebook.com\/voyagedelabaleine\/\",\"https:\/\/www.instagram.com\/voyagedelabaleine\/\",\"https:\/\/www.pinterest.fr\/Voyagedelabaleine\/\"]}]}<\/script>\n<!-- \/ Yoast SEO plugin. -->","yoast_head_json":{"title":"Baby Girl Embroidered Collar Bodysuit \u2013 White - Voyage de la Baleine","description":"Our white embroidered collar baby girl bodysuit is a timeless piece, perfect for dressing your child with simplicity and elegance from their first months.","robots":{"index":"index","follow":"follow","max-snippet":"max-snippet:-1","max-image-preview":"max-image-preview:large","max-video-preview":"max-video-preview:-1"},"canonical":"https:\/\/voyagedelabaleine.fr\/en\/product\/baby-girl-embroidered-collar-bodysuit-white\/","og_locale":"en_US","og_type":"article","og_title":"Baby Girl Embroidered Collar Bodysuit \u2013 White - Voyage de la Baleine","og_description":"Our white embroidered collar baby girl bodysuit is a timeless piece, perfect for dressing your child with simplicity and elegance from their first months.","og_url":"https:\/\/voyagedelabaleine.fr\/en\/product\/baby-girl-embroidered-collar-bodysuit-white\/","og_site_name":"Voyage de la Baleine","article_publisher":"https:\/\/www.facebook.com\/voyagedelabaleine\/","article_modified_time":"2026-01-24T20:53:14+00:00","og_image":[{"width":1100,"height":1466,"url":"https:\/\/voyagedelabaleine.fr\/wp-content\/uploads\/2025\/07\/body-bebe-fille-col-brode-fleurs.jpg","type":"image\/jpeg"}],"twitter_card":"summary_large_image","twitter_misc":{"Est. reading time":"2 minutes"},"schema":{"@context":"https:\/\/schema.org","@graph":[{"@type":"WebPage","@id":"https:\/\/voyagedelabaleine.fr\/en\/product\/baby-girl-embroidered-collar-bodysuit-white\/","url":"https:\/\/voyagedelabaleine.fr\/en\/product\/baby-girl-embroidered-collar-bodysuit-white\/","name":"Baby Girl Embroidered Collar Bodysuit \u2013 White - Voyage de la Baleine","isPartOf":{"@id":"https:\/\/voyagedelabaleine.fr\/en\/#website"},"primaryImageOfPage":{"@id":"https:\/\/voyagedelabaleine.fr\/en\/product\/baby-girl-embroidered-collar-bodysuit-white\/#primaryimage"},"image":{"@id":"https:\/\/voyagedelabaleine.fr\/en\/product\/baby-girl-embroidered-collar-bodysuit-white\/#primaryimage"},"thumbnailUrl":"https:\/\/voyagedelabaleine.fr\/wp-content\/uploads\/2025\/07\/body-bebe-fille-col-brode-fleurs.jpg","datePublished":"2025-08-23T10:20:43+00:00","dateModified":"2026-01-24T20:53:14+00:00","description":"Our white embroidered collar baby girl bodysuit is a timeless piece, perfect for dressing your child with simplicity and elegance from their first months.","breadcrumb":{"@id":"https:\/\/voyagedelabaleine.fr\/en\/product\/baby-girl-embroidered-collar-bodysuit-white\/#breadcrumb"},"inLanguage":"en-US","potentialAction":[{"@type":"ReadAction","target":["https:\/\/voyagedelabaleine.fr\/en\/product\/baby-girl-embroidered-collar-bodysuit-white\/"]}]},{"@type":"ImageObject","inLanguage":"en-US","@id":"https:\/\/voyagedelabaleine.fr\/en\/product\/baby-girl-embroidered-collar-bodysuit-white\/#primaryimage","url":"https:\/\/voyagedelabaleine.fr\/wp-content\/uploads\/2025\/07\/body-bebe-fille-col-brode-fleurs.jpg","contentUrl":"https:\/\/voyagedelabaleine.fr\/wp-content\/uploads\/2025\/07\/body-bebe-fille-col-brode-fleurs.jpg","width":1100,"height":1466,"caption":"Body b\u00e9b\u00e9 fille manches longues \u00e0 col brod\u00e9 de fleurs et liser\u00e9 fantaisie rouge"},{"@type":"BreadcrumbList","@id":"https:\/\/voyagedelabaleine.fr\/en\/product\/baby-girl-embroidered-collar-bodysuit-white\/#breadcrumb","itemListElement":[{"@type":"ListItem","position":1,"name":"Accueil","item":"https:\/\/voyagedelabaleine.fr\/en\/timeless-refined-clothing-babies-children\/"},{"@type":"ListItem","position":2,"name":"All collection","item":"https:\/\/voyagedelabaleine.fr\/en\/shop\/"},{"@type":"ListItem","position":3,"name":"Baby Girl Embroidered Collar Bodysuit \u2013 White"}]},{"@type":"WebSite","@id":"https:\/\/voyagedelabaleine.fr\/en\/#website","url":"https:\/\/voyagedelabaleine.fr\/en\/","name":"Voyage de la Baleine","description":"V\u00eatements intemporels et raffin\u00e9s pour b\u00e9b\u00e9s et enfants","publisher":{"@id":"https:\/\/voyagedelabaleine.fr\/en\/#organization"},"potentialAction":[{"@type":"SearchAction","target":{"@type":"EntryPoint","urlTemplate":"https:\/\/voyagedelabaleine.fr\/en\/?s={search_term_string}"},"query-input":{"@type":"PropertyValueSpecification","valueRequired":true,"valueName":"search_term_string"}}],"inLanguage":"en-US"},{"@type":"Organization","@id":"https:\/\/voyagedelabaleine.fr\/en\/#organization","name":"Voyage de la Baleine","url":"https:\/\/voyagedelabaleine.fr\/en\/","logo":{"@type":"ImageObject","inLanguage":"en-US","@id":"https:\/\/voyagedelabaleine.fr\/en\/#\/schema\/logo\/image\/","url":"https:\/\/voyagedelabaleine.fr\/wp-content\/uploads\/2025\/06\/logo.webp","contentUrl":"https:\/\/voyagedelabaleine.fr\/wp-content\/uploads\/2025\/06\/logo.webp","width":153,"height":64,"caption":"Voyage de la Baleine"},"image":{"@id":"https:\/\/voyagedelabaleine.fr\/en\/#\/schema\/logo\/image\/"},"sameAs":["https:\/\/www.facebook.com\/voyagedelabaleine\/","https:\/\/www.instagram.com\/voyagedelabaleine\/","https:\/\/www.pinterest.fr\/Voyagedelabaleine\/"]}]}},"_links":{"self":[{"href":"https:\/\/voyagedelabaleine.fr\/en\/wp-json\/wp\/v2\/product\/27705","targetHints":{"allow":["GET"]}}],"collection":[{"href":"https:\/\/voyagedelabaleine.fr\/en\/wp-json\/wp\/v2\/product"}],"about":[{"href":"https:\/\/voyagedelabaleine.fr\/en\/wp-json\/wp\/v2\/types\/product"}],"replies":[{"embeddable":true,"href":"https:\/\/voyagedelabaleine.fr\/en\/wp-json\/wp\/v2\/comments?post=27705"}],"wp:featuredmedia":[{"embeddable":true,"href":"https:\/\/voyagedelabaleine.fr\/en\/wp-json\/wp\/v2\/media\/19805"}],"wp:attachment":[{"href":"https:\/\/voyagedelabaleine.fr\/en\/wp-json\/wp\/v2\/media?parent=27705"}],"wp:term":[{"taxonomy":"product_brand","embeddable":true,"href":"https:\/\/voyagedelabaleine.fr\/en\/wp-json\/wp\/v2\/product_brand?post=27705"},{"taxonomy":"product_cat","embeddable":true,"href":"https:\/\/voyagedelabaleine.fr\/en\/wp-json\/wp\/v2\/product_cat?post=27705"},{"taxonomy":"product_tag","embeddable":true,"href":"https:\/\/voyagedelabaleine.fr\/en\/wp-json\/wp\/v2\/product_tag?post=27705"}],"curies":[{"name":"wp","href":"https:\/\/api.w.org\/{rel}","templated":true}]}}