{"id":27737,"date":"2025-08-23T13:18:57","date_gmt":"2025-08-23T11:18:57","guid":{"rendered":"https:\/\/voyagedelabaleine.fr\/product\/two-tone-knit-baby-cardigan-blue\/"},"modified":"2025-08-23T13:18:57","modified_gmt":"2025-08-23T11:18:57","slug":"two-tone-knit-baby-cardigan-blue","status":"publish","type":"product","link":"https:\/\/voyagedelabaleine.fr\/en\/product\/two-tone-knit-baby-cardigan-blue\/","title":{"rendered":"Two-Tone Knit Baby Cardigan &#8211; Blue"},"content":{"rendered":"<h3 data-start=\"331\" data-end=\"380\">Soft Everyday Elegance for Your Baby<\/h3>\n<p data-start=\"382\" data-end=\"737\">Discover our <strong data-start=\"395\" data-end=\"436\">two-tone blue knit baby cardigan<\/strong>, a timeless and refined piece that will accompany your little one&#8217;s days with softness and comfort. Crafted from a <strong data-start=\"570\" data-end=\"620\">quality knit with a touch of cashmere<\/strong>, this V-neck cardigan is the ideal companion to dress your baby with simplicity and elegance, for all seasons. <\/p>\n<h3 data-start=\"739\" data-end=\"797\">A Soft and Breathable Knit for Baby&#8217;s Comfort<\/h3>\n<p data-start=\"799\" data-end=\"1204\">Composed of <strong data-start=\"810\" data-end=\"872\">40% wool, 30% viscose, 20% polyamide, and 10% cashmere<\/strong>, this cardigan offers a soft and pleasant texture against the skin, while keeping baby warm without overheating. Its delicate knit ensures a good fit, a supple drape, and optimal comfort throughout the day, for playtime, walks, or cozy moments at home. <\/p>\n<h3 data-start=\"1206\" data-end=\"1246\">Refined Details and Contrasting Colors<\/h3>\n<p data-start=\"1248\" data-end=\"1623\">This cardigan stands out with its <strong data-start=\"1281\" data-end=\"1310\">subtle two-tone details<\/strong>, which add a touch of modernity while remaining easy to match with baby&#8217;s wardrobe. Its <strong data-start=\"1412\" data-end=\"1429\">elegant V-neck<\/strong> highlights the collars of your bodysuits or shirts, while its <strong data-start=\"1493\" data-end=\"1540\">full-length button closure<\/strong> makes dressing simple and quick, a boon for busy parents. <\/p>\n<h3 data-start=\"1625\" data-end=\"1666\">Quality Craftsmanship from Portugal<\/h3>\n<p data-start=\"1668\" data-end=\"1969\">Made in Portugal, this cardigan reflects the <strong data-start=\"1713\" data-end=\"1756\">expertise and attention to detail<\/strong> that are the signature of <strong data-start=\"1782\" data-end=\"1806\">Voyage de la Baleine<\/strong>. Every button, every seam, and every finish is designed to guarantee a durable, easy-care piece that retains its softness wash after wash. <\/p>\n<h3 data-start=\"1971\" data-end=\"2019\">A Refined Essential, Easily Coordinated<\/h3>\n<p data-start=\"2021\" data-end=\"2404\">Thanks to its elegant blue color and delicate contrasts, this cardigan easily pairs with corduroy trousers, wool bloomers, or a collared bodysuit to create an elegant and comfortable outfit. It will be perfect for a park outing, a family visit, or as a soft outfit to accompany your baby&#8217;s first steps, all while maintaining a neat style. <\/p>\n<p data-start=\"2411\" data-end=\"2647\"><em>Offer your baby a <strong data-start=\"2435\" data-end=\"2480\">practical, soft, and charming piece<\/strong> that will elegantly accompany them through all moments of their daily life, while cultivating the poetry and timelessness that are at the heart of <strong data-start=\"2622\" data-end=\"2646\">Voyage de la Baleine<\/strong>.<\/em><\/p>\n<p data-start=\"2411\" data-end=\"2647\">Made in Portugal.<\/p>\n","protected":false},"excerpt":{"rendered":"<ul>\n<li>V-neck<\/li>\n<li>Closed with a button placket<\/li>\n<li>40% wool, 30% viscose, 20% polyamide, 10% cashmere<\/li>\n<li>Made in Portugal<br \/>\n<em>This cardigan fits true to size. Choose your usual size.<\/em><\/li>\n<\/ul>\n","protected":false},"featured_media":19837,"comment_status":"open","ping_status":"closed","template":"","meta":{"ocean_post_layout":"","ocean_both_sidebars_style":"","ocean_both_sidebars_content_width":0,"ocean_both_sidebars_sidebars_width":0,"ocean_sidebar":"0","ocean_second_sidebar":"0","ocean_disable_margins":"enable","ocean_add_body_class":"","ocean_shortcode_before_top_bar":"","ocean_shortcode_after_top_bar":"","ocean_shortcode_before_header":"","ocean_shortcode_after_header":"","ocean_has_shortcode":"","ocean_shortcode_after_title":"","ocean_shortcode_before_footer_widgets":"","ocean_shortcode_after_footer_widgets":"","ocean_shortcode_before_footer_bottom":"","ocean_shortcode_after_footer_bottom":"","ocean_display_top_bar":"default","ocean_display_header":"default","ocean_header_style":"","ocean_center_header_left_menu":"0","ocean_custom_header_template":"0","ocean_custom_logo":0,"ocean_custom_retina_logo":0,"ocean_custom_logo_max_width":0,"ocean_custom_logo_tablet_max_width":0,"ocean_custom_logo_mobile_max_width":0,"ocean_custom_logo_max_height":0,"ocean_custom_logo_tablet_max_height":0,"ocean_custom_logo_mobile_max_height":0,"ocean_header_custom_menu":"0","ocean_menu_typo_font_family":"0","ocean_menu_typo_font_subset":"","ocean_menu_typo_font_size":0,"ocean_menu_typo_font_size_tablet":0,"ocean_menu_typo_font_size_mobile":0,"ocean_menu_typo_font_size_unit":"px","ocean_menu_typo_font_weight":"","ocean_menu_typo_font_weight_tablet":"","ocean_menu_typo_font_weight_mobile":"","ocean_menu_typo_transform":"","ocean_menu_typo_transform_tablet":"","ocean_menu_typo_transform_mobile":"","ocean_menu_typo_line_height":0,"ocean_menu_typo_line_height_tablet":0,"ocean_menu_typo_line_height_mobile":0,"ocean_menu_typo_line_height_unit":"","ocean_menu_typo_spacing":0,"ocean_menu_typo_spacing_tablet":0,"ocean_menu_typo_spacing_mobile":0,"ocean_menu_typo_spacing_unit":"","ocean_menu_link_color":"","ocean_menu_link_color_hover":"","ocean_menu_link_color_active":"","ocean_menu_link_background":"","ocean_menu_link_hover_background":"","ocean_menu_link_active_background":"","ocean_menu_social_links_bg":"","ocean_menu_social_hover_links_bg":"","ocean_menu_social_links_color":"","ocean_menu_social_hover_links_color":"","ocean_disable_title":"default","ocean_disable_heading":"default","ocean_post_title":"","ocean_post_subheading":"","ocean_post_title_style":"","ocean_post_title_background_color":"","ocean_post_title_background":0,"ocean_post_title_bg_image_position":"","ocean_post_title_bg_image_attachment":"","ocean_post_title_bg_image_repeat":"","ocean_post_title_bg_image_size":"","ocean_post_title_height":0,"ocean_post_title_bg_overlay":0.5,"ocean_post_title_bg_overlay_color":"","ocean_disable_breadcrumbs":"default","ocean_breadcrumbs_color":"","ocean_breadcrumbs_separator_color":"","ocean_breadcrumbs_links_color":"","ocean_breadcrumbs_links_hover_color":"","ocean_display_footer_widgets":"default","ocean_display_footer_bottom":"default","ocean_custom_footer_template":"0","osh_disable_topbar_sticky":"default","osh_disable_header_sticky":"default","osh_sticky_header_style":"default","osh_sticky_header_effect":"","osh_custom_sticky_logo":0,"osh_custom_retina_sticky_logo":0,"osh_custom_sticky_logo_height":0,"osh_background_color":"","osh_links_color":"","osh_links_hover_color":"","osh_links_active_color":"","osh_links_bg_color":"","osh_links_hover_bg_color":"","osh_links_active_bg_color":"","osh_menu_social_links_color":"","osh_menu_social_hover_links_color":""},"product_brand":[],"product_cat":[6633,6620,6644,6668,6714,6677,6718,6658,6706,6695],"product_tag":[],"class_list":{"0":"post-27737","1":"product","2":"type-product","3":"status-publish","4":"has-post-thumbnail","6":"product_cat-baby-boy-sweater-vest-cardigan","7":"product_cat-baby-girl-sweater-vest-cardigan","8":"product_cat-baby-sweater-vest-cardigan","9":"product_cat-boy-sweater-vest-cardigan","10":"product_cat-chatgpt-a-dit-newborn-sweaters-cardigans-and-vests","11":"product_cat-child-sweater-vest-cardigan","12":"product_cat-clothing","13":"product_cat-girl-sweater-vest-cardigan","14":"product_cat-newborn-boy-sweaters-cardigans-knitwear","15":"product_cat-newborn-girl-sweaters-cardigans-knitwear","17":"entry","18":"has-media","20":"first","21":"instock","22":"taxable","23":"shipping-taxable","24":"purchasable","25":"product-type-variable","26":"has-default-attributes","27":"col","28":"span_1_of_3","29":"owp-content-center","30":"owp-thumbs-layout-vertical","31":"owp-btn-big","32":"owp-tabs-layout-vertical","33":"circle-sale"},"yoast_head":"<!-- This site is optimized with the Yoast SEO plugin v27.1.1 - https:\/\/yoast.com\/product\/yoast-seo-wordpress\/ -->\n<title>Two-Tone Knit Baby Cardigan - Blue - Voyage de la Baleine<\/title>\n<meta name=\"description\" content=\"Discover our two-tone blue knit baby cardigan, a timeless and refined piece that will gently accompany your little one&#039;s days.\" \/>\n<meta name=\"robots\" content=\"index, follow, max-snippet:-1, max-image-preview:large, max-video-preview:-1\" \/>\n<link rel=\"canonical\" href=\"https:\/\/voyagedelabaleine.fr\/en\/product\/two-tone-knit-baby-cardigan-blue\/\" \/>\n<meta property=\"og:locale\" content=\"en_US\" \/>\n<meta property=\"og:type\" content=\"article\" \/>\n<meta property=\"og:title\" content=\"Two-Tone Knit Baby Cardigan - Blue - Voyage de la Baleine\" \/>\n<meta property=\"og:description\" content=\"Discover our two-tone blue knit baby cardigan, a timeless and refined piece that will gently accompany your little one&#039;s days.\" \/>\n<meta property=\"og:url\" content=\"https:\/\/voyagedelabaleine.fr\/en\/product\/two-tone-knit-baby-cardigan-blue\/\" \/>\n<meta property=\"og:site_name\" content=\"Voyage de la Baleine\" \/>\n<meta property=\"article:publisher\" content=\"https:\/\/www.facebook.com\/voyagedelabaleine\/\" \/>\n<meta property=\"og:image\" content=\"https:\/\/voyagedelabaleine.fr\/wp-content\/uploads\/2025\/07\/cardigan-bebe-maille-bleu.jpg\" \/>\n\t<meta property=\"og:image:width\" content=\"1100\" \/>\n\t<meta property=\"og:image:height\" content=\"1467\" \/>\n\t<meta property=\"og:image:type\" content=\"image\/jpeg\" \/>\n<meta name=\"twitter:card\" content=\"summary_large_image\" \/>\n<meta name=\"twitter:label1\" content=\"Est. reading time\" \/>\n\t<meta name=\"twitter:data1\" content=\"2 minutes\" \/>\n<script type=\"application\/ld+json\" class=\"yoast-schema-graph\">{\"@context\":\"https:\/\/schema.org\",\"@graph\":[{\"@type\":\"WebPage\",\"@id\":\"https:\/\/voyagedelabaleine.fr\/en\/product\/two-tone-knit-baby-cardigan-blue\/\",\"url\":\"https:\/\/voyagedelabaleine.fr\/en\/product\/two-tone-knit-baby-cardigan-blue\/\",\"name\":\"Two-Tone Knit Baby Cardigan - Blue - Voyage de la Baleine\",\"isPartOf\":{\"@id\":\"https:\/\/voyagedelabaleine.fr\/en\/#website\"},\"primaryImageOfPage\":{\"@id\":\"https:\/\/voyagedelabaleine.fr\/en\/product\/two-tone-knit-baby-cardigan-blue\/#primaryimage\"},\"image\":{\"@id\":\"https:\/\/voyagedelabaleine.fr\/en\/product\/two-tone-knit-baby-cardigan-blue\/#primaryimage\"},\"thumbnailUrl\":\"https:\/\/voyagedelabaleine.fr\/wp-content\/uploads\/2025\/07\/cardigan-bebe-maille-bleu.jpg\",\"datePublished\":\"2025-08-23T11:18:57+00:00\",\"description\":\"Discover our two-tone blue knit baby cardigan, a timeless and refined piece that will gently accompany your little one's days.\",\"breadcrumb\":{\"@id\":\"https:\/\/voyagedelabaleine.fr\/en\/product\/two-tone-knit-baby-cardigan-blue\/#breadcrumb\"},\"inLanguage\":\"en-US\",\"potentialAction\":[{\"@type\":\"ReadAction\",\"target\":[\"https:\/\/voyagedelabaleine.fr\/en\/product\/two-tone-knit-baby-cardigan-blue\/\"]}]},{\"@type\":\"ImageObject\",\"inLanguage\":\"en-US\",\"@id\":\"https:\/\/voyagedelabaleine.fr\/en\/product\/two-tone-knit-baby-cardigan-blue\/#primaryimage\",\"url\":\"https:\/\/voyagedelabaleine.fr\/wp-content\/uploads\/2025\/07\/cardigan-bebe-maille-bleu.jpg\",\"contentUrl\":\"https:\/\/voyagedelabaleine.fr\/wp-content\/uploads\/2025\/07\/cardigan-bebe-maille-bleu.jpg\",\"width\":1100,\"height\":1467,\"caption\":\"Cardigan b\u00e9b\u00e9 bicolore en maille bleu \u00e0 encolure en V\"},{\"@type\":\"BreadcrumbList\",\"@id\":\"https:\/\/voyagedelabaleine.fr\/en\/product\/two-tone-knit-baby-cardigan-blue\/#breadcrumb\",\"itemListElement\":[{\"@type\":\"ListItem\",\"position\":1,\"name\":\"Accueil\",\"item\":\"https:\/\/voyagedelabaleine.fr\/en\/timeless-refined-clothing-babies-children\/\"},{\"@type\":\"ListItem\",\"position\":2,\"name\":\"All collection\",\"item\":\"https:\/\/voyagedelabaleine.fr\/en\/shop\/\"},{\"@type\":\"ListItem\",\"position\":3,\"name\":\"Two-Tone Knit Baby Cardigan &#8211; Blue\"}]},{\"@type\":\"WebSite\",\"@id\":\"https:\/\/voyagedelabaleine.fr\/en\/#website\",\"url\":\"https:\/\/voyagedelabaleine.fr\/en\/\",\"name\":\"Voyage de la Baleine\",\"description\":\"V\u00eatements intemporels et raffin\u00e9s pour b\u00e9b\u00e9s et enfants\",\"publisher\":{\"@id\":\"https:\/\/voyagedelabaleine.fr\/en\/#organization\"},\"potentialAction\":[{\"@type\":\"SearchAction\",\"target\":{\"@type\":\"EntryPoint\",\"urlTemplate\":\"https:\/\/voyagedelabaleine.fr\/en\/?s={search_term_string}\"},\"query-input\":{\"@type\":\"PropertyValueSpecification\",\"valueRequired\":true,\"valueName\":\"search_term_string\"}}],\"inLanguage\":\"en-US\"},{\"@type\":\"Organization\",\"@id\":\"https:\/\/voyagedelabaleine.fr\/en\/#organization\",\"name\":\"Voyage de la Baleine\",\"url\":\"https:\/\/voyagedelabaleine.fr\/en\/\",\"logo\":{\"@type\":\"ImageObject\",\"inLanguage\":\"en-US\",\"@id\":\"https:\/\/voyagedelabaleine.fr\/en\/#\/schema\/logo\/image\/\",\"url\":\"https:\/\/voyagedelabaleine.fr\/wp-content\/uploads\/2025\/06\/logo.webp\",\"contentUrl\":\"https:\/\/voyagedelabaleine.fr\/wp-content\/uploads\/2025\/06\/logo.webp\",\"width\":153,\"height\":64,\"caption\":\"Voyage de la Baleine\"},\"image\":{\"@id\":\"https:\/\/voyagedelabaleine.fr\/en\/#\/schema\/logo\/image\/\"},\"sameAs\":[\"https:\/\/www.facebook.com\/voyagedelabaleine\/\",\"https:\/\/www.instagram.com\/voyagedelabaleine\/\",\"https:\/\/www.pinterest.fr\/Voyagedelabaleine\/\"]}]}<\/script>\n<!-- \/ Yoast SEO plugin. -->","yoast_head_json":{"title":"Two-Tone Knit Baby Cardigan - Blue - Voyage de la Baleine","description":"Discover our two-tone blue knit baby cardigan, a timeless and refined piece that will gently accompany your little one's days.","robots":{"index":"index","follow":"follow","max-snippet":"max-snippet:-1","max-image-preview":"max-image-preview:large","max-video-preview":"max-video-preview:-1"},"canonical":"https:\/\/voyagedelabaleine.fr\/en\/product\/two-tone-knit-baby-cardigan-blue\/","og_locale":"en_US","og_type":"article","og_title":"Two-Tone Knit Baby Cardigan - Blue - Voyage de la Baleine","og_description":"Discover our two-tone blue knit baby cardigan, a timeless and refined piece that will gently accompany your little one's days.","og_url":"https:\/\/voyagedelabaleine.fr\/en\/product\/two-tone-knit-baby-cardigan-blue\/","og_site_name":"Voyage de la Baleine","article_publisher":"https:\/\/www.facebook.com\/voyagedelabaleine\/","og_image":[{"width":1100,"height":1467,"url":"https:\/\/voyagedelabaleine.fr\/wp-content\/uploads\/2025\/07\/cardigan-bebe-maille-bleu.jpg","type":"image\/jpeg"}],"twitter_card":"summary_large_image","twitter_misc":{"Est. reading time":"2 minutes"},"schema":{"@context":"https:\/\/schema.org","@graph":[{"@type":"WebPage","@id":"https:\/\/voyagedelabaleine.fr\/en\/product\/two-tone-knit-baby-cardigan-blue\/","url":"https:\/\/voyagedelabaleine.fr\/en\/product\/two-tone-knit-baby-cardigan-blue\/","name":"Two-Tone Knit Baby Cardigan - Blue - Voyage de la Baleine","isPartOf":{"@id":"https:\/\/voyagedelabaleine.fr\/en\/#website"},"primaryImageOfPage":{"@id":"https:\/\/voyagedelabaleine.fr\/en\/product\/two-tone-knit-baby-cardigan-blue\/#primaryimage"},"image":{"@id":"https:\/\/voyagedelabaleine.fr\/en\/product\/two-tone-knit-baby-cardigan-blue\/#primaryimage"},"thumbnailUrl":"https:\/\/voyagedelabaleine.fr\/wp-content\/uploads\/2025\/07\/cardigan-bebe-maille-bleu.jpg","datePublished":"2025-08-23T11:18:57+00:00","description":"Discover our two-tone blue knit baby cardigan, a timeless and refined piece that will gently accompany your little one's days.","breadcrumb":{"@id":"https:\/\/voyagedelabaleine.fr\/en\/product\/two-tone-knit-baby-cardigan-blue\/#breadcrumb"},"inLanguage":"en-US","potentialAction":[{"@type":"ReadAction","target":["https:\/\/voyagedelabaleine.fr\/en\/product\/two-tone-knit-baby-cardigan-blue\/"]}]},{"@type":"ImageObject","inLanguage":"en-US","@id":"https:\/\/voyagedelabaleine.fr\/en\/product\/two-tone-knit-baby-cardigan-blue\/#primaryimage","url":"https:\/\/voyagedelabaleine.fr\/wp-content\/uploads\/2025\/07\/cardigan-bebe-maille-bleu.jpg","contentUrl":"https:\/\/voyagedelabaleine.fr\/wp-content\/uploads\/2025\/07\/cardigan-bebe-maille-bleu.jpg","width":1100,"height":1467,"caption":"Cardigan b\u00e9b\u00e9 bicolore en maille bleu \u00e0 encolure en V"},{"@type":"BreadcrumbList","@id":"https:\/\/voyagedelabaleine.fr\/en\/product\/two-tone-knit-baby-cardigan-blue\/#breadcrumb","itemListElement":[{"@type":"ListItem","position":1,"name":"Accueil","item":"https:\/\/voyagedelabaleine.fr\/en\/timeless-refined-clothing-babies-children\/"},{"@type":"ListItem","position":2,"name":"All collection","item":"https:\/\/voyagedelabaleine.fr\/en\/shop\/"},{"@type":"ListItem","position":3,"name":"Two-Tone Knit Baby Cardigan &#8211; Blue"}]},{"@type":"WebSite","@id":"https:\/\/voyagedelabaleine.fr\/en\/#website","url":"https:\/\/voyagedelabaleine.fr\/en\/","name":"Voyage de la Baleine","description":"V\u00eatements intemporels et raffin\u00e9s pour b\u00e9b\u00e9s et enfants","publisher":{"@id":"https:\/\/voyagedelabaleine.fr\/en\/#organization"},"potentialAction":[{"@type":"SearchAction","target":{"@type":"EntryPoint","urlTemplate":"https:\/\/voyagedelabaleine.fr\/en\/?s={search_term_string}"},"query-input":{"@type":"PropertyValueSpecification","valueRequired":true,"valueName":"search_term_string"}}],"inLanguage":"en-US"},{"@type":"Organization","@id":"https:\/\/voyagedelabaleine.fr\/en\/#organization","name":"Voyage de la Baleine","url":"https:\/\/voyagedelabaleine.fr\/en\/","logo":{"@type":"ImageObject","inLanguage":"en-US","@id":"https:\/\/voyagedelabaleine.fr\/en\/#\/schema\/logo\/image\/","url":"https:\/\/voyagedelabaleine.fr\/wp-content\/uploads\/2025\/06\/logo.webp","contentUrl":"https:\/\/voyagedelabaleine.fr\/wp-content\/uploads\/2025\/06\/logo.webp","width":153,"height":64,"caption":"Voyage de la Baleine"},"image":{"@id":"https:\/\/voyagedelabaleine.fr\/en\/#\/schema\/logo\/image\/"},"sameAs":["https:\/\/www.facebook.com\/voyagedelabaleine\/","https:\/\/www.instagram.com\/voyagedelabaleine\/","https:\/\/www.pinterest.fr\/Voyagedelabaleine\/"]}]}},"_links":{"self":[{"href":"https:\/\/voyagedelabaleine.fr\/en\/wp-json\/wp\/v2\/product\/27737","targetHints":{"allow":["GET"]}}],"collection":[{"href":"https:\/\/voyagedelabaleine.fr\/en\/wp-json\/wp\/v2\/product"}],"about":[{"href":"https:\/\/voyagedelabaleine.fr\/en\/wp-json\/wp\/v2\/types\/product"}],"replies":[{"embeddable":true,"href":"https:\/\/voyagedelabaleine.fr\/en\/wp-json\/wp\/v2\/comments?post=27737"}],"wp:featuredmedia":[{"embeddable":true,"href":"https:\/\/voyagedelabaleine.fr\/en\/wp-json\/wp\/v2\/media\/19837"}],"wp:attachment":[{"href":"https:\/\/voyagedelabaleine.fr\/en\/wp-json\/wp\/v2\/media?parent=27737"}],"wp:term":[{"taxonomy":"product_brand","embeddable":true,"href":"https:\/\/voyagedelabaleine.fr\/en\/wp-json\/wp\/v2\/product_brand?post=27737"},{"taxonomy":"product_cat","embeddable":true,"href":"https:\/\/voyagedelabaleine.fr\/en\/wp-json\/wp\/v2\/product_cat?post=27737"},{"taxonomy":"product_tag","embeddable":true,"href":"https:\/\/voyagedelabaleine.fr\/en\/wp-json\/wp\/v2\/product_tag?post=27737"}],"curies":[{"name":"wp","href":"https:\/\/api.w.org\/{rel}","templated":true}]}}