{"id":39236,"date":"2026-02-19T21:24:52","date_gmt":"2026-02-19T20:24:52","guid":{"rendered":"https:\/\/voyagedelabaleine.fr\/product\/mimosa-baby-girl-bloomers-white\/"},"modified":"2026-02-19T21:24:52","modified_gmt":"2026-02-19T20:24:52","slug":"mimosa-baby-girl-bloomers-white","status":"publish","type":"product","link":"https:\/\/voyagedelabaleine.fr\/en\/product\/mimosa-baby-girl-bloomers-white\/","title":{"rendered":"Mimosa baby girl bloomers &#8211; White"},"content":{"rendered":"<h3 data-section-id=\"1a6ihe9\" data-start=\"195\" data-end=\"229\">A touch of sunshine for baby<\/h3>\n<p data-start=\"231\" data-end=\"610\">Our <strong data-start=\"234\" data-end=\"271\">mimosa baby girl bloomers \u2013 White<\/strong> bring freshness and cheer to baby\u2019s summer outfits. The <strong data-start=\"334\" data-end=\"378\">pattern of small yellow mimosa flowers<\/strong> delicately brightens the white fabric, creating a joyful, spring-like look. These bloomers quickly become a must-have for creating light, colourful outfits for first strolls or sunny days.  <\/p>\n<h3 data-section-id=\"ud8njc\" data-start=\"612\" data-end=\"650\">A comfortable, adjustable fit<\/h3>\n<p data-start=\"652\" data-end=\"1052\">Designed for little ones\u2019 comfort, these bloomers feature an <strong data-start=\"716\" data-end=\"752\">elasticated waist and thighs<\/strong> for a perfect fit without feeling tight. Baby can move freely, explore and play without restriction, while the bloomers stay in place all day long. The generous, softly gathered cut creates a light, charming silhouette, ideal for babies.  <\/p>\n<h3 data-section-id=\"1va9r1f\" data-start=\"1054\" data-end=\"1088\">A Soft and Natural Material<\/h3>\n<p data-start=\"1090\" data-end=\"1349\">Made from <strong data-start=\"1106\" data-end=\"1121\">100% cotton<\/strong>, these bloomers feel soft against the skin, light and breathable. The natural fabric helps baby stay comfortable, even in warm weather, while keeping the cotton\u2019s softness and the motifs\u2019 brightness wash after wash. <\/p>\n<p data-start=\"1351\" data-end=\"1483\">This fabric also offers excellent durability, allowing these bloomers to remain a staple in baby\u2019s wardrobe season after season.<\/p>\n<h3 data-section-id=\"58lto5\" data-start=\"1485\" data-end=\"1518\">An Easy-to-Match Garment<\/h3>\n<p data-start=\"1520\" data-end=\"1801\">The <strong data-start=\"1523\" data-end=\"1541\">mimosa bloomers<\/strong> pair perfectly with white or yellow blouses, little bodysuits or light cardigans. Their bright, cheerful pattern makes it easy to create poetic, fresh outfits\u2014perfect for strolls and outdoor play. <\/p>\n<h3 data-section-id=\"1y6e4xw\" data-start=\"1941\" data-end=\"1978\">A summer wardrobe essential<\/h3>\n<p data-start=\"1980\" data-end=\"2237\">The <strong data-start=\"1983\" data-end=\"2020\">mimosa baby girl bloomers \u2013 White<\/strong> are more than just clothing: they combine <strong data-start=\"2080\" data-end=\"2114\">elegance, comfort and practicality<\/strong>. The delicate pattern, thoughtful cut and soft fabric make them a must-have for little ones\u2019 summer wardrobe. <\/p>\n<p data-start=\"2239\" data-end=\"2417\">They reflect the poetic, refined world of <em data-start=\"2283\" data-end=\"2305\">Voyage de la Baleine<\/em>, adding a bright, joyful touch to every outfit\u2014ideal for welcoming baby with style and softness.<\/p>\n<p data-start=\"2239\" data-end=\"2417\">Made in Spain.<\/p>\n","protected":false},"excerpt":{"rendered":"<ul>\n<li>Elasticated waist<\/li>\n<li>Puffed Design<\/li>\n<li>100% cotton<\/li>\n<li>Made in Spain<br \/>\n<em>This bloomer fits true to size. Choose your usual size.<\/em><\/li>\n<\/ul>\n","protected":false},"featured_media":38227,"comment_status":"open","ping_status":"closed","template":"","meta":{"ocean_post_layout":"","ocean_both_sidebars_style":"","ocean_both_sidebars_content_width":0,"ocean_both_sidebars_sidebars_width":0,"ocean_sidebar":"0","ocean_second_sidebar":"0","ocean_disable_margins":"enable","ocean_add_body_class":"","ocean_shortcode_before_top_bar":"","ocean_shortcode_after_top_bar":"","ocean_shortcode_before_header":"","ocean_shortcode_after_header":"","ocean_has_shortcode":"","ocean_shortcode_after_title":"","ocean_shortcode_before_footer_widgets":"","ocean_shortcode_after_footer_widgets":"","ocean_shortcode_before_footer_bottom":"","ocean_shortcode_after_footer_bottom":"","ocean_display_top_bar":"default","ocean_display_header":"default","ocean_header_style":"","ocean_center_header_left_menu":"0","ocean_custom_header_template":"0","ocean_custom_logo":0,"ocean_custom_retina_logo":0,"ocean_custom_logo_max_width":0,"ocean_custom_logo_tablet_max_width":0,"ocean_custom_logo_mobile_max_width":0,"ocean_custom_logo_max_height":0,"ocean_custom_logo_tablet_max_height":0,"ocean_custom_logo_mobile_max_height":0,"ocean_header_custom_menu":"0","ocean_menu_typo_font_family":"0","ocean_menu_typo_font_subset":"","ocean_menu_typo_font_size":0,"ocean_menu_typo_font_size_tablet":0,"ocean_menu_typo_font_size_mobile":0,"ocean_menu_typo_font_size_unit":"px","ocean_menu_typo_font_weight":"","ocean_menu_typo_font_weight_tablet":"","ocean_menu_typo_font_weight_mobile":"","ocean_menu_typo_transform":"","ocean_menu_typo_transform_tablet":"","ocean_menu_typo_transform_mobile":"","ocean_menu_typo_line_height":0,"ocean_menu_typo_line_height_tablet":0,"ocean_menu_typo_line_height_mobile":0,"ocean_menu_typo_line_height_unit":"","ocean_menu_typo_spacing":0,"ocean_menu_typo_spacing_tablet":0,"ocean_menu_typo_spacing_mobile":0,"ocean_menu_typo_spacing_unit":"","ocean_menu_link_color":"","ocean_menu_link_color_hover":"","ocean_menu_link_color_active":"","ocean_menu_link_background":"","ocean_menu_link_hover_background":"","ocean_menu_link_active_background":"","ocean_menu_social_links_bg":"","ocean_menu_social_hover_links_bg":"","ocean_menu_social_links_color":"","ocean_menu_social_hover_links_color":"","ocean_disable_title":"default","ocean_disable_heading":"default","ocean_post_title":"","ocean_post_subheading":"","ocean_post_title_style":"","ocean_post_title_background_color":"","ocean_post_title_background":0,"ocean_post_title_bg_image_position":"","ocean_post_title_bg_image_attachment":"","ocean_post_title_bg_image_repeat":"","ocean_post_title_bg_image_size":"","ocean_post_title_height":0,"ocean_post_title_bg_overlay":0.5,"ocean_post_title_bg_overlay_color":"","ocean_disable_breadcrumbs":"default","ocean_breadcrumbs_color":"","ocean_breadcrumbs_separator_color":"","ocean_breadcrumbs_links_color":"","ocean_breadcrumbs_links_hover_color":"","ocean_display_footer_widgets":"default","ocean_display_footer_bottom":"default","ocean_custom_footer_template":"0","osh_disable_topbar_sticky":"default","osh_disable_header_sticky":"default","osh_sticky_header_style":"default","osh_sticky_header_effect":"","osh_custom_sticky_logo":0,"osh_custom_retina_sticky_logo":0,"osh_custom_sticky_logo_height":0,"osh_background_color":"","osh_links_color":"","osh_links_hover_color":"","osh_links_active_color":"","osh_links_bg_color":"","osh_links_hover_bg_color":"","osh_links_active_bg_color":"","osh_menu_social_links_color":"","osh_menu_social_hover_links_color":""},"product_brand":[],"product_cat":[6640,6613,6718,6711,6689],"product_tag":[],"class_list":{"0":"post-39236","1":"product","2":"type-product","3":"status-publish","4":"has-post-thumbnail","6":"product_cat-baby-bloomer-shorts-trousers","7":"product_cat-baby-girl-bloomer-shorts-trousers","8":"product_cat-clothing","9":"product_cat-newborn-bloomer-shorts-and-pants","10":"product_cat-newborn-girl-bloomers-shorts-pants","12":"entry","13":"has-media","15":"first","16":"instock","17":"taxable","18":"shipping-taxable","19":"purchasable","20":"product-type-variable","21":"has-default-attributes","22":"col","23":"span_1_of_3","24":"owp-content-center","25":"owp-thumbs-layout-vertical","26":"owp-btn-big","27":"owp-tabs-layout-vertical","28":"circle-sale"},"yoast_head":"<!-- This site is optimized with the Yoast SEO plugin v27.1.1 - https:\/\/yoast.com\/product\/yoast-seo-wordpress\/ -->\n<title>Mimosa baby girl bloomers - White - Voyage de la Baleine<\/title>\n<meta name=\"description\" content=\"Our mimosa baby girl bloomers \u2013 White bring freshness and cheer to baby\u2019s summer outfits. Made in Spain. 100% cotton.\" \/>\n<meta name=\"robots\" content=\"index, follow, max-snippet:-1, max-image-preview:large, max-video-preview:-1\" \/>\n<link rel=\"canonical\" href=\"https:\/\/voyagedelabaleine.fr\/en\/product\/mimosa-baby-girl-bloomers-white\/\" \/>\n<meta property=\"og:locale\" content=\"en_US\" \/>\n<meta property=\"og:type\" content=\"article\" \/>\n<meta property=\"og:title\" content=\"Mimosa baby girl bloomers - White - Voyage de la Baleine\" \/>\n<meta property=\"og:description\" content=\"Our mimosa baby girl bloomers \u2013 White bring freshness and cheer to baby\u2019s summer outfits. Made in Spain. 100% cotton.\" \/>\n<meta property=\"og:url\" content=\"https:\/\/voyagedelabaleine.fr\/en\/product\/mimosa-baby-girl-bloomers-white\/\" \/>\n<meta property=\"og:site_name\" content=\"Voyage de la Baleine\" \/>\n<meta property=\"article:publisher\" content=\"https:\/\/www.facebook.com\/voyagedelabaleine\/\" \/>\n<meta property=\"og:image\" content=\"https:\/\/voyagedelabaleine.fr\/wp-content\/uploads\/2026\/02\/bloomer-bebe-fille-mimosa.jpg\" \/>\n\t<meta property=\"og:image:width\" content=\"1289\" \/>\n\t<meta property=\"og:image:height\" content=\"1719\" \/>\n\t<meta property=\"og:image:type\" content=\"image\/jpeg\" \/>\n<meta name=\"twitter:card\" content=\"summary_large_image\" \/>\n<meta name=\"twitter:label1\" content=\"Est. reading time\" \/>\n\t<meta name=\"twitter:data1\" content=\"1 minute\" \/>\n<script type=\"application\/ld+json\" class=\"yoast-schema-graph\">{\"@context\":\"https:\/\/schema.org\",\"@graph\":[{\"@type\":\"WebPage\",\"@id\":\"https:\/\/voyagedelabaleine.fr\/en\/product\/mimosa-baby-girl-bloomers-white\/\",\"url\":\"https:\/\/voyagedelabaleine.fr\/en\/product\/mimosa-baby-girl-bloomers-white\/\",\"name\":\"Mimosa baby girl bloomers - White - Voyage de la Baleine\",\"isPartOf\":{\"@id\":\"https:\/\/voyagedelabaleine.fr\/en\/#website\"},\"primaryImageOfPage\":{\"@id\":\"https:\/\/voyagedelabaleine.fr\/en\/product\/mimosa-baby-girl-bloomers-white\/#primaryimage\"},\"image\":{\"@id\":\"https:\/\/voyagedelabaleine.fr\/en\/product\/mimosa-baby-girl-bloomers-white\/#primaryimage\"},\"thumbnailUrl\":\"https:\/\/voyagedelabaleine.fr\/wp-content\/uploads\/2026\/02\/bloomer-bebe-fille-mimosa.jpg\",\"datePublished\":\"2026-02-19T20:24:52+00:00\",\"description\":\"Our mimosa baby girl bloomers \u2013 White bring freshness and cheer to baby\u2019s summer outfits. Made in Spain. 100% cotton.\",\"breadcrumb\":{\"@id\":\"https:\/\/voyagedelabaleine.fr\/en\/product\/mimosa-baby-girl-bloomers-white\/#breadcrumb\"},\"inLanguage\":\"en-US\",\"potentialAction\":[{\"@type\":\"ReadAction\",\"target\":[\"https:\/\/voyagedelabaleine.fr\/en\/product\/mimosa-baby-girl-bloomers-white\/\"]}]},{\"@type\":\"ImageObject\",\"inLanguage\":\"en-US\",\"@id\":\"https:\/\/voyagedelabaleine.fr\/en\/product\/mimosa-baby-girl-bloomers-white\/#primaryimage\",\"url\":\"https:\/\/voyagedelabaleine.fr\/wp-content\/uploads\/2026\/02\/bloomer-bebe-fille-mimosa.jpg\",\"contentUrl\":\"https:\/\/voyagedelabaleine.fr\/wp-content\/uploads\/2026\/02\/bloomer-bebe-fille-mimosa.jpg\",\"width\":1289,\"height\":1719,\"caption\":\"Bloomer b\u00e9b\u00e9 fille \u00e0 motif de petites fleurs de mimosa jaunes sur fond blanc\"},{\"@type\":\"BreadcrumbList\",\"@id\":\"https:\/\/voyagedelabaleine.fr\/en\/product\/mimosa-baby-girl-bloomers-white\/#breadcrumb\",\"itemListElement\":[{\"@type\":\"ListItem\",\"position\":1,\"name\":\"Accueil\",\"item\":\"https:\/\/voyagedelabaleine.fr\/en\/timeless-refined-clothing-babies-children\/\"},{\"@type\":\"ListItem\",\"position\":2,\"name\":\"All collection\",\"item\":\"https:\/\/voyagedelabaleine.fr\/en\/shop\/\"},{\"@type\":\"ListItem\",\"position\":3,\"name\":\"Mimosa baby girl bloomers &#8211; White\"}]},{\"@type\":\"WebSite\",\"@id\":\"https:\/\/voyagedelabaleine.fr\/en\/#website\",\"url\":\"https:\/\/voyagedelabaleine.fr\/en\/\",\"name\":\"Voyage de la Baleine\",\"description\":\"V\u00eatements intemporels et raffin\u00e9s pour b\u00e9b\u00e9s et enfants\",\"publisher\":{\"@id\":\"https:\/\/voyagedelabaleine.fr\/en\/#organization\"},\"potentialAction\":[{\"@type\":\"SearchAction\",\"target\":{\"@type\":\"EntryPoint\",\"urlTemplate\":\"https:\/\/voyagedelabaleine.fr\/en\/?s={search_term_string}\"},\"query-input\":{\"@type\":\"PropertyValueSpecification\",\"valueRequired\":true,\"valueName\":\"search_term_string\"}}],\"inLanguage\":\"en-US\"},{\"@type\":\"Organization\",\"@id\":\"https:\/\/voyagedelabaleine.fr\/en\/#organization\",\"name\":\"Voyage de la Baleine\",\"url\":\"https:\/\/voyagedelabaleine.fr\/en\/\",\"logo\":{\"@type\":\"ImageObject\",\"inLanguage\":\"en-US\",\"@id\":\"https:\/\/voyagedelabaleine.fr\/en\/#\/schema\/logo\/image\/\",\"url\":\"https:\/\/voyagedelabaleine.fr\/wp-content\/uploads\/2025\/06\/logo.webp\",\"contentUrl\":\"https:\/\/voyagedelabaleine.fr\/wp-content\/uploads\/2025\/06\/logo.webp\",\"width\":153,\"height\":64,\"caption\":\"Voyage de la Baleine\"},\"image\":{\"@id\":\"https:\/\/voyagedelabaleine.fr\/en\/#\/schema\/logo\/image\/\"},\"sameAs\":[\"https:\/\/www.facebook.com\/voyagedelabaleine\/\",\"https:\/\/www.instagram.com\/voyagedelabaleine\/\",\"https:\/\/www.pinterest.fr\/Voyagedelabaleine\/\"]}]}<\/script>\n<!-- \/ Yoast SEO plugin. -->","yoast_head_json":{"title":"Mimosa baby girl bloomers - White - Voyage de la Baleine","description":"Our mimosa baby girl bloomers \u2013 White bring freshness and cheer to baby\u2019s summer outfits. Made in Spain. 100% cotton.","robots":{"index":"index","follow":"follow","max-snippet":"max-snippet:-1","max-image-preview":"max-image-preview:large","max-video-preview":"max-video-preview:-1"},"canonical":"https:\/\/voyagedelabaleine.fr\/en\/product\/mimosa-baby-girl-bloomers-white\/","og_locale":"en_US","og_type":"article","og_title":"Mimosa baby girl bloomers - White - Voyage de la Baleine","og_description":"Our mimosa baby girl bloomers \u2013 White bring freshness and cheer to baby\u2019s summer outfits. Made in Spain. 100% cotton.","og_url":"https:\/\/voyagedelabaleine.fr\/en\/product\/mimosa-baby-girl-bloomers-white\/","og_site_name":"Voyage de la Baleine","article_publisher":"https:\/\/www.facebook.com\/voyagedelabaleine\/","og_image":[{"width":1289,"height":1719,"url":"https:\/\/voyagedelabaleine.fr\/wp-content\/uploads\/2026\/02\/bloomer-bebe-fille-mimosa.jpg","type":"image\/jpeg"}],"twitter_card":"summary_large_image","twitter_misc":{"Est. reading time":"1 minute"},"schema":{"@context":"https:\/\/schema.org","@graph":[{"@type":"WebPage","@id":"https:\/\/voyagedelabaleine.fr\/en\/product\/mimosa-baby-girl-bloomers-white\/","url":"https:\/\/voyagedelabaleine.fr\/en\/product\/mimosa-baby-girl-bloomers-white\/","name":"Mimosa baby girl bloomers - White - Voyage de la Baleine","isPartOf":{"@id":"https:\/\/voyagedelabaleine.fr\/en\/#website"},"primaryImageOfPage":{"@id":"https:\/\/voyagedelabaleine.fr\/en\/product\/mimosa-baby-girl-bloomers-white\/#primaryimage"},"image":{"@id":"https:\/\/voyagedelabaleine.fr\/en\/product\/mimosa-baby-girl-bloomers-white\/#primaryimage"},"thumbnailUrl":"https:\/\/voyagedelabaleine.fr\/wp-content\/uploads\/2026\/02\/bloomer-bebe-fille-mimosa.jpg","datePublished":"2026-02-19T20:24:52+00:00","description":"Our mimosa baby girl bloomers \u2013 White bring freshness and cheer to baby\u2019s summer outfits. Made in Spain. 100% cotton.","breadcrumb":{"@id":"https:\/\/voyagedelabaleine.fr\/en\/product\/mimosa-baby-girl-bloomers-white\/#breadcrumb"},"inLanguage":"en-US","potentialAction":[{"@type":"ReadAction","target":["https:\/\/voyagedelabaleine.fr\/en\/product\/mimosa-baby-girl-bloomers-white\/"]}]},{"@type":"ImageObject","inLanguage":"en-US","@id":"https:\/\/voyagedelabaleine.fr\/en\/product\/mimosa-baby-girl-bloomers-white\/#primaryimage","url":"https:\/\/voyagedelabaleine.fr\/wp-content\/uploads\/2026\/02\/bloomer-bebe-fille-mimosa.jpg","contentUrl":"https:\/\/voyagedelabaleine.fr\/wp-content\/uploads\/2026\/02\/bloomer-bebe-fille-mimosa.jpg","width":1289,"height":1719,"caption":"Bloomer b\u00e9b\u00e9 fille \u00e0 motif de petites fleurs de mimosa jaunes sur fond blanc"},{"@type":"BreadcrumbList","@id":"https:\/\/voyagedelabaleine.fr\/en\/product\/mimosa-baby-girl-bloomers-white\/#breadcrumb","itemListElement":[{"@type":"ListItem","position":1,"name":"Accueil","item":"https:\/\/voyagedelabaleine.fr\/en\/timeless-refined-clothing-babies-children\/"},{"@type":"ListItem","position":2,"name":"All collection","item":"https:\/\/voyagedelabaleine.fr\/en\/shop\/"},{"@type":"ListItem","position":3,"name":"Mimosa baby girl bloomers &#8211; White"}]},{"@type":"WebSite","@id":"https:\/\/voyagedelabaleine.fr\/en\/#website","url":"https:\/\/voyagedelabaleine.fr\/en\/","name":"Voyage de la Baleine","description":"V\u00eatements intemporels et raffin\u00e9s pour b\u00e9b\u00e9s et enfants","publisher":{"@id":"https:\/\/voyagedelabaleine.fr\/en\/#organization"},"potentialAction":[{"@type":"SearchAction","target":{"@type":"EntryPoint","urlTemplate":"https:\/\/voyagedelabaleine.fr\/en\/?s={search_term_string}"},"query-input":{"@type":"PropertyValueSpecification","valueRequired":true,"valueName":"search_term_string"}}],"inLanguage":"en-US"},{"@type":"Organization","@id":"https:\/\/voyagedelabaleine.fr\/en\/#organization","name":"Voyage de la Baleine","url":"https:\/\/voyagedelabaleine.fr\/en\/","logo":{"@type":"ImageObject","inLanguage":"en-US","@id":"https:\/\/voyagedelabaleine.fr\/en\/#\/schema\/logo\/image\/","url":"https:\/\/voyagedelabaleine.fr\/wp-content\/uploads\/2025\/06\/logo.webp","contentUrl":"https:\/\/voyagedelabaleine.fr\/wp-content\/uploads\/2025\/06\/logo.webp","width":153,"height":64,"caption":"Voyage de la Baleine"},"image":{"@id":"https:\/\/voyagedelabaleine.fr\/en\/#\/schema\/logo\/image\/"},"sameAs":["https:\/\/www.facebook.com\/voyagedelabaleine\/","https:\/\/www.instagram.com\/voyagedelabaleine\/","https:\/\/www.pinterest.fr\/Voyagedelabaleine\/"]}]}},"_links":{"self":[{"href":"https:\/\/voyagedelabaleine.fr\/en\/wp-json\/wp\/v2\/product\/39236","targetHints":{"allow":["GET"]}}],"collection":[{"href":"https:\/\/voyagedelabaleine.fr\/en\/wp-json\/wp\/v2\/product"}],"about":[{"href":"https:\/\/voyagedelabaleine.fr\/en\/wp-json\/wp\/v2\/types\/product"}],"replies":[{"embeddable":true,"href":"https:\/\/voyagedelabaleine.fr\/en\/wp-json\/wp\/v2\/comments?post=39236"}],"wp:featuredmedia":[{"embeddable":true,"href":"https:\/\/voyagedelabaleine.fr\/en\/wp-json\/wp\/v2\/media\/38227"}],"wp:attachment":[{"href":"https:\/\/voyagedelabaleine.fr\/en\/wp-json\/wp\/v2\/media?parent=39236"}],"wp:term":[{"taxonomy":"product_brand","embeddable":true,"href":"https:\/\/voyagedelabaleine.fr\/en\/wp-json\/wp\/v2\/product_brand?post=39236"},{"taxonomy":"product_cat","embeddable":true,"href":"https:\/\/voyagedelabaleine.fr\/en\/wp-json\/wp\/v2\/product_cat?post=39236"},{"taxonomy":"product_tag","embeddable":true,"href":"https:\/\/voyagedelabaleine.fr\/en\/wp-json\/wp\/v2\/product_tag?post=39236"}],"curies":[{"name":"wp","href":"https:\/\/api.w.org\/{rel}","templated":true}]}}