{"id":39267,"date":"2026-02-19T21:24:12","date_gmt":"2026-02-19T20:24:12","guid":{"rendered":"https:\/\/voyagedelabaleine.fr\/product\/baby-girls-floral-swim-bloomers-green\/"},"modified":"2026-02-19T21:24:12","modified_gmt":"2026-02-19T20:24:12","slug":"baby-girls-floral-swim-bloomers-green","status":"publish","type":"product","link":"https:\/\/voyagedelabaleine.fr\/en\/product\/baby-girls-floral-swim-bloomers-green\/","title":{"rendered":"Baby girls\u2019 floral swim bloomers &#8211; Green"},"content":{"rendered":"<h3 data-section-id=\"193on3w\" data-start=\"220\" data-end=\"258\">Lightweight, colourful swim bloomers<\/h3>\n<p data-start=\"260\" data-end=\"548\">The <strong data-start=\"263\" data-end=\"313\">baby girls\u2019 floral swim bloomers \u2013 Green<\/strong> are an essential summer piece to protect baby while offering comfort and style. Their <strong data-start=\"410\" data-end=\"440\">bright green floral print<\/strong> adds freshness and cheer to summer outfits, and pairs perfectly with pieces from the collection. <\/p>\n<p data-start=\"550\" data-end=\"662\">Delicate little flowers softly dot the fabric for a look that is both refined and joyful.<\/p>\n<h3 data-section-id=\"b18c5m\" data-start=\"664\" data-end=\"705\">Smocking for a perfect fit<\/h3>\n<p data-start=\"707\" data-end=\"997\">The bloomers are designed with <strong data-start=\"733\" data-end=\"759\">smocking at the waist<\/strong>, ensuring a comfortable hold without feeling tight. This flexible finish allows the bloomers to adapt to baby\u2019s shape and stay comfortable all day long, even during movement and play around the water. <\/p>\n<p data-start=\"999\" data-end=\"1111\">The stretchy, lightweight fabric offers optimal freedom of movement for first dips and summer strolls.<\/p>\n<h3 data-section-id=\"1q3gruw\" data-start=\"1113\" data-end=\"1146\">A soft, comfortable fabric<\/h3>\n<p data-start=\"1148\" data-end=\"1357\">Made from a <strong data-start=\"1169\" data-end=\"1192\">soft, lightweight fabric<\/strong>, the bloomers feel gentle on little ones\u2019 sensitive skin. They dry quickly after swimming and keep the green floral print vibrant wash after wash. <\/p>\n<p data-start=\"1359\" data-end=\"1487\">Its quality fabric ensures lasting comfort\u2014essential for making the most of days outdoors or at the beach.<\/p>\n<h3 data-section-id=\"qkykcs\" data-start=\"1489\" data-end=\"1525\">A coordinated summer set<\/h3>\n<p data-start=\"1527\" data-end=\"1825\">For a <strong data-start=\"1535\" data-end=\"1565\">harmonious, matching look<\/strong>, these swim bloomers pair with the <a href=\"https:\/\/voyagedelabaleine.fr\/en\/product\/girls-floral-print-swimsuit-green\/\"><strong data-start=\"1610\" data-end=\"1655\">Girls\u2019 floral swimsuit \u2013 Green<\/strong><\/a> and the <a href=\"https:\/\/voyagedelabaleine.fr\/en\/product\/baby-girl-floral-sun-hat-green\/\"><strong data-start=\"1662\" data-end=\"1714\">Baby girls\u2019 floral sun hat \u2013 Green<\/strong><\/a>. Together, these pieces create a complete, coordinated outfit\u2014practical and elegant for enjoying the sun. <\/p>\n<p data-start=\"1827\" data-end=\"1969\">This combination lets you create a joyful, refined summer set designed for strolling, swimming, or playing by the water.<\/p>\n<h3 data-section-id=\"12uvc5t\" data-start=\"1971\" data-end=\"2020\">A must-have for the summer wardrobe<\/h3>\n<p data-start=\"2022\" data-end=\"2221\">The <strong data-start=\"2025\" data-end=\"2075\">baby girls\u2019 floral swim bloomers \u2013 Green<\/strong> are practical, elegant, and comfortable. Their careful cut, adjustable smocking, and delicate print make them a summer essential. <\/p>\n<p data-start=\"2223\" data-end=\"2449\">They reflect the poetic, refined world of <em data-start=\"2267\" data-end=\"2289\">Voyage de la Baleine<\/em>, where each piece is designed to combine <strong data-start=\"2330\" data-end=\"2359\">comfort, style, and quality<\/strong>, accompanying baby through their first summer experiences with softness and lightness.<\/p>\n<p data-start=\"2223\" data-end=\"2449\">Made in Spain.<\/p>\n","protected":false},"excerpt":{"rendered":"<ul>\n<li>Bloomer Swimsuit<\/li>\n<li>Elasticated waist and leg openings<\/li>\n<li>Made in Spain<br \/>\n<em>These swim bloomers fit true to size. Choose your usual size.<\/em><\/li>\n<\/ul>\n","protected":false},"featured_media":38217,"comment_status":"open","ping_status":"closed","template":"","meta":{"ocean_post_layout":"","ocean_both_sidebars_style":"","ocean_both_sidebars_content_width":0,"ocean_both_sidebars_sidebars_width":0,"ocean_sidebar":"0","ocean_second_sidebar":"0","ocean_disable_margins":"enable","ocean_add_body_class":"","ocean_shortcode_before_top_bar":"","ocean_shortcode_after_top_bar":"","ocean_shortcode_before_header":"","ocean_shortcode_after_header":"","ocean_has_shortcode":"","ocean_shortcode_after_title":"","ocean_shortcode_before_footer_widgets":"","ocean_shortcode_after_footer_widgets":"","ocean_shortcode_before_footer_bottom":"","ocean_shortcode_after_footer_bottom":"","ocean_display_top_bar":"default","ocean_display_header":"default","ocean_header_style":"","ocean_center_header_left_menu":"0","ocean_custom_header_template":"0","ocean_custom_logo":0,"ocean_custom_retina_logo":0,"ocean_custom_logo_max_width":0,"ocean_custom_logo_tablet_max_width":0,"ocean_custom_logo_mobile_max_width":0,"ocean_custom_logo_max_height":0,"ocean_custom_logo_tablet_max_height":0,"ocean_custom_logo_mobile_max_height":0,"ocean_header_custom_menu":"0","ocean_menu_typo_font_family":"0","ocean_menu_typo_font_subset":"","ocean_menu_typo_font_size":0,"ocean_menu_typo_font_size_tablet":0,"ocean_menu_typo_font_size_mobile":0,"ocean_menu_typo_font_size_unit":"px","ocean_menu_typo_font_weight":"","ocean_menu_typo_font_weight_tablet":"","ocean_menu_typo_font_weight_mobile":"","ocean_menu_typo_transform":"","ocean_menu_typo_transform_tablet":"","ocean_menu_typo_transform_mobile":"","ocean_menu_typo_line_height":0,"ocean_menu_typo_line_height_tablet":0,"ocean_menu_typo_line_height_mobile":0,"ocean_menu_typo_line_height_unit":"","ocean_menu_typo_spacing":0,"ocean_menu_typo_spacing_tablet":0,"ocean_menu_typo_spacing_mobile":0,"ocean_menu_typo_spacing_unit":"","ocean_menu_link_color":"","ocean_menu_link_color_hover":"","ocean_menu_link_color_active":"","ocean_menu_link_background":"","ocean_menu_link_hover_background":"","ocean_menu_link_active_background":"","ocean_menu_social_links_bg":"","ocean_menu_social_hover_links_bg":"","ocean_menu_social_links_color":"","ocean_menu_social_hover_links_color":"","ocean_disable_title":"default","ocean_disable_heading":"default","ocean_post_title":"","ocean_post_subheading":"","ocean_post_title_style":"","ocean_post_title_background_color":"","ocean_post_title_background":0,"ocean_post_title_bg_image_position":"","ocean_post_title_bg_image_attachment":"","ocean_post_title_bg_image_repeat":"","ocean_post_title_bg_image_size":"","ocean_post_title_height":0,"ocean_post_title_bg_overlay":0.5,"ocean_post_title_bg_overlay_color":"","ocean_disable_breadcrumbs":"default","ocean_breadcrumbs_color":"","ocean_breadcrumbs_separator_color":"","ocean_breadcrumbs_links_color":"","ocean_breadcrumbs_links_hover_color":"","ocean_display_footer_widgets":"default","ocean_display_footer_bottom":"default","ocean_custom_footer_template":"0","osh_disable_topbar_sticky":"default","osh_disable_header_sticky":"default","osh_sticky_header_style":"default","osh_sticky_header_effect":"","osh_custom_sticky_logo":0,"osh_custom_retina_sticky_logo":0,"osh_custom_sticky_logo_height":0,"osh_background_color":"","osh_links_color":"","osh_links_hover_color":"","osh_links_active_color":"","osh_links_bg_color":"","osh_links_hover_bg_color":"","osh_links_active_bg_color":"","osh_menu_social_links_color":"","osh_menu_social_hover_links_color":""},"product_brand":[],"product_cat":[6619,6643,6718],"product_tag":[],"class_list":{"0":"post-39267","1":"product","2":"type-product","3":"status-publish","4":"has-post-thumbnail","6":"product_cat-baby-girl-swimsuit","7":"product_cat-baby-swimsuit","8":"product_cat-clothing","10":"entry","11":"has-media","13":"first","14":"instock","15":"taxable","16":"shipping-taxable","17":"purchasable","18":"product-type-variable","19":"has-default-attributes","20":"col","21":"span_1_of_3","22":"owp-content-center","23":"owp-thumbs-layout-vertical","24":"owp-btn-big","25":"owp-tabs-layout-vertical","26":"circle-sale"},"yoast_head":"<!-- This site is optimized with the Yoast SEO plugin v27.1.1 - https:\/\/yoast.com\/product\/yoast-seo-wordpress\/ -->\n<title>Baby girls\u2019 floral swim bloomers - Green - Voyage de la Baleine<\/title>\n<meta name=\"description\" content=\"The baby girls\u2019 floral swim bloomers \u2013 Green are an essential summer piece to protect baby while offering comfort and style.\" \/>\n<meta name=\"robots\" content=\"index, follow, max-snippet:-1, max-image-preview:large, max-video-preview:-1\" \/>\n<link rel=\"canonical\" href=\"https:\/\/voyagedelabaleine.fr\/en\/product\/baby-girls-floral-swim-bloomers-green\/\" \/>\n<meta property=\"og:locale\" content=\"en_US\" \/>\n<meta property=\"og:type\" content=\"article\" \/>\n<meta property=\"og:title\" content=\"Baby girls\u2019 floral swim bloomers - Green - Voyage de la Baleine\" \/>\n<meta property=\"og:description\" content=\"The baby girls\u2019 floral swim bloomers \u2013 Green are an essential summer piece to protect baby while offering comfort and style.\" \/>\n<meta property=\"og:url\" content=\"https:\/\/voyagedelabaleine.fr\/en\/product\/baby-girls-floral-swim-bloomers-green\/\" \/>\n<meta property=\"og:site_name\" content=\"Voyage de la Baleine\" \/>\n<meta property=\"article:publisher\" content=\"https:\/\/www.facebook.com\/voyagedelabaleine\/\" \/>\n<meta property=\"og:image\" content=\"https:\/\/voyagedelabaleine.fr\/wp-content\/uploads\/2026\/02\/bloomer-bain-fille-smocks-fleurs-turquoise-2.jpg\" \/>\n\t<meta property=\"og:image:width\" content=\"1425\" \/>\n\t<meta property=\"og:image:height\" content=\"1900\" \/>\n\t<meta property=\"og:image:type\" content=\"image\/jpeg\" \/>\n<meta name=\"twitter:card\" content=\"summary_large_image\" \/>\n<meta name=\"twitter:label1\" content=\"Est. reading time\" \/>\n\t<meta name=\"twitter:data1\" content=\"2 minutes\" \/>\n<script type=\"application\/ld+json\" class=\"yoast-schema-graph\">{\"@context\":\"https:\/\/schema.org\",\"@graph\":[{\"@type\":\"WebPage\",\"@id\":\"https:\/\/voyagedelabaleine.fr\/en\/product\/baby-girls-floral-swim-bloomers-green\/\",\"url\":\"https:\/\/voyagedelabaleine.fr\/en\/product\/baby-girls-floral-swim-bloomers-green\/\",\"name\":\"Baby girls\u2019 floral swim bloomers - Green - Voyage de la Baleine\",\"isPartOf\":{\"@id\":\"https:\/\/voyagedelabaleine.fr\/en\/#website\"},\"primaryImageOfPage\":{\"@id\":\"https:\/\/voyagedelabaleine.fr\/en\/product\/baby-girls-floral-swim-bloomers-green\/#primaryimage\"},\"image\":{\"@id\":\"https:\/\/voyagedelabaleine.fr\/en\/product\/baby-girls-floral-swim-bloomers-green\/#primaryimage\"},\"thumbnailUrl\":\"https:\/\/voyagedelabaleine.fr\/wp-content\/uploads\/2026\/02\/bloomer-bain-fille-smocks-fleurs-turquoise-2.jpg\",\"datePublished\":\"2026-02-19T20:24:12+00:00\",\"description\":\"The baby girls\u2019 floral swim bloomers \u2013 Green are an essential summer piece to protect baby while offering comfort and style.\",\"breadcrumb\":{\"@id\":\"https:\/\/voyagedelabaleine.fr\/en\/product\/baby-girls-floral-swim-bloomers-green\/#breadcrumb\"},\"inLanguage\":\"en-US\",\"potentialAction\":[{\"@type\":\"ReadAction\",\"target\":[\"https:\/\/voyagedelabaleine.fr\/en\/product\/baby-girls-floral-swim-bloomers-green\/\"]}]},{\"@type\":\"ImageObject\",\"inLanguage\":\"en-US\",\"@id\":\"https:\/\/voyagedelabaleine.fr\/en\/product\/baby-girls-floral-swim-bloomers-green\/#primaryimage\",\"url\":\"https:\/\/voyagedelabaleine.fr\/wp-content\/uploads\/2026\/02\/bloomer-bain-fille-smocks-fleurs-turquoise-2.jpg\",\"contentUrl\":\"https:\/\/voyagedelabaleine.fr\/wp-content\/uploads\/2026\/02\/bloomer-bain-fille-smocks-fleurs-turquoise-2.jpg\",\"width\":1425,\"height\":1900,\"caption\":\"Bloomer de bain b\u00e9b\u00e9 fille vert \u00e0 motif fleuri blanc et smocks\"},{\"@type\":\"BreadcrumbList\",\"@id\":\"https:\/\/voyagedelabaleine.fr\/en\/product\/baby-girls-floral-swim-bloomers-green\/#breadcrumb\",\"itemListElement\":[{\"@type\":\"ListItem\",\"position\":1,\"name\":\"Accueil\",\"item\":\"https:\/\/voyagedelabaleine.fr\/en\/timeless-refined-clothing-babies-children\/\"},{\"@type\":\"ListItem\",\"position\":2,\"name\":\"All collection\",\"item\":\"https:\/\/voyagedelabaleine.fr\/en\/shop\/\"},{\"@type\":\"ListItem\",\"position\":3,\"name\":\"Baby girls\u2019 floral swim bloomers &#8211; Green\"}]},{\"@type\":\"WebSite\",\"@id\":\"https:\/\/voyagedelabaleine.fr\/en\/#website\",\"url\":\"https:\/\/voyagedelabaleine.fr\/en\/\",\"name\":\"Voyage de la Baleine\",\"description\":\"V\u00eatements intemporels et raffin\u00e9s pour b\u00e9b\u00e9s et enfants\",\"publisher\":{\"@id\":\"https:\/\/voyagedelabaleine.fr\/en\/#organization\"},\"potentialAction\":[{\"@type\":\"SearchAction\",\"target\":{\"@type\":\"EntryPoint\",\"urlTemplate\":\"https:\/\/voyagedelabaleine.fr\/en\/?s={search_term_string}\"},\"query-input\":{\"@type\":\"PropertyValueSpecification\",\"valueRequired\":true,\"valueName\":\"search_term_string\"}}],\"inLanguage\":\"en-US\"},{\"@type\":\"Organization\",\"@id\":\"https:\/\/voyagedelabaleine.fr\/en\/#organization\",\"name\":\"Voyage de la Baleine\",\"url\":\"https:\/\/voyagedelabaleine.fr\/en\/\",\"logo\":{\"@type\":\"ImageObject\",\"inLanguage\":\"en-US\",\"@id\":\"https:\/\/voyagedelabaleine.fr\/en\/#\/schema\/logo\/image\/\",\"url\":\"https:\/\/voyagedelabaleine.fr\/wp-content\/uploads\/2025\/06\/logo.webp\",\"contentUrl\":\"https:\/\/voyagedelabaleine.fr\/wp-content\/uploads\/2025\/06\/logo.webp\",\"width\":153,\"height\":64,\"caption\":\"Voyage de la Baleine\"},\"image\":{\"@id\":\"https:\/\/voyagedelabaleine.fr\/en\/#\/schema\/logo\/image\/\"},\"sameAs\":[\"https:\/\/www.facebook.com\/voyagedelabaleine\/\",\"https:\/\/www.instagram.com\/voyagedelabaleine\/\",\"https:\/\/www.pinterest.fr\/Voyagedelabaleine\/\"]}]}<\/script>\n<!-- \/ Yoast SEO plugin. -->","yoast_head_json":{"title":"Baby girls\u2019 floral swim bloomers - Green - Voyage de la Baleine","description":"The baby girls\u2019 floral swim bloomers \u2013 Green are an essential summer piece to protect baby while offering comfort and style.","robots":{"index":"index","follow":"follow","max-snippet":"max-snippet:-1","max-image-preview":"max-image-preview:large","max-video-preview":"max-video-preview:-1"},"canonical":"https:\/\/voyagedelabaleine.fr\/en\/product\/baby-girls-floral-swim-bloomers-green\/","og_locale":"en_US","og_type":"article","og_title":"Baby girls\u2019 floral swim bloomers - Green - Voyage de la Baleine","og_description":"The baby girls\u2019 floral swim bloomers \u2013 Green are an essential summer piece to protect baby while offering comfort and style.","og_url":"https:\/\/voyagedelabaleine.fr\/en\/product\/baby-girls-floral-swim-bloomers-green\/","og_site_name":"Voyage de la Baleine","article_publisher":"https:\/\/www.facebook.com\/voyagedelabaleine\/","og_image":[{"width":1425,"height":1900,"url":"https:\/\/voyagedelabaleine.fr\/wp-content\/uploads\/2026\/02\/bloomer-bain-fille-smocks-fleurs-turquoise-2.jpg","type":"image\/jpeg"}],"twitter_card":"summary_large_image","twitter_misc":{"Est. reading time":"2 minutes"},"schema":{"@context":"https:\/\/schema.org","@graph":[{"@type":"WebPage","@id":"https:\/\/voyagedelabaleine.fr\/en\/product\/baby-girls-floral-swim-bloomers-green\/","url":"https:\/\/voyagedelabaleine.fr\/en\/product\/baby-girls-floral-swim-bloomers-green\/","name":"Baby girls\u2019 floral swim bloomers - Green - Voyage de la Baleine","isPartOf":{"@id":"https:\/\/voyagedelabaleine.fr\/en\/#website"},"primaryImageOfPage":{"@id":"https:\/\/voyagedelabaleine.fr\/en\/product\/baby-girls-floral-swim-bloomers-green\/#primaryimage"},"image":{"@id":"https:\/\/voyagedelabaleine.fr\/en\/product\/baby-girls-floral-swim-bloomers-green\/#primaryimage"},"thumbnailUrl":"https:\/\/voyagedelabaleine.fr\/wp-content\/uploads\/2026\/02\/bloomer-bain-fille-smocks-fleurs-turquoise-2.jpg","datePublished":"2026-02-19T20:24:12+00:00","description":"The baby girls\u2019 floral swim bloomers \u2013 Green are an essential summer piece to protect baby while offering comfort and style.","breadcrumb":{"@id":"https:\/\/voyagedelabaleine.fr\/en\/product\/baby-girls-floral-swim-bloomers-green\/#breadcrumb"},"inLanguage":"en-US","potentialAction":[{"@type":"ReadAction","target":["https:\/\/voyagedelabaleine.fr\/en\/product\/baby-girls-floral-swim-bloomers-green\/"]}]},{"@type":"ImageObject","inLanguage":"en-US","@id":"https:\/\/voyagedelabaleine.fr\/en\/product\/baby-girls-floral-swim-bloomers-green\/#primaryimage","url":"https:\/\/voyagedelabaleine.fr\/wp-content\/uploads\/2026\/02\/bloomer-bain-fille-smocks-fleurs-turquoise-2.jpg","contentUrl":"https:\/\/voyagedelabaleine.fr\/wp-content\/uploads\/2026\/02\/bloomer-bain-fille-smocks-fleurs-turquoise-2.jpg","width":1425,"height":1900,"caption":"Bloomer de bain b\u00e9b\u00e9 fille vert \u00e0 motif fleuri blanc et smocks"},{"@type":"BreadcrumbList","@id":"https:\/\/voyagedelabaleine.fr\/en\/product\/baby-girls-floral-swim-bloomers-green\/#breadcrumb","itemListElement":[{"@type":"ListItem","position":1,"name":"Accueil","item":"https:\/\/voyagedelabaleine.fr\/en\/timeless-refined-clothing-babies-children\/"},{"@type":"ListItem","position":2,"name":"All collection","item":"https:\/\/voyagedelabaleine.fr\/en\/shop\/"},{"@type":"ListItem","position":3,"name":"Baby girls\u2019 floral swim bloomers &#8211; Green"}]},{"@type":"WebSite","@id":"https:\/\/voyagedelabaleine.fr\/en\/#website","url":"https:\/\/voyagedelabaleine.fr\/en\/","name":"Voyage de la Baleine","description":"V\u00eatements intemporels et raffin\u00e9s pour b\u00e9b\u00e9s et enfants","publisher":{"@id":"https:\/\/voyagedelabaleine.fr\/en\/#organization"},"potentialAction":[{"@type":"SearchAction","target":{"@type":"EntryPoint","urlTemplate":"https:\/\/voyagedelabaleine.fr\/en\/?s={search_term_string}"},"query-input":{"@type":"PropertyValueSpecification","valueRequired":true,"valueName":"search_term_string"}}],"inLanguage":"en-US"},{"@type":"Organization","@id":"https:\/\/voyagedelabaleine.fr\/en\/#organization","name":"Voyage de la Baleine","url":"https:\/\/voyagedelabaleine.fr\/en\/","logo":{"@type":"ImageObject","inLanguage":"en-US","@id":"https:\/\/voyagedelabaleine.fr\/en\/#\/schema\/logo\/image\/","url":"https:\/\/voyagedelabaleine.fr\/wp-content\/uploads\/2025\/06\/logo.webp","contentUrl":"https:\/\/voyagedelabaleine.fr\/wp-content\/uploads\/2025\/06\/logo.webp","width":153,"height":64,"caption":"Voyage de la Baleine"},"image":{"@id":"https:\/\/voyagedelabaleine.fr\/en\/#\/schema\/logo\/image\/"},"sameAs":["https:\/\/www.facebook.com\/voyagedelabaleine\/","https:\/\/www.instagram.com\/voyagedelabaleine\/","https:\/\/www.pinterest.fr\/Voyagedelabaleine\/"]}]}},"_links":{"self":[{"href":"https:\/\/voyagedelabaleine.fr\/en\/wp-json\/wp\/v2\/product\/39267","targetHints":{"allow":["GET"]}}],"collection":[{"href":"https:\/\/voyagedelabaleine.fr\/en\/wp-json\/wp\/v2\/product"}],"about":[{"href":"https:\/\/voyagedelabaleine.fr\/en\/wp-json\/wp\/v2\/types\/product"}],"replies":[{"embeddable":true,"href":"https:\/\/voyagedelabaleine.fr\/en\/wp-json\/wp\/v2\/comments?post=39267"}],"wp:featuredmedia":[{"embeddable":true,"href":"https:\/\/voyagedelabaleine.fr\/en\/wp-json\/wp\/v2\/media\/38217"}],"wp:attachment":[{"href":"https:\/\/voyagedelabaleine.fr\/en\/wp-json\/wp\/v2\/media?parent=39267"}],"wp:term":[{"taxonomy":"product_brand","embeddable":true,"href":"https:\/\/voyagedelabaleine.fr\/en\/wp-json\/wp\/v2\/product_brand?post=39267"},{"taxonomy":"product_cat","embeddable":true,"href":"https:\/\/voyagedelabaleine.fr\/en\/wp-json\/wp\/v2\/product_cat?post=39267"},{"taxonomy":"product_tag","embeddable":true,"href":"https:\/\/voyagedelabaleine.fr\/en\/wp-json\/wp\/v2\/product_tag?post=39267"}],"curies":[{"name":"wp","href":"https:\/\/api.w.org\/{rel}","templated":true}]}}