{"id":40040,"date":"2026-02-20T13:15:00","date_gmt":"2026-02-20T12:15:00","guid":{"rendered":"https:\/\/voyagedelabaleine.fr\/product\/baby-smocked-top-and-striped-bloomer-set-turquoise\/"},"modified":"2026-02-20T13:15:00","modified_gmt":"2026-02-20T12:15:00","slug":"baby-smocked-top-and-striped-bloomer-set-turquoise","status":"publish","type":"product","link":"https:\/\/voyagedelabaleine.fr\/en\/product\/baby-smocked-top-and-striped-bloomer-set-turquoise\/","title":{"rendered":"Baby smocked top and striped bloomer set &#8211; Turquoise"},"content":{"rendered":"<div class=\"flex flex-col text-sm\">\n<article class=\"text-token-text-primary w-full focus:outline-none [--shadow-height:45px] has-data-writing-block:pointer-events-none has-data-writing-block:-mt-(--shadow-height) has-data-writing-block:pt-(--shadow-height) [&amp;:has([data-writing-block])&gt;*]:pointer-events-auto scroll-mt-[calc(var(--header-height)+min(200px,max(70px,20svh)))]\" dir=\"auto\" tabindex=\"-1\" data-turn-id=\"request-6970f0b2-bcb4-8329-8c33-a634cee04d04-38\" data-testid=\"conversation-turn-184\" data-scroll-anchor=\"true\" data-turn=\"assistant\">\n<div class=\"text-base my-auto mx-auto pb-10 [--thread-content-margin:--spacing(4)] @w-sm\/main:[--thread-content-margin:--spacing(6)] @w-lg\/main:[--thread-content-margin:--spacing(16)] px-(--thread-content-margin)\">\n<div class=\"[--thread-content-max-width:40rem] @w-lg\/main:[--thread-content-max-width:48rem] mx-auto max-w-(--thread-content-max-width) flex-1 group\/turn-messages focus-visible:outline-hidden relative flex w-full min-w-0 flex-col agent-turn\" tabindex=\"-1\">\n<div class=\"flex max-w-full flex-col grow\">\n<div class=\"min-h-8 text-message relative flex w-full flex-col items-end gap-2 text-start break-words whitespace-normal [.text-message+&amp;]:mt-1\" dir=\"auto\" data-message-author-role=\"assistant\" data-message-id=\"1e375692-7ae6-4649-ad88-973245346859\" data-message-model-slug=\"gpt-5-2\">\n<div class=\"flex w-full flex-col gap-1 empty:hidden first:pt-[1px]\">\n<div class=\"markdown prose dark:prose-invert w-full wrap-break-word light markdown-new-styling\">\n<h3 data-section-id=\"1q84yet\" data-start=\"62\" data-end=\"114\">A bright and delicate turquoise baby set<\/h3>\n<p data-start=\"116\" data-end=\"372\">Our <strong data-start=\"122\" data-end=\"183\">baby smocked top and striped bloomer set \u2013 turquoise<\/strong> captivates with its perfect balance of softness and freshness. The contrast of bright white and turquoise stripes brings a summery touch while maintaining timeless elegance. <\/p>\n<p data-start=\"374\" data-end=\"623\">The white round-neck top, paired with its white and turquoise striped bloomer, creates a harmonious and refined outfit. Designed for beautiful days, this turquoise baby set is perfect for everyday moments as well as special occasions. <\/p>\n<h3 data-section-id=\"i5bt5y\" data-start=\"625\" data-end=\"673\">A white top with turquoise blue smocking<\/h3>\n<p data-start=\"675\" data-end=\"920\">The white top is enhanced by delicately crafted turquoise blue smocking on the front. This detail adds texture and character while remaining delicate. The smocking echoes the stripes of the bloomer, creating elegant visual harmony.  <\/p>\n<p data-start=\"922\" data-end=\"1138\">The round neck emphasizes the softness of the silhouette and beautifully frames baby&#8217;s face. The top fastens with a button placket at the back, making dressing easier while maintaining a clean line at the front. <\/p>\n<h3 data-section-id=\"1gpopmh\" data-start=\"1140\" data-end=\"1192\">A comfortable white and turquoise striped bloomer<\/h3>\n<p data-start=\"1194\" data-end=\"1410\">The matching bloomer features fine white and turquoise stripes, perfectly coordinated with the smocking on the top. Its elasticized waist ensures comfortable support and naturally adapts to baby&#8217;s movements. <\/p>\n<p data-start=\"1412\" data-end=\"1615\">Made from <strong data-start=\"1428\" data-end=\"1443\">100% cotton<\/strong>, like the top, it offers softness and breathability. Lightweight and pleasant to wear, it accompanies baby during sunny days, at home or on a stroll. <\/p>\n<h3 data-section-id=\"unjeyo\" data-start=\"1617\" data-end=\"1656\">Carefully crafted Spanish manufacturing<\/h3>\n<p data-start=\"1658\" data-end=\"1883\">Made in Spain, our turquoise smocked baby set benefits from renowned craftsmanship and careful finishing. The stripes are carefully aligned, the smocking delicately worked, and the seams precise. <\/p>\n<p data-start=\"1885\" data-end=\"2113\" data-is-last-node=\"\" data-is-only-node=\"\"><em>Choosing this turquoise smocked top and striped bloomer set means opting for a bright, comfortable, and elegant outfit. A refined piece for baby&#8217;s wardrobe, true to the timeless and refined spirit of Voyage de la Baleine. <\/em><\/p>\n<\/div>\n<\/div>\n<\/div>\n<\/div>\n<div class=\"z-0 flex min-h-[46px] justify-start\">Made in Spain.<\/div>\n<\/div>\n<\/div>\n<\/article>\n<\/div>\n<div class=\"pointer-events-none h-px w-px absolute bottom-0\" aria-hidden=\"true\" data-edge=\"true\"><\/div>\n","protected":false},"excerpt":{"rendered":"<ul>\n<li>Smocked Blouse and Bloomer Set<\/li>\n<li>Ideal for a newborn gift<\/li>\n<li>100% cotton<\/li>\n<li>Made in Spain<br \/>\n<em>This set runs true to size. Choose your usual size.<\/em><\/li>\n<\/ul>\n","protected":false},"featured_media":39571,"comment_status":"open","ping_status":"closed","template":"","meta":{"ocean_post_layout":"","ocean_both_sidebars_style":"","ocean_both_sidebars_content_width":0,"ocean_both_sidebars_sidebars_width":0,"ocean_sidebar":"0","ocean_second_sidebar":"0","ocean_disable_margins":"enable","ocean_add_body_class":"","ocean_shortcode_before_top_bar":"","ocean_shortcode_after_top_bar":"","ocean_shortcode_before_header":"","ocean_shortcode_after_header":"","ocean_has_shortcode":"","ocean_shortcode_after_title":"","ocean_shortcode_before_footer_widgets":"","ocean_shortcode_after_footer_widgets":"","ocean_shortcode_before_footer_bottom":"","ocean_shortcode_after_footer_bottom":"","ocean_display_top_bar":"default","ocean_display_header":"default","ocean_header_style":"","ocean_center_header_left_menu":"0","ocean_custom_header_template":"0","ocean_custom_logo":0,"ocean_custom_retina_logo":0,"ocean_custom_logo_max_width":0,"ocean_custom_logo_tablet_max_width":0,"ocean_custom_logo_mobile_max_width":0,"ocean_custom_logo_max_height":0,"ocean_custom_logo_tablet_max_height":0,"ocean_custom_logo_mobile_max_height":0,"ocean_header_custom_menu":"0","ocean_menu_typo_font_family":"0","ocean_menu_typo_font_subset":"","ocean_menu_typo_font_size":0,"ocean_menu_typo_font_size_tablet":0,"ocean_menu_typo_font_size_mobile":0,"ocean_menu_typo_font_size_unit":"px","ocean_menu_typo_font_weight":"","ocean_menu_typo_font_weight_tablet":"","ocean_menu_typo_font_weight_mobile":"","ocean_menu_typo_transform":"","ocean_menu_typo_transform_tablet":"","ocean_menu_typo_transform_mobile":"","ocean_menu_typo_line_height":0,"ocean_menu_typo_line_height_tablet":0,"ocean_menu_typo_line_height_mobile":0,"ocean_menu_typo_line_height_unit":"","ocean_menu_typo_spacing":0,"ocean_menu_typo_spacing_tablet":0,"ocean_menu_typo_spacing_mobile":0,"ocean_menu_typo_spacing_unit":"","ocean_menu_link_color":"","ocean_menu_link_color_hover":"","ocean_menu_link_color_active":"","ocean_menu_link_background":"","ocean_menu_link_hover_background":"","ocean_menu_link_active_background":"","ocean_menu_social_links_bg":"","ocean_menu_social_hover_links_bg":"","ocean_menu_social_links_color":"","ocean_menu_social_hover_links_color":"","ocean_disable_title":"default","ocean_disable_heading":"default","ocean_post_title":"","ocean_post_subheading":"","ocean_post_title_style":"","ocean_post_title_background_color":"","ocean_post_title_background":0,"ocean_post_title_bg_image_position":"","ocean_post_title_bg_image_attachment":"","ocean_post_title_bg_image_repeat":"","ocean_post_title_bg_image_size":"","ocean_post_title_height":0,"ocean_post_title_bg_overlay":0.5,"ocean_post_title_bg_overlay_color":"","ocean_disable_breadcrumbs":"default","ocean_breadcrumbs_color":"","ocean_breadcrumbs_separator_color":"","ocean_breadcrumbs_links_color":"","ocean_breadcrumbs_links_hover_color":"","ocean_display_footer_widgets":"default","ocean_display_footer_bottom":"default","ocean_custom_footer_template":"0","osh_disable_topbar_sticky":"default","osh_disable_header_sticky":"default","osh_sticky_header_style":"default","osh_sticky_header_effect":"","osh_custom_sticky_logo":0,"osh_custom_retina_sticky_logo":0,"osh_custom_sticky_logo_height":0,"osh_background_color":"","osh_links_color":"","osh_links_hover_color":"","osh_links_active_color":"","osh_links_bg_color":"","osh_links_hover_bg_color":"","osh_links_active_bg_color":"","osh_menu_social_links_color":"","osh_menu_social_hover_links_color":""},"product_brand":[],"product_cat":[6640,6641,6626,6627,6631,6642,6718,6711,6712,6700,6701,6705,6713],"product_tag":[],"class_list":{"0":"post-40040","1":"product","2":"type-product","3":"status-publish","4":"has-post-thumbnail","6":"product_cat-baby-bloomer-shorts-trousers","7":"product_cat-baby-blouse-shirt","8":"product_cat-baby-boy-bloomer-shorts-trousers","9":"product_cat-baby-boy-blouse-shirt","10":"product_cat-baby-boy-outfits","11":"product_cat-baby-outfits","12":"product_cat-clothing","13":"product_cat-newborn-bloomer-shorts-and-pants","14":"product_cat-newborn-blouse-shirt","15":"product_cat-newborn-boy-bloomers-shorts-pants","16":"product_cat-newborn-boy-blouses-shirts","17":"product_cat-newborn-boy-outfits","18":"product_cat-newborn-outfits","20":"entry","21":"has-media","23":"first","24":"instock","25":"taxable","26":"shipping-taxable","27":"purchasable","28":"product-type-variable","29":"has-default-attributes","30":"col","31":"span_1_of_3","32":"owp-content-center","33":"owp-thumbs-layout-vertical","34":"owp-btn-big","35":"owp-tabs-layout-vertical","36":"circle-sale"},"yoast_head":"<!-- This site is optimized with the Yoast SEO plugin v27.1.1 - https:\/\/yoast.com\/product\/yoast-seo-wordpress\/ -->\n<title>Baby smocked top and striped bloomer set - Turquoise - Voyage de la Baleine<\/title>\n<meta name=\"description\" content=\"Our baby smocked top and striped bloomer set \u2013 turquoise captivates with its perfect balance of softness and freshness.\" \/>\n<meta name=\"robots\" content=\"index, follow, max-snippet:-1, max-image-preview:large, max-video-preview:-1\" \/>\n<link rel=\"canonical\" href=\"https:\/\/voyagedelabaleine.fr\/en\/product\/baby-smocked-top-and-striped-bloomer-set-turquoise\/\" \/>\n<meta property=\"og:locale\" content=\"en_US\" \/>\n<meta property=\"og:type\" content=\"article\" \/>\n<meta property=\"og:title\" content=\"Baby smocked top and striped bloomer set - Turquoise - Voyage de la Baleine\" \/>\n<meta property=\"og:description\" content=\"Our baby smocked top and striped bloomer set \u2013 turquoise captivates with its perfect balance of softness and freshness.\" \/>\n<meta property=\"og:url\" content=\"https:\/\/voyagedelabaleine.fr\/en\/product\/baby-smocked-top-and-striped-bloomer-set-turquoise\/\" \/>\n<meta property=\"og:site_name\" content=\"Voyage de la Baleine\" \/>\n<meta property=\"article:publisher\" content=\"https:\/\/www.facebook.com\/voyagedelabaleine\/\" \/>\n<meta property=\"og:image\" content=\"https:\/\/voyagedelabaleine.fr\/wp-content\/uploads\/2026\/02\/ensemble-bloomer-turquoise-blouse-smocks-1.jpg\" \/>\n\t<meta property=\"og:image:width\" content=\"1300\" \/>\n\t<meta property=\"og:image:height\" content=\"1734\" \/>\n\t<meta property=\"og:image:type\" content=\"image\/jpeg\" \/>\n<meta name=\"twitter:card\" content=\"summary_large_image\" \/>\n<meta name=\"twitter:label1\" content=\"Est. reading time\" \/>\n\t<meta name=\"twitter:data1\" content=\"1 minute\" \/>\n<script type=\"application\/ld+json\" class=\"yoast-schema-graph\">{\"@context\":\"https:\/\/schema.org\",\"@graph\":[{\"@type\":\"WebPage\",\"@id\":\"https:\/\/voyagedelabaleine.fr\/en\/product\/baby-smocked-top-and-striped-bloomer-set-turquoise\/\",\"url\":\"https:\/\/voyagedelabaleine.fr\/en\/product\/baby-smocked-top-and-striped-bloomer-set-turquoise\/\",\"name\":\"Baby smocked top and striped bloomer set - Turquoise - Voyage de la Baleine\",\"isPartOf\":{\"@id\":\"https:\/\/voyagedelabaleine.fr\/en\/#website\"},\"primaryImageOfPage\":{\"@id\":\"https:\/\/voyagedelabaleine.fr\/en\/product\/baby-smocked-top-and-striped-bloomer-set-turquoise\/#primaryimage\"},\"image\":{\"@id\":\"https:\/\/voyagedelabaleine.fr\/en\/product\/baby-smocked-top-and-striped-bloomer-set-turquoise\/#primaryimage\"},\"thumbnailUrl\":\"https:\/\/voyagedelabaleine.fr\/wp-content\/uploads\/2026\/02\/ensemble-bloomer-turquoise-blouse-smocks-1.jpg\",\"datePublished\":\"2026-02-20T12:15:00+00:00\",\"description\":\"Our baby smocked top and striped bloomer set \u2013 turquoise captivates with its perfect balance of softness and freshness.\",\"breadcrumb\":{\"@id\":\"https:\/\/voyagedelabaleine.fr\/en\/product\/baby-smocked-top-and-striped-bloomer-set-turquoise\/#breadcrumb\"},\"inLanguage\":\"en-US\",\"potentialAction\":[{\"@type\":\"ReadAction\",\"target\":[\"https:\/\/voyagedelabaleine.fr\/en\/product\/baby-smocked-top-and-striped-bloomer-set-turquoise\/\"]}]},{\"@type\":\"ImageObject\",\"inLanguage\":\"en-US\",\"@id\":\"https:\/\/voyagedelabaleine.fr\/en\/product\/baby-smocked-top-and-striped-bloomer-set-turquoise\/#primaryimage\",\"url\":\"https:\/\/voyagedelabaleine.fr\/wp-content\/uploads\/2026\/02\/ensemble-bloomer-turquoise-blouse-smocks-1.jpg\",\"contentUrl\":\"https:\/\/voyagedelabaleine.fr\/wp-content\/uploads\/2026\/02\/ensemble-bloomer-turquoise-blouse-smocks-1.jpg\",\"width\":1300,\"height\":1734,\"caption\":\"Ensemble b\u00e9b\u00e9 blouse blanche \u00e0 smocks et bloomer ray\u00e9 turquoise et blanc\"},{\"@type\":\"BreadcrumbList\",\"@id\":\"https:\/\/voyagedelabaleine.fr\/en\/product\/baby-smocked-top-and-striped-bloomer-set-turquoise\/#breadcrumb\",\"itemListElement\":[{\"@type\":\"ListItem\",\"position\":1,\"name\":\"Accueil\",\"item\":\"https:\/\/voyagedelabaleine.fr\/en\/timeless-refined-clothing-babies-children\/\"},{\"@type\":\"ListItem\",\"position\":2,\"name\":\"All collection\",\"item\":\"https:\/\/voyagedelabaleine.fr\/en\/shop\/\"},{\"@type\":\"ListItem\",\"position\":3,\"name\":\"Baby smocked top and striped bloomer set &#8211; Turquoise\"}]},{\"@type\":\"WebSite\",\"@id\":\"https:\/\/voyagedelabaleine.fr\/en\/#website\",\"url\":\"https:\/\/voyagedelabaleine.fr\/en\/\",\"name\":\"Voyage de la Baleine\",\"description\":\"V\u00eatements intemporels et raffin\u00e9s pour b\u00e9b\u00e9s et enfants\",\"publisher\":{\"@id\":\"https:\/\/voyagedelabaleine.fr\/en\/#organization\"},\"potentialAction\":[{\"@type\":\"SearchAction\",\"target\":{\"@type\":\"EntryPoint\",\"urlTemplate\":\"https:\/\/voyagedelabaleine.fr\/en\/?s={search_term_string}\"},\"query-input\":{\"@type\":\"PropertyValueSpecification\",\"valueRequired\":true,\"valueName\":\"search_term_string\"}}],\"inLanguage\":\"en-US\"},{\"@type\":\"Organization\",\"@id\":\"https:\/\/voyagedelabaleine.fr\/en\/#organization\",\"name\":\"Voyage de la Baleine\",\"url\":\"https:\/\/voyagedelabaleine.fr\/en\/\",\"logo\":{\"@type\":\"ImageObject\",\"inLanguage\":\"en-US\",\"@id\":\"https:\/\/voyagedelabaleine.fr\/en\/#\/schema\/logo\/image\/\",\"url\":\"https:\/\/voyagedelabaleine.fr\/wp-content\/uploads\/2025\/06\/logo.webp\",\"contentUrl\":\"https:\/\/voyagedelabaleine.fr\/wp-content\/uploads\/2025\/06\/logo.webp\",\"width\":153,\"height\":64,\"caption\":\"Voyage de la Baleine\"},\"image\":{\"@id\":\"https:\/\/voyagedelabaleine.fr\/en\/#\/schema\/logo\/image\/\"},\"sameAs\":[\"https:\/\/www.facebook.com\/voyagedelabaleine\/\",\"https:\/\/www.instagram.com\/voyagedelabaleine\/\",\"https:\/\/www.pinterest.fr\/Voyagedelabaleine\/\"]}]}<\/script>\n<!-- \/ Yoast SEO plugin. -->","yoast_head_json":{"title":"Baby smocked top and striped bloomer set - Turquoise - Voyage de la Baleine","description":"Our baby smocked top and striped bloomer set \u2013 turquoise captivates with its perfect balance of softness and freshness.","robots":{"index":"index","follow":"follow","max-snippet":"max-snippet:-1","max-image-preview":"max-image-preview:large","max-video-preview":"max-video-preview:-1"},"canonical":"https:\/\/voyagedelabaleine.fr\/en\/product\/baby-smocked-top-and-striped-bloomer-set-turquoise\/","og_locale":"en_US","og_type":"article","og_title":"Baby smocked top and striped bloomer set - Turquoise - Voyage de la Baleine","og_description":"Our baby smocked top and striped bloomer set \u2013 turquoise captivates with its perfect balance of softness and freshness.","og_url":"https:\/\/voyagedelabaleine.fr\/en\/product\/baby-smocked-top-and-striped-bloomer-set-turquoise\/","og_site_name":"Voyage de la Baleine","article_publisher":"https:\/\/www.facebook.com\/voyagedelabaleine\/","og_image":[{"width":1300,"height":1734,"url":"https:\/\/voyagedelabaleine.fr\/wp-content\/uploads\/2026\/02\/ensemble-bloomer-turquoise-blouse-smocks-1.jpg","type":"image\/jpeg"}],"twitter_card":"summary_large_image","twitter_misc":{"Est. reading time":"1 minute"},"schema":{"@context":"https:\/\/schema.org","@graph":[{"@type":"WebPage","@id":"https:\/\/voyagedelabaleine.fr\/en\/product\/baby-smocked-top-and-striped-bloomer-set-turquoise\/","url":"https:\/\/voyagedelabaleine.fr\/en\/product\/baby-smocked-top-and-striped-bloomer-set-turquoise\/","name":"Baby smocked top and striped bloomer set - Turquoise - Voyage de la Baleine","isPartOf":{"@id":"https:\/\/voyagedelabaleine.fr\/en\/#website"},"primaryImageOfPage":{"@id":"https:\/\/voyagedelabaleine.fr\/en\/product\/baby-smocked-top-and-striped-bloomer-set-turquoise\/#primaryimage"},"image":{"@id":"https:\/\/voyagedelabaleine.fr\/en\/product\/baby-smocked-top-and-striped-bloomer-set-turquoise\/#primaryimage"},"thumbnailUrl":"https:\/\/voyagedelabaleine.fr\/wp-content\/uploads\/2026\/02\/ensemble-bloomer-turquoise-blouse-smocks-1.jpg","datePublished":"2026-02-20T12:15:00+00:00","description":"Our baby smocked top and striped bloomer set \u2013 turquoise captivates with its perfect balance of softness and freshness.","breadcrumb":{"@id":"https:\/\/voyagedelabaleine.fr\/en\/product\/baby-smocked-top-and-striped-bloomer-set-turquoise\/#breadcrumb"},"inLanguage":"en-US","potentialAction":[{"@type":"ReadAction","target":["https:\/\/voyagedelabaleine.fr\/en\/product\/baby-smocked-top-and-striped-bloomer-set-turquoise\/"]}]},{"@type":"ImageObject","inLanguage":"en-US","@id":"https:\/\/voyagedelabaleine.fr\/en\/product\/baby-smocked-top-and-striped-bloomer-set-turquoise\/#primaryimage","url":"https:\/\/voyagedelabaleine.fr\/wp-content\/uploads\/2026\/02\/ensemble-bloomer-turquoise-blouse-smocks-1.jpg","contentUrl":"https:\/\/voyagedelabaleine.fr\/wp-content\/uploads\/2026\/02\/ensemble-bloomer-turquoise-blouse-smocks-1.jpg","width":1300,"height":1734,"caption":"Ensemble b\u00e9b\u00e9 blouse blanche \u00e0 smocks et bloomer ray\u00e9 turquoise et blanc"},{"@type":"BreadcrumbList","@id":"https:\/\/voyagedelabaleine.fr\/en\/product\/baby-smocked-top-and-striped-bloomer-set-turquoise\/#breadcrumb","itemListElement":[{"@type":"ListItem","position":1,"name":"Accueil","item":"https:\/\/voyagedelabaleine.fr\/en\/timeless-refined-clothing-babies-children\/"},{"@type":"ListItem","position":2,"name":"All collection","item":"https:\/\/voyagedelabaleine.fr\/en\/shop\/"},{"@type":"ListItem","position":3,"name":"Baby smocked top and striped bloomer set &#8211; Turquoise"}]},{"@type":"WebSite","@id":"https:\/\/voyagedelabaleine.fr\/en\/#website","url":"https:\/\/voyagedelabaleine.fr\/en\/","name":"Voyage de la Baleine","description":"V\u00eatements intemporels et raffin\u00e9s pour b\u00e9b\u00e9s et enfants","publisher":{"@id":"https:\/\/voyagedelabaleine.fr\/en\/#organization"},"potentialAction":[{"@type":"SearchAction","target":{"@type":"EntryPoint","urlTemplate":"https:\/\/voyagedelabaleine.fr\/en\/?s={search_term_string}"},"query-input":{"@type":"PropertyValueSpecification","valueRequired":true,"valueName":"search_term_string"}}],"inLanguage":"en-US"},{"@type":"Organization","@id":"https:\/\/voyagedelabaleine.fr\/en\/#organization","name":"Voyage de la Baleine","url":"https:\/\/voyagedelabaleine.fr\/en\/","logo":{"@type":"ImageObject","inLanguage":"en-US","@id":"https:\/\/voyagedelabaleine.fr\/en\/#\/schema\/logo\/image\/","url":"https:\/\/voyagedelabaleine.fr\/wp-content\/uploads\/2025\/06\/logo.webp","contentUrl":"https:\/\/voyagedelabaleine.fr\/wp-content\/uploads\/2025\/06\/logo.webp","width":153,"height":64,"caption":"Voyage de la Baleine"},"image":{"@id":"https:\/\/voyagedelabaleine.fr\/en\/#\/schema\/logo\/image\/"},"sameAs":["https:\/\/www.facebook.com\/voyagedelabaleine\/","https:\/\/www.instagram.com\/voyagedelabaleine\/","https:\/\/www.pinterest.fr\/Voyagedelabaleine\/"]}]}},"_links":{"self":[{"href":"https:\/\/voyagedelabaleine.fr\/en\/wp-json\/wp\/v2\/product\/40040","targetHints":{"allow":["GET"]}}],"collection":[{"href":"https:\/\/voyagedelabaleine.fr\/en\/wp-json\/wp\/v2\/product"}],"about":[{"href":"https:\/\/voyagedelabaleine.fr\/en\/wp-json\/wp\/v2\/types\/product"}],"replies":[{"embeddable":true,"href":"https:\/\/voyagedelabaleine.fr\/en\/wp-json\/wp\/v2\/comments?post=40040"}],"wp:featuredmedia":[{"embeddable":true,"href":"https:\/\/voyagedelabaleine.fr\/en\/wp-json\/wp\/v2\/media\/39571"}],"wp:attachment":[{"href":"https:\/\/voyagedelabaleine.fr\/en\/wp-json\/wp\/v2\/media?parent=40040"}],"wp:term":[{"taxonomy":"product_brand","embeddable":true,"href":"https:\/\/voyagedelabaleine.fr\/en\/wp-json\/wp\/v2\/product_brand?post=40040"},{"taxonomy":"product_cat","embeddable":true,"href":"https:\/\/voyagedelabaleine.fr\/en\/wp-json\/wp\/v2\/product_cat?post=40040"},{"taxonomy":"product_tag","embeddable":true,"href":"https:\/\/voyagedelabaleine.fr\/en\/wp-json\/wp\/v2\/product_tag?post=40040"}],"curies":[{"name":"wp","href":"https:\/\/api.w.org\/{rel}","templated":true}]}}