{"id":40637,"date":"2026-02-27T10:31:49","date_gmt":"2026-02-27T09:31:49","guid":{"rendered":"https:\/\/voyagedelabaleine.fr\/product\/set-of-2-baby-short-sleeved-bodysuits-white-nude\/"},"modified":"2026-02-27T10:31:49","modified_gmt":"2026-02-27T09:31:49","slug":"set-of-2-baby-short-sleeved-bodysuits-white-nude","status":"publish","type":"product","link":"https:\/\/voyagedelabaleine.fr\/en\/product\/set-of-2-baby-short-sleeved-bodysuits-white-nude\/","title":{"rendered":"Set of 2 baby short-sleeved bodysuits \u2013 White &amp; Nude"},"content":{"rendered":"<h3 data-section-id=\"1ghohn\" data-start=\"330\" data-end=\"385\">A set of 2 essential and timeless baby bodysuits<\/h3>\n<p data-start=\"387\" data-end=\"615\">Our <strong data-start=\"393\" data-end=\"449\">set of 2 baby short-sleeved bodysuits \u2013 white and nude<\/strong> combines two essentials for every little one&#8217;s wardrobe. Designed for daily wear, these round-neck bodysuits combine comfort, softness, and understated elegance. <\/p>\n<p data-start=\"617\" data-end=\"859\">The <strong data-start=\"620\" data-end=\"643\">bright white bodysuit<\/strong> is an absolute classic, easy to pair with any outfit.<br data-start=\"710\" data-end=\"713\">The <strong data-start=\"716\" data-end=\"737\">delicate nude bodysuit<\/strong> adds a warm, modern touch, perfect for varying looks while remaining in soft, refined tones.<\/p>\n<p data-start=\"861\" data-end=\"948\">Two complementary colors to create a harmonious wardrobe from birth.<\/p>\n<h3 data-section-id=\"1fr9w1g\" data-start=\"950\" data-end=\"987\">An elegant and practical round neck<\/h3>\n<p data-start=\"989\" data-end=\"1178\">Each short-sleeved baby bodysuit features a <strong data-start=\"1036\" data-end=\"1059\">timeless round neck<\/strong> that delicately frames the face and allows the bodysuit to be worn alone or under a cardigan or dungarees.<\/p>\n<p data-start=\"1180\" data-end=\"1399\"><strong data-start=\"1184\" data-end=\"1219\">Snap buttons at the crotch<\/strong> make dressing and changing easy, an essential detail to simplify parents&#8217; daily lives. The cut is designed to follow baby&#8217;s natural movements without restriction. <\/p>\n<h3 data-section-id=\"1s8ttug\" data-start=\"1401\" data-end=\"1454\">Soft materials suitable for sensitive skin<\/h3>\n<p data-start=\"144\" data-end=\"388\">Both bodysuits are made from <strong data-start=\"182\" data-end=\"196\">soft cotton<\/strong>, a natural, breathable material that is pleasant against baby&#8217;s fragile skin. The cotton ensures comfort and lightness throughout the day, allowing baby to move freely. <\/p>\n<p data-start=\"390\" data-end=\"546\" data-is-last-node=\"\" data-is-only-node=\"\">It retains its softness and shape wash after wash, guaranteeing durable, comfortable bodysuits perfectly suited for a little one&#8217;s daily life.<\/p>\n<h3 data-section-id=\"w3t1so\" data-start=\"1840\" data-end=\"1876\">Two bodysuits easy to match<\/h3>\n<p data-start=\"1878\" data-end=\"1948\">This <strong data-start=\"1881\" data-end=\"1917\">set of nude and white baby bodysuits<\/strong> coordinates easily with:<\/p>\n<ul data-start=\"1949\" data-end=\"2067\">\n<li data-section-id=\"1bssgpy\" data-start=\"1949\" data-end=\"1970\">\n<p data-start=\"1951\" data-end=\"1970\">floral bloomers<\/p>\n<\/li>\n<li data-section-id=\"1rqi5k2\" data-start=\"1971\" data-end=\"1988\">\n<p data-start=\"1973\" data-end=\"1988\">striped shorts<\/p>\n<\/li>\n<li data-section-id=\"decf93\" data-start=\"1989\" data-end=\"2006\">\n<p data-start=\"1991\" data-end=\"2006\">dungarees<\/p>\n<\/li>\n<li data-section-id=\"d2tf41\" data-start=\"2007\" data-end=\"2028\">\n<p data-start=\"2009\" data-end=\"2028\">lightweight trousers<\/p>\n<\/li>\n<li data-section-id=\"oinft5\" data-start=\"2029\" data-end=\"2067\">\n<p data-start=\"2031\" data-end=\"2067\">or a complete newborn outfit<\/p>\n<\/li>\n<\/ul>\n<p data-start=\"2069\" data-end=\"2168\">White brings freshness and purity, while nude offers a subtle and elegant alternative.<\/p>\n<h3 data-section-id=\"1gr6mm4\" data-start=\"2170\" data-end=\"2210\">Careful European craftsmanship<\/h3>\n<p data-start=\"2212\" data-end=\"2418\">Both bodysuits are <strong data-start=\"2233\" data-end=\"2257\">made in Spain<\/strong>, guaranteeing craftsmanship, precise finishes, and lasting quality. The seams are neat, the buttons durable, and the fabrics carefully selected. <\/p>\n<h3 data-section-id=\"ebqsqd\" data-start=\"2425\" data-end=\"2465\">A baby wardrobe essential<\/h3>\n<p data-start=\"2467\" data-end=\"2721\">This <strong data-start=\"2470\" data-end=\"2524\">set of 2 baby short-sleeved bodysuits in nude and white<\/strong> is an ideal choice for building a functional and refined wardrobe base. To be worn alone in summer or as a base layer in winter, they accompany baby gently from the very first days. <\/p>\n<p data-start=\"2723\" data-end=\"2816\"><em>A practical and elegant duo, faithful to the delicate and timeless world of Voyage de la Baleine.<\/em><\/p>\n","protected":false},"excerpt":{"rendered":"<ul>\n<li>Set of 2 bodysuits<\/li>\n<li>Round collar<\/li>\n<li>Short sleeves<\/li>\n<li>Snaps at crotch<\/li>\n<li>95% cotton, 5% elastane<\/li>\n<li>Made in Spain<\/li>\n<\/ul>\n","protected":false},"featured_media":40590,"comment_status":"open","ping_status":"closed","template":"","meta":{"ocean_post_layout":"","ocean_both_sidebars_style":"","ocean_both_sidebars_content_width":0,"ocean_both_sidebars_sidebars_width":0,"ocean_sidebar":"0","ocean_second_sidebar":"0","ocean_disable_margins":"enable","ocean_add_body_class":"","ocean_shortcode_before_top_bar":"","ocean_shortcode_after_top_bar":"","ocean_shortcode_before_header":"","ocean_shortcode_after_header":"","ocean_has_shortcode":"","ocean_shortcode_after_title":"","ocean_shortcode_before_footer_widgets":"","ocean_shortcode_after_footer_widgets":"","ocean_shortcode_before_footer_bottom":"","ocean_shortcode_after_footer_bottom":"","ocean_display_top_bar":"default","ocean_display_header":"default","ocean_header_style":"","ocean_center_header_left_menu":"0","ocean_custom_header_template":"0","ocean_custom_logo":0,"ocean_custom_retina_logo":0,"ocean_custom_logo_max_width":0,"ocean_custom_logo_tablet_max_width":0,"ocean_custom_logo_mobile_max_width":0,"ocean_custom_logo_max_height":0,"ocean_custom_logo_tablet_max_height":0,"ocean_custom_logo_mobile_max_height":0,"ocean_header_custom_menu":"0","ocean_menu_typo_font_family":"0","ocean_menu_typo_font_subset":"","ocean_menu_typo_font_size":0,"ocean_menu_typo_font_size_tablet":0,"ocean_menu_typo_font_size_mobile":0,"ocean_menu_typo_font_size_unit":"px","ocean_menu_typo_font_weight":"","ocean_menu_typo_font_weight_tablet":"","ocean_menu_typo_font_weight_mobile":"","ocean_menu_typo_transform":"","ocean_menu_typo_transform_tablet":"","ocean_menu_typo_transform_mobile":"","ocean_menu_typo_line_height":0,"ocean_menu_typo_line_height_tablet":0,"ocean_menu_typo_line_height_mobile":0,"ocean_menu_typo_line_height_unit":"","ocean_menu_typo_spacing":0,"ocean_menu_typo_spacing_tablet":0,"ocean_menu_typo_spacing_mobile":0,"ocean_menu_typo_spacing_unit":"","ocean_menu_link_color":"","ocean_menu_link_color_hover":"","ocean_menu_link_color_active":"","ocean_menu_link_background":"","ocean_menu_link_hover_background":"","ocean_menu_link_active_background":"","ocean_menu_social_links_bg":"","ocean_menu_social_hover_links_bg":"","ocean_menu_social_links_color":"","ocean_menu_social_hover_links_color":"","ocean_disable_title":"default","ocean_disable_heading":"default","ocean_post_title":"","ocean_post_subheading":"","ocean_post_title_style":"","ocean_post_title_background_color":"","ocean_post_title_background":0,"ocean_post_title_bg_image_position":"","ocean_post_title_bg_image_attachment":"","ocean_post_title_bg_image_repeat":"","ocean_post_title_bg_image_size":"","ocean_post_title_height":0,"ocean_post_title_bg_overlay":0.5,"ocean_post_title_bg_overlay_color":"","ocean_disable_breadcrumbs":"default","ocean_breadcrumbs_color":"","ocean_breadcrumbs_separator_color":"","ocean_breadcrumbs_links_color":"","ocean_breadcrumbs_links_hover_color":"","ocean_display_footer_widgets":"default","ocean_display_footer_bottom":"default","ocean_custom_footer_template":"0","osh_disable_topbar_sticky":"default","osh_disable_header_sticky":"default","osh_sticky_header_style":"default","osh_sticky_header_effect":"","osh_custom_sticky_logo":0,"osh_custom_retina_sticky_logo":0,"osh_custom_sticky_logo_height":0,"osh_background_color":"","osh_links_color":"","osh_links_hover_color":"","osh_links_active_color":"","osh_links_bg_color":"","osh_links_hover_bg_color":"","osh_links_active_bg_color":"","osh_menu_social_links_color":"","osh_menu_social_hover_links_color":""},"product_brand":[],"product_cat":[6609,6615,6606,6683,6691],"product_tag":[],"class_list":{"0":"post-40637","1":"product","2":"type-product","3":"status-publish","4":"has-post-thumbnail","6":"product_cat-baby-bodysuit","7":"product_cat-baby-girl-bodysuit","8":"product_cat-bodysuit","9":"product_cat-newborn-bodysuit","10":"product_cat-newborn-girl-bodysuits","12":"entry","13":"has-media","15":"first","16":"instock","17":"taxable","18":"shipping-taxable","19":"purchasable","20":"product-type-variable","21":"has-default-attributes","22":"col","23":"span_1_of_3","24":"owp-content-center","25":"owp-thumbs-layout-vertical","26":"owp-btn-big","27":"owp-tabs-layout-vertical","28":"circle-sale"},"yoast_head":"<!-- This site is optimized with the Yoast SEO plugin v27.1.1 - https:\/\/yoast.com\/product\/yoast-seo-wordpress\/ -->\n<title>Set of 2 baby short-sleeved bodysuits \u2013 White &amp; Nude - Voyage de la Baleine<\/title>\n<meta name=\"description\" content=\"Our set of 2 baby short-sleeved bodysuits \u2013 white and nude combines two essentials for every little one&#039;s wardrobe. Made in Spain.\" \/>\n<meta name=\"robots\" content=\"index, follow, max-snippet:-1, max-image-preview:large, max-video-preview:-1\" \/>\n<link rel=\"canonical\" href=\"https:\/\/voyagedelabaleine.fr\/en\/product\/set-of-2-baby-short-sleeved-bodysuits-white-nude\/\" \/>\n<meta property=\"og:locale\" content=\"en_US\" \/>\n<meta property=\"og:type\" content=\"article\" \/>\n<meta property=\"og:title\" content=\"Set of 2 baby short-sleeved bodysuits \u2013 White &amp; Nude - Voyage de la Baleine\" \/>\n<meta property=\"og:description\" content=\"Our set of 2 baby short-sleeved bodysuits \u2013 white and nude combines two essentials for every little one&#039;s wardrobe. Made in Spain.\" \/>\n<meta property=\"og:url\" content=\"https:\/\/voyagedelabaleine.fr\/en\/product\/set-of-2-baby-short-sleeved-bodysuits-white-nude\/\" \/>\n<meta property=\"og:site_name\" content=\"Voyage de la Baleine\" \/>\n<meta property=\"article:publisher\" content=\"https:\/\/www.facebook.com\/voyagedelabaleine\/\" \/>\n<meta property=\"og:image\" content=\"https:\/\/voyagedelabaleine.fr\/wp-content\/uploads\/2026\/02\/lot-2-bodies-coton-rose-blanc.jpg\" \/>\n\t<meta property=\"og:image:width\" content=\"1322\" \/>\n\t<meta property=\"og:image:height\" content=\"1763\" \/>\n\t<meta property=\"og:image:type\" content=\"image\/jpeg\" \/>\n<meta name=\"twitter:card\" content=\"summary_large_image\" \/>\n<meta name=\"twitter:label1\" content=\"Est. reading time\" \/>\n\t<meta name=\"twitter:data1\" content=\"2 minutes\" \/>\n<script type=\"application\/ld+json\" class=\"yoast-schema-graph\">{\"@context\":\"https:\/\/schema.org\",\"@graph\":[{\"@type\":\"WebPage\",\"@id\":\"https:\/\/voyagedelabaleine.fr\/en\/product\/set-of-2-baby-short-sleeved-bodysuits-white-nude\/\",\"url\":\"https:\/\/voyagedelabaleine.fr\/en\/product\/set-of-2-baby-short-sleeved-bodysuits-white-nude\/\",\"name\":\"Set of 2 baby short-sleeved bodysuits \u2013 White &amp; Nude - Voyage de la Baleine\",\"isPartOf\":{\"@id\":\"https:\/\/voyagedelabaleine.fr\/en\/#website\"},\"primaryImageOfPage\":{\"@id\":\"https:\/\/voyagedelabaleine.fr\/en\/product\/set-of-2-baby-short-sleeved-bodysuits-white-nude\/#primaryimage\"},\"image\":{\"@id\":\"https:\/\/voyagedelabaleine.fr\/en\/product\/set-of-2-baby-short-sleeved-bodysuits-white-nude\/#primaryimage\"},\"thumbnailUrl\":\"https:\/\/voyagedelabaleine.fr\/wp-content\/uploads\/2026\/02\/lot-2-bodies-coton-rose-blanc.jpg\",\"datePublished\":\"2026-02-27T09:31:49+00:00\",\"description\":\"Our set of 2 baby short-sleeved bodysuits \u2013 white and nude combines two essentials for every little one's wardrobe. Made in Spain.\",\"breadcrumb\":{\"@id\":\"https:\/\/voyagedelabaleine.fr\/en\/product\/set-of-2-baby-short-sleeved-bodysuits-white-nude\/#breadcrumb\"},\"inLanguage\":\"en-US\",\"potentialAction\":[{\"@type\":\"ReadAction\",\"target\":[\"https:\/\/voyagedelabaleine.fr\/en\/product\/set-of-2-baby-short-sleeved-bodysuits-white-nude\/\"]}]},{\"@type\":\"ImageObject\",\"inLanguage\":\"en-US\",\"@id\":\"https:\/\/voyagedelabaleine.fr\/en\/product\/set-of-2-baby-short-sleeved-bodysuits-white-nude\/#primaryimage\",\"url\":\"https:\/\/voyagedelabaleine.fr\/wp-content\/uploads\/2026\/02\/lot-2-bodies-coton-rose-blanc.jpg\",\"contentUrl\":\"https:\/\/voyagedelabaleine.fr\/wp-content\/uploads\/2026\/02\/lot-2-bodies-coton-rose-blanc.jpg\",\"width\":1322,\"height\":1763,\"caption\":\"Lot de 2 bodies b\u00e9b\u00e9 fille en coton \u00e0 col rond rose nude et blanc\"},{\"@type\":\"BreadcrumbList\",\"@id\":\"https:\/\/voyagedelabaleine.fr\/en\/product\/set-of-2-baby-short-sleeved-bodysuits-white-nude\/#breadcrumb\",\"itemListElement\":[{\"@type\":\"ListItem\",\"position\":1,\"name\":\"Accueil\",\"item\":\"https:\/\/voyagedelabaleine.fr\/en\/timeless-refined-clothing-babies-children\/\"},{\"@type\":\"ListItem\",\"position\":2,\"name\":\"All collection\",\"item\":\"https:\/\/voyagedelabaleine.fr\/en\/shop\/\"},{\"@type\":\"ListItem\",\"position\":3,\"name\":\"Set of 2 baby short-sleeved bodysuits \u2013 White &amp; Nude\"}]},{\"@type\":\"WebSite\",\"@id\":\"https:\/\/voyagedelabaleine.fr\/en\/#website\",\"url\":\"https:\/\/voyagedelabaleine.fr\/en\/\",\"name\":\"Voyage de la Baleine\",\"description\":\"V\u00eatements intemporels et raffin\u00e9s pour b\u00e9b\u00e9s et enfants\",\"publisher\":{\"@id\":\"https:\/\/voyagedelabaleine.fr\/en\/#organization\"},\"potentialAction\":[{\"@type\":\"SearchAction\",\"target\":{\"@type\":\"EntryPoint\",\"urlTemplate\":\"https:\/\/voyagedelabaleine.fr\/en\/?s={search_term_string}\"},\"query-input\":{\"@type\":\"PropertyValueSpecification\",\"valueRequired\":true,\"valueName\":\"search_term_string\"}}],\"inLanguage\":\"en-US\"},{\"@type\":\"Organization\",\"@id\":\"https:\/\/voyagedelabaleine.fr\/en\/#organization\",\"name\":\"Voyage de la Baleine\",\"url\":\"https:\/\/voyagedelabaleine.fr\/en\/\",\"logo\":{\"@type\":\"ImageObject\",\"inLanguage\":\"en-US\",\"@id\":\"https:\/\/voyagedelabaleine.fr\/en\/#\/schema\/logo\/image\/\",\"url\":\"https:\/\/voyagedelabaleine.fr\/wp-content\/uploads\/2025\/06\/logo.webp\",\"contentUrl\":\"https:\/\/voyagedelabaleine.fr\/wp-content\/uploads\/2025\/06\/logo.webp\",\"width\":153,\"height\":64,\"caption\":\"Voyage de la Baleine\"},\"image\":{\"@id\":\"https:\/\/voyagedelabaleine.fr\/en\/#\/schema\/logo\/image\/\"},\"sameAs\":[\"https:\/\/www.facebook.com\/voyagedelabaleine\/\",\"https:\/\/www.instagram.com\/voyagedelabaleine\/\",\"https:\/\/www.pinterest.fr\/Voyagedelabaleine\/\"]}]}<\/script>\n<!-- \/ Yoast SEO plugin. -->","yoast_head_json":{"title":"Set of 2 baby short-sleeved bodysuits \u2013 White &amp; Nude - Voyage de la Baleine","description":"Our set of 2 baby short-sleeved bodysuits \u2013 white and nude combines two essentials for every little one's wardrobe. Made in Spain.","robots":{"index":"index","follow":"follow","max-snippet":"max-snippet:-1","max-image-preview":"max-image-preview:large","max-video-preview":"max-video-preview:-1"},"canonical":"https:\/\/voyagedelabaleine.fr\/en\/product\/set-of-2-baby-short-sleeved-bodysuits-white-nude\/","og_locale":"en_US","og_type":"article","og_title":"Set of 2 baby short-sleeved bodysuits \u2013 White &amp; Nude - Voyage de la Baleine","og_description":"Our set of 2 baby short-sleeved bodysuits \u2013 white and nude combines two essentials for every little one's wardrobe. Made in Spain.","og_url":"https:\/\/voyagedelabaleine.fr\/en\/product\/set-of-2-baby-short-sleeved-bodysuits-white-nude\/","og_site_name":"Voyage de la Baleine","article_publisher":"https:\/\/www.facebook.com\/voyagedelabaleine\/","og_image":[{"width":1322,"height":1763,"url":"https:\/\/voyagedelabaleine.fr\/wp-content\/uploads\/2026\/02\/lot-2-bodies-coton-rose-blanc.jpg","type":"image\/jpeg"}],"twitter_card":"summary_large_image","twitter_misc":{"Est. reading time":"2 minutes"},"schema":{"@context":"https:\/\/schema.org","@graph":[{"@type":"WebPage","@id":"https:\/\/voyagedelabaleine.fr\/en\/product\/set-of-2-baby-short-sleeved-bodysuits-white-nude\/","url":"https:\/\/voyagedelabaleine.fr\/en\/product\/set-of-2-baby-short-sleeved-bodysuits-white-nude\/","name":"Set of 2 baby short-sleeved bodysuits \u2013 White &amp; Nude - Voyage de la Baleine","isPartOf":{"@id":"https:\/\/voyagedelabaleine.fr\/en\/#website"},"primaryImageOfPage":{"@id":"https:\/\/voyagedelabaleine.fr\/en\/product\/set-of-2-baby-short-sleeved-bodysuits-white-nude\/#primaryimage"},"image":{"@id":"https:\/\/voyagedelabaleine.fr\/en\/product\/set-of-2-baby-short-sleeved-bodysuits-white-nude\/#primaryimage"},"thumbnailUrl":"https:\/\/voyagedelabaleine.fr\/wp-content\/uploads\/2026\/02\/lot-2-bodies-coton-rose-blanc.jpg","datePublished":"2026-02-27T09:31:49+00:00","description":"Our set of 2 baby short-sleeved bodysuits \u2013 white and nude combines two essentials for every little one's wardrobe. Made in Spain.","breadcrumb":{"@id":"https:\/\/voyagedelabaleine.fr\/en\/product\/set-of-2-baby-short-sleeved-bodysuits-white-nude\/#breadcrumb"},"inLanguage":"en-US","potentialAction":[{"@type":"ReadAction","target":["https:\/\/voyagedelabaleine.fr\/en\/product\/set-of-2-baby-short-sleeved-bodysuits-white-nude\/"]}]},{"@type":"ImageObject","inLanguage":"en-US","@id":"https:\/\/voyagedelabaleine.fr\/en\/product\/set-of-2-baby-short-sleeved-bodysuits-white-nude\/#primaryimage","url":"https:\/\/voyagedelabaleine.fr\/wp-content\/uploads\/2026\/02\/lot-2-bodies-coton-rose-blanc.jpg","contentUrl":"https:\/\/voyagedelabaleine.fr\/wp-content\/uploads\/2026\/02\/lot-2-bodies-coton-rose-blanc.jpg","width":1322,"height":1763,"caption":"Lot de 2 bodies b\u00e9b\u00e9 fille en coton \u00e0 col rond rose nude et blanc"},{"@type":"BreadcrumbList","@id":"https:\/\/voyagedelabaleine.fr\/en\/product\/set-of-2-baby-short-sleeved-bodysuits-white-nude\/#breadcrumb","itemListElement":[{"@type":"ListItem","position":1,"name":"Accueil","item":"https:\/\/voyagedelabaleine.fr\/en\/timeless-refined-clothing-babies-children\/"},{"@type":"ListItem","position":2,"name":"All collection","item":"https:\/\/voyagedelabaleine.fr\/en\/shop\/"},{"@type":"ListItem","position":3,"name":"Set of 2 baby short-sleeved bodysuits \u2013 White &amp; Nude"}]},{"@type":"WebSite","@id":"https:\/\/voyagedelabaleine.fr\/en\/#website","url":"https:\/\/voyagedelabaleine.fr\/en\/","name":"Voyage de la Baleine","description":"V\u00eatements intemporels et raffin\u00e9s pour b\u00e9b\u00e9s et enfants","publisher":{"@id":"https:\/\/voyagedelabaleine.fr\/en\/#organization"},"potentialAction":[{"@type":"SearchAction","target":{"@type":"EntryPoint","urlTemplate":"https:\/\/voyagedelabaleine.fr\/en\/?s={search_term_string}"},"query-input":{"@type":"PropertyValueSpecification","valueRequired":true,"valueName":"search_term_string"}}],"inLanguage":"en-US"},{"@type":"Organization","@id":"https:\/\/voyagedelabaleine.fr\/en\/#organization","name":"Voyage de la Baleine","url":"https:\/\/voyagedelabaleine.fr\/en\/","logo":{"@type":"ImageObject","inLanguage":"en-US","@id":"https:\/\/voyagedelabaleine.fr\/en\/#\/schema\/logo\/image\/","url":"https:\/\/voyagedelabaleine.fr\/wp-content\/uploads\/2025\/06\/logo.webp","contentUrl":"https:\/\/voyagedelabaleine.fr\/wp-content\/uploads\/2025\/06\/logo.webp","width":153,"height":64,"caption":"Voyage de la Baleine"},"image":{"@id":"https:\/\/voyagedelabaleine.fr\/en\/#\/schema\/logo\/image\/"},"sameAs":["https:\/\/www.facebook.com\/voyagedelabaleine\/","https:\/\/www.instagram.com\/voyagedelabaleine\/","https:\/\/www.pinterest.fr\/Voyagedelabaleine\/"]}]}},"_links":{"self":[{"href":"https:\/\/voyagedelabaleine.fr\/en\/wp-json\/wp\/v2\/product\/40637","targetHints":{"allow":["GET"]}}],"collection":[{"href":"https:\/\/voyagedelabaleine.fr\/en\/wp-json\/wp\/v2\/product"}],"about":[{"href":"https:\/\/voyagedelabaleine.fr\/en\/wp-json\/wp\/v2\/types\/product"}],"replies":[{"embeddable":true,"href":"https:\/\/voyagedelabaleine.fr\/en\/wp-json\/wp\/v2\/comments?post=40637"}],"wp:featuredmedia":[{"embeddable":true,"href":"https:\/\/voyagedelabaleine.fr\/en\/wp-json\/wp\/v2\/media\/40590"}],"wp:attachment":[{"href":"https:\/\/voyagedelabaleine.fr\/en\/wp-json\/wp\/v2\/media?parent=40637"}],"wp:term":[{"taxonomy":"product_brand","embeddable":true,"href":"https:\/\/voyagedelabaleine.fr\/en\/wp-json\/wp\/v2\/product_brand?post=40637"},{"taxonomy":"product_cat","embeddable":true,"href":"https:\/\/voyagedelabaleine.fr\/en\/wp-json\/wp\/v2\/product_cat?post=40637"},{"taxonomy":"product_tag","embeddable":true,"href":"https:\/\/voyagedelabaleine.fr\/en\/wp-json\/wp\/v2\/product_tag?post=40637"}],"curies":[{"name":"wp","href":"https:\/\/api.w.org\/{rel}","templated":true}]}}