{"id":40672,"date":"2026-02-27T10:37:59","date_gmt":"2026-02-27T09:37:59","guid":{"rendered":"https:\/\/voyagedelabaleine.fr\/product\/set-of-2-baby-short-sleeve-bodysuits-white-sky-blue\/"},"modified":"2026-02-27T10:37:59","modified_gmt":"2026-02-27T09:37:59","slug":"set-of-2-baby-short-sleeve-bodysuits-white-sky-blue","status":"publish","type":"product","link":"https:\/\/voyagedelabaleine.fr\/en\/product\/set-of-2-baby-short-sleeve-bodysuits-white-sky-blue\/","title":{"rendered":"Set of 2 baby short-sleeve bodysuits \u2013 White &amp; Sky Blue"},"content":{"rendered":"<h3 data-section-id=\"cq5umh\" data-start=\"291\" data-end=\"344\">A timeless, bright set of 2 baby bodysuits<\/h3>\n<p data-start=\"346\" data-end=\"617\">Our <strong data-start=\"352\" data-end=\"413\">set of 2 baby short-sleeve bodysuits \u2013 white and sky blue<\/strong> brings together two essentials for little ones\u2019 wardrobes. These two soft, bright shades make it easy to create a harmonious wardrobe, ideal for the first months as well as warmer seasons. <\/p>\n<p data-start=\"619\" data-end=\"851\">The <strong data-start=\"622\" data-end=\"636\">white bodysuit<\/strong> embodies simplicity and purity\u2014an essential in any baby outfit.<br data-start=\"712\" data-end=\"715\">The <strong data-start=\"718\" data-end=\"736\">sky-blue bodysuit<\/strong> adds a fresh, delicate touch, perfect for mixing and matching while keeping a refined, understated elegance.<\/p>\n<p data-start=\"853\" data-end=\"925\">Two complementary pieces, designed to accompany baby every day.<\/p>\n<h3 data-section-id=\"3c64tc\" data-start=\"927\" data-end=\"965\">A classic, refined round neck<\/h3>\n<p data-start=\"967\" data-end=\"1156\">Each baby short-sleeve bodysuit features a <strong data-start=\"1014\" data-end=\"1037\">timeless round neck<\/strong> that gently frames the face and can be worn on its own or under a blouse, cardigan, or dungarees.<\/p>\n<p data-start=\"1158\" data-end=\"1409\">The <strong data-start=\"1162\" data-end=\"1197\">snap buttons at the crotch<\/strong> make dressing and changing easier, keeping these bodysuits practical for parents while ensuring comfort and support for baby. The cut is designed to respect little ones\u2019 freedom of movement. <\/p>\n<h3 data-section-id=\"i7w4tj\" data-start=\"1411\" data-end=\"1443\">Soft and breathable cotton<\/h3>\n<p data-start=\"1445\" data-end=\"1656\">Both bodysuits are made from <strong data-start=\"1483\" data-end=\"1497\">soft cotton<\/strong>, a natural fabric ideal for babies\u2019 sensitive skin. Breathable and comfortable to wear, cotton provides lightness and comfort all day long. <\/p>\n<p data-start=\"1658\" data-end=\"1780\">It keeps its softness and shape wash after wash, ensuring durable pieces suited to everyday wear.<\/p>\n<h3 data-section-id=\"1i70rgp\" data-start=\"1782\" data-end=\"1819\">Two easy-to-match colours<\/h3>\n<p data-start=\"1821\" data-end=\"1896\">This <strong data-start=\"1824\" data-end=\"1865\">set of white and sky-blue baby bodysuits<\/strong> pairs easily with:<\/p>\n<ul data-start=\"1897\" data-end=\"2024\">\n<li data-section-id=\"1bssgpy\" data-start=\"1897\" data-end=\"1918\">\n<p data-start=\"1899\" data-end=\"1918\">a floral bloomer<\/p>\n<\/li>\n<li data-section-id=\"1rqi5k2\" data-start=\"1919\" data-end=\"1936\">\n<p data-start=\"1921\" data-end=\"1936\">striped shorts<\/p>\n<\/li>\n<li data-section-id=\"r0vo1x\" data-start=\"1937\" data-end=\"1963\">\n<p data-start=\"1939\" data-end=\"1963\">cotton dungarees<\/p>\n<\/li>\n<li data-section-id=\"d2tf41\" data-start=\"1964\" data-end=\"1985\">\n<p data-start=\"1966\" data-end=\"1985\">lightweight trousers<\/p>\n<\/li>\n<li data-section-id=\"oinft5\" data-start=\"1986\" data-end=\"2024\">\n<p data-start=\"1988\" data-end=\"2024\">or a complete newborn outfit<\/p>\n<\/li>\n<\/ul>\n<p data-start=\"2026\" data-end=\"2125\">White adds brightness and simplicity, while sky blue creates a soft, elegant contrast.<\/p>\n<h3 data-section-id=\"s6p68g\" data-start=\"2127\" data-end=\"2170\">Quality European Manufacturing<\/h3>\n<p data-start=\"2172\" data-end=\"2374\">Made in Spain, these bodysuits benefit from recognised craftsmanship and careful finishing. Neat seams, sturdy snaps, and carefully selected fabrics ensure quality and durability. <\/p>\n<h3 data-section-id=\"ebqsqd\" data-start=\"2381\" data-end=\"2421\">A baby wardrobe essential<\/h3>\n<p data-start=\"2423\" data-end=\"2678\">This <strong data-start=\"2426\" data-end=\"2485\">set of 2 baby short-sleeve bodysuits in white and sky blue<\/strong> is the perfect base for creating comfortable, refined outfits. Worn on their own in summer or as a base layer in any season, they keep baby cosy from birth. <\/p>\n<p data-start=\"2680\" data-end=\"2763\"><em>An essential duo, true to the delicate, timeless world of Voyage de la Baleine.<\/em><\/p>\n","protected":false},"excerpt":{"rendered":"<ul>\n<li>Set of 2 bodysuits<\/li>\n<li>Round collar<\/li>\n<li>Short sleeves<\/li>\n<li>Snaps at crotch<\/li>\n<li>95% cotton, 5% elastane<\/li>\n<li>Made in Spain<\/li>\n<\/ul>\n","protected":false},"featured_media":40611,"comment_status":"open","ping_status":"closed","template":"","meta":{"ocean_post_layout":"","ocean_both_sidebars_style":"","ocean_both_sidebars_content_width":0,"ocean_both_sidebars_sidebars_width":0,"ocean_sidebar":"0","ocean_second_sidebar":"0","ocean_disable_margins":"enable","ocean_add_body_class":"","ocean_shortcode_before_top_bar":"","ocean_shortcode_after_top_bar":"","ocean_shortcode_before_header":"","ocean_shortcode_after_header":"","ocean_has_shortcode":"","ocean_shortcode_after_title":"","ocean_shortcode_before_footer_widgets":"","ocean_shortcode_after_footer_widgets":"","ocean_shortcode_before_footer_bottom":"","ocean_shortcode_after_footer_bottom":"","ocean_display_top_bar":"default","ocean_display_header":"default","ocean_header_style":"","ocean_center_header_left_menu":"0","ocean_custom_header_template":"0","ocean_custom_logo":0,"ocean_custom_retina_logo":0,"ocean_custom_logo_max_width":0,"ocean_custom_logo_tablet_max_width":0,"ocean_custom_logo_mobile_max_width":0,"ocean_custom_logo_max_height":0,"ocean_custom_logo_tablet_max_height":0,"ocean_custom_logo_mobile_max_height":0,"ocean_header_custom_menu":"0","ocean_menu_typo_font_family":"0","ocean_menu_typo_font_subset":"","ocean_menu_typo_font_size":0,"ocean_menu_typo_font_size_tablet":0,"ocean_menu_typo_font_size_mobile":0,"ocean_menu_typo_font_size_unit":"px","ocean_menu_typo_font_weight":"","ocean_menu_typo_font_weight_tablet":"","ocean_menu_typo_font_weight_mobile":"","ocean_menu_typo_transform":"","ocean_menu_typo_transform_tablet":"","ocean_menu_typo_transform_mobile":"","ocean_menu_typo_line_height":0,"ocean_menu_typo_line_height_tablet":0,"ocean_menu_typo_line_height_mobile":0,"ocean_menu_typo_line_height_unit":"","ocean_menu_typo_spacing":0,"ocean_menu_typo_spacing_tablet":0,"ocean_menu_typo_spacing_mobile":0,"ocean_menu_typo_spacing_unit":"","ocean_menu_link_color":"","ocean_menu_link_color_hover":"","ocean_menu_link_color_active":"","ocean_menu_link_background":"","ocean_menu_link_hover_background":"","ocean_menu_link_active_background":"","ocean_menu_social_links_bg":"","ocean_menu_social_hover_links_bg":"","ocean_menu_social_links_color":"","ocean_menu_social_hover_links_color":"","ocean_disable_title":"default","ocean_disable_heading":"default","ocean_post_title":"","ocean_post_subheading":"","ocean_post_title_style":"","ocean_post_title_background_color":"","ocean_post_title_background":0,"ocean_post_title_bg_image_position":"","ocean_post_title_bg_image_attachment":"","ocean_post_title_bg_image_repeat":"","ocean_post_title_bg_image_size":"","ocean_post_title_height":0,"ocean_post_title_bg_overlay":0.5,"ocean_post_title_bg_overlay_color":"","ocean_disable_breadcrumbs":"default","ocean_breadcrumbs_color":"","ocean_breadcrumbs_separator_color":"","ocean_breadcrumbs_links_color":"","ocean_breadcrumbs_links_hover_color":"","ocean_display_footer_widgets":"default","ocean_display_footer_bottom":"default","ocean_custom_footer_template":"0","osh_disable_topbar_sticky":"default","osh_disable_header_sticky":"default","osh_sticky_header_style":"default","osh_sticky_header_effect":"","osh_custom_sticky_logo":0,"osh_custom_retina_sticky_logo":0,"osh_custom_sticky_logo_height":0,"osh_background_color":"","osh_links_color":"","osh_links_hover_color":"","osh_links_active_color":"","osh_links_bg_color":"","osh_links_hover_bg_color":"","osh_links_active_bg_color":"","osh_menu_social_links_color":"","osh_menu_social_hover_links_color":""},"product_brand":[],"product_cat":[6609,6628,6615,6606,6683,6702,6691],"product_tag":[],"class_list":{"0":"post-40672","1":"product","2":"type-product","3":"status-publish","4":"has-post-thumbnail","6":"product_cat-baby-bodysuit","7":"product_cat-baby-boy-bodysuit","8":"product_cat-baby-girl-bodysuit","9":"product_cat-bodysuit","10":"product_cat-newborn-bodysuit","11":"product_cat-newborn-boy-bodysuits","12":"product_cat-newborn-girl-bodysuits","14":"entry","15":"has-media","17":"first","18":"instock","19":"taxable","20":"shipping-taxable","21":"purchasable","22":"product-type-variable","23":"has-default-attributes","24":"col","25":"span_1_of_3","26":"owp-content-center","27":"owp-thumbs-layout-vertical","28":"owp-btn-big","29":"owp-tabs-layout-vertical","30":"circle-sale"},"yoast_head":"<!-- This site is optimized with the Yoast SEO plugin v27.1.1 - https:\/\/yoast.com\/product\/yoast-seo-wordpress\/ -->\n<title>Set of 2 baby short-sleeve bodysuits \u2013 White &amp; Sky Blue - Voyage de la Baleine<\/title>\n<meta name=\"description\" content=\"Our set of 2 baby short-sleeve bodysuits \u2013 white and sky blue brings together two essentials for little ones\u2019 wardrobes. Made in Spain.\" \/>\n<meta name=\"robots\" content=\"index, follow, max-snippet:-1, max-image-preview:large, max-video-preview:-1\" \/>\n<link rel=\"canonical\" href=\"https:\/\/voyagedelabaleine.fr\/en\/product\/set-of-2-baby-short-sleeve-bodysuits-white-sky-blue\/\" \/>\n<meta property=\"og:locale\" content=\"en_US\" \/>\n<meta property=\"og:type\" content=\"article\" \/>\n<meta property=\"og:title\" content=\"Set of 2 baby short-sleeve bodysuits \u2013 White &amp; Sky Blue - Voyage de la Baleine\" \/>\n<meta property=\"og:description\" content=\"Our set of 2 baby short-sleeve bodysuits \u2013 white and sky blue brings together two essentials for little ones\u2019 wardrobes. Made in Spain.\" \/>\n<meta property=\"og:url\" content=\"https:\/\/voyagedelabaleine.fr\/en\/product\/set-of-2-baby-short-sleeve-bodysuits-white-sky-blue\/\" \/>\n<meta property=\"og:site_name\" content=\"Voyage de la Baleine\" \/>\n<meta property=\"article:publisher\" content=\"https:\/\/www.facebook.com\/voyagedelabaleine\/\" \/>\n<meta property=\"og:image\" content=\"https:\/\/voyagedelabaleine.fr\/wp-content\/uploads\/2026\/02\/lot-2-bodies-coton-bleu-blanc.jpg\" \/>\n\t<meta property=\"og:image:width\" content=\"1322\" \/>\n\t<meta property=\"og:image:height\" content=\"1763\" \/>\n\t<meta property=\"og:image:type\" content=\"image\/jpeg\" \/>\n<meta name=\"twitter:card\" content=\"summary_large_image\" \/>\n<meta name=\"twitter:label1\" content=\"Est. reading time\" \/>\n\t<meta name=\"twitter:data1\" content=\"2 minutes\" \/>\n<script type=\"application\/ld+json\" class=\"yoast-schema-graph\">{\"@context\":\"https:\/\/schema.org\",\"@graph\":[{\"@type\":\"WebPage\",\"@id\":\"https:\/\/voyagedelabaleine.fr\/en\/product\/set-of-2-baby-short-sleeve-bodysuits-white-sky-blue\/\",\"url\":\"https:\/\/voyagedelabaleine.fr\/en\/product\/set-of-2-baby-short-sleeve-bodysuits-white-sky-blue\/\",\"name\":\"Set of 2 baby short-sleeve bodysuits \u2013 White &amp; Sky Blue - Voyage de la Baleine\",\"isPartOf\":{\"@id\":\"https:\/\/voyagedelabaleine.fr\/en\/#website\"},\"primaryImageOfPage\":{\"@id\":\"https:\/\/voyagedelabaleine.fr\/en\/product\/set-of-2-baby-short-sleeve-bodysuits-white-sky-blue\/#primaryimage\"},\"image\":{\"@id\":\"https:\/\/voyagedelabaleine.fr\/en\/product\/set-of-2-baby-short-sleeve-bodysuits-white-sky-blue\/#primaryimage\"},\"thumbnailUrl\":\"https:\/\/voyagedelabaleine.fr\/wp-content\/uploads\/2026\/02\/lot-2-bodies-coton-bleu-blanc.jpg\",\"datePublished\":\"2026-02-27T09:37:59+00:00\",\"description\":\"Our set of 2 baby short-sleeve bodysuits \u2013 white and sky blue brings together two essentials for little ones\u2019 wardrobes. Made in Spain.\",\"breadcrumb\":{\"@id\":\"https:\/\/voyagedelabaleine.fr\/en\/product\/set-of-2-baby-short-sleeve-bodysuits-white-sky-blue\/#breadcrumb\"},\"inLanguage\":\"en-US\",\"potentialAction\":[{\"@type\":\"ReadAction\",\"target\":[\"https:\/\/voyagedelabaleine.fr\/en\/product\/set-of-2-baby-short-sleeve-bodysuits-white-sky-blue\/\"]}]},{\"@type\":\"ImageObject\",\"inLanguage\":\"en-US\",\"@id\":\"https:\/\/voyagedelabaleine.fr\/en\/product\/set-of-2-baby-short-sleeve-bodysuits-white-sky-blue\/#primaryimage\",\"url\":\"https:\/\/voyagedelabaleine.fr\/wp-content\/uploads\/2026\/02\/lot-2-bodies-coton-bleu-blanc.jpg\",\"contentUrl\":\"https:\/\/voyagedelabaleine.fr\/wp-content\/uploads\/2026\/02\/lot-2-bodies-coton-bleu-blanc.jpg\",\"width\":1322,\"height\":1763,\"caption\":\"Lot de 2 bodies b\u00e9b\u00e9 en coton \u00e0 col rond bleu ciel et blanc\"},{\"@type\":\"BreadcrumbList\",\"@id\":\"https:\/\/voyagedelabaleine.fr\/en\/product\/set-of-2-baby-short-sleeve-bodysuits-white-sky-blue\/#breadcrumb\",\"itemListElement\":[{\"@type\":\"ListItem\",\"position\":1,\"name\":\"Accueil\",\"item\":\"https:\/\/voyagedelabaleine.fr\/en\/timeless-refined-clothing-babies-children\/\"},{\"@type\":\"ListItem\",\"position\":2,\"name\":\"All collection\",\"item\":\"https:\/\/voyagedelabaleine.fr\/en\/shop\/\"},{\"@type\":\"ListItem\",\"position\":3,\"name\":\"Set of 2 baby short-sleeve bodysuits \u2013 White &amp; Sky Blue\"}]},{\"@type\":\"WebSite\",\"@id\":\"https:\/\/voyagedelabaleine.fr\/en\/#website\",\"url\":\"https:\/\/voyagedelabaleine.fr\/en\/\",\"name\":\"Voyage de la Baleine\",\"description\":\"V\u00eatements intemporels et raffin\u00e9s pour b\u00e9b\u00e9s et enfants\",\"publisher\":{\"@id\":\"https:\/\/voyagedelabaleine.fr\/en\/#organization\"},\"potentialAction\":[{\"@type\":\"SearchAction\",\"target\":{\"@type\":\"EntryPoint\",\"urlTemplate\":\"https:\/\/voyagedelabaleine.fr\/en\/?s={search_term_string}\"},\"query-input\":{\"@type\":\"PropertyValueSpecification\",\"valueRequired\":true,\"valueName\":\"search_term_string\"}}],\"inLanguage\":\"en-US\"},{\"@type\":\"Organization\",\"@id\":\"https:\/\/voyagedelabaleine.fr\/en\/#organization\",\"name\":\"Voyage de la Baleine\",\"url\":\"https:\/\/voyagedelabaleine.fr\/en\/\",\"logo\":{\"@type\":\"ImageObject\",\"inLanguage\":\"en-US\",\"@id\":\"https:\/\/voyagedelabaleine.fr\/en\/#\/schema\/logo\/image\/\",\"url\":\"https:\/\/voyagedelabaleine.fr\/wp-content\/uploads\/2025\/06\/logo.webp\",\"contentUrl\":\"https:\/\/voyagedelabaleine.fr\/wp-content\/uploads\/2025\/06\/logo.webp\",\"width\":153,\"height\":64,\"caption\":\"Voyage de la Baleine\"},\"image\":{\"@id\":\"https:\/\/voyagedelabaleine.fr\/en\/#\/schema\/logo\/image\/\"},\"sameAs\":[\"https:\/\/www.facebook.com\/voyagedelabaleine\/\",\"https:\/\/www.instagram.com\/voyagedelabaleine\/\",\"https:\/\/www.pinterest.fr\/Voyagedelabaleine\/\"]}]}<\/script>\n<!-- \/ Yoast SEO plugin. -->","yoast_head_json":{"title":"Set of 2 baby short-sleeve bodysuits \u2013 White &amp; Sky Blue - Voyage de la Baleine","description":"Our set of 2 baby short-sleeve bodysuits \u2013 white and sky blue brings together two essentials for little ones\u2019 wardrobes. Made in Spain.","robots":{"index":"index","follow":"follow","max-snippet":"max-snippet:-1","max-image-preview":"max-image-preview:large","max-video-preview":"max-video-preview:-1"},"canonical":"https:\/\/voyagedelabaleine.fr\/en\/product\/set-of-2-baby-short-sleeve-bodysuits-white-sky-blue\/","og_locale":"en_US","og_type":"article","og_title":"Set of 2 baby short-sleeve bodysuits \u2013 White &amp; Sky Blue - Voyage de la Baleine","og_description":"Our set of 2 baby short-sleeve bodysuits \u2013 white and sky blue brings together two essentials for little ones\u2019 wardrobes. Made in Spain.","og_url":"https:\/\/voyagedelabaleine.fr\/en\/product\/set-of-2-baby-short-sleeve-bodysuits-white-sky-blue\/","og_site_name":"Voyage de la Baleine","article_publisher":"https:\/\/www.facebook.com\/voyagedelabaleine\/","og_image":[{"width":1322,"height":1763,"url":"https:\/\/voyagedelabaleine.fr\/wp-content\/uploads\/2026\/02\/lot-2-bodies-coton-bleu-blanc.jpg","type":"image\/jpeg"}],"twitter_card":"summary_large_image","twitter_misc":{"Est. reading time":"2 minutes"},"schema":{"@context":"https:\/\/schema.org","@graph":[{"@type":"WebPage","@id":"https:\/\/voyagedelabaleine.fr\/en\/product\/set-of-2-baby-short-sleeve-bodysuits-white-sky-blue\/","url":"https:\/\/voyagedelabaleine.fr\/en\/product\/set-of-2-baby-short-sleeve-bodysuits-white-sky-blue\/","name":"Set of 2 baby short-sleeve bodysuits \u2013 White &amp; Sky Blue - Voyage de la Baleine","isPartOf":{"@id":"https:\/\/voyagedelabaleine.fr\/en\/#website"},"primaryImageOfPage":{"@id":"https:\/\/voyagedelabaleine.fr\/en\/product\/set-of-2-baby-short-sleeve-bodysuits-white-sky-blue\/#primaryimage"},"image":{"@id":"https:\/\/voyagedelabaleine.fr\/en\/product\/set-of-2-baby-short-sleeve-bodysuits-white-sky-blue\/#primaryimage"},"thumbnailUrl":"https:\/\/voyagedelabaleine.fr\/wp-content\/uploads\/2026\/02\/lot-2-bodies-coton-bleu-blanc.jpg","datePublished":"2026-02-27T09:37:59+00:00","description":"Our set of 2 baby short-sleeve bodysuits \u2013 white and sky blue brings together two essentials for little ones\u2019 wardrobes. Made in Spain.","breadcrumb":{"@id":"https:\/\/voyagedelabaleine.fr\/en\/product\/set-of-2-baby-short-sleeve-bodysuits-white-sky-blue\/#breadcrumb"},"inLanguage":"en-US","potentialAction":[{"@type":"ReadAction","target":["https:\/\/voyagedelabaleine.fr\/en\/product\/set-of-2-baby-short-sleeve-bodysuits-white-sky-blue\/"]}]},{"@type":"ImageObject","inLanguage":"en-US","@id":"https:\/\/voyagedelabaleine.fr\/en\/product\/set-of-2-baby-short-sleeve-bodysuits-white-sky-blue\/#primaryimage","url":"https:\/\/voyagedelabaleine.fr\/wp-content\/uploads\/2026\/02\/lot-2-bodies-coton-bleu-blanc.jpg","contentUrl":"https:\/\/voyagedelabaleine.fr\/wp-content\/uploads\/2026\/02\/lot-2-bodies-coton-bleu-blanc.jpg","width":1322,"height":1763,"caption":"Lot de 2 bodies b\u00e9b\u00e9 en coton \u00e0 col rond bleu ciel et blanc"},{"@type":"BreadcrumbList","@id":"https:\/\/voyagedelabaleine.fr\/en\/product\/set-of-2-baby-short-sleeve-bodysuits-white-sky-blue\/#breadcrumb","itemListElement":[{"@type":"ListItem","position":1,"name":"Accueil","item":"https:\/\/voyagedelabaleine.fr\/en\/timeless-refined-clothing-babies-children\/"},{"@type":"ListItem","position":2,"name":"All collection","item":"https:\/\/voyagedelabaleine.fr\/en\/shop\/"},{"@type":"ListItem","position":3,"name":"Set of 2 baby short-sleeve bodysuits \u2013 White &amp; Sky Blue"}]},{"@type":"WebSite","@id":"https:\/\/voyagedelabaleine.fr\/en\/#website","url":"https:\/\/voyagedelabaleine.fr\/en\/","name":"Voyage de la Baleine","description":"V\u00eatements intemporels et raffin\u00e9s pour b\u00e9b\u00e9s et enfants","publisher":{"@id":"https:\/\/voyagedelabaleine.fr\/en\/#organization"},"potentialAction":[{"@type":"SearchAction","target":{"@type":"EntryPoint","urlTemplate":"https:\/\/voyagedelabaleine.fr\/en\/?s={search_term_string}"},"query-input":{"@type":"PropertyValueSpecification","valueRequired":true,"valueName":"search_term_string"}}],"inLanguage":"en-US"},{"@type":"Organization","@id":"https:\/\/voyagedelabaleine.fr\/en\/#organization","name":"Voyage de la Baleine","url":"https:\/\/voyagedelabaleine.fr\/en\/","logo":{"@type":"ImageObject","inLanguage":"en-US","@id":"https:\/\/voyagedelabaleine.fr\/en\/#\/schema\/logo\/image\/","url":"https:\/\/voyagedelabaleine.fr\/wp-content\/uploads\/2025\/06\/logo.webp","contentUrl":"https:\/\/voyagedelabaleine.fr\/wp-content\/uploads\/2025\/06\/logo.webp","width":153,"height":64,"caption":"Voyage de la Baleine"},"image":{"@id":"https:\/\/voyagedelabaleine.fr\/en\/#\/schema\/logo\/image\/"},"sameAs":["https:\/\/www.facebook.com\/voyagedelabaleine\/","https:\/\/www.instagram.com\/voyagedelabaleine\/","https:\/\/www.pinterest.fr\/Voyagedelabaleine\/"]}]}},"_links":{"self":[{"href":"https:\/\/voyagedelabaleine.fr\/en\/wp-json\/wp\/v2\/product\/40672","targetHints":{"allow":["GET"]}}],"collection":[{"href":"https:\/\/voyagedelabaleine.fr\/en\/wp-json\/wp\/v2\/product"}],"about":[{"href":"https:\/\/voyagedelabaleine.fr\/en\/wp-json\/wp\/v2\/types\/product"}],"replies":[{"embeddable":true,"href":"https:\/\/voyagedelabaleine.fr\/en\/wp-json\/wp\/v2\/comments?post=40672"}],"wp:featuredmedia":[{"embeddable":true,"href":"https:\/\/voyagedelabaleine.fr\/en\/wp-json\/wp\/v2\/media\/40611"}],"wp:attachment":[{"href":"https:\/\/voyagedelabaleine.fr\/en\/wp-json\/wp\/v2\/media?parent=40672"}],"wp:term":[{"taxonomy":"product_brand","embeddable":true,"href":"https:\/\/voyagedelabaleine.fr\/en\/wp-json\/wp\/v2\/product_brand?post=40672"},{"taxonomy":"product_cat","embeddable":true,"href":"https:\/\/voyagedelabaleine.fr\/en\/wp-json\/wp\/v2\/product_cat?post=40672"},{"taxonomy":"product_tag","embeddable":true,"href":"https:\/\/voyagedelabaleine.fr\/en\/wp-json\/wp\/v2\/product_tag?post=40672"}],"curies":[{"name":"wp","href":"https:\/\/api.w.org\/{rel}","templated":true}]}}