{"id":41443,"date":"2026-03-18T17:18:18","date_gmt":"2026-03-18T16:18:18","guid":{"rendered":"https:\/\/voyagedelabaleine.fr\/product\/baby-boy-striped-blouse-and-bloomer-set-blue\/"},"modified":"2026-03-18T17:18:18","modified_gmt":"2026-03-18T16:18:18","slug":"baby-boy-striped-blouse-and-bloomer-set-blue","status":"publish","type":"product","link":"https:\/\/voyagedelabaleine.fr\/en\/product\/baby-boy-striped-blouse-and-bloomer-set-blue\/","title":{"rendered":"Baby boy striped blouse and bloomer set &#8211; Blue"},"content":{"rendered":"<h3 data-section-id=\"w4s1pr\" data-start=\"65\" data-end=\"111\">A delicate and poetic outfit for baby<\/h3>\n<p data-start=\"113\" data-end=\"417\">Our <strong data-start=\"119\" data-end=\"183\">baby boy striped blouse and bloomer set \u2013 blue<\/strong> is a refined outfit, designed to dress little ones with softness and elegance. The striped blouse, subtly crafted, brings an original and delicate touch, while the bloomer completes the silhouette with harmony. <\/p>\n<p data-start=\"419\" data-end=\"560\">This set creates a perfect balance between simplicity and detail, ideal for baby&#8217;s first months as well as for more dressed-up occasions.<\/p>\n<h3 data-section-id=\"16utoti\" data-start=\"562\" data-end=\"617\">A cotton blouse with charming stripes<\/h3>\n<p data-start=\"619\" data-end=\"868\">The blouse is made from <strong data-start=\"650\" data-end=\"665\">100% cotton<\/strong>, a soft and breathable fabric suited to babies&#8217; sensitive skin. Its <strong data-start=\"741\" data-end=\"783\">delicately irregular blue stripes<\/strong>, with an almost artistic finish, bring a poetic and unique dimension to the outfit. <\/p>\n<p data-start=\"870\" data-end=\"983\">Its cut is designed to offer comfort and freedom of movement, while maintaining a polished and light appearance.<\/p>\n<h3 data-section-id=\"18nruqu\" data-start=\"985\" data-end=\"1026\">A comfortable and structured bloomer<\/h3>\n<p data-start=\"1028\" data-end=\"1213\">The bloomer is made from a blend of <strong data-start=\"1070\" data-end=\"1091\">linen and viscose<\/strong>, offering beautiful structure and an elegant drape. Its <strong data-start=\"1141\" data-end=\"1162\">cotton lining<\/strong> ensures softness and comfort against the skin. <\/p>\n<p data-start=\"1215\" data-end=\"1400\">Its cut allows baby to move freely, while maintaining a balanced and refined silhouette. It pairs perfectly with the blouse to create a complete and harmonious outfit. <\/p>\n<h3 data-section-id=\"1t4goq4\" data-start=\"1402\" data-end=\"1444\">Quality Spanish craftsmanship<\/h3>\n<p data-start=\"1446\" data-end=\"1685\">Made in Spain, this set benefits from renowned expertise and meticulous finishing. The fabrics are carefully selected, the seams are precise, and the cut is perfectly designed to accompany baby every day. <\/p>\n<h3 data-section-id=\"19meq8v\" data-start=\"1687\" data-end=\"1736\">An elegant outfit idea from birth<\/h3>\n<p data-start=\"1738\" data-end=\"1909\">This set runs true to size: it is recommended to <strong data-start=\"1793\" data-end=\"1825\">choose the usual size<\/strong>. It makes an ideal outfit for the first months, combining comfort and elegance. <\/p>\n<p data-start=\"1911\" data-end=\"2160\" data-is-last-node=\"\" data-is-only-node=\"\">The <strong data-start=\"1913\" data-end=\"1977\">baby boy striped blouse and bloomer set \u2013 blue<\/strong> is a perfect piece for creating a polished, soft, and timeless outfit. A beautiful choice for dressing baby with delicacy, true to the refined world of Voyage de la Baleine. <\/p>\n<p data-start=\"1911\" data-end=\"2160\" data-is-last-node=\"\" data-is-only-node=\"\">Made in Spain.<\/p>\n","protected":false},"excerpt":{"rendered":"<ul>\n<li>Blouse and bloomer set<\/li>\n<li>Ideal for a newborn gift<\/li>\n<li>Blouse: 100% cotton<br \/>\nBloomer: Outer: 54% linen, 48% viscose &#8211; Lining: 100% cotton<\/li>\n<li>Made in Spain<br \/>\n<em>This set runs true to size. Choose your usual size.<\/em><\/li>\n<\/ul>\n","protected":false},"featured_media":42206,"comment_status":"open","ping_status":"closed","template":"","meta":{"ocean_post_layout":"","ocean_both_sidebars_style":"","ocean_both_sidebars_content_width":0,"ocean_both_sidebars_sidebars_width":0,"ocean_sidebar":"0","ocean_second_sidebar":"0","ocean_disable_margins":"enable","ocean_add_body_class":"","ocean_shortcode_before_top_bar":"","ocean_shortcode_after_top_bar":"","ocean_shortcode_before_header":"","ocean_shortcode_after_header":"","ocean_has_shortcode":"","ocean_shortcode_after_title":"","ocean_shortcode_before_footer_widgets":"","ocean_shortcode_after_footer_widgets":"","ocean_shortcode_before_footer_bottom":"","ocean_shortcode_after_footer_bottom":"","ocean_display_top_bar":"default","ocean_display_header":"default","ocean_header_style":"","ocean_center_header_left_menu":"0","ocean_custom_header_template":"0","ocean_custom_logo":0,"ocean_custom_retina_logo":0,"ocean_custom_logo_max_width":0,"ocean_custom_logo_tablet_max_width":0,"ocean_custom_logo_mobile_max_width":0,"ocean_custom_logo_max_height":0,"ocean_custom_logo_tablet_max_height":0,"ocean_custom_logo_mobile_max_height":0,"ocean_header_custom_menu":"0","ocean_menu_typo_font_family":"0","ocean_menu_typo_font_subset":"","ocean_menu_typo_font_size":0,"ocean_menu_typo_font_size_tablet":0,"ocean_menu_typo_font_size_mobile":0,"ocean_menu_typo_font_size_unit":"px","ocean_menu_typo_font_weight":"","ocean_menu_typo_font_weight_tablet":"","ocean_menu_typo_font_weight_mobile":"","ocean_menu_typo_transform":"","ocean_menu_typo_transform_tablet":"","ocean_menu_typo_transform_mobile":"","ocean_menu_typo_line_height":0,"ocean_menu_typo_line_height_tablet":0,"ocean_menu_typo_line_height_mobile":0,"ocean_menu_typo_line_height_unit":"","ocean_menu_typo_spacing":0,"ocean_menu_typo_spacing_tablet":0,"ocean_menu_typo_spacing_mobile":0,"ocean_menu_typo_spacing_unit":"","ocean_menu_link_color":"","ocean_menu_link_color_hover":"","ocean_menu_link_color_active":"","ocean_menu_link_background":"","ocean_menu_link_hover_background":"","ocean_menu_link_active_background":"","ocean_menu_social_links_bg":"","ocean_menu_social_hover_links_bg":"","ocean_menu_social_links_color":"","ocean_menu_social_hover_links_color":"","ocean_disable_title":"default","ocean_disable_heading":"default","ocean_post_title":"","ocean_post_subheading":"","ocean_post_title_style":"","ocean_post_title_background_color":"","ocean_post_title_background":0,"ocean_post_title_bg_image_position":"","ocean_post_title_bg_image_attachment":"","ocean_post_title_bg_image_repeat":"","ocean_post_title_bg_image_size":"","ocean_post_title_height":0,"ocean_post_title_bg_overlay":0.5,"ocean_post_title_bg_overlay_color":"","ocean_disable_breadcrumbs":"default","ocean_breadcrumbs_color":"","ocean_breadcrumbs_separator_color":"","ocean_breadcrumbs_links_color":"","ocean_breadcrumbs_links_hover_color":"","ocean_display_footer_widgets":"default","ocean_display_footer_bottom":"default","ocean_custom_footer_template":"0","osh_disable_topbar_sticky":"default","osh_disable_header_sticky":"default","osh_sticky_header_style":"default","osh_sticky_header_effect":"","osh_custom_sticky_logo":0,"osh_custom_retina_sticky_logo":0,"osh_custom_sticky_logo_height":0,"osh_background_color":"","osh_links_color":"","osh_links_hover_color":"","osh_links_active_color":"","osh_links_bg_color":"","osh_links_hover_bg_color":"","osh_links_active_bg_color":"","osh_menu_social_links_color":"","osh_menu_social_hover_links_color":""},"product_brand":[],"product_cat":[6640,6641,6626,6627,6631,6642,6718,6711,6712,6700,6701,6705,6713],"product_tag":[],"class_list":{"0":"post-41443","1":"product","2":"type-product","3":"status-publish","4":"has-post-thumbnail","6":"product_cat-baby-bloomer-shorts-trousers","7":"product_cat-baby-blouse-shirt","8":"product_cat-baby-boy-bloomer-shorts-trousers","9":"product_cat-baby-boy-blouse-shirt","10":"product_cat-baby-boy-outfits","11":"product_cat-baby-outfits","12":"product_cat-clothing","13":"product_cat-newborn-bloomer-shorts-and-pants","14":"product_cat-newborn-blouse-shirt","15":"product_cat-newborn-boy-bloomers-shorts-pants","16":"product_cat-newborn-boy-blouses-shirts","17":"product_cat-newborn-boy-outfits","18":"product_cat-newborn-outfits","20":"entry","21":"has-media","23":"first","24":"instock","25":"taxable","26":"shipping-taxable","27":"purchasable","28":"product-type-variable","29":"has-default-attributes","30":"col","31":"span_1_of_3","32":"owp-content-center","33":"owp-thumbs-layout-vertical","34":"owp-btn-big","35":"owp-tabs-layout-vertical","36":"circle-sale"},"yoast_head":"<!-- This site is optimized with the Yoast SEO plugin v27.1.1 - https:\/\/yoast.com\/product\/yoast-seo-wordpress\/ -->\n<title>Baby boy striped blouse and bloomer set - Blue - Voyage de la Baleine<\/title>\n<meta name=\"description\" content=\"Our baby boy striped blouse and bloomer set \u2013 blue is a refined outfit, designed to dress little ones with softness and elegance.\" \/>\n<meta name=\"robots\" content=\"index, follow, max-snippet:-1, max-image-preview:large, max-video-preview:-1\" \/>\n<link rel=\"canonical\" href=\"https:\/\/voyagedelabaleine.fr\/en\/product\/baby-boy-striped-blouse-and-bloomer-set-blue\/\" \/>\n<meta property=\"og:locale\" content=\"en_US\" \/>\n<meta property=\"og:type\" content=\"article\" \/>\n<meta property=\"og:title\" content=\"Baby boy striped blouse and bloomer set - Blue - Voyage de la Baleine\" \/>\n<meta property=\"og:description\" content=\"Our baby boy striped blouse and bloomer set \u2013 blue is a refined outfit, designed to dress little ones with softness and elegance.\" \/>\n<meta property=\"og:url\" content=\"https:\/\/voyagedelabaleine.fr\/en\/product\/baby-boy-striped-blouse-and-bloomer-set-blue\/\" \/>\n<meta property=\"og:site_name\" content=\"Voyage de la Baleine\" \/>\n<meta property=\"article:publisher\" content=\"https:\/\/www.facebook.com\/voyagedelabaleine\/\" \/>\n<meta property=\"og:image\" content=\"https:\/\/voyagedelabaleine.fr\/wp-content\/uploads\/2026\/02\/blouse-rayures-bloomer-bleu.jpg\" \/>\n\t<meta property=\"og:image:width\" content=\"1500\" \/>\n\t<meta property=\"og:image:height\" content=\"2000\" \/>\n\t<meta property=\"og:image:type\" content=\"image\/jpeg\" \/>\n<meta name=\"twitter:card\" content=\"summary_large_image\" \/>\n<meta name=\"twitter:label1\" content=\"Est. reading time\" \/>\n\t<meta name=\"twitter:data1\" content=\"1 minute\" \/>\n<script type=\"application\/ld+json\" class=\"yoast-schema-graph\">{\"@context\":\"https:\/\/schema.org\",\"@graph\":[{\"@type\":\"WebPage\",\"@id\":\"https:\/\/voyagedelabaleine.fr\/en\/product\/baby-boy-striped-blouse-and-bloomer-set-blue\/\",\"url\":\"https:\/\/voyagedelabaleine.fr\/en\/product\/baby-boy-striped-blouse-and-bloomer-set-blue\/\",\"name\":\"Baby boy striped blouse and bloomer set - Blue - Voyage de la Baleine\",\"isPartOf\":{\"@id\":\"https:\/\/voyagedelabaleine.fr\/en\/#website\"},\"primaryImageOfPage\":{\"@id\":\"https:\/\/voyagedelabaleine.fr\/en\/product\/baby-boy-striped-blouse-and-bloomer-set-blue\/#primaryimage\"},\"image\":{\"@id\":\"https:\/\/voyagedelabaleine.fr\/en\/product\/baby-boy-striped-blouse-and-bloomer-set-blue\/#primaryimage\"},\"thumbnailUrl\":\"https:\/\/voyagedelabaleine.fr\/wp-content\/uploads\/2026\/03\/ensemble-blouse-poesie-bloomer.jpg\",\"datePublished\":\"2026-03-18T16:18:18+00:00\",\"description\":\"Our baby boy striped blouse and bloomer set \u2013 blue is a refined outfit, designed to dress little ones with softness and elegance.\",\"breadcrumb\":{\"@id\":\"https:\/\/voyagedelabaleine.fr\/en\/product\/baby-boy-striped-blouse-and-bloomer-set-blue\/#breadcrumb\"},\"inLanguage\":\"en-US\",\"potentialAction\":[{\"@type\":\"ReadAction\",\"target\":[\"https:\/\/voyagedelabaleine.fr\/en\/product\/baby-boy-striped-blouse-and-bloomer-set-blue\/\"]}]},{\"@type\":\"ImageObject\",\"inLanguage\":\"en-US\",\"@id\":\"https:\/\/voyagedelabaleine.fr\/en\/product\/baby-boy-striped-blouse-and-bloomer-set-blue\/#primaryimage\",\"url\":\"https:\/\/voyagedelabaleine.fr\/wp-content\/uploads\/2026\/03\/ensemble-blouse-poesie-bloomer.jpg\",\"contentUrl\":\"https:\/\/voyagedelabaleine.fr\/wp-content\/uploads\/2026\/03\/ensemble-blouse-poesie-bloomer.jpg\",\"width\":1104,\"height\":1471},{\"@type\":\"BreadcrumbList\",\"@id\":\"https:\/\/voyagedelabaleine.fr\/en\/product\/baby-boy-striped-blouse-and-bloomer-set-blue\/#breadcrumb\",\"itemListElement\":[{\"@type\":\"ListItem\",\"position\":1,\"name\":\"Accueil\",\"item\":\"https:\/\/voyagedelabaleine.fr\/en\/timeless-refined-clothing-babies-children\/\"},{\"@type\":\"ListItem\",\"position\":2,\"name\":\"All collection\",\"item\":\"https:\/\/voyagedelabaleine.fr\/en\/shop\/\"},{\"@type\":\"ListItem\",\"position\":3,\"name\":\"Baby boy striped blouse and bloomer set &#8211; Blue\"}]},{\"@type\":\"WebSite\",\"@id\":\"https:\/\/voyagedelabaleine.fr\/en\/#website\",\"url\":\"https:\/\/voyagedelabaleine.fr\/en\/\",\"name\":\"Voyage de la Baleine\",\"description\":\"V\u00eatements intemporels et raffin\u00e9s pour b\u00e9b\u00e9s et enfants\",\"publisher\":{\"@id\":\"https:\/\/voyagedelabaleine.fr\/en\/#organization\"},\"potentialAction\":[{\"@type\":\"SearchAction\",\"target\":{\"@type\":\"EntryPoint\",\"urlTemplate\":\"https:\/\/voyagedelabaleine.fr\/en\/?s={search_term_string}\"},\"query-input\":{\"@type\":\"PropertyValueSpecification\",\"valueRequired\":true,\"valueName\":\"search_term_string\"}}],\"inLanguage\":\"en-US\"},{\"@type\":\"Organization\",\"@id\":\"https:\/\/voyagedelabaleine.fr\/en\/#organization\",\"name\":\"Voyage de la Baleine\",\"url\":\"https:\/\/voyagedelabaleine.fr\/en\/\",\"logo\":{\"@type\":\"ImageObject\",\"inLanguage\":\"en-US\",\"@id\":\"https:\/\/voyagedelabaleine.fr\/en\/#\/schema\/logo\/image\/\",\"url\":\"https:\/\/voyagedelabaleine.fr\/wp-content\/uploads\/2025\/06\/logo.webp\",\"contentUrl\":\"https:\/\/voyagedelabaleine.fr\/wp-content\/uploads\/2025\/06\/logo.webp\",\"width\":153,\"height\":64,\"caption\":\"Voyage de la Baleine\"},\"image\":{\"@id\":\"https:\/\/voyagedelabaleine.fr\/en\/#\/schema\/logo\/image\/\"},\"sameAs\":[\"https:\/\/www.facebook.com\/voyagedelabaleine\/\",\"https:\/\/www.instagram.com\/voyagedelabaleine\/\",\"https:\/\/www.pinterest.fr\/Voyagedelabaleine\/\"]}]}<\/script>\n<!-- \/ Yoast SEO plugin. -->","yoast_head_json":{"title":"Baby boy striped blouse and bloomer set - Blue - Voyage de la Baleine","description":"Our baby boy striped blouse and bloomer set \u2013 blue is a refined outfit, designed to dress little ones with softness and elegance.","robots":{"index":"index","follow":"follow","max-snippet":"max-snippet:-1","max-image-preview":"max-image-preview:large","max-video-preview":"max-video-preview:-1"},"canonical":"https:\/\/voyagedelabaleine.fr\/en\/product\/baby-boy-striped-blouse-and-bloomer-set-blue\/","og_locale":"en_US","og_type":"article","og_title":"Baby boy striped blouse and bloomer set - Blue - Voyage de la Baleine","og_description":"Our baby boy striped blouse and bloomer set \u2013 blue is a refined outfit, designed to dress little ones with softness and elegance.","og_url":"https:\/\/voyagedelabaleine.fr\/en\/product\/baby-boy-striped-blouse-and-bloomer-set-blue\/","og_site_name":"Voyage de la Baleine","article_publisher":"https:\/\/www.facebook.com\/voyagedelabaleine\/","og_image":[{"width":1500,"height":2000,"url":"https:\/\/voyagedelabaleine.fr\/wp-content\/uploads\/2026\/02\/blouse-rayures-bloomer-bleu.jpg","type":"image\/jpeg"}],"twitter_card":"summary_large_image","twitter_misc":{"Est. reading time":"1 minute"},"schema":{"@context":"https:\/\/schema.org","@graph":[{"@type":"WebPage","@id":"https:\/\/voyagedelabaleine.fr\/en\/product\/baby-boy-striped-blouse-and-bloomer-set-blue\/","url":"https:\/\/voyagedelabaleine.fr\/en\/product\/baby-boy-striped-blouse-and-bloomer-set-blue\/","name":"Baby boy striped blouse and bloomer set - Blue - Voyage de la Baleine","isPartOf":{"@id":"https:\/\/voyagedelabaleine.fr\/en\/#website"},"primaryImageOfPage":{"@id":"https:\/\/voyagedelabaleine.fr\/en\/product\/baby-boy-striped-blouse-and-bloomer-set-blue\/#primaryimage"},"image":{"@id":"https:\/\/voyagedelabaleine.fr\/en\/product\/baby-boy-striped-blouse-and-bloomer-set-blue\/#primaryimage"},"thumbnailUrl":"https:\/\/voyagedelabaleine.fr\/wp-content\/uploads\/2026\/03\/ensemble-blouse-poesie-bloomer.jpg","datePublished":"2026-03-18T16:18:18+00:00","description":"Our baby boy striped blouse and bloomer set \u2013 blue is a refined outfit, designed to dress little ones with softness and elegance.","breadcrumb":{"@id":"https:\/\/voyagedelabaleine.fr\/en\/product\/baby-boy-striped-blouse-and-bloomer-set-blue\/#breadcrumb"},"inLanguage":"en-US","potentialAction":[{"@type":"ReadAction","target":["https:\/\/voyagedelabaleine.fr\/en\/product\/baby-boy-striped-blouse-and-bloomer-set-blue\/"]}]},{"@type":"ImageObject","inLanguage":"en-US","@id":"https:\/\/voyagedelabaleine.fr\/en\/product\/baby-boy-striped-blouse-and-bloomer-set-blue\/#primaryimage","url":"https:\/\/voyagedelabaleine.fr\/wp-content\/uploads\/2026\/03\/ensemble-blouse-poesie-bloomer.jpg","contentUrl":"https:\/\/voyagedelabaleine.fr\/wp-content\/uploads\/2026\/03\/ensemble-blouse-poesie-bloomer.jpg","width":1104,"height":1471},{"@type":"BreadcrumbList","@id":"https:\/\/voyagedelabaleine.fr\/en\/product\/baby-boy-striped-blouse-and-bloomer-set-blue\/#breadcrumb","itemListElement":[{"@type":"ListItem","position":1,"name":"Accueil","item":"https:\/\/voyagedelabaleine.fr\/en\/timeless-refined-clothing-babies-children\/"},{"@type":"ListItem","position":2,"name":"All collection","item":"https:\/\/voyagedelabaleine.fr\/en\/shop\/"},{"@type":"ListItem","position":3,"name":"Baby boy striped blouse and bloomer set &#8211; Blue"}]},{"@type":"WebSite","@id":"https:\/\/voyagedelabaleine.fr\/en\/#website","url":"https:\/\/voyagedelabaleine.fr\/en\/","name":"Voyage de la Baleine","description":"V\u00eatements intemporels et raffin\u00e9s pour b\u00e9b\u00e9s et enfants","publisher":{"@id":"https:\/\/voyagedelabaleine.fr\/en\/#organization"},"potentialAction":[{"@type":"SearchAction","target":{"@type":"EntryPoint","urlTemplate":"https:\/\/voyagedelabaleine.fr\/en\/?s={search_term_string}"},"query-input":{"@type":"PropertyValueSpecification","valueRequired":true,"valueName":"search_term_string"}}],"inLanguage":"en-US"},{"@type":"Organization","@id":"https:\/\/voyagedelabaleine.fr\/en\/#organization","name":"Voyage de la Baleine","url":"https:\/\/voyagedelabaleine.fr\/en\/","logo":{"@type":"ImageObject","inLanguage":"en-US","@id":"https:\/\/voyagedelabaleine.fr\/en\/#\/schema\/logo\/image\/","url":"https:\/\/voyagedelabaleine.fr\/wp-content\/uploads\/2025\/06\/logo.webp","contentUrl":"https:\/\/voyagedelabaleine.fr\/wp-content\/uploads\/2025\/06\/logo.webp","width":153,"height":64,"caption":"Voyage de la Baleine"},"image":{"@id":"https:\/\/voyagedelabaleine.fr\/en\/#\/schema\/logo\/image\/"},"sameAs":["https:\/\/www.facebook.com\/voyagedelabaleine\/","https:\/\/www.instagram.com\/voyagedelabaleine\/","https:\/\/www.pinterest.fr\/Voyagedelabaleine\/"]}]}},"_links":{"self":[{"href":"https:\/\/voyagedelabaleine.fr\/en\/wp-json\/wp\/v2\/product\/41443","targetHints":{"allow":["GET"]}}],"collection":[{"href":"https:\/\/voyagedelabaleine.fr\/en\/wp-json\/wp\/v2\/product"}],"about":[{"href":"https:\/\/voyagedelabaleine.fr\/en\/wp-json\/wp\/v2\/types\/product"}],"replies":[{"embeddable":true,"href":"https:\/\/voyagedelabaleine.fr\/en\/wp-json\/wp\/v2\/comments?post=41443"}],"wp:featuredmedia":[{"embeddable":true,"href":"https:\/\/voyagedelabaleine.fr\/en\/wp-json\/wp\/v2\/media\/42206"}],"wp:attachment":[{"href":"https:\/\/voyagedelabaleine.fr\/en\/wp-json\/wp\/v2\/media?parent=41443"}],"wp:term":[{"taxonomy":"product_brand","embeddable":true,"href":"https:\/\/voyagedelabaleine.fr\/en\/wp-json\/wp\/v2\/product_brand?post=41443"},{"taxonomy":"product_cat","embeddable":true,"href":"https:\/\/voyagedelabaleine.fr\/en\/wp-json\/wp\/v2\/product_cat?post=41443"},{"taxonomy":"product_tag","embeddable":true,"href":"https:\/\/voyagedelabaleine.fr\/en\/wp-json\/wp\/v2\/product_tag?post=41443"}],"curies":[{"name":"wp","href":"https:\/\/api.w.org\/{rel}","templated":true}]}}