{"id":41530,"date":"2026-03-19T16:26:37","date_gmt":"2026-03-19T15:26:37","guid":{"rendered":"https:\/\/voyagedelabaleine.fr\/product\/baby-newborn-set-cotton-cardigan-and-booties-sky-blue\/"},"modified":"2026-03-19T16:26:37","modified_gmt":"2026-03-19T15:26:37","slug":"baby-newborn-set-cotton-cardigan-and-booties-sky-blue","status":"publish","type":"product","link":"https:\/\/voyagedelabaleine.fr\/en\/product\/baby-newborn-set-cotton-cardigan-and-booties-sky-blue\/","title":{"rendered":"Baby newborn set: cotton cardigan and booties \u2013 Sky blue"},"content":{"rendered":"<h3 data-section-id=\"15ytgxd\" data-start=\"319\" data-end=\"365\">A soft, harmonious baby newborn set<\/h3>\n<p data-start=\"367\" data-end=\"630\">Our <strong data-start=\"373\" data-end=\"429\">baby newborn set: cardigan and booties \u2013 sky blue<\/strong> was designed to wrap baby in softness from the very first days. This coordinated duo pairs a <strong data-start=\"528\" data-end=\"556\">garter-stitch cardigan<\/strong> with <strong data-start=\"564\" data-end=\"586\">matching booties<\/strong> to create a delicate, elegant outfit. <\/p>\n<p data-start=\"632\" data-end=\"836\">The sky-blue shade, bright and soothing, adds a fresh touch to baby\u2019s newborn wardrobe. This set keeps baby snug, whether at home or on those first strolls. <\/p>\n<h3 data-section-id=\"uq4ocl\" data-start=\"838\" data-end=\"887\">A comfortable cardigan that\u2019s easy to put on<\/h3>\n<p data-start=\"889\" data-end=\"1139\">The <strong data-start=\"904\" data-end=\"932\">100% cotton garter-stitch<\/strong> cardigan offers a soft, enveloping texture, ideal for little ones\u2019 sensitive skin. Its <strong data-start=\"1024\" data-end=\"1042\">round neckline<\/strong> and <strong data-start=\"1049\" data-end=\"1086\">front button fastening<\/strong> make it easy to put on, without bothering baby. <\/p>\n<p data-start=\"1141\" data-end=\"1316\">Its cut is designed to allow freedom of movement while keeping baby warm. It layers easily over a bodysuit, romper, or newborn sleepsuit. <\/p>\n<h3 data-section-id=\"j56w1e\" data-start=\"1318\" data-end=\"1377\">Delicate booties to protect tiny feet<\/h3>\n<p data-start=\"1379\" data-end=\"1532\">The <strong data-start=\"1383\" data-end=\"1421\">matching garter-stitch booties<\/strong> complete the set perfectly. Made from <strong data-start=\"1468\" data-end=\"1483\">100% cotton<\/strong>, they wrap baby\u2019s feet in softness. <\/p>\n<p data-start=\"1534\" data-end=\"1719\">Their <strong data-start=\"1539\" data-end=\"1577\">tie around the ankle<\/strong> provides a gentle, adjustable fit to prevent slipping. They keep little feet warm while staying light and comfortable. <\/p>\n<h3 data-section-id=\"1119s58\" data-start=\"1721\" data-end=\"1773\">A natural fabric ideal for newborns<\/h3>\n<p data-start=\"1775\" data-end=\"2001\">Both pieces are made from <strong data-start=\"1814\" data-end=\"1828\">soft cotton<\/strong>, a breathable fabric suited to newborns\u2019 delicate skin. The garter stitch adds flexibility and structure, while staying wonderfully soft wash after wash. <\/p>\n<p data-start=\"2003\" data-end=\"2087\">This newborn set is designed to offer everyday comfort, security, and durability.<\/p>\n<h3 data-section-id=\"12vukqb\" data-start=\"2089\" data-end=\"2137\">A coordinated set that\u2019s easy to mix and match<\/h3>\n<p data-start=\"2139\" data-end=\"2338\">This <strong data-start=\"2142\" data-end=\"2164\">sky-blue baby set<\/strong> pairs easily with the rest of the wardrobe: sleepsuit, bloomer, romper, or bodysuit. It helps you create complete, harmonious, refined outfits from birth. <\/p>\n<h3 data-section-id=\"1t4goq4\" data-start=\"2340\" data-end=\"2382\">Quality Spanish craftsmanship<\/h3>\n<p data-start=\"2384\" data-end=\"2559\">Made in Spain, this set benefits from renowned know-how and careful finishing. Every detail is crafted with precision to ensure quality and durability. <\/p>\n<h3 data-section-id=\"96b4hn\" data-start=\"2566\" data-end=\"2614\">A newborn wardrobe essential<\/h3>\n<p data-start=\"2616\" data-end=\"2838\">The <strong data-start=\"2619\" data-end=\"2673\">sky-blue baby newborn set: cardigan and booties<\/strong> is an essential piece to welcome baby with softness. Elegant, comfortable, and timeless, it perfectly reflects the poetic world of Voyage de la Baleine. <\/p>\n<p data-start=\"2840\" data-end=\"2928\">An ideal set for the first days\u2014practical and delicately refined.<\/p>\n<p data-start=\"2840\" data-end=\"2928\">Made in Spain.<\/p>\n","protected":false},"excerpt":{"rendered":"<p>Cardigan:<\/p>\n<ul>\n<li>Front button placket<\/li>\n<li>Mother-of-pearl buttons<\/li>\n<li>100% cotton<\/li>\n<li>Made in Spain<\/li>\n<\/ul>\n<p>Booties:<\/p>\n<ul>\n<li>Moss stitch<\/li>\n<li>Drawstring Tie<\/li>\n<li>Made in Spain<\/li>\n<\/ul>\n","protected":false},"featured_media":41398,"comment_status":"open","ping_status":"closed","template":"","meta":{"ocean_post_layout":"","ocean_both_sidebars_style":"","ocean_both_sidebars_content_width":0,"ocean_both_sidebars_sidebars_width":0,"ocean_sidebar":"0","ocean_second_sidebar":"0","ocean_disable_margins":"enable","ocean_add_body_class":"","ocean_shortcode_before_top_bar":"","ocean_shortcode_after_top_bar":"","ocean_shortcode_before_header":"","ocean_shortcode_after_header":"","ocean_has_shortcode":"","ocean_shortcode_after_title":"","ocean_shortcode_before_footer_widgets":"","ocean_shortcode_after_footer_widgets":"","ocean_shortcode_before_footer_bottom":"","ocean_shortcode_after_footer_bottom":"","ocean_display_top_bar":"default","ocean_display_header":"default","ocean_header_style":"","ocean_center_header_left_menu":"0","ocean_custom_header_template":"0","ocean_custom_logo":0,"ocean_custom_retina_logo":0,"ocean_custom_logo_max_width":0,"ocean_custom_logo_tablet_max_width":0,"ocean_custom_logo_mobile_max_width":0,"ocean_custom_logo_max_height":0,"ocean_custom_logo_tablet_max_height":0,"ocean_custom_logo_mobile_max_height":0,"ocean_header_custom_menu":"0","ocean_menu_typo_font_family":"0","ocean_menu_typo_font_subset":"","ocean_menu_typo_font_size":0,"ocean_menu_typo_font_size_tablet":0,"ocean_menu_typo_font_size_mobile":0,"ocean_menu_typo_font_size_unit":"px","ocean_menu_typo_font_weight":"","ocean_menu_typo_font_weight_tablet":"","ocean_menu_typo_font_weight_mobile":"","ocean_menu_typo_transform":"","ocean_menu_typo_transform_tablet":"","ocean_menu_typo_transform_mobile":"","ocean_menu_typo_line_height":0,"ocean_menu_typo_line_height_tablet":0,"ocean_menu_typo_line_height_mobile":0,"ocean_menu_typo_line_height_unit":"","ocean_menu_typo_spacing":0,"ocean_menu_typo_spacing_tablet":0,"ocean_menu_typo_spacing_mobile":0,"ocean_menu_typo_spacing_unit":"","ocean_menu_link_color":"","ocean_menu_link_color_hover":"","ocean_menu_link_color_active":"","ocean_menu_link_background":"","ocean_menu_link_hover_background":"","ocean_menu_link_active_background":"","ocean_menu_social_links_bg":"","ocean_menu_social_hover_links_bg":"","ocean_menu_social_links_color":"","ocean_menu_social_hover_links_color":"","ocean_disable_title":"default","ocean_disable_heading":"default","ocean_post_title":"","ocean_post_subheading":"","ocean_post_title_style":"","ocean_post_title_background_color":"","ocean_post_title_background":0,"ocean_post_title_bg_image_position":"","ocean_post_title_bg_image_attachment":"","ocean_post_title_bg_image_repeat":"","ocean_post_title_bg_image_size":"","ocean_post_title_height":0,"ocean_post_title_bg_overlay":0.5,"ocean_post_title_bg_overlay_color":"","ocean_disable_breadcrumbs":"default","ocean_breadcrumbs_color":"","ocean_breadcrumbs_separator_color":"","ocean_breadcrumbs_links_color":"","ocean_breadcrumbs_links_hover_color":"","ocean_display_footer_widgets":"default","ocean_display_footer_bottom":"default","ocean_custom_footer_template":"0","osh_disable_topbar_sticky":"default","osh_disable_header_sticky":"default","osh_sticky_header_style":"default","osh_sticky_header_effect":"","osh_custom_sticky_logo":0,"osh_custom_retina_sticky_logo":0,"osh_custom_sticky_logo_height":0,"osh_background_color":"","osh_links_color":"","osh_links_hover_color":"","osh_links_active_color":"","osh_links_bg_color":"","osh_links_hover_bg_color":"","osh_links_active_bg_color":"","osh_menu_social_links_color":"","osh_menu_social_hover_links_color":""},"product_brand":[],"product_cat":[6636,6630,6631,6633,6617,6618,6620,6642,6644,6714,6718,6685,6704,6705,6706,6693,6694,6695,6713],"product_tag":[],"class_list":{"0":"post-41530","1":"product","2":"type-product","3":"status-publish","4":"has-post-thumbnail","6":"product_cat-baby-booties","7":"product_cat-baby-boy-booties","8":"product_cat-baby-boy-outfits","9":"product_cat-baby-boy-sweater-vest-cardigan","10":"product_cat-baby-girl-booties","11":"product_cat-baby-girl-outfits","12":"product_cat-baby-girl-sweater-vest-cardigan","13":"product_cat-baby-outfits","14":"product_cat-baby-sweater-vest-cardigan","15":"product_cat-chatgpt-a-dit-newborn-sweaters-cardigans-and-vests","16":"product_cat-clothing","17":"product_cat-newborn-booties","18":"product_cat-newborn-boy-booties","19":"product_cat-newborn-boy-outfits","20":"product_cat-newborn-boy-sweaters-cardigans-knitwear","21":"product_cat-newborn-girl-booties","22":"product_cat-newborn-girl-outfits","23":"product_cat-newborn-girl-sweaters-cardigans-knitwear","24":"product_cat-newborn-outfits","26":"entry","27":"has-media","29":"first","30":"instock","31":"taxable","32":"shipping-taxable","33":"purchasable","34":"product-type-variable","35":"has-default-attributes","36":"col","37":"span_1_of_3","38":"owp-content-center","39":"owp-thumbs-layout-vertical","40":"owp-btn-big","41":"owp-tabs-layout-vertical","42":"circle-sale"},"yoast_head":"<!-- This site is optimized with the Yoast SEO plugin v27.1.1 - https:\/\/yoast.com\/product\/yoast-seo-wordpress\/ -->\n<title>Baby newborn set: cotton cardigan and booties \u2013 Sky blue - Voyage de la Baleine<\/title>\n<meta name=\"description\" content=\"Sky blue baby newborn set: cardigan and booties in soft cotton. Comfort, elegance, and made in Spain. Ideal from birth.\" \/>\n<meta name=\"robots\" content=\"index, follow, max-snippet:-1, max-image-preview:large, max-video-preview:-1\" \/>\n<link rel=\"canonical\" href=\"https:\/\/voyagedelabaleine.fr\/en\/product\/baby-newborn-set-cotton-cardigan-and-booties-sky-blue\/\" \/>\n<meta property=\"og:locale\" content=\"en_US\" \/>\n<meta property=\"og:type\" content=\"article\" \/>\n<meta property=\"og:title\" content=\"Baby newborn set: cotton cardigan and booties \u2013 Sky blue - Voyage de la Baleine\" \/>\n<meta property=\"og:description\" content=\"Sky blue baby newborn set: cardigan and booties in soft cotton. Comfort, elegance, and made in Spain. Ideal from birth.\" \/>\n<meta property=\"og:url\" content=\"https:\/\/voyagedelabaleine.fr\/en\/product\/baby-newborn-set-cotton-cardigan-and-booties-sky-blue\/\" \/>\n<meta property=\"og:site_name\" content=\"Voyage de la Baleine\" \/>\n<meta property=\"article:publisher\" content=\"https:\/\/www.facebook.com\/voyagedelabaleine\/\" \/>\n<meta property=\"og:image\" content=\"https:\/\/voyagedelabaleine.fr\/wp-content\/uploads\/2026\/03\/set-gilet-chaussons-bleu.jpg\" \/>\n\t<meta property=\"og:image:width\" content=\"1300\" \/>\n\t<meta property=\"og:image:height\" content=\"1733\" \/>\n\t<meta property=\"og:image:type\" content=\"image\/jpeg\" \/>\n<meta name=\"twitter:card\" content=\"summary_large_image\" \/>\n<meta name=\"twitter:label1\" content=\"Est. reading time\" \/>\n\t<meta name=\"twitter:data1\" content=\"2 minutes\" \/>\n<script type=\"application\/ld+json\" class=\"yoast-schema-graph\">{\"@context\":\"https:\/\/schema.org\",\"@graph\":[{\"@type\":\"WebPage\",\"@id\":\"https:\/\/voyagedelabaleine.fr\/en\/product\/baby-newborn-set-cotton-cardigan-and-booties-sky-blue\/\",\"url\":\"https:\/\/voyagedelabaleine.fr\/en\/product\/baby-newborn-set-cotton-cardigan-and-booties-sky-blue\/\",\"name\":\"Baby newborn set: cotton cardigan and booties \u2013 Sky blue - Voyage de la Baleine\",\"isPartOf\":{\"@id\":\"https:\/\/voyagedelabaleine.fr\/en\/#website\"},\"primaryImageOfPage\":{\"@id\":\"https:\/\/voyagedelabaleine.fr\/en\/product\/baby-newborn-set-cotton-cardigan-and-booties-sky-blue\/#primaryimage\"},\"image\":{\"@id\":\"https:\/\/voyagedelabaleine.fr\/en\/product\/baby-newborn-set-cotton-cardigan-and-booties-sky-blue\/#primaryimage\"},\"thumbnailUrl\":\"https:\/\/voyagedelabaleine.fr\/wp-content\/uploads\/2026\/03\/set-gilet-chaussons-bleu.jpg\",\"datePublished\":\"2026-03-19T15:26:37+00:00\",\"description\":\"Sky blue baby newborn set: cardigan and booties in soft cotton. Comfort, elegance, and made in Spain. Ideal from birth.\",\"breadcrumb\":{\"@id\":\"https:\/\/voyagedelabaleine.fr\/en\/product\/baby-newborn-set-cotton-cardigan-and-booties-sky-blue\/#breadcrumb\"},\"inLanguage\":\"en-US\",\"potentialAction\":[{\"@type\":\"ReadAction\",\"target\":[\"https:\/\/voyagedelabaleine.fr\/en\/product\/baby-newborn-set-cotton-cardigan-and-booties-sky-blue\/\"]}]},{\"@type\":\"ImageObject\",\"inLanguage\":\"en-US\",\"@id\":\"https:\/\/voyagedelabaleine.fr\/en\/product\/baby-newborn-set-cotton-cardigan-and-booties-sky-blue\/#primaryimage\",\"url\":\"https:\/\/voyagedelabaleine.fr\/wp-content\/uploads\/2026\/03\/set-gilet-chaussons-bleu.jpg\",\"contentUrl\":\"https:\/\/voyagedelabaleine.fr\/wp-content\/uploads\/2026\/03\/set-gilet-chaussons-bleu.jpg\",\"width\":1300,\"height\":1733},{\"@type\":\"BreadcrumbList\",\"@id\":\"https:\/\/voyagedelabaleine.fr\/en\/product\/baby-newborn-set-cotton-cardigan-and-booties-sky-blue\/#breadcrumb\",\"itemListElement\":[{\"@type\":\"ListItem\",\"position\":1,\"name\":\"Accueil\",\"item\":\"https:\/\/voyagedelabaleine.fr\/en\/timeless-refined-clothing-babies-children\/\"},{\"@type\":\"ListItem\",\"position\":2,\"name\":\"All collection\",\"item\":\"https:\/\/voyagedelabaleine.fr\/en\/shop\/\"},{\"@type\":\"ListItem\",\"position\":3,\"name\":\"Baby newborn set: cotton cardigan and booties \u2013 Sky blue\"}]},{\"@type\":\"WebSite\",\"@id\":\"https:\/\/voyagedelabaleine.fr\/en\/#website\",\"url\":\"https:\/\/voyagedelabaleine.fr\/en\/\",\"name\":\"Voyage de la Baleine\",\"description\":\"V\u00eatements intemporels et raffin\u00e9s pour b\u00e9b\u00e9s et enfants\",\"publisher\":{\"@id\":\"https:\/\/voyagedelabaleine.fr\/en\/#organization\"},\"potentialAction\":[{\"@type\":\"SearchAction\",\"target\":{\"@type\":\"EntryPoint\",\"urlTemplate\":\"https:\/\/voyagedelabaleine.fr\/en\/?s={search_term_string}\"},\"query-input\":{\"@type\":\"PropertyValueSpecification\",\"valueRequired\":true,\"valueName\":\"search_term_string\"}}],\"inLanguage\":\"en-US\"},{\"@type\":\"Organization\",\"@id\":\"https:\/\/voyagedelabaleine.fr\/en\/#organization\",\"name\":\"Voyage de la Baleine\",\"url\":\"https:\/\/voyagedelabaleine.fr\/en\/\",\"logo\":{\"@type\":\"ImageObject\",\"inLanguage\":\"en-US\",\"@id\":\"https:\/\/voyagedelabaleine.fr\/en\/#\/schema\/logo\/image\/\",\"url\":\"https:\/\/voyagedelabaleine.fr\/wp-content\/uploads\/2025\/06\/logo.webp\",\"contentUrl\":\"https:\/\/voyagedelabaleine.fr\/wp-content\/uploads\/2025\/06\/logo.webp\",\"width\":153,\"height\":64,\"caption\":\"Voyage de la Baleine\"},\"image\":{\"@id\":\"https:\/\/voyagedelabaleine.fr\/en\/#\/schema\/logo\/image\/\"},\"sameAs\":[\"https:\/\/www.facebook.com\/voyagedelabaleine\/\",\"https:\/\/www.instagram.com\/voyagedelabaleine\/\",\"https:\/\/www.pinterest.fr\/Voyagedelabaleine\/\"]}]}<\/script>\n<!-- \/ Yoast SEO plugin. -->","yoast_head_json":{"title":"Baby newborn set: cotton cardigan and booties \u2013 Sky blue - Voyage de la Baleine","description":"Sky blue baby newborn set: cardigan and booties in soft cotton. Comfort, elegance, and made in Spain. Ideal from birth.","robots":{"index":"index","follow":"follow","max-snippet":"max-snippet:-1","max-image-preview":"max-image-preview:large","max-video-preview":"max-video-preview:-1"},"canonical":"https:\/\/voyagedelabaleine.fr\/en\/product\/baby-newborn-set-cotton-cardigan-and-booties-sky-blue\/","og_locale":"en_US","og_type":"article","og_title":"Baby newborn set: cotton cardigan and booties \u2013 Sky blue - Voyage de la Baleine","og_description":"Sky blue baby newborn set: cardigan and booties in soft cotton. Comfort, elegance, and made in Spain. Ideal from birth.","og_url":"https:\/\/voyagedelabaleine.fr\/en\/product\/baby-newborn-set-cotton-cardigan-and-booties-sky-blue\/","og_site_name":"Voyage de la Baleine","article_publisher":"https:\/\/www.facebook.com\/voyagedelabaleine\/","og_image":[{"width":1300,"height":1733,"url":"https:\/\/voyagedelabaleine.fr\/wp-content\/uploads\/2026\/03\/set-gilet-chaussons-bleu.jpg","type":"image\/jpeg"}],"twitter_card":"summary_large_image","twitter_misc":{"Est. reading time":"2 minutes"},"schema":{"@context":"https:\/\/schema.org","@graph":[{"@type":"WebPage","@id":"https:\/\/voyagedelabaleine.fr\/en\/product\/baby-newborn-set-cotton-cardigan-and-booties-sky-blue\/","url":"https:\/\/voyagedelabaleine.fr\/en\/product\/baby-newborn-set-cotton-cardigan-and-booties-sky-blue\/","name":"Baby newborn set: cotton cardigan and booties \u2013 Sky blue - Voyage de la Baleine","isPartOf":{"@id":"https:\/\/voyagedelabaleine.fr\/en\/#website"},"primaryImageOfPage":{"@id":"https:\/\/voyagedelabaleine.fr\/en\/product\/baby-newborn-set-cotton-cardigan-and-booties-sky-blue\/#primaryimage"},"image":{"@id":"https:\/\/voyagedelabaleine.fr\/en\/product\/baby-newborn-set-cotton-cardigan-and-booties-sky-blue\/#primaryimage"},"thumbnailUrl":"https:\/\/voyagedelabaleine.fr\/wp-content\/uploads\/2026\/03\/set-gilet-chaussons-bleu.jpg","datePublished":"2026-03-19T15:26:37+00:00","description":"Sky blue baby newborn set: cardigan and booties in soft cotton. Comfort, elegance, and made in Spain. Ideal from birth.","breadcrumb":{"@id":"https:\/\/voyagedelabaleine.fr\/en\/product\/baby-newborn-set-cotton-cardigan-and-booties-sky-blue\/#breadcrumb"},"inLanguage":"en-US","potentialAction":[{"@type":"ReadAction","target":["https:\/\/voyagedelabaleine.fr\/en\/product\/baby-newborn-set-cotton-cardigan-and-booties-sky-blue\/"]}]},{"@type":"ImageObject","inLanguage":"en-US","@id":"https:\/\/voyagedelabaleine.fr\/en\/product\/baby-newborn-set-cotton-cardigan-and-booties-sky-blue\/#primaryimage","url":"https:\/\/voyagedelabaleine.fr\/wp-content\/uploads\/2026\/03\/set-gilet-chaussons-bleu.jpg","contentUrl":"https:\/\/voyagedelabaleine.fr\/wp-content\/uploads\/2026\/03\/set-gilet-chaussons-bleu.jpg","width":1300,"height":1733},{"@type":"BreadcrumbList","@id":"https:\/\/voyagedelabaleine.fr\/en\/product\/baby-newborn-set-cotton-cardigan-and-booties-sky-blue\/#breadcrumb","itemListElement":[{"@type":"ListItem","position":1,"name":"Accueil","item":"https:\/\/voyagedelabaleine.fr\/en\/timeless-refined-clothing-babies-children\/"},{"@type":"ListItem","position":2,"name":"All collection","item":"https:\/\/voyagedelabaleine.fr\/en\/shop\/"},{"@type":"ListItem","position":3,"name":"Baby newborn set: cotton cardigan and booties \u2013 Sky blue"}]},{"@type":"WebSite","@id":"https:\/\/voyagedelabaleine.fr\/en\/#website","url":"https:\/\/voyagedelabaleine.fr\/en\/","name":"Voyage de la Baleine","description":"V\u00eatements intemporels et raffin\u00e9s pour b\u00e9b\u00e9s et enfants","publisher":{"@id":"https:\/\/voyagedelabaleine.fr\/en\/#organization"},"potentialAction":[{"@type":"SearchAction","target":{"@type":"EntryPoint","urlTemplate":"https:\/\/voyagedelabaleine.fr\/en\/?s={search_term_string}"},"query-input":{"@type":"PropertyValueSpecification","valueRequired":true,"valueName":"search_term_string"}}],"inLanguage":"en-US"},{"@type":"Organization","@id":"https:\/\/voyagedelabaleine.fr\/en\/#organization","name":"Voyage de la Baleine","url":"https:\/\/voyagedelabaleine.fr\/en\/","logo":{"@type":"ImageObject","inLanguage":"en-US","@id":"https:\/\/voyagedelabaleine.fr\/en\/#\/schema\/logo\/image\/","url":"https:\/\/voyagedelabaleine.fr\/wp-content\/uploads\/2025\/06\/logo.webp","contentUrl":"https:\/\/voyagedelabaleine.fr\/wp-content\/uploads\/2025\/06\/logo.webp","width":153,"height":64,"caption":"Voyage de la Baleine"},"image":{"@id":"https:\/\/voyagedelabaleine.fr\/en\/#\/schema\/logo\/image\/"},"sameAs":["https:\/\/www.facebook.com\/voyagedelabaleine\/","https:\/\/www.instagram.com\/voyagedelabaleine\/","https:\/\/www.pinterest.fr\/Voyagedelabaleine\/"]}]}},"_links":{"self":[{"href":"https:\/\/voyagedelabaleine.fr\/en\/wp-json\/wp\/v2\/product\/41530","targetHints":{"allow":["GET"]}}],"collection":[{"href":"https:\/\/voyagedelabaleine.fr\/en\/wp-json\/wp\/v2\/product"}],"about":[{"href":"https:\/\/voyagedelabaleine.fr\/en\/wp-json\/wp\/v2\/types\/product"}],"replies":[{"embeddable":true,"href":"https:\/\/voyagedelabaleine.fr\/en\/wp-json\/wp\/v2\/comments?post=41530"}],"wp:featuredmedia":[{"embeddable":true,"href":"https:\/\/voyagedelabaleine.fr\/en\/wp-json\/wp\/v2\/media\/41398"}],"wp:attachment":[{"href":"https:\/\/voyagedelabaleine.fr\/en\/wp-json\/wp\/v2\/media?parent=41530"}],"wp:term":[{"taxonomy":"product_brand","embeddable":true,"href":"https:\/\/voyagedelabaleine.fr\/en\/wp-json\/wp\/v2\/product_brand?post=41530"},{"taxonomy":"product_cat","embeddable":true,"href":"https:\/\/voyagedelabaleine.fr\/en\/wp-json\/wp\/v2\/product_cat?post=41530"},{"taxonomy":"product_tag","embeddable":true,"href":"https:\/\/voyagedelabaleine.fr\/en\/wp-json\/wp\/v2\/product_tag?post=41530"}],"curies":[{"name":"wp","href":"https:\/\/api.w.org\/{rel}","templated":true}]}}