{"id":41652,"date":"2026-03-18T11:13:38","date_gmt":"2026-03-18T10:13:38","guid":{"rendered":"https:\/\/voyagedelabaleine.fr\/product\/little-sailor-baby-set-white-blue\/"},"modified":"2026-03-18T11:13:38","modified_gmt":"2026-03-18T10:13:38","slug":"little-sailor-baby-set-white-blue","status":"publish","type":"product","link":"https:\/\/voyagedelabaleine.fr\/en\/product\/little-sailor-baby-set-white-blue\/","title":{"rendered":"Little Sailor Baby Set \u2013 White\/Blue"},"content":{"rendered":"<h3 data-section-id=\"1uq12pl\" data-start=\"276\" data-end=\"306\">A bright look for baby<\/h3>\n<p data-start=\"308\" data-end=\"678\">The <strong data-start=\"310\" data-end=\"365\">Little Sailor Baby Set \u2013 White\/Blue<\/strong> is designed to dress baby with elegance and comfort. The <strong data-start=\"424\" data-end=\"462\">sky-blue striped sweater on a white background<\/strong>, with a <strong data-start=\"475\" data-end=\"493\">round neckline<\/strong> and a back button placket closure, brings softness and style to baby\u2019s first outfits. The <strong data-start=\"595\" data-end=\"629\">matching plain sky-blue trousers<\/strong> complete the look with simplicity and harmony.  <\/p>\n<h3 data-section-id=\"1y5voxq\" data-start=\"680\" data-end=\"717\">A practical, comfortable outfit<\/h3>\n<p data-start=\"719\" data-end=\"1032\">The set\u2019s cut has been designed for <strong data-start=\"764\" data-end=\"785\">baby\u2019s well-being<\/strong>. The sweater stays in place thanks to its back closure, and the trousers provide perfect ease for moving, crawling, or resting. This set is ideal for days at home or little outings, while adding a refined touch.  <\/p>\n<h3 data-section-id=\"n2gymm\" data-start=\"1034\" data-end=\"1059\">A coordinated touch<\/h3>\n<p data-start=\"1061\" data-end=\"1323\">For a fully coordinated look, the sweater and trousers can be worn with the <a href=\"https:\/\/voyagedelabaleine.fr\/en\/product\/baby-garter-stitch-beanie-little-sailor-white-blue\/\"><strong data-start=\"1146\" data-end=\"1199\">Little Sailor Garter-Stitch Baby Hat \u2013 White\/Blue<\/strong><\/a>. Together, they create a harmonious duo, giving baby a complete, poetic style for all their first adventures. <\/p>\n<h3 data-section-id=\"11krvpr\" data-start=\"1325\" data-end=\"1368\">An essential piece in baby\u2019s wardrobe<\/h3>\n<p data-start=\"1370\" data-end=\"1637\">This <strong data-start=\"1374\" data-end=\"1411\">Little Sailor set<\/strong> is a revisited classic, elegant and soft. Its comfortable cut and delicate stripes perfectly reflect the refined world of <em data-start=\"1546\" data-end=\"1568\">Voyage de la Baleine<\/em>, while allowing baby to fully enjoy freedom of movement. <\/p>\n<p data-start=\"1370\" data-end=\"1637\">Made in Spain.<\/p>\n","protected":false},"excerpt":{"rendered":"<ul>\n<li>Sweater and trousers set<\/li>\n<li>Round neckline<\/li>\n<li>100% cotton<\/li>\n<li>Made in Spain<br \/>\n<em>This set runs true to size. Choose your usual size.<\/em><\/li>\n<\/ul>\n","protected":false},"featured_media":38273,"comment_status":"open","ping_status":"closed","template":"","meta":{"ocean_post_layout":"","ocean_both_sidebars_style":"","ocean_both_sidebars_content_width":0,"ocean_both_sidebars_sidebars_width":0,"ocean_sidebar":"0","ocean_second_sidebar":"0","ocean_disable_margins":"enable","ocean_add_body_class":"","ocean_shortcode_before_top_bar":"","ocean_shortcode_after_top_bar":"","ocean_shortcode_before_header":"","ocean_shortcode_after_header":"","ocean_has_shortcode":"","ocean_shortcode_after_title":"","ocean_shortcode_before_footer_widgets":"","ocean_shortcode_after_footer_widgets":"","ocean_shortcode_before_footer_bottom":"","ocean_shortcode_after_footer_bottom":"","ocean_display_top_bar":"default","ocean_display_header":"default","ocean_header_style":"","ocean_center_header_left_menu":"0","ocean_custom_header_template":"0","ocean_custom_logo":0,"ocean_custom_retina_logo":0,"ocean_custom_logo_max_width":0,"ocean_custom_logo_tablet_max_width":0,"ocean_custom_logo_mobile_max_width":0,"ocean_custom_logo_max_height":0,"ocean_custom_logo_tablet_max_height":0,"ocean_custom_logo_mobile_max_height":0,"ocean_header_custom_menu":"0","ocean_menu_typo_font_family":"0","ocean_menu_typo_font_subset":"","ocean_menu_typo_font_size":0,"ocean_menu_typo_font_size_tablet":0,"ocean_menu_typo_font_size_mobile":0,"ocean_menu_typo_font_size_unit":"px","ocean_menu_typo_font_weight":"","ocean_menu_typo_font_weight_tablet":"","ocean_menu_typo_font_weight_mobile":"","ocean_menu_typo_transform":"","ocean_menu_typo_transform_tablet":"","ocean_menu_typo_transform_mobile":"","ocean_menu_typo_line_height":0,"ocean_menu_typo_line_height_tablet":0,"ocean_menu_typo_line_height_mobile":0,"ocean_menu_typo_line_height_unit":"","ocean_menu_typo_spacing":0,"ocean_menu_typo_spacing_tablet":0,"ocean_menu_typo_spacing_mobile":0,"ocean_menu_typo_spacing_unit":"","ocean_menu_link_color":"","ocean_menu_link_color_hover":"","ocean_menu_link_color_active":"","ocean_menu_link_background":"","ocean_menu_link_hover_background":"","ocean_menu_link_active_background":"","ocean_menu_social_links_bg":"","ocean_menu_social_hover_links_bg":"","ocean_menu_social_links_color":"","ocean_menu_social_hover_links_color":"","ocean_disable_title":"default","ocean_disable_heading":"default","ocean_post_title":"","ocean_post_subheading":"","ocean_post_title_style":"","ocean_post_title_background_color":"","ocean_post_title_background":0,"ocean_post_title_bg_image_position":"","ocean_post_title_bg_image_attachment":"","ocean_post_title_bg_image_repeat":"","ocean_post_title_bg_image_size":"","ocean_post_title_height":0,"ocean_post_title_bg_overlay":0.5,"ocean_post_title_bg_overlay_color":"","ocean_disable_breadcrumbs":"default","ocean_breadcrumbs_color":"","ocean_breadcrumbs_separator_color":"","ocean_breadcrumbs_links_color":"","ocean_breadcrumbs_links_hover_color":"","ocean_display_footer_widgets":"default","ocean_display_footer_bottom":"default","ocean_custom_footer_template":"0","osh_disable_topbar_sticky":"default","osh_disable_header_sticky":"default","osh_sticky_header_style":"default","osh_sticky_header_effect":"","osh_custom_sticky_logo":0,"osh_custom_retina_sticky_logo":0,"osh_custom_sticky_logo_height":0,"osh_background_color":"","osh_links_color":"","osh_links_hover_color":"","osh_links_active_color":"","osh_links_bg_color":"","osh_links_hover_bg_color":"","osh_links_active_bg_color":"","osh_menu_social_links_color":"","osh_menu_social_hover_links_color":""},"product_brand":[],"product_cat":[6631,6642,6718,6705,6713],"product_tag":[],"class_list":{"0":"post-41652","1":"product","2":"type-product","3":"status-publish","4":"has-post-thumbnail","6":"product_cat-baby-boy-outfits","7":"product_cat-baby-outfits","8":"product_cat-clothing","9":"product_cat-newborn-boy-outfits","10":"product_cat-newborn-outfits","12":"entry","13":"has-media","15":"first","16":"instock","17":"taxable","18":"shipping-taxable","19":"purchasable","20":"product-type-variable","21":"has-default-attributes","22":"col","23":"span_1_of_3","24":"owp-content-center","25":"owp-thumbs-layout-vertical","26":"owp-btn-big","27":"owp-tabs-layout-vertical","28":"circle-sale"},"yoast_head":"<!-- This site is optimized with the Yoast SEO plugin v27.1.1 - https:\/\/yoast.com\/product\/yoast-seo-wordpress\/ -->\n<title>Little Sailor Baby Set \u2013 White\/Blue - Voyage de la Baleine<\/title>\n<meta name=\"description\" content=\"The Little Sailor Baby Set \u2013 White\/Blue is designed to dress baby with elegance and comfort. Made in Spain. 100% cotton.\" \/>\n<meta name=\"robots\" content=\"index, follow, max-snippet:-1, max-image-preview:large, max-video-preview:-1\" \/>\n<link rel=\"canonical\" href=\"https:\/\/voyagedelabaleine.fr\/en\/product\/little-sailor-baby-set-white-blue\/\" \/>\n<meta property=\"og:locale\" content=\"en_US\" \/>\n<meta property=\"og:type\" content=\"article\" \/>\n<meta property=\"og:title\" content=\"Little Sailor Baby Set \u2013 White\/Blue - Voyage de la Baleine\" \/>\n<meta property=\"og:description\" content=\"The Little Sailor Baby Set \u2013 White\/Blue is designed to dress baby with elegance and comfort. Made in Spain. 100% cotton.\" \/>\n<meta property=\"og:url\" content=\"https:\/\/voyagedelabaleine.fr\/en\/product\/little-sailor-baby-set-white-blue\/\" \/>\n<meta property=\"og:site_name\" content=\"Voyage de la Baleine\" \/>\n<meta property=\"article:publisher\" content=\"https:\/\/www.facebook.com\/voyagedelabaleine\/\" \/>\n<meta property=\"og:image\" content=\"https:\/\/voyagedelabaleine.fr\/wp-content\/uploads\/2026\/02\/ensemble-bebe-marin.jpg\" \/>\n\t<meta property=\"og:image:width\" content=\"1500\" \/>\n\t<meta property=\"og:image:height\" content=\"2000\" \/>\n\t<meta property=\"og:image:type\" content=\"image\/jpeg\" \/>\n<meta name=\"twitter:card\" content=\"summary_large_image\" \/>\n<meta name=\"twitter:label1\" content=\"Est. reading time\" \/>\n\t<meta name=\"twitter:data1\" content=\"1 minute\" \/>\n<script type=\"application\/ld+json\" class=\"yoast-schema-graph\">{\"@context\":\"https:\/\/schema.org\",\"@graph\":[{\"@type\":\"WebPage\",\"@id\":\"https:\/\/voyagedelabaleine.fr\/en\/product\/little-sailor-baby-set-white-blue\/\",\"url\":\"https:\/\/voyagedelabaleine.fr\/en\/product\/little-sailor-baby-set-white-blue\/\",\"name\":\"Little Sailor Baby Set \u2013 White\/Blue - Voyage de la Baleine\",\"isPartOf\":{\"@id\":\"https:\/\/voyagedelabaleine.fr\/en\/#website\"},\"primaryImageOfPage\":{\"@id\":\"https:\/\/voyagedelabaleine.fr\/en\/product\/little-sailor-baby-set-white-blue\/#primaryimage\"},\"image\":{\"@id\":\"https:\/\/voyagedelabaleine.fr\/en\/product\/little-sailor-baby-set-white-blue\/#primaryimage\"},\"thumbnailUrl\":\"https:\/\/voyagedelabaleine.fr\/wp-content\/uploads\/2026\/02\/ensemble-bebe-marin.jpg\",\"datePublished\":\"2026-03-18T10:13:38+00:00\",\"description\":\"The Little Sailor Baby Set \u2013 White\/Blue is designed to dress baby with elegance and comfort. Made in Spain. 100% cotton.\",\"breadcrumb\":{\"@id\":\"https:\/\/voyagedelabaleine.fr\/en\/product\/little-sailor-baby-set-white-blue\/#breadcrumb\"},\"inLanguage\":\"en-US\",\"potentialAction\":[{\"@type\":\"ReadAction\",\"target\":[\"https:\/\/voyagedelabaleine.fr\/en\/product\/little-sailor-baby-set-white-blue\/\"]}]},{\"@type\":\"ImageObject\",\"inLanguage\":\"en-US\",\"@id\":\"https:\/\/voyagedelabaleine.fr\/en\/product\/little-sailor-baby-set-white-blue\/#primaryimage\",\"url\":\"https:\/\/voyagedelabaleine.fr\/wp-content\/uploads\/2026\/02\/ensemble-bebe-marin.jpg\",\"contentUrl\":\"https:\/\/voyagedelabaleine.fr\/wp-content\/uploads\/2026\/02\/ensemble-bebe-marin.jpg\",\"width\":1500,\"height\":2000},{\"@type\":\"BreadcrumbList\",\"@id\":\"https:\/\/voyagedelabaleine.fr\/en\/product\/little-sailor-baby-set-white-blue\/#breadcrumb\",\"itemListElement\":[{\"@type\":\"ListItem\",\"position\":1,\"name\":\"Accueil\",\"item\":\"https:\/\/voyagedelabaleine.fr\/en\/timeless-refined-clothing-babies-children\/\"},{\"@type\":\"ListItem\",\"position\":2,\"name\":\"All collection\",\"item\":\"https:\/\/voyagedelabaleine.fr\/en\/shop\/\"},{\"@type\":\"ListItem\",\"position\":3,\"name\":\"Little Sailor Baby Set \u2013 White\/Blue\"}]},{\"@type\":\"WebSite\",\"@id\":\"https:\/\/voyagedelabaleine.fr\/en\/#website\",\"url\":\"https:\/\/voyagedelabaleine.fr\/en\/\",\"name\":\"Voyage de la Baleine\",\"description\":\"V\u00eatements intemporels et raffin\u00e9s pour b\u00e9b\u00e9s et enfants\",\"publisher\":{\"@id\":\"https:\/\/voyagedelabaleine.fr\/en\/#organization\"},\"potentialAction\":[{\"@type\":\"SearchAction\",\"target\":{\"@type\":\"EntryPoint\",\"urlTemplate\":\"https:\/\/voyagedelabaleine.fr\/en\/?s={search_term_string}\"},\"query-input\":{\"@type\":\"PropertyValueSpecification\",\"valueRequired\":true,\"valueName\":\"search_term_string\"}}],\"inLanguage\":\"en-US\"},{\"@type\":\"Organization\",\"@id\":\"https:\/\/voyagedelabaleine.fr\/en\/#organization\",\"name\":\"Voyage de la Baleine\",\"url\":\"https:\/\/voyagedelabaleine.fr\/en\/\",\"logo\":{\"@type\":\"ImageObject\",\"inLanguage\":\"en-US\",\"@id\":\"https:\/\/voyagedelabaleine.fr\/en\/#\/schema\/logo\/image\/\",\"url\":\"https:\/\/voyagedelabaleine.fr\/wp-content\/uploads\/2025\/06\/logo.webp\",\"contentUrl\":\"https:\/\/voyagedelabaleine.fr\/wp-content\/uploads\/2025\/06\/logo.webp\",\"width\":153,\"height\":64,\"caption\":\"Voyage de la Baleine\"},\"image\":{\"@id\":\"https:\/\/voyagedelabaleine.fr\/en\/#\/schema\/logo\/image\/\"},\"sameAs\":[\"https:\/\/www.facebook.com\/voyagedelabaleine\/\",\"https:\/\/www.instagram.com\/voyagedelabaleine\/\",\"https:\/\/www.pinterest.fr\/Voyagedelabaleine\/\"]}]}<\/script>\n<!-- \/ Yoast SEO plugin. -->","yoast_head_json":{"title":"Little Sailor Baby Set \u2013 White\/Blue - Voyage de la Baleine","description":"The Little Sailor Baby Set \u2013 White\/Blue is designed to dress baby with elegance and comfort. Made in Spain. 100% cotton.","robots":{"index":"index","follow":"follow","max-snippet":"max-snippet:-1","max-image-preview":"max-image-preview:large","max-video-preview":"max-video-preview:-1"},"canonical":"https:\/\/voyagedelabaleine.fr\/en\/product\/little-sailor-baby-set-white-blue\/","og_locale":"en_US","og_type":"article","og_title":"Little Sailor Baby Set \u2013 White\/Blue - Voyage de la Baleine","og_description":"The Little Sailor Baby Set \u2013 White\/Blue is designed to dress baby with elegance and comfort. Made in Spain. 100% cotton.","og_url":"https:\/\/voyagedelabaleine.fr\/en\/product\/little-sailor-baby-set-white-blue\/","og_site_name":"Voyage de la Baleine","article_publisher":"https:\/\/www.facebook.com\/voyagedelabaleine\/","og_image":[{"width":1500,"height":2000,"url":"https:\/\/voyagedelabaleine.fr\/wp-content\/uploads\/2026\/02\/ensemble-bebe-marin.jpg","type":"image\/jpeg"}],"twitter_card":"summary_large_image","twitter_misc":{"Est. reading time":"1 minute"},"schema":{"@context":"https:\/\/schema.org","@graph":[{"@type":"WebPage","@id":"https:\/\/voyagedelabaleine.fr\/en\/product\/little-sailor-baby-set-white-blue\/","url":"https:\/\/voyagedelabaleine.fr\/en\/product\/little-sailor-baby-set-white-blue\/","name":"Little Sailor Baby Set \u2013 White\/Blue - Voyage de la Baleine","isPartOf":{"@id":"https:\/\/voyagedelabaleine.fr\/en\/#website"},"primaryImageOfPage":{"@id":"https:\/\/voyagedelabaleine.fr\/en\/product\/little-sailor-baby-set-white-blue\/#primaryimage"},"image":{"@id":"https:\/\/voyagedelabaleine.fr\/en\/product\/little-sailor-baby-set-white-blue\/#primaryimage"},"thumbnailUrl":"https:\/\/voyagedelabaleine.fr\/wp-content\/uploads\/2026\/02\/ensemble-bebe-marin.jpg","datePublished":"2026-03-18T10:13:38+00:00","description":"The Little Sailor Baby Set \u2013 White\/Blue is designed to dress baby with elegance and comfort. Made in Spain. 100% cotton.","breadcrumb":{"@id":"https:\/\/voyagedelabaleine.fr\/en\/product\/little-sailor-baby-set-white-blue\/#breadcrumb"},"inLanguage":"en-US","potentialAction":[{"@type":"ReadAction","target":["https:\/\/voyagedelabaleine.fr\/en\/product\/little-sailor-baby-set-white-blue\/"]}]},{"@type":"ImageObject","inLanguage":"en-US","@id":"https:\/\/voyagedelabaleine.fr\/en\/product\/little-sailor-baby-set-white-blue\/#primaryimage","url":"https:\/\/voyagedelabaleine.fr\/wp-content\/uploads\/2026\/02\/ensemble-bebe-marin.jpg","contentUrl":"https:\/\/voyagedelabaleine.fr\/wp-content\/uploads\/2026\/02\/ensemble-bebe-marin.jpg","width":1500,"height":2000},{"@type":"BreadcrumbList","@id":"https:\/\/voyagedelabaleine.fr\/en\/product\/little-sailor-baby-set-white-blue\/#breadcrumb","itemListElement":[{"@type":"ListItem","position":1,"name":"Accueil","item":"https:\/\/voyagedelabaleine.fr\/en\/timeless-refined-clothing-babies-children\/"},{"@type":"ListItem","position":2,"name":"All collection","item":"https:\/\/voyagedelabaleine.fr\/en\/shop\/"},{"@type":"ListItem","position":3,"name":"Little Sailor Baby Set \u2013 White\/Blue"}]},{"@type":"WebSite","@id":"https:\/\/voyagedelabaleine.fr\/en\/#website","url":"https:\/\/voyagedelabaleine.fr\/en\/","name":"Voyage de la Baleine","description":"V\u00eatements intemporels et raffin\u00e9s pour b\u00e9b\u00e9s et enfants","publisher":{"@id":"https:\/\/voyagedelabaleine.fr\/en\/#organization"},"potentialAction":[{"@type":"SearchAction","target":{"@type":"EntryPoint","urlTemplate":"https:\/\/voyagedelabaleine.fr\/en\/?s={search_term_string}"},"query-input":{"@type":"PropertyValueSpecification","valueRequired":true,"valueName":"search_term_string"}}],"inLanguage":"en-US"},{"@type":"Organization","@id":"https:\/\/voyagedelabaleine.fr\/en\/#organization","name":"Voyage de la Baleine","url":"https:\/\/voyagedelabaleine.fr\/en\/","logo":{"@type":"ImageObject","inLanguage":"en-US","@id":"https:\/\/voyagedelabaleine.fr\/en\/#\/schema\/logo\/image\/","url":"https:\/\/voyagedelabaleine.fr\/wp-content\/uploads\/2025\/06\/logo.webp","contentUrl":"https:\/\/voyagedelabaleine.fr\/wp-content\/uploads\/2025\/06\/logo.webp","width":153,"height":64,"caption":"Voyage de la Baleine"},"image":{"@id":"https:\/\/voyagedelabaleine.fr\/en\/#\/schema\/logo\/image\/"},"sameAs":["https:\/\/www.facebook.com\/voyagedelabaleine\/","https:\/\/www.instagram.com\/voyagedelabaleine\/","https:\/\/www.pinterest.fr\/Voyagedelabaleine\/"]}]}},"_links":{"self":[{"href":"https:\/\/voyagedelabaleine.fr\/en\/wp-json\/wp\/v2\/product\/41652","targetHints":{"allow":["GET"]}}],"collection":[{"href":"https:\/\/voyagedelabaleine.fr\/en\/wp-json\/wp\/v2\/product"}],"about":[{"href":"https:\/\/voyagedelabaleine.fr\/en\/wp-json\/wp\/v2\/types\/product"}],"replies":[{"embeddable":true,"href":"https:\/\/voyagedelabaleine.fr\/en\/wp-json\/wp\/v2\/comments?post=41652"}],"wp:featuredmedia":[{"embeddable":true,"href":"https:\/\/voyagedelabaleine.fr\/en\/wp-json\/wp\/v2\/media\/38273"}],"wp:attachment":[{"href":"https:\/\/voyagedelabaleine.fr\/en\/wp-json\/wp\/v2\/media?parent=41652"}],"wp:term":[{"taxonomy":"product_brand","embeddable":true,"href":"https:\/\/voyagedelabaleine.fr\/en\/wp-json\/wp\/v2\/product_brand?post=41652"},{"taxonomy":"product_cat","embeddable":true,"href":"https:\/\/voyagedelabaleine.fr\/en\/wp-json\/wp\/v2\/product_cat?post=41652"},{"taxonomy":"product_tag","embeddable":true,"href":"https:\/\/voyagedelabaleine.fr\/en\/wp-json\/wp\/v2\/product_tag?post=41652"}],"curies":[{"name":"wp","href":"https:\/\/api.w.org\/{rel}","templated":true}]}}