{"id":41724,"date":"2026-03-17T11:00:49","date_gmt":"2026-03-17T10:00:49","guid":{"rendered":"https:\/\/voyagedelabaleine.fr\/product\/striped-embroidered-seersucker-dress-blue\/"},"modified":"2026-03-17T11:00:49","modified_gmt":"2026-03-17T10:00:49","slug":"striped-embroidered-seersucker-dress-blue","status":"publish","type":"product","link":"https:\/\/voyagedelabaleine.fr\/en\/product\/striped-embroidered-seersucker-dress-blue\/","title":{"rendered":"Striped embroidered seersucker dress &#8211; Blue"},"content":{"rendered":"<h3 data-start=\"184\" data-end=\"222\">A striped dress with a delicate look<\/h3>\n<p data-start=\"224\" data-end=\"554\">Our blue striped embroidered seersucker dress stands out for its subtle balance of structure and lightness. The fine stripes create an elegant visual rhythm, while the embroidery accents the design with discretion. Together, they form a soft, harmonious silhouette, designed to accompany Your child naturally.  <\/p>\n<p data-start=\"556\" data-end=\"677\">Seersucker, recognisable by its slightly puckered texture, gives the dress an airy drape without excessive stiffness.<\/p>\n<h3 data-start=\"679\" data-end=\"721\">A fluid, well-proportioned cut<\/h3>\n<p data-start=\"723\" data-end=\"999\">The cut of this dress has been designed to offer comfortable ease when worn. It follows Your child\u2019s movements while keeping a beautiful line. The volume is precisely balanced to avoid any excess, keeping the dress comfortable throughout the day.  <\/p>\n<p data-start=\"1001\" data-end=\"1146\">The <strong data-start=\"1005\" data-end=\"1028\">ruffled sleeves<\/strong> add a touch of dimension and gently frame the shoulders, highlighting the design\u2019s finesse.<\/p>\n<h3 data-start=\"1148\" data-end=\"1174\">Careful finishing<\/h3>\n<p data-start=\"1176\" data-end=\"1362\">The <strong data-start=\"1179\" data-end=\"1191\">embroidery<\/strong>, executed with precision, adds a refined detail that structures the hem of the dress. It draws the eye while remaining understated, in perfect harmony with the stripes. <\/p>\n<p data-start=\"1364\" data-end=\"1566\">At the back, the dress fastens with <strong data-start=\"1397\" data-end=\"1417\">mother-of-pearl buttons<\/strong>, chosen for their luminous finish and durability. This fastening makes dressing easier while enhancing the garment\u2019s look. <\/p>\n<h3 data-start=\"1568\" data-end=\"1602\">A comfortable, breathable fabric<\/h3>\n<p data-start=\"1604\" data-end=\"1885\">Seersucker is appreciated for its distinctive texture, which creates gentle ripples in the fabric. This construction allows good airflow and reduces direct contact with the skin, offering a pleasant feel, especially on warmer days. <\/p>\n<p data-start=\"1887\" data-end=\"1993\">The fabric keeps its structure and naturally crinkled look, without requiring intensive ironing.<\/p>\n<h3 data-start=\"1995\" data-end=\"2039\">A well-balanced piece for a child\u2019s wardrobe<\/h3>\n<p data-start=\"2041\" data-end=\"2268\">Our blue striped embroidered seersucker dress naturally fits into a thoughtfully curated wardrobe. It can be worn on its own or paired with a light cardigan depending on the season, without ever losing its perfect balance. <\/p>\n<p data-start=\"2270\" data-end=\"2396\" data-is-last-node=\"\" data-is-only-node=\"\"><em>A dress where every detail has been designed to create a harmonious whole, both comfortable and elegant.<\/em><\/p>\n<p data-start=\"2270\" data-end=\"2396\" data-is-last-node=\"\" data-is-only-node=\"\">Made in Portugal.<\/p>\n","protected":false},"excerpt":{"rendered":"<ul>\n<li>Fastens with mother-of-pearl buttons at the back<\/li>\n<li>Ruffled details at the shoulders<\/li>\n<li>Embroidered details at the hem<\/li>\n<li>99% cotton, 1% elastane<\/li>\n<li>Made in Portugal<br \/>\n<em>This dress fits true to size. Choose your usual size.<\/em><\/li>\n<\/ul>\n","protected":false},"featured_media":41725,"comment_status":"open","ping_status":"closed","template":"","meta":{"ocean_post_layout":"","ocean_both_sidebars_style":"","ocean_both_sidebars_content_width":0,"ocean_both_sidebars_sidebars_width":0,"ocean_sidebar":"0","ocean_second_sidebar":"0","ocean_disable_margins":"enable","ocean_add_body_class":"","ocean_shortcode_before_top_bar":"","ocean_shortcode_after_top_bar":"","ocean_shortcode_before_header":"","ocean_shortcode_after_header":"","ocean_has_shortcode":"","ocean_shortcode_after_title":"","ocean_shortcode_before_footer_widgets":"","ocean_shortcode_after_footer_widgets":"","ocean_shortcode_before_footer_bottom":"","ocean_shortcode_after_footer_bottom":"","ocean_display_top_bar":"default","ocean_display_header":"default","ocean_header_style":"","ocean_center_header_left_menu":"0","ocean_custom_header_template":"0","ocean_custom_logo":0,"ocean_custom_retina_logo":0,"ocean_custom_logo_max_width":0,"ocean_custom_logo_tablet_max_width":0,"ocean_custom_logo_mobile_max_width":0,"ocean_custom_logo_max_height":0,"ocean_custom_logo_tablet_max_height":0,"ocean_custom_logo_mobile_max_height":0,"ocean_header_custom_menu":"0","ocean_menu_typo_font_family":"0","ocean_menu_typo_font_subset":"","ocean_menu_typo_font_size":0,"ocean_menu_typo_font_size_tablet":0,"ocean_menu_typo_font_size_mobile":0,"ocean_menu_typo_font_size_unit":"px","ocean_menu_typo_font_weight":"","ocean_menu_typo_font_weight_tablet":"","ocean_menu_typo_font_weight_mobile":"","ocean_menu_typo_transform":"","ocean_menu_typo_transform_tablet":"","ocean_menu_typo_transform_mobile":"","ocean_menu_typo_line_height":0,"ocean_menu_typo_line_height_tablet":0,"ocean_menu_typo_line_height_mobile":0,"ocean_menu_typo_line_height_unit":"","ocean_menu_typo_spacing":0,"ocean_menu_typo_spacing_tablet":0,"ocean_menu_typo_spacing_mobile":0,"ocean_menu_typo_spacing_unit":"","ocean_menu_link_color":"","ocean_menu_link_color_hover":"","ocean_menu_link_color_active":"","ocean_menu_link_background":"","ocean_menu_link_hover_background":"","ocean_menu_link_active_background":"","ocean_menu_social_links_bg":"","ocean_menu_social_hover_links_bg":"","ocean_menu_social_links_color":"","ocean_menu_social_hover_links_color":"","ocean_disable_title":"default","ocean_disable_heading":"default","ocean_post_title":"","ocean_post_subheading":"","ocean_post_title_style":"","ocean_post_title_background_color":"","ocean_post_title_background":0,"ocean_post_title_bg_image_position":"","ocean_post_title_bg_image_attachment":"","ocean_post_title_bg_image_repeat":"","ocean_post_title_bg_image_size":"","ocean_post_title_height":0,"ocean_post_title_bg_overlay":0.5,"ocean_post_title_bg_overlay_color":"","ocean_disable_breadcrumbs":"default","ocean_breadcrumbs_color":"","ocean_breadcrumbs_separator_color":"","ocean_breadcrumbs_links_color":"","ocean_breadcrumbs_links_hover_color":"","ocean_display_footer_widgets":"default","ocean_display_footer_bottom":"default","ocean_custom_footer_template":"0","osh_disable_topbar_sticky":"default","osh_disable_header_sticky":"default","osh_sticky_header_style":"default","osh_sticky_header_effect":"","osh_custom_sticky_logo":0,"osh_custom_retina_sticky_logo":0,"osh_custom_sticky_logo_height":0,"osh_background_color":"","osh_links_color":"","osh_links_hover_color":"","osh_links_active_color":"","osh_links_bg_color":"","osh_links_hover_bg_color":"","osh_links_active_bg_color":"","osh_menu_social_links_color":"","osh_menu_social_hover_links_color":""},"product_brand":[],"product_cat":[6645,6610,6718,6651,6678],"product_tag":[],"class_list":{"0":"post-41724","1":"product","2":"type-product","3":"status-publish","4":"has-post-thumbnail","6":"product_cat-baby-dress","7":"product_cat-baby-girl","8":"product_cat-clothing","9":"product_cat-girl","10":"product_cat-girl-dress","12":"entry","13":"has-media","15":"first","16":"instock","17":"taxable","18":"shipping-taxable","19":"purchasable","20":"product-type-variable","21":"has-default-attributes","22":"col","23":"span_1_of_3","24":"owp-content-center","25":"owp-thumbs-layout-vertical","26":"owp-btn-big","27":"owp-tabs-layout-vertical","28":"circle-sale"},"yoast_head":"<!-- This site is optimized with the Yoast SEO plugin v27.1.1 - https:\/\/yoast.com\/product\/yoast-seo-wordpress\/ -->\n<title>Striped embroidered seersucker dress - Blue - Voyage de la Baleine<\/title>\n<meta name=\"description\" content=\"Our blue striped embroidered seersucker dress stands out for its subtle balance of structure and lightness. Made in Portugal.\" \/>\n<meta name=\"robots\" content=\"index, follow, max-snippet:-1, max-image-preview:large, max-video-preview:-1\" \/>\n<link rel=\"canonical\" href=\"https:\/\/voyagedelabaleine.fr\/en\/product\/striped-embroidered-seersucker-dress-blue\/\" \/>\n<meta property=\"og:locale\" content=\"en_US\" \/>\n<meta property=\"og:type\" content=\"article\" \/>\n<meta property=\"og:title\" content=\"Striped embroidered seersucker dress - Blue - Voyage de la Baleine\" \/>\n<meta property=\"og:description\" content=\"Our blue striped embroidered seersucker dress stands out for its subtle balance of structure and lightness. Made in Portugal.\" \/>\n<meta property=\"og:url\" content=\"https:\/\/voyagedelabaleine.fr\/en\/product\/striped-embroidered-seersucker-dress-blue\/\" \/>\n<meta property=\"og:site_name\" content=\"Voyage de la Baleine\" \/>\n<meta property=\"article:publisher\" content=\"https:\/\/www.facebook.com\/voyagedelabaleine\/\" \/>\n<meta property=\"og:image\" content=\"https:\/\/voyagedelabaleine.fr\/wp-content\/uploads\/2026\/02\/robe-fille-seersucker-raye.jpg\" \/>\n\t<meta property=\"og:image:width\" content=\"1300\" \/>\n\t<meta property=\"og:image:height\" content=\"1730\" \/>\n\t<meta property=\"og:image:type\" content=\"image\/jpeg\" \/>\n<meta name=\"twitter:card\" content=\"summary_large_image\" \/>\n<meta name=\"twitter:label1\" content=\"Est. reading time\" \/>\n\t<meta name=\"twitter:data1\" content=\"2 minutes\" \/>\n<script type=\"application\/ld+json\" class=\"yoast-schema-graph\">{\"@context\":\"https:\/\/schema.org\",\"@graph\":[{\"@type\":\"WebPage\",\"@id\":\"https:\/\/voyagedelabaleine.fr\/en\/product\/striped-embroidered-seersucker-dress-blue\/\",\"url\":\"https:\/\/voyagedelabaleine.fr\/en\/product\/striped-embroidered-seersucker-dress-blue\/\",\"name\":\"Striped embroidered seersucker dress - Blue - Voyage de la Baleine\",\"isPartOf\":{\"@id\":\"https:\/\/voyagedelabaleine.fr\/en\/#website\"},\"primaryImageOfPage\":{\"@id\":\"https:\/\/voyagedelabaleine.fr\/en\/product\/striped-embroidered-seersucker-dress-blue\/#primaryimage\"},\"image\":{\"@id\":\"https:\/\/voyagedelabaleine.fr\/en\/product\/striped-embroidered-seersucker-dress-blue\/#primaryimage\"},\"thumbnailUrl\":\"https:\/\/voyagedelabaleine.fr\/wp-content\/uploads\/2026\/02\/robe-fille-seersucker-raye.jpg\",\"datePublished\":\"2026-03-17T10:00:49+00:00\",\"description\":\"Our blue striped embroidered seersucker dress stands out for its subtle balance of structure and lightness. Made in Portugal.\",\"breadcrumb\":{\"@id\":\"https:\/\/voyagedelabaleine.fr\/en\/product\/striped-embroidered-seersucker-dress-blue\/#breadcrumb\"},\"inLanguage\":\"en-US\",\"potentialAction\":[{\"@type\":\"ReadAction\",\"target\":[\"https:\/\/voyagedelabaleine.fr\/en\/product\/striped-embroidered-seersucker-dress-blue\/\"]}]},{\"@type\":\"ImageObject\",\"inLanguage\":\"en-US\",\"@id\":\"https:\/\/voyagedelabaleine.fr\/en\/product\/striped-embroidered-seersucker-dress-blue\/#primaryimage\",\"url\":\"https:\/\/voyagedelabaleine.fr\/wp-content\/uploads\/2026\/02\/robe-fille-seersucker-raye.jpg\",\"contentUrl\":\"https:\/\/voyagedelabaleine.fr\/wp-content\/uploads\/2026\/02\/robe-fille-seersucker-raye.jpg\",\"width\":1300,\"height\":1730},{\"@type\":\"BreadcrumbList\",\"@id\":\"https:\/\/voyagedelabaleine.fr\/en\/product\/striped-embroidered-seersucker-dress-blue\/#breadcrumb\",\"itemListElement\":[{\"@type\":\"ListItem\",\"position\":1,\"name\":\"Accueil\",\"item\":\"https:\/\/voyagedelabaleine.fr\/en\/timeless-refined-clothing-babies-children\/\"},{\"@type\":\"ListItem\",\"position\":2,\"name\":\"All collection\",\"item\":\"https:\/\/voyagedelabaleine.fr\/en\/shop\/\"},{\"@type\":\"ListItem\",\"position\":3,\"name\":\"Striped embroidered seersucker dress &#8211; Blue\"}]},{\"@type\":\"WebSite\",\"@id\":\"https:\/\/voyagedelabaleine.fr\/en\/#website\",\"url\":\"https:\/\/voyagedelabaleine.fr\/en\/\",\"name\":\"Voyage de la Baleine\",\"description\":\"V\u00eatements intemporels et raffin\u00e9s pour b\u00e9b\u00e9s et enfants\",\"publisher\":{\"@id\":\"https:\/\/voyagedelabaleine.fr\/en\/#organization\"},\"potentialAction\":[{\"@type\":\"SearchAction\",\"target\":{\"@type\":\"EntryPoint\",\"urlTemplate\":\"https:\/\/voyagedelabaleine.fr\/en\/?s={search_term_string}\"},\"query-input\":{\"@type\":\"PropertyValueSpecification\",\"valueRequired\":true,\"valueName\":\"search_term_string\"}}],\"inLanguage\":\"en-US\"},{\"@type\":\"Organization\",\"@id\":\"https:\/\/voyagedelabaleine.fr\/en\/#organization\",\"name\":\"Voyage de la Baleine\",\"url\":\"https:\/\/voyagedelabaleine.fr\/en\/\",\"logo\":{\"@type\":\"ImageObject\",\"inLanguage\":\"en-US\",\"@id\":\"https:\/\/voyagedelabaleine.fr\/en\/#\/schema\/logo\/image\/\",\"url\":\"https:\/\/voyagedelabaleine.fr\/wp-content\/uploads\/2025\/06\/logo.webp\",\"contentUrl\":\"https:\/\/voyagedelabaleine.fr\/wp-content\/uploads\/2025\/06\/logo.webp\",\"width\":153,\"height\":64,\"caption\":\"Voyage de la Baleine\"},\"image\":{\"@id\":\"https:\/\/voyagedelabaleine.fr\/en\/#\/schema\/logo\/image\/\"},\"sameAs\":[\"https:\/\/www.facebook.com\/voyagedelabaleine\/\",\"https:\/\/www.instagram.com\/voyagedelabaleine\/\",\"https:\/\/www.pinterest.fr\/Voyagedelabaleine\/\"]}]}<\/script>\n<!-- \/ Yoast SEO plugin. -->","yoast_head_json":{"title":"Striped embroidered seersucker dress - Blue - Voyage de la Baleine","description":"Our blue striped embroidered seersucker dress stands out for its subtle balance of structure and lightness. Made in Portugal.","robots":{"index":"index","follow":"follow","max-snippet":"max-snippet:-1","max-image-preview":"max-image-preview:large","max-video-preview":"max-video-preview:-1"},"canonical":"https:\/\/voyagedelabaleine.fr\/en\/product\/striped-embroidered-seersucker-dress-blue\/","og_locale":"en_US","og_type":"article","og_title":"Striped embroidered seersucker dress - Blue - Voyage de la Baleine","og_description":"Our blue striped embroidered seersucker dress stands out for its subtle balance of structure and lightness. Made in Portugal.","og_url":"https:\/\/voyagedelabaleine.fr\/en\/product\/striped-embroidered-seersucker-dress-blue\/","og_site_name":"Voyage de la Baleine","article_publisher":"https:\/\/www.facebook.com\/voyagedelabaleine\/","og_image":[{"width":1300,"height":1730,"url":"https:\/\/voyagedelabaleine.fr\/wp-content\/uploads\/2026\/02\/robe-fille-seersucker-raye.jpg","type":"image\/jpeg"}],"twitter_card":"summary_large_image","twitter_misc":{"Est. reading time":"2 minutes"},"schema":{"@context":"https:\/\/schema.org","@graph":[{"@type":"WebPage","@id":"https:\/\/voyagedelabaleine.fr\/en\/product\/striped-embroidered-seersucker-dress-blue\/","url":"https:\/\/voyagedelabaleine.fr\/en\/product\/striped-embroidered-seersucker-dress-blue\/","name":"Striped embroidered seersucker dress - Blue - Voyage de la Baleine","isPartOf":{"@id":"https:\/\/voyagedelabaleine.fr\/en\/#website"},"primaryImageOfPage":{"@id":"https:\/\/voyagedelabaleine.fr\/en\/product\/striped-embroidered-seersucker-dress-blue\/#primaryimage"},"image":{"@id":"https:\/\/voyagedelabaleine.fr\/en\/product\/striped-embroidered-seersucker-dress-blue\/#primaryimage"},"thumbnailUrl":"https:\/\/voyagedelabaleine.fr\/wp-content\/uploads\/2026\/02\/robe-fille-seersucker-raye.jpg","datePublished":"2026-03-17T10:00:49+00:00","description":"Our blue striped embroidered seersucker dress stands out for its subtle balance of structure and lightness. Made in Portugal.","breadcrumb":{"@id":"https:\/\/voyagedelabaleine.fr\/en\/product\/striped-embroidered-seersucker-dress-blue\/#breadcrumb"},"inLanguage":"en-US","potentialAction":[{"@type":"ReadAction","target":["https:\/\/voyagedelabaleine.fr\/en\/product\/striped-embroidered-seersucker-dress-blue\/"]}]},{"@type":"ImageObject","inLanguage":"en-US","@id":"https:\/\/voyagedelabaleine.fr\/en\/product\/striped-embroidered-seersucker-dress-blue\/#primaryimage","url":"https:\/\/voyagedelabaleine.fr\/wp-content\/uploads\/2026\/02\/robe-fille-seersucker-raye.jpg","contentUrl":"https:\/\/voyagedelabaleine.fr\/wp-content\/uploads\/2026\/02\/robe-fille-seersucker-raye.jpg","width":1300,"height":1730},{"@type":"BreadcrumbList","@id":"https:\/\/voyagedelabaleine.fr\/en\/product\/striped-embroidered-seersucker-dress-blue\/#breadcrumb","itemListElement":[{"@type":"ListItem","position":1,"name":"Accueil","item":"https:\/\/voyagedelabaleine.fr\/en\/timeless-refined-clothing-babies-children\/"},{"@type":"ListItem","position":2,"name":"All collection","item":"https:\/\/voyagedelabaleine.fr\/en\/shop\/"},{"@type":"ListItem","position":3,"name":"Striped embroidered seersucker dress &#8211; Blue"}]},{"@type":"WebSite","@id":"https:\/\/voyagedelabaleine.fr\/en\/#website","url":"https:\/\/voyagedelabaleine.fr\/en\/","name":"Voyage de la Baleine","description":"V\u00eatements intemporels et raffin\u00e9s pour b\u00e9b\u00e9s et enfants","publisher":{"@id":"https:\/\/voyagedelabaleine.fr\/en\/#organization"},"potentialAction":[{"@type":"SearchAction","target":{"@type":"EntryPoint","urlTemplate":"https:\/\/voyagedelabaleine.fr\/en\/?s={search_term_string}"},"query-input":{"@type":"PropertyValueSpecification","valueRequired":true,"valueName":"search_term_string"}}],"inLanguage":"en-US"},{"@type":"Organization","@id":"https:\/\/voyagedelabaleine.fr\/en\/#organization","name":"Voyage de la Baleine","url":"https:\/\/voyagedelabaleine.fr\/en\/","logo":{"@type":"ImageObject","inLanguage":"en-US","@id":"https:\/\/voyagedelabaleine.fr\/en\/#\/schema\/logo\/image\/","url":"https:\/\/voyagedelabaleine.fr\/wp-content\/uploads\/2025\/06\/logo.webp","contentUrl":"https:\/\/voyagedelabaleine.fr\/wp-content\/uploads\/2025\/06\/logo.webp","width":153,"height":64,"caption":"Voyage de la Baleine"},"image":{"@id":"https:\/\/voyagedelabaleine.fr\/en\/#\/schema\/logo\/image\/"},"sameAs":["https:\/\/www.facebook.com\/voyagedelabaleine\/","https:\/\/www.instagram.com\/voyagedelabaleine\/","https:\/\/www.pinterest.fr\/Voyagedelabaleine\/"]}]}},"_links":{"self":[{"href":"https:\/\/voyagedelabaleine.fr\/en\/wp-json\/wp\/v2\/product\/41724","targetHints":{"allow":["GET"]}}],"collection":[{"href":"https:\/\/voyagedelabaleine.fr\/en\/wp-json\/wp\/v2\/product"}],"about":[{"href":"https:\/\/voyagedelabaleine.fr\/en\/wp-json\/wp\/v2\/types\/product"}],"replies":[{"embeddable":true,"href":"https:\/\/voyagedelabaleine.fr\/en\/wp-json\/wp\/v2\/comments?post=41724"}],"wp:featuredmedia":[{"embeddable":true,"href":"https:\/\/voyagedelabaleine.fr\/en\/wp-json\/wp\/v2\/media\/41725"}],"wp:attachment":[{"href":"https:\/\/voyagedelabaleine.fr\/en\/wp-json\/wp\/v2\/media?parent=41724"}],"wp:term":[{"taxonomy":"product_brand","embeddable":true,"href":"https:\/\/voyagedelabaleine.fr\/en\/wp-json\/wp\/v2\/product_brand?post=41724"},{"taxonomy":"product_cat","embeddable":true,"href":"https:\/\/voyagedelabaleine.fr\/en\/wp-json\/wp\/v2\/product_cat?post=41724"},{"taxonomy":"product_tag","embeddable":true,"href":"https:\/\/voyagedelabaleine.fr\/en\/wp-json\/wp\/v2\/product_tag?post=41724"}],"curies":[{"name":"wp","href":"https:\/\/api.w.org\/{rel}","templated":true}]}}