{"id":41762,"date":"2026-03-17T10:48:35","date_gmt":"2026-03-17T09:48:35","guid":{"rendered":"https:\/\/voyagedelabaleine.fr\/product\/floral-print-blouse-for-girls-pink\/"},"modified":"2026-03-17T10:48:35","modified_gmt":"2026-03-17T09:48:35","slug":"floral-print-blouse-for-girls-pink","status":"publish","type":"product","link":"https:\/\/voyagedelabaleine.fr\/en\/product\/floral-print-blouse-for-girls-pink\/","title":{"rendered":"Floral Print Blouse for Girls &#8211; Pink"},"content":{"rendered":"<h3 data-start=\"188\" data-end=\"228\">A floral blouse with a delicate design<\/h3>\n<p data-start=\"230\" data-end=\"520\">Our pink floral print blouse for girls features a delicate and balanced pattern, presented in soft and harmonious shades. The floral print offers a subtle visual presence, never overpowering, for a blouse that naturally integrates into a refined wardrobe. <\/p>\n<p data-start=\"522\" data-end=\"723\">Crafted from <strong data-start=\"536\" data-end=\"589\">the same fabric as our <a href=\"https:\/\/voyagedelabaleine.fr\/en\/product\/girls-floral-print-trousers-pink\/\">Floral Print Trousers for Girls &#8211; Pink<\/a><\/strong>, this blouse allows for a coordinated silhouette, while retaining great freedom for pairing with other pieces.<\/p>\n<h3 data-start=\"725\" data-end=\"764\">A simple and well-structured cut<\/h3>\n<p data-start=\"766\" data-end=\"963\">The cut of this blouse has been designed to offer comfortable ease while maintaining a clean line. It accompanies the child&#8217;s movements naturally, without excessive volume or rigidity. <\/p>\n<p data-start=\"965\" data-end=\"1085\">The slightly structured sleeves bring balance to the ensemble and highlight the delicacy of the floral pattern.<\/p>\n<h3 data-start=\"1087\" data-end=\"1125\">Details that make a difference<\/h3>\n<p data-start=\"1127\" data-end=\"1371\">A <strong data-start=\"1130\" data-end=\"1151\">contrasting trim<\/strong> delicately accentuates the sleeves, adding a discreet graphic detail that enhances the blouse without disrupting the harmony of the print. This measured contrast adds depth and reinforces the garment&#8217;s character. <\/p>\n<p data-start=\"1373\" data-end=\"1540\">At the front, the blouse fastens with <strong data-start=\"1411\" data-end=\"1424\">a button<\/strong>, chosen for its simplicity. This closure facilitates dressing while contributing to the model&#8217;s refined aesthetic. <\/p>\n<h3 data-start=\"1542\" data-end=\"1579\">Soft, pleasant-to-the-touch cotton<\/h3>\n<p data-start=\"1581\" data-end=\"1820\">Made from <strong data-start=\"1598\" data-end=\"1618\">100% soft cotton<\/strong>, this blouse offers a pleasant feel and comfortable wear throughout the day. The fabric features a light texture that adds depth to the floral pattern, while remaining breathable. <\/p>\n<p data-start=\"1822\" data-end=\"1922\">The quality of the cotton also ensures good garment retention over time, wash after wash.<\/p>\n<h3 data-start=\"1924\" data-end=\"1980\">A blouse designed for harmonious pairings<\/h3>\n<p data-start=\"1982\" data-end=\"2226\">Our pink floral print blouse for girls can be worn alone or paired with the coordinated trousers for a complete and cohesive silhouette. It also pairs beautifully with jeans, bloomers, or a plain skirt, depending on preferences and seasons. <\/p>\n<p data-start=\"2228\" data-end=\"2345\" data-is-last-node=\"\" data-is-only-node=\"\"><em>A blouse where every detail has been considered to create a balanced, comfortable, and elegant ensemble.<\/em><\/p>\n<p data-start=\"2228\" data-end=\"2345\" data-is-last-node=\"\" data-is-only-node=\"\">Made in Portugal.<\/p>\n","protected":false},"excerpt":{"rendered":"<ul>\n<li>Matches the <strong data-start=\"536\" data-end=\"589\"><a href=\"https:\/\/voyagedelabaleine.fr\/en\/product\/girls-floral-print-trousers-pink\/\">Floral Print Trousers for Girls &#8211; Pink<\/a><\/strong><\/li>\n<li>Short sleeves<\/li>\n<li>Fastened with a button at the front<\/li>\n<li>100% cotton<\/li>\n<li>Made in Portugal<br \/>\n<em>This blouse fits true to size. Choose your usual size.<\/em><\/li>\n<\/ul>\n","protected":false},"featured_media":37037,"comment_status":"open","ping_status":"closed","template":"","meta":{"ocean_post_layout":"","ocean_both_sidebars_style":"","ocean_both_sidebars_content_width":0,"ocean_both_sidebars_sidebars_width":0,"ocean_sidebar":"0","ocean_second_sidebar":"0","ocean_disable_margins":"enable","ocean_add_body_class":"","ocean_shortcode_before_top_bar":"","ocean_shortcode_after_top_bar":"","ocean_shortcode_before_header":"","ocean_shortcode_after_header":"","ocean_has_shortcode":"","ocean_shortcode_after_title":"","ocean_shortcode_before_footer_widgets":"","ocean_shortcode_after_footer_widgets":"","ocean_shortcode_before_footer_bottom":"","ocean_shortcode_after_footer_bottom":"","ocean_display_top_bar":"default","ocean_display_header":"default","ocean_header_style":"","ocean_center_header_left_menu":"0","ocean_custom_header_template":"0","ocean_custom_logo":0,"ocean_custom_retina_logo":0,"ocean_custom_logo_max_width":0,"ocean_custom_logo_tablet_max_width":0,"ocean_custom_logo_mobile_max_width":0,"ocean_custom_logo_max_height":0,"ocean_custom_logo_tablet_max_height":0,"ocean_custom_logo_mobile_max_height":0,"ocean_header_custom_menu":"0","ocean_menu_typo_font_family":"0","ocean_menu_typo_font_subset":"","ocean_menu_typo_font_size":0,"ocean_menu_typo_font_size_tablet":0,"ocean_menu_typo_font_size_mobile":0,"ocean_menu_typo_font_size_unit":"px","ocean_menu_typo_font_weight":"","ocean_menu_typo_font_weight_tablet":"","ocean_menu_typo_font_weight_mobile":"","ocean_menu_typo_transform":"","ocean_menu_typo_transform_tablet":"","ocean_menu_typo_transform_mobile":"","ocean_menu_typo_line_height":0,"ocean_menu_typo_line_height_tablet":0,"ocean_menu_typo_line_height_mobile":0,"ocean_menu_typo_line_height_unit":"","ocean_menu_typo_spacing":0,"ocean_menu_typo_spacing_tablet":0,"ocean_menu_typo_spacing_mobile":0,"ocean_menu_typo_spacing_unit":"","ocean_menu_link_color":"","ocean_menu_link_color_hover":"","ocean_menu_link_color_active":"","ocean_menu_link_background":"","ocean_menu_link_hover_background":"","ocean_menu_link_active_background":"","ocean_menu_social_links_bg":"","ocean_menu_social_hover_links_bg":"","ocean_menu_social_links_color":"","ocean_menu_social_hover_links_color":"","ocean_disable_title":"default","ocean_disable_heading":"default","ocean_post_title":"","ocean_post_subheading":"","ocean_post_title_style":"","ocean_post_title_background_color":"","ocean_post_title_background":0,"ocean_post_title_bg_image_position":"","ocean_post_title_bg_image_attachment":"","ocean_post_title_bg_image_repeat":"","ocean_post_title_bg_image_size":"","ocean_post_title_height":0,"ocean_post_title_bg_overlay":0.5,"ocean_post_title_bg_overlay_color":"","ocean_disable_breadcrumbs":"default","ocean_breadcrumbs_color":"","ocean_breadcrumbs_separator_color":"","ocean_breadcrumbs_links_color":"","ocean_breadcrumbs_links_hover_color":"","ocean_display_footer_widgets":"default","ocean_display_footer_bottom":"default","ocean_custom_footer_template":"0","osh_disable_topbar_sticky":"default","osh_disable_header_sticky":"default","osh_sticky_header_style":"default","osh_sticky_header_effect":"","osh_custom_sticky_logo":0,"osh_custom_retina_sticky_logo":0,"osh_custom_sticky_logo_height":0,"osh_background_color":"","osh_links_color":"","osh_links_hover_color":"","osh_links_active_color":"","osh_links_bg_color":"","osh_links_hover_bg_color":"","osh_links_active_bg_color":"","osh_menu_social_links_color":"","osh_menu_social_hover_links_color":""},"product_brand":[],"product_cat":[6673,6718,6653],"product_tag":[],"class_list":{"0":"post-41762","1":"product","2":"type-product","3":"status-publish","4":"has-post-thumbnail","6":"product_cat-child-blouse-shirt","7":"product_cat-clothing","8":"product_cat-girl-blouse-shirt","10":"entry","11":"has-media","13":"first","14":"instock","15":"taxable","16":"shipping-taxable","17":"purchasable","18":"product-type-variable","19":"has-default-attributes","20":"col","21":"span_1_of_3","22":"owp-content-center","23":"owp-thumbs-layout-vertical","24":"owp-btn-big","25":"owp-tabs-layout-vertical","26":"circle-sale"},"yoast_head":"<!-- This site is optimized with the Yoast SEO plugin v27.1.1 - https:\/\/yoast.com\/product\/yoast-seo-wordpress\/ -->\n<title>Floral Print Blouse for Girls - Pink - Voyage de la Baleine<\/title>\n<meta name=\"description\" content=\"Our pink floral print blouse for girls features a delicate and balanced pattern, presented in soft and harmonious shades.\" \/>\n<meta name=\"robots\" content=\"index, follow, max-snippet:-1, max-image-preview:large, max-video-preview:-1\" \/>\n<link rel=\"canonical\" href=\"https:\/\/voyagedelabaleine.fr\/en\/product\/floral-print-blouse-for-girls-pink\/\" \/>\n<meta property=\"og:locale\" content=\"en_US\" \/>\n<meta property=\"og:type\" content=\"article\" \/>\n<meta property=\"og:title\" content=\"Floral Print Blouse for Girls - Pink - Voyage de la Baleine\" \/>\n<meta property=\"og:description\" content=\"Our pink floral print blouse for girls features a delicate and balanced pattern, presented in soft and harmonious shades.\" \/>\n<meta property=\"og:url\" content=\"https:\/\/voyagedelabaleine.fr\/en\/product\/floral-print-blouse-for-girls-pink\/\" \/>\n<meta property=\"og:site_name\" content=\"Voyage de la Baleine\" \/>\n<meta property=\"article:publisher\" content=\"https:\/\/www.facebook.com\/voyagedelabaleine\/\" \/>\n<meta property=\"og:image\" content=\"https:\/\/voyagedelabaleine.fr\/wp-content\/uploads\/2026\/02\/blouse-fille-imprime-floral.jpg\" \/>\n\t<meta property=\"og:image:width\" content=\"1200\" \/>\n\t<meta property=\"og:image:height\" content=\"1600\" \/>\n\t<meta property=\"og:image:type\" content=\"image\/jpeg\" \/>\n<meta name=\"twitter:card\" content=\"summary_large_image\" \/>\n<meta name=\"twitter:label1\" content=\"Est. reading time\" \/>\n\t<meta name=\"twitter:data1\" content=\"2 minutes\" \/>\n<script type=\"application\/ld+json\" class=\"yoast-schema-graph\">{\"@context\":\"https:\/\/schema.org\",\"@graph\":[{\"@type\":\"WebPage\",\"@id\":\"https:\/\/voyagedelabaleine.fr\/en\/product\/floral-print-blouse-for-girls-pink\/\",\"url\":\"https:\/\/voyagedelabaleine.fr\/en\/product\/floral-print-blouse-for-girls-pink\/\",\"name\":\"Floral Print Blouse for Girls - Pink - Voyage de la Baleine\",\"isPartOf\":{\"@id\":\"https:\/\/voyagedelabaleine.fr\/en\/#website\"},\"primaryImageOfPage\":{\"@id\":\"https:\/\/voyagedelabaleine.fr\/en\/product\/floral-print-blouse-for-girls-pink\/#primaryimage\"},\"image\":{\"@id\":\"https:\/\/voyagedelabaleine.fr\/en\/product\/floral-print-blouse-for-girls-pink\/#primaryimage\"},\"thumbnailUrl\":\"https:\/\/voyagedelabaleine.fr\/wp-content\/uploads\/2026\/02\/blouse-fille-imprime-floral.jpg\",\"datePublished\":\"2026-03-17T09:48:35+00:00\",\"description\":\"Our pink floral print blouse for girls features a delicate and balanced pattern, presented in soft and harmonious shades.\",\"breadcrumb\":{\"@id\":\"https:\/\/voyagedelabaleine.fr\/en\/product\/floral-print-blouse-for-girls-pink\/#breadcrumb\"},\"inLanguage\":\"en-US\",\"potentialAction\":[{\"@type\":\"ReadAction\",\"target\":[\"https:\/\/voyagedelabaleine.fr\/en\/product\/floral-print-blouse-for-girls-pink\/\"]}]},{\"@type\":\"ImageObject\",\"inLanguage\":\"en-US\",\"@id\":\"https:\/\/voyagedelabaleine.fr\/en\/product\/floral-print-blouse-for-girls-pink\/#primaryimage\",\"url\":\"https:\/\/voyagedelabaleine.fr\/wp-content\/uploads\/2026\/02\/blouse-fille-imprime-floral.jpg\",\"contentUrl\":\"https:\/\/voyagedelabaleine.fr\/wp-content\/uploads\/2026\/02\/blouse-fille-imprime-floral.jpg\",\"width\":1200,\"height\":1600},{\"@type\":\"BreadcrumbList\",\"@id\":\"https:\/\/voyagedelabaleine.fr\/en\/product\/floral-print-blouse-for-girls-pink\/#breadcrumb\",\"itemListElement\":[{\"@type\":\"ListItem\",\"position\":1,\"name\":\"Accueil\",\"item\":\"https:\/\/voyagedelabaleine.fr\/en\/timeless-refined-clothing-babies-children\/\"},{\"@type\":\"ListItem\",\"position\":2,\"name\":\"All collection\",\"item\":\"https:\/\/voyagedelabaleine.fr\/en\/shop\/\"},{\"@type\":\"ListItem\",\"position\":3,\"name\":\"Floral Print Blouse for Girls &#8211; Pink\"}]},{\"@type\":\"WebSite\",\"@id\":\"https:\/\/voyagedelabaleine.fr\/en\/#website\",\"url\":\"https:\/\/voyagedelabaleine.fr\/en\/\",\"name\":\"Voyage de la Baleine\",\"description\":\"V\u00eatements intemporels et raffin\u00e9s pour b\u00e9b\u00e9s et enfants\",\"publisher\":{\"@id\":\"https:\/\/voyagedelabaleine.fr\/en\/#organization\"},\"potentialAction\":[{\"@type\":\"SearchAction\",\"target\":{\"@type\":\"EntryPoint\",\"urlTemplate\":\"https:\/\/voyagedelabaleine.fr\/en\/?s={search_term_string}\"},\"query-input\":{\"@type\":\"PropertyValueSpecification\",\"valueRequired\":true,\"valueName\":\"search_term_string\"}}],\"inLanguage\":\"en-US\"},{\"@type\":\"Organization\",\"@id\":\"https:\/\/voyagedelabaleine.fr\/en\/#organization\",\"name\":\"Voyage de la Baleine\",\"url\":\"https:\/\/voyagedelabaleine.fr\/en\/\",\"logo\":{\"@type\":\"ImageObject\",\"inLanguage\":\"en-US\",\"@id\":\"https:\/\/voyagedelabaleine.fr\/en\/#\/schema\/logo\/image\/\",\"url\":\"https:\/\/voyagedelabaleine.fr\/wp-content\/uploads\/2025\/06\/logo.webp\",\"contentUrl\":\"https:\/\/voyagedelabaleine.fr\/wp-content\/uploads\/2025\/06\/logo.webp\",\"width\":153,\"height\":64,\"caption\":\"Voyage de la Baleine\"},\"image\":{\"@id\":\"https:\/\/voyagedelabaleine.fr\/en\/#\/schema\/logo\/image\/\"},\"sameAs\":[\"https:\/\/www.facebook.com\/voyagedelabaleine\/\",\"https:\/\/www.instagram.com\/voyagedelabaleine\/\",\"https:\/\/www.pinterest.fr\/Voyagedelabaleine\/\"]}]}<\/script>\n<!-- \/ Yoast SEO plugin. -->","yoast_head_json":{"title":"Floral Print Blouse for Girls - Pink - Voyage de la Baleine","description":"Our pink floral print blouse for girls features a delicate and balanced pattern, presented in soft and harmonious shades.","robots":{"index":"index","follow":"follow","max-snippet":"max-snippet:-1","max-image-preview":"max-image-preview:large","max-video-preview":"max-video-preview:-1"},"canonical":"https:\/\/voyagedelabaleine.fr\/en\/product\/floral-print-blouse-for-girls-pink\/","og_locale":"en_US","og_type":"article","og_title":"Floral Print Blouse for Girls - Pink - Voyage de la Baleine","og_description":"Our pink floral print blouse for girls features a delicate and balanced pattern, presented in soft and harmonious shades.","og_url":"https:\/\/voyagedelabaleine.fr\/en\/product\/floral-print-blouse-for-girls-pink\/","og_site_name":"Voyage de la Baleine","article_publisher":"https:\/\/www.facebook.com\/voyagedelabaleine\/","og_image":[{"width":1200,"height":1600,"url":"https:\/\/voyagedelabaleine.fr\/wp-content\/uploads\/2026\/02\/blouse-fille-imprime-floral.jpg","type":"image\/jpeg"}],"twitter_card":"summary_large_image","twitter_misc":{"Est. reading time":"2 minutes"},"schema":{"@context":"https:\/\/schema.org","@graph":[{"@type":"WebPage","@id":"https:\/\/voyagedelabaleine.fr\/en\/product\/floral-print-blouse-for-girls-pink\/","url":"https:\/\/voyagedelabaleine.fr\/en\/product\/floral-print-blouse-for-girls-pink\/","name":"Floral Print Blouse for Girls - Pink - Voyage de la Baleine","isPartOf":{"@id":"https:\/\/voyagedelabaleine.fr\/en\/#website"},"primaryImageOfPage":{"@id":"https:\/\/voyagedelabaleine.fr\/en\/product\/floral-print-blouse-for-girls-pink\/#primaryimage"},"image":{"@id":"https:\/\/voyagedelabaleine.fr\/en\/product\/floral-print-blouse-for-girls-pink\/#primaryimage"},"thumbnailUrl":"https:\/\/voyagedelabaleine.fr\/wp-content\/uploads\/2026\/02\/blouse-fille-imprime-floral.jpg","datePublished":"2026-03-17T09:48:35+00:00","description":"Our pink floral print blouse for girls features a delicate and balanced pattern, presented in soft and harmonious shades.","breadcrumb":{"@id":"https:\/\/voyagedelabaleine.fr\/en\/product\/floral-print-blouse-for-girls-pink\/#breadcrumb"},"inLanguage":"en-US","potentialAction":[{"@type":"ReadAction","target":["https:\/\/voyagedelabaleine.fr\/en\/product\/floral-print-blouse-for-girls-pink\/"]}]},{"@type":"ImageObject","inLanguage":"en-US","@id":"https:\/\/voyagedelabaleine.fr\/en\/product\/floral-print-blouse-for-girls-pink\/#primaryimage","url":"https:\/\/voyagedelabaleine.fr\/wp-content\/uploads\/2026\/02\/blouse-fille-imprime-floral.jpg","contentUrl":"https:\/\/voyagedelabaleine.fr\/wp-content\/uploads\/2026\/02\/blouse-fille-imprime-floral.jpg","width":1200,"height":1600},{"@type":"BreadcrumbList","@id":"https:\/\/voyagedelabaleine.fr\/en\/product\/floral-print-blouse-for-girls-pink\/#breadcrumb","itemListElement":[{"@type":"ListItem","position":1,"name":"Accueil","item":"https:\/\/voyagedelabaleine.fr\/en\/timeless-refined-clothing-babies-children\/"},{"@type":"ListItem","position":2,"name":"All collection","item":"https:\/\/voyagedelabaleine.fr\/en\/shop\/"},{"@type":"ListItem","position":3,"name":"Floral Print Blouse for Girls &#8211; Pink"}]},{"@type":"WebSite","@id":"https:\/\/voyagedelabaleine.fr\/en\/#website","url":"https:\/\/voyagedelabaleine.fr\/en\/","name":"Voyage de la Baleine","description":"V\u00eatements intemporels et raffin\u00e9s pour b\u00e9b\u00e9s et enfants","publisher":{"@id":"https:\/\/voyagedelabaleine.fr\/en\/#organization"},"potentialAction":[{"@type":"SearchAction","target":{"@type":"EntryPoint","urlTemplate":"https:\/\/voyagedelabaleine.fr\/en\/?s={search_term_string}"},"query-input":{"@type":"PropertyValueSpecification","valueRequired":true,"valueName":"search_term_string"}}],"inLanguage":"en-US"},{"@type":"Organization","@id":"https:\/\/voyagedelabaleine.fr\/en\/#organization","name":"Voyage de la Baleine","url":"https:\/\/voyagedelabaleine.fr\/en\/","logo":{"@type":"ImageObject","inLanguage":"en-US","@id":"https:\/\/voyagedelabaleine.fr\/en\/#\/schema\/logo\/image\/","url":"https:\/\/voyagedelabaleine.fr\/wp-content\/uploads\/2025\/06\/logo.webp","contentUrl":"https:\/\/voyagedelabaleine.fr\/wp-content\/uploads\/2025\/06\/logo.webp","width":153,"height":64,"caption":"Voyage de la Baleine"},"image":{"@id":"https:\/\/voyagedelabaleine.fr\/en\/#\/schema\/logo\/image\/"},"sameAs":["https:\/\/www.facebook.com\/voyagedelabaleine\/","https:\/\/www.instagram.com\/voyagedelabaleine\/","https:\/\/www.pinterest.fr\/Voyagedelabaleine\/"]}]}},"_links":{"self":[{"href":"https:\/\/voyagedelabaleine.fr\/en\/wp-json\/wp\/v2\/product\/41762","targetHints":{"allow":["GET"]}}],"collection":[{"href":"https:\/\/voyagedelabaleine.fr\/en\/wp-json\/wp\/v2\/product"}],"about":[{"href":"https:\/\/voyagedelabaleine.fr\/en\/wp-json\/wp\/v2\/types\/product"}],"replies":[{"embeddable":true,"href":"https:\/\/voyagedelabaleine.fr\/en\/wp-json\/wp\/v2\/comments?post=41762"}],"wp:featuredmedia":[{"embeddable":true,"href":"https:\/\/voyagedelabaleine.fr\/en\/wp-json\/wp\/v2\/media\/37037"}],"wp:attachment":[{"href":"https:\/\/voyagedelabaleine.fr\/en\/wp-json\/wp\/v2\/media?parent=41762"}],"wp:term":[{"taxonomy":"product_brand","embeddable":true,"href":"https:\/\/voyagedelabaleine.fr\/en\/wp-json\/wp\/v2\/product_brand?post=41762"},{"taxonomy":"product_cat","embeddable":true,"href":"https:\/\/voyagedelabaleine.fr\/en\/wp-json\/wp\/v2\/product_cat?post=41762"},{"taxonomy":"product_tag","embeddable":true,"href":"https:\/\/voyagedelabaleine.fr\/en\/wp-json\/wp\/v2\/product_tag?post=41762"}],"curies":[{"name":"wp","href":"https:\/\/api.w.org\/{rel}","templated":true}]}}