{"id":42126,"date":"2026-03-19T13:00:01","date_gmt":"2026-03-19T12:00:01","guid":{"rendered":"https:\/\/voyagedelabaleine.fr\/product\/girls-seersucker-dress-multicolored\/"},"modified":"2026-03-19T13:00:01","modified_gmt":"2026-03-19T12:00:01","slug":"girls-seersucker-dress-multicolored","status":"publish","type":"product","link":"https:\/\/voyagedelabaleine.fr\/en\/product\/girls-seersucker-dress-multicolored\/","title":{"rendered":"Girls&#8217; seersucker dress &#8211; Multicolored"},"content":{"rendered":"<h3 data-section-id=\"4p29f5\" data-start=\"50\" data-end=\"109\">A colorful, lightweight, and fresh girls&#8217; dress<\/h3>\n<p data-start=\"111\" data-end=\"380\">Our <strong data-start=\"117\" data-end=\"166\">girls&#8217; multicolored seersucker dress<\/strong> is a bright and joyful piece, perfect for sunny days. Its shades of <strong data-start=\"271\" data-end=\"299\">pink, yellow, and sky blue<\/strong> create a soft and delicate harmony, ideal for a refined summer wardrobe. <\/p>\n<p data-start=\"382\" data-end=\"520\">This dress adds a touch of color while remaining elegant, thanks to a subtle balance between pastel shades and a timeless cut.<\/p>\n<h3 data-section-id=\"1oxnvh1\" data-start=\"522\" data-end=\"569\">A lightweight and comfortable seersucker fabric<\/h3>\n<p data-start=\"571\" data-end=\"831\">Crafted from <strong data-start=\"588\" data-end=\"620\">95% cotton and 5% elastane<\/strong>, our seersucker dress features a slightly puckered texture, characteristic of this fabric prized for its lightness. It is comfortable to wear even on hot days. <\/p>\n<p data-start=\"833\" data-end=\"978\">The fabric naturally follows the child&#8217;s movements while maintaining a beautiful shape. Its fluidity provides a delicate and airy drape. <\/p>\n<h3 data-section-id=\"1w4jdg6\" data-start=\"980\" data-end=\"1026\">A comfortable and elegant flared cut<\/h3>\n<p data-start=\"1028\" data-end=\"1210\">The dress is distinguished by its <strong data-start=\"1056\" data-end=\"1071\">flared skirt<\/strong>, which adds volume and lightness to the silhouette. This cut allows the child to move freely while maintaining a polished look. <\/p>\n<p data-start=\"1212\" data-end=\"1403\">The <strong data-start=\"1215\" data-end=\"1234\">scalloped edge<\/strong> adds a delicate and original finish, enhancing the dress&#8217;s charm. Every detail contributes to a piece that is both simple and sophisticated. <\/p>\n<h3 data-section-id=\"1izuttw\" data-start=\"1405\" data-end=\"1465\">A dress designed for everyday wear and special moments<\/h3>\n<p data-start=\"1467\" data-end=\"1675\">This multicolored dress is ideal for summer days, walks, or family moments. It can be worn alone for a light look or paired with a cardigan for cooler evenings. <\/p>\n<p data-start=\"1677\" data-end=\"1817\">Its joyful and natural style makes it an easy piece to integrate into a little girl&#8217;s wardrobe while maintaining true elegance.<\/p>\n<h3 data-section-id=\"1t5kih0\" data-start=\"1819\" data-end=\"1858\">A summer wardrobe essential<\/h3>\n<p data-start=\"1860\" data-end=\"2119\">The <strong data-start=\"1863\" data-end=\"1910\">girls&#8217; multicolored seersucker dress<\/strong> is a piece that is comfortable, bright, and refined. It reflects the delicate world of <em data-start=\"2005\" data-end=\"2027\">Voyage de la Baleine<\/em>, where every garment is designed to accompany childhood with softness, freedom, and elegance. <\/p>\n<p data-start=\"2121\" data-end=\"2194\" data-is-last-node=\"\" data-is-only-node=\"\">An ideal dress for creating summer memories, blending lightness and poetry.<\/p>\n<p data-start=\"2121\" data-end=\"2194\" data-is-last-node=\"\" data-is-only-node=\"\">Made in Spain.<\/p>\n","protected":false},"excerpt":{"rendered":"<ul>\n<li>Lined<\/li>\n<li>Sleeveless<\/li>\n<li>Square neckline<\/li>\n<li>95% cotton, 5% elastane<\/li>\n<li>Made in Spain<br \/>\n<em>This dress fits true to size. Choose your usual size.<\/em><\/li>\n<\/ul>\n","protected":false},"featured_media":42127,"comment_status":"open","ping_status":"closed","template":"","meta":{"ocean_post_layout":"","ocean_both_sidebars_style":"","ocean_both_sidebars_content_width":0,"ocean_both_sidebars_sidebars_width":0,"ocean_sidebar":"0","ocean_second_sidebar":"0","ocean_disable_margins":"enable","ocean_add_body_class":"","ocean_shortcode_before_top_bar":"","ocean_shortcode_after_top_bar":"","ocean_shortcode_before_header":"","ocean_shortcode_after_header":"","ocean_has_shortcode":"","ocean_shortcode_after_title":"","ocean_shortcode_before_footer_widgets":"","ocean_shortcode_after_footer_widgets":"","ocean_shortcode_before_footer_bottom":"","ocean_shortcode_after_footer_bottom":"","ocean_display_top_bar":"default","ocean_display_header":"default","ocean_header_style":"","ocean_center_header_left_menu":"0","ocean_custom_header_template":"0","ocean_custom_logo":0,"ocean_custom_retina_logo":0,"ocean_custom_logo_max_width":0,"ocean_custom_logo_tablet_max_width":0,"ocean_custom_logo_mobile_max_width":0,"ocean_custom_logo_max_height":0,"ocean_custom_logo_tablet_max_height":0,"ocean_custom_logo_mobile_max_height":0,"ocean_header_custom_menu":"0","ocean_menu_typo_font_family":"0","ocean_menu_typo_font_subset":"","ocean_menu_typo_font_size":0,"ocean_menu_typo_font_size_tablet":0,"ocean_menu_typo_font_size_mobile":0,"ocean_menu_typo_font_size_unit":"px","ocean_menu_typo_font_weight":"","ocean_menu_typo_font_weight_tablet":"","ocean_menu_typo_font_weight_mobile":"","ocean_menu_typo_transform":"","ocean_menu_typo_transform_tablet":"","ocean_menu_typo_transform_mobile":"","ocean_menu_typo_line_height":0,"ocean_menu_typo_line_height_tablet":0,"ocean_menu_typo_line_height_mobile":0,"ocean_menu_typo_line_height_unit":"","ocean_menu_typo_spacing":0,"ocean_menu_typo_spacing_tablet":0,"ocean_menu_typo_spacing_mobile":0,"ocean_menu_typo_spacing_unit":"","ocean_menu_link_color":"","ocean_menu_link_color_hover":"","ocean_menu_link_color_active":"","ocean_menu_link_background":"","ocean_menu_link_hover_background":"","ocean_menu_link_active_background":"","ocean_menu_social_links_bg":"","ocean_menu_social_hover_links_bg":"","ocean_menu_social_links_color":"","ocean_menu_social_hover_links_color":"","ocean_disable_title":"default","ocean_disable_heading":"default","ocean_post_title":"","ocean_post_subheading":"","ocean_post_title_style":"","ocean_post_title_background_color":"","ocean_post_title_background":0,"ocean_post_title_bg_image_position":"","ocean_post_title_bg_image_attachment":"","ocean_post_title_bg_image_repeat":"","ocean_post_title_bg_image_size":"","ocean_post_title_height":0,"ocean_post_title_bg_overlay":0.5,"ocean_post_title_bg_overlay_color":"","ocean_disable_breadcrumbs":"default","ocean_breadcrumbs_color":"","ocean_breadcrumbs_separator_color":"","ocean_breadcrumbs_links_color":"","ocean_breadcrumbs_links_hover_color":"","ocean_display_footer_widgets":"default","ocean_display_footer_bottom":"default","ocean_custom_footer_template":"0","osh_disable_topbar_sticky":"default","osh_disable_header_sticky":"default","osh_sticky_header_style":"default","osh_sticky_header_effect":"","osh_custom_sticky_logo":0,"osh_custom_retina_sticky_logo":0,"osh_custom_sticky_logo_height":0,"osh_background_color":"","osh_links_color":"","osh_links_hover_color":"","osh_links_active_color":"","osh_links_bg_color":"","osh_links_hover_bg_color":"","osh_links_active_bg_color":"","osh_menu_social_links_color":"","osh_menu_social_hover_links_color":""},"product_brand":[],"product_cat":[6645,6610,6718,6651,6678],"product_tag":[],"class_list":{"0":"post-42126","1":"product","2":"type-product","3":"status-publish","4":"has-post-thumbnail","6":"product_cat-baby-dress","7":"product_cat-baby-girl","8":"product_cat-clothing","9":"product_cat-girl","10":"product_cat-girl-dress","12":"entry","13":"has-media","15":"first","16":"instock","17":"taxable","18":"shipping-taxable","19":"purchasable","20":"product-type-variable","21":"has-default-attributes","22":"col","23":"span_1_of_3","24":"owp-content-center","25":"owp-thumbs-layout-vertical","26":"owp-btn-big","27":"owp-tabs-layout-vertical","28":"circle-sale"},"yoast_head":"<!-- This site is optimized with the Yoast SEO plugin v27.1.1 - https:\/\/yoast.com\/product\/yoast-seo-wordpress\/ -->\n<title>Girls&#039; seersucker dress - Multicolored - Voyage de la Baleine<\/title>\n<meta name=\"description\" content=\"Our girls&#039; multicolored seersucker dress is a bright and joyful piece, perfect for sunny days.\" \/>\n<meta name=\"robots\" content=\"index, follow, max-snippet:-1, max-image-preview:large, max-video-preview:-1\" \/>\n<link rel=\"canonical\" href=\"https:\/\/voyagedelabaleine.fr\/en\/product\/girls-seersucker-dress-multicolored\/\" \/>\n<meta property=\"og:locale\" content=\"en_US\" \/>\n<meta property=\"og:type\" content=\"article\" \/>\n<meta property=\"og:title\" content=\"Girls&#039; seersucker dress - Multicolored - Voyage de la Baleine\" \/>\n<meta property=\"og:description\" content=\"Our girls&#039; multicolored seersucker dress is a bright and joyful piece, perfect for sunny days.\" \/>\n<meta property=\"og:url\" content=\"https:\/\/voyagedelabaleine.fr\/en\/product\/girls-seersucker-dress-multicolored\/\" \/>\n<meta property=\"og:site_name\" content=\"Voyage de la Baleine\" \/>\n<meta property=\"article:publisher\" content=\"https:\/\/www.facebook.com\/voyagedelabaleine\/\" \/>\n<meta property=\"og:image\" content=\"https:\/\/voyagedelabaleine.fr\/wp-content\/uploads\/2026\/03\/robe-seersucker-multicolore-1.jpg\" \/>\n\t<meta property=\"og:image:width\" content=\"1151\" \/>\n\t<meta property=\"og:image:height\" content=\"1535\" \/>\n\t<meta property=\"og:image:type\" content=\"image\/jpeg\" \/>\n<meta name=\"twitter:card\" content=\"summary_large_image\" \/>\n<meta name=\"twitter:label1\" content=\"Est. reading time\" \/>\n\t<meta name=\"twitter:data1\" content=\"1 minute\" \/>\n<script type=\"application\/ld+json\" class=\"yoast-schema-graph\">{\"@context\":\"https:\/\/schema.org\",\"@graph\":[{\"@type\":\"WebPage\",\"@id\":\"https:\/\/voyagedelabaleine.fr\/en\/product\/girls-seersucker-dress-multicolored\/\",\"url\":\"https:\/\/voyagedelabaleine.fr\/en\/product\/girls-seersucker-dress-multicolored\/\",\"name\":\"Girls' seersucker dress - Multicolored - Voyage de la Baleine\",\"isPartOf\":{\"@id\":\"https:\/\/voyagedelabaleine.fr\/en\/#website\"},\"primaryImageOfPage\":{\"@id\":\"https:\/\/voyagedelabaleine.fr\/en\/product\/girls-seersucker-dress-multicolored\/#primaryimage\"},\"image\":{\"@id\":\"https:\/\/voyagedelabaleine.fr\/en\/product\/girls-seersucker-dress-multicolored\/#primaryimage\"},\"thumbnailUrl\":\"https:\/\/voyagedelabaleine.fr\/wp-content\/uploads\/2026\/03\/robe-seersucker-multicolore-1.jpg\",\"datePublished\":\"2026-03-19T12:00:01+00:00\",\"description\":\"Our girls' multicolored seersucker dress is a bright and joyful piece, perfect for sunny days.\",\"breadcrumb\":{\"@id\":\"https:\/\/voyagedelabaleine.fr\/en\/product\/girls-seersucker-dress-multicolored\/#breadcrumb\"},\"inLanguage\":\"en-US\",\"potentialAction\":[{\"@type\":\"ReadAction\",\"target\":[\"https:\/\/voyagedelabaleine.fr\/en\/product\/girls-seersucker-dress-multicolored\/\"]}]},{\"@type\":\"ImageObject\",\"inLanguage\":\"en-US\",\"@id\":\"https:\/\/voyagedelabaleine.fr\/en\/product\/girls-seersucker-dress-multicolored\/#primaryimage\",\"url\":\"https:\/\/voyagedelabaleine.fr\/wp-content\/uploads\/2026\/03\/robe-seersucker-multicolore-1.jpg\",\"contentUrl\":\"https:\/\/voyagedelabaleine.fr\/wp-content\/uploads\/2026\/03\/robe-seersucker-multicolore-1.jpg\",\"width\":1151,\"height\":1535},{\"@type\":\"BreadcrumbList\",\"@id\":\"https:\/\/voyagedelabaleine.fr\/en\/product\/girls-seersucker-dress-multicolored\/#breadcrumb\",\"itemListElement\":[{\"@type\":\"ListItem\",\"position\":1,\"name\":\"Accueil\",\"item\":\"https:\/\/voyagedelabaleine.fr\/en\/timeless-refined-clothing-babies-children\/\"},{\"@type\":\"ListItem\",\"position\":2,\"name\":\"All collection\",\"item\":\"https:\/\/voyagedelabaleine.fr\/en\/shop\/\"},{\"@type\":\"ListItem\",\"position\":3,\"name\":\"Girls&rsquo; seersucker dress &#8211; Multicolored\"}]},{\"@type\":\"WebSite\",\"@id\":\"https:\/\/voyagedelabaleine.fr\/en\/#website\",\"url\":\"https:\/\/voyagedelabaleine.fr\/en\/\",\"name\":\"Voyage de la Baleine\",\"description\":\"V\u00eatements intemporels et raffin\u00e9s pour b\u00e9b\u00e9s et enfants\",\"publisher\":{\"@id\":\"https:\/\/voyagedelabaleine.fr\/en\/#organization\"},\"potentialAction\":[{\"@type\":\"SearchAction\",\"target\":{\"@type\":\"EntryPoint\",\"urlTemplate\":\"https:\/\/voyagedelabaleine.fr\/en\/?s={search_term_string}\"},\"query-input\":{\"@type\":\"PropertyValueSpecification\",\"valueRequired\":true,\"valueName\":\"search_term_string\"}}],\"inLanguage\":\"en-US\"},{\"@type\":\"Organization\",\"@id\":\"https:\/\/voyagedelabaleine.fr\/en\/#organization\",\"name\":\"Voyage de la Baleine\",\"url\":\"https:\/\/voyagedelabaleine.fr\/en\/\",\"logo\":{\"@type\":\"ImageObject\",\"inLanguage\":\"en-US\",\"@id\":\"https:\/\/voyagedelabaleine.fr\/en\/#\/schema\/logo\/image\/\",\"url\":\"https:\/\/voyagedelabaleine.fr\/wp-content\/uploads\/2025\/06\/logo.webp\",\"contentUrl\":\"https:\/\/voyagedelabaleine.fr\/wp-content\/uploads\/2025\/06\/logo.webp\",\"width\":153,\"height\":64,\"caption\":\"Voyage de la Baleine\"},\"image\":{\"@id\":\"https:\/\/voyagedelabaleine.fr\/en\/#\/schema\/logo\/image\/\"},\"sameAs\":[\"https:\/\/www.facebook.com\/voyagedelabaleine\/\",\"https:\/\/www.instagram.com\/voyagedelabaleine\/\",\"https:\/\/www.pinterest.fr\/Voyagedelabaleine\/\"]}]}<\/script>\n<!-- \/ Yoast SEO plugin. -->","yoast_head_json":{"title":"Girls' seersucker dress - Multicolored - Voyage de la Baleine","description":"Our girls' multicolored seersucker dress is a bright and joyful piece, perfect for sunny days.","robots":{"index":"index","follow":"follow","max-snippet":"max-snippet:-1","max-image-preview":"max-image-preview:large","max-video-preview":"max-video-preview:-1"},"canonical":"https:\/\/voyagedelabaleine.fr\/en\/product\/girls-seersucker-dress-multicolored\/","og_locale":"en_US","og_type":"article","og_title":"Girls' seersucker dress - Multicolored - Voyage de la Baleine","og_description":"Our girls' multicolored seersucker dress is a bright and joyful piece, perfect for sunny days.","og_url":"https:\/\/voyagedelabaleine.fr\/en\/product\/girls-seersucker-dress-multicolored\/","og_site_name":"Voyage de la Baleine","article_publisher":"https:\/\/www.facebook.com\/voyagedelabaleine\/","og_image":[{"width":1151,"height":1535,"url":"https:\/\/voyagedelabaleine.fr\/wp-content\/uploads\/2026\/03\/robe-seersucker-multicolore-1.jpg","type":"image\/jpeg"}],"twitter_card":"summary_large_image","twitter_misc":{"Est. reading time":"1 minute"},"schema":{"@context":"https:\/\/schema.org","@graph":[{"@type":"WebPage","@id":"https:\/\/voyagedelabaleine.fr\/en\/product\/girls-seersucker-dress-multicolored\/","url":"https:\/\/voyagedelabaleine.fr\/en\/product\/girls-seersucker-dress-multicolored\/","name":"Girls' seersucker dress - Multicolored - Voyage de la Baleine","isPartOf":{"@id":"https:\/\/voyagedelabaleine.fr\/en\/#website"},"primaryImageOfPage":{"@id":"https:\/\/voyagedelabaleine.fr\/en\/product\/girls-seersucker-dress-multicolored\/#primaryimage"},"image":{"@id":"https:\/\/voyagedelabaleine.fr\/en\/product\/girls-seersucker-dress-multicolored\/#primaryimage"},"thumbnailUrl":"https:\/\/voyagedelabaleine.fr\/wp-content\/uploads\/2026\/03\/robe-seersucker-multicolore-1.jpg","datePublished":"2026-03-19T12:00:01+00:00","description":"Our girls' multicolored seersucker dress is a bright and joyful piece, perfect for sunny days.","breadcrumb":{"@id":"https:\/\/voyagedelabaleine.fr\/en\/product\/girls-seersucker-dress-multicolored\/#breadcrumb"},"inLanguage":"en-US","potentialAction":[{"@type":"ReadAction","target":["https:\/\/voyagedelabaleine.fr\/en\/product\/girls-seersucker-dress-multicolored\/"]}]},{"@type":"ImageObject","inLanguage":"en-US","@id":"https:\/\/voyagedelabaleine.fr\/en\/product\/girls-seersucker-dress-multicolored\/#primaryimage","url":"https:\/\/voyagedelabaleine.fr\/wp-content\/uploads\/2026\/03\/robe-seersucker-multicolore-1.jpg","contentUrl":"https:\/\/voyagedelabaleine.fr\/wp-content\/uploads\/2026\/03\/robe-seersucker-multicolore-1.jpg","width":1151,"height":1535},{"@type":"BreadcrumbList","@id":"https:\/\/voyagedelabaleine.fr\/en\/product\/girls-seersucker-dress-multicolored\/#breadcrumb","itemListElement":[{"@type":"ListItem","position":1,"name":"Accueil","item":"https:\/\/voyagedelabaleine.fr\/en\/timeless-refined-clothing-babies-children\/"},{"@type":"ListItem","position":2,"name":"All collection","item":"https:\/\/voyagedelabaleine.fr\/en\/shop\/"},{"@type":"ListItem","position":3,"name":"Girls&rsquo; seersucker dress &#8211; Multicolored"}]},{"@type":"WebSite","@id":"https:\/\/voyagedelabaleine.fr\/en\/#website","url":"https:\/\/voyagedelabaleine.fr\/en\/","name":"Voyage de la Baleine","description":"V\u00eatements intemporels et raffin\u00e9s pour b\u00e9b\u00e9s et enfants","publisher":{"@id":"https:\/\/voyagedelabaleine.fr\/en\/#organization"},"potentialAction":[{"@type":"SearchAction","target":{"@type":"EntryPoint","urlTemplate":"https:\/\/voyagedelabaleine.fr\/en\/?s={search_term_string}"},"query-input":{"@type":"PropertyValueSpecification","valueRequired":true,"valueName":"search_term_string"}}],"inLanguage":"en-US"},{"@type":"Organization","@id":"https:\/\/voyagedelabaleine.fr\/en\/#organization","name":"Voyage de la Baleine","url":"https:\/\/voyagedelabaleine.fr\/en\/","logo":{"@type":"ImageObject","inLanguage":"en-US","@id":"https:\/\/voyagedelabaleine.fr\/en\/#\/schema\/logo\/image\/","url":"https:\/\/voyagedelabaleine.fr\/wp-content\/uploads\/2025\/06\/logo.webp","contentUrl":"https:\/\/voyagedelabaleine.fr\/wp-content\/uploads\/2025\/06\/logo.webp","width":153,"height":64,"caption":"Voyage de la Baleine"},"image":{"@id":"https:\/\/voyagedelabaleine.fr\/en\/#\/schema\/logo\/image\/"},"sameAs":["https:\/\/www.facebook.com\/voyagedelabaleine\/","https:\/\/www.instagram.com\/voyagedelabaleine\/","https:\/\/www.pinterest.fr\/Voyagedelabaleine\/"]}]}},"_links":{"self":[{"href":"https:\/\/voyagedelabaleine.fr\/en\/wp-json\/wp\/v2\/product\/42126","targetHints":{"allow":["GET"]}}],"collection":[{"href":"https:\/\/voyagedelabaleine.fr\/en\/wp-json\/wp\/v2\/product"}],"about":[{"href":"https:\/\/voyagedelabaleine.fr\/en\/wp-json\/wp\/v2\/types\/product"}],"replies":[{"embeddable":true,"href":"https:\/\/voyagedelabaleine.fr\/en\/wp-json\/wp\/v2\/comments?post=42126"}],"wp:featuredmedia":[{"embeddable":true,"href":"https:\/\/voyagedelabaleine.fr\/en\/wp-json\/wp\/v2\/media\/42127"}],"wp:attachment":[{"href":"https:\/\/voyagedelabaleine.fr\/en\/wp-json\/wp\/v2\/media?parent=42126"}],"wp:term":[{"taxonomy":"product_brand","embeddable":true,"href":"https:\/\/voyagedelabaleine.fr\/en\/wp-json\/wp\/v2\/product_brand?post=42126"},{"taxonomy":"product_cat","embeddable":true,"href":"https:\/\/voyagedelabaleine.fr\/en\/wp-json\/wp\/v2\/product_cat?post=42126"},{"taxonomy":"product_tag","embeddable":true,"href":"https:\/\/voyagedelabaleine.fr\/en\/wp-json\/wp\/v2\/product_tag?post=42126"}],"curies":[{"name":"wp","href":"https:\/\/api.w.org\/{rel}","templated":true}]}}