{"id":42765,"date":"2026-04-22T10:13:35","date_gmt":"2026-04-22T08:13:35","guid":{"rendered":"https:\/\/voyagedelabaleine.fr\/product\/smocked-striped-dress-with-anchor-motif-navy-blue-white\/"},"modified":"2026-04-22T10:13:35","modified_gmt":"2026-04-22T08:13:35","slug":"smocked-striped-dress-with-anchor-motif-navy-blue-white","status":"publish","type":"product","link":"https:\/\/voyagedelabaleine.fr\/en\/product\/smocked-striped-dress-with-anchor-motif-navy-blue-white\/","title":{"rendered":"Smocked striped dress with anchor motif \u2013 Navy blue\/white"},"content":{"rendered":"<h3 data-section-id=\"1flggj6\" data-start=\"77\" data-end=\"122\">An elegant baby dress with a nautical spirit<\/h3>\n<p data-start=\"124\" data-end=\"373\">Our <strong data-start=\"130\" data-end=\"176\">navy and white striped dress<\/strong> is a charming piece, inspired by the seaside. Its <strong data-start=\"248\" data-end=\"283\">navy and white stripes<\/strong>, timeless and refined, dress your little girl with softness and elegance as soon as the sunny days arrive. <\/p>\n<p data-start=\"375\" data-end=\"484\">Sleeveless, it is ideal for summer and sunny days, while maintaining a polished look.<\/p>\n<h3 data-section-id=\"1qfo6rc\" data-start=\"486\" data-end=\"540\">Delicate smocking and anchor embroideries<\/h3>\n<p data-start=\"542\" data-end=\"772\">The front of the dress is enhanced by <strong data-start=\"582\" data-end=\"601\">delicate smocking<\/strong>, accompanied by <strong data-start=\"618\" data-end=\"648\">anchor embroideries<\/strong> that add a subtle and poetic touch. These intricate details add texture to the outfit while remaining elegant. <\/p>\n<p data-start=\"774\" data-end=\"860\">They reinforce the dress&#8217;s nautical inspiration while maintaining great finesse.<\/p>\n<h3 data-section-id=\"174js88\" data-start=\"862\" data-end=\"900\">A lovely structured and refined collar<\/h3>\n<p data-start=\"902\" data-end=\"1090\">The dress is highlighted by a <strong data-start=\"936\" data-end=\"961\">large navy collar<\/strong>, which delicately frames the top of the garment. This contrast with the stripes brings a chic and structured touch to the ensemble. <\/p>\n<p data-start=\"1092\" data-end=\"1204\">This signature detail gives the dress true elegance, perfect for both special occasions and everyday wear.<\/p>\n<h3 data-section-id=\"eslkf1\" data-start=\"1206\" data-end=\"1245\">A Comfortable and Practical Cut<\/h3>\n<p data-start=\"1247\" data-end=\"1458\">The slightly flared cut allows baby to move freely throughout the day. The dress closes with a <strong data-start=\"1361\" data-end=\"1393\">back zipper<\/strong>, making dressing easy while ensuring a perfect fit. <\/p>\n<p data-start=\"1460\" data-end=\"1547\">Designed for the comfort of little ones, it follows every movement with lightness.<\/p>\n<h3 data-section-id=\"i7w4tj\" data-start=\"1549\" data-end=\"1581\">Soft and breathable cotton<\/h3>\n<p data-start=\"1583\" data-end=\"1777\">Crafted from <strong data-start=\"1600\" data-end=\"1615\">100% cotton<\/strong>, our dress is soft, light, and breathable, ideal for babies&#8217; sensitive skin. The fabric ensures optimal comfort, even on the warmest days. <\/p>\n<p data-start=\"1779\" data-end=\"1877\">The cotton maintains its shape and colors wash after wash, guaranteeing great durability.<\/p>\n<h3 data-section-id=\"1t4goq4\" data-start=\"1879\" data-end=\"1921\">Quality Spanish craftsmanship<\/h3>\n<p data-start=\"1923\" data-end=\"2114\">Made in Spain, this dress benefits from renowned craftsmanship and meticulous finishes. The smocking, embroidery, and seams are precisely executed for a flawless look. <\/p>\n<h3 data-section-id=\"6rsx6m\" data-start=\"2116\" data-end=\"2158\">A baby girl wardrobe essential<\/h3>\n<p data-start=\"2160\" data-end=\"2351\">Our <strong data-start=\"2166\" data-end=\"2220\">navy and white striped baby dress with anchor motif<\/strong> is an elegant and timeless piece. It pairs easily with booties or a cardigan to create a harmonious outfit. <\/p>\n<p data-start=\"2353\" data-end=\"2452\" data-is-last-node=\"\" data-is-only-node=\"\">A dress full of freshness and delicacy, true to the refined world of Voyage de la Baleine.<\/p>\n<p data-start=\"2353\" data-end=\"2452\" data-is-last-node=\"\" data-is-only-node=\"\">Discover the other <strong>matching pieces from the collection<\/strong> to create lovely coordinated outfits for siblings: <a href=\"https:\/\/voyagedelabaleine.fr\/en\/product\/smocked-baby-romper-with-nautical-anchor-motif-navy-blue-white\/\">Smocked baby romper with anchor motif \u2013 Navy blue\/white<\/a> and <a href=\"https:\/\/voyagedelabaleine.fr\/en\/product\/baby-smocked-short-dress-and-matching-bloomer-set-navy-blue-white\/\">Smocked short baby dress and matching bloomer set \u2013 Navy blue\/white<\/a><\/p>\n<p data-start=\"2353\" data-end=\"2452\" data-is-last-node=\"\" data-is-only-node=\"\">Made in Spain.<\/p>\n","protected":false},"excerpt":{"rendered":"<ul>\n<li>Lined dress<\/li>\n<li>Back zipper closure<\/li>\n<li>Smocking details and anchor embroideries<\/li>\n<li>100% cotton<\/li>\n<li>Made in Spain<\/li>\n<li><em>This dress fits true to size. Choose your usual size. <\/em><\/li>\n<\/ul>\n","protected":false},"featured_media":42766,"comment_status":"open","ping_status":"closed","template":"","meta":{"ocean_post_layout":"","ocean_both_sidebars_style":"","ocean_both_sidebars_content_width":0,"ocean_both_sidebars_sidebars_width":0,"ocean_sidebar":"0","ocean_second_sidebar":"0","ocean_disable_margins":"enable","ocean_add_body_class":"","ocean_shortcode_before_top_bar":"","ocean_shortcode_after_top_bar":"","ocean_shortcode_before_header":"","ocean_shortcode_after_header":"","ocean_has_shortcode":"","ocean_shortcode_after_title":"","ocean_shortcode_before_footer_widgets":"","ocean_shortcode_after_footer_widgets":"","ocean_shortcode_before_footer_bottom":"","ocean_shortcode_after_footer_bottom":"","ocean_display_top_bar":"default","ocean_display_header":"default","ocean_header_style":"","ocean_center_header_left_menu":"0","ocean_custom_header_template":"0","ocean_custom_logo":0,"ocean_custom_retina_logo":0,"ocean_custom_logo_max_width":0,"ocean_custom_logo_tablet_max_width":0,"ocean_custom_logo_mobile_max_width":0,"ocean_custom_logo_max_height":0,"ocean_custom_logo_tablet_max_height":0,"ocean_custom_logo_mobile_max_height":0,"ocean_header_custom_menu":"0","ocean_menu_typo_font_family":"0","ocean_menu_typo_font_subset":"","ocean_menu_typo_font_size":0,"ocean_menu_typo_font_size_tablet":0,"ocean_menu_typo_font_size_mobile":0,"ocean_menu_typo_font_size_unit":"px","ocean_menu_typo_font_weight":"","ocean_menu_typo_font_weight_tablet":"","ocean_menu_typo_font_weight_mobile":"","ocean_menu_typo_transform":"","ocean_menu_typo_transform_tablet":"","ocean_menu_typo_transform_mobile":"","ocean_menu_typo_line_height":0,"ocean_menu_typo_line_height_tablet":0,"ocean_menu_typo_line_height_mobile":0,"ocean_menu_typo_line_height_unit":"","ocean_menu_typo_spacing":0,"ocean_menu_typo_spacing_tablet":0,"ocean_menu_typo_spacing_mobile":0,"ocean_menu_typo_spacing_unit":"","ocean_menu_link_color":"","ocean_menu_link_color_hover":"","ocean_menu_link_color_active":"","ocean_menu_link_background":"","ocean_menu_link_hover_background":"","ocean_menu_link_active_background":"","ocean_menu_social_links_bg":"","ocean_menu_social_hover_links_bg":"","ocean_menu_social_links_color":"","ocean_menu_social_hover_links_color":"","ocean_disable_title":"default","ocean_disable_heading":"default","ocean_post_title":"","ocean_post_subheading":"","ocean_post_title_style":"","ocean_post_title_background_color":"","ocean_post_title_background":0,"ocean_post_title_bg_image_position":"","ocean_post_title_bg_image_attachment":"","ocean_post_title_bg_image_repeat":"","ocean_post_title_bg_image_size":"","ocean_post_title_height":0,"ocean_post_title_bg_overlay":0.5,"ocean_post_title_bg_overlay_color":"","ocean_disable_breadcrumbs":"default","ocean_breadcrumbs_color":"","ocean_breadcrumbs_separator_color":"","ocean_breadcrumbs_links_color":"","ocean_breadcrumbs_links_hover_color":"","ocean_display_footer_widgets":"default","ocean_display_footer_bottom":"default","ocean_custom_footer_template":"0","osh_disable_topbar_sticky":"default","osh_disable_header_sticky":"default","osh_sticky_header_style":"default","osh_sticky_header_effect":"","osh_custom_sticky_logo":0,"osh_custom_retina_sticky_logo":0,"osh_custom_sticky_logo_height":0,"osh_background_color":"","osh_links_color":"","osh_links_hover_color":"","osh_links_active_color":"","osh_links_bg_color":"","osh_links_hover_bg_color":"","osh_links_active_bg_color":"","osh_menu_social_links_color":"","osh_menu_social_hover_links_color":""},"product_brand":[],"product_cat":[6718,6651,6678],"product_tag":[],"class_list":{"0":"post-42765","1":"product","2":"type-product","3":"status-publish","4":"has-post-thumbnail","6":"product_cat-clothing","7":"product_cat-girl","8":"product_cat-girl-dress","10":"entry","11":"has-media","13":"first","14":"instock","15":"taxable","16":"shipping-taxable","17":"purchasable","18":"product-type-variable","19":"has-default-attributes","20":"col","21":"span_1_of_3","22":"owp-content-center","23":"owp-thumbs-layout-vertical","24":"owp-btn-big","25":"owp-tabs-layout-vertical","26":"circle-sale"},"yoast_head":"<!-- This site is optimized with the Yoast SEO plugin v27.1.1 - https:\/\/yoast.com\/product\/yoast-seo-wordpress\/ -->\n<title>Smocked striped dress with anchor motif \u2013 Navy blue\/white - Voyage de la Baleine<\/title>\n<meta name=\"description\" content=\"Our navy and white striped dress is a charming piece, inspired by the seaside. 100% cotton. Made in Spain.\" \/>\n<meta name=\"robots\" content=\"index, follow, max-snippet:-1, max-image-preview:large, max-video-preview:-1\" \/>\n<link rel=\"canonical\" href=\"https:\/\/voyagedelabaleine.fr\/en\/product\/smocked-striped-dress-with-anchor-motif-navy-blue-white\/\" \/>\n<meta property=\"og:locale\" content=\"en_US\" \/>\n<meta property=\"og:type\" content=\"article\" \/>\n<meta property=\"og:title\" content=\"Smocked striped dress with anchor motif \u2013 Navy blue\/white - Voyage de la Baleine\" \/>\n<meta property=\"og:description\" content=\"Our navy and white striped dress is a charming piece, inspired by the seaside. 100% cotton. Made in Spain.\" \/>\n<meta property=\"og:url\" content=\"https:\/\/voyagedelabaleine.fr\/en\/product\/smocked-striped-dress-with-anchor-motif-navy-blue-white\/\" \/>\n<meta property=\"og:site_name\" content=\"Voyage de la Baleine\" \/>\n<meta property=\"article:publisher\" content=\"https:\/\/www.facebook.com\/voyagedelabaleine\/\" \/>\n<meta property=\"og:image\" content=\"https:\/\/voyagedelabaleine.fr\/wp-content\/uploads\/2026\/04\/robe-ancres-marines-smocks-1.jpg\" \/>\n\t<meta property=\"og:image:width\" content=\"900\" \/>\n\t<meta property=\"og:image:height\" content=\"1200\" \/>\n\t<meta property=\"og:image:type\" content=\"image\/jpeg\" \/>\n<meta name=\"twitter:card\" content=\"summary_large_image\" \/>\n<meta name=\"twitter:label1\" content=\"Est. reading time\" \/>\n\t<meta name=\"twitter:data1\" content=\"2 minutes\" \/>\n<script type=\"application\/ld+json\" class=\"yoast-schema-graph\">{\"@context\":\"https:\/\/schema.org\",\"@graph\":[{\"@type\":\"WebPage\",\"@id\":\"https:\/\/voyagedelabaleine.fr\/en\/product\/smocked-striped-dress-with-anchor-motif-navy-blue-white\/\",\"url\":\"https:\/\/voyagedelabaleine.fr\/en\/product\/smocked-striped-dress-with-anchor-motif-navy-blue-white\/\",\"name\":\"Smocked striped dress with anchor motif \u2013 Navy blue\/white - Voyage de la Baleine\",\"isPartOf\":{\"@id\":\"https:\/\/voyagedelabaleine.fr\/en\/#website\"},\"primaryImageOfPage\":{\"@id\":\"https:\/\/voyagedelabaleine.fr\/en\/product\/smocked-striped-dress-with-anchor-motif-navy-blue-white\/#primaryimage\"},\"image\":{\"@id\":\"https:\/\/voyagedelabaleine.fr\/en\/product\/smocked-striped-dress-with-anchor-motif-navy-blue-white\/#primaryimage\"},\"thumbnailUrl\":\"https:\/\/voyagedelabaleine.fr\/wp-content\/uploads\/2026\/04\/robe-ancres-marines-smocks-1.jpg\",\"datePublished\":\"2026-04-22T08:13:35+00:00\",\"description\":\"Our navy and white striped dress is a charming piece, inspired by the seaside. 100% cotton. Made in Spain.\",\"breadcrumb\":{\"@id\":\"https:\/\/voyagedelabaleine.fr\/en\/product\/smocked-striped-dress-with-anchor-motif-navy-blue-white\/#breadcrumb\"},\"inLanguage\":\"en-US\",\"potentialAction\":[{\"@type\":\"ReadAction\",\"target\":[\"https:\/\/voyagedelabaleine.fr\/en\/product\/smocked-striped-dress-with-anchor-motif-navy-blue-white\/\"]}]},{\"@type\":\"ImageObject\",\"inLanguage\":\"en-US\",\"@id\":\"https:\/\/voyagedelabaleine.fr\/en\/product\/smocked-striped-dress-with-anchor-motif-navy-blue-white\/#primaryimage\",\"url\":\"https:\/\/voyagedelabaleine.fr\/wp-content\/uploads\/2026\/04\/robe-ancres-marines-smocks-1.jpg\",\"contentUrl\":\"https:\/\/voyagedelabaleine.fr\/wp-content\/uploads\/2026\/04\/robe-ancres-marines-smocks-1.jpg\",\"width\":900,\"height\":1200},{\"@type\":\"BreadcrumbList\",\"@id\":\"https:\/\/voyagedelabaleine.fr\/en\/product\/smocked-striped-dress-with-anchor-motif-navy-blue-white\/#breadcrumb\",\"itemListElement\":[{\"@type\":\"ListItem\",\"position\":1,\"name\":\"Accueil\",\"item\":\"https:\/\/voyagedelabaleine.fr\/en\/timeless-refined-clothing-babies-children\/\"},{\"@type\":\"ListItem\",\"position\":2,\"name\":\"All collection\",\"item\":\"https:\/\/voyagedelabaleine.fr\/en\/shop\/\"},{\"@type\":\"ListItem\",\"position\":3,\"name\":\"Smocked striped dress with anchor motif \u2013 Navy blue\/white\"}]},{\"@type\":\"WebSite\",\"@id\":\"https:\/\/voyagedelabaleine.fr\/en\/#website\",\"url\":\"https:\/\/voyagedelabaleine.fr\/en\/\",\"name\":\"Voyage de la Baleine\",\"description\":\"V\u00eatements intemporels et raffin\u00e9s pour b\u00e9b\u00e9s et enfants\",\"publisher\":{\"@id\":\"https:\/\/voyagedelabaleine.fr\/en\/#organization\"},\"potentialAction\":[{\"@type\":\"SearchAction\",\"target\":{\"@type\":\"EntryPoint\",\"urlTemplate\":\"https:\/\/voyagedelabaleine.fr\/en\/?s={search_term_string}\"},\"query-input\":{\"@type\":\"PropertyValueSpecification\",\"valueRequired\":true,\"valueName\":\"search_term_string\"}}],\"inLanguage\":\"en-US\"},{\"@type\":\"Organization\",\"@id\":\"https:\/\/voyagedelabaleine.fr\/en\/#organization\",\"name\":\"Voyage de la Baleine\",\"url\":\"https:\/\/voyagedelabaleine.fr\/en\/\",\"logo\":{\"@type\":\"ImageObject\",\"inLanguage\":\"en-US\",\"@id\":\"https:\/\/voyagedelabaleine.fr\/en\/#\/schema\/logo\/image\/\",\"url\":\"https:\/\/voyagedelabaleine.fr\/wp-content\/uploads\/2025\/06\/logo.webp\",\"contentUrl\":\"https:\/\/voyagedelabaleine.fr\/wp-content\/uploads\/2025\/06\/logo.webp\",\"width\":153,\"height\":64,\"caption\":\"Voyage de la Baleine\"},\"image\":{\"@id\":\"https:\/\/voyagedelabaleine.fr\/en\/#\/schema\/logo\/image\/\"},\"sameAs\":[\"https:\/\/www.facebook.com\/voyagedelabaleine\/\",\"https:\/\/www.instagram.com\/voyagedelabaleine\/\",\"https:\/\/www.pinterest.fr\/Voyagedelabaleine\/\"]}]}<\/script>\n<!-- \/ Yoast SEO plugin. -->","yoast_head_json":{"title":"Smocked striped dress with anchor motif \u2013 Navy blue\/white - Voyage de la Baleine","description":"Our navy and white striped dress is a charming piece, inspired by the seaside. 100% cotton. Made in Spain.","robots":{"index":"index","follow":"follow","max-snippet":"max-snippet:-1","max-image-preview":"max-image-preview:large","max-video-preview":"max-video-preview:-1"},"canonical":"https:\/\/voyagedelabaleine.fr\/en\/product\/smocked-striped-dress-with-anchor-motif-navy-blue-white\/","og_locale":"en_US","og_type":"article","og_title":"Smocked striped dress with anchor motif \u2013 Navy blue\/white - Voyage de la Baleine","og_description":"Our navy and white striped dress is a charming piece, inspired by the seaside. 100% cotton. Made in Spain.","og_url":"https:\/\/voyagedelabaleine.fr\/en\/product\/smocked-striped-dress-with-anchor-motif-navy-blue-white\/","og_site_name":"Voyage de la Baleine","article_publisher":"https:\/\/www.facebook.com\/voyagedelabaleine\/","og_image":[{"width":900,"height":1200,"url":"https:\/\/voyagedelabaleine.fr\/wp-content\/uploads\/2026\/04\/robe-ancres-marines-smocks-1.jpg","type":"image\/jpeg"}],"twitter_card":"summary_large_image","twitter_misc":{"Est. reading time":"2 minutes"},"schema":{"@context":"https:\/\/schema.org","@graph":[{"@type":"WebPage","@id":"https:\/\/voyagedelabaleine.fr\/en\/product\/smocked-striped-dress-with-anchor-motif-navy-blue-white\/","url":"https:\/\/voyagedelabaleine.fr\/en\/product\/smocked-striped-dress-with-anchor-motif-navy-blue-white\/","name":"Smocked striped dress with anchor motif \u2013 Navy blue\/white - Voyage de la Baleine","isPartOf":{"@id":"https:\/\/voyagedelabaleine.fr\/en\/#website"},"primaryImageOfPage":{"@id":"https:\/\/voyagedelabaleine.fr\/en\/product\/smocked-striped-dress-with-anchor-motif-navy-blue-white\/#primaryimage"},"image":{"@id":"https:\/\/voyagedelabaleine.fr\/en\/product\/smocked-striped-dress-with-anchor-motif-navy-blue-white\/#primaryimage"},"thumbnailUrl":"https:\/\/voyagedelabaleine.fr\/wp-content\/uploads\/2026\/04\/robe-ancres-marines-smocks-1.jpg","datePublished":"2026-04-22T08:13:35+00:00","description":"Our navy and white striped dress is a charming piece, inspired by the seaside. 100% cotton. Made in Spain.","breadcrumb":{"@id":"https:\/\/voyagedelabaleine.fr\/en\/product\/smocked-striped-dress-with-anchor-motif-navy-blue-white\/#breadcrumb"},"inLanguage":"en-US","potentialAction":[{"@type":"ReadAction","target":["https:\/\/voyagedelabaleine.fr\/en\/product\/smocked-striped-dress-with-anchor-motif-navy-blue-white\/"]}]},{"@type":"ImageObject","inLanguage":"en-US","@id":"https:\/\/voyagedelabaleine.fr\/en\/product\/smocked-striped-dress-with-anchor-motif-navy-blue-white\/#primaryimage","url":"https:\/\/voyagedelabaleine.fr\/wp-content\/uploads\/2026\/04\/robe-ancres-marines-smocks-1.jpg","contentUrl":"https:\/\/voyagedelabaleine.fr\/wp-content\/uploads\/2026\/04\/robe-ancres-marines-smocks-1.jpg","width":900,"height":1200},{"@type":"BreadcrumbList","@id":"https:\/\/voyagedelabaleine.fr\/en\/product\/smocked-striped-dress-with-anchor-motif-navy-blue-white\/#breadcrumb","itemListElement":[{"@type":"ListItem","position":1,"name":"Accueil","item":"https:\/\/voyagedelabaleine.fr\/en\/timeless-refined-clothing-babies-children\/"},{"@type":"ListItem","position":2,"name":"All collection","item":"https:\/\/voyagedelabaleine.fr\/en\/shop\/"},{"@type":"ListItem","position":3,"name":"Smocked striped dress with anchor motif \u2013 Navy blue\/white"}]},{"@type":"WebSite","@id":"https:\/\/voyagedelabaleine.fr\/en\/#website","url":"https:\/\/voyagedelabaleine.fr\/en\/","name":"Voyage de la Baleine","description":"V\u00eatements intemporels et raffin\u00e9s pour b\u00e9b\u00e9s et enfants","publisher":{"@id":"https:\/\/voyagedelabaleine.fr\/en\/#organization"},"potentialAction":[{"@type":"SearchAction","target":{"@type":"EntryPoint","urlTemplate":"https:\/\/voyagedelabaleine.fr\/en\/?s={search_term_string}"},"query-input":{"@type":"PropertyValueSpecification","valueRequired":true,"valueName":"search_term_string"}}],"inLanguage":"en-US"},{"@type":"Organization","@id":"https:\/\/voyagedelabaleine.fr\/en\/#organization","name":"Voyage de la Baleine","url":"https:\/\/voyagedelabaleine.fr\/en\/","logo":{"@type":"ImageObject","inLanguage":"en-US","@id":"https:\/\/voyagedelabaleine.fr\/en\/#\/schema\/logo\/image\/","url":"https:\/\/voyagedelabaleine.fr\/wp-content\/uploads\/2025\/06\/logo.webp","contentUrl":"https:\/\/voyagedelabaleine.fr\/wp-content\/uploads\/2025\/06\/logo.webp","width":153,"height":64,"caption":"Voyage de la Baleine"},"image":{"@id":"https:\/\/voyagedelabaleine.fr\/en\/#\/schema\/logo\/image\/"},"sameAs":["https:\/\/www.facebook.com\/voyagedelabaleine\/","https:\/\/www.instagram.com\/voyagedelabaleine\/","https:\/\/www.pinterest.fr\/Voyagedelabaleine\/"]}]}},"_links":{"self":[{"href":"https:\/\/voyagedelabaleine.fr\/en\/wp-json\/wp\/v2\/product\/42765","targetHints":{"allow":["GET"]}}],"collection":[{"href":"https:\/\/voyagedelabaleine.fr\/en\/wp-json\/wp\/v2\/product"}],"about":[{"href":"https:\/\/voyagedelabaleine.fr\/en\/wp-json\/wp\/v2\/types\/product"}],"replies":[{"embeddable":true,"href":"https:\/\/voyagedelabaleine.fr\/en\/wp-json\/wp\/v2\/comments?post=42765"}],"wp:featuredmedia":[{"embeddable":true,"href":"https:\/\/voyagedelabaleine.fr\/en\/wp-json\/wp\/v2\/media\/42766"}],"wp:attachment":[{"href":"https:\/\/voyagedelabaleine.fr\/en\/wp-json\/wp\/v2\/media?parent=42765"}],"wp:term":[{"taxonomy":"product_brand","embeddable":true,"href":"https:\/\/voyagedelabaleine.fr\/en\/wp-json\/wp\/v2\/product_brand?post=42765"},{"taxonomy":"product_cat","embeddable":true,"href":"https:\/\/voyagedelabaleine.fr\/en\/wp-json\/wp\/v2\/product_cat?post=42765"},{"taxonomy":"product_tag","embeddable":true,"href":"https:\/\/voyagedelabaleine.fr\/en\/wp-json\/wp\/v2\/product_tag?post=42765"}],"curies":[{"name":"wp","href":"https:\/\/api.w.org\/{rel}","templated":true}]}}