{"id":42778,"date":"2026-04-22T10:12:46","date_gmt":"2026-04-22T08:12:46","guid":{"rendered":"https:\/\/voyagedelabaleine.fr\/product\/smocked-baby-romper-with-nautical-anchor-motif-navy-blue-white\/"},"modified":"2026-04-22T10:12:46","modified_gmt":"2026-04-22T08:12:46","slug":"smocked-baby-romper-with-nautical-anchor-motif-navy-blue-white","status":"publish","type":"product","link":"https:\/\/voyagedelabaleine.fr\/en\/product\/smocked-baby-romper-with-nautical-anchor-motif-navy-blue-white\/","title":{"rendered":"Smocked Baby Romper with Nautical Anchor Motif \u2013 Navy Blue\/White"},"content":{"rendered":"<div class=\"flex flex-col text-sm pb-25\">\n<section class=\"text-token-text-primary w-full focus:outline-none [--shadow-height:45px] has-data-writing-block:pointer-events-none has-data-writing-block:-mt-(--shadow-height) has-data-writing-block:pt-(--shadow-height) [&amp;:has([data-writing-block])&gt;*]:pointer-events-auto scroll-mt-[calc(var(--header-height)+min(200px,max(70px,20svh)))]\" dir=\"auto\" data-turn-id=\"request-6970f0b2-bcb4-8329-8c33-a634cee04d04-119\" data-testid=\"conversation-turn-264\" data-scroll-anchor=\"true\" data-turn=\"assistant\">\n<div class=\"text-base my-auto mx-auto pb-10 [--thread-content-margin:var(--thread-content-margin-xs,calc(var(--spacing)*4))] @w-sm\/main:[--thread-content-margin:var(--thread-content-margin-sm,calc(var(--spacing)*6))] @w-lg\/main:[--thread-content-margin:var(--thread-content-margin-lg,calc(var(--spacing)*16))] px-(--thread-content-margin)\">\n<div class=\"[--thread-content-max-width:40rem] @w-lg\/main:[--thread-content-max-width:48rem] mx-auto max-w-(--thread-content-max-width) flex-1 group\/turn-messages focus-visible:outline-hidden relative flex w-full min-w-0 flex-col agent-turn\">\n<div class=\"flex max-w-full flex-col gap-4 grow\">\n<div class=\"min-h-8 text-message relative flex w-full flex-col items-end gap-2 text-start break-words whitespace-normal outline-none keyboard-focused:focus-ring [.text-message+&amp;]:mt-1\" dir=\"auto\" tabindex=\"0\" data-message-author-role=\"assistant\" data-message-id=\"2d5b2d69-7c8e-43e1-8b24-17869b5a485b\" data-message-model-slug=\"gpt-5-3\" data-turn-start-message=\"true\">\n<div class=\"flex w-full flex-col gap-1 empty:hidden\">\n<div class=\"markdown prose dark:prose-invert w-full wrap-break-word light markdown-new-styling\">\n<h2 data-section-id=\"mxehhu\" data-start=\"0\" data-end=\"69\">Smocked Baby Romper with Nautical Anchor Motif \u2013 Navy Blue\/White<\/h2>\n<h3 data-section-id=\"wu4buu\" data-start=\"71\" data-end=\"122\">An elegant baby romper with a nautical spirit<\/h3>\n<p data-start=\"124\" data-end=\"395\">Our <strong data-start=\"130\" data-end=\"200\">smocked baby romper with nautical anchor motif \u2013 navy blue\/white<\/strong> is a refined piece, inspired by the seaside. Its <strong data-start=\"264\" data-end=\"299\">navy blue and white stripes<\/strong> bring a timeless elegance, ideal for dressing baby with softness during the warmer days. <\/p>\n<p data-start=\"397\" data-end=\"523\">This romper offers a polished and harmonious silhouette, perfect for everyday wear as well as more dressed-up occasions.<\/p>\n<h3 data-section-id=\"1wr3ua3\" data-start=\"525\" data-end=\"580\">Delicate smocking and nautical anchor embroidery<\/h3>\n<p data-start=\"582\" data-end=\"803\">The front is enhanced by <strong data-start=\"611\" data-end=\"630\">delicate smocking<\/strong>, accompanied by <strong data-start=\"647\" data-end=\"677\">nautical anchor embroidery<\/strong> that adds a subtle and elegant touch. These details give dimension to the outfit while maintaining great refinement. <\/p>\n<p data-start=\"805\" data-end=\"890\">They reinforce the nautical style of the romper, while remaining discreet and refined.<\/p>\n<h3 data-section-id=\"q9te6u\" data-start=\"892\" data-end=\"942\">A lovely structured collar and light sleeves<\/h3>\n<p data-start=\"944\" data-end=\"1112\">The romper is enhanced by a <strong data-start=\"984\" data-end=\"1003\">navy blue collar<\/strong>, which delicately contrasts with the stripes. This detail structures the outfit and frames the top with elegance. <\/p>\n<p data-start=\"1114\" data-end=\"1242\">The <strong data-start=\"1118\" data-end=\"1137\">short sleeves<\/strong> offer a simple and comfortable cut, perfectly suited to warm days.<\/p>\n<h3 data-section-id=\"1vlhzd6\" data-start=\"1244\" data-end=\"1286\">A Practical Cut for Everyday Wear<\/h3>\n<p data-start=\"1288\" data-end=\"1476\">The romper fastens with a <strong data-start=\"1323\" data-end=\"1353\">button placket at the back<\/strong>, allowing for easy dressing. The <strong data-start=\"1391\" data-end=\"1417\">snap buttons at the crotch<\/strong> facilitate diaper changes, for practical everyday use. <\/p>\n<p data-start=\"1478\" data-end=\"1574\">Its cut is designed to allow baby freedom of movement, while ensuring good support.<\/p>\n<h3 data-section-id=\"1f1mlu0\" data-start=\"1576\" data-end=\"1614\">A soft 100% cotton fabric<\/h3>\n<p data-start=\"1616\" data-end=\"1811\">Made from <strong data-start=\"1633\" data-end=\"1648\">100% cotton<\/strong>, this romper is lightweight, breathable, and pleasant to wear. It respects babies&#8217; sensitive skin and guarantees optimal comfort throughout the day. <\/p>\n<p data-start=\"1813\" data-end=\"1874\">The fabric retains its softness and shape wash after wash.<\/p>\n<h3 data-section-id=\"1t4goq4\" data-start=\"1876\" data-end=\"1918\">Quality Spanish craftsmanship<\/h3>\n<p data-start=\"1920\" data-end=\"2092\">Made in Spain, this romper benefits from renowned craftsmanship and meticulous finishes. The smocking, embroidery, and seams are executed with precision. <\/p>\n<h3 data-section-id=\"1t6umac\" data-start=\"2094\" data-end=\"2130\">A baby wardrobe essential<\/h3>\n<p data-start=\"2132\" data-end=\"2275\">Our <strong data-start=\"2138\" data-end=\"2192\">navy blue and white baby romper with anchor motif<\/strong> is an elegant and timeless piece, ideal for creating refined outfits.<\/p>\n<p data-start=\"2277\" data-end=\"2399\" data-is-last-node=\"\" data-is-only-node=\"\">It perfectly reflects the delicate and authentic world of Voyage de la Baleine, combining softness, simplicity, and elegance.<\/p>\n<p data-start=\"2277\" data-end=\"2399\" data-is-last-node=\"\" data-is-only-node=\"\">Discover the other <strong>matching pieces from the collection<\/strong> to create lovely coordinated outfits for siblings: <a href=\"https:\/\/voyagedelabaleine.fr\/en\/product\/baby-smocked-short-dress-and-matching-bloomer-set-navy-blue-white\/\">Smocked Baby Dress Set with Matching Bloomers \u2013 Navy Blue\/White<\/a> and <a href=\"https:\/\/voyagedelabaleine.fr\/en\/product\/smocked-striped-dress-with-anchor-motif-navy-blue-white\/\">Striped Smocked Dress with Nautical Anchor Motif \u2013 Navy Blue\/White<\/a>.<\/p>\n<\/div>\n<\/div>\n<\/div>\n<\/div>\n<div class=\"z-0 flex min-h-[46px] justify-start\">Made in Spain.<\/div>\n<\/div>\n<\/div>\n<\/section>\n<\/div>\n<div class=\"pointer-events-none h-px w-px absolute bottom-0\" aria-hidden=\"true\" data-edge=\"true\"><\/div>\n","protected":false},"excerpt":{"rendered":"<ul>\n<li>Smocking details and nautical anchor embroidery<\/li>\n<li>Fastened with a button placket at the back<\/li>\n<li>Snaps at the crotch<\/li>\n<li>100% cotton<\/li>\n<li>Made in Spain<br \/>\n<em>This romper fits true to size. Choose your usual size.<\/em><\/li>\n<\/ul>\n","protected":false},"featured_media":42651,"comment_status":"open","ping_status":"closed","template":"","meta":{"ocean_post_layout":"","ocean_both_sidebars_style":"","ocean_both_sidebars_content_width":0,"ocean_both_sidebars_sidebars_width":0,"ocean_sidebar":"0","ocean_second_sidebar":"0","ocean_disable_margins":"enable","ocean_add_body_class":"","ocean_shortcode_before_top_bar":"","ocean_shortcode_after_top_bar":"","ocean_shortcode_before_header":"","ocean_shortcode_after_header":"","ocean_has_shortcode":"","ocean_shortcode_after_title":"","ocean_shortcode_before_footer_widgets":"","ocean_shortcode_after_footer_widgets":"","ocean_shortcode_before_footer_bottom":"","ocean_shortcode_after_footer_bottom":"","ocean_display_top_bar":"default","ocean_display_header":"default","ocean_header_style":"","ocean_center_header_left_menu":"0","ocean_custom_header_template":"0","ocean_custom_logo":0,"ocean_custom_retina_logo":0,"ocean_custom_logo_max_width":0,"ocean_custom_logo_tablet_max_width":0,"ocean_custom_logo_mobile_max_width":0,"ocean_custom_logo_max_height":0,"ocean_custom_logo_tablet_max_height":0,"ocean_custom_logo_mobile_max_height":0,"ocean_header_custom_menu":"0","ocean_menu_typo_font_family":"0","ocean_menu_typo_font_subset":"","ocean_menu_typo_font_size":0,"ocean_menu_typo_font_size_tablet":0,"ocean_menu_typo_font_size_mobile":0,"ocean_menu_typo_font_size_unit":"px","ocean_menu_typo_font_weight":"","ocean_menu_typo_font_weight_tablet":"","ocean_menu_typo_font_weight_mobile":"","ocean_menu_typo_transform":"","ocean_menu_typo_transform_tablet":"","ocean_menu_typo_transform_mobile":"","ocean_menu_typo_line_height":0,"ocean_menu_typo_line_height_tablet":0,"ocean_menu_typo_line_height_mobile":0,"ocean_menu_typo_line_height_unit":"","ocean_menu_typo_spacing":0,"ocean_menu_typo_spacing_tablet":0,"ocean_menu_typo_spacing_mobile":0,"ocean_menu_typo_spacing_unit":"","ocean_menu_link_color":"","ocean_menu_link_color_hover":"","ocean_menu_link_color_active":"","ocean_menu_link_background":"","ocean_menu_link_hover_background":"","ocean_menu_link_active_background":"","ocean_menu_social_links_bg":"","ocean_menu_social_hover_links_bg":"","ocean_menu_social_links_color":"","ocean_menu_social_hover_links_color":"","ocean_disable_title":"default","ocean_disable_heading":"default","ocean_post_title":"","ocean_post_subheading":"","ocean_post_title_style":"","ocean_post_title_background_color":"","ocean_post_title_background":0,"ocean_post_title_bg_image_position":"","ocean_post_title_bg_image_attachment":"","ocean_post_title_bg_image_repeat":"","ocean_post_title_bg_image_size":"","ocean_post_title_height":0,"ocean_post_title_bg_overlay":0.5,"ocean_post_title_bg_overlay_color":"","ocean_disable_breadcrumbs":"default","ocean_breadcrumbs_color":"","ocean_breadcrumbs_separator_color":"","ocean_breadcrumbs_links_color":"","ocean_breadcrumbs_links_hover_color":"","ocean_display_footer_widgets":"default","ocean_display_footer_bottom":"default","ocean_custom_footer_template":"0","osh_disable_topbar_sticky":"default","osh_disable_header_sticky":"default","osh_sticky_header_style":"default","osh_sticky_header_effect":"","osh_custom_sticky_logo":0,"osh_custom_retina_sticky_logo":0,"osh_custom_sticky_logo_height":0,"osh_background_color":"","osh_links_color":"","osh_links_hover_color":"","osh_links_active_color":"","osh_links_bg_color":"","osh_links_hover_bg_color":"","osh_links_active_bg_color":"","osh_menu_social_links_color":"","osh_menu_social_hover_links_color":""},"product_brand":[],"product_cat":[6625,6612,6639,6718,6699,6688,6710],"product_tag":[],"class_list":{"0":"post-42778","1":"product","2":"type-product","3":"status-publish","4":"has-post-thumbnail","6":"product_cat-baby-boy-romper-overall","7":"product_cat-baby-girl-romper-overall","8":"product_cat-baby-romper-overall","9":"product_cat-clothing","10":"product_cat-newborn-boy-rompers-overalls","11":"product_cat-newborn-girl-rompers-overalls","12":"product_cat-newborn-rompers-and-overalls","14":"entry","15":"has-media","17":"first","18":"instock","19":"taxable","20":"shipping-taxable","21":"purchasable","22":"product-type-variable","23":"has-default-attributes","24":"col","25":"span_1_of_3","26":"owp-content-center","27":"owp-thumbs-layout-vertical","28":"owp-btn-big","29":"owp-tabs-layout-vertical","30":"circle-sale"},"yoast_head":"<!-- This site is optimized with the Yoast SEO plugin v27.1.1 - https:\/\/yoast.com\/product\/yoast-seo-wordpress\/ -->\n<title>Smocked Baby Romper with Nautical Anchor Motif \u2013 Navy Blue\/White - Voyage de la Baleine<\/title>\n<meta name=\"description\" content=\"Our smocked baby romper with nautical anchor motif \u2013 navy blue\/white is a refined piece, inspired by the seaside.\" \/>\n<meta name=\"robots\" content=\"index, follow, max-snippet:-1, max-image-preview:large, max-video-preview:-1\" \/>\n<link rel=\"canonical\" href=\"https:\/\/voyagedelabaleine.fr\/en\/product\/smocked-baby-romper-with-nautical-anchor-motif-navy-blue-white\/\" \/>\n<meta property=\"og:locale\" content=\"en_US\" \/>\n<meta property=\"og:type\" content=\"article\" \/>\n<meta property=\"og:title\" content=\"Smocked Baby Romper with Nautical Anchor Motif \u2013 Navy Blue\/White - Voyage de la Baleine\" \/>\n<meta property=\"og:description\" content=\"Our smocked baby romper with nautical anchor motif \u2013 navy blue\/white is a refined piece, inspired by the seaside.\" \/>\n<meta property=\"og:url\" content=\"https:\/\/voyagedelabaleine.fr\/en\/product\/smocked-baby-romper-with-nautical-anchor-motif-navy-blue-white\/\" \/>\n<meta property=\"og:site_name\" content=\"Voyage de la Baleine\" \/>\n<meta property=\"article:publisher\" content=\"https:\/\/www.facebook.com\/voyagedelabaleine\/\" \/>\n<meta property=\"og:image\" content=\"https:\/\/voyagedelabaleine.fr\/wp-content\/uploads\/2026\/04\/barboteuse-ancres-marines-smocks-1.jpg\" \/>\n\t<meta property=\"og:image:width\" content=\"900\" \/>\n\t<meta property=\"og:image:height\" content=\"1200\" \/>\n\t<meta property=\"og:image:type\" content=\"image\/jpeg\" \/>\n<meta name=\"twitter:card\" content=\"summary_large_image\" \/>\n<meta name=\"twitter:label1\" content=\"Est. reading time\" \/>\n\t<meta name=\"twitter:data1\" content=\"2 minutes\" \/>\n<script type=\"application\/ld+json\" class=\"yoast-schema-graph\">{\"@context\":\"https:\/\/schema.org\",\"@graph\":[{\"@type\":\"WebPage\",\"@id\":\"https:\/\/voyagedelabaleine.fr\/en\/product\/smocked-baby-romper-with-nautical-anchor-motif-navy-blue-white\/\",\"url\":\"https:\/\/voyagedelabaleine.fr\/en\/product\/smocked-baby-romper-with-nautical-anchor-motif-navy-blue-white\/\",\"name\":\"Smocked Baby Romper with Nautical Anchor Motif \u2013 Navy Blue\/White - Voyage de la Baleine\",\"isPartOf\":{\"@id\":\"https:\/\/voyagedelabaleine.fr\/en\/#website\"},\"primaryImageOfPage\":{\"@id\":\"https:\/\/voyagedelabaleine.fr\/en\/product\/smocked-baby-romper-with-nautical-anchor-motif-navy-blue-white\/#primaryimage\"},\"image\":{\"@id\":\"https:\/\/voyagedelabaleine.fr\/en\/product\/smocked-baby-romper-with-nautical-anchor-motif-navy-blue-white\/#primaryimage\"},\"thumbnailUrl\":\"https:\/\/voyagedelabaleine.fr\/wp-content\/uploads\/2026\/04\/barboteuse-ancres-marines-smocks-1.jpg\",\"datePublished\":\"2026-04-22T08:12:46+00:00\",\"description\":\"Our smocked baby romper with nautical anchor motif \u2013 navy blue\/white is a refined piece, inspired by the seaside.\",\"breadcrumb\":{\"@id\":\"https:\/\/voyagedelabaleine.fr\/en\/product\/smocked-baby-romper-with-nautical-anchor-motif-navy-blue-white\/#breadcrumb\"},\"inLanguage\":\"en-US\",\"potentialAction\":[{\"@type\":\"ReadAction\",\"target\":[\"https:\/\/voyagedelabaleine.fr\/en\/product\/smocked-baby-romper-with-nautical-anchor-motif-navy-blue-white\/\"]}]},{\"@type\":\"ImageObject\",\"inLanguage\":\"en-US\",\"@id\":\"https:\/\/voyagedelabaleine.fr\/en\/product\/smocked-baby-romper-with-nautical-anchor-motif-navy-blue-white\/#primaryimage\",\"url\":\"https:\/\/voyagedelabaleine.fr\/wp-content\/uploads\/2026\/04\/barboteuse-ancres-marines-smocks-1.jpg\",\"contentUrl\":\"https:\/\/voyagedelabaleine.fr\/wp-content\/uploads\/2026\/04\/barboteuse-ancres-marines-smocks-1.jpg\",\"width\":900,\"height\":1200},{\"@type\":\"BreadcrumbList\",\"@id\":\"https:\/\/voyagedelabaleine.fr\/en\/product\/smocked-baby-romper-with-nautical-anchor-motif-navy-blue-white\/#breadcrumb\",\"itemListElement\":[{\"@type\":\"ListItem\",\"position\":1,\"name\":\"Accueil\",\"item\":\"https:\/\/voyagedelabaleine.fr\/en\/timeless-refined-clothing-babies-children\/\"},{\"@type\":\"ListItem\",\"position\":2,\"name\":\"All collection\",\"item\":\"https:\/\/voyagedelabaleine.fr\/en\/shop\/\"},{\"@type\":\"ListItem\",\"position\":3,\"name\":\"Smocked Baby Romper with Nautical Anchor Motif \u2013 Navy Blue\/White\"}]},{\"@type\":\"WebSite\",\"@id\":\"https:\/\/voyagedelabaleine.fr\/en\/#website\",\"url\":\"https:\/\/voyagedelabaleine.fr\/en\/\",\"name\":\"Voyage de la Baleine\",\"description\":\"V\u00eatements intemporels et raffin\u00e9s pour b\u00e9b\u00e9s et enfants\",\"publisher\":{\"@id\":\"https:\/\/voyagedelabaleine.fr\/en\/#organization\"},\"potentialAction\":[{\"@type\":\"SearchAction\",\"target\":{\"@type\":\"EntryPoint\",\"urlTemplate\":\"https:\/\/voyagedelabaleine.fr\/en\/?s={search_term_string}\"},\"query-input\":{\"@type\":\"PropertyValueSpecification\",\"valueRequired\":true,\"valueName\":\"search_term_string\"}}],\"inLanguage\":\"en-US\"},{\"@type\":\"Organization\",\"@id\":\"https:\/\/voyagedelabaleine.fr\/en\/#organization\",\"name\":\"Voyage de la Baleine\",\"url\":\"https:\/\/voyagedelabaleine.fr\/en\/\",\"logo\":{\"@type\":\"ImageObject\",\"inLanguage\":\"en-US\",\"@id\":\"https:\/\/voyagedelabaleine.fr\/en\/#\/schema\/logo\/image\/\",\"url\":\"https:\/\/voyagedelabaleine.fr\/wp-content\/uploads\/2025\/06\/logo.webp\",\"contentUrl\":\"https:\/\/voyagedelabaleine.fr\/wp-content\/uploads\/2025\/06\/logo.webp\",\"width\":153,\"height\":64,\"caption\":\"Voyage de la Baleine\"},\"image\":{\"@id\":\"https:\/\/voyagedelabaleine.fr\/en\/#\/schema\/logo\/image\/\"},\"sameAs\":[\"https:\/\/www.facebook.com\/voyagedelabaleine\/\",\"https:\/\/www.instagram.com\/voyagedelabaleine\/\",\"https:\/\/www.pinterest.fr\/Voyagedelabaleine\/\"]}]}<\/script>\n<!-- \/ Yoast SEO plugin. -->","yoast_head_json":{"title":"Smocked Baby Romper with Nautical Anchor Motif \u2013 Navy Blue\/White - Voyage de la Baleine","description":"Our smocked baby romper with nautical anchor motif \u2013 navy blue\/white is a refined piece, inspired by the seaside.","robots":{"index":"index","follow":"follow","max-snippet":"max-snippet:-1","max-image-preview":"max-image-preview:large","max-video-preview":"max-video-preview:-1"},"canonical":"https:\/\/voyagedelabaleine.fr\/en\/product\/smocked-baby-romper-with-nautical-anchor-motif-navy-blue-white\/","og_locale":"en_US","og_type":"article","og_title":"Smocked Baby Romper with Nautical Anchor Motif \u2013 Navy Blue\/White - Voyage de la Baleine","og_description":"Our smocked baby romper with nautical anchor motif \u2013 navy blue\/white is a refined piece, inspired by the seaside.","og_url":"https:\/\/voyagedelabaleine.fr\/en\/product\/smocked-baby-romper-with-nautical-anchor-motif-navy-blue-white\/","og_site_name":"Voyage de la Baleine","article_publisher":"https:\/\/www.facebook.com\/voyagedelabaleine\/","og_image":[{"width":900,"height":1200,"url":"https:\/\/voyagedelabaleine.fr\/wp-content\/uploads\/2026\/04\/barboteuse-ancres-marines-smocks-1.jpg","type":"image\/jpeg"}],"twitter_card":"summary_large_image","twitter_misc":{"Est. reading time":"2 minutes"},"schema":{"@context":"https:\/\/schema.org","@graph":[{"@type":"WebPage","@id":"https:\/\/voyagedelabaleine.fr\/en\/product\/smocked-baby-romper-with-nautical-anchor-motif-navy-blue-white\/","url":"https:\/\/voyagedelabaleine.fr\/en\/product\/smocked-baby-romper-with-nautical-anchor-motif-navy-blue-white\/","name":"Smocked Baby Romper with Nautical Anchor Motif \u2013 Navy Blue\/White - Voyage de la Baleine","isPartOf":{"@id":"https:\/\/voyagedelabaleine.fr\/en\/#website"},"primaryImageOfPage":{"@id":"https:\/\/voyagedelabaleine.fr\/en\/product\/smocked-baby-romper-with-nautical-anchor-motif-navy-blue-white\/#primaryimage"},"image":{"@id":"https:\/\/voyagedelabaleine.fr\/en\/product\/smocked-baby-romper-with-nautical-anchor-motif-navy-blue-white\/#primaryimage"},"thumbnailUrl":"https:\/\/voyagedelabaleine.fr\/wp-content\/uploads\/2026\/04\/barboteuse-ancres-marines-smocks-1.jpg","datePublished":"2026-04-22T08:12:46+00:00","description":"Our smocked baby romper with nautical anchor motif \u2013 navy blue\/white is a refined piece, inspired by the seaside.","breadcrumb":{"@id":"https:\/\/voyagedelabaleine.fr\/en\/product\/smocked-baby-romper-with-nautical-anchor-motif-navy-blue-white\/#breadcrumb"},"inLanguage":"en-US","potentialAction":[{"@type":"ReadAction","target":["https:\/\/voyagedelabaleine.fr\/en\/product\/smocked-baby-romper-with-nautical-anchor-motif-navy-blue-white\/"]}]},{"@type":"ImageObject","inLanguage":"en-US","@id":"https:\/\/voyagedelabaleine.fr\/en\/product\/smocked-baby-romper-with-nautical-anchor-motif-navy-blue-white\/#primaryimage","url":"https:\/\/voyagedelabaleine.fr\/wp-content\/uploads\/2026\/04\/barboteuse-ancres-marines-smocks-1.jpg","contentUrl":"https:\/\/voyagedelabaleine.fr\/wp-content\/uploads\/2026\/04\/barboteuse-ancres-marines-smocks-1.jpg","width":900,"height":1200},{"@type":"BreadcrumbList","@id":"https:\/\/voyagedelabaleine.fr\/en\/product\/smocked-baby-romper-with-nautical-anchor-motif-navy-blue-white\/#breadcrumb","itemListElement":[{"@type":"ListItem","position":1,"name":"Accueil","item":"https:\/\/voyagedelabaleine.fr\/en\/timeless-refined-clothing-babies-children\/"},{"@type":"ListItem","position":2,"name":"All collection","item":"https:\/\/voyagedelabaleine.fr\/en\/shop\/"},{"@type":"ListItem","position":3,"name":"Smocked Baby Romper with Nautical Anchor Motif \u2013 Navy Blue\/White"}]},{"@type":"WebSite","@id":"https:\/\/voyagedelabaleine.fr\/en\/#website","url":"https:\/\/voyagedelabaleine.fr\/en\/","name":"Voyage de la Baleine","description":"V\u00eatements intemporels et raffin\u00e9s pour b\u00e9b\u00e9s et enfants","publisher":{"@id":"https:\/\/voyagedelabaleine.fr\/en\/#organization"},"potentialAction":[{"@type":"SearchAction","target":{"@type":"EntryPoint","urlTemplate":"https:\/\/voyagedelabaleine.fr\/en\/?s={search_term_string}"},"query-input":{"@type":"PropertyValueSpecification","valueRequired":true,"valueName":"search_term_string"}}],"inLanguage":"en-US"},{"@type":"Organization","@id":"https:\/\/voyagedelabaleine.fr\/en\/#organization","name":"Voyage de la Baleine","url":"https:\/\/voyagedelabaleine.fr\/en\/","logo":{"@type":"ImageObject","inLanguage":"en-US","@id":"https:\/\/voyagedelabaleine.fr\/en\/#\/schema\/logo\/image\/","url":"https:\/\/voyagedelabaleine.fr\/wp-content\/uploads\/2025\/06\/logo.webp","contentUrl":"https:\/\/voyagedelabaleine.fr\/wp-content\/uploads\/2025\/06\/logo.webp","width":153,"height":64,"caption":"Voyage de la Baleine"},"image":{"@id":"https:\/\/voyagedelabaleine.fr\/en\/#\/schema\/logo\/image\/"},"sameAs":["https:\/\/www.facebook.com\/voyagedelabaleine\/","https:\/\/www.instagram.com\/voyagedelabaleine\/","https:\/\/www.pinterest.fr\/Voyagedelabaleine\/"]}]}},"_links":{"self":[{"href":"https:\/\/voyagedelabaleine.fr\/en\/wp-json\/wp\/v2\/product\/42778","targetHints":{"allow":["GET"]}}],"collection":[{"href":"https:\/\/voyagedelabaleine.fr\/en\/wp-json\/wp\/v2\/product"}],"about":[{"href":"https:\/\/voyagedelabaleine.fr\/en\/wp-json\/wp\/v2\/types\/product"}],"replies":[{"embeddable":true,"href":"https:\/\/voyagedelabaleine.fr\/en\/wp-json\/wp\/v2\/comments?post=42778"}],"wp:featuredmedia":[{"embeddable":true,"href":"https:\/\/voyagedelabaleine.fr\/en\/wp-json\/wp\/v2\/media\/42651"}],"wp:attachment":[{"href":"https:\/\/voyagedelabaleine.fr\/en\/wp-json\/wp\/v2\/media?parent=42778"}],"wp:term":[{"taxonomy":"product_brand","embeddable":true,"href":"https:\/\/voyagedelabaleine.fr\/en\/wp-json\/wp\/v2\/product_brand?post=42778"},{"taxonomy":"product_cat","embeddable":true,"href":"https:\/\/voyagedelabaleine.fr\/en\/wp-json\/wp\/v2\/product_cat?post=42778"},{"taxonomy":"product_tag","embeddable":true,"href":"https:\/\/voyagedelabaleine.fr\/en\/wp-json\/wp\/v2\/product_tag?post=42778"}],"curies":[{"name":"wp","href":"https:\/\/api.w.org\/{rel}","templated":true}]}}