{"id":28017,"date":"2022-06-24T21:40:59","date_gmt":"2022-06-24T19:40:59","guid":{"rendered":"https:\/\/voyagedelabaleine.fr\/livraison\/"},"modified":"2026-01-22T10:15:19","modified_gmt":"2026-01-22T09:15:19","slug":"entrega","status":"publish","type":"page","link":"https:\/\/voyagedelabaleine.fr\/es\/entrega\/","title":{"rendered":"Entrega"},"content":{"rendered":"\t\t<div data-elementor-type=\"wp-page\" data-elementor-id=\"28017\" class=\"elementor elementor-28017 elementor-311\">\n\t\t\t\t<div class=\"elementor-element elementor-element-66850d95 e-flex e-con-boxed e-con e-parent\" data-id=\"66850d95\" data-element_type=\"container\" data-e-type=\"container\">\n\t\t\t\t\t<div class=\"e-con-inner\">\n\t\t\t\t<div class=\"elementor-element elementor-element-d828d3e elementor-widget elementor-widget-text-editor\" data-id=\"d828d3e\" data-element_type=\"widget\" data-e-type=\"widget\" data-widget_type=\"text-editor.default\">\n\t\t\t\t\t\t\t\t\t<p><strong>Plazos de preparaci\u00f3n del pedido y de env\u00edo:<\/strong><\/p>\n<p>Los pedidos se env\u00edan en un plazo de 48 horas (d\u00edas laborables, excluidos los d\u00edas festivos).<\/p>\n<p><strong>Plazos de entrega:<\/strong><\/p>\n<p>Francia: de 24 horas a 5 d\u00edas, seg\u00fan el modo de entrega elegido<br>Europa: de 48 horas a <span style=\"font-family: Barlow, sans-serif; font-size: 16px; font-style: normal; font-variant-ligatures: normal; font-variant-caps: normal; letter-spacing: 0.4px;\">5 d\u00edas, seg\u00fan el modo de entrega elegido<\/span><\/p>\n<p><strong>Modalidades de entrega:<\/strong><\/p>\n<p><strong>Para Francia:<\/strong><\/p>\n<p>Entrega a domicilio: Colissimo sin firma<br>Entrega en punto de recogida: Relais Colis, Chronopost Shop to Shop, Chrono Relais, Mondial Relay<\/p>\n<p><strong><span style=\"font-size: 16px; letter-spacing: 0.4px;\">Para Europa:<br><\/span><\/strong><\/p>\n<p><span style=\"font-family: Barlow, sans-serif; font-size: 16px; font-style: normal; font-variant-ligatures: normal; font-variant-caps: normal; font-weight: 400; letter-spacing: 0.4px;\">Entrega a domicilio: Chronopost<\/span><br style=\"letter-spacing: 0.4px;\"><span style=\"font-variant-ligatures: normal; font-variant-caps: normal; font-family: Barlow, sans-serif; font-size: 16px; font-style: normal; font-weight: 400; letter-spacing: 0.4px;\">Entrega en punto de recogida<\/span> <span style=\"font-family: Barlow, sans-serif; font-size: 16px; font-style: normal; font-variant-ligatures: normal; font-variant-caps: normal; font-weight: 400; letter-spacing: 0.4px;\">(solo para B\u00e9lgica, Espa\u00f1a y Luxemburgo)<\/span> <span style=\"font-family: Barlow, sans-serif; font-size: 16px; font-style: normal; font-variant-ligatures: normal; font-variant-caps: normal; font-weight: 400; letter-spacing: 0.4px;\">: Mondial Relay<\/span><\/p>\n<p><\/p>\n<p><\/p>\n<p><strong>Tarifas de env\u00edo:<\/strong><\/p>\n<p><span style=\"font-variant-ligatures: normal; font-variant-caps: normal; font-family: Barlow, sans-serif; font-size: 16px; font-style: normal; font-weight: 600; letter-spacing: 0.4px;\">Francia:<\/span><br>Colissimo (a domicilio) 24-48 h: 7,5 \u20ac &#8211; Gratis a partir de 79 \u20ac de compra<br><span style=\"font-family: Barlow, sans-serif; font-size: 16px; font-style: normal; font-variant-ligatures: normal; font-variant-caps: normal; font-weight: 400; letter-spacing: 0.4px;\">Chronopost Shop to Shop 3 a 4 d\u00edas: 5 \u20ac &#8211; Gratis a partir de 79 \u20ac de compra<br>Mondial R<\/span><span style=\"font-family: Barlow, sans-serif; font-size: 16px; font-style: normal; font-variant-ligatures: normal; font-variant-caps: normal; font-weight: 400; letter-spacing: 0.4px;\">elay 3 a 4 d\u00edas: 5 \u20ac &#8211; Gratis a partir de 79 \u20ac de compra<br><\/span><span style=\"font-family: Barlow, sans-serif; font-size: 16px; font-style: normal; font-variant-ligatures: normal; font-variant-caps: normal; font-weight: 400; letter-spacing: 0.4px;\">Chrono Relais 24 h: 9 \u20ac<\/span><\/p>\n<p>B\u00e9lgica, Espa\u00f1a, Luxemburgo:<br>Chronopost (Domicilio) 2 a 4 d\u00edas: 12 \u20ac<br>Mondial Relay 3 d\u00edas: 5 \u20ac \u2013 Gratis a partir de 79 \u20ac de compra<br>Chronopost Shop to Shop 3 a 5 d\u00edas: 5 \u20ac &#8211; Gratis a partir de 79 \u20ac de compra<\/p>\n<p><strong>Italia, Alemania, Pa\u00edses Bajos, Austria:<\/strong> <br><span style=\"font-family: Barlow, sans-serif; font-size: 16px; font-style: normal; font-variant-ligatures: normal; font-variant-caps: normal; font-weight: 400; letter-spacing: 0.4px;\">Chronopost (a domicilio) 2 a 4 d\u00edas: 12 \u20ac<br><\/span><span style=\"font-family: Barlow, sans-serif; font-size: 16px; font-style: normal; font-variant-ligatures: normal; font-variant-caps: normal; font-weight: 400; letter-spacing: 0.4px;\">Chronopost Shop to Shop 3 a 5 d\u00edas: 6 \u20ac &#8211; Gratis a partir de 79 \u20ac de compra<\/span><span style=\"font-family: Barlow, sans-serif; font-size: 16px; font-style: normal; font-variant-ligatures: normal; font-variant-caps: normal; font-weight: 400; letter-spacing: 0.4px;\"><\/span><\/p>\n<p><span style=\"font-variant-ligatures: normal; font-variant-caps: normal; font-family: Barlow, sans-serif; font-size: 16px; font-style: normal; font-weight: 600; letter-spacing: 0.4px;\">Finlandia, Portugal, Suecia:<\/span><br style=\"letter-spacing: 0.4px;\"><span style=\"font-variant-ligatures: normal; font-variant-caps: normal; font-family: Barlow, sans-serif; font-size: 16px; font-style: normal; font-weight: 400; letter-spacing: 0.4px;\">Chronopost (a domicilio) 4 d\u00edas: 12 \u20ac<\/span><span style=\"font-family: Barlow, sans-serif; font-size: 16px; font-style: normal; font-variant-ligatures: normal; font-variant-caps: normal; font-weight: 400; letter-spacing: 0.4px;\"><br><\/span><\/p>\n<p><span style=\"font-variant-ligatures: normal; font-variant-caps: normal; font-family: Barlow, sans-serif; font-size: 16px; font-style: normal; font-weight: 600; letter-spacing: 0.4px;\">Dinamarca, Irlanda:<\/span><br style=\"letter-spacing: 0.4px;\"><span style=\"font-variant-ligatures: normal; font-variant-caps: normal; font-family: Barlow, sans-serif; font-size: 16px; font-style: normal; font-weight: 400; letter-spacing: 0.4px;\">Chronopost (a domicilio) 3 d\u00edas: 12 \u20ac<\/span><span style=\"font-variant-ligatures: normal; font-variant-caps: normal; font-family: Barlow, sans-serif; font-size: 16px; font-style: normal; font-weight: 400; letter-spacing: 0.4px;\"><br><\/span><\/p>\n<p><span style=\"font-variant-ligatures: normal; font-variant-caps: normal; font-family: Barlow, sans-serif; font-size: 16px; font-style: normal; font-weight: 600; letter-spacing: 0.4px;\">Grecia:<\/span><br style=\"letter-spacing: 0.4px;\"><span style=\"font-variant-ligatures: normal; font-variant-caps: normal; font-family: Barlow, sans-serif; font-size: 16px; font-style: normal; font-weight: 400; letter-spacing: 0.4px;\">Chronopost (a domicilio) 5 d\u00edas: 12 \u20ac<\/span><\/p>\n<p><span style=\"font-variant-ligatures: normal; font-variant-caps: normal; font-family: Barlow, sans-serif; font-size: 16px; font-style: normal; font-weight: 600; letter-spacing: 0.4px;\">Bulgaria, Ruman\u00eda:<\/span><br style=\"letter-spacing: 0.4px;\"><span style=\"font-variant-ligatures: normal; font-variant-caps: normal; font-family: Barlow, sans-serif; font-size: 16px; font-style: normal; font-weight: 400; letter-spacing: 0.4px;\">Chronopost (a domicilio) 5 d\u00edas: 18 \u20ac<\/span><span style=\"font-variant-ligatures: normal; font-variant-caps: normal; font-family: Barlow, sans-serif; font-size: 16px; font-style: normal; font-weight: 400; letter-spacing: 0.4px;\"><br><\/span><\/p>\n<p><span style=\"font-variant-ligatures: normal; font-variant-caps: normal; font-family: Barlow, sans-serif; font-size: 16px; font-style: normal; font-weight: 600; letter-spacing: 0.4px;\">Estonia, Hungr\u00eda, Letonia, Lituania, Polonia, Rep\u00fablica Checa, Eslovaquia, Eslovenia:<\/span><br style=\"letter-spacing: 0.4px;\"><span style=\"font-variant-ligatures: normal; font-variant-caps: normal; font-family: Barlow, sans-serif; font-size: 16px; font-style: normal; font-weight: 400; letter-spacing: 0.4px;\">Chronopost (a domicilio) 4 d\u00edas: 18 \u20ac<\/span><\/p>\n<p><span style=\"font-variant-ligatures: normal; font-variant-caps: normal; font-family: Barlow, sans-serif; font-size: 16px; font-style: normal; font-weight: 400; letter-spacing: 0.4px;\">Suiza:<br>Delivengo Easy (a domicilio) 3\u20135 d\u00edas: 16\u20ac<\/span><\/p>\n<p><\/p>\t\t\t\t\t\t\t\t<\/div>\n\t\t\t\t\t<\/div>\n\t\t\t\t<\/div>\n\t\t\t\t<\/div>\n\t\t","protected":false},"excerpt":{"rendered":"<p>Plazos de preparaci\u00f3n del pedido y de env\u00edo: Los pedidos se env\u00edan en un plazo de 48 horas (d\u00edas laborables, excluidos los d\u00edas festivos). Plazos de entrega: Francia: de 24 horas a 5 d\u00edas, seg\u00fan el modo de entrega elegidoEuropa: de 48 horas a 5 d\u00edas, seg\u00fan el modo de entrega elegido Modalidades de entrega: [&hellip;]<\/p>\n","protected":false},"author":222595022,"featured_media":0,"parent":0,"menu_order":0,"comment_status":"closed","ping_status":"closed","template":"","meta":{"ocean_post_layout":"","ocean_both_sidebars_style":"","ocean_both_sidebars_content_width":0,"ocean_both_sidebars_sidebars_width":0,"ocean_sidebar":"","ocean_second_sidebar":"","ocean_disable_margins":"enable","ocean_add_body_class":"","ocean_shortcode_before_top_bar":"","ocean_shortcode_after_top_bar":"","ocean_shortcode_before_header":"","ocean_shortcode_after_header":"","ocean_has_shortcode":"","ocean_shortcode_after_title":"","ocean_shortcode_before_footer_widgets":"","ocean_shortcode_after_footer_widgets":"","ocean_shortcode_before_footer_bottom":"","ocean_shortcode_after_footer_bottom":"","ocean_display_top_bar":"default","ocean_display_header":"default","ocean_header_style":"","ocean_center_header_left_menu":"","ocean_custom_header_template":"","ocean_custom_logo":0,"ocean_custom_retina_logo":0,"ocean_custom_logo_max_width":0,"ocean_custom_logo_tablet_max_width":0,"ocean_custom_logo_mobile_max_width":0,"ocean_custom_logo_max_height":0,"ocean_custom_logo_tablet_max_height":0,"ocean_custom_logo_mobile_max_height":0,"ocean_header_custom_menu":"","ocean_menu_typo_font_family":"","ocean_menu_typo_font_subset":"","ocean_menu_typo_font_size":0,"ocean_menu_typo_font_size_tablet":0,"ocean_menu_typo_font_size_mobile":0,"ocean_menu_typo_font_size_unit":"px","ocean_menu_typo_font_weight":"","ocean_menu_typo_font_weight_tablet":"","ocean_menu_typo_font_weight_mobile":"","ocean_menu_typo_transform":"","ocean_menu_typo_transform_tablet":"","ocean_menu_typo_transform_mobile":"","ocean_menu_typo_line_height":0,"ocean_menu_typo_line_height_tablet":0,"ocean_menu_typo_line_height_mobile":0,"ocean_menu_typo_line_height_unit":"","ocean_menu_typo_spacing":0,"ocean_menu_typo_spacing_tablet":0,"ocean_menu_typo_spacing_mobile":0,"ocean_menu_typo_spacing_unit":"","ocean_menu_link_color":"","ocean_menu_link_color_hover":"","ocean_menu_link_color_active":"","ocean_menu_link_background":"","ocean_menu_link_hover_background":"","ocean_menu_link_active_background":"","ocean_menu_social_links_bg":"","ocean_menu_social_hover_links_bg":"","ocean_menu_social_links_color":"","ocean_menu_social_hover_links_color":"","ocean_disable_title":"default","ocean_disable_heading":"default","ocean_post_title":"","ocean_post_subheading":"","ocean_post_title_style":"","ocean_post_title_background_color":"","ocean_post_title_background":0,"ocean_post_title_bg_image_position":"","ocean_post_title_bg_image_attachment":"","ocean_post_title_bg_image_repeat":"","ocean_post_title_bg_image_size":"","ocean_post_title_height":0,"ocean_post_title_bg_overlay":0.5,"ocean_post_title_bg_overlay_color":"","ocean_disable_breadcrumbs":"default","ocean_breadcrumbs_color":"","ocean_breadcrumbs_separator_color":"","ocean_breadcrumbs_links_color":"","ocean_breadcrumbs_links_hover_color":"","ocean_display_footer_widgets":"default","ocean_display_footer_bottom":"default","ocean_custom_footer_template":"","osh_disable_topbar_sticky":"default","osh_disable_header_sticky":"default","osh_sticky_header_style":"default","osh_sticky_header_effect":"","osh_custom_sticky_logo":0,"osh_custom_retina_sticky_logo":0,"osh_custom_sticky_logo_height":0,"osh_background_color":"","osh_links_color":"","osh_links_hover_color":"","osh_links_active_color":"","osh_links_bg_color":"","osh_links_hover_bg_color":"","osh_links_active_bg_color":"","osh_menu_social_links_color":"","osh_menu_social_hover_links_color":"","footnotes":""},"class_list":["post-28017","page","type-page","status-publish","hentry","entry","owp-thumbs-layout-vertical","owp-btn-big","owp-tabs-layout-vertical","has-no-thumbnails","circle-sale"],"yoast_head":"<!-- This site is optimized with the Yoast SEO plugin v27.1.1 - https:\/\/yoast.com\/product\/yoast-seo-wordpress\/ -->\n<title>Entrega - Voyage de la Baleine<\/title>\n<meta name=\"robots\" content=\"noindex, nofollow\" \/>\n<meta property=\"og:locale\" content=\"es_ES\" \/>\n<meta property=\"og:type\" content=\"article\" \/>\n<meta property=\"og:title\" content=\"Entrega - Voyage de la Baleine\" \/>\n<meta property=\"og:description\" content=\"Plazos de preparaci\u00f3n del pedido y de env\u00edo: Los pedidos se env\u00edan en un plazo de 48 horas (d\u00edas laborables, excluidos los d\u00edas festivos). Plazos de entrega: Francia: de 24 horas a 5 d\u00edas, seg\u00fan el modo de entrega elegidoEuropa: de 48 horas a 5 d\u00edas, seg\u00fan el modo de entrega elegido Modalidades de entrega: [&hellip;]\" \/>\n<meta property=\"og:url\" content=\"https:\/\/voyagedelabaleine.fr\/es\/entrega\/\" \/>\n<meta property=\"og:site_name\" content=\"Voyage de la Baleine\" \/>\n<meta property=\"article:publisher\" content=\"https:\/\/www.facebook.com\/voyagedelabaleine\/\" \/>\n<meta property=\"article:modified_time\" content=\"2026-01-22T09:15:19+00:00\" \/>\n<meta name=\"twitter:card\" content=\"summary_large_image\" \/>\n<meta name=\"twitter:label1\" content=\"Tiempo de lectura\" \/>\n\t<meta name=\"twitter:data1\" content=\"2 minuto\" \/>\n<script type=\"application\/ld+json\" class=\"yoast-schema-graph\">{\"@context\":\"https:\/\/schema.org\",\"@graph\":[{\"@type\":\"WebPage\",\"@id\":\"https:\/\/voyagedelabaleine.fr\/es\/entrega\/\",\"url\":\"https:\/\/voyagedelabaleine.fr\/es\/entrega\/\",\"name\":\"Entrega - Voyage de la Baleine\",\"isPartOf\":{\"@id\":\"https:\/\/voyagedelabaleine.fr\/es\/#website\"},\"datePublished\":\"2022-06-24T19:40:59+00:00\",\"dateModified\":\"2026-01-22T09:15:19+00:00\",\"breadcrumb\":{\"@id\":\"https:\/\/voyagedelabaleine.fr\/es\/entrega\/#breadcrumb\"},\"inLanguage\":\"es\",\"potentialAction\":[{\"@type\":\"ReadAction\",\"target\":[\"https:\/\/voyagedelabaleine.fr\/es\/entrega\/\"]}]},{\"@type\":\"BreadcrumbList\",\"@id\":\"https:\/\/voyagedelabaleine.fr\/es\/entrega\/#breadcrumb\",\"itemListElement\":[{\"@type\":\"ListItem\",\"position\":1,\"name\":\"Accueil\",\"item\":\"https:\/\/voyagedelabaleine.fr\/es\/inicio\/\"},{\"@type\":\"ListItem\",\"position\":2,\"name\":\"Entrega\"}]},{\"@type\":\"WebSite\",\"@id\":\"https:\/\/voyagedelabaleine.fr\/es\/#website\",\"url\":\"https:\/\/voyagedelabaleine.fr\/es\/\",\"name\":\"Voyage de la Baleine\",\"description\":\"V\u00eatements intemporels et raffin\u00e9s pour b\u00e9b\u00e9s et enfants\",\"publisher\":{\"@id\":\"https:\/\/voyagedelabaleine.fr\/es\/#organization\"},\"potentialAction\":[{\"@type\":\"SearchAction\",\"target\":{\"@type\":\"EntryPoint\",\"urlTemplate\":\"https:\/\/voyagedelabaleine.fr\/es\/?s={search_term_string}\"},\"query-input\":{\"@type\":\"PropertyValueSpecification\",\"valueRequired\":true,\"valueName\":\"search_term_string\"}}],\"inLanguage\":\"es\"},{\"@type\":\"Organization\",\"@id\":\"https:\/\/voyagedelabaleine.fr\/es\/#organization\",\"name\":\"Voyage de la Baleine\",\"url\":\"https:\/\/voyagedelabaleine.fr\/es\/\",\"logo\":{\"@type\":\"ImageObject\",\"inLanguage\":\"es\",\"@id\":\"https:\/\/voyagedelabaleine.fr\/es\/#\/schema\/logo\/image\/\",\"url\":\"https:\/\/voyagedelabaleine.fr\/wp-content\/uploads\/2025\/06\/logo.webp\",\"contentUrl\":\"https:\/\/voyagedelabaleine.fr\/wp-content\/uploads\/2025\/06\/logo.webp\",\"width\":153,\"height\":64,\"caption\":\"Voyage de la Baleine\"},\"image\":{\"@id\":\"https:\/\/voyagedelabaleine.fr\/es\/#\/schema\/logo\/image\/\"},\"sameAs\":[\"https:\/\/www.facebook.com\/voyagedelabaleine\/\",\"https:\/\/www.instagram.com\/voyagedelabaleine\/\",\"https:\/\/www.pinterest.fr\/Voyagedelabaleine\/\"]}]}<\/script>\n<!-- \/ Yoast SEO plugin. -->","yoast_head_json":{"title":"Entrega - Voyage de la Baleine","robots":{"index":"noindex","follow":"nofollow"},"og_locale":"es_ES","og_type":"article","og_title":"Entrega - Voyage de la Baleine","og_description":"Plazos de preparaci\u00f3n del pedido y de env\u00edo: Los pedidos se env\u00edan en un plazo de 48 horas (d\u00edas laborables, excluidos los d\u00edas festivos). Plazos de entrega: Francia: de 24 horas a 5 d\u00edas, seg\u00fan el modo de entrega elegidoEuropa: de 48 horas a 5 d\u00edas, seg\u00fan el modo de entrega elegido Modalidades de entrega: [&hellip;]","og_url":"https:\/\/voyagedelabaleine.fr\/es\/entrega\/","og_site_name":"Voyage de la Baleine","article_publisher":"https:\/\/www.facebook.com\/voyagedelabaleine\/","article_modified_time":"2026-01-22T09:15:19+00:00","twitter_card":"summary_large_image","twitter_misc":{"Tiempo de lectura":"2 minuto"},"schema":{"@context":"https:\/\/schema.org","@graph":[{"@type":"WebPage","@id":"https:\/\/voyagedelabaleine.fr\/es\/entrega\/","url":"https:\/\/voyagedelabaleine.fr\/es\/entrega\/","name":"Entrega - Voyage de la Baleine","isPartOf":{"@id":"https:\/\/voyagedelabaleine.fr\/es\/#website"},"datePublished":"2022-06-24T19:40:59+00:00","dateModified":"2026-01-22T09:15:19+00:00","breadcrumb":{"@id":"https:\/\/voyagedelabaleine.fr\/es\/entrega\/#breadcrumb"},"inLanguage":"es","potentialAction":[{"@type":"ReadAction","target":["https:\/\/voyagedelabaleine.fr\/es\/entrega\/"]}]},{"@type":"BreadcrumbList","@id":"https:\/\/voyagedelabaleine.fr\/es\/entrega\/#breadcrumb","itemListElement":[{"@type":"ListItem","position":1,"name":"Accueil","item":"https:\/\/voyagedelabaleine.fr\/es\/inicio\/"},{"@type":"ListItem","position":2,"name":"Entrega"}]},{"@type":"WebSite","@id":"https:\/\/voyagedelabaleine.fr\/es\/#website","url":"https:\/\/voyagedelabaleine.fr\/es\/","name":"Voyage de la Baleine","description":"V\u00eatements intemporels et raffin\u00e9s pour b\u00e9b\u00e9s et enfants","publisher":{"@id":"https:\/\/voyagedelabaleine.fr\/es\/#organization"},"potentialAction":[{"@type":"SearchAction","target":{"@type":"EntryPoint","urlTemplate":"https:\/\/voyagedelabaleine.fr\/es\/?s={search_term_string}"},"query-input":{"@type":"PropertyValueSpecification","valueRequired":true,"valueName":"search_term_string"}}],"inLanguage":"es"},{"@type":"Organization","@id":"https:\/\/voyagedelabaleine.fr\/es\/#organization","name":"Voyage de la Baleine","url":"https:\/\/voyagedelabaleine.fr\/es\/","logo":{"@type":"ImageObject","inLanguage":"es","@id":"https:\/\/voyagedelabaleine.fr\/es\/#\/schema\/logo\/image\/","url":"https:\/\/voyagedelabaleine.fr\/wp-content\/uploads\/2025\/06\/logo.webp","contentUrl":"https:\/\/voyagedelabaleine.fr\/wp-content\/uploads\/2025\/06\/logo.webp","width":153,"height":64,"caption":"Voyage de la Baleine"},"image":{"@id":"https:\/\/voyagedelabaleine.fr\/es\/#\/schema\/logo\/image\/"},"sameAs":["https:\/\/www.facebook.com\/voyagedelabaleine\/","https:\/\/www.instagram.com\/voyagedelabaleine\/","https:\/\/www.pinterest.fr\/Voyagedelabaleine\/"]}]}},"_links":{"self":[{"href":"https:\/\/voyagedelabaleine.fr\/es\/wp-json\/wp\/v2\/pages\/28017","targetHints":{"allow":["GET"]}}],"collection":[{"href":"https:\/\/voyagedelabaleine.fr\/es\/wp-json\/wp\/v2\/pages"}],"about":[{"href":"https:\/\/voyagedelabaleine.fr\/es\/wp-json\/wp\/v2\/types\/page"}],"author":[{"embeddable":true,"href":"https:\/\/voyagedelabaleine.fr\/es\/wp-json\/wp\/v2\/users\/222595022"}],"replies":[{"embeddable":true,"href":"https:\/\/voyagedelabaleine.fr\/es\/wp-json\/wp\/v2\/comments?post=28017"}],"version-history":[{"count":6,"href":"https:\/\/voyagedelabaleine.fr\/es\/wp-json\/wp\/v2\/pages\/28017\/revisions"}],"predecessor-version":[{"id":35374,"href":"https:\/\/voyagedelabaleine.fr\/es\/wp-json\/wp\/v2\/pages\/28017\/revisions\/35374"}],"wp:attachment":[{"href":"https:\/\/voyagedelabaleine.fr\/es\/wp-json\/wp\/v2\/media?parent=28017"}],"curies":[{"name":"wp","href":"https:\/\/api.w.org\/{rel}","templated":true}]}}