{"id":35306,"date":"2023-10-04T20:49:02","date_gmt":"2023-10-04T18:49:02","guid":{"rendered":"https:\/\/voyagedelabaleine.fr\/carrito\/"},"modified":"2026-03-10T15:28:47","modified_gmt":"2026-03-10T14:28:47","slug":"carrito","status":"publish","type":"page","link":"https:\/\/voyagedelabaleine.fr\/es\/carrito\/","title":{"rendered":"Carrito"},"content":{"rendered":"\n<div data-block-name=\"woocommerce\/cart\" class=\"wp-block-woocommerce-cart alignwide is-loading\">\n<div data-block-name=\"woocommerce\/filled-cart-block\" class=\"wp-block-woocommerce-filled-cart-block\">\n<div data-block-name=\"woocommerce\/cart-items-block\" class=\"wp-block-woocommerce-cart-items-block\">\n<div data-block-name=\"woocommerce\/cart-line-items-block\" class=\"wp-block-woocommerce-cart-line-items-block\"><\/div>\n\n\n<\/div>\n\n\n\n<div data-block-name=\"woocommerce\/cart-totals-block\" class=\"wp-block-woocommerce-cart-totals-block\">\n<div data-block-name=\"woocommerce\/cart-order-summary-block\" class=\"wp-block-woocommerce-cart-order-summary-block\">\n<div data-block-name=\"woocommerce\/cart-order-summary-heading-block\" data-content=\"Total panier\" class=\"wp-block-woocommerce-cart-order-summary-heading-block\"><\/div>\n\n\n\n<div data-block-name=\"woocommerce\/cart-order-summary-coupon-form-block\" class=\"wp-block-woocommerce-cart-order-summary-coupon-form-block\"><\/div>\n\n\n\n<div data-block-name=\"woocommerce\/cart-order-summary-totals-block\" class=\"wp-block-woocommerce-cart-order-summary-totals-block\">\n<div data-block-name=\"woocommerce\/cart-order-summary-subtotal-block\" class=\"wp-block-woocommerce-cart-order-summary-subtotal-block\"><\/div>\n\n\n\n<div data-block-name=\"woocommerce\/cart-order-summary-fee-block\" class=\"wp-block-woocommerce-cart-order-summary-fee-block\"><\/div>\n\n\n\n<div data-block-name=\"woocommerce\/cart-order-summary-discount-block\" class=\"wp-block-woocommerce-cart-order-summary-discount-block\"><\/div>\n\n\n\n<div data-block-name=\"woocommerce\/cart-order-summary-shipping-block\" class=\"wp-block-woocommerce-cart-order-summary-shipping-block\"><\/div>\n\n\n\n<div data-block-name=\"woocommerce\/cart-order-summary-taxes-block\" class=\"wp-block-woocommerce-cart-order-summary-taxes-block\"><\/div>\n<\/div>\n<\/div>\n\n\n\n\n\n<div data-block-name=\"woocommerce\/cart-express-payment-block\" class=\"wp-block-woocommerce-cart-express-payment-block\"><\/div>\n\n\n\n<div data-block-name=\"woocommerce\/proceed-to-checkout-block\" class=\"wp-block-woocommerce-proceed-to-checkout-block\"><\/div>\n\n\n\n<div data-block-name=\"woocommerce\/cart-accepted-payment-methods-block\" class=\"wp-block-woocommerce-cart-accepted-payment-methods-block\"><\/div>\n\n\n\n<figure class=\"wp-block-image size-full\"><img decoding=\"async\" src=\"https:\/\/voyagedelabaleine.fr\/wp-content\/uploads\/2026\/03\/Logo-paiement-securise-mini-cart.webp\" alt=\"\" class=\"wp-image-40968\"\/><\/figure>\n<\/div>\n<\/div>\n\n\n\n<div data-block-name=\"woocommerce\/empty-cart-block\" class=\"wp-block-woocommerce-empty-cart-block\">\n<h2 class=\"wp-block-heading has-text-align-center with-empty-cart-icon wc-block-cart__empty-cart__title\">\u00a1Tu carrito est\u00e1 actualmente vac\u00edo!<\/h2>\n\n\n\n<hr class=\"wp-block-separator has-alpha-channel-opacity is-style-dots\"\/>\n\n\n\n<h2 class=\"wp-block-heading has-text-align-center\">Nuevo en la tienda<\/h2>\n\n\n<div data-block-name=\"woocommerce\/product-new\" data-columns=\"4\" data-rows=\"1\" class=\"wc-block-grid wp-block-product-new wp-block-woocommerce-product-new wc-block-product-new has-4-columns\"><ul class=\"wc-block-grid__products\"><li class=\"wc-block-grid__product\">\n\t\t\t\t<a href=\"https:\/\/voyagedelabaleine.fr\/es\/producto\/vestido-de-rayas-con-nido-de-abeja-y-motivo-de-ancla-marinera-azul-marino-blanco\/\" class=\"wc-block-grid__product-link\">\n\t\t\t\t\t\n\t\t\t\t\t<div class=\"wc-block-grid__product-image\"><img decoding=\"async\" width=\"600\" height=\"800\" src=\"https:\/\/voyagedelabaleine.fr\/wp-content\/uploads\/2026\/04\/robe-ancres-marines-smocks-1-600x800.jpg\" class=\"attachment-woocommerce_thumbnail size-woocommerce_thumbnail\" alt=\"Vestido de rayas con nido de abeja y motivo de ancla marinera \u2013 Azul marino\/blanco\" srcset=\"https:\/\/voyagedelabaleine.fr\/wp-content\/uploads\/2026\/04\/robe-ancres-marines-smocks-1-600x800.jpg 600w, https:\/\/voyagedelabaleine.fr\/wp-content\/uploads\/2026\/04\/robe-ancres-marines-smocks-1-225x300.jpg 225w, https:\/\/voyagedelabaleine.fr\/wp-content\/uploads\/2026\/04\/robe-ancres-marines-smocks-1-768x1024.jpg 768w, https:\/\/voyagedelabaleine.fr\/wp-content\/uploads\/2026\/04\/robe-ancres-marines-smocks-1.jpg 900w\" sizes=\"(max-width: 600px) 100vw, 600px\"><\/div>\n\t\t\t\t\t<div class=\"wc-block-grid__product-title\">Vestido de rayas con nido de abeja y motivo de ancla marinera \u2013 Azul marino\/blanco<\/div>\n\t\t\t\t<\/a>\n\t\t\t\t<div class=\"wc-block-grid__product-price price\"><span class=\"woocommerce-Price-amount amount\">82<span class=\"woocommerce-Price-currencySymbol\">\u20ac<\/span><\/span><\/div>\n\t\t\t\t\n\t\t\t\t<div class=\"wp-block-button wc-block-grid__product-add-to-cart\"><a href=\"https:\/\/voyagedelabaleine.fr\/es\/producto\/vestido-de-rayas-con-nido-de-abeja-y-motivo-de-ancla-marinera-azul-marino-blanco\/\" aria-label=\"Elige las opciones para \u201cVestido de rayas con nido de abeja y motivo de ancla marinera \u2013 Azul marino\/blanco\u201d\" data-quantity=\"1\" data-product_id=\"42681\" data-product_sku=\"DFV28028\" data-price=\"82\" rel=\"nofollow\" class=\"wp-block-button__link  add_to_cart_button\">Seleccionar opciones<\/a><\/div><div class=\"tinv-wraper woocommerce tinv-wishlist tinvwl-after-add-to-cart tinvwl-loop-button-wrapper tinvwl-woocommerce_blocks_product_grid_item_html\" data-tinvwl_product_id=\"42588\">\r\n\t\t\t\t\t<input name=\"attribute_pa_taille\" type=\"hidden\" value=\"2a\">\r\n\t\t\t\t<a role=\"button\" tabindex=\"0\" name=\"anadir-a-la-lista-de-deseos\" aria-label=\"A\u00f1adir a la lista de deseos\" class=\"tinvwl_add_to_wishlist_button tinvwl-icon-heart-plus no-txt  tinvwl-position-after tinvwl-loop\" data-tinv-wl-list=\"[]\" data-tinv-wl-product=\"42681\" data-tinv-wl-productvariation=\"42685\" data-tinv-wl-productvariations=\"[42685,42686,42687,0]\" data-tinv-wl-producttype=\"variable\" data-tinv-wl-action=\"add\"><\/a>\t\t<div class=\"tinvwl-tooltip\">A\u00f1adir a la lista de deseos<\/div>\r\n<\/div>\n\t\t\t<\/li><li class=\"wc-block-grid__product\">\n\t\t\t\t<a href=\"https:\/\/voyagedelabaleine.fr\/es\/producto\/conjunto-vestido-corto-bebe-con-nidos-de-abeja-y-braguita-a-juego-azul-marino-blanco\/\" class=\"wc-block-grid__product-link\">\n\t\t\t\t\t\n\t\t\t\t\t<div class=\"wc-block-grid__product-image\"><img decoding=\"async\" width=\"600\" height=\"800\" src=\"https:\/\/voyagedelabaleine.fr\/wp-content\/uploads\/2026\/04\/robe-courte-bloomer-ancres-marines-smocks-1-600x800.jpg\" class=\"attachment-woocommerce_thumbnail size-woocommerce_thumbnail\" alt=\"Conjunto vestido corto beb\u00e9 con nidos de abeja y braguita a juego \u2013 Azul marino\/blanco\" srcset=\"https:\/\/voyagedelabaleine.fr\/wp-content\/uploads\/2026\/04\/robe-courte-bloomer-ancres-marines-smocks-1-600x800.jpg 600w, https:\/\/voyagedelabaleine.fr\/wp-content\/uploads\/2026\/04\/robe-courte-bloomer-ancres-marines-smocks-1-225x300.jpg 225w, https:\/\/voyagedelabaleine.fr\/wp-content\/uploads\/2026\/04\/robe-courte-bloomer-ancres-marines-smocks-1-768x1024.jpg 768w, https:\/\/voyagedelabaleine.fr\/wp-content\/uploads\/2026\/04\/robe-courte-bloomer-ancres-marines-smocks-1.jpg 900w\" sizes=\"(max-width: 600px) 100vw, 600px\"><\/div>\n\t\t\t\t\t<div class=\"wc-block-grid__product-title\">Conjunto vestido corto beb\u00e9 con nidos de abeja y braguita a juego \u2013 Azul marino\/blanco<\/div>\n\t\t\t\t<\/a>\n\t\t\t\t<div class=\"wc-block-grid__product-price price\"><span class=\"woocommerce-Price-amount amount\">82<span class=\"woocommerce-Price-currencySymbol\">\u20ac<\/span><\/span><\/div>\n\t\t\t\t\n\t\t\t\t<div class=\"wp-block-button wc-block-grid__product-add-to-cart\"><a href=\"https:\/\/voyagedelabaleine.fr\/es\/producto\/conjunto-vestido-corto-bebe-con-nidos-de-abeja-y-braguita-a-juego-azul-marino-blanco\/\" aria-label=\"Elige las opciones para \u201cConjunto vestido corto beb\u00e9 con nidos de abeja y braguita a juego \u2013 Azul marino\/blanco\u201d\" data-quantity=\"1\" data-product_id=\"42787\" data-product_sku=\"DFV27029\" data-price=\"82\" rel=\"nofollow\" class=\"wp-block-button__link  add_to_cart_button\">Seleccionar opciones<\/a><\/div><div class=\"tinv-wraper woocommerce tinv-wishlist tinvwl-after-add-to-cart tinvwl-loop-button-wrapper tinvwl-woocommerce_blocks_product_grid_item_html\" data-tinvwl_product_id=\"42592\">\r\n\t\t\t\t\t<input name=\"attribute_pa_taille\" type=\"hidden\" value=\"6-mois\">\r\n\t\t\t\t<a role=\"button\" tabindex=\"0\" name=\"anadir-a-la-lista-de-deseos\" aria-label=\"A\u00f1adir a la lista de deseos\" class=\"tinvwl_add_to_wishlist_button tinvwl-icon-heart-plus no-txt  tinvwl-position-after tinvwl-loop\" data-tinv-wl-list=\"[]\" data-tinv-wl-product=\"42787\" data-tinv-wl-productvariation=\"42796\" data-tinv-wl-productvariations=\"[42790,42791,42792,42793,42794,42795,42796,0]\" data-tinv-wl-producttype=\"variable\" data-tinv-wl-action=\"add\"><\/a>\t\t<div class=\"tinvwl-tooltip\">A\u00f1adir a la lista de deseos<\/div>\r\n<\/div>\n\t\t\t<\/li><li class=\"wc-block-grid__product\">\n\t\t\t\t<a href=\"https:\/\/voyagedelabaleine.fr\/es\/producto\/ranita-de-bebe-con-nido-de-abeja-y-motivo-de-ancla-marinera-azul-marino-blanco\/\" class=\"wc-block-grid__product-link\">\n\t\t\t\t\t\n\t\t\t\t\t<div class=\"wc-block-grid__product-image\"><img decoding=\"async\" width=\"600\" height=\"800\" src=\"https:\/\/voyagedelabaleine.fr\/wp-content\/uploads\/2026\/04\/barboteuse-ancres-marines-smocks-1-600x800.jpg\" class=\"attachment-woocommerce_thumbnail size-woocommerce_thumbnail\" alt=\"Ranita de beb\u00e9 con nido de abeja y motivo de ancla marinera \u2013 Azul marino\/blanco\" srcset=\"https:\/\/voyagedelabaleine.fr\/wp-content\/uploads\/2026\/04\/barboteuse-ancres-marines-smocks-1-600x800.jpg 600w, https:\/\/voyagedelabaleine.fr\/wp-content\/uploads\/2026\/04\/barboteuse-ancres-marines-smocks-1-225x300.jpg 225w, https:\/\/voyagedelabaleine.fr\/wp-content\/uploads\/2026\/04\/barboteuse-ancres-marines-smocks-1-768x1024.jpg 768w, https:\/\/voyagedelabaleine.fr\/wp-content\/uploads\/2026\/04\/barboteuse-ancres-marines-smocks-1.jpg 900w\" sizes=\"(max-width: 600px) 100vw, 600px\"><\/div>\n\t\t\t\t\t<div class=\"wc-block-grid__product-title\">Ranita de beb\u00e9 con nido de abeja y motivo de ancla marinera \u2013 Azul marino\/blanco<\/div>\n\t\t\t\t<\/a>\n\t\t\t\t<div class=\"wc-block-grid__product-price price\"><span class=\"woocommerce-Price-amount amount\">58<span class=\"woocommerce-Price-currencySymbol\">\u20ac<\/span><\/span><\/div>\n\t\t\t\t\n\t\t\t\t<div class=\"wp-block-button wc-block-grid__product-add-to-cart\"><a href=\"https:\/\/voyagedelabaleine.fr\/es\/producto\/ranita-de-bebe-con-nido-de-abeja-y-motivo-de-ancla-marinera-azul-marino-blanco\/\" aria-label=\"Elige las opciones para \u201cRanita de beb\u00e9 con nido de abeja y motivo de ancla marinera \u2013 Azul marino\/blanco\u201d\" data-quantity=\"1\" data-product_id=\"42804\" data-product_sku=\"DFV28030\" data-price=\"58\" rel=\"nofollow\" class=\"wp-block-button__link  add_to_cart_button\">Seleccionar opciones<\/a><\/div><div class=\"tinv-wraper woocommerce tinv-wishlist tinvwl-after-add-to-cart tinvwl-loop-button-wrapper tinvwl-woocommerce_blocks_product_grid_item_html\" data-tinvwl_product_id=\"42601\">\r\n\t\t\t\t\t<input name=\"attribute_pa_taille\" type=\"hidden\" value=\"3-mois\">\r\n\t\t\t\t<a role=\"button\" tabindex=\"0\" name=\"anadir-a-la-lista-de-deseos\" aria-label=\"A\u00f1adir a la lista de deseos\" class=\"tinvwl_add_to_wishlist_button tinvwl-icon-heart-plus no-txt  tinvwl-position-after tinvwl-loop\" data-tinv-wl-list=\"[]\" data-tinv-wl-product=\"42804\" data-tinv-wl-productvariation=\"42811\" data-tinv-wl-productvariations=\"[42807,42808,42809,42810,42811,42812,0]\" data-tinv-wl-producttype=\"variable\" data-tinv-wl-action=\"add\"><\/a>\t\t<div class=\"tinvwl-tooltip\">A\u00f1adir a la lista de deseos<\/div>\r\n<\/div>\n\t\t\t<\/li><li class=\"wc-block-grid__product\">\n\t\t\t\t<a href=\"https:\/\/voyagedelabaleine.fr\/es\/producto\/vestido-liberty-con-nido-de-abeja-y-mangas-globo-azul\/\" class=\"wc-block-grid__product-link\">\n\t\t\t\t\t\n\t\t\t\t\t<div class=\"wc-block-grid__product-image\"><img decoding=\"async\" width=\"600\" height=\"800\" src=\"https:\/\/voyagedelabaleine.fr\/wp-content\/uploads\/2026\/04\/robe-bebe-smocks-manches-ballon-1-600x800.jpg\" class=\"attachment-woocommerce_thumbnail size-woocommerce_thumbnail\" alt=\"Vestido liberty con nido de abeja y mangas globo - Azul\" srcset=\"https:\/\/voyagedelabaleine.fr\/wp-content\/uploads\/2026\/04\/robe-bebe-smocks-manches-ballon-1-600x800.jpg 600w, https:\/\/voyagedelabaleine.fr\/wp-content\/uploads\/2026\/04\/robe-bebe-smocks-manches-ballon-1-225x300.jpg 225w, https:\/\/voyagedelabaleine.fr\/wp-content\/uploads\/2026\/04\/robe-bebe-smocks-manches-ballon-1-768x1024.jpg 768w, https:\/\/voyagedelabaleine.fr\/wp-content\/uploads\/2026\/04\/robe-bebe-smocks-manches-ballon-1.jpg 855w\" sizes=\"(max-width: 600px) 100vw, 600px\"><\/div>\n\t\t\t\t\t<div class=\"wc-block-grid__product-title\">Vestido liberty con nido de abeja y mangas globo &#8211; Azul<\/div>\n\t\t\t\t<\/a>\n\t\t\t\t<div class=\"wc-block-grid__product-price price\"><span class=\"woocommerce-Price-amount amount\">58<span class=\"woocommerce-Price-currencySymbol\">\u20ac<\/span><\/span><\/div>\n\t\t\t\t\n\t\t\t\t<div class=\"wp-block-button wc-block-grid__product-add-to-cart\"><a href=\"https:\/\/voyagedelabaleine.fr\/es\/producto\/vestido-liberty-con-nido-de-abeja-y-mangas-globo-azul\/\" aria-label=\"Elige las opciones para \u201cVestido liberty con nido de abeja y mangas globo - Azul\u201d\" data-quantity=\"1\" data-product_id=\"42797\" data-product_sku=\"DF27010\" data-price=\"58\" rel=\"nofollow\" class=\"wp-block-button__link  add_to_cart_button\">Seleccionar opciones<\/a><\/div><div class=\"tinv-wraper woocommerce tinv-wishlist tinvwl-after-add-to-cart tinvwl-loop-button-wrapper tinvwl-woocommerce_blocks_product_grid_item_html\" data-tinvwl_product_id=\"42608\">\r\n\t\t\t\t\t<input name=\"attribute_pa_taille\" type=\"hidden\" value=\"2a\">\r\n\t\t\t\t<a role=\"button\" tabindex=\"0\" name=\"anadir-a-la-lista-de-deseos\" aria-label=\"A\u00f1adir a la lista de deseos\" class=\"tinvwl_add_to_wishlist_button tinvwl-icon-heart-plus no-txt  tinvwl-position-after tinvwl-loop\" data-tinv-wl-list=\"[]\" data-tinv-wl-product=\"42797\" data-tinv-wl-productvariation=\"42801\" data-tinv-wl-productvariations=\"[42801,42802,42803,0]\" data-tinv-wl-producttype=\"variable\" data-tinv-wl-action=\"add\"><\/a>\t\t<div class=\"tinvwl-tooltip\">A\u00f1adir a la lista de deseos<\/div>\r\n<\/div>\n\t\t\t<\/li><\/ul><\/div><\/div>\n<\/div>\n","protected":false},"excerpt":{"rendered":"","protected":false},"author":222595180,"featured_media":0,"parent":0,"menu_order":0,"comment_status":"closed","ping_status":"closed","template":"","meta":{"ocean_post_layout":"","ocean_both_sidebars_style":"","ocean_both_sidebars_content_width":0,"ocean_both_sidebars_sidebars_width":0,"ocean_sidebar":"","ocean_second_sidebar":"","ocean_disable_margins":"enable","ocean_add_body_class":"","ocean_shortcode_before_top_bar":"","ocean_shortcode_after_top_bar":"","ocean_shortcode_before_header":"","ocean_shortcode_after_header":"","ocean_has_shortcode":"","ocean_shortcode_after_title":"","ocean_shortcode_before_footer_widgets":"","ocean_shortcode_after_footer_widgets":"","ocean_shortcode_before_footer_bottom":"","ocean_shortcode_after_footer_bottom":"","ocean_display_top_bar":"default","ocean_display_header":"default","ocean_header_style":"","ocean_center_header_left_menu":"","ocean_custom_header_template":"","ocean_custom_logo":0,"ocean_custom_retina_logo":0,"ocean_custom_logo_max_width":0,"ocean_custom_logo_tablet_max_width":0,"ocean_custom_logo_mobile_max_width":0,"ocean_custom_logo_max_height":0,"ocean_custom_logo_tablet_max_height":0,"ocean_custom_logo_mobile_max_height":0,"ocean_header_custom_menu":"","ocean_menu_typo_font_family":"","ocean_menu_typo_font_subset":"","ocean_menu_typo_font_size":0,"ocean_menu_typo_font_size_tablet":0,"ocean_menu_typo_font_size_mobile":0,"ocean_menu_typo_font_size_unit":"px","ocean_menu_typo_font_weight":"","ocean_menu_typo_font_weight_tablet":"","ocean_menu_typo_font_weight_mobile":"","ocean_menu_typo_transform":"","ocean_menu_typo_transform_tablet":"","ocean_menu_typo_transform_mobile":"","ocean_menu_typo_line_height":0,"ocean_menu_typo_line_height_tablet":0,"ocean_menu_typo_line_height_mobile":0,"ocean_menu_typo_line_height_unit":"","ocean_menu_typo_spacing":0,"ocean_menu_typo_spacing_tablet":0,"ocean_menu_typo_spacing_mobile":0,"ocean_menu_typo_spacing_unit":"","ocean_menu_link_color":"","ocean_menu_link_color_hover":"","ocean_menu_link_color_active":"","ocean_menu_link_background":"","ocean_menu_link_hover_background":"","ocean_menu_link_active_background":"","ocean_menu_social_links_bg":"","ocean_menu_social_hover_links_bg":"","ocean_menu_social_links_color":"","ocean_menu_social_hover_links_color":"","ocean_disable_title":"default","ocean_disable_heading":"default","ocean_post_title":"","ocean_post_subheading":"","ocean_post_title_style":"","ocean_post_title_background_color":"","ocean_post_title_background":0,"ocean_post_title_bg_image_position":"","ocean_post_title_bg_image_attachment":"","ocean_post_title_bg_image_repeat":"","ocean_post_title_bg_image_size":"","ocean_post_title_height":0,"ocean_post_title_bg_overlay":0.5,"ocean_post_title_bg_overlay_color":"","ocean_disable_breadcrumbs":"default","ocean_breadcrumbs_color":"","ocean_breadcrumbs_separator_color":"","ocean_breadcrumbs_links_color":"","ocean_breadcrumbs_links_hover_color":"","ocean_display_footer_widgets":"default","ocean_display_footer_bottom":"default","ocean_custom_footer_template":"","osh_disable_topbar_sticky":"default","osh_disable_header_sticky":"default","osh_sticky_header_style":"default","osh_sticky_header_effect":"","osh_custom_sticky_logo":0,"osh_custom_retina_sticky_logo":0,"osh_custom_sticky_logo_height":0,"osh_background_color":"","osh_links_color":"","osh_links_hover_color":"","osh_links_active_color":"","osh_links_bg_color":"","osh_links_hover_bg_color":"","osh_links_active_bg_color":"","osh_menu_social_links_color":"","osh_menu_social_hover_links_color":"","footnotes":""},"class_list":["post-35306","page","type-page","status-publish","hentry","entry","owp-thumbs-layout-vertical","owp-btn-big","owp-tabs-layout-vertical","has-no-thumbnails","circle-sale"],"yoast_head":"<!-- This site is optimized with the Yoast SEO plugin v27.1.1 - https:\/\/yoast.com\/product\/yoast-seo-wordpress\/ -->\n<title>Carrito - Voyage de la Baleine<\/title>\n<meta name=\"robots\" content=\"noindex, nofollow\" \/>\n<meta property=\"og:locale\" content=\"es_ES\" \/>\n<meta property=\"og:type\" content=\"article\" \/>\n<meta property=\"og:title\" content=\"Carrito - Voyage de la Baleine\" \/>\n<meta property=\"og:url\" content=\"https:\/\/voyagedelabaleine.fr\/es\/carrito\/\" \/>\n<meta property=\"og:site_name\" content=\"Voyage de la Baleine\" \/>\n<meta property=\"article:publisher\" content=\"https:\/\/www.facebook.com\/voyagedelabaleine\/\" \/>\n<meta property=\"article:modified_time\" content=\"2026-03-10T14:28:47+00:00\" \/>\n<meta name=\"twitter:card\" content=\"summary_large_image\" \/>\n<script type=\"application\/ld+json\" class=\"yoast-schema-graph\">{\"@context\":\"https:\/\/schema.org\",\"@graph\":[{\"@type\":\"WebPage\",\"@id\":\"https:\/\/voyagedelabaleine.fr\/es\/carrito\/\",\"url\":\"https:\/\/voyagedelabaleine.fr\/es\/carrito\/\",\"name\":\"Carrito - Voyage de la Baleine\",\"isPartOf\":{\"@id\":\"https:\/\/voyagedelabaleine.fr\/es\/#website\"},\"primaryImageOfPage\":{\"@id\":\"https:\/\/voyagedelabaleine.fr\/es\/carrito\/#primaryimage\"},\"image\":{\"@id\":\"https:\/\/voyagedelabaleine.fr\/es\/carrito\/#primaryimage\"},\"thumbnailUrl\":\"https:\/\/voyagedelabaleine.fr\/wp-content\/uploads\/2026\/03\/Logo-paiement-securise-mini-cart.webp\",\"datePublished\":\"2023-10-04T18:49:02+00:00\",\"dateModified\":\"2026-03-10T14:28:47+00:00\",\"breadcrumb\":{\"@id\":\"https:\/\/voyagedelabaleine.fr\/es\/carrito\/#breadcrumb\"},\"inLanguage\":\"es\",\"potentialAction\":[{\"@type\":\"ReadAction\",\"target\":[\"https:\/\/voyagedelabaleine.fr\/es\/carrito\/\"]}]},{\"@type\":\"ImageObject\",\"inLanguage\":\"es\",\"@id\":\"https:\/\/voyagedelabaleine.fr\/es\/carrito\/#primaryimage\",\"url\":\"https:\/\/voyagedelabaleine.fr\/wp-content\/uploads\/2026\/03\/Logo-paiement-securise-mini-cart.webp\",\"contentUrl\":\"https:\/\/voyagedelabaleine.fr\/wp-content\/uploads\/2026\/03\/Logo-paiement-securise-mini-cart.webp\"},{\"@type\":\"BreadcrumbList\",\"@id\":\"https:\/\/voyagedelabaleine.fr\/es\/carrito\/#breadcrumb\",\"itemListElement\":[{\"@type\":\"ListItem\",\"position\":1,\"name\":\"Accueil\",\"item\":\"https:\/\/voyagedelabaleine.fr\/es\/inicio\/\"},{\"@type\":\"ListItem\",\"position\":2,\"name\":\"Carrito\"}]},{\"@type\":\"WebSite\",\"@id\":\"https:\/\/voyagedelabaleine.fr\/es\/#website\",\"url\":\"https:\/\/voyagedelabaleine.fr\/es\/\",\"name\":\"Voyage de la Baleine\",\"description\":\"V\u00eatements intemporels et raffin\u00e9s pour b\u00e9b\u00e9s et enfants\",\"publisher\":{\"@id\":\"https:\/\/voyagedelabaleine.fr\/es\/#organization\"},\"potentialAction\":[{\"@type\":\"SearchAction\",\"target\":{\"@type\":\"EntryPoint\",\"urlTemplate\":\"https:\/\/voyagedelabaleine.fr\/es\/?s={search_term_string}\"},\"query-input\":{\"@type\":\"PropertyValueSpecification\",\"valueRequired\":true,\"valueName\":\"search_term_string\"}}],\"inLanguage\":\"es\"},{\"@type\":\"Organization\",\"@id\":\"https:\/\/voyagedelabaleine.fr\/es\/#organization\",\"name\":\"Voyage de la Baleine\",\"url\":\"https:\/\/voyagedelabaleine.fr\/es\/\",\"logo\":{\"@type\":\"ImageObject\",\"inLanguage\":\"es\",\"@id\":\"https:\/\/voyagedelabaleine.fr\/es\/#\/schema\/logo\/image\/\",\"url\":\"https:\/\/voyagedelabaleine.fr\/wp-content\/uploads\/2025\/06\/logo.webp\",\"contentUrl\":\"https:\/\/voyagedelabaleine.fr\/wp-content\/uploads\/2025\/06\/logo.webp\",\"width\":153,\"height\":64,\"caption\":\"Voyage de la Baleine\"},\"image\":{\"@id\":\"https:\/\/voyagedelabaleine.fr\/es\/#\/schema\/logo\/image\/\"},\"sameAs\":[\"https:\/\/www.facebook.com\/voyagedelabaleine\/\",\"https:\/\/www.instagram.com\/voyagedelabaleine\/\",\"https:\/\/www.pinterest.fr\/Voyagedelabaleine\/\"]}]}<\/script>\n<!-- \/ Yoast SEO plugin. -->","yoast_head_json":{"title":"Carrito - Voyage de la Baleine","robots":{"index":"noindex","follow":"nofollow"},"og_locale":"es_ES","og_type":"article","og_title":"Carrito - Voyage de la Baleine","og_url":"https:\/\/voyagedelabaleine.fr\/es\/carrito\/","og_site_name":"Voyage de la Baleine","article_publisher":"https:\/\/www.facebook.com\/voyagedelabaleine\/","article_modified_time":"2026-03-10T14:28:47+00:00","twitter_card":"summary_large_image","schema":{"@context":"https:\/\/schema.org","@graph":[{"@type":"WebPage","@id":"https:\/\/voyagedelabaleine.fr\/es\/carrito\/","url":"https:\/\/voyagedelabaleine.fr\/es\/carrito\/","name":"Carrito - Voyage de la Baleine","isPartOf":{"@id":"https:\/\/voyagedelabaleine.fr\/es\/#website"},"primaryImageOfPage":{"@id":"https:\/\/voyagedelabaleine.fr\/es\/carrito\/#primaryimage"},"image":{"@id":"https:\/\/voyagedelabaleine.fr\/es\/carrito\/#primaryimage"},"thumbnailUrl":"https:\/\/voyagedelabaleine.fr\/wp-content\/uploads\/2026\/03\/Logo-paiement-securise-mini-cart.webp","datePublished":"2023-10-04T18:49:02+00:00","dateModified":"2026-03-10T14:28:47+00:00","breadcrumb":{"@id":"https:\/\/voyagedelabaleine.fr\/es\/carrito\/#breadcrumb"},"inLanguage":"es","potentialAction":[{"@type":"ReadAction","target":["https:\/\/voyagedelabaleine.fr\/es\/carrito\/"]}]},{"@type":"ImageObject","inLanguage":"es","@id":"https:\/\/voyagedelabaleine.fr\/es\/carrito\/#primaryimage","url":"https:\/\/voyagedelabaleine.fr\/wp-content\/uploads\/2026\/03\/Logo-paiement-securise-mini-cart.webp","contentUrl":"https:\/\/voyagedelabaleine.fr\/wp-content\/uploads\/2026\/03\/Logo-paiement-securise-mini-cart.webp"},{"@type":"BreadcrumbList","@id":"https:\/\/voyagedelabaleine.fr\/es\/carrito\/#breadcrumb","itemListElement":[{"@type":"ListItem","position":1,"name":"Accueil","item":"https:\/\/voyagedelabaleine.fr\/es\/inicio\/"},{"@type":"ListItem","position":2,"name":"Carrito"}]},{"@type":"WebSite","@id":"https:\/\/voyagedelabaleine.fr\/es\/#website","url":"https:\/\/voyagedelabaleine.fr\/es\/","name":"Voyage de la Baleine","description":"V\u00eatements intemporels et raffin\u00e9s pour b\u00e9b\u00e9s et enfants","publisher":{"@id":"https:\/\/voyagedelabaleine.fr\/es\/#organization"},"potentialAction":[{"@type":"SearchAction","target":{"@type":"EntryPoint","urlTemplate":"https:\/\/voyagedelabaleine.fr\/es\/?s={search_term_string}"},"query-input":{"@type":"PropertyValueSpecification","valueRequired":true,"valueName":"search_term_string"}}],"inLanguage":"es"},{"@type":"Organization","@id":"https:\/\/voyagedelabaleine.fr\/es\/#organization","name":"Voyage de la Baleine","url":"https:\/\/voyagedelabaleine.fr\/es\/","logo":{"@type":"ImageObject","inLanguage":"es","@id":"https:\/\/voyagedelabaleine.fr\/es\/#\/schema\/logo\/image\/","url":"https:\/\/voyagedelabaleine.fr\/wp-content\/uploads\/2025\/06\/logo.webp","contentUrl":"https:\/\/voyagedelabaleine.fr\/wp-content\/uploads\/2025\/06\/logo.webp","width":153,"height":64,"caption":"Voyage de la Baleine"},"image":{"@id":"https:\/\/voyagedelabaleine.fr\/es\/#\/schema\/logo\/image\/"},"sameAs":["https:\/\/www.facebook.com\/voyagedelabaleine\/","https:\/\/www.instagram.com\/voyagedelabaleine\/","https:\/\/www.pinterest.fr\/Voyagedelabaleine\/"]}]}},"_links":{"self":[{"href":"https:\/\/voyagedelabaleine.fr\/es\/wp-json\/wp\/v2\/pages\/35306","targetHints":{"allow":["GET"]}}],"collection":[{"href":"https:\/\/voyagedelabaleine.fr\/es\/wp-json\/wp\/v2\/pages"}],"about":[{"href":"https:\/\/voyagedelabaleine.fr\/es\/wp-json\/wp\/v2\/types\/page"}],"author":[{"embeddable":true,"href":"https:\/\/voyagedelabaleine.fr\/es\/wp-json\/wp\/v2\/users\/222595180"}],"replies":[{"embeddable":true,"href":"https:\/\/voyagedelabaleine.fr\/es\/wp-json\/wp\/v2\/comments?post=35306"}],"version-history":[{"count":1,"href":"https:\/\/voyagedelabaleine.fr\/es\/wp-json\/wp\/v2\/pages\/35306\/revisions"}],"predecessor-version":[{"id":40969,"href":"https:\/\/voyagedelabaleine.fr\/es\/wp-json\/wp\/v2\/pages\/35306\/revisions\/40969"}],"wp:attachment":[{"href":"https:\/\/voyagedelabaleine.fr\/es\/wp-json\/wp\/v2\/media?parent=35306"}],"curies":[{"name":"wp","href":"https:\/\/api.w.org\/{rel}","templated":true}]}}