{"id":29528,"date":"2025-08-23T11:49:11","date_gmt":"2025-08-23T09:49:11","guid":{"rendered":"https:\/\/voyagedelabaleine.fr\/product\/vestido-de-terciopelo-para-nina-azul-marino\/"},"modified":"2025-08-23T11:49:11","modified_gmt":"2025-08-23T09:49:11","slug":"vestido-de-terciopelo-para-nina-azul-marino","status":"publish","type":"product","link":"https:\/\/voyagedelabaleine.fr\/es\/producto\/vestido-de-terciopelo-para-nina-azul-marino\/","title":{"rendered":"Vestido de terciopelo para ni\u00f1a &#8211; Azul marino"},"content":{"rendered":"<h3 data-start=\"157\" data-end=\"204\">Un vestido suave y atemporal para el invierno<\/h3>\n<p data-start=\"206\" data-end=\"596\">Descubra nuestro <strong data-start=\"222\" data-end=\"260\">vestido de pana azul marino<\/strong>, una prenda elegante y c\u00f3moda, pensada para vestir a las ni\u00f1as con elegancia tanto en el d\u00eda a d\u00eda como en los momentos especiales en familia. Confeccionado en <strong data-start=\"428\" data-end=\"448\">algod\u00f3n de calidad<\/strong>, este vestido combina calidez y suavidad, a la vez que ofrece una gran libertad de movimiento para acompa\u00f1ar a su hija en todos sus descubrimientos. <\/p>\n<h3 data-start=\"598\" data-end=\"627\">Una pana refinada<\/h3>\n<p data-start=\"629\" data-end=\"943\">La pana aporta un relieve delicado y una profundidad de color que confieren a este vestido un car\u00e1cter aut\u00e9ntico y atemporal. Su <strong data-start=\"768\" data-end=\"790\">tono azul marino<\/strong>, profundo y f\u00e1cil de combinar, lo convierte en una prenda imprescindible del vestuario invernal, perfecta para la temporada de fr\u00edo o para las fiestas de fin de a\u00f1o. <\/p>\n<h3 data-start=\"945\" data-end=\"974\">Un cuello delicadamente bordado<\/h3>\n<p data-start=\"976\" data-end=\"1308\">El <strong data-start=\"979\" data-end=\"1031\">volante del cuello est\u00e1 delicadamente adornado con bordados<\/strong>, aportando un toque po\u00e9tico y elegante a la vez que realza el rostro de su hija con suavidad. Estos detalles sutiles recuerdan el esp\u00edritu refinado de Voyage de la Baleine, donde cada prenda est\u00e1 pensada para sublimar la infancia en lo que tiene de m\u00e1s tierno y aut\u00e9ntico. <\/p>\n<h3 data-start=\"1310\" data-end=\"1344\">Un corte pr\u00e1ctico y elegante<\/h3>\n<p data-start=\"1346\" data-end=\"1696\">El vestido se abre completamente en la parte delantera gracias a <strong data-start=\"1396\" data-end=\"1440\">unos botones cosidos a lo largo de toda la prenda<\/strong>, lo que facilita que su hija se vista sola o con ayuda, sin renunciar a la est\u00e9tica. Su corte ligeramente acampanado garantiza comodidad y libertad de movimiento, permitiendo que su hija juegue libremente sin dejar de ir bien vestida. <\/p>\n<h3 data-start=\"1698\" data-end=\"1729\">Una prenda f\u00e1cil de combinar<\/h3>\n<p data-start=\"1731\" data-end=\"2037\">Este vestido de pana puede llevarse con unas <strong data-start=\"1783\" data-end=\"1820\">medias de canal\u00e9 crudo o gris claro<\/strong>, un chaleco de punto o una chaqueta de cachemira para crear un conjunto elegante y c\u00f3modo. Combina a la perfecci\u00f3n con zapatos de cuero cl\u00e1sicos o botines para las salidas invernales. <\/p>\n<h3 data-start=\"2039\" data-end=\"2074\">Fabricaci\u00f3n esmerada en Portugal<\/h3>\n<p data-start=\"2076\" data-end=\"2381\">Confeccionado en Portugal, en un taller asociado especialista en la confecci\u00f3n infantil, este vestido goza de una <strong data-start=\"2197\" data-end=\"2231\">calidad de fabricaci\u00f3n duradera<\/strong> y de una gran atenci\u00f3n a los acabados. Resiste los lavados frecuentes a la vez que conserva la suavidad de su terciopelo y el brillo de sus bordados. <\/p>\n<p data-start=\"2388\" data-end=\"2714\"><em>Con este vestido de pana azul marino, Voyage de la Baleine acompa\u00f1a a su hija con ternura y elegancia, creando un vestuario refinado que atraviesa las estaciones sin pasar de moda. Una prenda a la vez suave, pr\u00e1ctica y po\u00e9tica, que encarna el esp\u00edritu de la infancia, respetando la comodidad y la autenticidad. <\/em><\/p>\n<p data-start=\"2388\" data-end=\"2714\">Fabricado en Portugal.<\/p>\n","protected":false},"excerpt":{"rendered":"<ul>\n<li>Vestido de pana<\/li>\n<li>Cierre con tapeta de botones en la parte delantera<\/li>\n<li>Cuello bordado<\/li>\n<li>99 % algod\u00f3n, 1 % elastano<\/li>\n<li>Fabricado en Portugal<br \/>\n<em>Este vestido tiene un tallaje normal. Elija la talla habitual.<\/em><\/li>\n<\/ul>\n","protected":false},"featured_media":29529,"comment_status":"open","ping_status":"closed","template":"","meta":{"ocean_post_layout":"","ocean_both_sidebars_style":"","ocean_both_sidebars_content_width":0,"ocean_both_sidebars_sidebars_width":0,"ocean_sidebar":"0","ocean_second_sidebar":"0","ocean_disable_margins":"enable","ocean_add_body_class":"","ocean_shortcode_before_top_bar":"","ocean_shortcode_after_top_bar":"","ocean_shortcode_before_header":"","ocean_shortcode_after_header":"","ocean_has_shortcode":"","ocean_shortcode_after_title":"","ocean_shortcode_before_footer_widgets":"","ocean_shortcode_after_footer_widgets":"","ocean_shortcode_before_footer_bottom":"","ocean_shortcode_after_footer_bottom":"","ocean_display_top_bar":"default","ocean_display_header":"default","ocean_header_style":"","ocean_center_header_left_menu":"0","ocean_custom_header_template":"0","ocean_custom_logo":0,"ocean_custom_retina_logo":0,"ocean_custom_logo_max_width":0,"ocean_custom_logo_tablet_max_width":0,"ocean_custom_logo_mobile_max_width":0,"ocean_custom_logo_max_height":0,"ocean_custom_logo_tablet_max_height":0,"ocean_custom_logo_mobile_max_height":0,"ocean_header_custom_menu":"0","ocean_menu_typo_font_family":"0","ocean_menu_typo_font_subset":"","ocean_menu_typo_font_size":0,"ocean_menu_typo_font_size_tablet":0,"ocean_menu_typo_font_size_mobile":0,"ocean_menu_typo_font_size_unit":"px","ocean_menu_typo_font_weight":"","ocean_menu_typo_font_weight_tablet":"","ocean_menu_typo_font_weight_mobile":"","ocean_menu_typo_transform":"","ocean_menu_typo_transform_tablet":"","ocean_menu_typo_transform_mobile":"","ocean_menu_typo_line_height":0,"ocean_menu_typo_line_height_tablet":0,"ocean_menu_typo_line_height_mobile":0,"ocean_menu_typo_line_height_unit":"","ocean_menu_typo_spacing":0,"ocean_menu_typo_spacing_tablet":0,"ocean_menu_typo_spacing_mobile":0,"ocean_menu_typo_spacing_unit":"","ocean_menu_link_color":"","ocean_menu_link_color_hover":"","ocean_menu_link_color_active":"","ocean_menu_link_background":"","ocean_menu_link_hover_background":"","ocean_menu_link_active_background":"","ocean_menu_social_links_bg":"","ocean_menu_social_hover_links_bg":"","ocean_menu_social_links_color":"","ocean_menu_social_hover_links_color":"","ocean_disable_title":"default","ocean_disable_heading":"default","ocean_post_title":"","ocean_post_subheading":"","ocean_post_title_style":"","ocean_post_title_background_color":"","ocean_post_title_background":0,"ocean_post_title_bg_image_position":"","ocean_post_title_bg_image_attachment":"","ocean_post_title_bg_image_repeat":"","ocean_post_title_bg_image_size":"","ocean_post_title_height":0,"ocean_post_title_bg_overlay":0.5,"ocean_post_title_bg_overlay_color":"","ocean_disable_breadcrumbs":"default","ocean_breadcrumbs_color":"","ocean_breadcrumbs_separator_color":"","ocean_breadcrumbs_links_color":"","ocean_breadcrumbs_links_hover_color":"","ocean_display_footer_widgets":"default","ocean_display_footer_bottom":"default","ocean_custom_footer_template":"0","osh_disable_topbar_sticky":"default","osh_disable_header_sticky":"default","osh_sticky_header_style":"default","osh_sticky_header_effect":"","osh_custom_sticky_logo":0,"osh_custom_retina_sticky_logo":0,"osh_custom_sticky_logo_height":0,"osh_background_color":"","osh_links_color":"","osh_links_hover_color":"","osh_links_active_color":"","osh_links_bg_color":"","osh_links_hover_bg_color":"","osh_links_active_bg_color":"","osh_menu_social_links_color":"","osh_menu_social_hover_links_color":""},"product_brand":[],"product_cat":[6815,6897,7031,6885,6951],"product_tag":[],"class_list":{"0":"post-29528","1":"product","2":"type-product","3":"status-publish","4":"has-post-thumbnail","6":"product_cat-bebe-nina","7":"product_cat-nina","8":"product_cat-ropa","9":"product_cat-vestido-bebe-nina","10":"product_cat-vestido-nina","12":"entry","13":"has-media","15":"first","16":"instock","17":"taxable","18":"shipping-taxable","19":"purchasable","20":"product-type-variable","21":"has-default-attributes","22":"col","23":"span_1_of_3","24":"owp-content-center","25":"owp-thumbs-layout-vertical","26":"owp-btn-big","27":"owp-tabs-layout-vertical","28":"circle-sale"},"yoast_head":"<!-- This site is optimized with the Yoast SEO plugin v27.1.1 - https:\/\/yoast.com\/product\/yoast-seo-wordpress\/ -->\n<title>Vestido de terciopelo para ni\u00f1a - Azul marino - Voyage de la Baleine<\/title>\n<meta name=\"description\" content=\"Descubra nuestro vestido de pana azul marino, una prenda elegante y c\u00f3moda, pensada para vestir a las ni\u00f1as con elegancia.\" \/>\n<meta name=\"robots\" content=\"index, follow, max-snippet:-1, max-image-preview:large, max-video-preview:-1\" \/>\n<link rel=\"canonical\" href=\"https:\/\/voyagedelabaleine.fr\/es\/producto\/vestido-de-terciopelo-para-nina-azul-marino\/\" \/>\n<meta property=\"og:locale\" content=\"es_ES\" \/>\n<meta property=\"og:type\" content=\"article\" \/>\n<meta property=\"og:title\" content=\"Vestido de terciopelo para ni\u00f1a - Azul marino - Voyage de la Baleine\" \/>\n<meta property=\"og:description\" content=\"Descubra nuestro vestido de pana azul marino, una prenda elegante y c\u00f3moda, pensada para vestir a las ni\u00f1as con elegancia.\" \/>\n<meta property=\"og:url\" content=\"https:\/\/voyagedelabaleine.fr\/es\/producto\/vestido-de-terciopelo-para-nina-azul-marino\/\" \/>\n<meta property=\"og:site_name\" content=\"Voyage de la Baleine\" \/>\n<meta property=\"article:publisher\" content=\"https:\/\/www.facebook.com\/voyagedelabaleine\/\" \/>\n<meta property=\"og:image\" content=\"https:\/\/voyagedelabaleine.fr\/wp-content\/uploads\/2025\/07\/robe-velours-fillette-bleu-1.jpg\" \/>\n\t<meta property=\"og:image:width\" content=\"1100\" \/>\n\t<meta property=\"og:image:height\" content=\"1467\" \/>\n\t<meta property=\"og:image:type\" content=\"image\/jpeg\" \/>\n<meta name=\"twitter:card\" content=\"summary_large_image\" \/>\n<meta name=\"twitter:label1\" content=\"Tiempo de lectura\" \/>\n\t<meta name=\"twitter:data1\" content=\"2 minuto\" \/>\n<script type=\"application\/ld+json\" class=\"yoast-schema-graph\">{\"@context\":\"https:\/\/schema.org\",\"@graph\":[{\"@type\":\"WebPage\",\"@id\":\"https:\/\/voyagedelabaleine.fr\/es\/producto\/vestido-de-terciopelo-para-nina-azul-marino\/\",\"url\":\"https:\/\/voyagedelabaleine.fr\/es\/producto\/vestido-de-terciopelo-para-nina-azul-marino\/\",\"name\":\"Vestido de terciopelo para ni\u00f1a - Azul marino - Voyage de la Baleine\",\"isPartOf\":{\"@id\":\"https:\/\/voyagedelabaleine.fr\/es\/#website\"},\"primaryImageOfPage\":{\"@id\":\"https:\/\/voyagedelabaleine.fr\/es\/producto\/vestido-de-terciopelo-para-nina-azul-marino\/#primaryimage\"},\"image\":{\"@id\":\"https:\/\/voyagedelabaleine.fr\/es\/producto\/vestido-de-terciopelo-para-nina-azul-marino\/#primaryimage\"},\"thumbnailUrl\":\"https:\/\/voyagedelabaleine.fr\/wp-content\/uploads\/2025\/07\/robe-velours-fillette-bleu-1.jpg\",\"datePublished\":\"2025-08-23T09:49:11+00:00\",\"description\":\"Descubra nuestro vestido de pana azul marino, una prenda elegante y c\u00f3moda, pensada para vestir a las ni\u00f1as con elegancia.\",\"breadcrumb\":{\"@id\":\"https:\/\/voyagedelabaleine.fr\/es\/producto\/vestido-de-terciopelo-para-nina-azul-marino\/#breadcrumb\"},\"inLanguage\":\"es\",\"potentialAction\":[{\"@type\":\"ReadAction\",\"target\":[\"https:\/\/voyagedelabaleine.fr\/es\/producto\/vestido-de-terciopelo-para-nina-azul-marino\/\"]}]},{\"@type\":\"ImageObject\",\"inLanguage\":\"es\",\"@id\":\"https:\/\/voyagedelabaleine.fr\/es\/producto\/vestido-de-terciopelo-para-nina-azul-marino\/#primaryimage\",\"url\":\"https:\/\/voyagedelabaleine.fr\/wp-content\/uploads\/2025\/07\/robe-velours-fillette-bleu-1.jpg\",\"contentUrl\":\"https:\/\/voyagedelabaleine.fr\/wp-content\/uploads\/2025\/07\/robe-velours-fillette-bleu-1.jpg\",\"width\":1100,\"height\":1467,\"caption\":\"Vestido para ni\u00f1a de terciopelo azul marino con cuello grande\"},{\"@type\":\"BreadcrumbList\",\"@id\":\"https:\/\/voyagedelabaleine.fr\/es\/producto\/vestido-de-terciopelo-para-nina-azul-marino\/#breadcrumb\",\"itemListElement\":[{\"@type\":\"ListItem\",\"position\":1,\"name\":\"Accueil\",\"item\":\"https:\/\/voyagedelabaleine.fr\/es\/inicio\/\"},{\"@type\":\"ListItem\",\"position\":2,\"name\":\"Tienda\",\"item\":\"https:\/\/voyagedelabaleine.fr\/es\/tienda\/\"},{\"@type\":\"ListItem\",\"position\":3,\"name\":\"Vestido de terciopelo para ni\u00f1a &#8211; Azul marino\"}]},{\"@type\":\"WebSite\",\"@id\":\"https:\/\/voyagedelabaleine.fr\/es\/#website\",\"url\":\"https:\/\/voyagedelabaleine.fr\/es\/\",\"name\":\"Voyage de la Baleine\",\"description\":\"V\u00eatements intemporels et raffin\u00e9s pour b\u00e9b\u00e9s et enfants\",\"publisher\":{\"@id\":\"https:\/\/voyagedelabaleine.fr\/es\/#organization\"},\"potentialAction\":[{\"@type\":\"SearchAction\",\"target\":{\"@type\":\"EntryPoint\",\"urlTemplate\":\"https:\/\/voyagedelabaleine.fr\/es\/?s={search_term_string}\"},\"query-input\":{\"@type\":\"PropertyValueSpecification\",\"valueRequired\":true,\"valueName\":\"search_term_string\"}}],\"inLanguage\":\"es\"},{\"@type\":\"Organization\",\"@id\":\"https:\/\/voyagedelabaleine.fr\/es\/#organization\",\"name\":\"Voyage de la Baleine\",\"url\":\"https:\/\/voyagedelabaleine.fr\/es\/\",\"logo\":{\"@type\":\"ImageObject\",\"inLanguage\":\"es\",\"@id\":\"https:\/\/voyagedelabaleine.fr\/es\/#\/schema\/logo\/image\/\",\"url\":\"https:\/\/voyagedelabaleine.fr\/wp-content\/uploads\/2025\/06\/logo.webp\",\"contentUrl\":\"https:\/\/voyagedelabaleine.fr\/wp-content\/uploads\/2025\/06\/logo.webp\",\"width\":153,\"height\":64,\"caption\":\"Voyage de la Baleine\"},\"image\":{\"@id\":\"https:\/\/voyagedelabaleine.fr\/es\/#\/schema\/logo\/image\/\"},\"sameAs\":[\"https:\/\/www.facebook.com\/voyagedelabaleine\/\",\"https:\/\/www.instagram.com\/voyagedelabaleine\/\",\"https:\/\/www.pinterest.fr\/Voyagedelabaleine\/\"]}]}<\/script>\n<!-- \/ Yoast SEO plugin. -->","yoast_head_json":{"title":"Vestido de terciopelo para ni\u00f1a - Azul marino - Voyage de la Baleine","description":"Descubra nuestro vestido de pana azul marino, una prenda elegante y c\u00f3moda, pensada para vestir a las ni\u00f1as con elegancia.","robots":{"index":"index","follow":"follow","max-snippet":"max-snippet:-1","max-image-preview":"max-image-preview:large","max-video-preview":"max-video-preview:-1"},"canonical":"https:\/\/voyagedelabaleine.fr\/es\/producto\/vestido-de-terciopelo-para-nina-azul-marino\/","og_locale":"es_ES","og_type":"article","og_title":"Vestido de terciopelo para ni\u00f1a - Azul marino - Voyage de la Baleine","og_description":"Descubra nuestro vestido de pana azul marino, una prenda elegante y c\u00f3moda, pensada para vestir a las ni\u00f1as con elegancia.","og_url":"https:\/\/voyagedelabaleine.fr\/es\/producto\/vestido-de-terciopelo-para-nina-azul-marino\/","og_site_name":"Voyage de la Baleine","article_publisher":"https:\/\/www.facebook.com\/voyagedelabaleine\/","og_image":[{"width":1100,"height":1467,"url":"https:\/\/voyagedelabaleine.fr\/wp-content\/uploads\/2025\/07\/robe-velours-fillette-bleu-1.jpg","type":"image\/jpeg"}],"twitter_card":"summary_large_image","twitter_misc":{"Tiempo de lectura":"2 minuto"},"schema":{"@context":"https:\/\/schema.org","@graph":[{"@type":"WebPage","@id":"https:\/\/voyagedelabaleine.fr\/es\/producto\/vestido-de-terciopelo-para-nina-azul-marino\/","url":"https:\/\/voyagedelabaleine.fr\/es\/producto\/vestido-de-terciopelo-para-nina-azul-marino\/","name":"Vestido de terciopelo para ni\u00f1a - Azul marino - Voyage de la Baleine","isPartOf":{"@id":"https:\/\/voyagedelabaleine.fr\/es\/#website"},"primaryImageOfPage":{"@id":"https:\/\/voyagedelabaleine.fr\/es\/producto\/vestido-de-terciopelo-para-nina-azul-marino\/#primaryimage"},"image":{"@id":"https:\/\/voyagedelabaleine.fr\/es\/producto\/vestido-de-terciopelo-para-nina-azul-marino\/#primaryimage"},"thumbnailUrl":"https:\/\/voyagedelabaleine.fr\/wp-content\/uploads\/2025\/07\/robe-velours-fillette-bleu-1.jpg","datePublished":"2025-08-23T09:49:11+00:00","description":"Descubra nuestro vestido de pana azul marino, una prenda elegante y c\u00f3moda, pensada para vestir a las ni\u00f1as con elegancia.","breadcrumb":{"@id":"https:\/\/voyagedelabaleine.fr\/es\/producto\/vestido-de-terciopelo-para-nina-azul-marino\/#breadcrumb"},"inLanguage":"es","potentialAction":[{"@type":"ReadAction","target":["https:\/\/voyagedelabaleine.fr\/es\/producto\/vestido-de-terciopelo-para-nina-azul-marino\/"]}]},{"@type":"ImageObject","inLanguage":"es","@id":"https:\/\/voyagedelabaleine.fr\/es\/producto\/vestido-de-terciopelo-para-nina-azul-marino\/#primaryimage","url":"https:\/\/voyagedelabaleine.fr\/wp-content\/uploads\/2025\/07\/robe-velours-fillette-bleu-1.jpg","contentUrl":"https:\/\/voyagedelabaleine.fr\/wp-content\/uploads\/2025\/07\/robe-velours-fillette-bleu-1.jpg","width":1100,"height":1467,"caption":"Vestido para ni\u00f1a de terciopelo azul marino con cuello grande"},{"@type":"BreadcrumbList","@id":"https:\/\/voyagedelabaleine.fr\/es\/producto\/vestido-de-terciopelo-para-nina-azul-marino\/#breadcrumb","itemListElement":[{"@type":"ListItem","position":1,"name":"Accueil","item":"https:\/\/voyagedelabaleine.fr\/es\/inicio\/"},{"@type":"ListItem","position":2,"name":"Tienda","item":"https:\/\/voyagedelabaleine.fr\/es\/tienda\/"},{"@type":"ListItem","position":3,"name":"Vestido de terciopelo para ni\u00f1a &#8211; Azul marino"}]},{"@type":"WebSite","@id":"https:\/\/voyagedelabaleine.fr\/es\/#website","url":"https:\/\/voyagedelabaleine.fr\/es\/","name":"Voyage de la Baleine","description":"V\u00eatements intemporels et raffin\u00e9s pour b\u00e9b\u00e9s et enfants","publisher":{"@id":"https:\/\/voyagedelabaleine.fr\/es\/#organization"},"potentialAction":[{"@type":"SearchAction","target":{"@type":"EntryPoint","urlTemplate":"https:\/\/voyagedelabaleine.fr\/es\/?s={search_term_string}"},"query-input":{"@type":"PropertyValueSpecification","valueRequired":true,"valueName":"search_term_string"}}],"inLanguage":"es"},{"@type":"Organization","@id":"https:\/\/voyagedelabaleine.fr\/es\/#organization","name":"Voyage de la Baleine","url":"https:\/\/voyagedelabaleine.fr\/es\/","logo":{"@type":"ImageObject","inLanguage":"es","@id":"https:\/\/voyagedelabaleine.fr\/es\/#\/schema\/logo\/image\/","url":"https:\/\/voyagedelabaleine.fr\/wp-content\/uploads\/2025\/06\/logo.webp","contentUrl":"https:\/\/voyagedelabaleine.fr\/wp-content\/uploads\/2025\/06\/logo.webp","width":153,"height":64,"caption":"Voyage de la Baleine"},"image":{"@id":"https:\/\/voyagedelabaleine.fr\/es\/#\/schema\/logo\/image\/"},"sameAs":["https:\/\/www.facebook.com\/voyagedelabaleine\/","https:\/\/www.instagram.com\/voyagedelabaleine\/","https:\/\/www.pinterest.fr\/Voyagedelabaleine\/"]}]}},"_links":{"self":[{"href":"https:\/\/voyagedelabaleine.fr\/es\/wp-json\/wp\/v2\/product\/29528","targetHints":{"allow":["GET"]}}],"collection":[{"href":"https:\/\/voyagedelabaleine.fr\/es\/wp-json\/wp\/v2\/product"}],"about":[{"href":"https:\/\/voyagedelabaleine.fr\/es\/wp-json\/wp\/v2\/types\/product"}],"replies":[{"embeddable":true,"href":"https:\/\/voyagedelabaleine.fr\/es\/wp-json\/wp\/v2\/comments?post=29528"}],"wp:featuredmedia":[{"embeddable":true,"href":"https:\/\/voyagedelabaleine.fr\/es\/wp-json\/wp\/v2\/media\/29529"}],"wp:attachment":[{"href":"https:\/\/voyagedelabaleine.fr\/es\/wp-json\/wp\/v2\/media?parent=29528"}],"wp:term":[{"taxonomy":"product_brand","embeddable":true,"href":"https:\/\/voyagedelabaleine.fr\/es\/wp-json\/wp\/v2\/product_brand?post=29528"},{"taxonomy":"product_cat","embeddable":true,"href":"https:\/\/voyagedelabaleine.fr\/es\/wp-json\/wp\/v2\/product_cat?post=29528"},{"taxonomy":"product_tag","embeddable":true,"href":"https:\/\/voyagedelabaleine.fr\/es\/wp-json\/wp\/v2\/product_tag?post=29528"}],"curies":[{"name":"wp","href":"https:\/\/api.w.org\/{rel}","templated":true}]}}