{"id":29598,"date":"2024-09-16T22:36:29","date_gmt":"2024-09-16T20:36:29","guid":{"rendered":"https:\/\/voyagedelabaleine.fr\/product\/jersey-bebe-unisex-de-cuello-redondo-con-3-botones-pura-lana-merina-crudo\/"},"modified":"2026-01-14T22:44:32","modified_gmt":"2026-01-14T21:44:32","slug":"jersey-bebe-unisex-de-cuello-redondo-con-3-botones-pura-lana-merina-crudo","status":"publish","type":"product","link":"https:\/\/voyagedelabaleine.fr\/es\/producto\/jersey-bebe-unisex-de-cuello-redondo-con-3-botones-pura-lana-merina-crudo\/","title":{"rendered":"Jersey beb\u00e9 unisex de cuello redondo con 3 botones &#8211; Pura lana merina &#8211; Crudo"},"content":{"rendered":"<p>Ofrezca el <strong>regalo de nacimiento ideal<\/strong> con nuestro <strong>jersey beb\u00e9 de cuello redondo en color lana natural<\/strong>. Este jersey, dise\u00f1ado con esmero, es perfecto para mantener abrigado a un reci\u00e9n nacido, ofreci\u00e9ndole al mismo tiempo un confort \u00f3ptimo. Fabricado en lana merina de alta calidad, es suave y transpirable, ideal para la piel delicada de los beb\u00e9s. La <strong>lana merina<\/strong> ayuda a regular la temperatura corporal y es hipoalerg\u00e9nica, garantizando una protecci\u00f3n perfecta contra las irritaciones.   <\/p>\n<p>Con <strong>tres botones en el lateral del cuello<\/strong>, este jersey es tan pr\u00e1ctico como elegante. Estos botones permiten un cierre f\u00e1cil y r\u00e1pido, haciendo que vestir y desvestir al beb\u00e9 sea sencillo y sin esfuerzo. Adem\u00e1s de su aspecto funcional, los botones a\u00f1aden un toque sutilmente refinado al dise\u00f1o.  <\/p>\n<p>El color lana natural, un <strong>blanco roto<\/strong> suave y atemporal, hace de este jersey una prenda vers\u00e1til que se adapta a todos los conjuntos y a todas las ocasiones. Este color neutro lo convierte en una excelente opci\u00f3n para un <strong>regalo de nacimiento<\/strong>, adecuado tanto para <strong>ni\u00f1as<\/strong> como para <strong>ni\u00f1os<\/strong>. <\/p>\n<p><strong>Fabricado en Irlanda<\/strong> con un saber hacer artesanal, este jersey es a la vez elegante y <strong>duradero<\/strong>, dise\u00f1ado para durar con el paso de las temporadas. Al ofrecer este jersey beb\u00e9 de cuello redondo, elige un <strong>regalo<\/strong> a la vez pr\u00e1ctico, refinado y lleno de ternura, que acompa\u00f1ar\u00e1 al beb\u00e9 desde sus primeros d\u00edas. <\/p>\n<p><em>Este bonito jersey es un <strong>regalo de nacimiento perfecto<\/strong> para quienes buscan el equilibrio entre calidad, confort y tradici\u00f3n.<\/em><\/p>\n<p>\u00a1Descubra los dem\u00e1s jerseys irlandeses de lana merina de nuestra colecci\u00f3n en nuestra <a href=\"https:\/\/voyagedelabaleine.fr\/es\/categorie-produit\/jersey-irlandes-bebes-ninos\/\">categor\u00eda dedicada<\/a>!<\/p>\n","protected":false},"excerpt":{"rendered":"<ul>\n<li>100 % pura lana merina<\/li>\n<li>Jersey suave<\/li>\n<li>Elegantes botones marrones en el lateral del cuello<\/li>\n<li>Ideal como regalo de nacimiento<\/li>\n<li>Fabricado en Irlanda, en el condado de Kildare<br \/>\n<em>Este jersey tiene un tallaje normal. Elija su talla habitual.<\/em><\/li>\n<\/ul>\n","protected":false},"featured_media":14846,"comment_status":"open","ping_status":"closed","template":"","meta":{"ocean_post_layout":"","ocean_both_sidebars_style":"","ocean_both_sidebars_content_width":0,"ocean_both_sidebars_sidebars_width":0,"ocean_sidebar":"0","ocean_second_sidebar":"0","ocean_disable_margins":"enable","ocean_add_body_class":"","ocean_shortcode_before_top_bar":"","ocean_shortcode_after_top_bar":"","ocean_shortcode_before_header":"","ocean_shortcode_after_header":"","ocean_has_shortcode":"","ocean_shortcode_after_title":"","ocean_shortcode_before_footer_widgets":"","ocean_shortcode_after_footer_widgets":"","ocean_shortcode_before_footer_bottom":"","ocean_shortcode_after_footer_bottom":"","ocean_display_top_bar":"default","ocean_display_header":"default","ocean_header_style":"","ocean_center_header_left_menu":"0","ocean_custom_header_template":"0","ocean_custom_logo":0,"ocean_custom_retina_logo":0,"ocean_custom_logo_max_width":0,"ocean_custom_logo_tablet_max_width":0,"ocean_custom_logo_mobile_max_width":0,"ocean_custom_logo_max_height":0,"ocean_custom_logo_tablet_max_height":0,"ocean_custom_logo_mobile_max_height":0,"ocean_header_custom_menu":"0","ocean_menu_typo_font_family":"0","ocean_menu_typo_font_subset":"","ocean_menu_typo_font_size":0,"ocean_menu_typo_font_size_tablet":0,"ocean_menu_typo_font_size_mobile":0,"ocean_menu_typo_font_size_unit":"px","ocean_menu_typo_font_weight":"","ocean_menu_typo_font_weight_tablet":"","ocean_menu_typo_font_weight_mobile":"","ocean_menu_typo_transform":"","ocean_menu_typo_transform_tablet":"","ocean_menu_typo_transform_mobile":"","ocean_menu_typo_line_height":0,"ocean_menu_typo_line_height_tablet":0,"ocean_menu_typo_line_height_mobile":0,"ocean_menu_typo_line_height_unit":"","ocean_menu_typo_spacing":0,"ocean_menu_typo_spacing_tablet":0,"ocean_menu_typo_spacing_mobile":0,"ocean_menu_typo_spacing_unit":"","ocean_menu_link_color":"","ocean_menu_link_color_hover":"","ocean_menu_link_color_active":"","ocean_menu_link_background":"","ocean_menu_link_hover_background":"","ocean_menu_link_active_background":"","ocean_menu_social_links_bg":"","ocean_menu_social_hover_links_bg":"","ocean_menu_social_links_color":"","ocean_menu_social_hover_links_color":"","ocean_disable_title":"default","ocean_disable_heading":"default","ocean_post_title":"","ocean_post_subheading":"","ocean_post_title_style":"","ocean_post_title_background_color":"","ocean_post_title_background":0,"ocean_post_title_bg_image_position":"","ocean_post_title_bg_image_attachment":"","ocean_post_title_bg_image_repeat":"","ocean_post_title_bg_image_size":"","ocean_post_title_height":0,"ocean_post_title_bg_overlay":0.5,"ocean_post_title_bg_overlay_color":"","ocean_disable_breadcrumbs":"default","ocean_breadcrumbs_color":"","ocean_breadcrumbs_separator_color":"","ocean_breadcrumbs_links_color":"","ocean_breadcrumbs_links_hover_color":"","ocean_display_footer_widgets":"default","ocean_display_footer_bottom":"default","ocean_custom_footer_template":"0","osh_disable_topbar_sticky":"default","osh_disable_header_sticky":"default","osh_sticky_header_style":"default","osh_sticky_header_effect":"","osh_custom_sticky_logo":0,"osh_custom_retina_sticky_logo":0,"osh_custom_sticky_logo_height":0,"osh_background_color":"","osh_links_color":"","osh_links_hover_color":"","osh_links_active_color":"","osh_links_bg_color":"","osh_links_hover_bg_color":"","osh_links_active_bg_color":"","osh_menu_social_links_color":"","osh_menu_social_hover_links_color":""},"product_brand":[],"product_cat":[7027,7021,6985,7009,6883,6835,6861,7031],"product_tag":[],"class_list":{"0":"post-29598","1":"product","2":"type-product","3":"status-publish","4":"has-post-thumbnail","6":"product_cat-jersey-irlandes-bebes-ninos","7":"product_cat-jersey-chaleco-cardigan-nacimiento","8":"product_cat-jersey-chaleco-cardigan-nacimiento-nina","9":"product_cat-jersey-chaleco-cardigan-nacimiento-nino","10":"product_cat-jersey-chaleco-cardigan-bebe","11":"product_cat-jersey-chaleco-cardigan-bebe-nina","12":"product_cat-jersey-chaleco-cardigan-bebe-nino","13":"product_cat-ropa","15":"entry","16":"has-media","18":"first","19":"instock","20":"taxable","21":"shipping-taxable","22":"purchasable","23":"product-type-variable","24":"has-default-attributes","25":"has-rating","26":"col","27":"span_1_of_3","28":"owp-content-center","29":"owp-thumbs-layout-vertical","30":"owp-btn-big","31":"owp-tabs-layout-vertical","32":"circle-sale"},"yoast_head":"<!-- This site is optimized with the Yoast SEO plugin v27.1.1 - https:\/\/yoast.com\/product\/yoast-seo-wordpress\/ -->\n<title>Jersey beb\u00e9 de cuello redondo con 3 botones<\/title>\n<meta name=\"description\" content=\"Ofrezca el regalo de nacimiento ideal con nuestro jersey beb\u00e9 de cuello redondo en color lana natural. Fabricado con pasi\u00f3n en Irlanda.\" \/>\n<meta name=\"robots\" content=\"index, follow, max-snippet:-1, max-image-preview:large, max-video-preview:-1\" \/>\n<link rel=\"canonical\" href=\"https:\/\/voyagedelabaleine.fr\/es\/producto\/jersey-bebe-unisex-de-cuello-redondo-con-3-botones-pura-lana-merina-crudo\/\" \/>\n<meta property=\"og:locale\" content=\"es_ES\" \/>\n<meta property=\"og:type\" content=\"article\" \/>\n<meta property=\"og:title\" content=\"Jersey beb\u00e9 de cuello redondo con 3 botones\" \/>\n<meta property=\"og:description\" content=\"Ofrezca el regalo de nacimiento ideal con nuestro jersey beb\u00e9 de cuello redondo en color lana natural. Fabricado con pasi\u00f3n en Irlanda.\" \/>\n<meta property=\"og:url\" content=\"https:\/\/voyagedelabaleine.fr\/es\/producto\/jersey-bebe-unisex-de-cuello-redondo-con-3-botones-pura-lana-merina-crudo\/\" \/>\n<meta property=\"og:site_name\" content=\"Voyage de la Baleine\" \/>\n<meta property=\"article:publisher\" content=\"https:\/\/www.facebook.com\/voyagedelabaleine\/\" \/>\n<meta property=\"article:modified_time\" content=\"2026-01-14T21:44:32+00:00\" \/>\n<meta property=\"og:image\" content=\"https:\/\/voyagedelabaleine.fr\/wp-content\/uploads\/2024\/09\/IMG_2317-fotor-2024112614446-1-fotor-20241126153121.jpg\" \/>\n\t<meta property=\"og:image:width\" content=\"800\" \/>\n\t<meta property=\"og:image:height\" content=\"1067\" \/>\n\t<meta property=\"og:image:type\" content=\"image\/jpeg\" \/>\n<meta name=\"twitter:card\" content=\"summary_large_image\" \/>\n<meta name=\"twitter:label1\" content=\"Tiempo de lectura\" \/>\n\t<meta name=\"twitter:data1\" content=\"1 minuto\" \/>\n<script type=\"application\/ld+json\" class=\"yoast-schema-graph\">{\"@context\":\"https:\/\/schema.org\",\"@graph\":[{\"@type\":\"WebPage\",\"@id\":\"https:\/\/voyagedelabaleine.fr\/es\/producto\/jersey-bebe-unisex-de-cuello-redondo-con-3-botones-pura-lana-merina-crudo\/\",\"url\":\"https:\/\/voyagedelabaleine.fr\/es\/producto\/jersey-bebe-unisex-de-cuello-redondo-con-3-botones-pura-lana-merina-crudo\/\",\"name\":\"Jersey beb\u00e9 de cuello redondo con 3 botones\",\"isPartOf\":{\"@id\":\"https:\/\/voyagedelabaleine.fr\/es\/#website\"},\"primaryImageOfPage\":{\"@id\":\"https:\/\/voyagedelabaleine.fr\/es\/producto\/jersey-bebe-unisex-de-cuello-redondo-con-3-botones-pura-lana-merina-crudo\/#primaryimage\"},\"image\":{\"@id\":\"https:\/\/voyagedelabaleine.fr\/es\/producto\/jersey-bebe-unisex-de-cuello-redondo-con-3-botones-pura-lana-merina-crudo\/#primaryimage\"},\"thumbnailUrl\":\"https:\/\/voyagedelabaleine.fr\/wp-content\/uploads\/2024\/09\/IMG_2317-fotor-2024112614446-1-fotor-20241126153121.jpg\",\"datePublished\":\"2024-09-16T20:36:29+00:00\",\"dateModified\":\"2026-01-14T21:44:32+00:00\",\"description\":\"Ofrezca el regalo de nacimiento ideal con nuestro jersey beb\u00e9 de cuello redondo en color lana natural. Fabricado con pasi\u00f3n en Irlanda.\",\"breadcrumb\":{\"@id\":\"https:\/\/voyagedelabaleine.fr\/es\/producto\/jersey-bebe-unisex-de-cuello-redondo-con-3-botones-pura-lana-merina-crudo\/#breadcrumb\"},\"inLanguage\":\"es\",\"potentialAction\":[{\"@type\":\"ReadAction\",\"target\":[\"https:\/\/voyagedelabaleine.fr\/es\/producto\/jersey-bebe-unisex-de-cuello-redondo-con-3-botones-pura-lana-merina-crudo\/\"]}]},{\"@type\":\"ImageObject\",\"inLanguage\":\"es\",\"@id\":\"https:\/\/voyagedelabaleine.fr\/es\/producto\/jersey-bebe-unisex-de-cuello-redondo-con-3-botones-pura-lana-merina-crudo\/#primaryimage\",\"url\":\"https:\/\/voyagedelabaleine.fr\/wp-content\/uploads\/2024\/09\/IMG_2317-fotor-2024112614446-1-fotor-20241126153121.jpg\",\"contentUrl\":\"https:\/\/voyagedelabaleine.fr\/wp-content\/uploads\/2024\/09\/IMG_2317-fotor-2024112614446-1-fotor-20241126153121.jpg\",\"width\":800,\"height\":1067,\"caption\":\"Pull b\u00e9b\u00e9 encolure ronde en laine m\u00e9rinos\"},{\"@type\":\"BreadcrumbList\",\"@id\":\"https:\/\/voyagedelabaleine.fr\/es\/producto\/jersey-bebe-unisex-de-cuello-redondo-con-3-botones-pura-lana-merina-crudo\/#breadcrumb\",\"itemListElement\":[{\"@type\":\"ListItem\",\"position\":1,\"name\":\"Accueil\",\"item\":\"https:\/\/voyagedelabaleine.fr\/es\/inicio\/\"},{\"@type\":\"ListItem\",\"position\":2,\"name\":\"Tienda\",\"item\":\"https:\/\/voyagedelabaleine.fr\/es\/tienda\/\"},{\"@type\":\"ListItem\",\"position\":3,\"name\":\"Jersey beb\u00e9 unisex de cuello redondo con 3 botones &#8211; Pura lana merina &#8211; Crudo\"}]},{\"@type\":\"WebSite\",\"@id\":\"https:\/\/voyagedelabaleine.fr\/es\/#website\",\"url\":\"https:\/\/voyagedelabaleine.fr\/es\/\",\"name\":\"Voyage de la Baleine\",\"description\":\"V\u00eatements intemporels et raffin\u00e9s pour b\u00e9b\u00e9s et enfants\",\"publisher\":{\"@id\":\"https:\/\/voyagedelabaleine.fr\/es\/#organization\"},\"potentialAction\":[{\"@type\":\"SearchAction\",\"target\":{\"@type\":\"EntryPoint\",\"urlTemplate\":\"https:\/\/voyagedelabaleine.fr\/es\/?s={search_term_string}\"},\"query-input\":{\"@type\":\"PropertyValueSpecification\",\"valueRequired\":true,\"valueName\":\"search_term_string\"}}],\"inLanguage\":\"es\"},{\"@type\":\"Organization\",\"@id\":\"https:\/\/voyagedelabaleine.fr\/es\/#organization\",\"name\":\"Voyage de la Baleine\",\"url\":\"https:\/\/voyagedelabaleine.fr\/es\/\",\"logo\":{\"@type\":\"ImageObject\",\"inLanguage\":\"es\",\"@id\":\"https:\/\/voyagedelabaleine.fr\/es\/#\/schema\/logo\/image\/\",\"url\":\"https:\/\/voyagedelabaleine.fr\/wp-content\/uploads\/2025\/06\/logo.webp\",\"contentUrl\":\"https:\/\/voyagedelabaleine.fr\/wp-content\/uploads\/2025\/06\/logo.webp\",\"width\":153,\"height\":64,\"caption\":\"Voyage de la Baleine\"},\"image\":{\"@id\":\"https:\/\/voyagedelabaleine.fr\/es\/#\/schema\/logo\/image\/\"},\"sameAs\":[\"https:\/\/www.facebook.com\/voyagedelabaleine\/\",\"https:\/\/www.instagram.com\/voyagedelabaleine\/\",\"https:\/\/www.pinterest.fr\/Voyagedelabaleine\/\"]}]}<\/script>\n<!-- \/ Yoast SEO plugin. -->","yoast_head_json":{"title":"Jersey beb\u00e9 de cuello redondo con 3 botones","description":"Ofrezca el regalo de nacimiento ideal con nuestro jersey beb\u00e9 de cuello redondo en color lana natural. Fabricado con pasi\u00f3n en Irlanda.","robots":{"index":"index","follow":"follow","max-snippet":"max-snippet:-1","max-image-preview":"max-image-preview:large","max-video-preview":"max-video-preview:-1"},"canonical":"https:\/\/voyagedelabaleine.fr\/es\/producto\/jersey-bebe-unisex-de-cuello-redondo-con-3-botones-pura-lana-merina-crudo\/","og_locale":"es_ES","og_type":"article","og_title":"Jersey beb\u00e9 de cuello redondo con 3 botones","og_description":"Ofrezca el regalo de nacimiento ideal con nuestro jersey beb\u00e9 de cuello redondo en color lana natural. Fabricado con pasi\u00f3n en Irlanda.","og_url":"https:\/\/voyagedelabaleine.fr\/es\/producto\/jersey-bebe-unisex-de-cuello-redondo-con-3-botones-pura-lana-merina-crudo\/","og_site_name":"Voyage de la Baleine","article_publisher":"https:\/\/www.facebook.com\/voyagedelabaleine\/","article_modified_time":"2026-01-14T21:44:32+00:00","og_image":[{"width":800,"height":1067,"url":"https:\/\/voyagedelabaleine.fr\/wp-content\/uploads\/2024\/09\/IMG_2317-fotor-2024112614446-1-fotor-20241126153121.jpg","type":"image\/jpeg"}],"twitter_card":"summary_large_image","twitter_misc":{"Tiempo de lectura":"1 minuto"},"schema":{"@context":"https:\/\/schema.org","@graph":[{"@type":"WebPage","@id":"https:\/\/voyagedelabaleine.fr\/es\/producto\/jersey-bebe-unisex-de-cuello-redondo-con-3-botones-pura-lana-merina-crudo\/","url":"https:\/\/voyagedelabaleine.fr\/es\/producto\/jersey-bebe-unisex-de-cuello-redondo-con-3-botones-pura-lana-merina-crudo\/","name":"Jersey beb\u00e9 de cuello redondo con 3 botones","isPartOf":{"@id":"https:\/\/voyagedelabaleine.fr\/es\/#website"},"primaryImageOfPage":{"@id":"https:\/\/voyagedelabaleine.fr\/es\/producto\/jersey-bebe-unisex-de-cuello-redondo-con-3-botones-pura-lana-merina-crudo\/#primaryimage"},"image":{"@id":"https:\/\/voyagedelabaleine.fr\/es\/producto\/jersey-bebe-unisex-de-cuello-redondo-con-3-botones-pura-lana-merina-crudo\/#primaryimage"},"thumbnailUrl":"https:\/\/voyagedelabaleine.fr\/wp-content\/uploads\/2024\/09\/IMG_2317-fotor-2024112614446-1-fotor-20241126153121.jpg","datePublished":"2024-09-16T20:36:29+00:00","dateModified":"2026-01-14T21:44:32+00:00","description":"Ofrezca el regalo de nacimiento ideal con nuestro jersey beb\u00e9 de cuello redondo en color lana natural. Fabricado con pasi\u00f3n en Irlanda.","breadcrumb":{"@id":"https:\/\/voyagedelabaleine.fr\/es\/producto\/jersey-bebe-unisex-de-cuello-redondo-con-3-botones-pura-lana-merina-crudo\/#breadcrumb"},"inLanguage":"es","potentialAction":[{"@type":"ReadAction","target":["https:\/\/voyagedelabaleine.fr\/es\/producto\/jersey-bebe-unisex-de-cuello-redondo-con-3-botones-pura-lana-merina-crudo\/"]}]},{"@type":"ImageObject","inLanguage":"es","@id":"https:\/\/voyagedelabaleine.fr\/es\/producto\/jersey-bebe-unisex-de-cuello-redondo-con-3-botones-pura-lana-merina-crudo\/#primaryimage","url":"https:\/\/voyagedelabaleine.fr\/wp-content\/uploads\/2024\/09\/IMG_2317-fotor-2024112614446-1-fotor-20241126153121.jpg","contentUrl":"https:\/\/voyagedelabaleine.fr\/wp-content\/uploads\/2024\/09\/IMG_2317-fotor-2024112614446-1-fotor-20241126153121.jpg","width":800,"height":1067,"caption":"Pull b\u00e9b\u00e9 encolure ronde en laine m\u00e9rinos"},{"@type":"BreadcrumbList","@id":"https:\/\/voyagedelabaleine.fr\/es\/producto\/jersey-bebe-unisex-de-cuello-redondo-con-3-botones-pura-lana-merina-crudo\/#breadcrumb","itemListElement":[{"@type":"ListItem","position":1,"name":"Accueil","item":"https:\/\/voyagedelabaleine.fr\/es\/inicio\/"},{"@type":"ListItem","position":2,"name":"Tienda","item":"https:\/\/voyagedelabaleine.fr\/es\/tienda\/"},{"@type":"ListItem","position":3,"name":"Jersey beb\u00e9 unisex de cuello redondo con 3 botones &#8211; Pura lana merina &#8211; Crudo"}]},{"@type":"WebSite","@id":"https:\/\/voyagedelabaleine.fr\/es\/#website","url":"https:\/\/voyagedelabaleine.fr\/es\/","name":"Voyage de la Baleine","description":"V\u00eatements intemporels et raffin\u00e9s pour b\u00e9b\u00e9s et enfants","publisher":{"@id":"https:\/\/voyagedelabaleine.fr\/es\/#organization"},"potentialAction":[{"@type":"SearchAction","target":{"@type":"EntryPoint","urlTemplate":"https:\/\/voyagedelabaleine.fr\/es\/?s={search_term_string}"},"query-input":{"@type":"PropertyValueSpecification","valueRequired":true,"valueName":"search_term_string"}}],"inLanguage":"es"},{"@type":"Organization","@id":"https:\/\/voyagedelabaleine.fr\/es\/#organization","name":"Voyage de la Baleine","url":"https:\/\/voyagedelabaleine.fr\/es\/","logo":{"@type":"ImageObject","inLanguage":"es","@id":"https:\/\/voyagedelabaleine.fr\/es\/#\/schema\/logo\/image\/","url":"https:\/\/voyagedelabaleine.fr\/wp-content\/uploads\/2025\/06\/logo.webp","contentUrl":"https:\/\/voyagedelabaleine.fr\/wp-content\/uploads\/2025\/06\/logo.webp","width":153,"height":64,"caption":"Voyage de la Baleine"},"image":{"@id":"https:\/\/voyagedelabaleine.fr\/es\/#\/schema\/logo\/image\/"},"sameAs":["https:\/\/www.facebook.com\/voyagedelabaleine\/","https:\/\/www.instagram.com\/voyagedelabaleine\/","https:\/\/www.pinterest.fr\/Voyagedelabaleine\/"]}]}},"_links":{"self":[{"href":"https:\/\/voyagedelabaleine.fr\/es\/wp-json\/wp\/v2\/product\/29598","targetHints":{"allow":["GET"]}}],"collection":[{"href":"https:\/\/voyagedelabaleine.fr\/es\/wp-json\/wp\/v2\/product"}],"about":[{"href":"https:\/\/voyagedelabaleine.fr\/es\/wp-json\/wp\/v2\/types\/product"}],"replies":[{"embeddable":true,"href":"https:\/\/voyagedelabaleine.fr\/es\/wp-json\/wp\/v2\/comments?post=29598"}],"wp:featuredmedia":[{"embeddable":true,"href":"https:\/\/voyagedelabaleine.fr\/es\/wp-json\/wp\/v2\/media\/14846"}],"wp:attachment":[{"href":"https:\/\/voyagedelabaleine.fr\/es\/wp-json\/wp\/v2\/media?parent=29598"}],"wp:term":[{"taxonomy":"product_brand","embeddable":true,"href":"https:\/\/voyagedelabaleine.fr\/es\/wp-json\/wp\/v2\/product_brand?post=29598"},{"taxonomy":"product_cat","embeddable":true,"href":"https:\/\/voyagedelabaleine.fr\/es\/wp-json\/wp\/v2\/product_cat?post=29598"},{"taxonomy":"product_tag","embeddable":true,"href":"https:\/\/voyagedelabaleine.fr\/es\/wp-json\/wp\/v2\/product_tag?post=29598"}],"curies":[{"name":"wp","href":"https:\/\/api.w.org\/{rel}","templated":true}]}}