{"id":38065,"date":"2026-02-04T11:49:51","date_gmt":"2026-02-04T10:49:51","guid":{"rendered":"https:\/\/voyagedelabaleine.fr\/product\/pijama-de-recien-nacido-cruzado-de-algodon-organico-crema\/"},"modified":"2026-02-04T11:49:51","modified_gmt":"2026-02-04T10:49:51","slug":"pijama-de-recien-nacido-cruzado-de-algodon-organico-crema","status":"publish","type":"product","link":"https:\/\/voyagedelabaleine.fr\/es\/producto\/pijama-de-recien-nacido-cruzado-de-algodon-organico-crema\/","title":{"rendered":"Pijama de reci\u00e9n nacido cruzado de algod\u00f3n org\u00e1nico &#8211; Crema"},"content":{"rendered":"<h3 data-start=\"216\" data-end=\"270\">Un pijama de reci\u00e9n nacido cruzado para una comodidad \u00f3ptima<\/h3>\n<p data-start=\"272\" data-end=\"662\">Nuestro pijama de reci\u00e9n nacido cruzado de <strong data-start=\"305\" data-end=\"331\">algod\u00f3n org\u00e1nico crema<\/strong> est\u00e1 dise\u00f1ado para ofrecer al beb\u00e9 suavidad y comodidad desde los primeros d\u00edas. Su corte <strong data-start=\"413\" data-end=\"438\">cruzado en el delantero<\/strong>, cerrado con un lazo discreto, permite un vestido f\u00e1cil y seguro, ideal para los cambios frecuentes de los m\u00e1s peque\u00f1os. Los <strong data-start=\"566\" data-end=\"584\">pies integrados<\/strong> mantienen al beb\u00e9 caliente y protegido, para noches tranquilas y c\u00f3modas.  <\/p>\n<p data-start=\"664\" data-end=\"769\">Este pijama combina practicidad y estilo depurado, para recibir al beb\u00e9 en un capullo de comodidad desde su nacimiento.<\/p>\n<h3 data-start=\"771\" data-end=\"823\">Un material natural y respetuoso con la piel<\/h3>\n<p data-start=\"825\" data-end=\"1185\">Confeccionado en <strong data-start=\"841\" data-end=\"872\">algod\u00f3n org\u00e1nico ultrasuave<\/strong>, este pijama es ideal para la piel sensible de los reci\u00e9n nacidos. Las fibras naturales permiten que la piel respire aportando una suavidad excepcional. Las <strong data-start=\"1038\" data-end=\"1063\">costuras ultrasuaves<\/strong> han sido pensadas para evitar cualquier irritaci\u00f3n, garantizando un contacto agradable y delicado con la piel fr\u00e1gil del beb\u00e9.  <\/p>\n<p data-start=\"1187\" data-end=\"1312\">Es una prenda que combina comodidad, seguridad y calidad, pensada tanto para el d\u00eda a d\u00eda de los padres como para el bienestar del beb\u00e9.<\/p>\n<h3 data-start=\"1314\" data-end=\"1353\">Un corte pr\u00e1ctico y funcional<\/h3>\n<p data-start=\"1355\" data-end=\"1673\">El corte <strong data-start=\"1364\" data-end=\"1389\">cruzado en el delantero<\/strong> permite cerrar el pijama f\u00e1cilmente con ayuda de un peque\u00f1o lazo, evitando pasar la prenda por la cabeza del beb\u00e9, lo que facilita enormemente el vestido. Los <strong data-start=\"1549\" data-end=\"1567\">pies integrados<\/strong> mantienen los pies calientes, para que el beb\u00e9 permanezca envuelto en un capullo acogedor en todo momento. <\/p>\n<p data-start=\"1675\" data-end=\"1803\">Cada detalle ha sido pensado para combinar practicidad y comodidad, haciendo este pijama adecuado para las primeras semanas de vida del beb\u00e9.<\/p>\n<h3 data-start=\"1805\" data-end=\"1844\">Opciones para completar el conjunto<\/h3>\n<p data-start=\"1846\" data-end=\"2159\">Para completar este pijama de reci\u00e9n nacido, puede elegir el <strong data-start=\"1905\" data-end=\"1933\">lote de 2 bodies a juego<\/strong>: <a href=\"https:\/\/voyagedelabaleine.fr\/es\/producto\/lote-de-2-bodies-cruzados-para-recien-nacido-algodon-organico-extra-suave-crema-arena-a-rayas\/\">Lote de 2 bodies de reci\u00e9n nacido cruzados \u2013 Algod\u00f3n org\u00e1nico extrasuave \u2013 Crema\/arena rayado<\/a> o el <a href=\"https:\/\/voyagedelabaleine.fr\/es\/producto\/lote-de-2-bodies-cruzados-de-nacimiento-algodon-organico-extra-suave-crema-arena\/\">Lote de 2 bodies de reci\u00e9n nacido cruzados \u2013 Algod\u00f3n org\u00e1nico extrasuave \u2013 Crema\/arena<\/a> as\u00ed como el <strong data-start=\"1939\" data-end=\"1977\">conjunto de gorro y manoplas a juego<\/strong>, siempre en <strong data-start=\"1991\" data-end=\"2011\">algod\u00f3n org\u00e1nico<\/strong>. Estas prendas permiten componer un conjunto coordinado y pr\u00e1ctico para el d\u00eda a d\u00eda, conservando la suavidad y calidad del algod\u00f3n org\u00e1nico. <\/p>\n<p data-start=\"2161\" data-end=\"2307\">El pijama puede llevarse solo o en combinaci\u00f3n con estos accesorios para crear un conjunto completo, c\u00f3modo y armonioso desde el nacimiento.<\/p>\n<h3 data-start=\"2309\" data-end=\"2352\">Una prenda esencial para el nacimiento<\/h3>\n<p data-start=\"2354\" data-end=\"2726\">El <strong data-start=\"2357\" data-end=\"2393\">pijama cruzado de algod\u00f3n org\u00e1nico crema<\/strong> es una prenda imprescindible para recibir al beb\u00e9. Pr\u00e1ctico, suave y respetuoso con la piel, asegura una comodidad m\u00e1xima para las noches y los d\u00edas en casa. Con sus pies integrados y su corte pensado para el d\u00eda a d\u00eda, se convierte en un indispensable del armario de reci\u00e9n nacido, combinando simplicidad, elegancia y funcionalidad.  <\/p>\n<p data-start=\"2354\" data-end=\"2726\">Fabricado en Espa\u00f1a.<\/p>\n","protected":false},"excerpt":{"rendered":"<ul>\n<li>Pijama de beb\u00e9 de una pieza con pies<\/li>\n<li>Cerrado con un lazo en el delantero<\/li>\n<li>Costuras extrasuaves<\/li>\n<li>100 % algod\u00f3n org\u00e1nico<\/li>\n<li>Fabricado en Espa\u00f1a<br \/>\n<em>Este pijama tiene un tallaje normal. Elija la talla habitual.<\/em><\/li>\n<\/ul>\n","protected":false},"featured_media":38066,"comment_status":"open","ping_status":"closed","template":"","meta":{"ocean_post_layout":"","ocean_both_sidebars_style":"","ocean_both_sidebars_content_width":0,"ocean_both_sidebars_sidebars_width":0,"ocean_sidebar":"0","ocean_second_sidebar":"0","ocean_disable_margins":"enable","ocean_add_body_class":"","ocean_shortcode_before_top_bar":"","ocean_shortcode_after_top_bar":"","ocean_shortcode_before_header":"","ocean_shortcode_after_header":"","ocean_has_shortcode":"","ocean_shortcode_after_title":"","ocean_shortcode_before_footer_widgets":"","ocean_shortcode_after_footer_widgets":"","ocean_shortcode_before_footer_bottom":"","ocean_shortcode_after_footer_bottom":"","ocean_display_top_bar":"default","ocean_display_header":"default","ocean_header_style":"","ocean_center_header_left_menu":"0","ocean_custom_header_template":"0","ocean_custom_logo":0,"ocean_custom_retina_logo":0,"ocean_custom_logo_max_width":0,"ocean_custom_logo_tablet_max_width":0,"ocean_custom_logo_mobile_max_width":0,"ocean_custom_logo_max_height":0,"ocean_custom_logo_tablet_max_height":0,"ocean_custom_logo_mobile_max_height":0,"ocean_header_custom_menu":"0","ocean_menu_typo_font_family":"0","ocean_menu_typo_font_subset":"","ocean_menu_typo_font_size":0,"ocean_menu_typo_font_size_tablet":0,"ocean_menu_typo_font_size_mobile":0,"ocean_menu_typo_font_size_unit":"px","ocean_menu_typo_font_weight":"","ocean_menu_typo_font_weight_tablet":"","ocean_menu_typo_font_weight_mobile":"","ocean_menu_typo_transform":"","ocean_menu_typo_transform_tablet":"","ocean_menu_typo_transform_mobile":"","ocean_menu_typo_line_height":0,"ocean_menu_typo_line_height_tablet":0,"ocean_menu_typo_line_height_mobile":0,"ocean_menu_typo_line_height_unit":"","ocean_menu_typo_spacing":0,"ocean_menu_typo_spacing_tablet":0,"ocean_menu_typo_spacing_mobile":0,"ocean_menu_typo_spacing_unit":"","ocean_menu_link_color":"","ocean_menu_link_color_hover":"","ocean_menu_link_color_active":"","ocean_menu_link_background":"","ocean_menu_link_hover_background":"","ocean_menu_link_active_background":"","ocean_menu_social_links_bg":"","ocean_menu_social_hover_links_bg":"","ocean_menu_social_links_color":"","ocean_menu_social_hover_links_color":"","ocean_disable_title":"default","ocean_disable_heading":"default","ocean_post_title":"","ocean_post_subheading":"","ocean_post_title_style":"","ocean_post_title_background_color":"","ocean_post_title_background":0,"ocean_post_title_bg_image_position":"","ocean_post_title_bg_image_attachment":"","ocean_post_title_bg_image_repeat":"","ocean_post_title_bg_image_size":"","ocean_post_title_height":0,"ocean_post_title_bg_overlay":0.5,"ocean_post_title_bg_overlay_color":"","ocean_disable_breadcrumbs":"default","ocean_breadcrumbs_color":"","ocean_breadcrumbs_separator_color":"","ocean_breadcrumbs_links_color":"","ocean_breadcrumbs_links_hover_color":"","ocean_display_footer_widgets":"default","ocean_display_footer_bottom":"default","ocean_custom_footer_template":"0","osh_disable_topbar_sticky":"default","osh_disable_header_sticky":"default","osh_sticky_header_style":"default","osh_sticky_header_effect":"","osh_custom_sticky_logo":0,"osh_custom_retina_sticky_logo":0,"osh_custom_sticky_logo_height":0,"osh_background_color":"","osh_links_color":"","osh_links_hover_color":"","osh_links_active_color":"","osh_links_bg_color":"","osh_links_hover_bg_color":"","osh_links_active_bg_color":"","osh_menu_social_links_color":"","osh_menu_social_hover_links_color":""},"product_brand":[],"product_cat":[7011,6987,7008],"product_tag":[],"class_list":{"0":"post-38065","1":"product","2":"type-product","3":"status-publish","4":"has-post-thumbnail","6":"product_cat-pijama-nacimiento","7":"product_cat-pijama-nacimiento-nina","8":"product_cat-pijama-nacimiento-nino","10":"entry","11":"has-media","13":"first","14":"instock","15":"taxable","16":"shipping-taxable","17":"purchasable","18":"product-type-variable","19":"has-default-attributes","20":"col","21":"span_1_of_3","22":"owp-content-center","23":"owp-thumbs-layout-vertical","24":"owp-btn-big","25":"owp-tabs-layout-vertical","26":"circle-sale"},"yoast_head":"<!-- This site is optimized with the Yoast SEO plugin v27.1.1 - https:\/\/yoast.com\/product\/yoast-seo-wordpress\/ -->\n<title>Pijama de reci\u00e9n nacido cruzado de algod\u00f3n org\u00e1nico - Crema - Voyage de la Baleine<\/title>\n<meta name=\"description\" content=\"Nuestro pijama de reci\u00e9n nacido cruzado de algod\u00f3n org\u00e1nico crema est\u00e1 dise\u00f1ado para ofrecer al beb\u00e9 suavidad y comodidad desde los primeros d\u00edas. Fabricado en Espa\u00f1a.\" \/>\n<meta name=\"robots\" content=\"index, follow, max-snippet:-1, max-image-preview:large, max-video-preview:-1\" \/>\n<link rel=\"canonical\" href=\"https:\/\/voyagedelabaleine.fr\/es\/producto\/pijama-de-recien-nacido-cruzado-de-algodon-organico-crema\/\" \/>\n<meta property=\"og:locale\" content=\"es_ES\" \/>\n<meta property=\"og:type\" content=\"article\" \/>\n<meta property=\"og:title\" content=\"Pijama de reci\u00e9n nacido cruzado de algod\u00f3n org\u00e1nico - Crema - Voyage de la Baleine\" \/>\n<meta property=\"og:description\" content=\"Nuestro pijama de reci\u00e9n nacido cruzado de algod\u00f3n org\u00e1nico crema est\u00e1 dise\u00f1ado para ofrecer al beb\u00e9 suavidad y comodidad desde los primeros d\u00edas. Fabricado en Espa\u00f1a.\" \/>\n<meta property=\"og:url\" content=\"https:\/\/voyagedelabaleine.fr\/es\/producto\/pijama-de-recien-nacido-cruzado-de-algodon-organico-crema\/\" \/>\n<meta property=\"og:site_name\" content=\"Voyage de la Baleine\" \/>\n<meta property=\"article:publisher\" content=\"https:\/\/www.facebook.com\/voyagedelabaleine\/\" \/>\n<meta property=\"og:image\" content=\"https:\/\/voyagedelabaleine.fr\/wp-content\/uploads\/2026\/02\/pyjama-naissance-croise-coton-bio-creme.jpg\" \/>\n\t<meta property=\"og:image:width\" content=\"842\" \/>\n\t<meta property=\"og:image:height\" content=\"1122\" \/>\n\t<meta property=\"og:image:type\" content=\"image\/jpeg\" \/>\n<meta name=\"twitter:card\" content=\"summary_large_image\" \/>\n<meta name=\"twitter:label1\" content=\"Tiempo de lectura\" \/>\n\t<meta name=\"twitter:data1\" content=\"2 minuto\" \/>\n<script type=\"application\/ld+json\" class=\"yoast-schema-graph\">{\"@context\":\"https:\/\/schema.org\",\"@graph\":[{\"@type\":\"WebPage\",\"@id\":\"https:\/\/voyagedelabaleine.fr\/es\/producto\/pijama-de-recien-nacido-cruzado-de-algodon-organico-crema\/\",\"url\":\"https:\/\/voyagedelabaleine.fr\/es\/producto\/pijama-de-recien-nacido-cruzado-de-algodon-organico-crema\/\",\"name\":\"Pijama de reci\u00e9n nacido cruzado de algod\u00f3n org\u00e1nico - Crema - Voyage de la Baleine\",\"isPartOf\":{\"@id\":\"https:\/\/voyagedelabaleine.fr\/es\/#website\"},\"primaryImageOfPage\":{\"@id\":\"https:\/\/voyagedelabaleine.fr\/es\/producto\/pijama-de-recien-nacido-cruzado-de-algodon-organico-crema\/#primaryimage\"},\"image\":{\"@id\":\"https:\/\/voyagedelabaleine.fr\/es\/producto\/pijama-de-recien-nacido-cruzado-de-algodon-organico-crema\/#primaryimage\"},\"thumbnailUrl\":\"https:\/\/voyagedelabaleine.fr\/wp-content\/uploads\/2026\/02\/pyjama-naissance-croise-coton-bio-creme.jpg\",\"datePublished\":\"2026-02-04T10:49:51+00:00\",\"description\":\"Nuestro pijama de reci\u00e9n nacido cruzado de algod\u00f3n org\u00e1nico crema est\u00e1 dise\u00f1ado para ofrecer al beb\u00e9 suavidad y comodidad desde los primeros d\u00edas. Fabricado en Espa\u00f1a.\",\"breadcrumb\":{\"@id\":\"https:\/\/voyagedelabaleine.fr\/es\/producto\/pijama-de-recien-nacido-cruzado-de-algodon-organico-crema\/#breadcrumb\"},\"inLanguage\":\"es\",\"potentialAction\":[{\"@type\":\"ReadAction\",\"target\":[\"https:\/\/voyagedelabaleine.fr\/es\/producto\/pijama-de-recien-nacido-cruzado-de-algodon-organico-crema\/\"]}]},{\"@type\":\"ImageObject\",\"inLanguage\":\"es\",\"@id\":\"https:\/\/voyagedelabaleine.fr\/es\/producto\/pijama-de-recien-nacido-cruzado-de-algodon-organico-crema\/#primaryimage\",\"url\":\"https:\/\/voyagedelabaleine.fr\/wp-content\/uploads\/2026\/02\/pyjama-naissance-croise-coton-bio-creme.jpg\",\"contentUrl\":\"https:\/\/voyagedelabaleine.fr\/wp-content\/uploads\/2026\/02\/pyjama-naissance-croise-coton-bio-creme.jpg\",\"width\":842,\"height\":1122,\"caption\":\"Pijama de nacimiento cruzado por delante en algod\u00f3n org\u00e1nico color crema\"},{\"@type\":\"BreadcrumbList\",\"@id\":\"https:\/\/voyagedelabaleine.fr\/es\/producto\/pijama-de-recien-nacido-cruzado-de-algodon-organico-crema\/#breadcrumb\",\"itemListElement\":[{\"@type\":\"ListItem\",\"position\":1,\"name\":\"Accueil\",\"item\":\"https:\/\/voyagedelabaleine.fr\/es\/inicio\/\"},{\"@type\":\"ListItem\",\"position\":2,\"name\":\"Tienda\",\"item\":\"https:\/\/voyagedelabaleine.fr\/es\/tienda\/\"},{\"@type\":\"ListItem\",\"position\":3,\"name\":\"Pijama de reci\u00e9n nacido cruzado de algod\u00f3n org\u00e1nico &#8211; Crema\"}]},{\"@type\":\"WebSite\",\"@id\":\"https:\/\/voyagedelabaleine.fr\/es\/#website\",\"url\":\"https:\/\/voyagedelabaleine.fr\/es\/\",\"name\":\"Voyage de la Baleine\",\"description\":\"V\u00eatements intemporels et raffin\u00e9s pour b\u00e9b\u00e9s et enfants\",\"publisher\":{\"@id\":\"https:\/\/voyagedelabaleine.fr\/es\/#organization\"},\"potentialAction\":[{\"@type\":\"SearchAction\",\"target\":{\"@type\":\"EntryPoint\",\"urlTemplate\":\"https:\/\/voyagedelabaleine.fr\/es\/?s={search_term_string}\"},\"query-input\":{\"@type\":\"PropertyValueSpecification\",\"valueRequired\":true,\"valueName\":\"search_term_string\"}}],\"inLanguage\":\"es\"},{\"@type\":\"Organization\",\"@id\":\"https:\/\/voyagedelabaleine.fr\/es\/#organization\",\"name\":\"Voyage de la Baleine\",\"url\":\"https:\/\/voyagedelabaleine.fr\/es\/\",\"logo\":{\"@type\":\"ImageObject\",\"inLanguage\":\"es\",\"@id\":\"https:\/\/voyagedelabaleine.fr\/es\/#\/schema\/logo\/image\/\",\"url\":\"https:\/\/voyagedelabaleine.fr\/wp-content\/uploads\/2025\/06\/logo.webp\",\"contentUrl\":\"https:\/\/voyagedelabaleine.fr\/wp-content\/uploads\/2025\/06\/logo.webp\",\"width\":153,\"height\":64,\"caption\":\"Voyage de la Baleine\"},\"image\":{\"@id\":\"https:\/\/voyagedelabaleine.fr\/es\/#\/schema\/logo\/image\/\"},\"sameAs\":[\"https:\/\/www.facebook.com\/voyagedelabaleine\/\",\"https:\/\/www.instagram.com\/voyagedelabaleine\/\",\"https:\/\/www.pinterest.fr\/Voyagedelabaleine\/\"]}]}<\/script>\n<!-- \/ Yoast SEO plugin. -->","yoast_head_json":{"title":"Pijama de reci\u00e9n nacido cruzado de algod\u00f3n org\u00e1nico - Crema - Voyage de la Baleine","description":"Nuestro pijama de reci\u00e9n nacido cruzado de algod\u00f3n org\u00e1nico crema est\u00e1 dise\u00f1ado para ofrecer al beb\u00e9 suavidad y comodidad desde los primeros d\u00edas. Fabricado en Espa\u00f1a.","robots":{"index":"index","follow":"follow","max-snippet":"max-snippet:-1","max-image-preview":"max-image-preview:large","max-video-preview":"max-video-preview:-1"},"canonical":"https:\/\/voyagedelabaleine.fr\/es\/producto\/pijama-de-recien-nacido-cruzado-de-algodon-organico-crema\/","og_locale":"es_ES","og_type":"article","og_title":"Pijama de reci\u00e9n nacido cruzado de algod\u00f3n org\u00e1nico - Crema - Voyage de la Baleine","og_description":"Nuestro pijama de reci\u00e9n nacido cruzado de algod\u00f3n org\u00e1nico crema est\u00e1 dise\u00f1ado para ofrecer al beb\u00e9 suavidad y comodidad desde los primeros d\u00edas. Fabricado en Espa\u00f1a.","og_url":"https:\/\/voyagedelabaleine.fr\/es\/producto\/pijama-de-recien-nacido-cruzado-de-algodon-organico-crema\/","og_site_name":"Voyage de la Baleine","article_publisher":"https:\/\/www.facebook.com\/voyagedelabaleine\/","og_image":[{"width":842,"height":1122,"url":"https:\/\/voyagedelabaleine.fr\/wp-content\/uploads\/2026\/02\/pyjama-naissance-croise-coton-bio-creme.jpg","type":"image\/jpeg"}],"twitter_card":"summary_large_image","twitter_misc":{"Tiempo de lectura":"2 minuto"},"schema":{"@context":"https:\/\/schema.org","@graph":[{"@type":"WebPage","@id":"https:\/\/voyagedelabaleine.fr\/es\/producto\/pijama-de-recien-nacido-cruzado-de-algodon-organico-crema\/","url":"https:\/\/voyagedelabaleine.fr\/es\/producto\/pijama-de-recien-nacido-cruzado-de-algodon-organico-crema\/","name":"Pijama de reci\u00e9n nacido cruzado de algod\u00f3n org\u00e1nico - Crema - Voyage de la Baleine","isPartOf":{"@id":"https:\/\/voyagedelabaleine.fr\/es\/#website"},"primaryImageOfPage":{"@id":"https:\/\/voyagedelabaleine.fr\/es\/producto\/pijama-de-recien-nacido-cruzado-de-algodon-organico-crema\/#primaryimage"},"image":{"@id":"https:\/\/voyagedelabaleine.fr\/es\/producto\/pijama-de-recien-nacido-cruzado-de-algodon-organico-crema\/#primaryimage"},"thumbnailUrl":"https:\/\/voyagedelabaleine.fr\/wp-content\/uploads\/2026\/02\/pyjama-naissance-croise-coton-bio-creme.jpg","datePublished":"2026-02-04T10:49:51+00:00","description":"Nuestro pijama de reci\u00e9n nacido cruzado de algod\u00f3n org\u00e1nico crema est\u00e1 dise\u00f1ado para ofrecer al beb\u00e9 suavidad y comodidad desde los primeros d\u00edas. Fabricado en Espa\u00f1a.","breadcrumb":{"@id":"https:\/\/voyagedelabaleine.fr\/es\/producto\/pijama-de-recien-nacido-cruzado-de-algodon-organico-crema\/#breadcrumb"},"inLanguage":"es","potentialAction":[{"@type":"ReadAction","target":["https:\/\/voyagedelabaleine.fr\/es\/producto\/pijama-de-recien-nacido-cruzado-de-algodon-organico-crema\/"]}]},{"@type":"ImageObject","inLanguage":"es","@id":"https:\/\/voyagedelabaleine.fr\/es\/producto\/pijama-de-recien-nacido-cruzado-de-algodon-organico-crema\/#primaryimage","url":"https:\/\/voyagedelabaleine.fr\/wp-content\/uploads\/2026\/02\/pyjama-naissance-croise-coton-bio-creme.jpg","contentUrl":"https:\/\/voyagedelabaleine.fr\/wp-content\/uploads\/2026\/02\/pyjama-naissance-croise-coton-bio-creme.jpg","width":842,"height":1122,"caption":"Pijama de nacimiento cruzado por delante en algod\u00f3n org\u00e1nico color crema"},{"@type":"BreadcrumbList","@id":"https:\/\/voyagedelabaleine.fr\/es\/producto\/pijama-de-recien-nacido-cruzado-de-algodon-organico-crema\/#breadcrumb","itemListElement":[{"@type":"ListItem","position":1,"name":"Accueil","item":"https:\/\/voyagedelabaleine.fr\/es\/inicio\/"},{"@type":"ListItem","position":2,"name":"Tienda","item":"https:\/\/voyagedelabaleine.fr\/es\/tienda\/"},{"@type":"ListItem","position":3,"name":"Pijama de reci\u00e9n nacido cruzado de algod\u00f3n org\u00e1nico &#8211; Crema"}]},{"@type":"WebSite","@id":"https:\/\/voyagedelabaleine.fr\/es\/#website","url":"https:\/\/voyagedelabaleine.fr\/es\/","name":"Voyage de la Baleine","description":"V\u00eatements intemporels et raffin\u00e9s pour b\u00e9b\u00e9s et enfants","publisher":{"@id":"https:\/\/voyagedelabaleine.fr\/es\/#organization"},"potentialAction":[{"@type":"SearchAction","target":{"@type":"EntryPoint","urlTemplate":"https:\/\/voyagedelabaleine.fr\/es\/?s={search_term_string}"},"query-input":{"@type":"PropertyValueSpecification","valueRequired":true,"valueName":"search_term_string"}}],"inLanguage":"es"},{"@type":"Organization","@id":"https:\/\/voyagedelabaleine.fr\/es\/#organization","name":"Voyage de la Baleine","url":"https:\/\/voyagedelabaleine.fr\/es\/","logo":{"@type":"ImageObject","inLanguage":"es","@id":"https:\/\/voyagedelabaleine.fr\/es\/#\/schema\/logo\/image\/","url":"https:\/\/voyagedelabaleine.fr\/wp-content\/uploads\/2025\/06\/logo.webp","contentUrl":"https:\/\/voyagedelabaleine.fr\/wp-content\/uploads\/2025\/06\/logo.webp","width":153,"height":64,"caption":"Voyage de la Baleine"},"image":{"@id":"https:\/\/voyagedelabaleine.fr\/es\/#\/schema\/logo\/image\/"},"sameAs":["https:\/\/www.facebook.com\/voyagedelabaleine\/","https:\/\/www.instagram.com\/voyagedelabaleine\/","https:\/\/www.pinterest.fr\/Voyagedelabaleine\/"]}]}},"_links":{"self":[{"href":"https:\/\/voyagedelabaleine.fr\/es\/wp-json\/wp\/v2\/product\/38065","targetHints":{"allow":["GET"]}}],"collection":[{"href":"https:\/\/voyagedelabaleine.fr\/es\/wp-json\/wp\/v2\/product"}],"about":[{"href":"https:\/\/voyagedelabaleine.fr\/es\/wp-json\/wp\/v2\/types\/product"}],"replies":[{"embeddable":true,"href":"https:\/\/voyagedelabaleine.fr\/es\/wp-json\/wp\/v2\/comments?post=38065"}],"wp:featuredmedia":[{"embeddable":true,"href":"https:\/\/voyagedelabaleine.fr\/es\/wp-json\/wp\/v2\/media\/38066"}],"wp:attachment":[{"href":"https:\/\/voyagedelabaleine.fr\/es\/wp-json\/wp\/v2\/media?parent=38065"}],"wp:term":[{"taxonomy":"product_brand","embeddable":true,"href":"https:\/\/voyagedelabaleine.fr\/es\/wp-json\/wp\/v2\/product_brand?post=38065"},{"taxonomy":"product_cat","embeddable":true,"href":"https:\/\/voyagedelabaleine.fr\/es\/wp-json\/wp\/v2\/product_cat?post=38065"},{"taxonomy":"product_tag","embeddable":true,"href":"https:\/\/voyagedelabaleine.fr\/es\/wp-json\/wp\/v2\/product_tag?post=38065"}],"curies":[{"name":"wp","href":"https:\/\/api.w.org\/{rel}","templated":true}]}}