{"id":40028,"date":"2026-02-20T13:15:00","date_gmt":"2026-02-20T12:15:00","guid":{"rendered":"https:\/\/voyagedelabaleine.fr\/product\/conjunto-bebe-blusa-con-nidos-de-abeja-y-braguita-a-rayas-turquesa\/"},"modified":"2026-02-20T13:15:00","modified_gmt":"2026-02-20T12:15:00","slug":"conjunto-bebe-blusa-con-nidos-de-abeja-y-braguita-a-rayas-turquesa","status":"publish","type":"product","link":"https:\/\/voyagedelabaleine.fr\/es\/producto\/conjunto-bebe-blusa-con-nidos-de-abeja-y-braguita-a-rayas-turquesa\/","title":{"rendered":"Conjunto beb\u00e9 blusa con nidos de abeja y braguita a rayas &#8211; Turquesa"},"content":{"rendered":"<div class=\"flex flex-col text-sm\">\n<article class=\"text-token-text-primary w-full focus:outline-none [--shadow-height:45px] has-data-writing-block:pointer-events-none has-data-writing-block:-mt-(--shadow-height) has-data-writing-block:pt-(--shadow-height) [&amp;:has([data-writing-block])&gt;*]:pointer-events-auto scroll-mt-[calc(var(--header-height)+min(200px,max(70px,20svh)))]\" dir=\"auto\" tabindex=\"-1\" data-turn-id=\"request-6970f0b2-bcb4-8329-8c33-a634cee04d04-38\" data-testid=\"conversation-turn-184\" data-scroll-anchor=\"true\" data-turn=\"assistant\">\n<div class=\"text-base my-auto mx-auto pb-10 [--thread-content-margin:--spacing(4)] @w-sm\/main:[--thread-content-margin:--spacing(6)] @w-lg\/main:[--thread-content-margin:--spacing(16)] px-(--thread-content-margin)\">\n<div class=\"[--thread-content-max-width:40rem] @w-lg\/main:[--thread-content-max-width:48rem] mx-auto max-w-(--thread-content-max-width) flex-1 group\/turn-messages focus-visible:outline-hidden relative flex w-full min-w-0 flex-col agent-turn\" tabindex=\"-1\">\n<div class=\"flex max-w-full flex-col grow\">\n<div class=\"min-h-8 text-message relative flex w-full flex-col items-end gap-2 text-start break-words whitespace-normal [.text-message+&amp;]:mt-1\" dir=\"auto\" data-message-author-role=\"assistant\" data-message-id=\"1e375692-7ae6-4649-ad88-973245346859\" data-message-model-slug=\"gpt-5-2\">\n<div class=\"flex w-full flex-col gap-1 empty:hidden first:pt-[1px]\">\n<div class=\"markdown prose dark:prose-invert w-full wrap-break-word light markdown-new-styling\">\n<h3 data-section-id=\"1q84yet\" data-start=\"62\" data-end=\"114\">Un conjunto beb\u00e9 turquesa luminoso y delicado<\/h3>\n<p data-start=\"116\" data-end=\"372\">Nuestro <strong data-start=\"122\" data-end=\"183\">conjunto beb\u00e9 blusa con nidos de abeja y braguita a rayas \u2013 turquesa<\/strong> seduce por su equilibrio perfecto entre suavidad y frescura. El contraste del blanco luminoso y las rayas turquesa aporta una nota estival conservando una elegancia atemporal. <\/p>\n<p data-start=\"374\" data-end=\"623\">La blusa blanca de cuello redondo, asociada a su braguita a rayas blancas y turquesa, compone un conjunto armonioso y refinado. Pensado para los d\u00edas de buen tiempo, este conjunto beb\u00e9 turquesa es ideal tanto para momentos cotidianos como para ocasiones especiales. <\/p>\n<h3 data-section-id=\"i5bt5y\" data-start=\"625\" data-end=\"673\">Una blusa blanca con nidos de abeja azul turquesa<\/h3>\n<p data-start=\"675\" data-end=\"920\">La blusa blanca se realza con nidos de abeja azul turquesa delicadamente realizados en la parte delantera. Este detalle aporta relieve y car\u00e1cter manteni\u00e9ndose delicado. Los nidos de abeja hacen eco a las rayas de la braguita, creando una coherencia visual elegante.  <\/p>\n<p data-start=\"922\" data-end=\"1138\">El cuello redondo subraya la suavidad de la silueta y enmarca con delicadeza el rostro del beb\u00e9. La blusa se cierra con una tapeta abotonada en la espalda, facilitando el vestido y preservando una l\u00ednea depurada en la parte delantera. <\/p>\n<h3 data-section-id=\"1gpopmh\" data-start=\"1140\" data-end=\"1192\">Una braguita a rayas blanca y turquesa c\u00f3moda<\/h3>\n<p data-start=\"1194\" data-end=\"1410\">La braguita a juego presenta finas rayas blancas y turquesa, perfectamente coordinadas con los nidos de abeja de la blusa. Su cintura el\u00e1stica asegura una sujeci\u00f3n c\u00f3moda y se adapta naturalmente a los movimientos del beb\u00e9. <\/p>\n<p data-start=\"1412\" data-end=\"1615\">Confeccionada en <strong data-start=\"1428\" data-end=\"1443\">100 % algod\u00f3n<\/strong>, como la blusa, ofrece suavidad y transpirabilidad. Ligera y agradable de llevar, acompa\u00f1a al beb\u00e9 durante los d\u00edas soleados, tanto en casa como en un paseo. <\/p>\n<h3 data-section-id=\"unjeyo\" data-start=\"1617\" data-end=\"1656\">Una fabricaci\u00f3n espa\u00f1ola cuidada<\/h3>\n<p data-start=\"1658\" data-end=\"1883\">Fabricado en Espa\u00f1a, nuestro conjunto beb\u00e9 con nidos de abeja turquesa se beneficia de un saber hacer reconocido y de acabados esmerados. Las rayas est\u00e1n cuidadosamente alineadas, los nidos de abeja delicadamente trabajados y las costuras precisas. <\/p>\n<p data-start=\"1885\" data-end=\"2113\" data-is-last-node=\"\" data-is-only-node=\"\"><em>Elegir este conjunto blusa con nidos de abeja y braguita a rayas turquesa es optar por un conjunto luminoso, c\u00f3modo y elegante. Una pieza refinada del vestuario beb\u00e9, fiel al esp\u00edritu atemporal y cuidado de Voyage de la Baleine. <\/em><\/p>\n<\/div>\n<\/div>\n<\/div>\n<\/div>\n<div class=\"z-0 flex min-h-[46px] justify-start\">Fabricado en Espa\u00f1a.<\/div>\n<\/div>\n<\/div>\n<\/article>\n<\/div>\n<div class=\"pointer-events-none h-px w-px absolute bottom-0\" aria-hidden=\"true\" data-edge=\"true\"><\/div>\n","protected":false},"excerpt":{"rendered":"<ul>\n<li>Conjunto de blusa con smocks y bloomer<\/li>\n<li>Ideal para un regalo de nacimiento<\/li>\n<li>100% algod\u00f3n<\/li>\n<li>Fabricado en Espa\u00f1a<br \/>\n<em>Este conjunto tiene un tallaje normal. Elija la talla habitual.<\/em><\/li>\n<\/ul>\n","protected":false},"featured_media":39571,"comment_status":"open","ping_status":"closed","template":"","meta":{"ocean_post_layout":"","ocean_both_sidebars_style":"","ocean_both_sidebars_content_width":0,"ocean_both_sidebars_sidebars_width":0,"ocean_sidebar":"0","ocean_second_sidebar":"0","ocean_disable_margins":"enable","ocean_add_body_class":"","ocean_shortcode_before_top_bar":"","ocean_shortcode_after_top_bar":"","ocean_shortcode_before_header":"","ocean_shortcode_after_header":"","ocean_has_shortcode":"","ocean_shortcode_after_title":"","ocean_shortcode_before_footer_widgets":"","ocean_shortcode_after_footer_widgets":"","ocean_shortcode_before_footer_bottom":"","ocean_shortcode_after_footer_bottom":"","ocean_display_top_bar":"default","ocean_display_header":"default","ocean_header_style":"","ocean_center_header_left_menu":"0","ocean_custom_header_template":"0","ocean_custom_logo":0,"ocean_custom_retina_logo":0,"ocean_custom_logo_max_width":0,"ocean_custom_logo_tablet_max_width":0,"ocean_custom_logo_mobile_max_width":0,"ocean_custom_logo_max_height":0,"ocean_custom_logo_tablet_max_height":0,"ocean_custom_logo_mobile_max_height":0,"ocean_header_custom_menu":"0","ocean_menu_typo_font_family":"0","ocean_menu_typo_font_subset":"","ocean_menu_typo_font_size":0,"ocean_menu_typo_font_size_tablet":0,"ocean_menu_typo_font_size_mobile":0,"ocean_menu_typo_font_size_unit":"px","ocean_menu_typo_font_weight":"","ocean_menu_typo_font_weight_tablet":"","ocean_menu_typo_font_weight_mobile":"","ocean_menu_typo_transform":"","ocean_menu_typo_transform_tablet":"","ocean_menu_typo_transform_mobile":"","ocean_menu_typo_line_height":0,"ocean_menu_typo_line_height_tablet":0,"ocean_menu_typo_line_height_mobile":0,"ocean_menu_typo_line_height_unit":"","ocean_menu_typo_spacing":0,"ocean_menu_typo_spacing_tablet":0,"ocean_menu_typo_spacing_mobile":0,"ocean_menu_typo_spacing_unit":"","ocean_menu_link_color":"","ocean_menu_link_color_hover":"","ocean_menu_link_color_active":"","ocean_menu_link_background":"","ocean_menu_link_hover_background":"","ocean_menu_link_active_background":"","ocean_menu_social_links_bg":"","ocean_menu_social_hover_links_bg":"","ocean_menu_social_links_color":"","ocean_menu_social_hover_links_color":"","ocean_disable_title":"default","ocean_disable_heading":"default","ocean_post_title":"","ocean_post_subheading":"","ocean_post_title_style":"","ocean_post_title_background_color":"","ocean_post_title_background":0,"ocean_post_title_bg_image_position":"","ocean_post_title_bg_image_attachment":"","ocean_post_title_bg_image_repeat":"","ocean_post_title_bg_image_size":"","ocean_post_title_height":0,"ocean_post_title_bg_overlay":0.5,"ocean_post_title_bg_overlay_color":"","ocean_disable_breadcrumbs":"default","ocean_breadcrumbs_color":"","ocean_breadcrumbs_separator_color":"","ocean_breadcrumbs_links_color":"","ocean_breadcrumbs_links_hover_color":"","ocean_display_footer_widgets":"default","ocean_display_footer_bottom":"default","ocean_custom_footer_template":"0","osh_disable_topbar_sticky":"default","osh_disable_header_sticky":"default","osh_sticky_header_style":"default","osh_sticky_header_effect":"","osh_custom_sticky_logo":0,"osh_custom_retina_sticky_logo":0,"osh_custom_sticky_logo_height":0,"osh_background_color":"","osh_links_color":"","osh_links_hover_color":"","osh_links_active_color":"","osh_links_bg_color":"","osh_links_hover_bg_color":"","osh_links_active_bg_color":"","osh_menu_social_links_color":"","osh_menu_social_hover_links_color":""},"product_brand":[],"product_cat":[7017,6997,6877,6849,7019,7005,6879,6857,7015,6995,6875,6847,7031],"product_tag":[],"class_list":{"0":"post-40028","1":"product","2":"type-product","3":"status-publish","4":"has-post-thumbnail","6":"product_cat-blusa-camiseta-nacimiento","7":"product_cat-blusa-camiseta-nacimiento-nino","8":"product_cat-blusa-camiseta-bebe","9":"product_cat-blusa-camiseta-bebe-nino","10":"product_cat-conjuntos-nacimiento","11":"product_cat-conjuntos-nacimiento-nino","12":"product_cat-conjuntos-bebe","13":"product_cat-conjuntos-bebe-nino","14":"product_cat-pololo-short-pantalon-nacimiento","15":"product_cat-pololo-short-pantalon-nacimiento-nino","16":"product_cat-pololo-short-y-pantalon-bebe","17":"product_cat-pololo-short-pantalon-bebe-nino","18":"product_cat-ropa","20":"entry","21":"has-media","23":"first","24":"instock","25":"taxable","26":"shipping-taxable","27":"purchasable","28":"product-type-variable","29":"has-default-attributes","30":"col","31":"span_1_of_3","32":"owp-content-center","33":"owp-thumbs-layout-vertical","34":"owp-btn-big","35":"owp-tabs-layout-vertical","36":"circle-sale"},"yoast_head":"<!-- This site is optimized with the Yoast SEO plugin v27.1.1 - https:\/\/yoast.com\/product\/yoast-seo-wordpress\/ -->\n<title>Conjunto beb\u00e9 blusa con nidos de abeja y braguita a rayas - Turquesa - Voyage de la Baleine<\/title>\n<meta name=\"description\" content=\"Nuestro conjunto beb\u00e9 blusa con nidos de abeja y braguita a rayas \u2013 turquesa seduce por su equilibrio perfecto entre suavidad y frescura.\" \/>\n<meta name=\"robots\" content=\"index, follow, max-snippet:-1, max-image-preview:large, max-video-preview:-1\" \/>\n<link rel=\"canonical\" href=\"https:\/\/voyagedelabaleine.fr\/es\/producto\/conjunto-bebe-blusa-con-nidos-de-abeja-y-braguita-a-rayas-turquesa\/\" \/>\n<meta property=\"og:locale\" content=\"es_ES\" \/>\n<meta property=\"og:type\" content=\"article\" \/>\n<meta property=\"og:title\" content=\"Conjunto beb\u00e9 blusa con nidos de abeja y braguita a rayas - Turquesa - Voyage de la Baleine\" \/>\n<meta property=\"og:description\" content=\"Nuestro conjunto beb\u00e9 blusa con nidos de abeja y braguita a rayas \u2013 turquesa seduce por su equilibrio perfecto entre suavidad y frescura.\" \/>\n<meta property=\"og:url\" content=\"https:\/\/voyagedelabaleine.fr\/es\/producto\/conjunto-bebe-blusa-con-nidos-de-abeja-y-braguita-a-rayas-turquesa\/\" \/>\n<meta property=\"og:site_name\" content=\"Voyage de la Baleine\" \/>\n<meta property=\"article:publisher\" content=\"https:\/\/www.facebook.com\/voyagedelabaleine\/\" \/>\n<meta property=\"og:image\" content=\"https:\/\/voyagedelabaleine.fr\/wp-content\/uploads\/2026\/02\/ensemble-bloomer-turquoise-blouse-smocks-1.jpg\" \/>\n\t<meta property=\"og:image:width\" content=\"1300\" \/>\n\t<meta property=\"og:image:height\" content=\"1734\" \/>\n\t<meta property=\"og:image:type\" content=\"image\/jpeg\" \/>\n<meta name=\"twitter:card\" content=\"summary_large_image\" \/>\n<meta name=\"twitter:label1\" content=\"Tiempo de lectura\" \/>\n\t<meta name=\"twitter:data1\" content=\"2 minuto\" \/>\n<script type=\"application\/ld+json\" class=\"yoast-schema-graph\">{\"@context\":\"https:\/\/schema.org\",\"@graph\":[{\"@type\":\"WebPage\",\"@id\":\"https:\/\/voyagedelabaleine.fr\/es\/producto\/conjunto-bebe-blusa-con-nidos-de-abeja-y-braguita-a-rayas-turquesa\/\",\"url\":\"https:\/\/voyagedelabaleine.fr\/es\/producto\/conjunto-bebe-blusa-con-nidos-de-abeja-y-braguita-a-rayas-turquesa\/\",\"name\":\"Conjunto beb\u00e9 blusa con nidos de abeja y braguita a rayas - Turquesa - Voyage de la Baleine\",\"isPartOf\":{\"@id\":\"https:\/\/voyagedelabaleine.fr\/es\/#website\"},\"primaryImageOfPage\":{\"@id\":\"https:\/\/voyagedelabaleine.fr\/es\/producto\/conjunto-bebe-blusa-con-nidos-de-abeja-y-braguita-a-rayas-turquesa\/#primaryimage\"},\"image\":{\"@id\":\"https:\/\/voyagedelabaleine.fr\/es\/producto\/conjunto-bebe-blusa-con-nidos-de-abeja-y-braguita-a-rayas-turquesa\/#primaryimage\"},\"thumbnailUrl\":\"https:\/\/voyagedelabaleine.fr\/wp-content\/uploads\/2026\/02\/ensemble-bloomer-turquoise-blouse-smocks-1.jpg\",\"datePublished\":\"2026-02-20T12:15:00+00:00\",\"description\":\"Nuestro conjunto beb\u00e9 blusa con nidos de abeja y braguita a rayas \u2013 turquesa seduce por su equilibrio perfecto entre suavidad y frescura.\",\"breadcrumb\":{\"@id\":\"https:\/\/voyagedelabaleine.fr\/es\/producto\/conjunto-bebe-blusa-con-nidos-de-abeja-y-braguita-a-rayas-turquesa\/#breadcrumb\"},\"inLanguage\":\"es\",\"potentialAction\":[{\"@type\":\"ReadAction\",\"target\":[\"https:\/\/voyagedelabaleine.fr\/es\/producto\/conjunto-bebe-blusa-con-nidos-de-abeja-y-braguita-a-rayas-turquesa\/\"]}]},{\"@type\":\"ImageObject\",\"inLanguage\":\"es\",\"@id\":\"https:\/\/voyagedelabaleine.fr\/es\/producto\/conjunto-bebe-blusa-con-nidos-de-abeja-y-braguita-a-rayas-turquesa\/#primaryimage\",\"url\":\"https:\/\/voyagedelabaleine.fr\/wp-content\/uploads\/2026\/02\/ensemble-bloomer-turquoise-blouse-smocks-1.jpg\",\"contentUrl\":\"https:\/\/voyagedelabaleine.fr\/wp-content\/uploads\/2026\/02\/ensemble-bloomer-turquoise-blouse-smocks-1.jpg\",\"width\":1300,\"height\":1734,\"caption\":\"Ensemble b\u00e9b\u00e9 blouse blanche \u00e0 smocks et bloomer ray\u00e9 turquoise et blanc\"},{\"@type\":\"BreadcrumbList\",\"@id\":\"https:\/\/voyagedelabaleine.fr\/es\/producto\/conjunto-bebe-blusa-con-nidos-de-abeja-y-braguita-a-rayas-turquesa\/#breadcrumb\",\"itemListElement\":[{\"@type\":\"ListItem\",\"position\":1,\"name\":\"Accueil\",\"item\":\"https:\/\/voyagedelabaleine.fr\/es\/inicio\/\"},{\"@type\":\"ListItem\",\"position\":2,\"name\":\"Tienda\",\"item\":\"https:\/\/voyagedelabaleine.fr\/es\/tienda\/\"},{\"@type\":\"ListItem\",\"position\":3,\"name\":\"Conjunto beb\u00e9 blusa con nidos de abeja y braguita a rayas &#8211; Turquesa\"}]},{\"@type\":\"WebSite\",\"@id\":\"https:\/\/voyagedelabaleine.fr\/es\/#website\",\"url\":\"https:\/\/voyagedelabaleine.fr\/es\/\",\"name\":\"Voyage de la Baleine\",\"description\":\"V\u00eatements intemporels et raffin\u00e9s pour b\u00e9b\u00e9s et enfants\",\"publisher\":{\"@id\":\"https:\/\/voyagedelabaleine.fr\/es\/#organization\"},\"potentialAction\":[{\"@type\":\"SearchAction\",\"target\":{\"@type\":\"EntryPoint\",\"urlTemplate\":\"https:\/\/voyagedelabaleine.fr\/es\/?s={search_term_string}\"},\"query-input\":{\"@type\":\"PropertyValueSpecification\",\"valueRequired\":true,\"valueName\":\"search_term_string\"}}],\"inLanguage\":\"es\"},{\"@type\":\"Organization\",\"@id\":\"https:\/\/voyagedelabaleine.fr\/es\/#organization\",\"name\":\"Voyage de la Baleine\",\"url\":\"https:\/\/voyagedelabaleine.fr\/es\/\",\"logo\":{\"@type\":\"ImageObject\",\"inLanguage\":\"es\",\"@id\":\"https:\/\/voyagedelabaleine.fr\/es\/#\/schema\/logo\/image\/\",\"url\":\"https:\/\/voyagedelabaleine.fr\/wp-content\/uploads\/2025\/06\/logo.webp\",\"contentUrl\":\"https:\/\/voyagedelabaleine.fr\/wp-content\/uploads\/2025\/06\/logo.webp\",\"width\":153,\"height\":64,\"caption\":\"Voyage de la Baleine\"},\"image\":{\"@id\":\"https:\/\/voyagedelabaleine.fr\/es\/#\/schema\/logo\/image\/\"},\"sameAs\":[\"https:\/\/www.facebook.com\/voyagedelabaleine\/\",\"https:\/\/www.instagram.com\/voyagedelabaleine\/\",\"https:\/\/www.pinterest.fr\/Voyagedelabaleine\/\"]}]}<\/script>\n<!-- \/ Yoast SEO plugin. -->","yoast_head_json":{"title":"Conjunto beb\u00e9 blusa con nidos de abeja y braguita a rayas - Turquesa - Voyage de la Baleine","description":"Nuestro conjunto beb\u00e9 blusa con nidos de abeja y braguita a rayas \u2013 turquesa seduce por su equilibrio perfecto entre suavidad y frescura.","robots":{"index":"index","follow":"follow","max-snippet":"max-snippet:-1","max-image-preview":"max-image-preview:large","max-video-preview":"max-video-preview:-1"},"canonical":"https:\/\/voyagedelabaleine.fr\/es\/producto\/conjunto-bebe-blusa-con-nidos-de-abeja-y-braguita-a-rayas-turquesa\/","og_locale":"es_ES","og_type":"article","og_title":"Conjunto beb\u00e9 blusa con nidos de abeja y braguita a rayas - Turquesa - Voyage de la Baleine","og_description":"Nuestro conjunto beb\u00e9 blusa con nidos de abeja y braguita a rayas \u2013 turquesa seduce por su equilibrio perfecto entre suavidad y frescura.","og_url":"https:\/\/voyagedelabaleine.fr\/es\/producto\/conjunto-bebe-blusa-con-nidos-de-abeja-y-braguita-a-rayas-turquesa\/","og_site_name":"Voyage de la Baleine","article_publisher":"https:\/\/www.facebook.com\/voyagedelabaleine\/","og_image":[{"width":1300,"height":1734,"url":"https:\/\/voyagedelabaleine.fr\/wp-content\/uploads\/2026\/02\/ensemble-bloomer-turquoise-blouse-smocks-1.jpg","type":"image\/jpeg"}],"twitter_card":"summary_large_image","twitter_misc":{"Tiempo de lectura":"2 minuto"},"schema":{"@context":"https:\/\/schema.org","@graph":[{"@type":"WebPage","@id":"https:\/\/voyagedelabaleine.fr\/es\/producto\/conjunto-bebe-blusa-con-nidos-de-abeja-y-braguita-a-rayas-turquesa\/","url":"https:\/\/voyagedelabaleine.fr\/es\/producto\/conjunto-bebe-blusa-con-nidos-de-abeja-y-braguita-a-rayas-turquesa\/","name":"Conjunto beb\u00e9 blusa con nidos de abeja y braguita a rayas - Turquesa - Voyage de la Baleine","isPartOf":{"@id":"https:\/\/voyagedelabaleine.fr\/es\/#website"},"primaryImageOfPage":{"@id":"https:\/\/voyagedelabaleine.fr\/es\/producto\/conjunto-bebe-blusa-con-nidos-de-abeja-y-braguita-a-rayas-turquesa\/#primaryimage"},"image":{"@id":"https:\/\/voyagedelabaleine.fr\/es\/producto\/conjunto-bebe-blusa-con-nidos-de-abeja-y-braguita-a-rayas-turquesa\/#primaryimage"},"thumbnailUrl":"https:\/\/voyagedelabaleine.fr\/wp-content\/uploads\/2026\/02\/ensemble-bloomer-turquoise-blouse-smocks-1.jpg","datePublished":"2026-02-20T12:15:00+00:00","description":"Nuestro conjunto beb\u00e9 blusa con nidos de abeja y braguita a rayas \u2013 turquesa seduce por su equilibrio perfecto entre suavidad y frescura.","breadcrumb":{"@id":"https:\/\/voyagedelabaleine.fr\/es\/producto\/conjunto-bebe-blusa-con-nidos-de-abeja-y-braguita-a-rayas-turquesa\/#breadcrumb"},"inLanguage":"es","potentialAction":[{"@type":"ReadAction","target":["https:\/\/voyagedelabaleine.fr\/es\/producto\/conjunto-bebe-blusa-con-nidos-de-abeja-y-braguita-a-rayas-turquesa\/"]}]},{"@type":"ImageObject","inLanguage":"es","@id":"https:\/\/voyagedelabaleine.fr\/es\/producto\/conjunto-bebe-blusa-con-nidos-de-abeja-y-braguita-a-rayas-turquesa\/#primaryimage","url":"https:\/\/voyagedelabaleine.fr\/wp-content\/uploads\/2026\/02\/ensemble-bloomer-turquoise-blouse-smocks-1.jpg","contentUrl":"https:\/\/voyagedelabaleine.fr\/wp-content\/uploads\/2026\/02\/ensemble-bloomer-turquoise-blouse-smocks-1.jpg","width":1300,"height":1734,"caption":"Ensemble b\u00e9b\u00e9 blouse blanche \u00e0 smocks et bloomer ray\u00e9 turquoise et blanc"},{"@type":"BreadcrumbList","@id":"https:\/\/voyagedelabaleine.fr\/es\/producto\/conjunto-bebe-blusa-con-nidos-de-abeja-y-braguita-a-rayas-turquesa\/#breadcrumb","itemListElement":[{"@type":"ListItem","position":1,"name":"Accueil","item":"https:\/\/voyagedelabaleine.fr\/es\/inicio\/"},{"@type":"ListItem","position":2,"name":"Tienda","item":"https:\/\/voyagedelabaleine.fr\/es\/tienda\/"},{"@type":"ListItem","position":3,"name":"Conjunto beb\u00e9 blusa con nidos de abeja y braguita a rayas &#8211; Turquesa"}]},{"@type":"WebSite","@id":"https:\/\/voyagedelabaleine.fr\/es\/#website","url":"https:\/\/voyagedelabaleine.fr\/es\/","name":"Voyage de la Baleine","description":"V\u00eatements intemporels et raffin\u00e9s pour b\u00e9b\u00e9s et enfants","publisher":{"@id":"https:\/\/voyagedelabaleine.fr\/es\/#organization"},"potentialAction":[{"@type":"SearchAction","target":{"@type":"EntryPoint","urlTemplate":"https:\/\/voyagedelabaleine.fr\/es\/?s={search_term_string}"},"query-input":{"@type":"PropertyValueSpecification","valueRequired":true,"valueName":"search_term_string"}}],"inLanguage":"es"},{"@type":"Organization","@id":"https:\/\/voyagedelabaleine.fr\/es\/#organization","name":"Voyage de la Baleine","url":"https:\/\/voyagedelabaleine.fr\/es\/","logo":{"@type":"ImageObject","inLanguage":"es","@id":"https:\/\/voyagedelabaleine.fr\/es\/#\/schema\/logo\/image\/","url":"https:\/\/voyagedelabaleine.fr\/wp-content\/uploads\/2025\/06\/logo.webp","contentUrl":"https:\/\/voyagedelabaleine.fr\/wp-content\/uploads\/2025\/06\/logo.webp","width":153,"height":64,"caption":"Voyage de la Baleine"},"image":{"@id":"https:\/\/voyagedelabaleine.fr\/es\/#\/schema\/logo\/image\/"},"sameAs":["https:\/\/www.facebook.com\/voyagedelabaleine\/","https:\/\/www.instagram.com\/voyagedelabaleine\/","https:\/\/www.pinterest.fr\/Voyagedelabaleine\/"]}]}},"_links":{"self":[{"href":"https:\/\/voyagedelabaleine.fr\/es\/wp-json\/wp\/v2\/product\/40028","targetHints":{"allow":["GET"]}}],"collection":[{"href":"https:\/\/voyagedelabaleine.fr\/es\/wp-json\/wp\/v2\/product"}],"about":[{"href":"https:\/\/voyagedelabaleine.fr\/es\/wp-json\/wp\/v2\/types\/product"}],"replies":[{"embeddable":true,"href":"https:\/\/voyagedelabaleine.fr\/es\/wp-json\/wp\/v2\/comments?post=40028"}],"wp:featuredmedia":[{"embeddable":true,"href":"https:\/\/voyagedelabaleine.fr\/es\/wp-json\/wp\/v2\/media\/39571"}],"wp:attachment":[{"href":"https:\/\/voyagedelabaleine.fr\/es\/wp-json\/wp\/v2\/media?parent=40028"}],"wp:term":[{"taxonomy":"product_brand","embeddable":true,"href":"https:\/\/voyagedelabaleine.fr\/es\/wp-json\/wp\/v2\/product_brand?post=40028"},{"taxonomy":"product_cat","embeddable":true,"href":"https:\/\/voyagedelabaleine.fr\/es\/wp-json\/wp\/v2\/product_cat?post=40028"},{"taxonomy":"product_tag","embeddable":true,"href":"https:\/\/voyagedelabaleine.fr\/es\/wp-json\/wp\/v2\/product_tag?post=40028"}],"curies":[{"name":"wp","href":"https:\/\/api.w.org\/{rel}","templated":true}]}}