{"id":40229,"date":"2026-02-20T13:07:17","date_gmt":"2026-02-20T12:07:17","guid":{"rendered":"https:\/\/voyagedelabaleine.fr\/product\/ranita-de-bebe-de-algodon-suave-verde\/"},"modified":"2026-02-20T13:07:17","modified_gmt":"2026-02-20T12:07:17","slug":"ranita-de-bebe-de-algodon-suave-verde","status":"publish","type":"product","link":"https:\/\/voyagedelabaleine.fr\/es\/producto\/ranita-de-bebe-de-algodon-suave-verde\/","title":{"rendered":"Ranita de beb\u00e9 de algod\u00f3n suave &#8211; Verde"},"content":{"rendered":"<div class=\"flex flex-col text-sm pb-25\">\n<article class=\"text-token-text-primary w-full focus:outline-none [--shadow-height:45px] has-data-writing-block:pointer-events-none has-data-writing-block:-mt-(--shadow-height) has-data-writing-block:pt-(--shadow-height) [&amp;:has([data-writing-block])&gt;*]:pointer-events-auto scroll-mt-[calc(var(--header-height)+min(200px,max(70px,20svh)))]\" dir=\"auto\" tabindex=\"-1\" data-turn-id=\"request-6970f0b2-bcb4-8329-8c33-a634cee04d04-31\" data-testid=\"conversation-turn-170\" data-scroll-anchor=\"true\" data-turn=\"assistant\">\n<div class=\"text-base my-auto mx-auto pb-10 [--thread-content-margin:--spacing(4)] @w-sm\/main:[--thread-content-margin:--spacing(6)] @w-lg\/main:[--thread-content-margin:--spacing(16)] px-(--thread-content-margin)\">\n<div class=\"[--thread-content-max-width:40rem] @w-lg\/main:[--thread-content-max-width:48rem] mx-auto max-w-(--thread-content-max-width) flex-1 group\/turn-messages focus-visible:outline-hidden relative flex w-full min-w-0 flex-col agent-turn\" tabindex=\"-1\">\n<div class=\"flex max-w-full flex-col grow\">\n<div class=\"min-h-8 text-message relative flex w-full flex-col items-end gap-2 text-start break-words whitespace-normal [.text-message+&amp;]:mt-1\" dir=\"auto\" data-message-author-role=\"assistant\" data-message-id=\"62a2ff7c-be2a-48cf-8a99-90cda93678e8\" data-message-model-slug=\"gpt-5-2\">\n<div class=\"flex w-full flex-col gap-1 empty:hidden first:pt-[1px]\">\n<div class=\"markdown prose dark:prose-invert w-full wrap-break-word light markdown-new-styling\">\n<h3 data-section-id=\"1euit1m\" data-start=\"41\" data-end=\"89\">Una ranita unisex ideal desde el nacimiento<\/h3>\n<p data-start=\"91\" data-end=\"455\">Nuestra <strong data-start=\"97\" data-end=\"137\">ranita de beb\u00e9 de algod\u00f3n suave \u2013 verde<\/strong> est\u00e1 pensada para vestir a los m\u00e1s peque\u00f1os con sencillez y elegancia desde sus primeros d\u00edas. Adecuada tanto para ni\u00f1o como para ni\u00f1a, acompa\u00f1a al beb\u00e9 desde el nacimiento con comodidad y delicadeza. Su tono verde sutil y luminoso aporta un toque fresco y atemporal al armario del beb\u00e9.  <\/p>\n<h3 data-section-id=\"1bpb0xw\" data-start=\"457\" data-end=\"508\">Un tejido de cuadritos diminutos lleno de encanto<\/h3>\n<p data-start=\"510\" data-end=\"855\">Confeccionada en <strong data-start=\"527\" data-end=\"541\">algod\u00f3n suave<\/strong>, nuestra ranita seduce por su tejido de <strong data-start=\"583\" data-end=\"613\">cuadritos verdes muy peque\u00f1os<\/strong>, delicados y refinados. Este motivo discreto le da un aire cl\u00e1sico renovado, perfectamente adaptado al tierno universo de la primera infancia. Los cuadros aportan relieve sin perder sobriedad, para una silueta armoniosa y cuidada.  <\/p>\n<h3 data-section-id=\"v600yd\" data-start=\"857\" data-end=\"903\">Detalles pensados para la comodidad del beb\u00e9<\/h3>\n<p data-start=\"905\" data-end=\"1116\">Los <strong data-start=\"909\" data-end=\"943\">tirantes cruzados en la espalda<\/strong> estructuran con gracia la ranita y garantizan una buena sujeci\u00f3n. Tambi\u00e9n aportan un toque gr\u00e1fico y elegante, dejando al beb\u00e9 libertad de movimiento. <\/p>\n<p data-start=\"1118\" data-end=\"1373\">El cierre con <strong data-start=\"1135\" data-end=\"1161\">botones en la entrepierna<\/strong> facilita el cambio diario, un detalle esencial durante los primeros meses. El corte est\u00e1 dise\u00f1ado para envolver al beb\u00e9 sin oprimirlo, para que pueda moverse, dormir o descubrir el mundo con total serenidad. <\/p>\n<h3 data-section-id=\"wrmxce\" data-start=\"1375\" data-end=\"1420\">Una prenda perfecta para los primeros meses<\/h3>\n<p data-start=\"1422\" data-end=\"1685\">Nuestra ranita verde de cuadritos es ideal para crear un conjunto de reci\u00e9n nacido suave y refinado. Puede llevarse sola cuando hace calor o combinarse con un body con cuello, un c\u00e1rdigan de algod\u00f3n o unos bonitos patucos para un look completo y armonioso. <\/p>\n<p data-start=\"1687\" data-end=\"1965\" data-is-last-node=\"\" data-is-only-node=\"\">A la vez atemporal, unisex y delicadamente trabajada, esta <strong data-start=\"1751\" data-end=\"1784\">ranita de beb\u00e9 de algod\u00f3n verde<\/strong> encaja a la perfecci\u00f3n en un armario elegante y duradero. Una prenda esencial para dar la bienvenida al beb\u00e9 con suavidad, en el esp\u00edritu po\u00e9tico y aut\u00e9ntico de Voyage de la Baleine. <\/p>\n<p data-start=\"1687\" data-end=\"1965\" data-is-last-node=\"\" data-is-only-node=\"\">Fabricado en Espa\u00f1a.<\/p>\n<\/div>\n<\/div>\n<\/div>\n<\/div>\n<\/div>\n<\/div>\n<\/article>\n<\/div>\n","protected":false},"excerpt":{"rendered":"<ul>\n<li>Tirantes cruzados en la espalda<\/li>\n<li>Botones en la entrepierna<\/li>\n<li>100% algod\u00f3n<\/li>\n<li>Fabricado en Espa\u00f1a<br \/>\n<em>Esta ranita tiene un tallaje normal. Elija la talla habitual.<\/em><\/li>\n<\/ul>\n","protected":false},"featured_media":39562,"comment_status":"open","ping_status":"closed","template":"","meta":{"ocean_post_layout":"","ocean_both_sidebars_style":"","ocean_both_sidebars_content_width":0,"ocean_both_sidebars_sidebars_width":0,"ocean_sidebar":"0","ocean_second_sidebar":"0","ocean_disable_margins":"enable","ocean_add_body_class":"","ocean_shortcode_before_top_bar":"","ocean_shortcode_after_top_bar":"","ocean_shortcode_before_header":"","ocean_shortcode_after_header":"","ocean_has_shortcode":"","ocean_shortcode_after_title":"","ocean_shortcode_before_footer_widgets":"","ocean_shortcode_after_footer_widgets":"","ocean_shortcode_before_footer_bottom":"","ocean_shortcode_after_footer_bottom":"","ocean_display_top_bar":"default","ocean_display_header":"default","ocean_header_style":"","ocean_center_header_left_menu":"0","ocean_custom_header_template":"0","ocean_custom_logo":0,"ocean_custom_retina_logo":0,"ocean_custom_logo_max_width":0,"ocean_custom_logo_tablet_max_width":0,"ocean_custom_logo_mobile_max_width":0,"ocean_custom_logo_max_height":0,"ocean_custom_logo_tablet_max_height":0,"ocean_custom_logo_mobile_max_height":0,"ocean_header_custom_menu":"0","ocean_menu_typo_font_family":"0","ocean_menu_typo_font_subset":"","ocean_menu_typo_font_size":0,"ocean_menu_typo_font_size_tablet":0,"ocean_menu_typo_font_size_mobile":0,"ocean_menu_typo_font_size_unit":"px","ocean_menu_typo_font_weight":"","ocean_menu_typo_font_weight_tablet":"","ocean_menu_typo_font_weight_mobile":"","ocean_menu_typo_transform":"","ocean_menu_typo_transform_tablet":"","ocean_menu_typo_transform_mobile":"","ocean_menu_typo_line_height":0,"ocean_menu_typo_line_height_tablet":0,"ocean_menu_typo_line_height_mobile":0,"ocean_menu_typo_line_height_unit":"","ocean_menu_typo_spacing":0,"ocean_menu_typo_spacing_tablet":0,"ocean_menu_typo_spacing_mobile":0,"ocean_menu_typo_spacing_unit":"","ocean_menu_link_color":"","ocean_menu_link_color_hover":"","ocean_menu_link_color_active":"","ocean_menu_link_background":"","ocean_menu_link_hover_background":"","ocean_menu_link_active_background":"","ocean_menu_social_links_bg":"","ocean_menu_social_hover_links_bg":"","ocean_menu_social_links_color":"","ocean_menu_social_hover_links_color":"","ocean_disable_title":"default","ocean_disable_heading":"default","ocean_post_title":"","ocean_post_subheading":"","ocean_post_title_style":"","ocean_post_title_background_color":"","ocean_post_title_background":0,"ocean_post_title_bg_image_position":"","ocean_post_title_bg_image_attachment":"","ocean_post_title_bg_image_repeat":"","ocean_post_title_bg_image_size":"","ocean_post_title_height":0,"ocean_post_title_bg_overlay":0.5,"ocean_post_title_bg_overlay_color":"","ocean_disable_breadcrumbs":"default","ocean_breadcrumbs_color":"","ocean_breadcrumbs_separator_color":"","ocean_breadcrumbs_links_color":"","ocean_breadcrumbs_links_hover_color":"","ocean_display_footer_widgets":"default","ocean_display_footer_bottom":"default","ocean_custom_footer_template":"0","osh_disable_topbar_sticky":"default","osh_disable_header_sticky":"default","osh_sticky_header_style":"default","osh_sticky_header_effect":"","osh_custom_sticky_logo":0,"osh_custom_retina_sticky_logo":0,"osh_custom_sticky_logo_height":0,"osh_background_color":"","osh_links_color":"","osh_links_hover_color":"","osh_links_active_color":"","osh_links_bg_color":"","osh_links_hover_bg_color":"","osh_links_active_bg_color":"","osh_menu_social_links_color":"","osh_menu_social_hover_links_color":""},"product_brand":[],"product_cat":[7013,6971,6993,6873,6818,6845,7031],"product_tag":[],"class_list":{"0":"post-40229","1":"product","2":"type-product","3":"status-publish","4":"has-post-thumbnail","6":"product_cat-pelele-peto-ranita-nacimiento","7":"product_cat-pelele-peto-ranita-nacimiento-nina","8":"product_cat-pelele-peto-ranita-nacimiento-nino","9":"product_cat-pelele-peto-ranita-bebe","10":"product_cat-pelele-peto-ranita-bebe-nina","11":"product_cat-pelele-peto-ranita-bebe-nino","12":"product_cat-ropa","14":"entry","15":"has-media","17":"first","18":"instock","19":"taxable","20":"shipping-taxable","21":"purchasable","22":"product-type-variable","23":"has-default-attributes","24":"col","25":"span_1_of_3","26":"owp-content-center","27":"owp-thumbs-layout-vertical","28":"owp-btn-big","29":"owp-tabs-layout-vertical","30":"circle-sale"},"yoast_head":"<!-- This site is optimized with the Yoast SEO plugin v27.1.1 - https:\/\/yoast.com\/product\/yoast-seo-wordpress\/ -->\n<title>Ranita de beb\u00e9 de algod\u00f3n suave - Verde - Voyage de la Baleine<\/title>\n<meta name=\"description\" content=\"Nuestra ranita de beb\u00e9 de algod\u00f3n suave \u2013 verde est\u00e1 pensada para vestir a los m\u00e1s peque\u00f1os con sencillez y elegancia desde sus primeros d\u00edas.\" \/>\n<meta name=\"robots\" content=\"index, follow, max-snippet:-1, max-image-preview:large, max-video-preview:-1\" \/>\n<link rel=\"canonical\" href=\"https:\/\/voyagedelabaleine.fr\/es\/producto\/ranita-de-bebe-de-algodon-suave-verde\/\" \/>\n<meta property=\"og:locale\" content=\"es_ES\" \/>\n<meta property=\"og:type\" content=\"article\" \/>\n<meta property=\"og:title\" content=\"Ranita de beb\u00e9 de algod\u00f3n suave - Verde - Voyage de la Baleine\" \/>\n<meta property=\"og:description\" content=\"Nuestra ranita de beb\u00e9 de algod\u00f3n suave \u2013 verde est\u00e1 pensada para vestir a los m\u00e1s peque\u00f1os con sencillez y elegancia desde sus primeros d\u00edas.\" \/>\n<meta property=\"og:url\" content=\"https:\/\/voyagedelabaleine.fr\/es\/producto\/ranita-de-bebe-de-algodon-suave-verde\/\" \/>\n<meta property=\"og:site_name\" content=\"Voyage de la Baleine\" \/>\n<meta property=\"article:publisher\" content=\"https:\/\/www.facebook.com\/voyagedelabaleine\/\" \/>\n<meta property=\"og:image\" content=\"https:\/\/voyagedelabaleine.fr\/wp-content\/uploads\/2026\/02\/barboteuse-coton-doux-vert.jpg\" \/>\n\t<meta property=\"og:image:width\" content=\"1300\" \/>\n\t<meta property=\"og:image:height\" content=\"1733\" \/>\n\t<meta property=\"og:image:type\" content=\"image\/jpeg\" \/>\n<meta name=\"twitter:card\" content=\"summary_large_image\" \/>\n<meta name=\"twitter:label1\" content=\"Tiempo de lectura\" \/>\n\t<meta name=\"twitter:data1\" content=\"2 minuto\" \/>\n<script type=\"application\/ld+json\" class=\"yoast-schema-graph\">{\"@context\":\"https:\/\/schema.org\",\"@graph\":[{\"@type\":\"WebPage\",\"@id\":\"https:\/\/voyagedelabaleine.fr\/es\/producto\/ranita-de-bebe-de-algodon-suave-verde\/\",\"url\":\"https:\/\/voyagedelabaleine.fr\/es\/producto\/ranita-de-bebe-de-algodon-suave-verde\/\",\"name\":\"Ranita de beb\u00e9 de algod\u00f3n suave - Verde - Voyage de la Baleine\",\"isPartOf\":{\"@id\":\"https:\/\/voyagedelabaleine.fr\/es\/#website\"},\"primaryImageOfPage\":{\"@id\":\"https:\/\/voyagedelabaleine.fr\/es\/producto\/ranita-de-bebe-de-algodon-suave-verde\/#primaryimage\"},\"image\":{\"@id\":\"https:\/\/voyagedelabaleine.fr\/es\/producto\/ranita-de-bebe-de-algodon-suave-verde\/#primaryimage\"},\"thumbnailUrl\":\"https:\/\/voyagedelabaleine.fr\/wp-content\/uploads\/2026\/02\/barboteuse-coton-doux-vert.jpg\",\"datePublished\":\"2026-02-20T12:07:17+00:00\",\"description\":\"Nuestra ranita de beb\u00e9 de algod\u00f3n suave \u2013 verde est\u00e1 pensada para vestir a los m\u00e1s peque\u00f1os con sencillez y elegancia desde sus primeros d\u00edas.\",\"breadcrumb\":{\"@id\":\"https:\/\/voyagedelabaleine.fr\/es\/producto\/ranita-de-bebe-de-algodon-suave-verde\/#breadcrumb\"},\"inLanguage\":\"es\",\"potentialAction\":[{\"@type\":\"ReadAction\",\"target\":[\"https:\/\/voyagedelabaleine.fr\/es\/producto\/ranita-de-bebe-de-algodon-suave-verde\/\"]}]},{\"@type\":\"ImageObject\",\"inLanguage\":\"es\",\"@id\":\"https:\/\/voyagedelabaleine.fr\/es\/producto\/ranita-de-bebe-de-algodon-suave-verde\/#primaryimage\",\"url\":\"https:\/\/voyagedelabaleine.fr\/wp-content\/uploads\/2026\/02\/barboteuse-coton-doux-vert.jpg\",\"contentUrl\":\"https:\/\/voyagedelabaleine.fr\/wp-content\/uploads\/2026\/02\/barboteuse-coton-doux-vert.jpg\",\"width\":1300,\"height\":1733,\"caption\":\"Barboteuse b\u00e9b\u00e9 en coton doux \u00e0 petits carreaux verts et blancs\"},{\"@type\":\"BreadcrumbList\",\"@id\":\"https:\/\/voyagedelabaleine.fr\/es\/producto\/ranita-de-bebe-de-algodon-suave-verde\/#breadcrumb\",\"itemListElement\":[{\"@type\":\"ListItem\",\"position\":1,\"name\":\"Accueil\",\"item\":\"https:\/\/voyagedelabaleine.fr\/es\/inicio\/\"},{\"@type\":\"ListItem\",\"position\":2,\"name\":\"Tienda\",\"item\":\"https:\/\/voyagedelabaleine.fr\/es\/tienda\/\"},{\"@type\":\"ListItem\",\"position\":3,\"name\":\"Ranita de beb\u00e9 de algod\u00f3n suave &#8211; Verde\"}]},{\"@type\":\"WebSite\",\"@id\":\"https:\/\/voyagedelabaleine.fr\/es\/#website\",\"url\":\"https:\/\/voyagedelabaleine.fr\/es\/\",\"name\":\"Voyage de la Baleine\",\"description\":\"V\u00eatements intemporels et raffin\u00e9s pour b\u00e9b\u00e9s et enfants\",\"publisher\":{\"@id\":\"https:\/\/voyagedelabaleine.fr\/es\/#organization\"},\"potentialAction\":[{\"@type\":\"SearchAction\",\"target\":{\"@type\":\"EntryPoint\",\"urlTemplate\":\"https:\/\/voyagedelabaleine.fr\/es\/?s={search_term_string}\"},\"query-input\":{\"@type\":\"PropertyValueSpecification\",\"valueRequired\":true,\"valueName\":\"search_term_string\"}}],\"inLanguage\":\"es\"},{\"@type\":\"Organization\",\"@id\":\"https:\/\/voyagedelabaleine.fr\/es\/#organization\",\"name\":\"Voyage de la Baleine\",\"url\":\"https:\/\/voyagedelabaleine.fr\/es\/\",\"logo\":{\"@type\":\"ImageObject\",\"inLanguage\":\"es\",\"@id\":\"https:\/\/voyagedelabaleine.fr\/es\/#\/schema\/logo\/image\/\",\"url\":\"https:\/\/voyagedelabaleine.fr\/wp-content\/uploads\/2025\/06\/logo.webp\",\"contentUrl\":\"https:\/\/voyagedelabaleine.fr\/wp-content\/uploads\/2025\/06\/logo.webp\",\"width\":153,\"height\":64,\"caption\":\"Voyage de la Baleine\"},\"image\":{\"@id\":\"https:\/\/voyagedelabaleine.fr\/es\/#\/schema\/logo\/image\/\"},\"sameAs\":[\"https:\/\/www.facebook.com\/voyagedelabaleine\/\",\"https:\/\/www.instagram.com\/voyagedelabaleine\/\",\"https:\/\/www.pinterest.fr\/Voyagedelabaleine\/\"]}]}<\/script>\n<!-- \/ Yoast SEO plugin. -->","yoast_head_json":{"title":"Ranita de beb\u00e9 de algod\u00f3n suave - Verde - Voyage de la Baleine","description":"Nuestra ranita de beb\u00e9 de algod\u00f3n suave \u2013 verde est\u00e1 pensada para vestir a los m\u00e1s peque\u00f1os con sencillez y elegancia desde sus primeros d\u00edas.","robots":{"index":"index","follow":"follow","max-snippet":"max-snippet:-1","max-image-preview":"max-image-preview:large","max-video-preview":"max-video-preview:-1"},"canonical":"https:\/\/voyagedelabaleine.fr\/es\/producto\/ranita-de-bebe-de-algodon-suave-verde\/","og_locale":"es_ES","og_type":"article","og_title":"Ranita de beb\u00e9 de algod\u00f3n suave - Verde - Voyage de la Baleine","og_description":"Nuestra ranita de beb\u00e9 de algod\u00f3n suave \u2013 verde est\u00e1 pensada para vestir a los m\u00e1s peque\u00f1os con sencillez y elegancia desde sus primeros d\u00edas.","og_url":"https:\/\/voyagedelabaleine.fr\/es\/producto\/ranita-de-bebe-de-algodon-suave-verde\/","og_site_name":"Voyage de la Baleine","article_publisher":"https:\/\/www.facebook.com\/voyagedelabaleine\/","og_image":[{"width":1300,"height":1733,"url":"https:\/\/voyagedelabaleine.fr\/wp-content\/uploads\/2026\/02\/barboteuse-coton-doux-vert.jpg","type":"image\/jpeg"}],"twitter_card":"summary_large_image","twitter_misc":{"Tiempo de lectura":"2 minuto"},"schema":{"@context":"https:\/\/schema.org","@graph":[{"@type":"WebPage","@id":"https:\/\/voyagedelabaleine.fr\/es\/producto\/ranita-de-bebe-de-algodon-suave-verde\/","url":"https:\/\/voyagedelabaleine.fr\/es\/producto\/ranita-de-bebe-de-algodon-suave-verde\/","name":"Ranita de beb\u00e9 de algod\u00f3n suave - Verde - Voyage de la Baleine","isPartOf":{"@id":"https:\/\/voyagedelabaleine.fr\/es\/#website"},"primaryImageOfPage":{"@id":"https:\/\/voyagedelabaleine.fr\/es\/producto\/ranita-de-bebe-de-algodon-suave-verde\/#primaryimage"},"image":{"@id":"https:\/\/voyagedelabaleine.fr\/es\/producto\/ranita-de-bebe-de-algodon-suave-verde\/#primaryimage"},"thumbnailUrl":"https:\/\/voyagedelabaleine.fr\/wp-content\/uploads\/2026\/02\/barboteuse-coton-doux-vert.jpg","datePublished":"2026-02-20T12:07:17+00:00","description":"Nuestra ranita de beb\u00e9 de algod\u00f3n suave \u2013 verde est\u00e1 pensada para vestir a los m\u00e1s peque\u00f1os con sencillez y elegancia desde sus primeros d\u00edas.","breadcrumb":{"@id":"https:\/\/voyagedelabaleine.fr\/es\/producto\/ranita-de-bebe-de-algodon-suave-verde\/#breadcrumb"},"inLanguage":"es","potentialAction":[{"@type":"ReadAction","target":["https:\/\/voyagedelabaleine.fr\/es\/producto\/ranita-de-bebe-de-algodon-suave-verde\/"]}]},{"@type":"ImageObject","inLanguage":"es","@id":"https:\/\/voyagedelabaleine.fr\/es\/producto\/ranita-de-bebe-de-algodon-suave-verde\/#primaryimage","url":"https:\/\/voyagedelabaleine.fr\/wp-content\/uploads\/2026\/02\/barboteuse-coton-doux-vert.jpg","contentUrl":"https:\/\/voyagedelabaleine.fr\/wp-content\/uploads\/2026\/02\/barboteuse-coton-doux-vert.jpg","width":1300,"height":1733,"caption":"Barboteuse b\u00e9b\u00e9 en coton doux \u00e0 petits carreaux verts et blancs"},{"@type":"BreadcrumbList","@id":"https:\/\/voyagedelabaleine.fr\/es\/producto\/ranita-de-bebe-de-algodon-suave-verde\/#breadcrumb","itemListElement":[{"@type":"ListItem","position":1,"name":"Accueil","item":"https:\/\/voyagedelabaleine.fr\/es\/inicio\/"},{"@type":"ListItem","position":2,"name":"Tienda","item":"https:\/\/voyagedelabaleine.fr\/es\/tienda\/"},{"@type":"ListItem","position":3,"name":"Ranita de beb\u00e9 de algod\u00f3n suave &#8211; Verde"}]},{"@type":"WebSite","@id":"https:\/\/voyagedelabaleine.fr\/es\/#website","url":"https:\/\/voyagedelabaleine.fr\/es\/","name":"Voyage de la Baleine","description":"V\u00eatements intemporels et raffin\u00e9s pour b\u00e9b\u00e9s et enfants","publisher":{"@id":"https:\/\/voyagedelabaleine.fr\/es\/#organization"},"potentialAction":[{"@type":"SearchAction","target":{"@type":"EntryPoint","urlTemplate":"https:\/\/voyagedelabaleine.fr\/es\/?s={search_term_string}"},"query-input":{"@type":"PropertyValueSpecification","valueRequired":true,"valueName":"search_term_string"}}],"inLanguage":"es"},{"@type":"Organization","@id":"https:\/\/voyagedelabaleine.fr\/es\/#organization","name":"Voyage de la Baleine","url":"https:\/\/voyagedelabaleine.fr\/es\/","logo":{"@type":"ImageObject","inLanguage":"es","@id":"https:\/\/voyagedelabaleine.fr\/es\/#\/schema\/logo\/image\/","url":"https:\/\/voyagedelabaleine.fr\/wp-content\/uploads\/2025\/06\/logo.webp","contentUrl":"https:\/\/voyagedelabaleine.fr\/wp-content\/uploads\/2025\/06\/logo.webp","width":153,"height":64,"caption":"Voyage de la Baleine"},"image":{"@id":"https:\/\/voyagedelabaleine.fr\/es\/#\/schema\/logo\/image\/"},"sameAs":["https:\/\/www.facebook.com\/voyagedelabaleine\/","https:\/\/www.instagram.com\/voyagedelabaleine\/","https:\/\/www.pinterest.fr\/Voyagedelabaleine\/"]}]}},"_links":{"self":[{"href":"https:\/\/voyagedelabaleine.fr\/es\/wp-json\/wp\/v2\/product\/40229","targetHints":{"allow":["GET"]}}],"collection":[{"href":"https:\/\/voyagedelabaleine.fr\/es\/wp-json\/wp\/v2\/product"}],"about":[{"href":"https:\/\/voyagedelabaleine.fr\/es\/wp-json\/wp\/v2\/types\/product"}],"replies":[{"embeddable":true,"href":"https:\/\/voyagedelabaleine.fr\/es\/wp-json\/wp\/v2\/comments?post=40229"}],"wp:featuredmedia":[{"embeddable":true,"href":"https:\/\/voyagedelabaleine.fr\/es\/wp-json\/wp\/v2\/media\/39562"}],"wp:attachment":[{"href":"https:\/\/voyagedelabaleine.fr\/es\/wp-json\/wp\/v2\/media?parent=40229"}],"wp:term":[{"taxonomy":"product_brand","embeddable":true,"href":"https:\/\/voyagedelabaleine.fr\/es\/wp-json\/wp\/v2\/product_brand?post=40229"},{"taxonomy":"product_cat","embeddable":true,"href":"https:\/\/voyagedelabaleine.fr\/es\/wp-json\/wp\/v2\/product_cat?post=40229"},{"taxonomy":"product_tag","embeddable":true,"href":"https:\/\/voyagedelabaleine.fr\/es\/wp-json\/wp\/v2\/product_tag?post=40229"}],"curies":[{"name":"wp","href":"https:\/\/api.w.org\/{rel}","templated":true}]}}