{"id":40474,"date":"2026-02-20T13:14:09","date_gmt":"2026-02-20T12:14:09","guid":{"rendered":"https:\/\/voyagedelabaleine.fr\/product\/conjunto-para-nino-de-pantalon-corto-con-tirantes-y-blusa-con-nido-de-abeja-azul-blanco\/"},"modified":"2026-04-18T21:32:15","modified_gmt":"2026-04-18T19:32:15","slug":"conjunto-para-nino-de-pantalon-corto-con-tirantes-y-blusa-con-nido-de-abeja-azul-blanco","status":"publish","type":"product","link":"https:\/\/voyagedelabaleine.fr\/es\/producto\/conjunto-para-nino-de-pantalon-corto-con-tirantes-y-blusa-con-nido-de-abeja-azul-blanco\/","title":{"rendered":"Conjunto para ni\u00f1o de pantal\u00f3n corto con tirantes y blusa con nido de abeja &#8211; Azul\/blanco"},"content":{"rendered":"<div class=\"flex flex-col text-sm\">\n<article class=\"text-token-text-primary w-full focus:outline-none [--shadow-height:45px] has-data-writing-block:pointer-events-none has-data-writing-block:-mt-(--shadow-height) has-data-writing-block:pt-(--shadow-height) [&amp;:has([data-writing-block])&gt;*]:pointer-events-auto scroll-mt-[calc(var(--header-height)+min(200px,max(70px,20svh)))]\" dir=\"auto\" tabindex=\"-1\" data-turn-id=\"request-6970f0b2-bcb4-8329-8c33-a634cee04d04-37\" data-testid=\"conversation-turn-182\" data-scroll-anchor=\"true\" data-turn=\"assistant\">\n<div class=\"text-base my-auto mx-auto pb-10 [--thread-content-margin:--spacing(4)] @w-sm\/main:[--thread-content-margin:--spacing(6)] @w-lg\/main:[--thread-content-margin:--spacing(16)] px-(--thread-content-margin)\">\n<div class=\"[--thread-content-max-width:40rem] @w-lg\/main:[--thread-content-max-width:48rem] mx-auto max-w-(--thread-content-max-width) flex-1 group\/turn-messages focus-visible:outline-hidden relative flex w-full min-w-0 flex-col agent-turn\" tabindex=\"-1\">\n<div class=\"flex max-w-full flex-col grow\">\n<div class=\"min-h-8 text-message relative flex w-full flex-col items-end gap-2 text-start break-words whitespace-normal [.text-message+&amp;]:mt-1\" dir=\"auto\" data-message-author-role=\"assistant\" data-message-id=\"22cad6fe-13d2-4b48-8bcf-c8b44ac11102\" data-message-model-slug=\"gpt-5-2\">\n<div class=\"flex w-full flex-col gap-1 empty:hidden first:pt-[1px]\">\n<div class=\"markdown prose dark:prose-invert w-full wrap-break-word light markdown-new-styling\">\n<h3 data-section-id=\"u57r6\" data-start=\"70\" data-end=\"129\">Un conjunto para ni\u00f1o azul y blanco con un encanto atemporal<\/h3>\n<p data-start=\"131\" data-end=\"462\">Nuestro <strong data-start=\"137\" data-end=\"206\">conjunto para ni\u00f1o de pantal\u00f3n corto con tirantes y blusa con nido de abeja \u2013 azul\/blanco<\/strong> reinterpreta con elegancia los atuendos tradicionales de la infancia. La combinaci\u00f3n del blanco luminoso y el azul marino profundo crea un contraste armonioso, a la vez refinado y perfectamente adecuado tanto para grandes ocasiones como para los momentos preciosos del d\u00eda a d\u00eda. <\/p>\n<p data-start=\"464\" data-end=\"695\">La blusa blanca de cuello redondo aporta suavidad y equilibrio, mientras que el pantal\u00f3n corto con tirantes de algod\u00f3n azul marino estructura la silueta con car\u00e1cter. Este conjunto para ni\u00f1o azul\/blanco compone un atuendo completo, cuidado y elegante. <\/p>\n<h3 data-section-id=\"1o7yz9f\" data-start=\"697\" data-end=\"754\">Una blusa blanca con nido de abeja delicadamente elaborada<\/h3>\n<p data-start=\"756\" data-end=\"949\">La blusa blanca se distingue por sus nidos de abeja azul marino realizados en la parte delantera. Este detalle emblem\u00e1tico del vestuario infantil aporta relieve y profundidad, manteni\u00e9ndose sobrio y armonioso. <\/p>\n<p data-start=\"951\" data-end=\"1195\">El cuello redondo enmarca delicadamente el rostro y realza el estilo cl\u00e1sico del atuendo. Los nidos de abeja, minuciosamente trabajados, crean un sutil juego de texturas que resalta el contraste entre el blanco de la blusa y el azul marino del pantal\u00f3n corto. <\/p>\n<h3 data-section-id=\"1en63t9\" data-start=\"1197\" data-end=\"1244\">Un pantal\u00f3n corto con tirantes de algod\u00f3n azul marino<\/h3>\n<p data-start=\"1246\" data-end=\"1430\">El pantal\u00f3n corto con tirantes de algod\u00f3n azul marino complementa perfectamente la blusa con nido de abeja. Su corte estructurado aporta sujeci\u00f3n y elegancia, a la vez que permite al ni\u00f1o libertad de movimiento. <\/p>\n<p data-start=\"1432\" data-end=\"1705\">Los tirantes a\u00f1aden un toque tradicional lleno de encanto y aseguran un buen ajuste. El algod\u00f3n garantiza comodidad y transpirabilidad, para acompa\u00f1ar al ni\u00f1o durante todo el d\u00eda, ya sea en una ceremonia, un cumplea\u00f1os o un paseo veraniego. <\/p>\n<h3 data-section-id=\"k8697a\" data-start=\"1707\" data-end=\"1759\">Un atuendo elegante para los momentos importantes<\/h3>\n<p data-start=\"1761\" data-end=\"2016\">Este conjunto para ni\u00f1o con nido de abeja azul y blanco es ideal para componer un atuendo formal sin renunciar a la comodidad. El equilibrio entre la blusa blanca y el pantal\u00f3n corto azul marino permite crear un look cuidado, a la vez que se adapta a la energ\u00eda de los m\u00e1s peque\u00f1os. <\/p>\n<p data-start=\"2018\" data-end=\"2243\" data-is-last-node=\"\" data-is-only-node=\"\"><em>Elegir este conjunto de pantal\u00f3n corto con tirantes y blusa con nido de abeja es optar por un atuendo refinado, atemporal y elegante. Una pieza clave del vestuario infantil, fiel al esp\u00edritu delicado y aut\u00e9ntico de Voyage de la Baleine. <\/em><\/p>\n<\/div>\n<\/div>\n<\/div>\n<\/div>\n<div class=\"z-0 flex min-h-[46px] justify-start\">Fabricado en Espa\u00f1a.<\/div>\n<\/div>\n<\/div>\n<\/article>\n<\/div>\n","protected":false},"excerpt":{"rendered":"<ul>\n<li>Conjunto de blusa con nido de abeja y pantal\u00f3n corto con tirantes<\/li>\n<li>Ideal para un regalo de nacimiento<\/li>\n<li>100% algod\u00f3n<\/li>\n<li>Fabricado en Espa\u00f1a<br \/>\n<em>Este conjunto tiene un tallaje normal. Elija la talla habitual.<\/em><\/li>\n<\/ul>\n","protected":false},"featured_media":39586,"comment_status":"open","ping_status":"closed","template":"","meta":{"ocean_post_layout":"","ocean_both_sidebars_style":"","ocean_both_sidebars_content_width":0,"ocean_both_sidebars_sidebars_width":0,"ocean_sidebar":"0","ocean_second_sidebar":"0","ocean_disable_margins":"enable","ocean_add_body_class":"","ocean_shortcode_before_top_bar":"","ocean_shortcode_after_top_bar":"","ocean_shortcode_before_header":"","ocean_shortcode_after_header":"","ocean_has_shortcode":"","ocean_shortcode_after_title":"","ocean_shortcode_before_footer_widgets":"","ocean_shortcode_after_footer_widgets":"","ocean_shortcode_before_footer_bottom":"","ocean_shortcode_after_footer_bottom":"","ocean_display_top_bar":"default","ocean_display_header":"default","ocean_header_style":"","ocean_center_header_left_menu":"0","ocean_custom_header_template":"0","ocean_custom_logo":0,"ocean_custom_retina_logo":0,"ocean_custom_logo_max_width":0,"ocean_custom_logo_tablet_max_width":0,"ocean_custom_logo_mobile_max_width":0,"ocean_custom_logo_max_height":0,"ocean_custom_logo_tablet_max_height":0,"ocean_custom_logo_mobile_max_height":0,"ocean_header_custom_menu":"0","ocean_menu_typo_font_family":"0","ocean_menu_typo_font_subset":"","ocean_menu_typo_font_size":0,"ocean_menu_typo_font_size_tablet":0,"ocean_menu_typo_font_size_mobile":0,"ocean_menu_typo_font_size_unit":"px","ocean_menu_typo_font_weight":"","ocean_menu_typo_font_weight_tablet":"","ocean_menu_typo_font_weight_mobile":"","ocean_menu_typo_transform":"","ocean_menu_typo_transform_tablet":"","ocean_menu_typo_transform_mobile":"","ocean_menu_typo_line_height":0,"ocean_menu_typo_line_height_tablet":0,"ocean_menu_typo_line_height_mobile":0,"ocean_menu_typo_line_height_unit":"","ocean_menu_typo_spacing":0,"ocean_menu_typo_spacing_tablet":0,"ocean_menu_typo_spacing_mobile":0,"ocean_menu_typo_spacing_unit":"","ocean_menu_link_color":"","ocean_menu_link_color_hover":"","ocean_menu_link_color_active":"","ocean_menu_link_background":"","ocean_menu_link_hover_background":"","ocean_menu_link_active_background":"","ocean_menu_social_links_bg":"","ocean_menu_social_hover_links_bg":"","ocean_menu_social_links_color":"","ocean_menu_social_hover_links_color":"","ocean_disable_title":"default","ocean_disable_heading":"default","ocean_post_title":"","ocean_post_subheading":"","ocean_post_title_style":"","ocean_post_title_background_color":"","ocean_post_title_background":0,"ocean_post_title_bg_image_position":"","ocean_post_title_bg_image_attachment":"","ocean_post_title_bg_image_repeat":"","ocean_post_title_bg_image_size":"","ocean_post_title_height":0,"ocean_post_title_bg_overlay":0.5,"ocean_post_title_bg_overlay_color":"","ocean_disable_breadcrumbs":"default","ocean_breadcrumbs_color":"","ocean_breadcrumbs_separator_color":"","ocean_breadcrumbs_links_color":"","ocean_breadcrumbs_links_hover_color":"","ocean_display_footer_widgets":"default","ocean_display_footer_bottom":"default","ocean_custom_footer_template":"0","osh_disable_topbar_sticky":"default","osh_disable_header_sticky":"default","osh_sticky_header_style":"default","osh_sticky_header_effect":"","osh_custom_sticky_logo":0,"osh_custom_retina_sticky_logo":0,"osh_custom_sticky_logo_height":0,"osh_background_color":"","osh_links_color":"","osh_links_hover_color":"","osh_links_active_color":"","osh_links_bg_color":"","osh_links_hover_bg_color":"","osh_links_active_bg_color":"","osh_menu_social_links_color":"","osh_menu_social_hover_links_color":""},"product_brand":[],"product_cat":[7017,6997,6877,6849,6925,6941,6923,6943,7019,7005,6879,6857,6929,6947,7015,6995,6875,6847,7031],"product_tag":[],"class_list":{"0":"post-40474","1":"product","2":"type-product","3":"status-publish","4":"has-post-thumbnail","6":"product_cat-blusa-camiseta-nacimiento","7":"product_cat-blusa-camiseta-nacimiento-nino","8":"product_cat-blusa-camiseta-bebe","9":"product_cat-blusa-camiseta-bebe-nino","10":"product_cat-blusa-camiseta-nino","11":"product_cat-blusa-camiseta-ninos","12":"product_cat-conjunto-peto-nino","13":"product_cat-conjunto-peto-ninos","14":"product_cat-conjuntos-nacimiento","15":"product_cat-conjuntos-nacimiento-nino","16":"product_cat-conjuntos-bebe","17":"product_cat-conjuntos-bebe-nino","18":"product_cat-pantalon-short-nino","19":"product_cat-pantalon-short-ninos","20":"product_cat-pololo-short-pantalon-nacimiento","21":"product_cat-pololo-short-pantalon-nacimiento-nino","22":"product_cat-pololo-short-y-pantalon-bebe","23":"product_cat-pololo-short-pantalon-bebe-nino","24":"product_cat-ropa","26":"entry","27":"has-media","29":"first","30":"instock","31":"taxable","32":"shipping-taxable","33":"purchasable","34":"product-type-variable","35":"has-default-attributes","36":"has-rating","37":"col","38":"span_1_of_3","39":"owp-content-center","40":"owp-thumbs-layout-vertical","41":"owp-btn-big","42":"owp-tabs-layout-vertical","43":"circle-sale"},"yoast_head":"<!-- This site is optimized with the Yoast SEO plugin v27.1.1 - https:\/\/yoast.com\/product\/yoast-seo-wordpress\/ -->\n<title>Conjunto para ni\u00f1o de pantal\u00f3n corto con tirantes y blusa con nido de abeja - Azul\/blanco - Voyage de la Baleine<\/title>\n<meta name=\"description\" content=\"Nuestro conjunto para ni\u00f1o de pantal\u00f3n corto con tirantes y blusa con nido de abeja \u2013 azul\/blanco reinterpreta con elegancia los atuendos tradicionales de la infancia.\" \/>\n<meta name=\"robots\" content=\"index, follow, max-snippet:-1, max-image-preview:large, max-video-preview:-1\" \/>\n<link rel=\"canonical\" href=\"https:\/\/voyagedelabaleine.fr\/es\/producto\/conjunto-para-nino-de-pantalon-corto-con-tirantes-y-blusa-con-nido-de-abeja-azul-blanco\/\" \/>\n<meta property=\"og:locale\" content=\"es_ES\" \/>\n<meta property=\"og:type\" content=\"article\" \/>\n<meta property=\"og:title\" content=\"Conjunto para ni\u00f1o de pantal\u00f3n corto con tirantes y blusa con nido de abeja - Azul\/blanco - Voyage de la Baleine\" \/>\n<meta property=\"og:description\" content=\"Nuestro conjunto para ni\u00f1o de pantal\u00f3n corto con tirantes y blusa con nido de abeja \u2013 azul\/blanco reinterpreta con elegancia los atuendos tradicionales de la infancia.\" \/>\n<meta property=\"og:url\" content=\"https:\/\/voyagedelabaleine.fr\/es\/producto\/conjunto-para-nino-de-pantalon-corto-con-tirantes-y-blusa-con-nido-de-abeja-azul-blanco\/\" \/>\n<meta property=\"og:site_name\" content=\"Voyage de la Baleine\" \/>\n<meta property=\"article:publisher\" content=\"https:\/\/www.facebook.com\/voyagedelabaleine\/\" \/>\n<meta property=\"article:modified_time\" content=\"2026-04-18T19:32:15+00:00\" \/>\n<meta property=\"og:image\" content=\"https:\/\/voyagedelabaleine.fr\/wp-content\/uploads\/2026\/02\/ensemble-garcon-blouse-short-bretelles-2.jpg\" \/>\n\t<meta property=\"og:image:width\" content=\"1300\" \/>\n\t<meta property=\"og:image:height\" content=\"1733\" \/>\n\t<meta property=\"og:image:type\" content=\"image\/jpeg\" \/>\n<meta name=\"twitter:card\" content=\"summary_large_image\" \/>\n<meta name=\"twitter:label1\" content=\"Tiempo de lectura\" \/>\n\t<meta name=\"twitter:data1\" content=\"2 minuto\" \/>\n<script type=\"application\/ld+json\" class=\"yoast-schema-graph\">{\"@context\":\"https:\/\/schema.org\",\"@graph\":[{\"@type\":\"WebPage\",\"@id\":\"https:\/\/voyagedelabaleine.fr\/es\/producto\/conjunto-para-nino-de-pantalon-corto-con-tirantes-y-blusa-con-nido-de-abeja-azul-blanco\/\",\"url\":\"https:\/\/voyagedelabaleine.fr\/es\/producto\/conjunto-para-nino-de-pantalon-corto-con-tirantes-y-blusa-con-nido-de-abeja-azul-blanco\/\",\"name\":\"Conjunto para ni\u00f1o de pantal\u00f3n corto con tirantes y blusa con nido de abeja - Azul\/blanco - Voyage de la Baleine\",\"isPartOf\":{\"@id\":\"https:\/\/voyagedelabaleine.fr\/es\/#website\"},\"primaryImageOfPage\":{\"@id\":\"https:\/\/voyagedelabaleine.fr\/es\/producto\/conjunto-para-nino-de-pantalon-corto-con-tirantes-y-blusa-con-nido-de-abeja-azul-blanco\/#primaryimage\"},\"image\":{\"@id\":\"https:\/\/voyagedelabaleine.fr\/es\/producto\/conjunto-para-nino-de-pantalon-corto-con-tirantes-y-blusa-con-nido-de-abeja-azul-blanco\/#primaryimage\"},\"thumbnailUrl\":\"https:\/\/voyagedelabaleine.fr\/wp-content\/uploads\/2026\/02\/ensemble-garcon-blouse-short-bretelles-2.jpg\",\"datePublished\":\"2026-02-20T12:14:09+00:00\",\"dateModified\":\"2026-04-18T19:32:15+00:00\",\"description\":\"Nuestro conjunto para ni\u00f1o de pantal\u00f3n corto con tirantes y blusa con nido de abeja \u2013 azul\/blanco reinterpreta con elegancia los atuendos tradicionales de la infancia.\",\"breadcrumb\":{\"@id\":\"https:\/\/voyagedelabaleine.fr\/es\/producto\/conjunto-para-nino-de-pantalon-corto-con-tirantes-y-blusa-con-nido-de-abeja-azul-blanco\/#breadcrumb\"},\"inLanguage\":\"es\",\"potentialAction\":[{\"@type\":\"ReadAction\",\"target\":[\"https:\/\/voyagedelabaleine.fr\/es\/producto\/conjunto-para-nino-de-pantalon-corto-con-tirantes-y-blusa-con-nido-de-abeja-azul-blanco\/\"]}]},{\"@type\":\"ImageObject\",\"inLanguage\":\"es\",\"@id\":\"https:\/\/voyagedelabaleine.fr\/es\/producto\/conjunto-para-nino-de-pantalon-corto-con-tirantes-y-blusa-con-nido-de-abeja-azul-blanco\/#primaryimage\",\"url\":\"https:\/\/voyagedelabaleine.fr\/wp-content\/uploads\/2026\/02\/ensemble-garcon-blouse-short-bretelles-2.jpg\",\"contentUrl\":\"https:\/\/voyagedelabaleine.fr\/wp-content\/uploads\/2026\/02\/ensemble-garcon-blouse-short-bretelles-2.jpg\",\"width\":1300,\"height\":1733,\"caption\":\"Ensemble gar\u00e7on short \u00e0 bretelles bleu marine et blouse blanche \u00e0 smocks\"},{\"@type\":\"BreadcrumbList\",\"@id\":\"https:\/\/voyagedelabaleine.fr\/es\/producto\/conjunto-para-nino-de-pantalon-corto-con-tirantes-y-blusa-con-nido-de-abeja-azul-blanco\/#breadcrumb\",\"itemListElement\":[{\"@type\":\"ListItem\",\"position\":1,\"name\":\"Accueil\",\"item\":\"https:\/\/voyagedelabaleine.fr\/es\/inicio\/\"},{\"@type\":\"ListItem\",\"position\":2,\"name\":\"Tienda\",\"item\":\"https:\/\/voyagedelabaleine.fr\/es\/tienda\/\"},{\"@type\":\"ListItem\",\"position\":3,\"name\":\"Conjunto para ni\u00f1o de pantal\u00f3n corto con tirantes y blusa con nido de abeja &#8211; Azul\/blanco\"}]},{\"@type\":\"WebSite\",\"@id\":\"https:\/\/voyagedelabaleine.fr\/es\/#website\",\"url\":\"https:\/\/voyagedelabaleine.fr\/es\/\",\"name\":\"Voyage de la Baleine\",\"description\":\"V\u00eatements intemporels et raffin\u00e9s pour b\u00e9b\u00e9s et enfants\",\"publisher\":{\"@id\":\"https:\/\/voyagedelabaleine.fr\/es\/#organization\"},\"potentialAction\":[{\"@type\":\"SearchAction\",\"target\":{\"@type\":\"EntryPoint\",\"urlTemplate\":\"https:\/\/voyagedelabaleine.fr\/es\/?s={search_term_string}\"},\"query-input\":{\"@type\":\"PropertyValueSpecification\",\"valueRequired\":true,\"valueName\":\"search_term_string\"}}],\"inLanguage\":\"es\"},{\"@type\":\"Organization\",\"@id\":\"https:\/\/voyagedelabaleine.fr\/es\/#organization\",\"name\":\"Voyage de la Baleine\",\"url\":\"https:\/\/voyagedelabaleine.fr\/es\/\",\"logo\":{\"@type\":\"ImageObject\",\"inLanguage\":\"es\",\"@id\":\"https:\/\/voyagedelabaleine.fr\/es\/#\/schema\/logo\/image\/\",\"url\":\"https:\/\/voyagedelabaleine.fr\/wp-content\/uploads\/2025\/06\/logo.webp\",\"contentUrl\":\"https:\/\/voyagedelabaleine.fr\/wp-content\/uploads\/2025\/06\/logo.webp\",\"width\":153,\"height\":64,\"caption\":\"Voyage de la Baleine\"},\"image\":{\"@id\":\"https:\/\/voyagedelabaleine.fr\/es\/#\/schema\/logo\/image\/\"},\"sameAs\":[\"https:\/\/www.facebook.com\/voyagedelabaleine\/\",\"https:\/\/www.instagram.com\/voyagedelabaleine\/\",\"https:\/\/www.pinterest.fr\/Voyagedelabaleine\/\"]}]}<\/script>\n<!-- \/ Yoast SEO plugin. -->","yoast_head_json":{"title":"Conjunto para ni\u00f1o de pantal\u00f3n corto con tirantes y blusa con nido de abeja - Azul\/blanco - Voyage de la Baleine","description":"Nuestro conjunto para ni\u00f1o de pantal\u00f3n corto con tirantes y blusa con nido de abeja \u2013 azul\/blanco reinterpreta con elegancia los atuendos tradicionales de la infancia.","robots":{"index":"index","follow":"follow","max-snippet":"max-snippet:-1","max-image-preview":"max-image-preview:large","max-video-preview":"max-video-preview:-1"},"canonical":"https:\/\/voyagedelabaleine.fr\/es\/producto\/conjunto-para-nino-de-pantalon-corto-con-tirantes-y-blusa-con-nido-de-abeja-azul-blanco\/","og_locale":"es_ES","og_type":"article","og_title":"Conjunto para ni\u00f1o de pantal\u00f3n corto con tirantes y blusa con nido de abeja - Azul\/blanco - Voyage de la Baleine","og_description":"Nuestro conjunto para ni\u00f1o de pantal\u00f3n corto con tirantes y blusa con nido de abeja \u2013 azul\/blanco reinterpreta con elegancia los atuendos tradicionales de la infancia.","og_url":"https:\/\/voyagedelabaleine.fr\/es\/producto\/conjunto-para-nino-de-pantalon-corto-con-tirantes-y-blusa-con-nido-de-abeja-azul-blanco\/","og_site_name":"Voyage de la Baleine","article_publisher":"https:\/\/www.facebook.com\/voyagedelabaleine\/","article_modified_time":"2026-04-18T19:32:15+00:00","og_image":[{"width":1300,"height":1733,"url":"https:\/\/voyagedelabaleine.fr\/wp-content\/uploads\/2026\/02\/ensemble-garcon-blouse-short-bretelles-2.jpg","type":"image\/jpeg"}],"twitter_card":"summary_large_image","twitter_misc":{"Tiempo de lectura":"2 minuto"},"schema":{"@context":"https:\/\/schema.org","@graph":[{"@type":"WebPage","@id":"https:\/\/voyagedelabaleine.fr\/es\/producto\/conjunto-para-nino-de-pantalon-corto-con-tirantes-y-blusa-con-nido-de-abeja-azul-blanco\/","url":"https:\/\/voyagedelabaleine.fr\/es\/producto\/conjunto-para-nino-de-pantalon-corto-con-tirantes-y-blusa-con-nido-de-abeja-azul-blanco\/","name":"Conjunto para ni\u00f1o de pantal\u00f3n corto con tirantes y blusa con nido de abeja - Azul\/blanco - Voyage de la Baleine","isPartOf":{"@id":"https:\/\/voyagedelabaleine.fr\/es\/#website"},"primaryImageOfPage":{"@id":"https:\/\/voyagedelabaleine.fr\/es\/producto\/conjunto-para-nino-de-pantalon-corto-con-tirantes-y-blusa-con-nido-de-abeja-azul-blanco\/#primaryimage"},"image":{"@id":"https:\/\/voyagedelabaleine.fr\/es\/producto\/conjunto-para-nino-de-pantalon-corto-con-tirantes-y-blusa-con-nido-de-abeja-azul-blanco\/#primaryimage"},"thumbnailUrl":"https:\/\/voyagedelabaleine.fr\/wp-content\/uploads\/2026\/02\/ensemble-garcon-blouse-short-bretelles-2.jpg","datePublished":"2026-02-20T12:14:09+00:00","dateModified":"2026-04-18T19:32:15+00:00","description":"Nuestro conjunto para ni\u00f1o de pantal\u00f3n corto con tirantes y blusa con nido de abeja \u2013 azul\/blanco reinterpreta con elegancia los atuendos tradicionales de la infancia.","breadcrumb":{"@id":"https:\/\/voyagedelabaleine.fr\/es\/producto\/conjunto-para-nino-de-pantalon-corto-con-tirantes-y-blusa-con-nido-de-abeja-azul-blanco\/#breadcrumb"},"inLanguage":"es","potentialAction":[{"@type":"ReadAction","target":["https:\/\/voyagedelabaleine.fr\/es\/producto\/conjunto-para-nino-de-pantalon-corto-con-tirantes-y-blusa-con-nido-de-abeja-azul-blanco\/"]}]},{"@type":"ImageObject","inLanguage":"es","@id":"https:\/\/voyagedelabaleine.fr\/es\/producto\/conjunto-para-nino-de-pantalon-corto-con-tirantes-y-blusa-con-nido-de-abeja-azul-blanco\/#primaryimage","url":"https:\/\/voyagedelabaleine.fr\/wp-content\/uploads\/2026\/02\/ensemble-garcon-blouse-short-bretelles-2.jpg","contentUrl":"https:\/\/voyagedelabaleine.fr\/wp-content\/uploads\/2026\/02\/ensemble-garcon-blouse-short-bretelles-2.jpg","width":1300,"height":1733,"caption":"Ensemble gar\u00e7on short \u00e0 bretelles bleu marine et blouse blanche \u00e0 smocks"},{"@type":"BreadcrumbList","@id":"https:\/\/voyagedelabaleine.fr\/es\/producto\/conjunto-para-nino-de-pantalon-corto-con-tirantes-y-blusa-con-nido-de-abeja-azul-blanco\/#breadcrumb","itemListElement":[{"@type":"ListItem","position":1,"name":"Accueil","item":"https:\/\/voyagedelabaleine.fr\/es\/inicio\/"},{"@type":"ListItem","position":2,"name":"Tienda","item":"https:\/\/voyagedelabaleine.fr\/es\/tienda\/"},{"@type":"ListItem","position":3,"name":"Conjunto para ni\u00f1o de pantal\u00f3n corto con tirantes y blusa con nido de abeja &#8211; Azul\/blanco"}]},{"@type":"WebSite","@id":"https:\/\/voyagedelabaleine.fr\/es\/#website","url":"https:\/\/voyagedelabaleine.fr\/es\/","name":"Voyage de la Baleine","description":"V\u00eatements intemporels et raffin\u00e9s pour b\u00e9b\u00e9s et enfants","publisher":{"@id":"https:\/\/voyagedelabaleine.fr\/es\/#organization"},"potentialAction":[{"@type":"SearchAction","target":{"@type":"EntryPoint","urlTemplate":"https:\/\/voyagedelabaleine.fr\/es\/?s={search_term_string}"},"query-input":{"@type":"PropertyValueSpecification","valueRequired":true,"valueName":"search_term_string"}}],"inLanguage":"es"},{"@type":"Organization","@id":"https:\/\/voyagedelabaleine.fr\/es\/#organization","name":"Voyage de la Baleine","url":"https:\/\/voyagedelabaleine.fr\/es\/","logo":{"@type":"ImageObject","inLanguage":"es","@id":"https:\/\/voyagedelabaleine.fr\/es\/#\/schema\/logo\/image\/","url":"https:\/\/voyagedelabaleine.fr\/wp-content\/uploads\/2025\/06\/logo.webp","contentUrl":"https:\/\/voyagedelabaleine.fr\/wp-content\/uploads\/2025\/06\/logo.webp","width":153,"height":64,"caption":"Voyage de la Baleine"},"image":{"@id":"https:\/\/voyagedelabaleine.fr\/es\/#\/schema\/logo\/image\/"},"sameAs":["https:\/\/www.facebook.com\/voyagedelabaleine\/","https:\/\/www.instagram.com\/voyagedelabaleine\/","https:\/\/www.pinterest.fr\/Voyagedelabaleine\/"]}]}},"_links":{"self":[{"href":"https:\/\/voyagedelabaleine.fr\/es\/wp-json\/wp\/v2\/product\/40474","targetHints":{"allow":["GET"]}}],"collection":[{"href":"https:\/\/voyagedelabaleine.fr\/es\/wp-json\/wp\/v2\/product"}],"about":[{"href":"https:\/\/voyagedelabaleine.fr\/es\/wp-json\/wp\/v2\/types\/product"}],"replies":[{"embeddable":true,"href":"https:\/\/voyagedelabaleine.fr\/es\/wp-json\/wp\/v2\/comments?post=40474"}],"wp:featuredmedia":[{"embeddable":true,"href":"https:\/\/voyagedelabaleine.fr\/es\/wp-json\/wp\/v2\/media\/39586"}],"wp:attachment":[{"href":"https:\/\/voyagedelabaleine.fr\/es\/wp-json\/wp\/v2\/media?parent=40474"}],"wp:term":[{"taxonomy":"product_brand","embeddable":true,"href":"https:\/\/voyagedelabaleine.fr\/es\/wp-json\/wp\/v2\/product_brand?post=40474"},{"taxonomy":"product_cat","embeddable":true,"href":"https:\/\/voyagedelabaleine.fr\/es\/wp-json\/wp\/v2\/product_cat?post=40474"},{"taxonomy":"product_tag","embeddable":true,"href":"https:\/\/voyagedelabaleine.fr\/es\/wp-json\/wp\/v2\/product_tag?post=40474"}],"curies":[{"name":"wp","href":"https:\/\/api.w.org\/{rel}","templated":true}]}}