{"id":41678,"date":"2026-03-18T11:13:38","date_gmt":"2026-03-18T10:13:38","guid":{"rendered":"https:\/\/voyagedelabaleine.fr\/product\/conjunto-de-bebe-marinero-blanco-azul\/"},"modified":"2026-03-18T11:13:38","modified_gmt":"2026-03-18T10:13:38","slug":"conjunto-de-bebe-marinero-blanco-azul","status":"publish","type":"product","link":"https:\/\/voyagedelabaleine.fr\/es\/producto\/conjunto-de-bebe-marinero-blanco-azul\/","title":{"rendered":"Conjunto de beb\u00e9 marinero \u2013 Blanco\/azul"},"content":{"rendered":"<h3 data-section-id=\"1uq12pl\" data-start=\"276\" data-end=\"306\">Un look luminoso para el beb\u00e9<\/h3>\n<p data-start=\"308\" data-end=\"678\">El <strong data-start=\"310\" data-end=\"365\">conjunto de beb\u00e9 marinero \u2013 Blanco\/azul<\/strong> est\u00e1 dise\u00f1ado para vestir al beb\u00e9 con elegancia y comodidad. El <strong data-start=\"424\" data-end=\"462\">jersey de rayas azul cielo sobre fondo blanco<\/strong>, con <strong data-start=\"475\" data-end=\"493\">cuello redondo<\/strong> y cierre trasero mediante tapeta de botones, aporta suavidad y estilo a sus primeras puestas. El <strong data-start=\"595\" data-end=\"629\">pantal\u00f3n a juego en azul cielo liso<\/strong> completa el conjunto con sencillez y armon\u00eda.  <\/p>\n<h3 data-section-id=\"1y5voxq\" data-start=\"680\" data-end=\"717\">Un conjunto pr\u00e1ctico y c\u00f3modo<\/h3>\n<p data-start=\"719\" data-end=\"1032\">El corte del conjunto se ha dise\u00f1ado para el <strong data-start=\"764\" data-end=\"785\">bienestar del beb\u00e9<\/strong>. El jersey se mantiene en su sitio gracias al cierre trasero y el pantal\u00f3n garantiza una libertad de movimiento perfecta para moverse, gatear o descansar. Este conjunto es ideal para el d\u00eda a d\u00eda en casa o para peque\u00f1os paseos, aportando siempre un toque refinado.  <\/p>\n<h3 data-section-id=\"n2gymm\" data-start=\"1034\" data-end=\"1059\">Un toque coordinado<\/h3>\n<p data-start=\"1061\" data-end=\"1323\">Para un look totalmente conjuntado, el jersey y el pantal\u00f3n pueden combinarse con el <a href=\"https:\/\/voyagedelabaleine.fr\/es\/producto\/gorro-de-bebe-en-punto-bobo-pequeno-marinero-blanco-azul\/\"><strong data-start=\"1146\" data-end=\"1199\">Gorro de beb\u00e9 en punto bobo marinero \u2013 Blanco\/azul<\/strong><\/a>. Juntos crean un d\u00fao armonioso, ofreciendo al beb\u00e9 un estilo completo y po\u00e9tico para todas sus primeras aventuras. <\/p>\n<h3 data-section-id=\"11krvpr\" data-start=\"1325\" data-end=\"1368\">Una prenda esencial del armario del beb\u00e9<\/h3>\n<p data-start=\"1370\" data-end=\"1637\">Este <strong data-start=\"1374\" data-end=\"1411\">conjunto marinero<\/strong> es un cl\u00e1sico renovado, elegante y suave. Su corte c\u00f3modo y sus delicadas rayas reflejan a la perfecci\u00f3n el universo refinado de <em data-start=\"1546\" data-end=\"1568\">Voyage de la Baleine<\/em>, permitiendo que el beb\u00e9 disfrute plenamente de sus movimientos. <\/p>\n<p data-start=\"1370\" data-end=\"1637\">Fabricado en Espa\u00f1a.<\/p>\n","protected":false},"excerpt":{"rendered":"<ul>\n<li>Conjunto de jersey y pantal\u00f3n<\/li>\n<li>Cuello redondo<\/li>\n<li>100% algod\u00f3n<\/li>\n<li>Fabricado en Espa\u00f1a<br \/>\n<em>Este conjunto tiene un tallaje normal. Elija la talla habitual.<\/em><\/li>\n<\/ul>\n","protected":false},"featured_media":38273,"comment_status":"open","ping_status":"closed","template":"","meta":{"ocean_post_layout":"","ocean_both_sidebars_style":"","ocean_both_sidebars_content_width":0,"ocean_both_sidebars_sidebars_width":0,"ocean_sidebar":"0","ocean_second_sidebar":"0","ocean_disable_margins":"enable","ocean_add_body_class":"","ocean_shortcode_before_top_bar":"","ocean_shortcode_after_top_bar":"","ocean_shortcode_before_header":"","ocean_shortcode_after_header":"","ocean_has_shortcode":"","ocean_shortcode_after_title":"","ocean_shortcode_before_footer_widgets":"","ocean_shortcode_after_footer_widgets":"","ocean_shortcode_before_footer_bottom":"","ocean_shortcode_after_footer_bottom":"","ocean_display_top_bar":"default","ocean_display_header":"default","ocean_header_style":"","ocean_center_header_left_menu":"0","ocean_custom_header_template":"0","ocean_custom_logo":0,"ocean_custom_retina_logo":0,"ocean_custom_logo_max_width":0,"ocean_custom_logo_tablet_max_width":0,"ocean_custom_logo_mobile_max_width":0,"ocean_custom_logo_max_height":0,"ocean_custom_logo_tablet_max_height":0,"ocean_custom_logo_mobile_max_height":0,"ocean_header_custom_menu":"0","ocean_menu_typo_font_family":"0","ocean_menu_typo_font_subset":"","ocean_menu_typo_font_size":0,"ocean_menu_typo_font_size_tablet":0,"ocean_menu_typo_font_size_mobile":0,"ocean_menu_typo_font_size_unit":"px","ocean_menu_typo_font_weight":"","ocean_menu_typo_font_weight_tablet":"","ocean_menu_typo_font_weight_mobile":"","ocean_menu_typo_transform":"","ocean_menu_typo_transform_tablet":"","ocean_menu_typo_transform_mobile":"","ocean_menu_typo_line_height":0,"ocean_menu_typo_line_height_tablet":0,"ocean_menu_typo_line_height_mobile":0,"ocean_menu_typo_line_height_unit":"","ocean_menu_typo_spacing":0,"ocean_menu_typo_spacing_tablet":0,"ocean_menu_typo_spacing_mobile":0,"ocean_menu_typo_spacing_unit":"","ocean_menu_link_color":"","ocean_menu_link_color_hover":"","ocean_menu_link_color_active":"","ocean_menu_link_background":"","ocean_menu_link_hover_background":"","ocean_menu_link_active_background":"","ocean_menu_social_links_bg":"","ocean_menu_social_hover_links_bg":"","ocean_menu_social_links_color":"","ocean_menu_social_hover_links_color":"","ocean_disable_title":"default","ocean_disable_heading":"default","ocean_post_title":"","ocean_post_subheading":"","ocean_post_title_style":"","ocean_post_title_background_color":"","ocean_post_title_background":0,"ocean_post_title_bg_image_position":"","ocean_post_title_bg_image_attachment":"","ocean_post_title_bg_image_repeat":"","ocean_post_title_bg_image_size":"","ocean_post_title_height":0,"ocean_post_title_bg_overlay":0.5,"ocean_post_title_bg_overlay_color":"","ocean_disable_breadcrumbs":"default","ocean_breadcrumbs_color":"","ocean_breadcrumbs_separator_color":"","ocean_breadcrumbs_links_color":"","ocean_breadcrumbs_links_hover_color":"","ocean_display_footer_widgets":"default","ocean_display_footer_bottom":"default","ocean_custom_footer_template":"0","osh_disable_topbar_sticky":"default","osh_disable_header_sticky":"default","osh_sticky_header_style":"default","osh_sticky_header_effect":"","osh_custom_sticky_logo":0,"osh_custom_retina_sticky_logo":0,"osh_custom_sticky_logo_height":0,"osh_background_color":"","osh_links_color":"","osh_links_hover_color":"","osh_links_active_color":"","osh_links_bg_color":"","osh_links_hover_bg_color":"","osh_links_active_bg_color":"","osh_menu_social_links_color":"","osh_menu_social_hover_links_color":""},"product_brand":[],"product_cat":[7019,7005,6879,6857,7031],"product_tag":[],"class_list":{"0":"post-41678","1":"product","2":"type-product","3":"status-publish","4":"has-post-thumbnail","6":"product_cat-conjuntos-nacimiento","7":"product_cat-conjuntos-nacimiento-nino","8":"product_cat-conjuntos-bebe","9":"product_cat-conjuntos-bebe-nino","10":"product_cat-ropa","12":"entry","13":"has-media","15":"first","16":"instock","17":"taxable","18":"shipping-taxable","19":"purchasable","20":"product-type-variable","21":"has-default-attributes","22":"col","23":"span_1_of_3","24":"owp-content-center","25":"owp-thumbs-layout-vertical","26":"owp-btn-big","27":"owp-tabs-layout-vertical","28":"circle-sale"},"yoast_head":"<!-- This site is optimized with the Yoast SEO plugin v27.1.1 - https:\/\/yoast.com\/product\/yoast-seo-wordpress\/ -->\n<title>Conjunto de beb\u00e9 marinero \u2013 Blanco\/azul - Voyage de la Baleine<\/title>\n<meta name=\"description\" content=\"El conjunto de beb\u00e9 marinero \u2013 Blanco\/azul est\u00e1 dise\u00f1ado para vestir al beb\u00e9 con elegancia y comodidad. Fabricado en Espa\u00f1a. 100 % algod\u00f3n.\" \/>\n<meta name=\"robots\" content=\"index, follow, max-snippet:-1, max-image-preview:large, max-video-preview:-1\" \/>\n<link rel=\"canonical\" href=\"https:\/\/voyagedelabaleine.fr\/es\/producto\/conjunto-de-bebe-marinero-blanco-azul\/\" \/>\n<meta property=\"og:locale\" content=\"es_ES\" \/>\n<meta property=\"og:type\" content=\"article\" \/>\n<meta property=\"og:title\" content=\"Conjunto de beb\u00e9 marinero \u2013 Blanco\/azul - Voyage de la Baleine\" \/>\n<meta property=\"og:description\" content=\"El conjunto de beb\u00e9 marinero \u2013 Blanco\/azul est\u00e1 dise\u00f1ado para vestir al beb\u00e9 con elegancia y comodidad. Fabricado en Espa\u00f1a. 100 % algod\u00f3n.\" \/>\n<meta property=\"og:url\" content=\"https:\/\/voyagedelabaleine.fr\/es\/producto\/conjunto-de-bebe-marinero-blanco-azul\/\" \/>\n<meta property=\"og:site_name\" content=\"Voyage de la Baleine\" \/>\n<meta property=\"article:publisher\" content=\"https:\/\/www.facebook.com\/voyagedelabaleine\/\" \/>\n<meta property=\"og:image\" content=\"https:\/\/voyagedelabaleine.fr\/wp-content\/uploads\/2026\/02\/ensemble-bebe-marin.jpg\" \/>\n\t<meta property=\"og:image:width\" content=\"1500\" \/>\n\t<meta property=\"og:image:height\" content=\"2000\" \/>\n\t<meta property=\"og:image:type\" content=\"image\/jpeg\" \/>\n<meta name=\"twitter:card\" content=\"summary_large_image\" \/>\n<meta name=\"twitter:label1\" content=\"Tiempo de lectura\" \/>\n\t<meta name=\"twitter:data1\" content=\"1 minuto\" \/>\n<script type=\"application\/ld+json\" class=\"yoast-schema-graph\">{\"@context\":\"https:\/\/schema.org\",\"@graph\":[{\"@type\":\"WebPage\",\"@id\":\"https:\/\/voyagedelabaleine.fr\/es\/producto\/conjunto-de-bebe-marinero-blanco-azul\/\",\"url\":\"https:\/\/voyagedelabaleine.fr\/es\/producto\/conjunto-de-bebe-marinero-blanco-azul\/\",\"name\":\"Conjunto de beb\u00e9 marinero \u2013 Blanco\/azul - Voyage de la Baleine\",\"isPartOf\":{\"@id\":\"https:\/\/voyagedelabaleine.fr\/es\/#website\"},\"primaryImageOfPage\":{\"@id\":\"https:\/\/voyagedelabaleine.fr\/es\/producto\/conjunto-de-bebe-marinero-blanco-azul\/#primaryimage\"},\"image\":{\"@id\":\"https:\/\/voyagedelabaleine.fr\/es\/producto\/conjunto-de-bebe-marinero-blanco-azul\/#primaryimage\"},\"thumbnailUrl\":\"https:\/\/voyagedelabaleine.fr\/wp-content\/uploads\/2026\/02\/ensemble-bebe-marin.jpg\",\"datePublished\":\"2026-03-18T10:13:38+00:00\",\"description\":\"El conjunto de beb\u00e9 marinero \u2013 Blanco\/azul est\u00e1 dise\u00f1ado para vestir al beb\u00e9 con elegancia y comodidad. Fabricado en Espa\u00f1a. 100 % algod\u00f3n.\",\"breadcrumb\":{\"@id\":\"https:\/\/voyagedelabaleine.fr\/es\/producto\/conjunto-de-bebe-marinero-blanco-azul\/#breadcrumb\"},\"inLanguage\":\"es\",\"potentialAction\":[{\"@type\":\"ReadAction\",\"target\":[\"https:\/\/voyagedelabaleine.fr\/es\/producto\/conjunto-de-bebe-marinero-blanco-azul\/\"]}]},{\"@type\":\"ImageObject\",\"inLanguage\":\"es\",\"@id\":\"https:\/\/voyagedelabaleine.fr\/es\/producto\/conjunto-de-bebe-marinero-blanco-azul\/#primaryimage\",\"url\":\"https:\/\/voyagedelabaleine.fr\/wp-content\/uploads\/2026\/02\/ensemble-bebe-marin.jpg\",\"contentUrl\":\"https:\/\/voyagedelabaleine.fr\/wp-content\/uploads\/2026\/02\/ensemble-bebe-marin.jpg\",\"width\":1500,\"height\":2000},{\"@type\":\"BreadcrumbList\",\"@id\":\"https:\/\/voyagedelabaleine.fr\/es\/producto\/conjunto-de-bebe-marinero-blanco-azul\/#breadcrumb\",\"itemListElement\":[{\"@type\":\"ListItem\",\"position\":1,\"name\":\"Accueil\",\"item\":\"https:\/\/voyagedelabaleine.fr\/es\/inicio\/\"},{\"@type\":\"ListItem\",\"position\":2,\"name\":\"Tienda\",\"item\":\"https:\/\/voyagedelabaleine.fr\/es\/tienda\/\"},{\"@type\":\"ListItem\",\"position\":3,\"name\":\"Conjunto de beb\u00e9 marinero \u2013 Blanco\/azul\"}]},{\"@type\":\"WebSite\",\"@id\":\"https:\/\/voyagedelabaleine.fr\/es\/#website\",\"url\":\"https:\/\/voyagedelabaleine.fr\/es\/\",\"name\":\"Voyage de la Baleine\",\"description\":\"V\u00eatements intemporels et raffin\u00e9s pour b\u00e9b\u00e9s et enfants\",\"publisher\":{\"@id\":\"https:\/\/voyagedelabaleine.fr\/es\/#organization\"},\"potentialAction\":[{\"@type\":\"SearchAction\",\"target\":{\"@type\":\"EntryPoint\",\"urlTemplate\":\"https:\/\/voyagedelabaleine.fr\/es\/?s={search_term_string}\"},\"query-input\":{\"@type\":\"PropertyValueSpecification\",\"valueRequired\":true,\"valueName\":\"search_term_string\"}}],\"inLanguage\":\"es\"},{\"@type\":\"Organization\",\"@id\":\"https:\/\/voyagedelabaleine.fr\/es\/#organization\",\"name\":\"Voyage de la Baleine\",\"url\":\"https:\/\/voyagedelabaleine.fr\/es\/\",\"logo\":{\"@type\":\"ImageObject\",\"inLanguage\":\"es\",\"@id\":\"https:\/\/voyagedelabaleine.fr\/es\/#\/schema\/logo\/image\/\",\"url\":\"https:\/\/voyagedelabaleine.fr\/wp-content\/uploads\/2025\/06\/logo.webp\",\"contentUrl\":\"https:\/\/voyagedelabaleine.fr\/wp-content\/uploads\/2025\/06\/logo.webp\",\"width\":153,\"height\":64,\"caption\":\"Voyage de la Baleine\"},\"image\":{\"@id\":\"https:\/\/voyagedelabaleine.fr\/es\/#\/schema\/logo\/image\/\"},\"sameAs\":[\"https:\/\/www.facebook.com\/voyagedelabaleine\/\",\"https:\/\/www.instagram.com\/voyagedelabaleine\/\",\"https:\/\/www.pinterest.fr\/Voyagedelabaleine\/\"]}]}<\/script>\n<!-- \/ Yoast SEO plugin. -->","yoast_head_json":{"title":"Conjunto de beb\u00e9 marinero \u2013 Blanco\/azul - Voyage de la Baleine","description":"El conjunto de beb\u00e9 marinero \u2013 Blanco\/azul est\u00e1 dise\u00f1ado para vestir al beb\u00e9 con elegancia y comodidad. Fabricado en Espa\u00f1a. 100 % algod\u00f3n.","robots":{"index":"index","follow":"follow","max-snippet":"max-snippet:-1","max-image-preview":"max-image-preview:large","max-video-preview":"max-video-preview:-1"},"canonical":"https:\/\/voyagedelabaleine.fr\/es\/producto\/conjunto-de-bebe-marinero-blanco-azul\/","og_locale":"es_ES","og_type":"article","og_title":"Conjunto de beb\u00e9 marinero \u2013 Blanco\/azul - Voyage de la Baleine","og_description":"El conjunto de beb\u00e9 marinero \u2013 Blanco\/azul est\u00e1 dise\u00f1ado para vestir al beb\u00e9 con elegancia y comodidad. Fabricado en Espa\u00f1a. 100 % algod\u00f3n.","og_url":"https:\/\/voyagedelabaleine.fr\/es\/producto\/conjunto-de-bebe-marinero-blanco-azul\/","og_site_name":"Voyage de la Baleine","article_publisher":"https:\/\/www.facebook.com\/voyagedelabaleine\/","og_image":[{"width":1500,"height":2000,"url":"https:\/\/voyagedelabaleine.fr\/wp-content\/uploads\/2026\/02\/ensemble-bebe-marin.jpg","type":"image\/jpeg"}],"twitter_card":"summary_large_image","twitter_misc":{"Tiempo de lectura":"1 minuto"},"schema":{"@context":"https:\/\/schema.org","@graph":[{"@type":"WebPage","@id":"https:\/\/voyagedelabaleine.fr\/es\/producto\/conjunto-de-bebe-marinero-blanco-azul\/","url":"https:\/\/voyagedelabaleine.fr\/es\/producto\/conjunto-de-bebe-marinero-blanco-azul\/","name":"Conjunto de beb\u00e9 marinero \u2013 Blanco\/azul - Voyage de la Baleine","isPartOf":{"@id":"https:\/\/voyagedelabaleine.fr\/es\/#website"},"primaryImageOfPage":{"@id":"https:\/\/voyagedelabaleine.fr\/es\/producto\/conjunto-de-bebe-marinero-blanco-azul\/#primaryimage"},"image":{"@id":"https:\/\/voyagedelabaleine.fr\/es\/producto\/conjunto-de-bebe-marinero-blanco-azul\/#primaryimage"},"thumbnailUrl":"https:\/\/voyagedelabaleine.fr\/wp-content\/uploads\/2026\/02\/ensemble-bebe-marin.jpg","datePublished":"2026-03-18T10:13:38+00:00","description":"El conjunto de beb\u00e9 marinero \u2013 Blanco\/azul est\u00e1 dise\u00f1ado para vestir al beb\u00e9 con elegancia y comodidad. Fabricado en Espa\u00f1a. 100 % algod\u00f3n.","breadcrumb":{"@id":"https:\/\/voyagedelabaleine.fr\/es\/producto\/conjunto-de-bebe-marinero-blanco-azul\/#breadcrumb"},"inLanguage":"es","potentialAction":[{"@type":"ReadAction","target":["https:\/\/voyagedelabaleine.fr\/es\/producto\/conjunto-de-bebe-marinero-blanco-azul\/"]}]},{"@type":"ImageObject","inLanguage":"es","@id":"https:\/\/voyagedelabaleine.fr\/es\/producto\/conjunto-de-bebe-marinero-blanco-azul\/#primaryimage","url":"https:\/\/voyagedelabaleine.fr\/wp-content\/uploads\/2026\/02\/ensemble-bebe-marin.jpg","contentUrl":"https:\/\/voyagedelabaleine.fr\/wp-content\/uploads\/2026\/02\/ensemble-bebe-marin.jpg","width":1500,"height":2000},{"@type":"BreadcrumbList","@id":"https:\/\/voyagedelabaleine.fr\/es\/producto\/conjunto-de-bebe-marinero-blanco-azul\/#breadcrumb","itemListElement":[{"@type":"ListItem","position":1,"name":"Accueil","item":"https:\/\/voyagedelabaleine.fr\/es\/inicio\/"},{"@type":"ListItem","position":2,"name":"Tienda","item":"https:\/\/voyagedelabaleine.fr\/es\/tienda\/"},{"@type":"ListItem","position":3,"name":"Conjunto de beb\u00e9 marinero \u2013 Blanco\/azul"}]},{"@type":"WebSite","@id":"https:\/\/voyagedelabaleine.fr\/es\/#website","url":"https:\/\/voyagedelabaleine.fr\/es\/","name":"Voyage de la Baleine","description":"V\u00eatements intemporels et raffin\u00e9s pour b\u00e9b\u00e9s et enfants","publisher":{"@id":"https:\/\/voyagedelabaleine.fr\/es\/#organization"},"potentialAction":[{"@type":"SearchAction","target":{"@type":"EntryPoint","urlTemplate":"https:\/\/voyagedelabaleine.fr\/es\/?s={search_term_string}"},"query-input":{"@type":"PropertyValueSpecification","valueRequired":true,"valueName":"search_term_string"}}],"inLanguage":"es"},{"@type":"Organization","@id":"https:\/\/voyagedelabaleine.fr\/es\/#organization","name":"Voyage de la Baleine","url":"https:\/\/voyagedelabaleine.fr\/es\/","logo":{"@type":"ImageObject","inLanguage":"es","@id":"https:\/\/voyagedelabaleine.fr\/es\/#\/schema\/logo\/image\/","url":"https:\/\/voyagedelabaleine.fr\/wp-content\/uploads\/2025\/06\/logo.webp","contentUrl":"https:\/\/voyagedelabaleine.fr\/wp-content\/uploads\/2025\/06\/logo.webp","width":153,"height":64,"caption":"Voyage de la Baleine"},"image":{"@id":"https:\/\/voyagedelabaleine.fr\/es\/#\/schema\/logo\/image\/"},"sameAs":["https:\/\/www.facebook.com\/voyagedelabaleine\/","https:\/\/www.instagram.com\/voyagedelabaleine\/","https:\/\/www.pinterest.fr\/Voyagedelabaleine\/"]}]}},"_links":{"self":[{"href":"https:\/\/voyagedelabaleine.fr\/es\/wp-json\/wp\/v2\/product\/41678","targetHints":{"allow":["GET"]}}],"collection":[{"href":"https:\/\/voyagedelabaleine.fr\/es\/wp-json\/wp\/v2\/product"}],"about":[{"href":"https:\/\/voyagedelabaleine.fr\/es\/wp-json\/wp\/v2\/types\/product"}],"replies":[{"embeddable":true,"href":"https:\/\/voyagedelabaleine.fr\/es\/wp-json\/wp\/v2\/comments?post=41678"}],"wp:featuredmedia":[{"embeddable":true,"href":"https:\/\/voyagedelabaleine.fr\/es\/wp-json\/wp\/v2\/media\/38273"}],"wp:attachment":[{"href":"https:\/\/voyagedelabaleine.fr\/es\/wp-json\/wp\/v2\/media?parent=41678"}],"wp:term":[{"taxonomy":"product_brand","embeddable":true,"href":"https:\/\/voyagedelabaleine.fr\/es\/wp-json\/wp\/v2\/product_brand?post=41678"},{"taxonomy":"product_cat","embeddable":true,"href":"https:\/\/voyagedelabaleine.fr\/es\/wp-json\/wp\/v2\/product_cat?post=41678"},{"taxonomy":"product_tag","embeddable":true,"href":"https:\/\/voyagedelabaleine.fr\/es\/wp-json\/wp\/v2\/product_tag?post=41678"}],"curies":[{"name":"wp","href":"https:\/\/api.w.org\/{rel}","templated":true}]}}