{"id":42055,"date":"2026-03-18T16:05:39","date_gmt":"2026-03-18T15:05:39","guid":{"rendered":"https:\/\/voyagedelabaleine.fr\/product\/conjunto-bebe-elegante-blusa-con-cuello-y-cubrepanal-azul\/"},"modified":"2026-03-18T16:05:39","modified_gmt":"2026-03-18T15:05:39","slug":"conjunto-bebe-elegante-blusa-con-cuello-y-cubrepanal-azul","status":"publish","type":"product","link":"https:\/\/voyagedelabaleine.fr\/es\/producto\/conjunto-bebe-elegante-blusa-con-cuello-y-cubrepanal-azul\/","title":{"rendered":"Conjunto beb\u00e9 elegante: blusa con cuello y cubrepa\u00f1al &#8211; Azul"},"content":{"rendered":"<div class=\"flex flex-col text-sm pb-25\">\n<article class=\"text-token-text-primary w-full focus:outline-none [--shadow-height:45px] has-data-writing-block:pointer-events-none has-data-writing-block:-mt-(--shadow-height) has-data-writing-block:pt-(--shadow-height) [&amp;:has([data-writing-block])&gt;*]:pointer-events-auto scroll-mt-[calc(var(--header-height)+min(200px,max(70px,20svh)))]\" dir=\"auto\" tabindex=\"-1\" data-turn-id=\"request-6970f0b2-bcb4-8329-8c33-a634cee04d04-9\" data-testid=\"conversation-turn-220\" data-scroll-anchor=\"true\" data-turn=\"assistant\">\n<div class=\"text-base my-auto mx-auto pb-10 [--thread-content-margin:var(--thread-content-margin-xs,calc(var(--spacing)*4))] @w-sm\/main:[--thread-content-margin:var(--thread-content-margin-sm,calc(var(--spacing)*6))] @w-lg\/main:[--thread-content-margin:var(--thread-content-margin-lg,calc(var(--spacing)*16))] px-(--thread-content-margin)\">\n<div class=\"[--thread-content-max-width:40rem] @w-lg\/main:[--thread-content-max-width:48rem] mx-auto max-w-(--thread-content-max-width) flex-1 group\/turn-messages focus-visible:outline-hidden relative flex w-full min-w-0 flex-col agent-turn\" tabindex=\"-1\">\n<div class=\"flex max-w-full flex-col gap-4 grow\">\n<div class=\"min-h-8 text-message relative flex w-full flex-col items-end gap-2 text-start break-words whitespace-normal [.text-message+&amp;]:mt-1\" dir=\"auto\" data-message-author-role=\"assistant\" data-message-id=\"469e6435-ffaf-4690-ab77-198ca1000441\" data-message-model-slug=\"gpt-5-3\">\n<div class=\"flex w-full flex-col gap-1 empty:hidden\">\n<div class=\"markdown prose dark:prose-invert w-full wrap-break-word light markdown-new-styling\">\n<h3 data-section-id=\"zfpyqu\" data-start=\"57\" data-end=\"101\">Un conjunto para beb\u00e9 refinado y armonioso<\/h3>\n<p data-start=\"103\" data-end=\"388\">Nuestro <strong data-start=\"109\" data-end=\"165\">conjunto beb\u00e9 elegante: blusa con cuello y cubrepa\u00f1al \u2013 azul<\/strong> encarna un armario cuidado y delicado para los m\u00e1s peque\u00f1os. Pensado para vestir al beb\u00e9 con elegancia, este conjunto combina una <strong data-start=\"292\" data-end=\"316\">blusa blanca con cuello<\/strong> y un <strong data-start=\"323\" data-end=\"339\">cubrepa\u00f1al azul<\/strong>, para una silueta equilibrada y atemporal. <\/p>\n<p data-start=\"390\" data-end=\"631\">Los toques de <strong data-start=\"405\" data-end=\"418\">azul cielo<\/strong>, presentes en los remates de la blusa, hacen eco del tono del cubrepa\u00f1al y crean una armon\u00eda sutil y refinada. Un conjunto ideal tanto para momentos importantes como para d\u00edas arreglados del d\u00eda a d\u00eda. <\/p>\n<h3 data-section-id=\"kg4xsp\" data-start=\"633\" data-end=\"679\">Una blusa con cuello de acabados delicados<\/h3>\n<p data-start=\"681\" data-end=\"877\">La blusa de algod\u00f3n destaca por su <strong data-start=\"721\" data-end=\"755\">cuello adornado con un ribete azul cielo<\/strong>, presente tambi\u00e9n en el borde de las mangas. Estos detalles aportan un toque elegante y estructurado, sin dejar de ser discretos. <\/p>\n<p data-start=\"879\" data-end=\"1095\">Cuatro <strong data-start=\"886\" data-end=\"918\">botones decorativos azul cielo<\/strong> visten el delantero con delicadeza. La blusa se cierra con una <strong data-start=\"988\" data-end=\"1018\">tapeta de botones en la espalda<\/strong>, lo que permite vestir con facilidad manteniendo un delantero limpio y refinado. <\/p>\n<h3 data-section-id=\"v313dk\" data-start=\"1097\" data-end=\"1143\">Un cubrepa\u00f1al azul c\u00f3modo y estructurado<\/h3>\n<p data-start=\"1145\" data-end=\"1344\">El cubrepa\u00f1al, confeccionado en una <strong data-start=\"1178\" data-end=\"1210\">mezcla de lino y viscosa<\/strong>, aporta una bonita ca\u00edda sin dejar de ser agradable de llevar. Su <strong data-start=\"1274\" data-end=\"1295\">forro de algod\u00f3n<\/strong> garantiza confort y suavidad en contacto con la piel. <\/p>\n<p data-start=\"1346\" data-end=\"1608\">Un detalle especialmente ingenioso distingue este conjunto: un <strong data-start=\"1411\" data-end=\"1481\">sistema de botones en la blusa y un el\u00e1stico integrado en el cubrepa\u00f1al<\/strong> permite mantener la blusa bien colocada por dentro. As\u00ed, el conjunto queda perfectamente ajustado, incluso cuando el beb\u00e9 se mueve. <\/p>\n<h3 data-section-id=\"1dzogd5\" data-start=\"1696\" data-end=\"1732\">Un look coordinado entre hermanos<\/h3>\n<p data-start=\"1346\" data-end=\"1608\">Este conjunto est\u00e1 <strong data-start=\"1751\" data-end=\"1823\">a juego con nuestro <a href=\"https:\/\/voyagedelabaleine.fr\/es\/producto\/conjunto-nino-elegante-camisa-y-short-azul\/\">Conjunto ni\u00f1o elegante: camisa y short &#8211; azul<\/a><\/strong>, lo que permite crear un <strong data-start=\"1848\" data-end=\"1879\">look coordinado entre hermanos<\/strong>. Una bonita manera de componer conjuntos armoniosos para eventos, fotos familiares o momentos especiales. <\/p>\n<h3 data-section-id=\"dk1dzd\" data-start=\"1610\" data-end=\"1662\">Un conjunto pensado para el confort y la elegancia<\/h3>\n<p data-start=\"1664\" data-end=\"1861\">El corte del conjunto est\u00e1 dise\u00f1ado para ofrecer una gran libertad de movimiento, manteniendo un aire cuidado. El beb\u00e9 puede moverse, jugar o ir en brazos sin que el conjunto pierda su forma. <\/p>\n<p data-start=\"1863\" data-end=\"2018\">Este conjunto es ideal para crear un look elegante para ni\u00f1o, ya sea para una ceremonia, un evento familiar o un paseo arreglado.<\/p>\n<h3 data-section-id=\"1t4goq4\" data-start=\"2020\" data-end=\"2062\">Una confecci\u00f3n espa\u00f1ola de calidad<\/h3>\n<p data-start=\"2064\" data-end=\"2295\">Fabricado en Espa\u00f1a, este conjunto se beneficia de un saber hacer reconocido y de una atenci\u00f3n especial a los acabados. Las costuras son precisas, los detalles est\u00e1n cuidadosamente realizados y los materiales se seleccionan con exigencia. <\/p>\n<h3 data-section-id=\"tpt6ib\" data-start=\"2297\" data-end=\"2338\">Un imprescindible del armario del beb\u00e9<\/h3>\n<p data-start=\"2340\" data-end=\"2611\" data-is-last-node=\"\" data-is-only-node=\"\">Nuestro <strong data-start=\"2346\" data-end=\"2392\">conjunto beb\u00e9: blusa con cuello y cubrepa\u00f1al azul<\/strong> es una pieza clave del armario de los m\u00e1s peque\u00f1os. Elegante, c\u00f3modo e ingenioso, refleja a la perfecci\u00f3n el universo refinado de Voyage de la Baleine y acompa\u00f1a al beb\u00e9 con estilo en sus primeros momentos importantes. <\/p>\n<\/div>\n<\/div>\n<\/div>\n<\/div>\n<div class=\"z-0 flex min-h-[46px] justify-start\">Fabricado en Espa\u00f1a.<\/div>\n<\/div>\n<\/div>\n<\/article>\n<\/div>\n<div class=\"pointer-events-none h-px w-px absolute bottom-0\" aria-hidden=\"true\" data-edge=\"true\"><\/div>\n","protected":false},"excerpt":{"rendered":"<ul>\n<li>Conjunto de blusa con cuello redondo y cubrepa\u00f1al<\/li>\n<li>Ingenioso sistema de botones en la blusa y el\u00e1sticos integrados en el cubrepa\u00f1al para mantener la blusa bien colocada dentro del cubrepa\u00f1al<\/li>\n<li>Ideal para un regalo de nacimiento<\/li>\n<li>Blusa: 100% algod\u00f3n<br \/>\nCubrepa\u00f1al: 51% lino, 49% viscosa<\/li>\n<li>Fabricado en Espa\u00f1a<br \/>\n<em>Este conjunto tiene un tallaje normal. Elija la talla habitual.<\/em><\/li>\n<\/ul>\n","protected":false},"featured_media":39852,"comment_status":"open","ping_status":"closed","template":"","meta":{"ocean_post_layout":"","ocean_both_sidebars_style":"","ocean_both_sidebars_content_width":0,"ocean_both_sidebars_sidebars_width":0,"ocean_sidebar":"0","ocean_second_sidebar":"0","ocean_disable_margins":"enable","ocean_add_body_class":"","ocean_shortcode_before_top_bar":"","ocean_shortcode_after_top_bar":"","ocean_shortcode_before_header":"","ocean_shortcode_after_header":"","ocean_has_shortcode":"","ocean_shortcode_after_title":"","ocean_shortcode_before_footer_widgets":"","ocean_shortcode_after_footer_widgets":"","ocean_shortcode_before_footer_bottom":"","ocean_shortcode_after_footer_bottom":"","ocean_display_top_bar":"default","ocean_display_header":"default","ocean_header_style":"","ocean_center_header_left_menu":"0","ocean_custom_header_template":"0","ocean_custom_logo":0,"ocean_custom_retina_logo":0,"ocean_custom_logo_max_width":0,"ocean_custom_logo_tablet_max_width":0,"ocean_custom_logo_mobile_max_width":0,"ocean_custom_logo_max_height":0,"ocean_custom_logo_tablet_max_height":0,"ocean_custom_logo_mobile_max_height":0,"ocean_header_custom_menu":"0","ocean_menu_typo_font_family":"0","ocean_menu_typo_font_subset":"","ocean_menu_typo_font_size":0,"ocean_menu_typo_font_size_tablet":0,"ocean_menu_typo_font_size_mobile":0,"ocean_menu_typo_font_size_unit":"px","ocean_menu_typo_font_weight":"","ocean_menu_typo_font_weight_tablet":"","ocean_menu_typo_font_weight_mobile":"","ocean_menu_typo_transform":"","ocean_menu_typo_transform_tablet":"","ocean_menu_typo_transform_mobile":"","ocean_menu_typo_line_height":0,"ocean_menu_typo_line_height_tablet":0,"ocean_menu_typo_line_height_mobile":0,"ocean_menu_typo_line_height_unit":"","ocean_menu_typo_spacing":0,"ocean_menu_typo_spacing_tablet":0,"ocean_menu_typo_spacing_mobile":0,"ocean_menu_typo_spacing_unit":"","ocean_menu_link_color":"","ocean_menu_link_color_hover":"","ocean_menu_link_color_active":"","ocean_menu_link_background":"","ocean_menu_link_hover_background":"","ocean_menu_link_active_background":"","ocean_menu_social_links_bg":"","ocean_menu_social_hover_links_bg":"","ocean_menu_social_links_color":"","ocean_menu_social_hover_links_color":"","ocean_disable_title":"default","ocean_disable_heading":"default","ocean_post_title":"","ocean_post_subheading":"","ocean_post_title_style":"","ocean_post_title_background_color":"","ocean_post_title_background":0,"ocean_post_title_bg_image_position":"","ocean_post_title_bg_image_attachment":"","ocean_post_title_bg_image_repeat":"","ocean_post_title_bg_image_size":"","ocean_post_title_height":0,"ocean_post_title_bg_overlay":0.5,"ocean_post_title_bg_overlay_color":"","ocean_disable_breadcrumbs":"default","ocean_breadcrumbs_color":"","ocean_breadcrumbs_separator_color":"","ocean_breadcrumbs_links_color":"","ocean_breadcrumbs_links_hover_color":"","ocean_display_footer_widgets":"default","ocean_display_footer_bottom":"default","ocean_custom_footer_template":"0","osh_disable_topbar_sticky":"default","osh_disable_header_sticky":"default","osh_sticky_header_style":"default","osh_sticky_header_effect":"","osh_custom_sticky_logo":0,"osh_custom_retina_sticky_logo":0,"osh_custom_sticky_logo_height":0,"osh_background_color":"","osh_links_color":"","osh_links_hover_color":"","osh_links_active_color":"","osh_links_bg_color":"","osh_links_hover_bg_color":"","osh_links_active_bg_color":"","osh_menu_social_links_color":"","osh_menu_social_hover_links_color":""},"product_brand":[],"product_cat":[7017,6997,6877,6849,7019,7005,6879,6857,7015,6995,6875,6847,7031],"product_tag":[],"class_list":{"0":"post-42055","1":"product","2":"type-product","3":"status-publish","4":"has-post-thumbnail","6":"product_cat-blusa-camiseta-nacimiento","7":"product_cat-blusa-camiseta-nacimiento-nino","8":"product_cat-blusa-camiseta-bebe","9":"product_cat-blusa-camiseta-bebe-nino","10":"product_cat-conjuntos-nacimiento","11":"product_cat-conjuntos-nacimiento-nino","12":"product_cat-conjuntos-bebe","13":"product_cat-conjuntos-bebe-nino","14":"product_cat-pololo-short-pantalon-nacimiento","15":"product_cat-pololo-short-pantalon-nacimiento-nino","16":"product_cat-pololo-short-y-pantalon-bebe","17":"product_cat-pololo-short-pantalon-bebe-nino","18":"product_cat-ropa","20":"entry","21":"has-media","23":"first","24":"instock","25":"taxable","26":"shipping-taxable","27":"purchasable","28":"product-type-variable","29":"has-default-attributes","30":"col","31":"span_1_of_3","32":"owp-content-center","33":"owp-thumbs-layout-vertical","34":"owp-btn-big","35":"owp-tabs-layout-vertical","36":"circle-sale"},"yoast_head":"<!-- This site is optimized with the Yoast SEO plugin v27.1.1 - https:\/\/yoast.com\/product\/yoast-seo-wordpress\/ -->\n<title>Conjunto beb\u00e9 elegante: blusa con cuello y cubrepa\u00f1al - Azul - Voyage de la Baleine<\/title>\n<meta name=\"description\" content=\"Nuestro conjunto beb\u00e9 elegante: blusa con cuello y cubrepa\u00f1al \u2013 azul encarna un armario cuidado y delicado para los m\u00e1s peque\u00f1os. Fabricado en Espa\u00f1a.\" \/>\n<meta name=\"robots\" content=\"index, follow, max-snippet:-1, max-image-preview:large, max-video-preview:-1\" \/>\n<link rel=\"canonical\" href=\"https:\/\/voyagedelabaleine.fr\/es\/producto\/conjunto-bebe-elegante-blusa-con-cuello-y-cubrepanal-azul\/\" \/>\n<meta property=\"og:locale\" content=\"es_ES\" \/>\n<meta property=\"og:type\" content=\"article\" \/>\n<meta property=\"og:title\" content=\"Conjunto beb\u00e9 elegante: blusa con cuello y cubrepa\u00f1al - Azul - Voyage de la Baleine\" \/>\n<meta property=\"og:description\" content=\"Nuestro conjunto beb\u00e9 elegante: blusa con cuello y cubrepa\u00f1al \u2013 azul encarna un armario cuidado y delicado para los m\u00e1s peque\u00f1os. Fabricado en Espa\u00f1a.\" \/>\n<meta property=\"og:url\" content=\"https:\/\/voyagedelabaleine.fr\/es\/producto\/conjunto-bebe-elegante-blusa-con-cuello-y-cubrepanal-azul\/\" \/>\n<meta property=\"og:site_name\" content=\"Voyage de la Baleine\" \/>\n<meta property=\"article:publisher\" content=\"https:\/\/www.facebook.com\/voyagedelabaleine\/\" \/>\n<meta property=\"og:image\" content=\"https:\/\/voyagedelabaleine.fr\/wp-content\/uploads\/2026\/02\/Capture-decran-2026-02-06-a-20.19.27-fotor-2026020620204.jpg\" \/>\n\t<meta property=\"og:image:width\" content=\"1101\" \/>\n\t<meta property=\"og:image:height\" content=\"1468\" \/>\n\t<meta property=\"og:image:type\" content=\"image\/jpeg\" \/>\n<meta name=\"twitter:card\" content=\"summary_large_image\" \/>\n<meta name=\"twitter:label1\" content=\"Tiempo de lectura\" \/>\n\t<meta name=\"twitter:data1\" content=\"2 minuto\" \/>\n<script type=\"application\/ld+json\" class=\"yoast-schema-graph\">{\"@context\":\"https:\/\/schema.org\",\"@graph\":[{\"@type\":\"WebPage\",\"@id\":\"https:\/\/voyagedelabaleine.fr\/es\/producto\/conjunto-bebe-elegante-blusa-con-cuello-y-cubrepanal-azul\/\",\"url\":\"https:\/\/voyagedelabaleine.fr\/es\/producto\/conjunto-bebe-elegante-blusa-con-cuello-y-cubrepanal-azul\/\",\"name\":\"Conjunto beb\u00e9 elegante: blusa con cuello y cubrepa\u00f1al - Azul - Voyage de la Baleine\",\"isPartOf\":{\"@id\":\"https:\/\/voyagedelabaleine.fr\/es\/#website\"},\"primaryImageOfPage\":{\"@id\":\"https:\/\/voyagedelabaleine.fr\/es\/producto\/conjunto-bebe-elegante-blusa-con-cuello-y-cubrepanal-azul\/#primaryimage\"},\"image\":{\"@id\":\"https:\/\/voyagedelabaleine.fr\/es\/producto\/conjunto-bebe-elegante-blusa-con-cuello-y-cubrepanal-azul\/#primaryimage\"},\"thumbnailUrl\":\"https:\/\/voyagedelabaleine.fr\/wp-content\/uploads\/2026\/02\/Capture-decran-2026-02-06-a-20.19.27-fotor-2026020620204.jpg\",\"datePublished\":\"2026-03-18T15:05:39+00:00\",\"description\":\"Nuestro conjunto beb\u00e9 elegante: blusa con cuello y cubrepa\u00f1al \u2013 azul encarna un armario cuidado y delicado para los m\u00e1s peque\u00f1os. Fabricado en Espa\u00f1a.\",\"breadcrumb\":{\"@id\":\"https:\/\/voyagedelabaleine.fr\/es\/producto\/conjunto-bebe-elegante-blusa-con-cuello-y-cubrepanal-azul\/#breadcrumb\"},\"inLanguage\":\"es\",\"potentialAction\":[{\"@type\":\"ReadAction\",\"target\":[\"https:\/\/voyagedelabaleine.fr\/es\/producto\/conjunto-bebe-elegante-blusa-con-cuello-y-cubrepanal-azul\/\"]}]},{\"@type\":\"ImageObject\",\"inLanguage\":\"es\",\"@id\":\"https:\/\/voyagedelabaleine.fr\/es\/producto\/conjunto-bebe-elegante-blusa-con-cuello-y-cubrepanal-azul\/#primaryimage\",\"url\":\"https:\/\/voyagedelabaleine.fr\/wp-content\/uploads\/2026\/02\/Capture-decran-2026-02-06-a-20.19.27-fotor-2026020620204.jpg\",\"contentUrl\":\"https:\/\/voyagedelabaleine.fr\/wp-content\/uploads\/2026\/02\/Capture-decran-2026-02-06-a-20.19.27-fotor-2026020620204.jpg\",\"width\":1101,\"height\":1468},{\"@type\":\"BreadcrumbList\",\"@id\":\"https:\/\/voyagedelabaleine.fr\/es\/producto\/conjunto-bebe-elegante-blusa-con-cuello-y-cubrepanal-azul\/#breadcrumb\",\"itemListElement\":[{\"@type\":\"ListItem\",\"position\":1,\"name\":\"Accueil\",\"item\":\"https:\/\/voyagedelabaleine.fr\/es\/inicio\/\"},{\"@type\":\"ListItem\",\"position\":2,\"name\":\"Tienda\",\"item\":\"https:\/\/voyagedelabaleine.fr\/es\/tienda\/\"},{\"@type\":\"ListItem\",\"position\":3,\"name\":\"Conjunto beb\u00e9 elegante: blusa con cuello y cubrepa\u00f1al &#8211; Azul\"}]},{\"@type\":\"WebSite\",\"@id\":\"https:\/\/voyagedelabaleine.fr\/es\/#website\",\"url\":\"https:\/\/voyagedelabaleine.fr\/es\/\",\"name\":\"Voyage de la Baleine\",\"description\":\"V\u00eatements intemporels et raffin\u00e9s pour b\u00e9b\u00e9s et enfants\",\"publisher\":{\"@id\":\"https:\/\/voyagedelabaleine.fr\/es\/#organization\"},\"potentialAction\":[{\"@type\":\"SearchAction\",\"target\":{\"@type\":\"EntryPoint\",\"urlTemplate\":\"https:\/\/voyagedelabaleine.fr\/es\/?s={search_term_string}\"},\"query-input\":{\"@type\":\"PropertyValueSpecification\",\"valueRequired\":true,\"valueName\":\"search_term_string\"}}],\"inLanguage\":\"es\"},{\"@type\":\"Organization\",\"@id\":\"https:\/\/voyagedelabaleine.fr\/es\/#organization\",\"name\":\"Voyage de la Baleine\",\"url\":\"https:\/\/voyagedelabaleine.fr\/es\/\",\"logo\":{\"@type\":\"ImageObject\",\"inLanguage\":\"es\",\"@id\":\"https:\/\/voyagedelabaleine.fr\/es\/#\/schema\/logo\/image\/\",\"url\":\"https:\/\/voyagedelabaleine.fr\/wp-content\/uploads\/2025\/06\/logo.webp\",\"contentUrl\":\"https:\/\/voyagedelabaleine.fr\/wp-content\/uploads\/2025\/06\/logo.webp\",\"width\":153,\"height\":64,\"caption\":\"Voyage de la Baleine\"},\"image\":{\"@id\":\"https:\/\/voyagedelabaleine.fr\/es\/#\/schema\/logo\/image\/\"},\"sameAs\":[\"https:\/\/www.facebook.com\/voyagedelabaleine\/\",\"https:\/\/www.instagram.com\/voyagedelabaleine\/\",\"https:\/\/www.pinterest.fr\/Voyagedelabaleine\/\"]}]}<\/script>\n<!-- \/ Yoast SEO plugin. -->","yoast_head_json":{"title":"Conjunto beb\u00e9 elegante: blusa con cuello y cubrepa\u00f1al - Azul - Voyage de la Baleine","description":"Nuestro conjunto beb\u00e9 elegante: blusa con cuello y cubrepa\u00f1al \u2013 azul encarna un armario cuidado y delicado para los m\u00e1s peque\u00f1os. Fabricado en Espa\u00f1a.","robots":{"index":"index","follow":"follow","max-snippet":"max-snippet:-1","max-image-preview":"max-image-preview:large","max-video-preview":"max-video-preview:-1"},"canonical":"https:\/\/voyagedelabaleine.fr\/es\/producto\/conjunto-bebe-elegante-blusa-con-cuello-y-cubrepanal-azul\/","og_locale":"es_ES","og_type":"article","og_title":"Conjunto beb\u00e9 elegante: blusa con cuello y cubrepa\u00f1al - Azul - Voyage de la Baleine","og_description":"Nuestro conjunto beb\u00e9 elegante: blusa con cuello y cubrepa\u00f1al \u2013 azul encarna un armario cuidado y delicado para los m\u00e1s peque\u00f1os. Fabricado en Espa\u00f1a.","og_url":"https:\/\/voyagedelabaleine.fr\/es\/producto\/conjunto-bebe-elegante-blusa-con-cuello-y-cubrepanal-azul\/","og_site_name":"Voyage de la Baleine","article_publisher":"https:\/\/www.facebook.com\/voyagedelabaleine\/","og_image":[{"width":1101,"height":1468,"url":"https:\/\/voyagedelabaleine.fr\/wp-content\/uploads\/2026\/02\/Capture-decran-2026-02-06-a-20.19.27-fotor-2026020620204.jpg","type":"image\/jpeg"}],"twitter_card":"summary_large_image","twitter_misc":{"Tiempo de lectura":"2 minuto"},"schema":{"@context":"https:\/\/schema.org","@graph":[{"@type":"WebPage","@id":"https:\/\/voyagedelabaleine.fr\/es\/producto\/conjunto-bebe-elegante-blusa-con-cuello-y-cubrepanal-azul\/","url":"https:\/\/voyagedelabaleine.fr\/es\/producto\/conjunto-bebe-elegante-blusa-con-cuello-y-cubrepanal-azul\/","name":"Conjunto beb\u00e9 elegante: blusa con cuello y cubrepa\u00f1al - Azul - Voyage de la Baleine","isPartOf":{"@id":"https:\/\/voyagedelabaleine.fr\/es\/#website"},"primaryImageOfPage":{"@id":"https:\/\/voyagedelabaleine.fr\/es\/producto\/conjunto-bebe-elegante-blusa-con-cuello-y-cubrepanal-azul\/#primaryimage"},"image":{"@id":"https:\/\/voyagedelabaleine.fr\/es\/producto\/conjunto-bebe-elegante-blusa-con-cuello-y-cubrepanal-azul\/#primaryimage"},"thumbnailUrl":"https:\/\/voyagedelabaleine.fr\/wp-content\/uploads\/2026\/02\/Capture-decran-2026-02-06-a-20.19.27-fotor-2026020620204.jpg","datePublished":"2026-03-18T15:05:39+00:00","description":"Nuestro conjunto beb\u00e9 elegante: blusa con cuello y cubrepa\u00f1al \u2013 azul encarna un armario cuidado y delicado para los m\u00e1s peque\u00f1os. Fabricado en Espa\u00f1a.","breadcrumb":{"@id":"https:\/\/voyagedelabaleine.fr\/es\/producto\/conjunto-bebe-elegante-blusa-con-cuello-y-cubrepanal-azul\/#breadcrumb"},"inLanguage":"es","potentialAction":[{"@type":"ReadAction","target":["https:\/\/voyagedelabaleine.fr\/es\/producto\/conjunto-bebe-elegante-blusa-con-cuello-y-cubrepanal-azul\/"]}]},{"@type":"ImageObject","inLanguage":"es","@id":"https:\/\/voyagedelabaleine.fr\/es\/producto\/conjunto-bebe-elegante-blusa-con-cuello-y-cubrepanal-azul\/#primaryimage","url":"https:\/\/voyagedelabaleine.fr\/wp-content\/uploads\/2026\/02\/Capture-decran-2026-02-06-a-20.19.27-fotor-2026020620204.jpg","contentUrl":"https:\/\/voyagedelabaleine.fr\/wp-content\/uploads\/2026\/02\/Capture-decran-2026-02-06-a-20.19.27-fotor-2026020620204.jpg","width":1101,"height":1468},{"@type":"BreadcrumbList","@id":"https:\/\/voyagedelabaleine.fr\/es\/producto\/conjunto-bebe-elegante-blusa-con-cuello-y-cubrepanal-azul\/#breadcrumb","itemListElement":[{"@type":"ListItem","position":1,"name":"Accueil","item":"https:\/\/voyagedelabaleine.fr\/es\/inicio\/"},{"@type":"ListItem","position":2,"name":"Tienda","item":"https:\/\/voyagedelabaleine.fr\/es\/tienda\/"},{"@type":"ListItem","position":3,"name":"Conjunto beb\u00e9 elegante: blusa con cuello y cubrepa\u00f1al &#8211; Azul"}]},{"@type":"WebSite","@id":"https:\/\/voyagedelabaleine.fr\/es\/#website","url":"https:\/\/voyagedelabaleine.fr\/es\/","name":"Voyage de la Baleine","description":"V\u00eatements intemporels et raffin\u00e9s pour b\u00e9b\u00e9s et enfants","publisher":{"@id":"https:\/\/voyagedelabaleine.fr\/es\/#organization"},"potentialAction":[{"@type":"SearchAction","target":{"@type":"EntryPoint","urlTemplate":"https:\/\/voyagedelabaleine.fr\/es\/?s={search_term_string}"},"query-input":{"@type":"PropertyValueSpecification","valueRequired":true,"valueName":"search_term_string"}}],"inLanguage":"es"},{"@type":"Organization","@id":"https:\/\/voyagedelabaleine.fr\/es\/#organization","name":"Voyage de la Baleine","url":"https:\/\/voyagedelabaleine.fr\/es\/","logo":{"@type":"ImageObject","inLanguage":"es","@id":"https:\/\/voyagedelabaleine.fr\/es\/#\/schema\/logo\/image\/","url":"https:\/\/voyagedelabaleine.fr\/wp-content\/uploads\/2025\/06\/logo.webp","contentUrl":"https:\/\/voyagedelabaleine.fr\/wp-content\/uploads\/2025\/06\/logo.webp","width":153,"height":64,"caption":"Voyage de la Baleine"},"image":{"@id":"https:\/\/voyagedelabaleine.fr\/es\/#\/schema\/logo\/image\/"},"sameAs":["https:\/\/www.facebook.com\/voyagedelabaleine\/","https:\/\/www.instagram.com\/voyagedelabaleine\/","https:\/\/www.pinterest.fr\/Voyagedelabaleine\/"]}]}},"_links":{"self":[{"href":"https:\/\/voyagedelabaleine.fr\/es\/wp-json\/wp\/v2\/product\/42055","targetHints":{"allow":["GET"]}}],"collection":[{"href":"https:\/\/voyagedelabaleine.fr\/es\/wp-json\/wp\/v2\/product"}],"about":[{"href":"https:\/\/voyagedelabaleine.fr\/es\/wp-json\/wp\/v2\/types\/product"}],"replies":[{"embeddable":true,"href":"https:\/\/voyagedelabaleine.fr\/es\/wp-json\/wp\/v2\/comments?post=42055"}],"wp:featuredmedia":[{"embeddable":true,"href":"https:\/\/voyagedelabaleine.fr\/es\/wp-json\/wp\/v2\/media\/39852"}],"wp:attachment":[{"href":"https:\/\/voyagedelabaleine.fr\/es\/wp-json\/wp\/v2\/media?parent=42055"}],"wp:term":[{"taxonomy":"product_brand","embeddable":true,"href":"https:\/\/voyagedelabaleine.fr\/es\/wp-json\/wp\/v2\/product_brand?post=42055"},{"taxonomy":"product_cat","embeddable":true,"href":"https:\/\/voyagedelabaleine.fr\/es\/wp-json\/wp\/v2\/product_cat?post=42055"},{"taxonomy":"product_tag","embeddable":true,"href":"https:\/\/voyagedelabaleine.fr\/es\/wp-json\/wp\/v2\/product_tag?post=42055"}],"curies":[{"name":"wp","href":"https:\/\/api.w.org\/{rel}","templated":true}]}}