{"id":42862,"date":"2026-04-22T10:11:23","date_gmt":"2026-04-22T08:11:23","guid":{"rendered":"https:\/\/voyagedelabaleine.fr\/product\/conjunto-de-body-con-cuello-de-cuadros-pequenos-y-bombacho-a-juego-verde-blanco\/"},"modified":"2026-04-22T10:11:23","modified_gmt":"2026-04-22T08:11:23","slug":"conjunto-de-body-con-cuello-de-cuadros-pequenos-y-bombacho-a-juego-verde-blanco","status":"publish","type":"product","link":"https:\/\/voyagedelabaleine.fr\/es\/producto\/conjunto-de-body-con-cuello-de-cuadros-pequenos-y-bombacho-a-juego-verde-blanco\/","title":{"rendered":"Conjunto de body con cuello de cuadros peque\u00f1os y bombacho a juego &#8211; Verde\/blanco"},"content":{"rendered":"<div class=\"flex flex-col text-sm pb-25\">\n<section class=\"text-token-text-primary w-full focus:outline-none [--shadow-height:45px] has-data-writing-block:pointer-events-none has-data-writing-block:-mt-(--shadow-height) has-data-writing-block:pt-(--shadow-height) [&amp;:has([data-writing-block])&gt;*]:pointer-events-auto scroll-mt-[calc(var(--header-height)+min(200px,max(70px,20svh)))]\" dir=\"auto\" data-turn-id=\"request-6970f0b2-bcb4-8329-8c33-a634cee04d04-123\" data-testid=\"conversation-turn-272\" data-scroll-anchor=\"true\" data-turn=\"assistant\">\n<div class=\"text-base my-auto mx-auto pb-10 [--thread-content-margin:var(--thread-content-margin-xs,calc(var(--spacing)*4))] @w-sm\/main:[--thread-content-margin:var(--thread-content-margin-sm,calc(var(--spacing)*6))] @w-lg\/main:[--thread-content-margin:var(--thread-content-margin-lg,calc(var(--spacing)*16))] px-(--thread-content-margin)\">\n<div class=\"[--thread-content-max-width:40rem] @w-lg\/main:[--thread-content-max-width:48rem] mx-auto max-w-(--thread-content-max-width) flex-1 group\/turn-messages focus-visible:outline-hidden relative flex w-full min-w-0 flex-col agent-turn\">\n<div class=\"flex max-w-full flex-col gap-4 grow\">\n<div class=\"min-h-8 text-message relative flex w-full flex-col items-end gap-2 text-start break-words whitespace-normal outline-none keyboard-focused:focus-ring [.text-message+&amp;]:mt-1\" dir=\"auto\" tabindex=\"0\" data-message-author-role=\"assistant\" data-message-id=\"fe664aef-f01c-4fb6-aac4-5f3669aff920\" data-message-model-slug=\"gpt-5-3\" data-turn-start-message=\"true\">\n<div class=\"flex w-full flex-col gap-1 empty:hidden\">\n<div class=\"markdown prose dark:prose-invert w-full wrap-break-word light markdown-new-styling\">\n<h3 data-section-id=\"6v41r4\" data-start=\"72\" data-end=\"146\">Un conjunto para beb\u00e9 de cuadros peque\u00f1os verde y blanco, suave y atemporal<\/h3>\n<p data-start=\"148\" data-end=\"430\">Nuestro <strong data-start=\"154\" data-end=\"225\">conjunto de body con cuello de cuadros peque\u00f1os y bombacho a juego \u2013 verde\/blanco<\/strong> viste al beb\u00e9 con delicadeza y frescura. Los <strong data-start=\"274\" data-end=\"309\">cuadros peque\u00f1os verdes y blancos<\/strong>, discretos y refinados, aportan un toque natural y luminoso, ideal tanto para los d\u00edas soleados como para el entretiempo. <\/p>\n<p data-start=\"432\" data-end=\"703\">Pensado para crear un conjunto completo con total sencillez, este set combina un <strong data-start=\"513\" data-end=\"539\">body de manga corta<\/strong> y un <strong data-start=\"546\" data-end=\"567\">bombacho coordinado<\/strong>. El motivo de cuadros, a la vez cl\u00e1sico y lleno de dulzura, se integra perfectamente en un armario infantil elegante y atemporal. <\/p>\n<h3 data-section-id=\"1agosi\" data-start=\"705\" data-end=\"755\">Un body con cuello de cuadros y detalles cuidados<\/h3>\n<p data-start=\"757\" data-end=\"1005\">El body de manga corta est\u00e1 confeccionado en <strong data-start=\"801\" data-end=\"816\">100 % algod\u00f3n<\/strong>, un tejido suave y agradable al contacto con la piel sensible del beb\u00e9. Su detalle distintivo: un <strong data-start=\"914\" data-end=\"955\">cuello de cuadros peque\u00f1os verdes y blancos<\/strong>, que aporta estructura y refinamiento al conjunto. <\/p>\n<p data-start=\"1200\" data-end=\"1295\">F\u00e1cil de poner, el body asegura una buena sujeci\u00f3n y acompa\u00f1a al beb\u00e9 durante todo el d\u00eda.<\/p>\n<h3 data-section-id=\"14p4vgu\" data-start=\"1297\" data-end=\"1344\">Un bombacho a juego c\u00f3modo y elegante<\/h3>\n<p data-start=\"1346\" data-end=\"1529\">El bombacho de cuadros peque\u00f1os verde y blanco complementa perfectamente al body. Su <strong data-start=\"1423\" data-end=\"1444\">cintura el\u00e1stica<\/strong> garantiza un ajuste c\u00f3modo y se adapta de forma natural a los movimientos del beb\u00e9. <\/p>\n<p data-start=\"1531\" data-end=\"1698\">Confeccionado tambi\u00e9n en <strong data-start=\"1557\" data-end=\"1572\">100 % algod\u00f3n<\/strong>, es ligero, transpirable y agradable de llevar. Su corte permite moverse con libertad manteniendo una silueta cuidada. <\/p>\n<h3 data-section-id=\"1fwws3d\" data-start=\"1700\" data-end=\"1749\">Un conjunto para beb\u00e9 f\u00e1cil de llevar a diario<\/h3>\n<p data-start=\"1751\" data-end=\"1997\">Nuestro <strong data-start=\"1757\" data-end=\"1802\">conjunto de body con cuello y bombacho verde\/blanco<\/strong> es una prenda a la vez elegante y sencilla de poner. Puede llevarse solo en los d\u00edas soleados o completarse con una rebeca y patucos para un estilo m\u00e1s vestido. <\/p>\n<p data-start=\"1999\" data-end=\"2134\">Adecuado tanto para ni\u00f1a como para ni\u00f1o, este conjunto de cuadros peque\u00f1os encarna un estilo natural, dulce y atemporal.<\/p>\n<h3 data-section-id=\"1t6umac\" data-start=\"2136\" data-end=\"2172\">Un esencial del vestuario del beb\u00e9<\/h3>\n<p data-start=\"2174\" data-end=\"2420\">Este conjunto para beb\u00e9 en algod\u00f3n verde y blanco es una pieza imprescindible para crear atuendos c\u00f3modos y refinados. Refleja el universo delicado de Voyage de la Baleine, donde cada detalle est\u00e1 pensado para combinar elegancia, suavidad y practicidad. <\/p>\n<p data-start=\"2422\" data-end=\"2442\" data-is-last-node=\"\" data-is-only-node=\"\">Fabricado en Espa\u00f1a.<\/p>\n<\/div>\n<\/div>\n<\/div>\n<\/div>\n<\/div>\n<\/div>\n<\/section>\n<\/div>\n","protected":false},"excerpt":{"rendered":"<ul>\n<li>Conjunto de body y bloomer<\/li>\n<li>Ideal para un regalo de nacimiento<\/li>\n<li>100% algod\u00f3n<\/li>\n<li>Fabricado en Espa\u00f1a<br \/>\n<em>Este conjunto tiene un tallaje normal. Elija la talla habitual.<\/em><\/li>\n<\/ul>\n","protected":false},"featured_media":42665,"comment_status":"open","ping_status":"closed","template":"","meta":{"ocean_post_layout":"","ocean_both_sidebars_style":"","ocean_both_sidebars_content_width":0,"ocean_both_sidebars_sidebars_width":0,"ocean_sidebar":"0","ocean_second_sidebar":"0","ocean_disable_margins":"enable","ocean_add_body_class":"","ocean_shortcode_before_top_bar":"","ocean_shortcode_after_top_bar":"","ocean_shortcode_before_header":"","ocean_shortcode_after_header":"","ocean_has_shortcode":"","ocean_shortcode_after_title":"","ocean_shortcode_before_footer_widgets":"","ocean_shortcode_after_footer_widgets":"","ocean_shortcode_before_footer_bottom":"","ocean_shortcode_after_footer_bottom":"","ocean_display_top_bar":"default","ocean_display_header":"default","ocean_header_style":"","ocean_center_header_left_menu":"0","ocean_custom_header_template":"0","ocean_custom_logo":0,"ocean_custom_retina_logo":0,"ocean_custom_logo_max_width":0,"ocean_custom_logo_tablet_max_width":0,"ocean_custom_logo_mobile_max_width":0,"ocean_custom_logo_max_height":0,"ocean_custom_logo_tablet_max_height":0,"ocean_custom_logo_mobile_max_height":0,"ocean_header_custom_menu":"0","ocean_menu_typo_font_family":"0","ocean_menu_typo_font_subset":"","ocean_menu_typo_font_size":0,"ocean_menu_typo_font_size_tablet":0,"ocean_menu_typo_font_size_mobile":0,"ocean_menu_typo_font_size_unit":"px","ocean_menu_typo_font_weight":"","ocean_menu_typo_font_weight_tablet":"","ocean_menu_typo_font_weight_mobile":"","ocean_menu_typo_transform":"","ocean_menu_typo_transform_tablet":"","ocean_menu_typo_transform_mobile":"","ocean_menu_typo_line_height":0,"ocean_menu_typo_line_height_tablet":0,"ocean_menu_typo_line_height_mobile":0,"ocean_menu_typo_line_height_unit":"","ocean_menu_typo_spacing":0,"ocean_menu_typo_spacing_tablet":0,"ocean_menu_typo_spacing_mobile":0,"ocean_menu_typo_spacing_unit":"","ocean_menu_link_color":"","ocean_menu_link_color_hover":"","ocean_menu_link_color_active":"","ocean_menu_link_background":"","ocean_menu_link_hover_background":"","ocean_menu_link_active_background":"","ocean_menu_social_links_bg":"","ocean_menu_social_hover_links_bg":"","ocean_menu_social_links_color":"","ocean_menu_social_hover_links_color":"","ocean_disable_title":"default","ocean_disable_heading":"default","ocean_post_title":"","ocean_post_subheading":"","ocean_post_title_style":"","ocean_post_title_background_color":"","ocean_post_title_background":0,"ocean_post_title_bg_image_position":"","ocean_post_title_bg_image_attachment":"","ocean_post_title_bg_image_repeat":"","ocean_post_title_bg_image_size":"","ocean_post_title_height":0,"ocean_post_title_bg_overlay":0.5,"ocean_post_title_bg_overlay_color":"","ocean_disable_breadcrumbs":"default","ocean_breadcrumbs_color":"","ocean_breadcrumbs_separator_color":"","ocean_breadcrumbs_links_color":"","ocean_breadcrumbs_links_hover_color":"","ocean_display_footer_widgets":"default","ocean_display_footer_bottom":"default","ocean_custom_footer_template":"0","osh_disable_topbar_sticky":"default","osh_disable_header_sticky":"default","osh_sticky_header_style":"default","osh_sticky_header_effect":"","osh_custom_sticky_logo":0,"osh_custom_retina_sticky_logo":0,"osh_custom_sticky_logo_height":0,"osh_background_color":"","osh_links_color":"","osh_links_hover_color":"","osh_links_active_color":"","osh_links_bg_color":"","osh_links_hover_bg_color":"","osh_links_active_bg_color":"","osh_menu_social_links_color":"","osh_menu_social_hover_links_color":""},"product_brand":[],"product_cat":[6807,6961,6977,6999,6813,6825,6851,7019,6983,7005,6879,6831,6857,7015,6973,6995,6875,6820,6847],"product_tag":[],"class_list":{"0":"post-42862","1":"product","2":"type-product","3":"status-publish","4":"has-post-thumbnail","6":"product_cat-body","7":"product_cat-body-nacimiento","8":"product_cat-body-nacimiento-nina","9":"product_cat-body-nacimiento-nino","10":"product_cat-body-bebe","11":"product_cat-body-bebe-nina","12":"product_cat-body-bebe-nino","13":"product_cat-conjuntos-nacimiento","14":"product_cat-conjuntos-nacimiento-nina","15":"product_cat-conjuntos-nacimiento-nino","16":"product_cat-conjuntos-bebe","17":"product_cat-conjuntos-bebe-nina","18":"product_cat-conjuntos-bebe-nino","19":"product_cat-pololo-short-pantalon-nacimiento","20":"product_cat-pololo-short-pantalon-nacimiento-nina","21":"product_cat-pololo-short-pantalon-nacimiento-nino","22":"product_cat-pololo-short-y-pantalon-bebe","23":"product_cat-pololo-short-pantalon-bebe-nina","24":"product_cat-pololo-short-pantalon-bebe-nino","26":"entry","27":"has-media","29":"first","30":"instock","31":"taxable","32":"shipping-taxable","33":"purchasable","34":"product-type-variable","35":"has-default-attributes","36":"col","37":"span_1_of_3","38":"owp-content-center","39":"owp-thumbs-layout-vertical","40":"owp-btn-big","41":"owp-tabs-layout-vertical","42":"circle-sale"},"yoast_head":"<!-- This site is optimized with the Yoast SEO plugin v27.1.1 - https:\/\/yoast.com\/product\/yoast-seo-wordpress\/ -->\n<title>Conjunto de body con cuello de cuadros peque\u00f1os y bombacho a juego - Verde\/blanco - Voyage de la Baleine<\/title>\n<meta name=\"description\" content=\"Nuestro conjunto de body con cuello de cuadros peque\u00f1os y bombacho a juego \u2013 verde\/blanco viste al beb\u00e9 con delicadeza y frescura. Fabricado en Espa\u00f1a.\" \/>\n<meta name=\"robots\" content=\"index, follow, max-snippet:-1, max-image-preview:large, max-video-preview:-1\" \/>\n<link rel=\"canonical\" href=\"https:\/\/voyagedelabaleine.fr\/es\/producto\/conjunto-de-body-con-cuello-de-cuadros-pequenos-y-bombacho-a-juego-verde-blanco\/\" \/>\n<meta property=\"og:locale\" content=\"es_ES\" \/>\n<meta property=\"og:type\" content=\"article\" \/>\n<meta property=\"og:title\" content=\"Conjunto de body con cuello de cuadros peque\u00f1os y bombacho a juego - Verde\/blanco - Voyage de la Baleine\" \/>\n<meta property=\"og:description\" content=\"Nuestro conjunto de body con cuello de cuadros peque\u00f1os y bombacho a juego \u2013 verde\/blanco viste al beb\u00e9 con delicadeza y frescura. Fabricado en Espa\u00f1a.\" \/>\n<meta property=\"og:url\" content=\"https:\/\/voyagedelabaleine.fr\/es\/producto\/conjunto-de-body-con-cuello-de-cuadros-pequenos-y-bombacho-a-juego-verde-blanco\/\" \/>\n<meta property=\"og:site_name\" content=\"Voyage de la Baleine\" \/>\n<meta property=\"article:publisher\" content=\"https:\/\/www.facebook.com\/voyagedelabaleine\/\" \/>\n<meta property=\"og:image\" content=\"https:\/\/voyagedelabaleine.fr\/wp-content\/uploads\/2026\/04\/ensemble-bebe-body-bloomer-vert-4.jpg\" \/>\n\t<meta property=\"og:image:width\" content=\"1089\" \/>\n\t<meta property=\"og:image:height\" content=\"1453\" \/>\n\t<meta property=\"og:image:type\" content=\"image\/jpeg\" \/>\n<meta name=\"twitter:card\" content=\"summary_large_image\" \/>\n<meta name=\"twitter:label1\" content=\"Tiempo de lectura\" \/>\n\t<meta name=\"twitter:data1\" content=\"2 minuto\" \/>\n<script type=\"application\/ld+json\" class=\"yoast-schema-graph\">{\"@context\":\"https:\/\/schema.org\",\"@graph\":[{\"@type\":\"WebPage\",\"@id\":\"https:\/\/voyagedelabaleine.fr\/es\/producto\/conjunto-de-body-con-cuello-de-cuadros-pequenos-y-bombacho-a-juego-verde-blanco\/\",\"url\":\"https:\/\/voyagedelabaleine.fr\/es\/producto\/conjunto-de-body-con-cuello-de-cuadros-pequenos-y-bombacho-a-juego-verde-blanco\/\",\"name\":\"Conjunto de body con cuello de cuadros peque\u00f1os y bombacho a juego - Verde\/blanco - Voyage de la Baleine\",\"isPartOf\":{\"@id\":\"https:\/\/voyagedelabaleine.fr\/es\/#website\"},\"primaryImageOfPage\":{\"@id\":\"https:\/\/voyagedelabaleine.fr\/es\/producto\/conjunto-de-body-con-cuello-de-cuadros-pequenos-y-bombacho-a-juego-verde-blanco\/#primaryimage\"},\"image\":{\"@id\":\"https:\/\/voyagedelabaleine.fr\/es\/producto\/conjunto-de-body-con-cuello-de-cuadros-pequenos-y-bombacho-a-juego-verde-blanco\/#primaryimage\"},\"thumbnailUrl\":\"https:\/\/voyagedelabaleine.fr\/wp-content\/uploads\/2026\/04\/ensemble-bebe-body-bloomer-vert-4.jpg\",\"datePublished\":\"2026-04-22T08:11:23+00:00\",\"description\":\"Nuestro conjunto de body con cuello de cuadros peque\u00f1os y bombacho a juego \u2013 verde\/blanco viste al beb\u00e9 con delicadeza y frescura. Fabricado en Espa\u00f1a.\",\"breadcrumb\":{\"@id\":\"https:\/\/voyagedelabaleine.fr\/es\/producto\/conjunto-de-body-con-cuello-de-cuadros-pequenos-y-bombacho-a-juego-verde-blanco\/#breadcrumb\"},\"inLanguage\":\"es\",\"potentialAction\":[{\"@type\":\"ReadAction\",\"target\":[\"https:\/\/voyagedelabaleine.fr\/es\/producto\/conjunto-de-body-con-cuello-de-cuadros-pequenos-y-bombacho-a-juego-verde-blanco\/\"]}]},{\"@type\":\"ImageObject\",\"inLanguage\":\"es\",\"@id\":\"https:\/\/voyagedelabaleine.fr\/es\/producto\/conjunto-de-body-con-cuello-de-cuadros-pequenos-y-bombacho-a-juego-verde-blanco\/#primaryimage\",\"url\":\"https:\/\/voyagedelabaleine.fr\/wp-content\/uploads\/2026\/04\/ensemble-bebe-body-bloomer-vert-4.jpg\",\"contentUrl\":\"https:\/\/voyagedelabaleine.fr\/wp-content\/uploads\/2026\/04\/ensemble-bebe-body-bloomer-vert-4.jpg\",\"width\":1089,\"height\":1453},{\"@type\":\"BreadcrumbList\",\"@id\":\"https:\/\/voyagedelabaleine.fr\/es\/producto\/conjunto-de-body-con-cuello-de-cuadros-pequenos-y-bombacho-a-juego-verde-blanco\/#breadcrumb\",\"itemListElement\":[{\"@type\":\"ListItem\",\"position\":1,\"name\":\"Accueil\",\"item\":\"https:\/\/voyagedelabaleine.fr\/es\/inicio\/\"},{\"@type\":\"ListItem\",\"position\":2,\"name\":\"Tienda\",\"item\":\"https:\/\/voyagedelabaleine.fr\/es\/tienda\/\"},{\"@type\":\"ListItem\",\"position\":3,\"name\":\"Conjunto de body con cuello de cuadros peque\u00f1os y bombacho a juego &#8211; Verde\/blanco\"}]},{\"@type\":\"WebSite\",\"@id\":\"https:\/\/voyagedelabaleine.fr\/es\/#website\",\"url\":\"https:\/\/voyagedelabaleine.fr\/es\/\",\"name\":\"Voyage de la Baleine\",\"description\":\"V\u00eatements intemporels et raffin\u00e9s pour b\u00e9b\u00e9s et enfants\",\"publisher\":{\"@id\":\"https:\/\/voyagedelabaleine.fr\/es\/#organization\"},\"potentialAction\":[{\"@type\":\"SearchAction\",\"target\":{\"@type\":\"EntryPoint\",\"urlTemplate\":\"https:\/\/voyagedelabaleine.fr\/es\/?s={search_term_string}\"},\"query-input\":{\"@type\":\"PropertyValueSpecification\",\"valueRequired\":true,\"valueName\":\"search_term_string\"}}],\"inLanguage\":\"es\"},{\"@type\":\"Organization\",\"@id\":\"https:\/\/voyagedelabaleine.fr\/es\/#organization\",\"name\":\"Voyage de la Baleine\",\"url\":\"https:\/\/voyagedelabaleine.fr\/es\/\",\"logo\":{\"@type\":\"ImageObject\",\"inLanguage\":\"es\",\"@id\":\"https:\/\/voyagedelabaleine.fr\/es\/#\/schema\/logo\/image\/\",\"url\":\"https:\/\/voyagedelabaleine.fr\/wp-content\/uploads\/2025\/06\/logo.webp\",\"contentUrl\":\"https:\/\/voyagedelabaleine.fr\/wp-content\/uploads\/2025\/06\/logo.webp\",\"width\":153,\"height\":64,\"caption\":\"Voyage de la Baleine\"},\"image\":{\"@id\":\"https:\/\/voyagedelabaleine.fr\/es\/#\/schema\/logo\/image\/\"},\"sameAs\":[\"https:\/\/www.facebook.com\/voyagedelabaleine\/\",\"https:\/\/www.instagram.com\/voyagedelabaleine\/\",\"https:\/\/www.pinterest.fr\/Voyagedelabaleine\/\"]}]}<\/script>\n<!-- \/ Yoast SEO plugin. -->","yoast_head_json":{"title":"Conjunto de body con cuello de cuadros peque\u00f1os y bombacho a juego - Verde\/blanco - Voyage de la Baleine","description":"Nuestro conjunto de body con cuello de cuadros peque\u00f1os y bombacho a juego \u2013 verde\/blanco viste al beb\u00e9 con delicadeza y frescura. Fabricado en Espa\u00f1a.","robots":{"index":"index","follow":"follow","max-snippet":"max-snippet:-1","max-image-preview":"max-image-preview:large","max-video-preview":"max-video-preview:-1"},"canonical":"https:\/\/voyagedelabaleine.fr\/es\/producto\/conjunto-de-body-con-cuello-de-cuadros-pequenos-y-bombacho-a-juego-verde-blanco\/","og_locale":"es_ES","og_type":"article","og_title":"Conjunto de body con cuello de cuadros peque\u00f1os y bombacho a juego - Verde\/blanco - Voyage de la Baleine","og_description":"Nuestro conjunto de body con cuello de cuadros peque\u00f1os y bombacho a juego \u2013 verde\/blanco viste al beb\u00e9 con delicadeza y frescura. Fabricado en Espa\u00f1a.","og_url":"https:\/\/voyagedelabaleine.fr\/es\/producto\/conjunto-de-body-con-cuello-de-cuadros-pequenos-y-bombacho-a-juego-verde-blanco\/","og_site_name":"Voyage de la Baleine","article_publisher":"https:\/\/www.facebook.com\/voyagedelabaleine\/","og_image":[{"width":1089,"height":1453,"url":"https:\/\/voyagedelabaleine.fr\/wp-content\/uploads\/2026\/04\/ensemble-bebe-body-bloomer-vert-4.jpg","type":"image\/jpeg"}],"twitter_card":"summary_large_image","twitter_misc":{"Tiempo de lectura":"2 minuto"},"schema":{"@context":"https:\/\/schema.org","@graph":[{"@type":"WebPage","@id":"https:\/\/voyagedelabaleine.fr\/es\/producto\/conjunto-de-body-con-cuello-de-cuadros-pequenos-y-bombacho-a-juego-verde-blanco\/","url":"https:\/\/voyagedelabaleine.fr\/es\/producto\/conjunto-de-body-con-cuello-de-cuadros-pequenos-y-bombacho-a-juego-verde-blanco\/","name":"Conjunto de body con cuello de cuadros peque\u00f1os y bombacho a juego - Verde\/blanco - Voyage de la Baleine","isPartOf":{"@id":"https:\/\/voyagedelabaleine.fr\/es\/#website"},"primaryImageOfPage":{"@id":"https:\/\/voyagedelabaleine.fr\/es\/producto\/conjunto-de-body-con-cuello-de-cuadros-pequenos-y-bombacho-a-juego-verde-blanco\/#primaryimage"},"image":{"@id":"https:\/\/voyagedelabaleine.fr\/es\/producto\/conjunto-de-body-con-cuello-de-cuadros-pequenos-y-bombacho-a-juego-verde-blanco\/#primaryimage"},"thumbnailUrl":"https:\/\/voyagedelabaleine.fr\/wp-content\/uploads\/2026\/04\/ensemble-bebe-body-bloomer-vert-4.jpg","datePublished":"2026-04-22T08:11:23+00:00","description":"Nuestro conjunto de body con cuello de cuadros peque\u00f1os y bombacho a juego \u2013 verde\/blanco viste al beb\u00e9 con delicadeza y frescura. Fabricado en Espa\u00f1a.","breadcrumb":{"@id":"https:\/\/voyagedelabaleine.fr\/es\/producto\/conjunto-de-body-con-cuello-de-cuadros-pequenos-y-bombacho-a-juego-verde-blanco\/#breadcrumb"},"inLanguage":"es","potentialAction":[{"@type":"ReadAction","target":["https:\/\/voyagedelabaleine.fr\/es\/producto\/conjunto-de-body-con-cuello-de-cuadros-pequenos-y-bombacho-a-juego-verde-blanco\/"]}]},{"@type":"ImageObject","inLanguage":"es","@id":"https:\/\/voyagedelabaleine.fr\/es\/producto\/conjunto-de-body-con-cuello-de-cuadros-pequenos-y-bombacho-a-juego-verde-blanco\/#primaryimage","url":"https:\/\/voyagedelabaleine.fr\/wp-content\/uploads\/2026\/04\/ensemble-bebe-body-bloomer-vert-4.jpg","contentUrl":"https:\/\/voyagedelabaleine.fr\/wp-content\/uploads\/2026\/04\/ensemble-bebe-body-bloomer-vert-4.jpg","width":1089,"height":1453},{"@type":"BreadcrumbList","@id":"https:\/\/voyagedelabaleine.fr\/es\/producto\/conjunto-de-body-con-cuello-de-cuadros-pequenos-y-bombacho-a-juego-verde-blanco\/#breadcrumb","itemListElement":[{"@type":"ListItem","position":1,"name":"Accueil","item":"https:\/\/voyagedelabaleine.fr\/es\/inicio\/"},{"@type":"ListItem","position":2,"name":"Tienda","item":"https:\/\/voyagedelabaleine.fr\/es\/tienda\/"},{"@type":"ListItem","position":3,"name":"Conjunto de body con cuello de cuadros peque\u00f1os y bombacho a juego &#8211; Verde\/blanco"}]},{"@type":"WebSite","@id":"https:\/\/voyagedelabaleine.fr\/es\/#website","url":"https:\/\/voyagedelabaleine.fr\/es\/","name":"Voyage de la Baleine","description":"V\u00eatements intemporels et raffin\u00e9s pour b\u00e9b\u00e9s et enfants","publisher":{"@id":"https:\/\/voyagedelabaleine.fr\/es\/#organization"},"potentialAction":[{"@type":"SearchAction","target":{"@type":"EntryPoint","urlTemplate":"https:\/\/voyagedelabaleine.fr\/es\/?s={search_term_string}"},"query-input":{"@type":"PropertyValueSpecification","valueRequired":true,"valueName":"search_term_string"}}],"inLanguage":"es"},{"@type":"Organization","@id":"https:\/\/voyagedelabaleine.fr\/es\/#organization","name":"Voyage de la Baleine","url":"https:\/\/voyagedelabaleine.fr\/es\/","logo":{"@type":"ImageObject","inLanguage":"es","@id":"https:\/\/voyagedelabaleine.fr\/es\/#\/schema\/logo\/image\/","url":"https:\/\/voyagedelabaleine.fr\/wp-content\/uploads\/2025\/06\/logo.webp","contentUrl":"https:\/\/voyagedelabaleine.fr\/wp-content\/uploads\/2025\/06\/logo.webp","width":153,"height":64,"caption":"Voyage de la Baleine"},"image":{"@id":"https:\/\/voyagedelabaleine.fr\/es\/#\/schema\/logo\/image\/"},"sameAs":["https:\/\/www.facebook.com\/voyagedelabaleine\/","https:\/\/www.instagram.com\/voyagedelabaleine\/","https:\/\/www.pinterest.fr\/Voyagedelabaleine\/"]}]}},"_links":{"self":[{"href":"https:\/\/voyagedelabaleine.fr\/es\/wp-json\/wp\/v2\/product\/42862","targetHints":{"allow":["GET"]}}],"collection":[{"href":"https:\/\/voyagedelabaleine.fr\/es\/wp-json\/wp\/v2\/product"}],"about":[{"href":"https:\/\/voyagedelabaleine.fr\/es\/wp-json\/wp\/v2\/types\/product"}],"replies":[{"embeddable":true,"href":"https:\/\/voyagedelabaleine.fr\/es\/wp-json\/wp\/v2\/comments?post=42862"}],"wp:featuredmedia":[{"embeddable":true,"href":"https:\/\/voyagedelabaleine.fr\/es\/wp-json\/wp\/v2\/media\/42665"}],"wp:attachment":[{"href":"https:\/\/voyagedelabaleine.fr\/es\/wp-json\/wp\/v2\/media?parent=42862"}],"wp:term":[{"taxonomy":"product_brand","embeddable":true,"href":"https:\/\/voyagedelabaleine.fr\/es\/wp-json\/wp\/v2\/product_brand?post=42862"},{"taxonomy":"product_cat","embeddable":true,"href":"https:\/\/voyagedelabaleine.fr\/es\/wp-json\/wp\/v2\/product_cat?post=42862"},{"taxonomy":"product_tag","embeddable":true,"href":"https:\/\/voyagedelabaleine.fr\/es\/wp-json\/wp\/v2\/product_tag?post=42862"}],"curies":[{"name":"wp","href":"https:\/\/api.w.org\/{rel}","templated":true}]}}