{"id":29614,"date":"2024-09-16T22:36:29","date_gmt":"2024-09-16T20:36:29","guid":{"rendered":"https:\/\/voyagedelabaleine.fr\/product\/maglioncino-unisex-per-neonati-a-girocollo-con-3-bottoni-pura-lana-merino-ecru\/"},"modified":"2026-01-14T22:44:32","modified_gmt":"2026-01-14T21:44:32","slug":"maglioncino-unisex-per-neonati-a-girocollo-con-3-bottoni-pura-lana-merino-ecru","status":"publish","type":"product","link":"https:\/\/voyagedelabaleine.fr\/it\/prodotto\/maglioncino-unisex-per-neonati-a-girocollo-con-3-bottoni-pura-lana-merino-ecru\/","title":{"rendered":"Maglioncino unisex per neonati a girocollo con 3 bottoni &#8211; Pura lana merino &#8211; Ecru"},"content":{"rendered":"<p>Offri il <strong>regalo di nascita ideale<\/strong> con il nostro <strong>maglioncino per neonati a girocollo in colore lana naturale<\/strong>. Questo maglioncino, realizzato con cura, \u00e8 perfetto per tenere al caldo un neonato offrendogli un comfort ottimale. Realizzato in lana merino di alta qualit\u00e0, \u00e8 morbido e traspirante, ideale per la pelle delicata dei bambini. La <strong>lana merino<\/strong> aiuta a regolare la temperatura corporea ed \u00e8 ipoallergenica, garantendo una protezione perfetta contro le irritazioni.   <\/p>\n<p>Dotato di <strong>tre bottoni sul lato del collo<\/strong>, questo maglioncino \u00e8 tanto pratico quanto elegante. Questi bottoni consentono una chiusura facile e veloce, rendendo la vestizione e la svestizione del bambino semplice e senza sforzo. Oltre al suo aspetto funzionale, i bottoni aggiungono un tocco sottilmente raffinato al design.  <\/p>\n<p>Il colore lana naturale, un <strong>bianco panna<\/strong> morbido e intramontabile, rende questo maglioncino un capo versatile che si adatta a tutti gli outfit e a tutte le occasioni. Questo colore neutro lo rende una scelta eccellente per un <strong>regalo di nascita<\/strong>, adatto sia alle piccole <strong>femminucce<\/strong> che ai piccoli <strong>maschietti<\/strong>. <\/p>\n<p><strong>Realizzato in Irlanda<\/strong> con un&#8217;artigianalit\u00e0, questo maglioncino \u00e8 allo stesso tempo elegante e <strong>durevole<\/strong>, progettato per durare nel tempo. Offrendo questo maglioncino per neonati a girocollo, scegli un <strong>regalo<\/strong> pratico, raffinato e pieno di tenerezza, che accompagner\u00e0 il bambino fin dai suoi primi giorni. <\/p>\n<p><em>Questo grazioso maglioncino \u00e8 un <strong>regalo di nascita perfetto<\/strong> per chi cerca l&#8217;equilibrio tra qualit\u00e0, comfort e tradizione.<\/em><\/p>\n<p>Scopri gli altri maglioncini irlandesi in lana merino della nostra collezione nella nostra <a href=\"https:\/\/voyagedelabaleine.fr\/it\/categorie-produit\/maglione-irlandese-neonati-bambini\/\">categoria dedicata<\/a>!<\/p>\n","protected":false},"excerpt":{"rendered":"<ul>\n<li>100% pura lana merino<\/li>\n<li>Maglioncino morbido<\/li>\n<li>Eleganti bottoni marroni sul lato del collo<\/li>\n<li>Ideale come regalo di nascita<\/li>\n<li>Prodotto in Irlanda nella Contea di Kildare<br \/>\n<em>Questo maglione veste normalmente. Scegli la tua taglia abituale.<\/em><\/li>\n<\/ul>\n","protected":false},"featured_media":14846,"comment_status":"open","ping_status":"closed","template":"","meta":{"ocean_post_layout":"","ocean_both_sidebars_style":"","ocean_both_sidebars_content_width":0,"ocean_both_sidebars_sidebars_width":0,"ocean_sidebar":"0","ocean_second_sidebar":"0","ocean_disable_margins":"enable","ocean_add_body_class":"","ocean_shortcode_before_top_bar":"","ocean_shortcode_after_top_bar":"","ocean_shortcode_before_header":"","ocean_shortcode_after_header":"","ocean_has_shortcode":"","ocean_shortcode_after_title":"","ocean_shortcode_before_footer_widgets":"","ocean_shortcode_after_footer_widgets":"","ocean_shortcode_before_footer_bottom":"","ocean_shortcode_after_footer_bottom":"","ocean_display_top_bar":"default","ocean_display_header":"default","ocean_header_style":"","ocean_center_header_left_menu":"0","ocean_custom_header_template":"0","ocean_custom_logo":0,"ocean_custom_retina_logo":0,"ocean_custom_logo_max_width":0,"ocean_custom_logo_tablet_max_width":0,"ocean_custom_logo_mobile_max_width":0,"ocean_custom_logo_max_height":0,"ocean_custom_logo_tablet_max_height":0,"ocean_custom_logo_mobile_max_height":0,"ocean_header_custom_menu":"0","ocean_menu_typo_font_family":"0","ocean_menu_typo_font_subset":"","ocean_menu_typo_font_size":0,"ocean_menu_typo_font_size_tablet":0,"ocean_menu_typo_font_size_mobile":0,"ocean_menu_typo_font_size_unit":"px","ocean_menu_typo_font_weight":"","ocean_menu_typo_font_weight_tablet":"","ocean_menu_typo_font_weight_mobile":"","ocean_menu_typo_transform":"","ocean_menu_typo_transform_tablet":"","ocean_menu_typo_transform_mobile":"","ocean_menu_typo_line_height":0,"ocean_menu_typo_line_height_tablet":0,"ocean_menu_typo_line_height_mobile":0,"ocean_menu_typo_line_height_unit":"","ocean_menu_typo_spacing":0,"ocean_menu_typo_spacing_tablet":0,"ocean_menu_typo_spacing_mobile":0,"ocean_menu_typo_spacing_unit":"","ocean_menu_link_color":"","ocean_menu_link_color_hover":"","ocean_menu_link_color_active":"","ocean_menu_link_background":"","ocean_menu_link_hover_background":"","ocean_menu_link_active_background":"","ocean_menu_social_links_bg":"","ocean_menu_social_hover_links_bg":"","ocean_menu_social_links_color":"","ocean_menu_social_hover_links_color":"","ocean_disable_title":"default","ocean_disable_heading":"default","ocean_post_title":"","ocean_post_subheading":"","ocean_post_title_style":"","ocean_post_title_background_color":"","ocean_post_title_background":0,"ocean_post_title_bg_image_position":"","ocean_post_title_bg_image_attachment":"","ocean_post_title_bg_image_repeat":"","ocean_post_title_bg_image_size":"","ocean_post_title_height":0,"ocean_post_title_bg_overlay":0.5,"ocean_post_title_bg_overlay_color":"","ocean_disable_breadcrumbs":"default","ocean_breadcrumbs_color":"","ocean_breadcrumbs_separator_color":"","ocean_breadcrumbs_links_color":"","ocean_breadcrumbs_links_hover_color":"","ocean_display_footer_widgets":"default","ocean_display_footer_bottom":"default","ocean_custom_footer_template":"0","osh_disable_topbar_sticky":"default","osh_disable_header_sticky":"default","osh_sticky_header_style":"default","osh_sticky_header_effect":"","osh_custom_sticky_logo":0,"osh_custom_retina_sticky_logo":0,"osh_custom_sticky_logo_height":0,"osh_background_color":"","osh_links_color":"","osh_links_hover_color":"","osh_links_active_color":"","osh_links_bg_color":"","osh_links_hover_bg_color":"","osh_links_active_bg_color":"","osh_menu_social_links_color":"","osh_menu_social_hover_links_color":""},"product_brand":[],"product_cat":[7030,7026,7020,6984,7006,6834,6882,6860],"product_tag":[],"class_list":{"0":"post-29614","1":"product","2":"type-product","3":"status-publish","4":"has-post-thumbnail","6":"product_cat-abbigliamento","7":"product_cat-maglione-irlandese-neonati-bambini","8":"product_cat-maglione-gilet-cardigan-nascita","9":"product_cat-maglione-gilet-cardigan-nascita-ragazza","10":"product_cat-maglione-gilet-cardigan-nascita-ragazzo","11":"product_cat-maglione-gilet-cardigan-neonata","12":"product_cat-maglione-gilet-cardigan-neonati","13":"product_cat-maglione-gilet-cardigan-neonato","15":"entry","16":"has-media","18":"first","19":"instock","20":"taxable","21":"shipping-taxable","22":"purchasable","23":"product-type-variable","24":"has-default-attributes","25":"has-rating","26":"col","27":"span_1_of_3","28":"owp-content-center","29":"owp-thumbs-layout-vertical","30":"owp-btn-big","31":"owp-tabs-layout-vertical","32":"circle-sale"},"yoast_head":"<!-- This site is optimized with the Yoast SEO plugin v27.1.1 - https:\/\/yoast.com\/product\/yoast-seo-wordpress\/ -->\n<title>Maglioncino per neonati a girocollo con 3 bottoni<\/title>\n<meta name=\"description\" content=\"Offri il regalo di nascita ideale con il nostro maglioncino per neonati a girocollo in colore lana naturale. Realizzato con passione in Irlanda.\" \/>\n<meta name=\"robots\" content=\"index, follow, max-snippet:-1, max-image-preview:large, max-video-preview:-1\" \/>\n<link rel=\"canonical\" href=\"https:\/\/voyagedelabaleine.fr\/it\/prodotto\/maglioncino-unisex-per-neonati-a-girocollo-con-3-bottoni-pura-lana-merino-ecru\/\" \/>\n<meta property=\"og:locale\" content=\"it_IT\" \/>\n<meta property=\"og:type\" content=\"article\" \/>\n<meta property=\"og:title\" content=\"Maglioncino per neonati a girocollo con 3 bottoni\" \/>\n<meta property=\"og:description\" content=\"Offri il regalo di nascita ideale con il nostro maglioncino per neonati a girocollo in colore lana naturale. Realizzato con passione in Irlanda.\" \/>\n<meta property=\"og:url\" content=\"https:\/\/voyagedelabaleine.fr\/it\/prodotto\/maglioncino-unisex-per-neonati-a-girocollo-con-3-bottoni-pura-lana-merino-ecru\/\" \/>\n<meta property=\"og:site_name\" content=\"Voyage de la Baleine\" \/>\n<meta property=\"article:publisher\" content=\"https:\/\/www.facebook.com\/voyagedelabaleine\/\" \/>\n<meta property=\"article:modified_time\" content=\"2026-01-14T21:44:32+00:00\" \/>\n<meta property=\"og:image\" content=\"https:\/\/voyagedelabaleine.fr\/wp-content\/uploads\/2024\/09\/IMG_2317-fotor-2024112614446-1-fotor-20241126153121.jpg\" \/>\n\t<meta property=\"og:image:width\" content=\"800\" \/>\n\t<meta property=\"og:image:height\" content=\"1067\" \/>\n\t<meta property=\"og:image:type\" content=\"image\/jpeg\" \/>\n<meta name=\"twitter:card\" content=\"summary_large_image\" \/>\n<meta name=\"twitter:label1\" content=\"Tempo di lettura stimato\" \/>\n\t<meta name=\"twitter:data1\" content=\"1 minuto\" \/>\n<script type=\"application\/ld+json\" class=\"yoast-schema-graph\">{\"@context\":\"https:\/\/schema.org\",\"@graph\":[{\"@type\":\"WebPage\",\"@id\":\"https:\/\/voyagedelabaleine.fr\/it\/prodotto\/maglioncino-unisex-per-neonati-a-girocollo-con-3-bottoni-pura-lana-merino-ecru\/\",\"url\":\"https:\/\/voyagedelabaleine.fr\/it\/prodotto\/maglioncino-unisex-per-neonati-a-girocollo-con-3-bottoni-pura-lana-merino-ecru\/\",\"name\":\"Maglioncino per neonati a girocollo con 3 bottoni\",\"isPartOf\":{\"@id\":\"https:\/\/voyagedelabaleine.fr\/it\/#website\"},\"primaryImageOfPage\":{\"@id\":\"https:\/\/voyagedelabaleine.fr\/it\/prodotto\/maglioncino-unisex-per-neonati-a-girocollo-con-3-bottoni-pura-lana-merino-ecru\/#primaryimage\"},\"image\":{\"@id\":\"https:\/\/voyagedelabaleine.fr\/it\/prodotto\/maglioncino-unisex-per-neonati-a-girocollo-con-3-bottoni-pura-lana-merino-ecru\/#primaryimage\"},\"thumbnailUrl\":\"https:\/\/voyagedelabaleine.fr\/wp-content\/uploads\/2024\/09\/IMG_2317-fotor-2024112614446-1-fotor-20241126153121.jpg\",\"datePublished\":\"2024-09-16T20:36:29+00:00\",\"dateModified\":\"2026-01-14T21:44:32+00:00\",\"description\":\"Offri il regalo di nascita ideale con il nostro maglioncino per neonati a girocollo in colore lana naturale. Realizzato con passione in Irlanda.\",\"breadcrumb\":{\"@id\":\"https:\/\/voyagedelabaleine.fr\/it\/prodotto\/maglioncino-unisex-per-neonati-a-girocollo-con-3-bottoni-pura-lana-merino-ecru\/#breadcrumb\"},\"inLanguage\":\"it-IT\",\"potentialAction\":[{\"@type\":\"ReadAction\",\"target\":[\"https:\/\/voyagedelabaleine.fr\/it\/prodotto\/maglioncino-unisex-per-neonati-a-girocollo-con-3-bottoni-pura-lana-merino-ecru\/\"]}]},{\"@type\":\"ImageObject\",\"inLanguage\":\"it-IT\",\"@id\":\"https:\/\/voyagedelabaleine.fr\/it\/prodotto\/maglioncino-unisex-per-neonati-a-girocollo-con-3-bottoni-pura-lana-merino-ecru\/#primaryimage\",\"url\":\"https:\/\/voyagedelabaleine.fr\/wp-content\/uploads\/2024\/09\/IMG_2317-fotor-2024112614446-1-fotor-20241126153121.jpg\",\"contentUrl\":\"https:\/\/voyagedelabaleine.fr\/wp-content\/uploads\/2024\/09\/IMG_2317-fotor-2024112614446-1-fotor-20241126153121.jpg\",\"width\":800,\"height\":1067,\"caption\":\"Pull b\u00e9b\u00e9 encolure ronde en laine m\u00e9rinos\"},{\"@type\":\"BreadcrumbList\",\"@id\":\"https:\/\/voyagedelabaleine.fr\/it\/prodotto\/maglioncino-unisex-per-neonati-a-girocollo-con-3-bottoni-pura-lana-merino-ecru\/#breadcrumb\",\"itemListElement\":[{\"@type\":\"ListItem\",\"position\":1,\"name\":\"Accueil\",\"item\":\"https:\/\/voyagedelabaleine.fr\/it\/homepage\/\"},{\"@type\":\"ListItem\",\"position\":2,\"name\":\"Tutta la collezione\",\"item\":\"https:\/\/voyagedelabaleine.fr\/it\/tutta-la-collezione\/\"},{\"@type\":\"ListItem\",\"position\":3,\"name\":\"Maglioncino unisex per neonati a girocollo con 3 bottoni &#8211; Pura lana merino &#8211; Ecru\"}]},{\"@type\":\"WebSite\",\"@id\":\"https:\/\/voyagedelabaleine.fr\/it\/#website\",\"url\":\"https:\/\/voyagedelabaleine.fr\/it\/\",\"name\":\"Voyage de la Baleine\",\"description\":\"V\u00eatements intemporels et raffin\u00e9s pour b\u00e9b\u00e9s et enfants\",\"publisher\":{\"@id\":\"https:\/\/voyagedelabaleine.fr\/it\/#organization\"},\"potentialAction\":[{\"@type\":\"SearchAction\",\"target\":{\"@type\":\"EntryPoint\",\"urlTemplate\":\"https:\/\/voyagedelabaleine.fr\/it\/?s={search_term_string}\"},\"query-input\":{\"@type\":\"PropertyValueSpecification\",\"valueRequired\":true,\"valueName\":\"search_term_string\"}}],\"inLanguage\":\"it-IT\"},{\"@type\":\"Organization\",\"@id\":\"https:\/\/voyagedelabaleine.fr\/it\/#organization\",\"name\":\"Voyage de la Baleine\",\"url\":\"https:\/\/voyagedelabaleine.fr\/it\/\",\"logo\":{\"@type\":\"ImageObject\",\"inLanguage\":\"it-IT\",\"@id\":\"https:\/\/voyagedelabaleine.fr\/it\/#\/schema\/logo\/image\/\",\"url\":\"https:\/\/voyagedelabaleine.fr\/wp-content\/uploads\/2025\/06\/logo.webp\",\"contentUrl\":\"https:\/\/voyagedelabaleine.fr\/wp-content\/uploads\/2025\/06\/logo.webp\",\"width\":153,\"height\":64,\"caption\":\"Voyage de la Baleine\"},\"image\":{\"@id\":\"https:\/\/voyagedelabaleine.fr\/it\/#\/schema\/logo\/image\/\"},\"sameAs\":[\"https:\/\/www.facebook.com\/voyagedelabaleine\/\",\"https:\/\/www.instagram.com\/voyagedelabaleine\/\",\"https:\/\/www.pinterest.fr\/Voyagedelabaleine\/\"]}]}<\/script>\n<!-- \/ Yoast SEO plugin. -->","yoast_head_json":{"title":"Maglioncino per neonati a girocollo con 3 bottoni","description":"Offri il regalo di nascita ideale con il nostro maglioncino per neonati a girocollo in colore lana naturale. Realizzato con passione in Irlanda.","robots":{"index":"index","follow":"follow","max-snippet":"max-snippet:-1","max-image-preview":"max-image-preview:large","max-video-preview":"max-video-preview:-1"},"canonical":"https:\/\/voyagedelabaleine.fr\/it\/prodotto\/maglioncino-unisex-per-neonati-a-girocollo-con-3-bottoni-pura-lana-merino-ecru\/","og_locale":"it_IT","og_type":"article","og_title":"Maglioncino per neonati a girocollo con 3 bottoni","og_description":"Offri il regalo di nascita ideale con il nostro maglioncino per neonati a girocollo in colore lana naturale. Realizzato con passione in Irlanda.","og_url":"https:\/\/voyagedelabaleine.fr\/it\/prodotto\/maglioncino-unisex-per-neonati-a-girocollo-con-3-bottoni-pura-lana-merino-ecru\/","og_site_name":"Voyage de la Baleine","article_publisher":"https:\/\/www.facebook.com\/voyagedelabaleine\/","article_modified_time":"2026-01-14T21:44:32+00:00","og_image":[{"width":800,"height":1067,"url":"https:\/\/voyagedelabaleine.fr\/wp-content\/uploads\/2024\/09\/IMG_2317-fotor-2024112614446-1-fotor-20241126153121.jpg","type":"image\/jpeg"}],"twitter_card":"summary_large_image","twitter_misc":{"Tempo di lettura stimato":"1 minuto"},"schema":{"@context":"https:\/\/schema.org","@graph":[{"@type":"WebPage","@id":"https:\/\/voyagedelabaleine.fr\/it\/prodotto\/maglioncino-unisex-per-neonati-a-girocollo-con-3-bottoni-pura-lana-merino-ecru\/","url":"https:\/\/voyagedelabaleine.fr\/it\/prodotto\/maglioncino-unisex-per-neonati-a-girocollo-con-3-bottoni-pura-lana-merino-ecru\/","name":"Maglioncino per neonati a girocollo con 3 bottoni","isPartOf":{"@id":"https:\/\/voyagedelabaleine.fr\/it\/#website"},"primaryImageOfPage":{"@id":"https:\/\/voyagedelabaleine.fr\/it\/prodotto\/maglioncino-unisex-per-neonati-a-girocollo-con-3-bottoni-pura-lana-merino-ecru\/#primaryimage"},"image":{"@id":"https:\/\/voyagedelabaleine.fr\/it\/prodotto\/maglioncino-unisex-per-neonati-a-girocollo-con-3-bottoni-pura-lana-merino-ecru\/#primaryimage"},"thumbnailUrl":"https:\/\/voyagedelabaleine.fr\/wp-content\/uploads\/2024\/09\/IMG_2317-fotor-2024112614446-1-fotor-20241126153121.jpg","datePublished":"2024-09-16T20:36:29+00:00","dateModified":"2026-01-14T21:44:32+00:00","description":"Offri il regalo di nascita ideale con il nostro maglioncino per neonati a girocollo in colore lana naturale. Realizzato con passione in Irlanda.","breadcrumb":{"@id":"https:\/\/voyagedelabaleine.fr\/it\/prodotto\/maglioncino-unisex-per-neonati-a-girocollo-con-3-bottoni-pura-lana-merino-ecru\/#breadcrumb"},"inLanguage":"it-IT","potentialAction":[{"@type":"ReadAction","target":["https:\/\/voyagedelabaleine.fr\/it\/prodotto\/maglioncino-unisex-per-neonati-a-girocollo-con-3-bottoni-pura-lana-merino-ecru\/"]}]},{"@type":"ImageObject","inLanguage":"it-IT","@id":"https:\/\/voyagedelabaleine.fr\/it\/prodotto\/maglioncino-unisex-per-neonati-a-girocollo-con-3-bottoni-pura-lana-merino-ecru\/#primaryimage","url":"https:\/\/voyagedelabaleine.fr\/wp-content\/uploads\/2024\/09\/IMG_2317-fotor-2024112614446-1-fotor-20241126153121.jpg","contentUrl":"https:\/\/voyagedelabaleine.fr\/wp-content\/uploads\/2024\/09\/IMG_2317-fotor-2024112614446-1-fotor-20241126153121.jpg","width":800,"height":1067,"caption":"Pull b\u00e9b\u00e9 encolure ronde en laine m\u00e9rinos"},{"@type":"BreadcrumbList","@id":"https:\/\/voyagedelabaleine.fr\/it\/prodotto\/maglioncino-unisex-per-neonati-a-girocollo-con-3-bottoni-pura-lana-merino-ecru\/#breadcrumb","itemListElement":[{"@type":"ListItem","position":1,"name":"Accueil","item":"https:\/\/voyagedelabaleine.fr\/it\/homepage\/"},{"@type":"ListItem","position":2,"name":"Tutta la collezione","item":"https:\/\/voyagedelabaleine.fr\/it\/tutta-la-collezione\/"},{"@type":"ListItem","position":3,"name":"Maglioncino unisex per neonati a girocollo con 3 bottoni &#8211; Pura lana merino &#8211; Ecru"}]},{"@type":"WebSite","@id":"https:\/\/voyagedelabaleine.fr\/it\/#website","url":"https:\/\/voyagedelabaleine.fr\/it\/","name":"Voyage de la Baleine","description":"V\u00eatements intemporels et raffin\u00e9s pour b\u00e9b\u00e9s et enfants","publisher":{"@id":"https:\/\/voyagedelabaleine.fr\/it\/#organization"},"potentialAction":[{"@type":"SearchAction","target":{"@type":"EntryPoint","urlTemplate":"https:\/\/voyagedelabaleine.fr\/it\/?s={search_term_string}"},"query-input":{"@type":"PropertyValueSpecification","valueRequired":true,"valueName":"search_term_string"}}],"inLanguage":"it-IT"},{"@type":"Organization","@id":"https:\/\/voyagedelabaleine.fr\/it\/#organization","name":"Voyage de la Baleine","url":"https:\/\/voyagedelabaleine.fr\/it\/","logo":{"@type":"ImageObject","inLanguage":"it-IT","@id":"https:\/\/voyagedelabaleine.fr\/it\/#\/schema\/logo\/image\/","url":"https:\/\/voyagedelabaleine.fr\/wp-content\/uploads\/2025\/06\/logo.webp","contentUrl":"https:\/\/voyagedelabaleine.fr\/wp-content\/uploads\/2025\/06\/logo.webp","width":153,"height":64,"caption":"Voyage de la Baleine"},"image":{"@id":"https:\/\/voyagedelabaleine.fr\/it\/#\/schema\/logo\/image\/"},"sameAs":["https:\/\/www.facebook.com\/voyagedelabaleine\/","https:\/\/www.instagram.com\/voyagedelabaleine\/","https:\/\/www.pinterest.fr\/Voyagedelabaleine\/"]}]}},"_links":{"self":[{"href":"https:\/\/voyagedelabaleine.fr\/it\/wp-json\/wp\/v2\/product\/29614","targetHints":{"allow":["GET"]}}],"collection":[{"href":"https:\/\/voyagedelabaleine.fr\/it\/wp-json\/wp\/v2\/product"}],"about":[{"href":"https:\/\/voyagedelabaleine.fr\/it\/wp-json\/wp\/v2\/types\/product"}],"replies":[{"embeddable":true,"href":"https:\/\/voyagedelabaleine.fr\/it\/wp-json\/wp\/v2\/comments?post=29614"}],"wp:featuredmedia":[{"embeddable":true,"href":"https:\/\/voyagedelabaleine.fr\/it\/wp-json\/wp\/v2\/media\/14846"}],"wp:attachment":[{"href":"https:\/\/voyagedelabaleine.fr\/it\/wp-json\/wp\/v2\/media?parent=29614"}],"wp:term":[{"taxonomy":"product_brand","embeddable":true,"href":"https:\/\/voyagedelabaleine.fr\/it\/wp-json\/wp\/v2\/product_brand?post=29614"},{"taxonomy":"product_cat","embeddable":true,"href":"https:\/\/voyagedelabaleine.fr\/it\/wp-json\/wp\/v2\/product_cat?post=29614"},{"taxonomy":"product_tag","embeddable":true,"href":"https:\/\/voyagedelabaleine.fr\/it\/wp-json\/wp\/v2\/product_tag?post=29614"}],"curies":[{"name":"wp","href":"https:\/\/api.w.org\/{rel}","templated":true}]}}