{"id":29745,"date":"2023-10-06T00:29:45","date_gmt":"2023-10-05T22:29:45","guid":{"rendered":"https:\/\/voyagedelabaleine.fr\/product\/body-neonata-con-colletto-claudine-nude\/"},"modified":"2023-10-06T00:29:45","modified_gmt":"2023-10-05T22:29:45","slug":"body-neonata-con-colletto-claudine-nude","status":"publish","type":"product","link":"https:\/\/voyagedelabaleine.fr\/it\/prodotto\/body-neonata-con-colletto-claudine-nude\/","title":{"rendered":"Body neonata con colletto Claudine &#8211; Nude"},"content":{"rendered":"<p>Vesti la tua piccola principessa con un tocco di eleganza intramontabile grazie a questo <strong>body neonata nude<\/strong> a <strong>maniche lunghe<\/strong>, impreziosito da un delicato <strong>colletto Claudine<\/strong>. Questo body femminile e classico unisce <strong>comfort<\/strong> e <strong>raffinatezza<\/strong>, offrendo al tuo prezioso beb\u00e8 un outfit morbido, raffinato e pieno di fascino. <\/p>\n<p><strong>Realizzato con cura in Spagna<\/strong>, questo capo incarna l&#8217;unione perfetta tra una <strong>qualit\u00e0 impeccabile<\/strong> e un design intramontabile. Il <strong>colletto Claudine<\/strong>, simbolo di eleganza retr\u00f2, aggiunge un tocco chic e femminile, trasformando questo body in un pezzo chiave del guardaroba del tuo beb\u00e8. Il suo design delicato e raffinato lo rende un outfit versatile, adatto a tutte le occasioni, sia per una giornata di relax a casa che per un evento pi\u00f9 formale.  <\/p>\n<p>Le <strong>maniche lunghe<\/strong> offrono un calore morbido e piacevole, garantendo al tuo beb\u00e8 un <strong>comfort ottimale<\/strong> per tutto il giorno. Questo body neonata nude \u00e8 progettato per assicurare libert\u00e0 di movimento, mantenendo la tua piccola principessa al caldo durante le giornate fresche. Realizzato in cotone di qualit\u00e0 superiore, questo capo \u00e8 delicato sulla pelle sensibile del tuo beb\u00e8, oltre ad essere <strong>resistente<\/strong> e facile da curare.  <\/p>\n<p>Scegli questo capo irrinunciabile della moda infantile, perfetto per completare tutti gli outfit del tuo beb\u00e8 con un <strong>tocco di eleganza sottile<\/strong>. Con la sua rilassante tonalit\u00e0 <strong>nude<\/strong>, si abbina facilmente ad altri capi e accessori, offrendo <strong>flessibilit\u00e0<\/strong> e uno stile incomparabile. Opta per questo body femminile ed elegante, <strong>realizzato con cura in Spagna<\/strong>, per offrire alla tua piccola principessa un capo distintivo, che unisce bellezza, comfort e benessere. Questo body diventer\u00e0 rapidamente un indispensabile del suo guardaroba, donando a ogni outfit una nota di raffinatezza.   <\/p>\n<p><em>Questo body con colletto Claudine \u00e8 disponibile anche in <a href=\"https:\/\/voyagedelabaleine.fr\/it\/product\/body-neonata-con-colletto-claudine-bianco\/\">bianco<\/a> e <a href=\"https:\/\/voyagedelabaleine.fr\/product\/body-rouge-col-claudine\/\">rosso<\/a>.<\/em><\/p>\n<p>Prodotto in Spagna.<\/p>\n","protected":false},"excerpt":{"rendered":"<ul>\n<li>Maniche lunghe<\/li>\n<li>Colletto Claudine<\/li>\n<li>Chiusura con bottoni a pressione sul retro<\/li>\n<li>Bottoni a pressione all&#8217;inguine<\/li>\n<li>100% cotone<\/li>\n<li>Fabbricato in Spagna<br \/>\n<em>Questo body veste normalmente. Scegli la tua taglia abituale.<\/em><\/li>\n<\/ul>\n","protected":false},"featured_media":16501,"comment_status":"open","ping_status":"closed","template":"","meta":{"ocean_post_layout":"","ocean_both_sidebars_style":"","ocean_both_sidebars_content_width":0,"ocean_both_sidebars_sidebars_width":0,"ocean_sidebar":"0","ocean_second_sidebar":"0","ocean_disable_margins":"enable","ocean_add_body_class":"","ocean_shortcode_before_top_bar":"","ocean_shortcode_after_top_bar":"","ocean_shortcode_before_header":"","ocean_shortcode_after_header":"","ocean_has_shortcode":"","ocean_shortcode_after_title":"","ocean_shortcode_before_footer_widgets":"","ocean_shortcode_after_footer_widgets":"","ocean_shortcode_before_footer_bottom":"","ocean_shortcode_after_footer_bottom":"","ocean_display_top_bar":"default","ocean_display_header":"default","ocean_header_style":"","ocean_center_header_left_menu":"0","ocean_custom_header_template":"0","ocean_custom_logo":0,"ocean_custom_retina_logo":0,"ocean_custom_logo_max_width":0,"ocean_custom_logo_tablet_max_width":0,"ocean_custom_logo_mobile_max_width":0,"ocean_custom_logo_max_height":0,"ocean_custom_logo_tablet_max_height":0,"ocean_custom_logo_mobile_max_height":0,"ocean_header_custom_menu":"0","ocean_menu_typo_font_family":"0","ocean_menu_typo_font_subset":"","ocean_menu_typo_font_size":0,"ocean_menu_typo_font_size_tablet":0,"ocean_menu_typo_font_size_mobile":0,"ocean_menu_typo_font_size_unit":"px","ocean_menu_typo_font_weight":"","ocean_menu_typo_font_weight_tablet":"","ocean_menu_typo_font_weight_mobile":"","ocean_menu_typo_transform":"","ocean_menu_typo_transform_tablet":"","ocean_menu_typo_transform_mobile":"","ocean_menu_typo_line_height":0,"ocean_menu_typo_line_height_tablet":0,"ocean_menu_typo_line_height_mobile":0,"ocean_menu_typo_line_height_unit":"","ocean_menu_typo_spacing":0,"ocean_menu_typo_spacing_tablet":0,"ocean_menu_typo_spacing_mobile":0,"ocean_menu_typo_spacing_unit":"","ocean_menu_link_color":"","ocean_menu_link_color_hover":"","ocean_menu_link_color_active":"","ocean_menu_link_background":"","ocean_menu_link_hover_background":"","ocean_menu_link_active_background":"","ocean_menu_social_links_bg":"","ocean_menu_social_hover_links_bg":"","ocean_menu_social_links_color":"","ocean_menu_social_hover_links_color":"","ocean_disable_title":"default","ocean_disable_heading":"default","ocean_post_title":"","ocean_post_subheading":"","ocean_post_title_style":"","ocean_post_title_background_color":"","ocean_post_title_background":0,"ocean_post_title_bg_image_position":"","ocean_post_title_bg_image_attachment":"","ocean_post_title_bg_image_repeat":"","ocean_post_title_bg_image_size":"","ocean_post_title_height":0,"ocean_post_title_bg_overlay":0.5,"ocean_post_title_bg_overlay_color":"","ocean_disable_breadcrumbs":"default","ocean_breadcrumbs_color":"","ocean_breadcrumbs_separator_color":"","ocean_breadcrumbs_links_color":"","ocean_breadcrumbs_links_hover_color":"","ocean_display_footer_widgets":"default","ocean_display_footer_bottom":"default","ocean_custom_footer_template":"0","osh_disable_topbar_sticky":"default","osh_disable_header_sticky":"default","osh_sticky_header_style":"default","osh_sticky_header_effect":"","osh_custom_sticky_logo":0,"osh_custom_retina_sticky_logo":0,"osh_custom_sticky_logo_height":0,"osh_background_color":"","osh_links_color":"","osh_links_hover_color":"","osh_links_active_color":"","osh_links_bg_color":"","osh_links_hover_bg_color":"","osh_links_active_bg_color":"","osh_menu_social_links_color":"","osh_menu_social_hover_links_color":""},"product_brand":[],"product_cat":[6806,6960,6976,6812,6824],"product_tag":[7155],"class_list":{"0":"post-29745","1":"product","2":"type-product","3":"status-publish","4":"has-post-thumbnail","6":"product_cat-body","7":"product_cat-body-nascita","8":"product_cat-body-nascita-ragazza","9":"product_cat-body-neonati","10":"product_cat-body-neonata","11":"product_tag-body","13":"entry","14":"has-media","16":"first","17":"instock","18":"featured","19":"taxable","20":"shipping-taxable","21":"purchasable","22":"product-type-variable","23":"has-default-attributes","24":"col","25":"span_1_of_3","26":"owp-content-center","27":"owp-thumbs-layout-vertical","28":"owp-btn-big","29":"owp-tabs-layout-vertical","30":"circle-sale"},"yoast_head":"<!-- This site is optimized with the Yoast SEO plugin v27.1.1 - https:\/\/yoast.com\/product\/yoast-seo-wordpress\/ -->\n<title>Body neonata nude con colletto Claudine in cotone<\/title>\n<meta name=\"description\" content=\"Body neonata nude a maniche lunghe e con colletto Claudine. Un body femminile e classico che offrir\u00e0 il massimo comfort al tuo beb\u00e8. Prodotto in Spagna.\" \/>\n<meta name=\"robots\" content=\"index, follow, max-snippet:-1, max-image-preview:large, max-video-preview:-1\" \/>\n<link rel=\"canonical\" href=\"https:\/\/voyagedelabaleine.fr\/it\/prodotto\/body-neonata-con-colletto-claudine-nude\/\" \/>\n<meta property=\"og:locale\" content=\"it_IT\" \/>\n<meta property=\"og:type\" content=\"article\" \/>\n<meta property=\"og:title\" content=\"Body neonata nude con colletto Claudine in cotone\" \/>\n<meta property=\"og:description\" content=\"Body neonata nude a maniche lunghe e con colletto Claudine. Un body femminile e classico che offrir\u00e0 il massimo comfort al tuo beb\u00e8. Prodotto in Spagna.\" \/>\n<meta property=\"og:url\" content=\"https:\/\/voyagedelabaleine.fr\/it\/prodotto\/body-neonata-con-colletto-claudine-nude\/\" \/>\n<meta property=\"og:site_name\" content=\"Voyage de la Baleine\" \/>\n<meta property=\"article:publisher\" content=\"https:\/\/www.facebook.com\/voyagedelabaleine\/\" \/>\n<meta property=\"og:image\" content=\"https:\/\/voyagedelabaleine.fr\/wp-content\/uploads\/2025\/01\/body-col-claudine-nude.jpg\" \/>\n\t<meta property=\"og:image:width\" content=\"1000\" \/>\n\t<meta property=\"og:image:height\" content=\"1332\" \/>\n\t<meta property=\"og:image:type\" content=\"image\/jpeg\" \/>\n<meta name=\"twitter:card\" content=\"summary_large_image\" \/>\n<meta name=\"twitter:label1\" content=\"Tempo di lettura stimato\" \/>\n\t<meta name=\"twitter:data1\" content=\"1 minuto\" \/>\n<script type=\"application\/ld+json\" class=\"yoast-schema-graph\">{\"@context\":\"https:\/\/schema.org\",\"@graph\":[{\"@type\":\"WebPage\",\"@id\":\"https:\/\/voyagedelabaleine.fr\/it\/prodotto\/body-neonata-con-colletto-claudine-nude\/\",\"url\":\"https:\/\/voyagedelabaleine.fr\/it\/prodotto\/body-neonata-con-colletto-claudine-nude\/\",\"name\":\"Body neonata nude con colletto Claudine in cotone\",\"isPartOf\":{\"@id\":\"https:\/\/voyagedelabaleine.fr\/it\/#website\"},\"primaryImageOfPage\":{\"@id\":\"https:\/\/voyagedelabaleine.fr\/it\/prodotto\/body-neonata-con-colletto-claudine-nude\/#primaryimage\"},\"image\":{\"@id\":\"https:\/\/voyagedelabaleine.fr\/it\/prodotto\/body-neonata-con-colletto-claudine-nude\/#primaryimage\"},\"thumbnailUrl\":\"https:\/\/voyagedelabaleine.fr\/wp-content\/uploads\/2025\/01\/body-col-claudine-nude.jpg\",\"datePublished\":\"2023-10-05T22:29:45+00:00\",\"description\":\"Body neonata nude a maniche lunghe e con colletto Claudine. Un body femminile e classico che offrir\u00e0 il massimo comfort al tuo beb\u00e8. Prodotto in Spagna.\",\"breadcrumb\":{\"@id\":\"https:\/\/voyagedelabaleine.fr\/it\/prodotto\/body-neonata-con-colletto-claudine-nude\/#breadcrumb\"},\"inLanguage\":\"it-IT\",\"potentialAction\":[{\"@type\":\"ReadAction\",\"target\":[\"https:\/\/voyagedelabaleine.fr\/it\/prodotto\/body-neonata-con-colletto-claudine-nude\/\"]}]},{\"@type\":\"ImageObject\",\"inLanguage\":\"it-IT\",\"@id\":\"https:\/\/voyagedelabaleine.fr\/it\/prodotto\/body-neonata-con-colletto-claudine-nude\/#primaryimage\",\"url\":\"https:\/\/voyagedelabaleine.fr\/wp-content\/uploads\/2025\/01\/body-col-claudine-nude.jpg\",\"contentUrl\":\"https:\/\/voyagedelabaleine.fr\/wp-content\/uploads\/2025\/01\/body-col-claudine-nude.jpg\",\"width\":1000,\"height\":1332,\"caption\":\"body b\u00e9b\u00e9 fille rose manches longues \u00e0 col claudine\"},{\"@type\":\"BreadcrumbList\",\"@id\":\"https:\/\/voyagedelabaleine.fr\/it\/prodotto\/body-neonata-con-colletto-claudine-nude\/#breadcrumb\",\"itemListElement\":[{\"@type\":\"ListItem\",\"position\":1,\"name\":\"Accueil\",\"item\":\"https:\/\/voyagedelabaleine.fr\/it\/homepage\/\"},{\"@type\":\"ListItem\",\"position\":2,\"name\":\"Tutta la collezione\",\"item\":\"https:\/\/voyagedelabaleine.fr\/it\/tutta-la-collezione\/\"},{\"@type\":\"ListItem\",\"position\":3,\"name\":\"Body neonata con colletto Claudine &#8211; Nude\"}]},{\"@type\":\"WebSite\",\"@id\":\"https:\/\/voyagedelabaleine.fr\/it\/#website\",\"url\":\"https:\/\/voyagedelabaleine.fr\/it\/\",\"name\":\"Voyage de la Baleine\",\"description\":\"V\u00eatements intemporels et raffin\u00e9s pour b\u00e9b\u00e9s et enfants\",\"publisher\":{\"@id\":\"https:\/\/voyagedelabaleine.fr\/it\/#organization\"},\"potentialAction\":[{\"@type\":\"SearchAction\",\"target\":{\"@type\":\"EntryPoint\",\"urlTemplate\":\"https:\/\/voyagedelabaleine.fr\/it\/?s={search_term_string}\"},\"query-input\":{\"@type\":\"PropertyValueSpecification\",\"valueRequired\":true,\"valueName\":\"search_term_string\"}}],\"inLanguage\":\"it-IT\"},{\"@type\":\"Organization\",\"@id\":\"https:\/\/voyagedelabaleine.fr\/it\/#organization\",\"name\":\"Voyage de la Baleine\",\"url\":\"https:\/\/voyagedelabaleine.fr\/it\/\",\"logo\":{\"@type\":\"ImageObject\",\"inLanguage\":\"it-IT\",\"@id\":\"https:\/\/voyagedelabaleine.fr\/it\/#\/schema\/logo\/image\/\",\"url\":\"https:\/\/voyagedelabaleine.fr\/wp-content\/uploads\/2025\/06\/logo.webp\",\"contentUrl\":\"https:\/\/voyagedelabaleine.fr\/wp-content\/uploads\/2025\/06\/logo.webp\",\"width\":153,\"height\":64,\"caption\":\"Voyage de la Baleine\"},\"image\":{\"@id\":\"https:\/\/voyagedelabaleine.fr\/it\/#\/schema\/logo\/image\/\"},\"sameAs\":[\"https:\/\/www.facebook.com\/voyagedelabaleine\/\",\"https:\/\/www.instagram.com\/voyagedelabaleine\/\",\"https:\/\/www.pinterest.fr\/Voyagedelabaleine\/\"]}]}<\/script>\n<!-- \/ Yoast SEO plugin. -->","yoast_head_json":{"title":"Body neonata nude con colletto Claudine in cotone","description":"Body neonata nude a maniche lunghe e con colletto Claudine. Un body femminile e classico che offrir\u00e0 il massimo comfort al tuo beb\u00e8. Prodotto in Spagna.","robots":{"index":"index","follow":"follow","max-snippet":"max-snippet:-1","max-image-preview":"max-image-preview:large","max-video-preview":"max-video-preview:-1"},"canonical":"https:\/\/voyagedelabaleine.fr\/it\/prodotto\/body-neonata-con-colletto-claudine-nude\/","og_locale":"it_IT","og_type":"article","og_title":"Body neonata nude con colletto Claudine in cotone","og_description":"Body neonata nude a maniche lunghe e con colletto Claudine. Un body femminile e classico che offrir\u00e0 il massimo comfort al tuo beb\u00e8. Prodotto in Spagna.","og_url":"https:\/\/voyagedelabaleine.fr\/it\/prodotto\/body-neonata-con-colletto-claudine-nude\/","og_site_name":"Voyage de la Baleine","article_publisher":"https:\/\/www.facebook.com\/voyagedelabaleine\/","og_image":[{"width":1000,"height":1332,"url":"https:\/\/voyagedelabaleine.fr\/wp-content\/uploads\/2025\/01\/body-col-claudine-nude.jpg","type":"image\/jpeg"}],"twitter_card":"summary_large_image","twitter_misc":{"Tempo di lettura stimato":"1 minuto"},"schema":{"@context":"https:\/\/schema.org","@graph":[{"@type":"WebPage","@id":"https:\/\/voyagedelabaleine.fr\/it\/prodotto\/body-neonata-con-colletto-claudine-nude\/","url":"https:\/\/voyagedelabaleine.fr\/it\/prodotto\/body-neonata-con-colletto-claudine-nude\/","name":"Body neonata nude con colletto Claudine in cotone","isPartOf":{"@id":"https:\/\/voyagedelabaleine.fr\/it\/#website"},"primaryImageOfPage":{"@id":"https:\/\/voyagedelabaleine.fr\/it\/prodotto\/body-neonata-con-colletto-claudine-nude\/#primaryimage"},"image":{"@id":"https:\/\/voyagedelabaleine.fr\/it\/prodotto\/body-neonata-con-colletto-claudine-nude\/#primaryimage"},"thumbnailUrl":"https:\/\/voyagedelabaleine.fr\/wp-content\/uploads\/2025\/01\/body-col-claudine-nude.jpg","datePublished":"2023-10-05T22:29:45+00:00","description":"Body neonata nude a maniche lunghe e con colletto Claudine. Un body femminile e classico che offrir\u00e0 il massimo comfort al tuo beb\u00e8. Prodotto in Spagna.","breadcrumb":{"@id":"https:\/\/voyagedelabaleine.fr\/it\/prodotto\/body-neonata-con-colletto-claudine-nude\/#breadcrumb"},"inLanguage":"it-IT","potentialAction":[{"@type":"ReadAction","target":["https:\/\/voyagedelabaleine.fr\/it\/prodotto\/body-neonata-con-colletto-claudine-nude\/"]}]},{"@type":"ImageObject","inLanguage":"it-IT","@id":"https:\/\/voyagedelabaleine.fr\/it\/prodotto\/body-neonata-con-colletto-claudine-nude\/#primaryimage","url":"https:\/\/voyagedelabaleine.fr\/wp-content\/uploads\/2025\/01\/body-col-claudine-nude.jpg","contentUrl":"https:\/\/voyagedelabaleine.fr\/wp-content\/uploads\/2025\/01\/body-col-claudine-nude.jpg","width":1000,"height":1332,"caption":"body b\u00e9b\u00e9 fille rose manches longues \u00e0 col claudine"},{"@type":"BreadcrumbList","@id":"https:\/\/voyagedelabaleine.fr\/it\/prodotto\/body-neonata-con-colletto-claudine-nude\/#breadcrumb","itemListElement":[{"@type":"ListItem","position":1,"name":"Accueil","item":"https:\/\/voyagedelabaleine.fr\/it\/homepage\/"},{"@type":"ListItem","position":2,"name":"Tutta la collezione","item":"https:\/\/voyagedelabaleine.fr\/it\/tutta-la-collezione\/"},{"@type":"ListItem","position":3,"name":"Body neonata con colletto Claudine &#8211; Nude"}]},{"@type":"WebSite","@id":"https:\/\/voyagedelabaleine.fr\/it\/#website","url":"https:\/\/voyagedelabaleine.fr\/it\/","name":"Voyage de la Baleine","description":"V\u00eatements intemporels et raffin\u00e9s pour b\u00e9b\u00e9s et enfants","publisher":{"@id":"https:\/\/voyagedelabaleine.fr\/it\/#organization"},"potentialAction":[{"@type":"SearchAction","target":{"@type":"EntryPoint","urlTemplate":"https:\/\/voyagedelabaleine.fr\/it\/?s={search_term_string}"},"query-input":{"@type":"PropertyValueSpecification","valueRequired":true,"valueName":"search_term_string"}}],"inLanguage":"it-IT"},{"@type":"Organization","@id":"https:\/\/voyagedelabaleine.fr\/it\/#organization","name":"Voyage de la Baleine","url":"https:\/\/voyagedelabaleine.fr\/it\/","logo":{"@type":"ImageObject","inLanguage":"it-IT","@id":"https:\/\/voyagedelabaleine.fr\/it\/#\/schema\/logo\/image\/","url":"https:\/\/voyagedelabaleine.fr\/wp-content\/uploads\/2025\/06\/logo.webp","contentUrl":"https:\/\/voyagedelabaleine.fr\/wp-content\/uploads\/2025\/06\/logo.webp","width":153,"height":64,"caption":"Voyage de la Baleine"},"image":{"@id":"https:\/\/voyagedelabaleine.fr\/it\/#\/schema\/logo\/image\/"},"sameAs":["https:\/\/www.facebook.com\/voyagedelabaleine\/","https:\/\/www.instagram.com\/voyagedelabaleine\/","https:\/\/www.pinterest.fr\/Voyagedelabaleine\/"]}]}},"_links":{"self":[{"href":"https:\/\/voyagedelabaleine.fr\/it\/wp-json\/wp\/v2\/product\/29745","targetHints":{"allow":["GET"]}}],"collection":[{"href":"https:\/\/voyagedelabaleine.fr\/it\/wp-json\/wp\/v2\/product"}],"about":[{"href":"https:\/\/voyagedelabaleine.fr\/it\/wp-json\/wp\/v2\/types\/product"}],"replies":[{"embeddable":true,"href":"https:\/\/voyagedelabaleine.fr\/it\/wp-json\/wp\/v2\/comments?post=29745"}],"wp:featuredmedia":[{"embeddable":true,"href":"https:\/\/voyagedelabaleine.fr\/it\/wp-json\/wp\/v2\/media\/16501"}],"wp:attachment":[{"href":"https:\/\/voyagedelabaleine.fr\/it\/wp-json\/wp\/v2\/media?parent=29745"}],"wp:term":[{"taxonomy":"product_brand","embeddable":true,"href":"https:\/\/voyagedelabaleine.fr\/it\/wp-json\/wp\/v2\/product_brand?post=29745"},{"taxonomy":"product_cat","embeddable":true,"href":"https:\/\/voyagedelabaleine.fr\/it\/wp-json\/wp\/v2\/product_cat?post=29745"},{"taxonomy":"product_tag","embeddable":true,"href":"https:\/\/voyagedelabaleine.fr\/it\/wp-json\/wp\/v2\/product_tag?post=29745"}],"curies":[{"name":"wp","href":"https:\/\/api.w.org\/{rel}","templated":true}]}}