{"id":31051,"date":"2025-01-31T16:49:47","date_gmt":"2025-01-31T15:49:47","guid":{"rendered":"https:\/\/voyagedelabaleine.fr\/product\/calzini-alti-per-neonato-traforati-con-pompon-beige\/"},"modified":"2026-01-14T23:14:06","modified_gmt":"2026-01-14T22:14:06","slug":"calzini-alti-per-neonato-traforati-con-pompon-beige","status":"publish","type":"product","link":"https:\/\/voyagedelabaleine.fr\/it\/prodotto\/calzini-alti-per-neonato-traforati-con-pompon-beige\/","title":{"rendered":"Calzini alti per neonato traforati con pompon &#8211; Beige"},"content":{"rendered":"<p>I <strong>calzini alti per neonato beige con pompon<\/strong> sono un must-have nel guardaroba del tuo neonato. Realizzati con <strong>dettagli traforati raffinati<\/strong> e un adorabile <strong>pompon<\/strong>, donano a ogni look un tocco di eleganza senza tempo. Questi calzini unisex sono adatti sia alle <strong>femminucce<\/strong> che ai <strong>maschietti<\/strong>, offrendo un comfort ottimale per tutta la giornata. Il loro design semplice ed elegante si presta a una moltitudine di outfit, sia per un&#8217;uscita in famiglia che per un&#8217;occasione speciale.   <\/p>\n<p>Realizzati in un <strong>tessuto morbido<\/strong> e piacevole, i calzini alti per neonato beige sono perfetti per tenere al caldo i piedini del tuo neonato, pur essendo <strong>leggeri e traspiranti<\/strong>. Il colore b<strong>eige<\/strong>, neutro ed elegante, si abbina facilmente a molti altri colori, aggiungendo un tocco delicato e raffinato a ogni outfit. Il pompon laterale e i dettagli traforati conferiscono a questi calzini un carattere unico, rendendo il tuo neonato ancora pi\u00f9 adorabile.  <\/p>\n<p><strong>Durevoli e pratici<\/strong>, questi calzini alti sono progettati per resistere alla prova del tempo, offrendo al tuo bambino un comfort duraturo. Sia con un vestito, un pantalone o un bloomer, questi calzini alti per neonato beige con pompon sono il complemento perfetto per completare qualsiasi outfit. <\/p>\n<p><em>Con i loro dettagli raffinati e il comfort ineguagliabile, sono l&#8217;accessorio ideale per coccolare il tuo neonato con eleganza.<\/em><\/p>\n<p>Fabbricati in Spagna.<\/p>\n","protected":false},"excerpt":{"rendered":"<ul>\n<li>Calze alte<\/li>\n<li>100% cotone mercerizzato<\/li>\n<li>Pompon decorativo<\/li>\n<li>Ideali per la primavera e l&#8217;estate<\/li>\n<li>Fabbricati in Spagna<\/li>\n<\/ul>\n","protected":false},"featured_media":16481,"comment_status":"open","ping_status":"closed","template":"","meta":{"ocean_post_layout":"","ocean_both_sidebars_style":"","ocean_both_sidebars_content_width":0,"ocean_both_sidebars_sidebars_width":0,"ocean_sidebar":"0","ocean_second_sidebar":"0","ocean_disable_margins":"enable","ocean_add_body_class":"","ocean_shortcode_before_top_bar":"","ocean_shortcode_after_top_bar":"","ocean_shortcode_before_header":"","ocean_shortcode_after_header":"","ocean_has_shortcode":"","ocean_shortcode_after_title":"","ocean_shortcode_before_footer_widgets":"","ocean_shortcode_after_footer_widgets":"","ocean_shortcode_before_footer_bottom":"","ocean_shortcode_after_footer_bottom":"","ocean_display_top_bar":"default","ocean_display_header":"default","ocean_header_style":"","ocean_center_header_left_menu":"0","ocean_custom_header_template":"0","ocean_custom_logo":0,"ocean_custom_retina_logo":0,"ocean_custom_logo_max_width":0,"ocean_custom_logo_tablet_max_width":0,"ocean_custom_logo_mobile_max_width":0,"ocean_custom_logo_max_height":0,"ocean_custom_logo_tablet_max_height":0,"ocean_custom_logo_mobile_max_height":0,"ocean_header_custom_menu":"0","ocean_menu_typo_font_family":"0","ocean_menu_typo_font_subset":"","ocean_menu_typo_font_size":0,"ocean_menu_typo_font_size_tablet":0,"ocean_menu_typo_font_size_mobile":0,"ocean_menu_typo_font_size_unit":"px","ocean_menu_typo_font_weight":"","ocean_menu_typo_font_weight_tablet":"","ocean_menu_typo_font_weight_mobile":"","ocean_menu_typo_transform":"","ocean_menu_typo_transform_tablet":"","ocean_menu_typo_transform_mobile":"","ocean_menu_typo_line_height":0,"ocean_menu_typo_line_height_tablet":0,"ocean_menu_typo_line_height_mobile":0,"ocean_menu_typo_line_height_unit":"","ocean_menu_typo_spacing":0,"ocean_menu_typo_spacing_tablet":0,"ocean_menu_typo_spacing_mobile":0,"ocean_menu_typo_spacing_unit":"","ocean_menu_link_color":"","ocean_menu_link_color_hover":"","ocean_menu_link_color_active":"","ocean_menu_link_background":"","ocean_menu_link_hover_background":"","ocean_menu_link_active_background":"","ocean_menu_social_links_bg":"","ocean_menu_social_hover_links_bg":"","ocean_menu_social_links_color":"","ocean_menu_social_hover_links_color":"","ocean_disable_title":"default","ocean_disable_heading":"default","ocean_post_title":"","ocean_post_subheading":"","ocean_post_title_style":"","ocean_post_title_background_color":"","ocean_post_title_background":0,"ocean_post_title_bg_image_position":"","ocean_post_title_bg_image_attachment":"","ocean_post_title_bg_image_repeat":"","ocean_post_title_bg_image_size":"","ocean_post_title_height":0,"ocean_post_title_bg_overlay":0.5,"ocean_post_title_bg_overlay_color":"","ocean_disable_breadcrumbs":"default","ocean_breadcrumbs_color":"","ocean_breadcrumbs_separator_color":"","ocean_breadcrumbs_links_color":"","ocean_breadcrumbs_links_hover_color":"","ocean_display_footer_widgets":"default","ocean_display_footer_bottom":"default","ocean_custom_footer_template":"0","osh_disable_topbar_sticky":"default","osh_disable_header_sticky":"default","osh_sticky_header_style":"default","osh_sticky_header_effect":"","osh_custom_sticky_logo":0,"osh_custom_retina_sticky_logo":0,"osh_custom_sticky_logo_height":0,"osh_background_color":"","osh_links_color":"","osh_links_hover_color":"","osh_links_active_color":"","osh_links_bg_color":"","osh_links_hover_bg_color":"","osh_links_active_bg_color":"","osh_menu_social_links_color":"","osh_menu_social_hover_links_color":""},"product_brand":[],"product_cat":[6888,6962,6978,7002,6902,6894,6918,6826,6852],"product_tag":[],"class_list":{"0":"post-31051","1":"product","2":"type-product","3":"status-publish","4":"has-post-thumbnail","6":"product_cat-calze-collant-neonati-bambini","7":"product_cat-calzini-collant-nascita","8":"product_cat-calzini-collant-nascita-ragazza","9":"product_cat-calzini-collant-nascita-ragazzo-2","10":"product_cat-calzini-collant-bambina","11":"product_cat-calzini-collant-bambini","12":"product_cat-calzini-collant-bambino","13":"product_cat-calzini-collant-neonata","14":"product_cat-calzini-collant-neonato","16":"entry","17":"has-media","19":"first","20":"instock","21":"taxable","22":"shipping-taxable","23":"purchasable","24":"product-type-variable","25":"has-default-attributes","26":"has-rating","27":"col","28":"span_1_of_3","29":"owp-content-center","30":"owp-thumbs-layout-vertical","31":"owp-btn-big","32":"owp-tabs-layout-vertical","33":"circle-sale"},"yoast_head":"<!-- This site is optimized with the Yoast SEO plugin v27.1.1 - https:\/\/yoast.com\/product\/yoast-seo-wordpress\/ -->\n<title>calzini alti per neonato beige con pompon traforati<\/title>\n<meta name=\"description\" content=\"I nostri calzini alti per neonato beige traforati con pompon sono un vero tocco di eleganza e comfort per il tuo piccolo tesoro. Fabbricati in Spagna.\" \/>\n<meta name=\"robots\" content=\"index, follow, max-snippet:-1, max-image-preview:large, max-video-preview:-1\" \/>\n<link rel=\"canonical\" href=\"https:\/\/voyagedelabaleine.fr\/it\/prodotto\/calzini-alti-per-neonato-traforati-con-pompon-beige\/\" \/>\n<meta property=\"og:locale\" content=\"it_IT\" \/>\n<meta property=\"og:type\" content=\"article\" \/>\n<meta property=\"og:title\" content=\"calzini alti per neonato beige con pompon traforati\" \/>\n<meta property=\"og:description\" content=\"I nostri calzini alti per neonato beige traforati con pompon sono un vero tocco di eleganza e comfort per il tuo piccolo tesoro. Fabbricati in Spagna.\" \/>\n<meta property=\"og:url\" content=\"https:\/\/voyagedelabaleine.fr\/it\/prodotto\/calzini-alti-per-neonato-traforati-con-pompon-beige\/\" \/>\n<meta property=\"og:site_name\" content=\"Voyage de la Baleine\" \/>\n<meta property=\"article:publisher\" content=\"https:\/\/www.facebook.com\/voyagedelabaleine\/\" \/>\n<meta property=\"article:modified_time\" content=\"2026-01-14T22:14:06+00:00\" \/>\n<meta property=\"og:image\" content=\"https:\/\/voyagedelabaleine.fr\/wp-content\/uploads\/2025\/01\/chaussette-hautes-ajourees-bebe-pompon-beige.jpg\" \/>\n\t<meta property=\"og:image:width\" content=\"1150\" \/>\n\t<meta property=\"og:image:height\" content=\"1532\" \/>\n\t<meta property=\"og:image:type\" content=\"image\/jpeg\" \/>\n<meta name=\"twitter:card\" content=\"summary_large_image\" \/>\n<meta name=\"twitter:label1\" content=\"Tempo di lettura stimato\" \/>\n\t<meta name=\"twitter:data1\" content=\"1 minuto\" \/>\n<script type=\"application\/ld+json\" class=\"yoast-schema-graph\">{\"@context\":\"https:\/\/schema.org\",\"@graph\":[{\"@type\":\"WebPage\",\"@id\":\"https:\/\/voyagedelabaleine.fr\/it\/prodotto\/calzini-alti-per-neonato-traforati-con-pompon-beige\/\",\"url\":\"https:\/\/voyagedelabaleine.fr\/it\/prodotto\/calzini-alti-per-neonato-traforati-con-pompon-beige\/\",\"name\":\"calzini alti per neonato beige con pompon traforati\",\"isPartOf\":{\"@id\":\"https:\/\/voyagedelabaleine.fr\/it\/#website\"},\"primaryImageOfPage\":{\"@id\":\"https:\/\/voyagedelabaleine.fr\/it\/prodotto\/calzini-alti-per-neonato-traforati-con-pompon-beige\/#primaryimage\"},\"image\":{\"@id\":\"https:\/\/voyagedelabaleine.fr\/it\/prodotto\/calzini-alti-per-neonato-traforati-con-pompon-beige\/#primaryimage\"},\"thumbnailUrl\":\"https:\/\/voyagedelabaleine.fr\/wp-content\/uploads\/2025\/01\/chaussette-hautes-ajourees-bebe-pompon-beige.jpg\",\"datePublished\":\"2025-01-31T15:49:47+00:00\",\"dateModified\":\"2026-01-14T22:14:06+00:00\",\"description\":\"I nostri calzini alti per neonato beige traforati con pompon sono un vero tocco di eleganza e comfort per il tuo piccolo tesoro. Fabbricati in Spagna.\",\"breadcrumb\":{\"@id\":\"https:\/\/voyagedelabaleine.fr\/it\/prodotto\/calzini-alti-per-neonato-traforati-con-pompon-beige\/#breadcrumb\"},\"inLanguage\":\"it-IT\",\"potentialAction\":[{\"@type\":\"ReadAction\",\"target\":[\"https:\/\/voyagedelabaleine.fr\/it\/prodotto\/calzini-alti-per-neonato-traforati-con-pompon-beige\/\"]}]},{\"@type\":\"ImageObject\",\"inLanguage\":\"it-IT\",\"@id\":\"https:\/\/voyagedelabaleine.fr\/it\/prodotto\/calzini-alti-per-neonato-traforati-con-pompon-beige\/#primaryimage\",\"url\":\"https:\/\/voyagedelabaleine.fr\/wp-content\/uploads\/2025\/01\/chaussette-hautes-ajourees-bebe-pompon-beige.jpg\",\"contentUrl\":\"https:\/\/voyagedelabaleine.fr\/wp-content\/uploads\/2025\/01\/chaussette-hautes-ajourees-bebe-pompon-beige.jpg\",\"width\":1150,\"height\":1532,\"caption\":\"chaussettes hautes b\u00e9b\u00e9 beiges \u00e0 pompon\"},{\"@type\":\"BreadcrumbList\",\"@id\":\"https:\/\/voyagedelabaleine.fr\/it\/prodotto\/calzini-alti-per-neonato-traforati-con-pompon-beige\/#breadcrumb\",\"itemListElement\":[{\"@type\":\"ListItem\",\"position\":1,\"name\":\"Accueil\",\"item\":\"https:\/\/voyagedelabaleine.fr\/it\/homepage\/\"},{\"@type\":\"ListItem\",\"position\":2,\"name\":\"Tutta la collezione\",\"item\":\"https:\/\/voyagedelabaleine.fr\/it\/tutta-la-collezione\/\"},{\"@type\":\"ListItem\",\"position\":3,\"name\":\"Calzini alti per neonato traforati con pompon &#8211; Beige\"}]},{\"@type\":\"WebSite\",\"@id\":\"https:\/\/voyagedelabaleine.fr\/it\/#website\",\"url\":\"https:\/\/voyagedelabaleine.fr\/it\/\",\"name\":\"Voyage de la Baleine\",\"description\":\"V\u00eatements intemporels et raffin\u00e9s pour b\u00e9b\u00e9s et enfants\",\"publisher\":{\"@id\":\"https:\/\/voyagedelabaleine.fr\/it\/#organization\"},\"potentialAction\":[{\"@type\":\"SearchAction\",\"target\":{\"@type\":\"EntryPoint\",\"urlTemplate\":\"https:\/\/voyagedelabaleine.fr\/it\/?s={search_term_string}\"},\"query-input\":{\"@type\":\"PropertyValueSpecification\",\"valueRequired\":true,\"valueName\":\"search_term_string\"}}],\"inLanguage\":\"it-IT\"},{\"@type\":\"Organization\",\"@id\":\"https:\/\/voyagedelabaleine.fr\/it\/#organization\",\"name\":\"Voyage de la Baleine\",\"url\":\"https:\/\/voyagedelabaleine.fr\/it\/\",\"logo\":{\"@type\":\"ImageObject\",\"inLanguage\":\"it-IT\",\"@id\":\"https:\/\/voyagedelabaleine.fr\/it\/#\/schema\/logo\/image\/\",\"url\":\"https:\/\/voyagedelabaleine.fr\/wp-content\/uploads\/2025\/06\/logo.webp\",\"contentUrl\":\"https:\/\/voyagedelabaleine.fr\/wp-content\/uploads\/2025\/06\/logo.webp\",\"width\":153,\"height\":64,\"caption\":\"Voyage de la Baleine\"},\"image\":{\"@id\":\"https:\/\/voyagedelabaleine.fr\/it\/#\/schema\/logo\/image\/\"},\"sameAs\":[\"https:\/\/www.facebook.com\/voyagedelabaleine\/\",\"https:\/\/www.instagram.com\/voyagedelabaleine\/\",\"https:\/\/www.pinterest.fr\/Voyagedelabaleine\/\"]}]}<\/script>\n<!-- \/ Yoast SEO plugin. -->","yoast_head_json":{"title":"calzini alti per neonato beige con pompon traforati","description":"I nostri calzini alti per neonato beige traforati con pompon sono un vero tocco di eleganza e comfort per il tuo piccolo tesoro. Fabbricati in Spagna.","robots":{"index":"index","follow":"follow","max-snippet":"max-snippet:-1","max-image-preview":"max-image-preview:large","max-video-preview":"max-video-preview:-1"},"canonical":"https:\/\/voyagedelabaleine.fr\/it\/prodotto\/calzini-alti-per-neonato-traforati-con-pompon-beige\/","og_locale":"it_IT","og_type":"article","og_title":"calzini alti per neonato beige con pompon traforati","og_description":"I nostri calzini alti per neonato beige traforati con pompon sono un vero tocco di eleganza e comfort per il tuo piccolo tesoro. Fabbricati in Spagna.","og_url":"https:\/\/voyagedelabaleine.fr\/it\/prodotto\/calzini-alti-per-neonato-traforati-con-pompon-beige\/","og_site_name":"Voyage de la Baleine","article_publisher":"https:\/\/www.facebook.com\/voyagedelabaleine\/","article_modified_time":"2026-01-14T22:14:06+00:00","og_image":[{"width":1150,"height":1532,"url":"https:\/\/voyagedelabaleine.fr\/wp-content\/uploads\/2025\/01\/chaussette-hautes-ajourees-bebe-pompon-beige.jpg","type":"image\/jpeg"}],"twitter_card":"summary_large_image","twitter_misc":{"Tempo di lettura stimato":"1 minuto"},"schema":{"@context":"https:\/\/schema.org","@graph":[{"@type":"WebPage","@id":"https:\/\/voyagedelabaleine.fr\/it\/prodotto\/calzini-alti-per-neonato-traforati-con-pompon-beige\/","url":"https:\/\/voyagedelabaleine.fr\/it\/prodotto\/calzini-alti-per-neonato-traforati-con-pompon-beige\/","name":"calzini alti per neonato beige con pompon traforati","isPartOf":{"@id":"https:\/\/voyagedelabaleine.fr\/it\/#website"},"primaryImageOfPage":{"@id":"https:\/\/voyagedelabaleine.fr\/it\/prodotto\/calzini-alti-per-neonato-traforati-con-pompon-beige\/#primaryimage"},"image":{"@id":"https:\/\/voyagedelabaleine.fr\/it\/prodotto\/calzini-alti-per-neonato-traforati-con-pompon-beige\/#primaryimage"},"thumbnailUrl":"https:\/\/voyagedelabaleine.fr\/wp-content\/uploads\/2025\/01\/chaussette-hautes-ajourees-bebe-pompon-beige.jpg","datePublished":"2025-01-31T15:49:47+00:00","dateModified":"2026-01-14T22:14:06+00:00","description":"I nostri calzini alti per neonato beige traforati con pompon sono un vero tocco di eleganza e comfort per il tuo piccolo tesoro. Fabbricati in Spagna.","breadcrumb":{"@id":"https:\/\/voyagedelabaleine.fr\/it\/prodotto\/calzini-alti-per-neonato-traforati-con-pompon-beige\/#breadcrumb"},"inLanguage":"it-IT","potentialAction":[{"@type":"ReadAction","target":["https:\/\/voyagedelabaleine.fr\/it\/prodotto\/calzini-alti-per-neonato-traforati-con-pompon-beige\/"]}]},{"@type":"ImageObject","inLanguage":"it-IT","@id":"https:\/\/voyagedelabaleine.fr\/it\/prodotto\/calzini-alti-per-neonato-traforati-con-pompon-beige\/#primaryimage","url":"https:\/\/voyagedelabaleine.fr\/wp-content\/uploads\/2025\/01\/chaussette-hautes-ajourees-bebe-pompon-beige.jpg","contentUrl":"https:\/\/voyagedelabaleine.fr\/wp-content\/uploads\/2025\/01\/chaussette-hautes-ajourees-bebe-pompon-beige.jpg","width":1150,"height":1532,"caption":"chaussettes hautes b\u00e9b\u00e9 beiges \u00e0 pompon"},{"@type":"BreadcrumbList","@id":"https:\/\/voyagedelabaleine.fr\/it\/prodotto\/calzini-alti-per-neonato-traforati-con-pompon-beige\/#breadcrumb","itemListElement":[{"@type":"ListItem","position":1,"name":"Accueil","item":"https:\/\/voyagedelabaleine.fr\/it\/homepage\/"},{"@type":"ListItem","position":2,"name":"Tutta la collezione","item":"https:\/\/voyagedelabaleine.fr\/it\/tutta-la-collezione\/"},{"@type":"ListItem","position":3,"name":"Calzini alti per neonato traforati con pompon &#8211; Beige"}]},{"@type":"WebSite","@id":"https:\/\/voyagedelabaleine.fr\/it\/#website","url":"https:\/\/voyagedelabaleine.fr\/it\/","name":"Voyage de la Baleine","description":"V\u00eatements intemporels et raffin\u00e9s pour b\u00e9b\u00e9s et enfants","publisher":{"@id":"https:\/\/voyagedelabaleine.fr\/it\/#organization"},"potentialAction":[{"@type":"SearchAction","target":{"@type":"EntryPoint","urlTemplate":"https:\/\/voyagedelabaleine.fr\/it\/?s={search_term_string}"},"query-input":{"@type":"PropertyValueSpecification","valueRequired":true,"valueName":"search_term_string"}}],"inLanguage":"it-IT"},{"@type":"Organization","@id":"https:\/\/voyagedelabaleine.fr\/it\/#organization","name":"Voyage de la Baleine","url":"https:\/\/voyagedelabaleine.fr\/it\/","logo":{"@type":"ImageObject","inLanguage":"it-IT","@id":"https:\/\/voyagedelabaleine.fr\/it\/#\/schema\/logo\/image\/","url":"https:\/\/voyagedelabaleine.fr\/wp-content\/uploads\/2025\/06\/logo.webp","contentUrl":"https:\/\/voyagedelabaleine.fr\/wp-content\/uploads\/2025\/06\/logo.webp","width":153,"height":64,"caption":"Voyage de la Baleine"},"image":{"@id":"https:\/\/voyagedelabaleine.fr\/it\/#\/schema\/logo\/image\/"},"sameAs":["https:\/\/www.facebook.com\/voyagedelabaleine\/","https:\/\/www.instagram.com\/voyagedelabaleine\/","https:\/\/www.pinterest.fr\/Voyagedelabaleine\/"]}]}},"_links":{"self":[{"href":"https:\/\/voyagedelabaleine.fr\/it\/wp-json\/wp\/v2\/product\/31051","targetHints":{"allow":["GET"]}}],"collection":[{"href":"https:\/\/voyagedelabaleine.fr\/it\/wp-json\/wp\/v2\/product"}],"about":[{"href":"https:\/\/voyagedelabaleine.fr\/it\/wp-json\/wp\/v2\/types\/product"}],"replies":[{"embeddable":true,"href":"https:\/\/voyagedelabaleine.fr\/it\/wp-json\/wp\/v2\/comments?post=31051"}],"wp:featuredmedia":[{"embeddable":true,"href":"https:\/\/voyagedelabaleine.fr\/it\/wp-json\/wp\/v2\/media\/16481"}],"wp:attachment":[{"href":"https:\/\/voyagedelabaleine.fr\/it\/wp-json\/wp\/v2\/media?parent=31051"}],"wp:term":[{"taxonomy":"product_brand","embeddable":true,"href":"https:\/\/voyagedelabaleine.fr\/it\/wp-json\/wp\/v2\/product_brand?post=31051"},{"taxonomy":"product_cat","embeddable":true,"href":"https:\/\/voyagedelabaleine.fr\/it\/wp-json\/wp\/v2\/product_cat?post=31051"},{"taxonomy":"product_tag","embeddable":true,"href":"https:\/\/voyagedelabaleine.fr\/it\/wp-json\/wp\/v2\/product_tag?post=31051"}],"curies":[{"name":"wp","href":"https:\/\/api.w.org\/{rel}","templated":true}]}}