{"id":31060,"date":"2024-09-16T15:43:32","date_gmt":"2024-09-16T13:43:32","guid":{"rendered":"https:\/\/voyagedelabaleine.fr\/product\/maglioncino-neonato-maschio-con-zip-pura-lana-merino-verde\/"},"modified":"2026-01-14T23:15:10","modified_gmt":"2026-01-14T22:15:10","slug":"maglioncino-neonato-maschio-con-zip-pura-lana-merino-verde","status":"publish","type":"product","link":"https:\/\/voyagedelabaleine.fr\/it\/prodotto\/maglioncino-neonato-maschio-con-zip-pura-lana-merino-verde\/","title":{"rendered":"Maglioncino neonato maschio con zip &#8211; Pura lana merino &#8211; Verde"},"content":{"rendered":"<p>Fai scoprire al tuo bambino il massimo comfort con il nostro <strong>maglioncino neonato verde con zip in lana merino<\/strong>, un capo irrinunciabile per le giornate fresche. <strong>Lavorato<\/strong> <strong>con cura in Irlanda,<\/strong> questo maglioncino \u00e8 realizzato in lana merino di alta qualit\u00e0, un materiale naturale riconosciuto per la sua eccezionale morbidezza e le sue propriet\u00e0 termoregolatrici. Oltre a tenere il tuo bambino al caldo, permette una regolazione ottimale della temperatura corporea, evitando cos\u00ec qualsiasi sensazione di disagio. <\/p>\n<p>La <strong>zip in vera pelle<\/strong>, finemente integrata sulla parte anteriore del maglioncino, unisce eleganza e praticit\u00e0. Grazie a questa zip, vestire o svestire il tuo bambino diventa un gioco da ragazzi. Questo dettaglio in pelle aggiunge anche un tocco di raffinatezza, rendendo questo maglioncino unico e chic.  <\/p>\n<p>La <strong>tonalit\u00e0 verde<\/strong> si ispira ai paesaggi lussureggianti dell&#8217;Irlanda, evocando la natura e la freschezza. Questo verde intenso \u00e8 allo stesso tempo rilassante e facile da abbinare a diversi outfit, creando cos\u00ec un<strong> look raffinato<\/strong> e senza tempo per il tuo bambino. Progettato per offrire grande libert\u00e0 di movimento, questo maglioncino \u00e8 perfetto anche per i bambini attivi che esplorano il mondo rimanendo sempre al caldo.  <\/p>\n<p>Ogni maglioncino \u00e8 prodotto in Irlanda, nei laboratori di West End Knitwear, dove <strong>tradizione e artigianato<\/strong> si tramandano di generazione in generazione. Scegliendo questo maglioncino, offri al tuo bambino non solo un capo confortevole, ma anche un prodotto di qualit\u00e0 eccezionale, realizzato con cura e rispetto delle tradizioni artigianali irlandesi. Questo maglioncino neonato verde con zip in lana merino \u00e8 l&#8217;alleanza perfetta tra stile, comfort e durabilit\u00e0.  <\/p>\n<p><em>Questo maglioncino con zip \u00e8 disponibile anche nel colore <a href=\"https:\/\/voyagedelabaleine.fr\/it\/product\/maglioncino-neonato-con-zip-pura-lana-merino-ecru\/\">lana naturale<\/a>.<\/em><\/p>\n","protected":false},"excerpt":{"rendered":"<ul>\n<li>100% pura lana merino<\/li>\n<li>Maglioncino morbido<\/li>\n<li>Maglioncino a collo leggermente alto<\/li>\n<li>Chiuso da una zip in pelle sul davanti<\/li>\n<li>Prodotto in Irlanda nella Contea di Kildare<br \/>\n<em>Questo maglione veste normalmente. Scegli la tua taglia abituale.<\/em><\/li>\n<\/ul>\n","protected":false},"featured_media":16877,"comment_status":"open","ping_status":"closed","template":"","meta":{"ocean_post_layout":"","ocean_both_sidebars_style":"","ocean_both_sidebars_content_width":0,"ocean_both_sidebars_sidebars_width":0,"ocean_sidebar":"0","ocean_second_sidebar":"0","ocean_disable_margins":"enable","ocean_add_body_class":"","ocean_shortcode_before_top_bar":"","ocean_shortcode_after_top_bar":"","ocean_shortcode_before_header":"","ocean_shortcode_after_header":"","ocean_has_shortcode":"","ocean_shortcode_after_title":"","ocean_shortcode_before_footer_widgets":"","ocean_shortcode_after_footer_widgets":"","ocean_shortcode_before_footer_bottom":"","ocean_shortcode_after_footer_bottom":"","ocean_display_top_bar":"default","ocean_display_header":"default","ocean_header_style":"","ocean_center_header_left_menu":"0","ocean_custom_header_template":"0","ocean_custom_logo":0,"ocean_custom_retina_logo":0,"ocean_custom_logo_max_width":0,"ocean_custom_logo_tablet_max_width":0,"ocean_custom_logo_mobile_max_width":0,"ocean_custom_logo_max_height":0,"ocean_custom_logo_tablet_max_height":0,"ocean_custom_logo_mobile_max_height":0,"ocean_header_custom_menu":"0","ocean_menu_typo_font_family":"0","ocean_menu_typo_font_subset":"","ocean_menu_typo_font_size":0,"ocean_menu_typo_font_size_tablet":0,"ocean_menu_typo_font_size_mobile":0,"ocean_menu_typo_font_size_unit":"px","ocean_menu_typo_font_weight":"","ocean_menu_typo_font_weight_tablet":"","ocean_menu_typo_font_weight_mobile":"","ocean_menu_typo_transform":"","ocean_menu_typo_transform_tablet":"","ocean_menu_typo_transform_mobile":"","ocean_menu_typo_line_height":0,"ocean_menu_typo_line_height_tablet":0,"ocean_menu_typo_line_height_mobile":0,"ocean_menu_typo_line_height_unit":"","ocean_menu_typo_spacing":0,"ocean_menu_typo_spacing_tablet":0,"ocean_menu_typo_spacing_mobile":0,"ocean_menu_typo_spacing_unit":"","ocean_menu_link_color":"","ocean_menu_link_color_hover":"","ocean_menu_link_color_active":"","ocean_menu_link_background":"","ocean_menu_link_hover_background":"","ocean_menu_link_active_background":"","ocean_menu_social_links_bg":"","ocean_menu_social_hover_links_bg":"","ocean_menu_social_links_color":"","ocean_menu_social_hover_links_color":"","ocean_disable_title":"default","ocean_disable_heading":"default","ocean_post_title":"","ocean_post_subheading":"","ocean_post_title_style":"","ocean_post_title_background_color":"","ocean_post_title_background":0,"ocean_post_title_bg_image_position":"","ocean_post_title_bg_image_attachment":"","ocean_post_title_bg_image_repeat":"","ocean_post_title_bg_image_size":"","ocean_post_title_height":0,"ocean_post_title_bg_overlay":0.5,"ocean_post_title_bg_overlay_color":"","ocean_disable_breadcrumbs":"default","ocean_breadcrumbs_color":"","ocean_breadcrumbs_separator_color":"","ocean_breadcrumbs_links_color":"","ocean_breadcrumbs_links_hover_color":"","ocean_display_footer_widgets":"default","ocean_display_footer_bottom":"default","ocean_custom_footer_template":"0","osh_disable_topbar_sticky":"default","osh_disable_header_sticky":"default","osh_sticky_header_style":"default","osh_sticky_header_effect":"","osh_custom_sticky_logo":0,"osh_custom_retina_sticky_logo":0,"osh_custom_sticky_logo_height":0,"osh_background_color":"","osh_links_color":"","osh_links_hover_color":"","osh_links_active_color":"","osh_links_bg_color":"","osh_links_hover_bg_color":"","osh_links_active_bg_color":"","osh_menu_social_links_color":"","osh_menu_social_hover_links_color":""},"product_brand":[],"product_cat":[7030,7026,6948,6930,6882,6860],"product_tag":[],"class_list":{"0":"post-31060","1":"product","2":"type-product","3":"status-publish","4":"has-post-thumbnail","6":"product_cat-abbigliamento","7":"product_cat-maglione-irlandese-neonati-bambini","8":"product_cat-maglione-gilet-cardigan-bambini","9":"product_cat-maglione-gilet-cardigan-bambino","10":"product_cat-maglione-gilet-cardigan-neonati","11":"product_cat-maglione-gilet-cardigan-neonato","13":"entry","14":"has-media","16":"first","17":"instock","18":"taxable","19":"shipping-taxable","20":"purchasable","21":"product-type-variable","22":"has-default-attributes","23":"has-rating","24":"col","25":"span_1_of_3","26":"owp-content-center","27":"owp-thumbs-layout-vertical","28":"owp-btn-big","29":"owp-tabs-layout-vertical","30":"circle-sale"},"yoast_head":"<!-- This site is optimized with the Yoast SEO plugin v27.1.1 - https:\/\/yoast.com\/product\/yoast-seo-wordpress\/ -->\n<title>Maglioncino neonato verde con zip in lana merino<\/title>\n<meta name=\"description\" content=\"Fai scoprire al tuo bambino il massimo comfort con il nostro maglioncino neonato verde con zip in lana merino, un capo irrinunciabile. Prodotto in Irlanda.\" \/>\n<meta name=\"robots\" content=\"index, follow, max-snippet:-1, max-image-preview:large, max-video-preview:-1\" \/>\n<link rel=\"canonical\" href=\"https:\/\/voyagedelabaleine.fr\/it\/prodotto\/maglioncino-neonato-maschio-con-zip-pura-lana-merino-verde\/\" \/>\n<meta property=\"og:locale\" content=\"it_IT\" \/>\n<meta property=\"og:type\" content=\"article\" \/>\n<meta property=\"og:title\" content=\"Maglioncino neonato verde con zip in lana merino\" \/>\n<meta property=\"og:description\" content=\"Fai scoprire al tuo bambino il massimo comfort con il nostro maglioncino neonato verde con zip in lana merino, un capo irrinunciabile. Prodotto in Irlanda.\" \/>\n<meta property=\"og:url\" content=\"https:\/\/voyagedelabaleine.fr\/it\/prodotto\/maglioncino-neonato-maschio-con-zip-pura-lana-merino-verde\/\" \/>\n<meta property=\"og:site_name\" content=\"Voyage de la Baleine\" \/>\n<meta property=\"article:publisher\" content=\"https:\/\/www.facebook.com\/voyagedelabaleine\/\" \/>\n<meta property=\"article:modified_time\" content=\"2026-01-14T22:15:10+00:00\" \/>\n<meta property=\"og:image\" content=\"https:\/\/voyagedelabaleine.fr\/wp-content\/uploads\/2025\/02\/pull-bebe-laine-merinos-vert-zip.jpg\" \/>\n\t<meta property=\"og:image:width\" content=\"1000\" \/>\n\t<meta property=\"og:image:height\" content=\"1333\" \/>\n\t<meta property=\"og:image:type\" content=\"image\/jpeg\" \/>\n<meta name=\"twitter:card\" content=\"summary_large_image\" \/>\n<meta name=\"twitter:label1\" content=\"Tempo di lettura stimato\" \/>\n\t<meta name=\"twitter:data1\" content=\"1 minuto\" \/>\n<script type=\"application\/ld+json\" class=\"yoast-schema-graph\">{\"@context\":\"https:\/\/schema.org\",\"@graph\":[{\"@type\":\"WebPage\",\"@id\":\"https:\/\/voyagedelabaleine.fr\/it\/prodotto\/maglioncino-neonato-maschio-con-zip-pura-lana-merino-verde\/\",\"url\":\"https:\/\/voyagedelabaleine.fr\/it\/prodotto\/maglioncino-neonato-maschio-con-zip-pura-lana-merino-verde\/\",\"name\":\"Maglioncino neonato verde con zip in lana merino\",\"isPartOf\":{\"@id\":\"https:\/\/voyagedelabaleine.fr\/it\/#website\"},\"primaryImageOfPage\":{\"@id\":\"https:\/\/voyagedelabaleine.fr\/it\/prodotto\/maglioncino-neonato-maschio-con-zip-pura-lana-merino-verde\/#primaryimage\"},\"image\":{\"@id\":\"https:\/\/voyagedelabaleine.fr\/it\/prodotto\/maglioncino-neonato-maschio-con-zip-pura-lana-merino-verde\/#primaryimage\"},\"thumbnailUrl\":\"https:\/\/voyagedelabaleine.fr\/wp-content\/uploads\/2025\/02\/pull-bebe-laine-merinos-vert-zip.jpg\",\"datePublished\":\"2024-09-16T13:43:32+00:00\",\"dateModified\":\"2026-01-14T22:15:10+00:00\",\"description\":\"Fai scoprire al tuo bambino il massimo comfort con il nostro maglioncino neonato verde con zip in lana merino, un capo irrinunciabile. Prodotto in Irlanda.\",\"breadcrumb\":{\"@id\":\"https:\/\/voyagedelabaleine.fr\/it\/prodotto\/maglioncino-neonato-maschio-con-zip-pura-lana-merino-verde\/#breadcrumb\"},\"inLanguage\":\"it-IT\",\"potentialAction\":[{\"@type\":\"ReadAction\",\"target\":[\"https:\/\/voyagedelabaleine.fr\/it\/prodotto\/maglioncino-neonato-maschio-con-zip-pura-lana-merino-verde\/\"]}]},{\"@type\":\"ImageObject\",\"inLanguage\":\"it-IT\",\"@id\":\"https:\/\/voyagedelabaleine.fr\/it\/prodotto\/maglioncino-neonato-maschio-con-zip-pura-lana-merino-verde\/#primaryimage\",\"url\":\"https:\/\/voyagedelabaleine.fr\/wp-content\/uploads\/2025\/02\/pull-bebe-laine-merinos-vert-zip.jpg\",\"contentUrl\":\"https:\/\/voyagedelabaleine.fr\/wp-content\/uploads\/2025\/02\/pull-bebe-laine-merinos-vert-zip.jpg\",\"width\":1000,\"height\":1333,\"caption\":\"Pull b\u00e9b\u00e9 vert \u00e0 zip en laine m\u00e9rinos port\u00e9 par un b\u00e9b\u00e9\"},{\"@type\":\"BreadcrumbList\",\"@id\":\"https:\/\/voyagedelabaleine.fr\/it\/prodotto\/maglioncino-neonato-maschio-con-zip-pura-lana-merino-verde\/#breadcrumb\",\"itemListElement\":[{\"@type\":\"ListItem\",\"position\":1,\"name\":\"Accueil\",\"item\":\"https:\/\/voyagedelabaleine.fr\/it\/homepage\/\"},{\"@type\":\"ListItem\",\"position\":2,\"name\":\"Tutta la collezione\",\"item\":\"https:\/\/voyagedelabaleine.fr\/it\/tutta-la-collezione\/\"},{\"@type\":\"ListItem\",\"position\":3,\"name\":\"Maglioncino neonato maschio con zip &#8211; Pura lana merino &#8211; Verde\"}]},{\"@type\":\"WebSite\",\"@id\":\"https:\/\/voyagedelabaleine.fr\/it\/#website\",\"url\":\"https:\/\/voyagedelabaleine.fr\/it\/\",\"name\":\"Voyage de la Baleine\",\"description\":\"V\u00eatements intemporels et raffin\u00e9s pour b\u00e9b\u00e9s et enfants\",\"publisher\":{\"@id\":\"https:\/\/voyagedelabaleine.fr\/it\/#organization\"},\"potentialAction\":[{\"@type\":\"SearchAction\",\"target\":{\"@type\":\"EntryPoint\",\"urlTemplate\":\"https:\/\/voyagedelabaleine.fr\/it\/?s={search_term_string}\"},\"query-input\":{\"@type\":\"PropertyValueSpecification\",\"valueRequired\":true,\"valueName\":\"search_term_string\"}}],\"inLanguage\":\"it-IT\"},{\"@type\":\"Organization\",\"@id\":\"https:\/\/voyagedelabaleine.fr\/it\/#organization\",\"name\":\"Voyage de la Baleine\",\"url\":\"https:\/\/voyagedelabaleine.fr\/it\/\",\"logo\":{\"@type\":\"ImageObject\",\"inLanguage\":\"it-IT\",\"@id\":\"https:\/\/voyagedelabaleine.fr\/it\/#\/schema\/logo\/image\/\",\"url\":\"https:\/\/voyagedelabaleine.fr\/wp-content\/uploads\/2025\/06\/logo.webp\",\"contentUrl\":\"https:\/\/voyagedelabaleine.fr\/wp-content\/uploads\/2025\/06\/logo.webp\",\"width\":153,\"height\":64,\"caption\":\"Voyage de la Baleine\"},\"image\":{\"@id\":\"https:\/\/voyagedelabaleine.fr\/it\/#\/schema\/logo\/image\/\"},\"sameAs\":[\"https:\/\/www.facebook.com\/voyagedelabaleine\/\",\"https:\/\/www.instagram.com\/voyagedelabaleine\/\",\"https:\/\/www.pinterest.fr\/Voyagedelabaleine\/\"]}]}<\/script>\n<!-- \/ Yoast SEO plugin. -->","yoast_head_json":{"title":"Maglioncino neonato verde con zip in lana merino","description":"Fai scoprire al tuo bambino il massimo comfort con il nostro maglioncino neonato verde con zip in lana merino, un capo irrinunciabile. Prodotto in Irlanda.","robots":{"index":"index","follow":"follow","max-snippet":"max-snippet:-1","max-image-preview":"max-image-preview:large","max-video-preview":"max-video-preview:-1"},"canonical":"https:\/\/voyagedelabaleine.fr\/it\/prodotto\/maglioncino-neonato-maschio-con-zip-pura-lana-merino-verde\/","og_locale":"it_IT","og_type":"article","og_title":"Maglioncino neonato verde con zip in lana merino","og_description":"Fai scoprire al tuo bambino il massimo comfort con il nostro maglioncino neonato verde con zip in lana merino, un capo irrinunciabile. Prodotto in Irlanda.","og_url":"https:\/\/voyagedelabaleine.fr\/it\/prodotto\/maglioncino-neonato-maschio-con-zip-pura-lana-merino-verde\/","og_site_name":"Voyage de la Baleine","article_publisher":"https:\/\/www.facebook.com\/voyagedelabaleine\/","article_modified_time":"2026-01-14T22:15:10+00:00","og_image":[{"width":1000,"height":1333,"url":"https:\/\/voyagedelabaleine.fr\/wp-content\/uploads\/2025\/02\/pull-bebe-laine-merinos-vert-zip.jpg","type":"image\/jpeg"}],"twitter_card":"summary_large_image","twitter_misc":{"Tempo di lettura stimato":"1 minuto"},"schema":{"@context":"https:\/\/schema.org","@graph":[{"@type":"WebPage","@id":"https:\/\/voyagedelabaleine.fr\/it\/prodotto\/maglioncino-neonato-maschio-con-zip-pura-lana-merino-verde\/","url":"https:\/\/voyagedelabaleine.fr\/it\/prodotto\/maglioncino-neonato-maschio-con-zip-pura-lana-merino-verde\/","name":"Maglioncino neonato verde con zip in lana merino","isPartOf":{"@id":"https:\/\/voyagedelabaleine.fr\/it\/#website"},"primaryImageOfPage":{"@id":"https:\/\/voyagedelabaleine.fr\/it\/prodotto\/maglioncino-neonato-maschio-con-zip-pura-lana-merino-verde\/#primaryimage"},"image":{"@id":"https:\/\/voyagedelabaleine.fr\/it\/prodotto\/maglioncino-neonato-maschio-con-zip-pura-lana-merino-verde\/#primaryimage"},"thumbnailUrl":"https:\/\/voyagedelabaleine.fr\/wp-content\/uploads\/2025\/02\/pull-bebe-laine-merinos-vert-zip.jpg","datePublished":"2024-09-16T13:43:32+00:00","dateModified":"2026-01-14T22:15:10+00:00","description":"Fai scoprire al tuo bambino il massimo comfort con il nostro maglioncino neonato verde con zip in lana merino, un capo irrinunciabile. Prodotto in Irlanda.","breadcrumb":{"@id":"https:\/\/voyagedelabaleine.fr\/it\/prodotto\/maglioncino-neonato-maschio-con-zip-pura-lana-merino-verde\/#breadcrumb"},"inLanguage":"it-IT","potentialAction":[{"@type":"ReadAction","target":["https:\/\/voyagedelabaleine.fr\/it\/prodotto\/maglioncino-neonato-maschio-con-zip-pura-lana-merino-verde\/"]}]},{"@type":"ImageObject","inLanguage":"it-IT","@id":"https:\/\/voyagedelabaleine.fr\/it\/prodotto\/maglioncino-neonato-maschio-con-zip-pura-lana-merino-verde\/#primaryimage","url":"https:\/\/voyagedelabaleine.fr\/wp-content\/uploads\/2025\/02\/pull-bebe-laine-merinos-vert-zip.jpg","contentUrl":"https:\/\/voyagedelabaleine.fr\/wp-content\/uploads\/2025\/02\/pull-bebe-laine-merinos-vert-zip.jpg","width":1000,"height":1333,"caption":"Pull b\u00e9b\u00e9 vert \u00e0 zip en laine m\u00e9rinos port\u00e9 par un b\u00e9b\u00e9"},{"@type":"BreadcrumbList","@id":"https:\/\/voyagedelabaleine.fr\/it\/prodotto\/maglioncino-neonato-maschio-con-zip-pura-lana-merino-verde\/#breadcrumb","itemListElement":[{"@type":"ListItem","position":1,"name":"Accueil","item":"https:\/\/voyagedelabaleine.fr\/it\/homepage\/"},{"@type":"ListItem","position":2,"name":"Tutta la collezione","item":"https:\/\/voyagedelabaleine.fr\/it\/tutta-la-collezione\/"},{"@type":"ListItem","position":3,"name":"Maglioncino neonato maschio con zip &#8211; Pura lana merino &#8211; Verde"}]},{"@type":"WebSite","@id":"https:\/\/voyagedelabaleine.fr\/it\/#website","url":"https:\/\/voyagedelabaleine.fr\/it\/","name":"Voyage de la Baleine","description":"V\u00eatements intemporels et raffin\u00e9s pour b\u00e9b\u00e9s et enfants","publisher":{"@id":"https:\/\/voyagedelabaleine.fr\/it\/#organization"},"potentialAction":[{"@type":"SearchAction","target":{"@type":"EntryPoint","urlTemplate":"https:\/\/voyagedelabaleine.fr\/it\/?s={search_term_string}"},"query-input":{"@type":"PropertyValueSpecification","valueRequired":true,"valueName":"search_term_string"}}],"inLanguage":"it-IT"},{"@type":"Organization","@id":"https:\/\/voyagedelabaleine.fr\/it\/#organization","name":"Voyage de la Baleine","url":"https:\/\/voyagedelabaleine.fr\/it\/","logo":{"@type":"ImageObject","inLanguage":"it-IT","@id":"https:\/\/voyagedelabaleine.fr\/it\/#\/schema\/logo\/image\/","url":"https:\/\/voyagedelabaleine.fr\/wp-content\/uploads\/2025\/06\/logo.webp","contentUrl":"https:\/\/voyagedelabaleine.fr\/wp-content\/uploads\/2025\/06\/logo.webp","width":153,"height":64,"caption":"Voyage de la Baleine"},"image":{"@id":"https:\/\/voyagedelabaleine.fr\/it\/#\/schema\/logo\/image\/"},"sameAs":["https:\/\/www.facebook.com\/voyagedelabaleine\/","https:\/\/www.instagram.com\/voyagedelabaleine\/","https:\/\/www.pinterest.fr\/Voyagedelabaleine\/"]}]}},"_links":{"self":[{"href":"https:\/\/voyagedelabaleine.fr\/it\/wp-json\/wp\/v2\/product\/31060","targetHints":{"allow":["GET"]}}],"collection":[{"href":"https:\/\/voyagedelabaleine.fr\/it\/wp-json\/wp\/v2\/product"}],"about":[{"href":"https:\/\/voyagedelabaleine.fr\/it\/wp-json\/wp\/v2\/types\/product"}],"replies":[{"embeddable":true,"href":"https:\/\/voyagedelabaleine.fr\/it\/wp-json\/wp\/v2\/comments?post=31060"}],"wp:featuredmedia":[{"embeddable":true,"href":"https:\/\/voyagedelabaleine.fr\/it\/wp-json\/wp\/v2\/media\/16877"}],"wp:attachment":[{"href":"https:\/\/voyagedelabaleine.fr\/it\/wp-json\/wp\/v2\/media?parent=31060"}],"wp:term":[{"taxonomy":"product_brand","embeddable":true,"href":"https:\/\/voyagedelabaleine.fr\/it\/wp-json\/wp\/v2\/product_brand?post=31060"},{"taxonomy":"product_cat","embeddable":true,"href":"https:\/\/voyagedelabaleine.fr\/it\/wp-json\/wp\/v2\/product_cat?post=31060"},{"taxonomy":"product_tag","embeddable":true,"href":"https:\/\/voyagedelabaleine.fr\/it\/wp-json\/wp\/v2\/product_tag?post=31060"}],"curies":[{"name":"wp","href":"https:\/\/api.w.org\/{rel}","templated":true}]}}